{"id":89868,"date":"2026-02-26T09:32:32","date_gmt":"2026-02-26T07:32:32","guid":{"rendered":"https:\/\/kidsplay.lt\/produktas\/axi-roxy-nest-medines-supynes-rudos\/"},"modified":"2026-04-13T15:09:45","modified_gmt":"2026-04-13T12:09:45","slug":"axi-roxy-nest-medines-supynes-rudos","status":"publish","type":"product","link":"https:\/\/kidsplay.lt\/lv\/products\/axi-roxy-nest-medines-supynes-rudos\/","title":{"rendered":"AXI Roxy Nest koka \u0161\u016bpoles, br\u016bnas"},"content":{"rendered":"<p>\u201eAXI\u201c\u00a0rudos\u00a0spalvos medin\u0117s s\u016bpyn\u0117s \u201eRoxy Nest\u201c\u00a0susideda i\u0161 vien\u0173 s\u016bpyni\u0173. D\u0117l plataus s\u016bpyni\u0173 plo\u010dio jos, kaip ir bet kuris kitas \u201eAxi\u201c gaminys, daugel\u012f met\u0173 gali suteikti nepamir\u0161tam\u0173 akimirk\u0173, praleist\u0173 lauke, juoko ir linksmybi\u0173. Jos<br \/>\npagamintos\u00a0i\u0161 auk\u0161tos kokyb\u0117s med\u017eio masyvo\u00a0, naudojant metalinius ir plastikinius komponentus.<br \/>\nMedin\u0117s s\u016bpyn\u0117s sukurtos taip, kad jas b\u016bt\u0173 galima surinkti savaranki\u0161kai.<br \/>\nMediniai komponentai yra sertifikuoti FSC, o tai \u012frodo\u00a0, kad mi\u0161kininkyst\u0117s gamybos procesuose ir gamyboje i\u0161 atsinaujinan\u010di\u0173 \u0161altini\u0173 naudojamos medienos\u00a0laikomasi ekologini\u0173 princip\u0173 .<\/p>","protected":false},"excerpt":{"rendered":"<p>\u201eAXI\u201c\u00a0rudos\u00a0spalvos medin\u0117s s\u016bpyn\u0117s \u201eRoxy Nest\u201c\u00a0susideda i\u0161 vien\u0173 s\u016bpyni\u0173. D\u0117l plataus s\u016bpyni\u0173 plo\u010dio jos, kaip ir bet kuris kitas \u201eAxi\u201c gaminys,<\/p>","protected":false},"featured_media":62675,"template":"","meta":{"_acf_changed":false,"_glsr_average":0,"_glsr_ranking":0,"_glsr_reviews":0},"product_brand":[],"product_cat":[233,232],"product_tag":[],"class_list":{"0":"post-89868","1":"product","2":"type-product","3":"status-publish","4":"has-post-thumbnail","6":"product_cat-lauko-pramogos","7":"product_cat-supynes","8":"\"style=\"background-color: #2ecc711c;\"","10":"first","11":"instock","12":"purchasable","13":"product-type-simple"},"acf":[],"yoast_head":"<!-- This site is optimized with the Yoast SEO plugin v27.4 - https:\/\/yoast.com\/product\/yoast-seo-wordpress\/ -->\n<title>AXI Roxy Nest medin\u0117s s\u016bpyn\u0117s, rudos<\/title>\n<meta name=\"description\" content=\"AXI Roxy Nest medin\u0117s s\u016bpyn\u0117s, rudos - KidsPlay. Did\u017eiausias vaik\u0173 \u017eaisl\u0173 pasirinkimas.\" \/>\n<meta name=\"robots\" content=\"index, follow, max-snippet:-1, max-image-preview:large, max-video-preview:-1\" \/>\n<link rel=\"canonical\" href=\"https:\/\/kidsplay.lt\/lv\/products\/axi-roxy-nest-medines-supynes-rudos\/\" \/>\n<meta property=\"og:locale\" content=\"lv_LV\" \/>\n<meta property=\"og:type\" content=\"article\" \/>\n<meta property=\"og:title\" content=\"AXI Roxy Nest medin\u0117s s\u016bpyn\u0117s, rudos\" \/>\n<meta property=\"og:description\" content=\"AXI Roxy Nest medin\u0117s s\u016bpyn\u0117s, rudos - KidsPlay. Did\u017eiausias vaik\u0173 \u017eaisl\u0173 pasirinkimas.\" \/>\n<meta property=\"og:url\" content=\"https:\/\/kidsplay.lt\/lv\/products\/axi-roxy-nest-medines-supynes-rudos\/\" \/>\n<meta property=\"og:site_name\" content=\"KidsPlay\" \/>\n<meta property=\"article:publisher\" content=\"https:\/\/www.facebook.com\/www.kidsplay.lt\" \/>\n<meta property=\"article:modified_time\" content=\"2026-04-13T12:09:45+00:00\" \/>\n<meta property=\"og:image\" content=\"https:\/\/kidsplay.lt\/wp-content\/uploads\/2025\/09\/AXI-Roxy-Nest-medines-supynes-rudos.jpg\" \/>\n\t<meta property=\"og:image:width\" content=\"800\" \/>\n\t<meta property=\"og:image:height\" content=\"800\" \/>\n\t<meta property=\"og:image:type\" content=\"image\/jpeg\" \/>\n<meta name=\"twitter:card\" content=\"summary_large_image\" \/>\n<script type=\"application\/ld+json\" class=\"yoast-schema-graph\">{\"@context\":\"https:\\\/\\\/schema.org\",\"@graph\":[{\"@type\":\"WebPage\",\"@id\":\"https:\\\/\\\/kidsplay.lt\\\/produktas\\\/axi-roxy-nest-medines-supynes-rudos\\\/\",\"url\":\"https:\\\/\\\/kidsplay.lt\\\/produktas\\\/axi-roxy-nest-medines-supynes-rudos\\\/\",\"name\":\"AXI Roxy Nest medin\u0117s s\u016bpyn\u0117s, rudos\",\"isPartOf\":{\"@id\":\"https:\\\/\\\/kidsplay.lt\\\/#website\"},\"primaryImageOfPage\":{\"@id\":\"https:\\\/\\\/kidsplay.lt\\\/produktas\\\/axi-roxy-nest-medines-supynes-rudos\\\/#primaryimage\"},\"image\":{\"@id\":\"https:\\\/\\\/kidsplay.lt\\\/produktas\\\/axi-roxy-nest-medines-supynes-rudos\\\/#primaryimage\"},\"thumbnailUrl\":\"https:\\\/\\\/kidsplay.lt\\\/wp-content\\\/uploads\\\/2025\\\/09\\\/AXI-Roxy-Nest-medines-supynes-rudos.jpg\",\"datePublished\":\"2026-02-26T07:32:32+00:00\",\"dateModified\":\"2026-04-13T12:09:45+00:00\",\"description\":\"AXI Roxy Nest medin\u0117s s\u016bpyn\u0117s, rudos - KidsPlay. Did\u017eiausias vaik\u0173 \u017eaisl\u0173 pasirinkimas.\",\"breadcrumb\":{\"@id\":\"https:\\\/\\\/kidsplay.lt\\\/produktas\\\/axi-roxy-nest-medines-supynes-rudos\\\/#breadcrumb\"},\"inLanguage\":\"lv-LV\",\"potentialAction\":[{\"@type\":\"ReadAction\",\"target\":[\"https:\\\/\\\/kidsplay.lt\\\/produktas\\\/axi-roxy-nest-medines-supynes-rudos\\\/\"]}]},{\"@type\":\"ImageObject\",\"inLanguage\":\"lv-LV\",\"@id\":\"https:\\\/\\\/kidsplay.lt\\\/produktas\\\/axi-roxy-nest-medines-supynes-rudos\\\/#primaryimage\",\"url\":\"https:\\\/\\\/kidsplay.lt\\\/wp-content\\\/uploads\\\/2025\\\/09\\\/AXI-Roxy-Nest-medines-supynes-rudos.jpg\",\"contentUrl\":\"https:\\\/\\\/kidsplay.lt\\\/wp-content\\\/uploads\\\/2025\\\/09\\\/AXI-Roxy-Nest-medines-supynes-rudos.jpg\",\"width\":800,\"height\":800,\"caption\":\"AXI Roxy Nest medin\u0117s s\u016bpyn\u0117s\"},{\"@type\":\"BreadcrumbList\",\"@id\":\"https:\\\/\\\/kidsplay.lt\\\/produktas\\\/axi-roxy-nest-medines-supynes-rudos\\\/#breadcrumb\",\"itemListElement\":[{\"@type\":\"ListItem\",\"position\":1,\"name\":\"Pagrindinis\",\"item\":\"https:\\\/\\\/kidsplay.lt\\\/\"},{\"@type\":\"ListItem\",\"position\":2,\"name\":\"Parduotuv\u0117\",\"item\":\"https:\\\/\\\/kidsplay.lt\\\/parduotuve\\\/\"},{\"@type\":\"ListItem\",\"position\":3,\"name\":\"AXI Roxy Nest medin\u0117s s\u016bpyn\u0117s, rudos\"}]},{\"@type\":\"WebSite\",\"@id\":\"https:\\\/\\\/kidsplay.lt\\\/#website\",\"url\":\"https:\\\/\\\/kidsplay.lt\\\/\",\"name\":\"Kidsplay.lt\",\"description\":\"\u012evairios prek\u0117s vaikams\",\"publisher\":{\"@id\":\"https:\\\/\\\/kidsplay.lt\\\/#organization\"},\"alternateName\":\"Kidsplay\",\"potentialAction\":[{\"@type\":\"SearchAction\",\"target\":{\"@type\":\"EntryPoint\",\"urlTemplate\":\"https:\\\/\\\/kidsplay.lt\\\/?s={search_term_string}\"},\"query-input\":{\"@type\":\"PropertyValueSpecification\",\"valueRequired\":true,\"valueName\":\"search_term_string\"}}],\"inLanguage\":\"lv-LV\"},{\"@type\":\"Organization\",\"@id\":\"https:\\\/\\\/kidsplay.lt\\\/#organization\",\"name\":\"KidsPlay\",\"url\":\"https:\\\/\\\/kidsplay.lt\\\/\",\"logo\":{\"@type\":\"ImageObject\",\"inLanguage\":\"lv-LV\",\"@id\":\"https:\\\/\\\/kidsplay.lt\\\/#\\\/schema\\\/logo\\\/image\\\/\",\"url\":\"https:\\\/\\\/kidsplay.lt\\\/wp-content\\\/uploads\\\/2023\\\/07\\\/kidsplay-logo.png\",\"contentUrl\":\"https:\\\/\\\/kidsplay.lt\\\/wp-content\\\/uploads\\\/2023\\\/07\\\/kidsplay-logo.png\",\"width\":451,\"height\":98,\"caption\":\"KidsPlay\"},\"image\":{\"@id\":\"https:\\\/\\\/kidsplay.lt\\\/#\\\/schema\\\/logo\\\/image\\\/\"},\"sameAs\":[\"https:\\\/\\\/www.facebook.com\\\/www.kidsplay.lt\"]}]}<\/script>\n<!-- \/ Yoast SEO plugin. -->","yoast_head_json":{"title":"AXI Roxy Nest koka \u0161\u016bpoles, br\u016bnas","description":"AXI Roxy Nest medin\u0117s s\u016bpyn\u0117s, rudos - KidsPlay. Did\u017eiausias vaik\u0173 \u017eaisl\u0173 pasirinkimas.","robots":{"index":"index","follow":"follow","max-snippet":"max-snippet:-1","max-image-preview":"max-image-preview:large","max-video-preview":"max-video-preview:-1"},"canonical":"https:\/\/kidsplay.lt\/lv\/products\/axi-roxy-nest-medines-supynes-rudos\/","og_locale":"lv_LV","og_type":"article","og_title":"AXI Roxy Nest medin\u0117s s\u016bpyn\u0117s, rudos","og_description":"AXI Roxy Nest medin\u0117s s\u016bpyn\u0117s, rudos - KidsPlay. Did\u017eiausias vaik\u0173 \u017eaisl\u0173 pasirinkimas.","og_url":"https:\/\/kidsplay.lt\/lv\/products\/axi-roxy-nest-medines-supynes-rudos\/","og_site_name":"KidsPlay","article_publisher":"https:\/\/www.facebook.com\/www.kidsplay.lt","article_modified_time":"2026-04-13T12:09:45+00:00","og_image":[{"width":800,"height":800,"url":"https:\/\/kidsplay.lt\/wp-content\/uploads\/2025\/09\/AXI-Roxy-Nest-medines-supynes-rudos.jpg","type":"image\/jpeg"}],"twitter_card":"summary_large_image","schema":{"@context":"https:\/\/schema.org","@graph":[{"@type":"WebPage","@id":"https:\/\/kidsplay.lt\/produktas\/axi-roxy-nest-medines-supynes-rudos\/","url":"https:\/\/kidsplay.lt\/produktas\/axi-roxy-nest-medines-supynes-rudos\/","name":"AXI Roxy Nest koka \u0161\u016bpoles, br\u016bnas","isPartOf":{"@id":"https:\/\/kidsplay.lt\/#website"},"primaryImageOfPage":{"@id":"https:\/\/kidsplay.lt\/produktas\/axi-roxy-nest-medines-supynes-rudos\/#primaryimage"},"image":{"@id":"https:\/\/kidsplay.lt\/produktas\/axi-roxy-nest-medines-supynes-rudos\/#primaryimage"},"thumbnailUrl":"https:\/\/kidsplay.lt\/wp-content\/uploads\/2025\/09\/AXI-Roxy-Nest-medines-supynes-rudos.jpg","datePublished":"2026-02-26T07:32:32+00:00","dateModified":"2026-04-13T12:09:45+00:00","description":"AXI Roxy Nest medin\u0117s s\u016bpyn\u0117s, rudos - KidsPlay. Did\u017eiausias vaik\u0173 \u017eaisl\u0173 pasirinkimas.","breadcrumb":{"@id":"https:\/\/kidsplay.lt\/produktas\/axi-roxy-nest-medines-supynes-rudos\/#breadcrumb"},"inLanguage":"lv-LV","potentialAction":[{"@type":"ReadAction","target":["https:\/\/kidsplay.lt\/produktas\/axi-roxy-nest-medines-supynes-rudos\/"]}]},{"@type":"ImageObject","inLanguage":"lv-LV","@id":"https:\/\/kidsplay.lt\/produktas\/axi-roxy-nest-medines-supynes-rudos\/#primaryimage","url":"https:\/\/kidsplay.lt\/wp-content\/uploads\/2025\/09\/AXI-Roxy-Nest-medines-supynes-rudos.jpg","contentUrl":"https:\/\/kidsplay.lt\/wp-content\/uploads\/2025\/09\/AXI-Roxy-Nest-medines-supynes-rudos.jpg","width":800,"height":800,"caption":"AXI Roxy Nest medin\u0117s s\u016bpyn\u0117s"},{"@type":"BreadcrumbList","@id":"https:\/\/kidsplay.lt\/produktas\/axi-roxy-nest-medines-supynes-rudos\/#breadcrumb","itemListElement":[{"@type":"ListItem","position":1,"name":"Pagrindinis","item":"https:\/\/kidsplay.lt\/"},{"@type":"ListItem","position":2,"name":"Parduotuv\u0117","item":"https:\/\/kidsplay.lt\/parduotuve\/"},{"@type":"ListItem","position":3,"name":"AXI Roxy Nest medin\u0117s s\u016bpyn\u0117s, rudos"}]},{"@type":"WebSite","@id":"https:\/\/kidsplay.lt\/#website","url":"https:\/\/kidsplay.lt\/","name":"B\u0113rnu sp\u0113les.lv","description":"\u012evairios prek\u0117s vaikams","publisher":{"@id":"https:\/\/kidsplay.lt\/#organization"},"alternateName":"Kidsplay","potentialAction":[{"@type":"SearchAction","target":{"@type":"EntryPoint","urlTemplate":"https:\/\/kidsplay.lt\/?s={search_term_string}"},"query-input":{"@type":"PropertyValueSpecification","valueRequired":true,"valueName":"search_term_string"}}],"inLanguage":"lv-LV"},{"@type":"Organization","@id":"https:\/\/kidsplay.lt\/#organization","name":"B\u0113rnu sp\u0113le","url":"https:\/\/kidsplay.lt\/","logo":{"@type":"ImageObject","inLanguage":"lv-LV","@id":"https:\/\/kidsplay.lt\/#\/schema\/logo\/image\/","url":"https:\/\/kidsplay.lt\/wp-content\/uploads\/2023\/07\/kidsplay-logo.png","contentUrl":"https:\/\/kidsplay.lt\/wp-content\/uploads\/2023\/07\/kidsplay-logo.png","width":451,"height":98,"caption":"KidsPlay"},"image":{"@id":"https:\/\/kidsplay.lt\/#\/schema\/logo\/image\/"},"sameAs":["https:\/\/www.facebook.com\/www.kidsplay.lt"]}]}},"_links":{"self":[{"href":"https:\/\/kidsplay.lt\/lv\/wp-json\/wp\/v2\/product\/89868","targetHints":{"allow":["GET"]}}],"collection":[{"href":"https:\/\/kidsplay.lt\/lv\/wp-json\/wp\/v2\/product"}],"about":[{"href":"https:\/\/kidsplay.lt\/lv\/wp-json\/wp\/v2\/types\/product"}],"version-history":[{"count":1,"href":"https:\/\/kidsplay.lt\/lv\/wp-json\/wp\/v2\/product\/89868\/revisions"}],"predecessor-version":[{"id":89869,"href":"https:\/\/kidsplay.lt\/lv\/wp-json\/wp\/v2\/product\/89868\/revisions\/89869"}],"wp:featuredmedia":[{"embeddable":true,"href":"https:\/\/kidsplay.lt\/lv\/wp-json\/wp\/v2\/media\/62675"}],"wp:attachment":[{"href":"https:\/\/kidsplay.lt\/lv\/wp-json\/wp\/v2\/media?parent=89868"}],"wp:term":[{"taxonomy":"product_brand","embeddable":true,"href":"https:\/\/kidsplay.lt\/lv\/wp-json\/wp\/v2\/product_brand?post=89868"},{"taxonomy":"product_cat","embeddable":true,"href":"https:\/\/kidsplay.lt\/lv\/wp-json\/wp\/v2\/product_cat?post=89868"},{"taxonomy":"product_tag","embeddable":true,"href":"https:\/\/kidsplay.lt\/lv\/wp-json\/wp\/v2\/product_tag?post=89868"}],"curies":[{"name":"wp","href":"https:\/\/api.w.org\/{rel}","templated":true}]}}