{"id":89870,"date":"2026-02-26T09:32:35","date_gmt":"2026-02-26T07:32:35","guid":{"rendered":"https:\/\/kidsplay.lt\/produktas\/woopie-daugiafunkcis-supamasis-krokodilas\/"},"modified":"2026-04-13T13:43:07","modified_gmt":"2026-04-13T10:43:07","slug":"woopie-daugiafunkcis-supamasis-krokodilas","status":"publish","type":"product","link":"https:\/\/kidsplay.lt\/lv\/products\/woopie-daugiafunkcis-supamasis-krokodilas\/","title":{"rendered":"Woopie daudzfunkcion\u0101lais \u0161\u016bpojo\u0161ais krokodils"},"content":{"rendered":"<p>Woopie supamasis krokodilas \u2013 tai tikra vaik\u0173 \u017eaidim\u0173 aik\u0161tel\u0117s \u017evaig\u017ed\u0117! Ant jo vienu metu gali suptis du vaikai, ta\u010diau ir vienam ma\u017eyliui jis suteiks daug d\u017eiaugsmo. Patogios rankenos, plati s\u0117dima vieta ir \u0161velniai suapvalintos formos u\u017etikrina saug\u0173 ir patog\u0173 supim\u0105si.<\/p>\n<p>Supimasis nat\u016braliai ramina, lavina pusiausvyr\u0105, k\u016bno koordinacij\u0105 ir stambi\u0105j\u0105 motorik\u0105. Kai vaikai supasi dviese, jie mokosi bendradarbiauti, derinti judesius ir veikti kartu. Krokodilas puikiai tinka tiek namams, tiek lauko \u017eaidimams.<\/p>\n<p>Raksturojums<\/p>\n<p> \tDaugiafunkcis supamasis \u017eaislas \u2013 vienu metu gali suptis 2 vaikai<br \/>\n \tVeikia kaip balansin\u0117 s\u016bpyn\u0117<br \/>\n \tPatogios rankenos saugiam laikymuisi<br \/>\n \tPagamintas i\u0161 tvirto, saugaus ir vaikams draugi\u0161ko plastiko<br \/>\n \tTinka naudoti viduje ir lauke<br \/>\n \tLavina pusiausvyr\u0105, stambi\u0105j\u0105 motorik\u0105, koordinacij\u0105<br \/>\n \tSkatina bendradarbiavim\u0105 \u017eaid\u017eiant dviese<\/p>","protected":false},"excerpt":{"rendered":"<p>Woopie supamasis krokodilas \u2013 tai tikra vaik\u0173 \u017eaidim\u0173 aik\u0161tel\u0117s \u017evaig\u017ed\u0117! Ant jo vienu metu gali suptis du vaikai, ta\u010diau ir<\/p>","protected":false},"featured_media":89872,"template":"","meta":{"_acf_changed":false,"_glsr_average":0,"_glsr_ranking":0,"_glsr_reviews":0},"product_brand":[],"product_cat":[233,232],"product_tag":[],"class_list":{"0":"post-89870","1":"product","2":"type-product","3":"status-publish","4":"has-post-thumbnail","6":"product_cat-lauko-pramogos","7":"product_cat-supynes","8":"\"style=\"background-color: #2ecc711c;\"","10":"first","11":"instock","12":"purchasable","13":"product-type-simple"},"acf":[],"yoast_head":"<!-- This site is optimized with the Yoast SEO plugin v27.3 - https:\/\/yoast.com\/product\/yoast-seo-wordpress\/ -->\n<title>Woopie daugiafunkcis supamasis krokodilas<\/title>\n<meta name=\"description\" content=\"Woopie daugiafunkcis supamasis krokodilas - KidsPlay. Did\u017eiausias vaik\u0173 \u017eaisl\u0173 pasirinkimas.\" \/>\n<meta name=\"robots\" content=\"index, follow, max-snippet:-1, max-image-preview:large, max-video-preview:-1\" \/>\n<link rel=\"canonical\" href=\"https:\/\/kidsplay.lt\/lv\/products\/woopie-daugiafunkcis-supamasis-krokodilas\/\" \/>\n<meta property=\"og:locale\" content=\"lv_LV\" \/>\n<meta property=\"og:type\" content=\"article\" \/>\n<meta property=\"og:title\" content=\"Woopie daugiafunkcis supamasis krokodilas\" \/>\n<meta property=\"og:description\" content=\"Woopie daugiafunkcis supamasis krokodilas - KidsPlay. Did\u017eiausias vaik\u0173 \u017eaisl\u0173 pasirinkimas.\" \/>\n<meta property=\"og:url\" content=\"https:\/\/kidsplay.lt\/lv\/products\/woopie-daugiafunkcis-supamasis-krokodilas\/\" \/>\n<meta property=\"og:site_name\" content=\"KidsPlay\" \/>\n<meta property=\"article:publisher\" content=\"https:\/\/www.facebook.com\/www.kidsplay.lt\" \/>\n<meta property=\"article:modified_time\" content=\"2026-04-13T10:43:07+00:00\" \/>\n<meta property=\"og:image\" content=\"https:\/\/kidsplay.lt\/wp-content\/uploads\/2026\/02\/Woopie-daugiafunkcis-supamasis-krokodilas.jpg\" \/>\n\t<meta property=\"og:image:width\" content=\"881\" \/>\n\t<meta property=\"og:image:height\" content=\"879\" \/>\n\t<meta property=\"og:image:type\" content=\"image\/jpeg\" \/>\n<meta name=\"twitter:card\" content=\"summary_large_image\" \/>\n<meta name=\"twitter:label1\" content=\"Est. reading time\" \/>\n\t<meta name=\"twitter:data1\" content=\"1 min\u016bte\" \/>\n<script type=\"application\/ld+json\" class=\"yoast-schema-graph\">{\"@context\":\"https:\\\/\\\/schema.org\",\"@graph\":[{\"@type\":\"WebPage\",\"@id\":\"https:\\\/\\\/kidsplay.lt\\\/produktas\\\/woopie-daugiafunkcis-supamasis-krokodilas\\\/\",\"url\":\"https:\\\/\\\/kidsplay.lt\\\/produktas\\\/woopie-daugiafunkcis-supamasis-krokodilas\\\/\",\"name\":\"Woopie daugiafunkcis supamasis krokodilas\",\"isPartOf\":{\"@id\":\"https:\\\/\\\/kidsplay.lt\\\/#website\"},\"primaryImageOfPage\":{\"@id\":\"https:\\\/\\\/kidsplay.lt\\\/produktas\\\/woopie-daugiafunkcis-supamasis-krokodilas\\\/#primaryimage\"},\"image\":{\"@id\":\"https:\\\/\\\/kidsplay.lt\\\/produktas\\\/woopie-daugiafunkcis-supamasis-krokodilas\\\/#primaryimage\"},\"thumbnailUrl\":\"https:\\\/\\\/kidsplay.lt\\\/wp-content\\\/uploads\\\/2026\\\/02\\\/Woopie-daugiafunkcis-supamasis-krokodilas.jpg\",\"datePublished\":\"2026-02-26T07:32:35+00:00\",\"dateModified\":\"2026-04-13T10:43:07+00:00\",\"description\":\"Woopie daugiafunkcis supamasis krokodilas - KidsPlay. Did\u017eiausias vaik\u0173 \u017eaisl\u0173 pasirinkimas.\",\"breadcrumb\":{\"@id\":\"https:\\\/\\\/kidsplay.lt\\\/produktas\\\/woopie-daugiafunkcis-supamasis-krokodilas\\\/#breadcrumb\"},\"inLanguage\":\"lv-LV\",\"potentialAction\":[{\"@type\":\"ReadAction\",\"target\":[\"https:\\\/\\\/kidsplay.lt\\\/produktas\\\/woopie-daugiafunkcis-supamasis-krokodilas\\\/\"]}]},{\"@type\":\"ImageObject\",\"inLanguage\":\"lv-LV\",\"@id\":\"https:\\\/\\\/kidsplay.lt\\\/produktas\\\/woopie-daugiafunkcis-supamasis-krokodilas\\\/#primaryimage\",\"url\":\"https:\\\/\\\/kidsplay.lt\\\/wp-content\\\/uploads\\\/2026\\\/02\\\/Woopie-daugiafunkcis-supamasis-krokodilas.jpg\",\"contentUrl\":\"https:\\\/\\\/kidsplay.lt\\\/wp-content\\\/uploads\\\/2026\\\/02\\\/Woopie-daugiafunkcis-supamasis-krokodilas.jpg\",\"width\":881,\"height\":879,\"caption\":\"Woopie daugiafunkcis supamasis krokodilas\"},{\"@type\":\"BreadcrumbList\",\"@id\":\"https:\\\/\\\/kidsplay.lt\\\/produktas\\\/woopie-daugiafunkcis-supamasis-krokodilas\\\/#breadcrumb\",\"itemListElement\":[{\"@type\":\"ListItem\",\"position\":1,\"name\":\"Pagrindinis\",\"item\":\"https:\\\/\\\/kidsplay.lt\\\/\"},{\"@type\":\"ListItem\",\"position\":2,\"name\":\"Parduotuv\u0117\",\"item\":\"https:\\\/\\\/kidsplay.lt\\\/parduotuve\\\/\"},{\"@type\":\"ListItem\",\"position\":3,\"name\":\"Woopie daugiafunkcis supamasis krokodilas\"}]},{\"@type\":\"WebSite\",\"@id\":\"https:\\\/\\\/kidsplay.lt\\\/#website\",\"url\":\"https:\\\/\\\/kidsplay.lt\\\/\",\"name\":\"Kidsplay.lt\",\"description\":\"\u012evairios prek\u0117s vaikams\",\"publisher\":{\"@id\":\"https:\\\/\\\/kidsplay.lt\\\/#organization\"},\"alternateName\":\"Kidsplay\",\"potentialAction\":[{\"@type\":\"SearchAction\",\"target\":{\"@type\":\"EntryPoint\",\"urlTemplate\":\"https:\\\/\\\/kidsplay.lt\\\/?s={search_term_string}\"},\"query-input\":{\"@type\":\"PropertyValueSpecification\",\"valueRequired\":true,\"valueName\":\"search_term_string\"}}],\"inLanguage\":\"lv-LV\"},{\"@type\":\"Organization\",\"@id\":\"https:\\\/\\\/kidsplay.lt\\\/#organization\",\"name\":\"KidsPlay\",\"url\":\"https:\\\/\\\/kidsplay.lt\\\/\",\"logo\":{\"@type\":\"ImageObject\",\"inLanguage\":\"lv-LV\",\"@id\":\"https:\\\/\\\/kidsplay.lt\\\/#\\\/schema\\\/logo\\\/image\\\/\",\"url\":\"https:\\\/\\\/kidsplay.lt\\\/wp-content\\\/uploads\\\/2023\\\/07\\\/kidsplay-logo.png\",\"contentUrl\":\"https:\\\/\\\/kidsplay.lt\\\/wp-content\\\/uploads\\\/2023\\\/07\\\/kidsplay-logo.png\",\"width\":451,\"height\":98,\"caption\":\"KidsPlay\"},\"image\":{\"@id\":\"https:\\\/\\\/kidsplay.lt\\\/#\\\/schema\\\/logo\\\/image\\\/\"},\"sameAs\":[\"https:\\\/\\\/www.facebook.com\\\/www.kidsplay.lt\"]}]}<\/script>\n<!-- \/ Yoast SEO plugin. -->","yoast_head_json":{"title":"Woopie daudzfunkcion\u0101lais \u0161\u016bpojo\u0161ais krokodils","description":"Woopie daugiafunkcis supamasis krokodilas - KidsPlay. Did\u017eiausias vaik\u0173 \u017eaisl\u0173 pasirinkimas.","robots":{"index":"index","follow":"follow","max-snippet":"max-snippet:-1","max-image-preview":"max-image-preview:large","max-video-preview":"max-video-preview:-1"},"canonical":"https:\/\/kidsplay.lt\/lv\/products\/woopie-daugiafunkcis-supamasis-krokodilas\/","og_locale":"lv_LV","og_type":"article","og_title":"Woopie daugiafunkcis supamasis krokodilas","og_description":"Woopie daugiafunkcis supamasis krokodilas - KidsPlay. Did\u017eiausias vaik\u0173 \u017eaisl\u0173 pasirinkimas.","og_url":"https:\/\/kidsplay.lt\/lv\/products\/woopie-daugiafunkcis-supamasis-krokodilas\/","og_site_name":"KidsPlay","article_publisher":"https:\/\/www.facebook.com\/www.kidsplay.lt","article_modified_time":"2026-04-13T10:43:07+00:00","og_image":[{"width":881,"height":879,"url":"https:\/\/kidsplay.lt\/wp-content\/uploads\/2026\/02\/Woopie-daugiafunkcis-supamasis-krokodilas.jpg","type":"image\/jpeg"}],"twitter_card":"summary_large_image","twitter_misc":{"Est. reading time":"1 min\u016bte"},"schema":{"@context":"https:\/\/schema.org","@graph":[{"@type":"WebPage","@id":"https:\/\/kidsplay.lt\/produktas\/woopie-daugiafunkcis-supamasis-krokodilas\/","url":"https:\/\/kidsplay.lt\/produktas\/woopie-daugiafunkcis-supamasis-krokodilas\/","name":"Woopie daudzfunkcion\u0101lais \u0161\u016bpojo\u0161ais krokodils","isPartOf":{"@id":"https:\/\/kidsplay.lt\/#website"},"primaryImageOfPage":{"@id":"https:\/\/kidsplay.lt\/produktas\/woopie-daugiafunkcis-supamasis-krokodilas\/#primaryimage"},"image":{"@id":"https:\/\/kidsplay.lt\/produktas\/woopie-daugiafunkcis-supamasis-krokodilas\/#primaryimage"},"thumbnailUrl":"https:\/\/kidsplay.lt\/wp-content\/uploads\/2026\/02\/Woopie-daugiafunkcis-supamasis-krokodilas.jpg","datePublished":"2026-02-26T07:32:35+00:00","dateModified":"2026-04-13T10:43:07+00:00","description":"Woopie daugiafunkcis supamasis krokodilas - KidsPlay. Did\u017eiausias vaik\u0173 \u017eaisl\u0173 pasirinkimas.","breadcrumb":{"@id":"https:\/\/kidsplay.lt\/produktas\/woopie-daugiafunkcis-supamasis-krokodilas\/#breadcrumb"},"inLanguage":"lv-LV","potentialAction":[{"@type":"ReadAction","target":["https:\/\/kidsplay.lt\/produktas\/woopie-daugiafunkcis-supamasis-krokodilas\/"]}]},{"@type":"ImageObject","inLanguage":"lv-LV","@id":"https:\/\/kidsplay.lt\/produktas\/woopie-daugiafunkcis-supamasis-krokodilas\/#primaryimage","url":"https:\/\/kidsplay.lt\/wp-content\/uploads\/2026\/02\/Woopie-daugiafunkcis-supamasis-krokodilas.jpg","contentUrl":"https:\/\/kidsplay.lt\/wp-content\/uploads\/2026\/02\/Woopie-daugiafunkcis-supamasis-krokodilas.jpg","width":881,"height":879,"caption":"Woopie daugiafunkcis supamasis krokodilas"},{"@type":"BreadcrumbList","@id":"https:\/\/kidsplay.lt\/produktas\/woopie-daugiafunkcis-supamasis-krokodilas\/#breadcrumb","itemListElement":[{"@type":"ListItem","position":1,"name":"Pagrindinis","item":"https:\/\/kidsplay.lt\/"},{"@type":"ListItem","position":2,"name":"Parduotuv\u0117","item":"https:\/\/kidsplay.lt\/parduotuve\/"},{"@type":"ListItem","position":3,"name":"Woopie daugiafunkcis supamasis krokodilas"}]},{"@type":"WebSite","@id":"https:\/\/kidsplay.lt\/#website","url":"https:\/\/kidsplay.lt\/","name":"B\u0113rnu sp\u0113les.lv","description":"\u012evairios prek\u0117s vaikams","publisher":{"@id":"https:\/\/kidsplay.lt\/#organization"},"alternateName":"Kidsplay","potentialAction":[{"@type":"SearchAction","target":{"@type":"EntryPoint","urlTemplate":"https:\/\/kidsplay.lt\/?s={search_term_string}"},"query-input":{"@type":"PropertyValueSpecification","valueRequired":true,"valueName":"search_term_string"}}],"inLanguage":"lv-LV"},{"@type":"Organization","@id":"https:\/\/kidsplay.lt\/#organization","name":"B\u0113rnu sp\u0113le","url":"https:\/\/kidsplay.lt\/","logo":{"@type":"ImageObject","inLanguage":"lv-LV","@id":"https:\/\/kidsplay.lt\/#\/schema\/logo\/image\/","url":"https:\/\/kidsplay.lt\/wp-content\/uploads\/2023\/07\/kidsplay-logo.png","contentUrl":"https:\/\/kidsplay.lt\/wp-content\/uploads\/2023\/07\/kidsplay-logo.png","width":451,"height":98,"caption":"KidsPlay"},"image":{"@id":"https:\/\/kidsplay.lt\/#\/schema\/logo\/image\/"},"sameAs":["https:\/\/www.facebook.com\/www.kidsplay.lt"]}]}},"_links":{"self":[{"href":"https:\/\/kidsplay.lt\/lv\/wp-json\/wp\/v2\/product\/89870","targetHints":{"allow":["GET"]}}],"collection":[{"href":"https:\/\/kidsplay.lt\/lv\/wp-json\/wp\/v2\/product"}],"about":[{"href":"https:\/\/kidsplay.lt\/lv\/wp-json\/wp\/v2\/types\/product"}],"version-history":[{"count":1,"href":"https:\/\/kidsplay.lt\/lv\/wp-json\/wp\/v2\/product\/89870\/revisions"}],"predecessor-version":[{"id":89871,"href":"https:\/\/kidsplay.lt\/lv\/wp-json\/wp\/v2\/product\/89870\/revisions\/89871"}],"wp:featuredmedia":[{"embeddable":true,"href":"https:\/\/kidsplay.lt\/lv\/wp-json\/wp\/v2\/media\/89872"}],"wp:attachment":[{"href":"https:\/\/kidsplay.lt\/lv\/wp-json\/wp\/v2\/media?parent=89870"}],"wp:term":[{"taxonomy":"product_brand","embeddable":true,"href":"https:\/\/kidsplay.lt\/lv\/wp-json\/wp\/v2\/product_brand?post=89870"},{"taxonomy":"product_cat","embeddable":true,"href":"https:\/\/kidsplay.lt\/lv\/wp-json\/wp\/v2\/product_cat?post=89870"},{"taxonomy":"product_tag","embeddable":true,"href":"https:\/\/kidsplay.lt\/lv\/wp-json\/wp\/v2\/product_tag?post=89870"}],"curies":[{"name":"wp","href":"https:\/\/api.w.org\/{rel}","templated":true}]}}