{"id":89879,"date":"2026-02-26T09:32:43","date_gmt":"2026-02-26T07:32:43","guid":{"rendered":"https:\/\/kidsplay.lt\/produktas\/2in1-rinkinys-krepsinio-futbolo-ivartis-kamuoliai-2\/"},"modified":"2026-04-13T15:09:48","modified_gmt":"2026-04-13T12:09:48","slug":"2in1-rinkinys-krepsinio-futbolo-ivartis-kamuoliai-2","status":"publish","type":"product","link":"https:\/\/kidsplay.lt\/lv\/products\/2in1-rinkinys-krepsinio-futbolo-ivartis-kamuoliai-2\/","title":{"rendered":"2in1 basketbola futbola v\u0101rtu + bumbu komplekts"},"content":{"rendered":"<p>Woopie\u00a0nustatytas\u00a0krep\u0161inis ir vart\u0173 sportas 2in1\u00a0\u2013 puikus sportinis derinys patiems ma\u017eiausiems vaikams! . Vaikas gali \u017eaisti\u00a0futbol\u0105\u00a0ar\u00a0krep\u0161in\u012f\u00a0vienas arba su draugais \u2013 jam niekada nebus nuobodu! Rinkinys tikrai\u00a0paskatins\u00a0vaik\u0105 sportuoti. U\u017esi\u0117mimas suteiks j\u016bs\u0173 vaikui vadinam\u0173j\u0173 vystym\u0105si\u00a0stambiosios motorikos \u012fg\u016bd\u017eius\u00a0, kurie idealiai tinka tinkamam vaiko vystymuisi.<\/p>\n<p>Stambioji motorika yra vaiko motorikos vystymosi prioritetas\u00a0. Tai pirmasis ir svarbiausias motorikos raidos etapas ir kuo daugiau judesio pratim\u0173 vaikas atliks, tuo lengviau jam bus atlikti kit\u0173 \u012fg\u016bd\u017ei\u0173 reikalaujan\u010dias u\u017eduotis. Stambioji motorika apima\u00a0visus judesius, kurie apima vis\u0105 k\u016bn\u0105 arba did\u017ei\u0105j\u0105 jo dal\u012f. Didelis privalumas yra tas, kad gamin\u012f galima naudoti tiek viduje, tiek lauke \u2013 J\u016bs\u0173 vaikas gal\u0117s \u017eaisti\u00a0visur, nepaisant oro s\u0105lyg\u0173. Krep\u0161inio \u016bgis: 115cm \u2013 tod\u0117l puikiai tiks patiems ma\u017eiausiems \u017eaid\u0117jams! Sujungus dvi disciplinas vienoje vietoje, j\u016bs\u0173 vaikas nuspr\u0119s, k\u0105 jis nori \u017eaisti tam tikru momentu.<\/p>\n<p>Raksturojums:<\/p>\n<p> \t&#8211; \u017daislas nuo\u00a03 met\u0173<br \/>\n \t&#8211;\u00a02in1\u00a0&#8211; visas sportinis komplektas: krep\u0161inis + futbolo vartai + kamuolys<br \/>\n \t&#8211; Skatinu\/mobilizuoju vaikus sportuoti<br \/>\n \t&#8211;\u00a0lengvas surinkimas\u00a0ir\u00a0stabili konstrukcija<\/p>\n<p> \t&#8211; pagamintas i\u0161 vaikams patogios med\u017eiagos<br \/>\n \t&#8211; vaiko\u00a0stambiosios motorikos\u00a0ugdymas<br \/>\n \t&#8211; naudoti\u00a0namuose\u00a0ir\u00a0lauke<\/p>\n<p>Komplekt\u0101 ietilpst:<\/p>\n<p> \tFutbolo vartai + tinklas<br \/>\n \tkrep\u0161inio krep\u0161elis<br \/>\n \tfutbolo kamuolys<br \/>\n \tkrep\u0161inio<\/p>","protected":false},"excerpt":{"rendered":"<p>Woopie\u00a0nustatytas\u00a0krep\u0161inis ir vart\u0173 sportas 2in1\u00a0\u2013 puikus sportinis derinys patiems ma\u017eiausiems vaikams! . Vaikas gali \u017eaisti\u00a0futbol\u0105\u00a0ar\u00a0krep\u0161in\u012f\u00a0vienas arba su draugais \u2013 jam<\/p>","protected":false},"featured_media":70851,"template":"","meta":{"_acf_changed":false,"_glsr_average":0,"_glsr_ranking":0,"_glsr_reviews":0},"product_brand":[],"product_cat":[233,430],"product_tag":[],"class_list":{"0":"post-89879","1":"product","2":"type-product","3":"status-publish","4":"has-post-thumbnail","6":"product_cat-lauko-pramogos","7":"product_cat-zaidimai-ir-linksmybes","8":"\"style=\"background-color: #2ecc711c;\"","10":"first","11":"instock","12":"purchasable","13":"product-type-simple"},"acf":[],"yoast_head":"<!-- This site is optimized with the Yoast SEO plugin v27.4 - https:\/\/yoast.com\/product\/yoast-seo-wordpress\/ -->\n<title>2in1 rinkinys krep\u0161inio futbolo \u012fvartis + kamuoliai<\/title>\n<meta name=\"description\" content=\"2in1 rinkinys krep\u0161inio futbolo \u012fvartis + kamuoliai - KidsPlay. Did\u017eiausias vaik\u0173 \u017eaisl\u0173 pasirinkimas.\" \/>\n<meta name=\"robots\" content=\"index, follow, max-snippet:-1, max-image-preview:large, max-video-preview:-1\" \/>\n<link rel=\"canonical\" href=\"https:\/\/kidsplay.lt\/lv\/products\/2in1-rinkinys-krepsinio-futbolo-ivartis-kamuoliai-2\/\" \/>\n<meta property=\"og:locale\" content=\"lv_LV\" \/>\n<meta property=\"og:type\" content=\"article\" \/>\n<meta property=\"og:title\" content=\"2in1 rinkinys krep\u0161inio futbolo \u012fvartis + kamuoliai\" \/>\n<meta property=\"og:description\" content=\"2in1 rinkinys krep\u0161inio futbolo \u012fvartis + kamuoliai - KidsPlay. Did\u017eiausias vaik\u0173 \u017eaisl\u0173 pasirinkimas.\" \/>\n<meta property=\"og:url\" content=\"https:\/\/kidsplay.lt\/lv\/products\/2in1-rinkinys-krepsinio-futbolo-ivartis-kamuoliai-2\/\" \/>\n<meta property=\"og:site_name\" content=\"KidsPlay\" \/>\n<meta property=\"article:publisher\" content=\"https:\/\/www.facebook.com\/www.kidsplay.lt\" \/>\n<meta property=\"article:modified_time\" content=\"2026-04-13T12:09:48+00:00\" \/>\n<meta property=\"og:image\" content=\"https:\/\/kidsplay.lt\/wp-content\/uploads\/2025\/10\/2in1-rinkinys-krepsinio-futbolo-ivartis-kamuoliai.jpg\" \/>\n\t<meta property=\"og:image:width\" content=\"1000\" \/>\n\t<meta property=\"og:image:height\" content=\"1000\" \/>\n\t<meta property=\"og:image:type\" content=\"image\/jpeg\" \/>\n<meta name=\"twitter:card\" content=\"summary_large_image\" \/>\n<meta name=\"twitter:label1\" content=\"Est. reading time\" \/>\n\t<meta name=\"twitter:data1\" content=\"1 min\u016bte\" \/>\n<script type=\"application\/ld+json\" class=\"yoast-schema-graph\">{\"@context\":\"https:\\\/\\\/schema.org\",\"@graph\":[{\"@type\":\"WebPage\",\"@id\":\"https:\\\/\\\/kidsplay.lt\\\/produktas\\\/2in1-rinkinys-krepsinio-futbolo-ivartis-kamuoliai-2\\\/\",\"url\":\"https:\\\/\\\/kidsplay.lt\\\/produktas\\\/2in1-rinkinys-krepsinio-futbolo-ivartis-kamuoliai-2\\\/\",\"name\":\"2in1 rinkinys krep\u0161inio futbolo \u012fvartis + kamuoliai\",\"isPartOf\":{\"@id\":\"https:\\\/\\\/kidsplay.lt\\\/#website\"},\"primaryImageOfPage\":{\"@id\":\"https:\\\/\\\/kidsplay.lt\\\/produktas\\\/2in1-rinkinys-krepsinio-futbolo-ivartis-kamuoliai-2\\\/#primaryimage\"},\"image\":{\"@id\":\"https:\\\/\\\/kidsplay.lt\\\/produktas\\\/2in1-rinkinys-krepsinio-futbolo-ivartis-kamuoliai-2\\\/#primaryimage\"},\"thumbnailUrl\":\"https:\\\/\\\/kidsplay.lt\\\/wp-content\\\/uploads\\\/2025\\\/10\\\/2in1-rinkinys-krepsinio-futbolo-ivartis-kamuoliai.jpg\",\"datePublished\":\"2026-02-26T07:32:43+00:00\",\"dateModified\":\"2026-04-13T12:09:48+00:00\",\"description\":\"2in1 rinkinys krep\u0161inio futbolo \u012fvartis + kamuoliai - KidsPlay. Did\u017eiausias vaik\u0173 \u017eaisl\u0173 pasirinkimas.\",\"breadcrumb\":{\"@id\":\"https:\\\/\\\/kidsplay.lt\\\/produktas\\\/2in1-rinkinys-krepsinio-futbolo-ivartis-kamuoliai-2\\\/#breadcrumb\"},\"inLanguage\":\"lv-LV\",\"potentialAction\":[{\"@type\":\"ReadAction\",\"target\":[\"https:\\\/\\\/kidsplay.lt\\\/produktas\\\/2in1-rinkinys-krepsinio-futbolo-ivartis-kamuoliai-2\\\/\"]}]},{\"@type\":\"ImageObject\",\"inLanguage\":\"lv-LV\",\"@id\":\"https:\\\/\\\/kidsplay.lt\\\/produktas\\\/2in1-rinkinys-krepsinio-futbolo-ivartis-kamuoliai-2\\\/#primaryimage\",\"url\":\"https:\\\/\\\/kidsplay.lt\\\/wp-content\\\/uploads\\\/2025\\\/10\\\/2in1-rinkinys-krepsinio-futbolo-ivartis-kamuoliai.jpg\",\"contentUrl\":\"https:\\\/\\\/kidsplay.lt\\\/wp-content\\\/uploads\\\/2025\\\/10\\\/2in1-rinkinys-krepsinio-futbolo-ivartis-kamuoliai.jpg\",\"width\":1000,\"height\":1000,\"caption\":\"2in1 rinkinys krep\u0161inio futbolo \u012fvartis + kamuoliai\"},{\"@type\":\"BreadcrumbList\",\"@id\":\"https:\\\/\\\/kidsplay.lt\\\/produktas\\\/2in1-rinkinys-krepsinio-futbolo-ivartis-kamuoliai-2\\\/#breadcrumb\",\"itemListElement\":[{\"@type\":\"ListItem\",\"position\":1,\"name\":\"Pagrindinis\",\"item\":\"https:\\\/\\\/kidsplay.lt\\\/\"},{\"@type\":\"ListItem\",\"position\":2,\"name\":\"Parduotuv\u0117\",\"item\":\"https:\\\/\\\/kidsplay.lt\\\/parduotuve\\\/\"},{\"@type\":\"ListItem\",\"position\":3,\"name\":\"2in1 rinkinys krep\u0161inio futbolo \u012fvartis + kamuoliai\"}]},{\"@type\":\"WebSite\",\"@id\":\"https:\\\/\\\/kidsplay.lt\\\/#website\",\"url\":\"https:\\\/\\\/kidsplay.lt\\\/\",\"name\":\"Kidsplay.lt\",\"description\":\"\u012evairios prek\u0117s vaikams\",\"publisher\":{\"@id\":\"https:\\\/\\\/kidsplay.lt\\\/#organization\"},\"alternateName\":\"Kidsplay\",\"potentialAction\":[{\"@type\":\"SearchAction\",\"target\":{\"@type\":\"EntryPoint\",\"urlTemplate\":\"https:\\\/\\\/kidsplay.lt\\\/?s={search_term_string}\"},\"query-input\":{\"@type\":\"PropertyValueSpecification\",\"valueRequired\":true,\"valueName\":\"search_term_string\"}}],\"inLanguage\":\"lv-LV\"},{\"@type\":\"Organization\",\"@id\":\"https:\\\/\\\/kidsplay.lt\\\/#organization\",\"name\":\"KidsPlay\",\"url\":\"https:\\\/\\\/kidsplay.lt\\\/\",\"logo\":{\"@type\":\"ImageObject\",\"inLanguage\":\"lv-LV\",\"@id\":\"https:\\\/\\\/kidsplay.lt\\\/#\\\/schema\\\/logo\\\/image\\\/\",\"url\":\"https:\\\/\\\/kidsplay.lt\\\/wp-content\\\/uploads\\\/2023\\\/07\\\/kidsplay-logo.png\",\"contentUrl\":\"https:\\\/\\\/kidsplay.lt\\\/wp-content\\\/uploads\\\/2023\\\/07\\\/kidsplay-logo.png\",\"width\":451,\"height\":98,\"caption\":\"KidsPlay\"},\"image\":{\"@id\":\"https:\\\/\\\/kidsplay.lt\\\/#\\\/schema\\\/logo\\\/image\\\/\"},\"sameAs\":[\"https:\\\/\\\/www.facebook.com\\\/www.kidsplay.lt\"]}]}<\/script>\n<!-- \/ Yoast SEO plugin. -->","yoast_head_json":{"title":"2in1 basketbola futbola v\u0101rtu + bumbu komplekts","description":"2in1 rinkinys krep\u0161inio futbolo \u012fvartis + kamuoliai - KidsPlay. Did\u017eiausias vaik\u0173 \u017eaisl\u0173 pasirinkimas.","robots":{"index":"index","follow":"follow","max-snippet":"max-snippet:-1","max-image-preview":"max-image-preview:large","max-video-preview":"max-video-preview:-1"},"canonical":"https:\/\/kidsplay.lt\/lv\/products\/2in1-rinkinys-krepsinio-futbolo-ivartis-kamuoliai-2\/","og_locale":"lv_LV","og_type":"article","og_title":"2in1 rinkinys krep\u0161inio futbolo \u012fvartis + kamuoliai","og_description":"2in1 rinkinys krep\u0161inio futbolo \u012fvartis + kamuoliai - KidsPlay. Did\u017eiausias vaik\u0173 \u017eaisl\u0173 pasirinkimas.","og_url":"https:\/\/kidsplay.lt\/lv\/products\/2in1-rinkinys-krepsinio-futbolo-ivartis-kamuoliai-2\/","og_site_name":"KidsPlay","article_publisher":"https:\/\/www.facebook.com\/www.kidsplay.lt","article_modified_time":"2026-04-13T12:09:48+00:00","og_image":[{"width":1000,"height":1000,"url":"https:\/\/kidsplay.lt\/wp-content\/uploads\/2025\/10\/2in1-rinkinys-krepsinio-futbolo-ivartis-kamuoliai.jpg","type":"image\/jpeg"}],"twitter_card":"summary_large_image","twitter_misc":{"Est. reading time":"1 min\u016bte"},"schema":{"@context":"https:\/\/schema.org","@graph":[{"@type":"WebPage","@id":"https:\/\/kidsplay.lt\/produktas\/2in1-rinkinys-krepsinio-futbolo-ivartis-kamuoliai-2\/","url":"https:\/\/kidsplay.lt\/produktas\/2in1-rinkinys-krepsinio-futbolo-ivartis-kamuoliai-2\/","name":"2in1 basketbola futbola v\u0101rtu + bumbu komplekts","isPartOf":{"@id":"https:\/\/kidsplay.lt\/#website"},"primaryImageOfPage":{"@id":"https:\/\/kidsplay.lt\/produktas\/2in1-rinkinys-krepsinio-futbolo-ivartis-kamuoliai-2\/#primaryimage"},"image":{"@id":"https:\/\/kidsplay.lt\/produktas\/2in1-rinkinys-krepsinio-futbolo-ivartis-kamuoliai-2\/#primaryimage"},"thumbnailUrl":"https:\/\/kidsplay.lt\/wp-content\/uploads\/2025\/10\/2in1-rinkinys-krepsinio-futbolo-ivartis-kamuoliai.jpg","datePublished":"2026-02-26T07:32:43+00:00","dateModified":"2026-04-13T12:09:48+00:00","description":"2in1 rinkinys krep\u0161inio futbolo \u012fvartis + kamuoliai - KidsPlay. Did\u017eiausias vaik\u0173 \u017eaisl\u0173 pasirinkimas.","breadcrumb":{"@id":"https:\/\/kidsplay.lt\/produktas\/2in1-rinkinys-krepsinio-futbolo-ivartis-kamuoliai-2\/#breadcrumb"},"inLanguage":"lv-LV","potentialAction":[{"@type":"ReadAction","target":["https:\/\/kidsplay.lt\/produktas\/2in1-rinkinys-krepsinio-futbolo-ivartis-kamuoliai-2\/"]}]},{"@type":"ImageObject","inLanguage":"lv-LV","@id":"https:\/\/kidsplay.lt\/produktas\/2in1-rinkinys-krepsinio-futbolo-ivartis-kamuoliai-2\/#primaryimage","url":"https:\/\/kidsplay.lt\/wp-content\/uploads\/2025\/10\/2in1-rinkinys-krepsinio-futbolo-ivartis-kamuoliai.jpg","contentUrl":"https:\/\/kidsplay.lt\/wp-content\/uploads\/2025\/10\/2in1-rinkinys-krepsinio-futbolo-ivartis-kamuoliai.jpg","width":1000,"height":1000,"caption":"2in1 rinkinys krep\u0161inio futbolo \u012fvartis + kamuoliai"},{"@type":"BreadcrumbList","@id":"https:\/\/kidsplay.lt\/produktas\/2in1-rinkinys-krepsinio-futbolo-ivartis-kamuoliai-2\/#breadcrumb","itemListElement":[{"@type":"ListItem","position":1,"name":"Pagrindinis","item":"https:\/\/kidsplay.lt\/"},{"@type":"ListItem","position":2,"name":"Parduotuv\u0117","item":"https:\/\/kidsplay.lt\/parduotuve\/"},{"@type":"ListItem","position":3,"name":"2in1 rinkinys krep\u0161inio futbolo \u012fvartis + kamuoliai"}]},{"@type":"WebSite","@id":"https:\/\/kidsplay.lt\/#website","url":"https:\/\/kidsplay.lt\/","name":"B\u0113rnu sp\u0113les.lv","description":"\u012evairios prek\u0117s vaikams","publisher":{"@id":"https:\/\/kidsplay.lt\/#organization"},"alternateName":"Kidsplay","potentialAction":[{"@type":"SearchAction","target":{"@type":"EntryPoint","urlTemplate":"https:\/\/kidsplay.lt\/?s={search_term_string}"},"query-input":{"@type":"PropertyValueSpecification","valueRequired":true,"valueName":"search_term_string"}}],"inLanguage":"lv-LV"},{"@type":"Organization","@id":"https:\/\/kidsplay.lt\/#organization","name":"B\u0113rnu sp\u0113le","url":"https:\/\/kidsplay.lt\/","logo":{"@type":"ImageObject","inLanguage":"lv-LV","@id":"https:\/\/kidsplay.lt\/#\/schema\/logo\/image\/","url":"https:\/\/kidsplay.lt\/wp-content\/uploads\/2023\/07\/kidsplay-logo.png","contentUrl":"https:\/\/kidsplay.lt\/wp-content\/uploads\/2023\/07\/kidsplay-logo.png","width":451,"height":98,"caption":"KidsPlay"},"image":{"@id":"https:\/\/kidsplay.lt\/#\/schema\/logo\/image\/"},"sameAs":["https:\/\/www.facebook.com\/www.kidsplay.lt"]}]}},"_links":{"self":[{"href":"https:\/\/kidsplay.lt\/lv\/wp-json\/wp\/v2\/product\/89879","targetHints":{"allow":["GET"]}}],"collection":[{"href":"https:\/\/kidsplay.lt\/lv\/wp-json\/wp\/v2\/product"}],"about":[{"href":"https:\/\/kidsplay.lt\/lv\/wp-json\/wp\/v2\/types\/product"}],"version-history":[{"count":1,"href":"https:\/\/kidsplay.lt\/lv\/wp-json\/wp\/v2\/product\/89879\/revisions"}],"predecessor-version":[{"id":89880,"href":"https:\/\/kidsplay.lt\/lv\/wp-json\/wp\/v2\/product\/89879\/revisions\/89880"}],"wp:featuredmedia":[{"embeddable":true,"href":"https:\/\/kidsplay.lt\/lv\/wp-json\/wp\/v2\/media\/70851"}],"wp:attachment":[{"href":"https:\/\/kidsplay.lt\/lv\/wp-json\/wp\/v2\/media?parent=89879"}],"wp:term":[{"taxonomy":"product_brand","embeddable":true,"href":"https:\/\/kidsplay.lt\/lv\/wp-json\/wp\/v2\/product_brand?post=89879"},{"taxonomy":"product_cat","embeddable":true,"href":"https:\/\/kidsplay.lt\/lv\/wp-json\/wp\/v2\/product_cat?post=89879"},{"taxonomy":"product_tag","embeddable":true,"href":"https:\/\/kidsplay.lt\/lv\/wp-json\/wp\/v2\/product_tag?post=89879"}],"curies":[{"name":"wp","href":"https:\/\/api.w.org\/{rel}","templated":true}]}}