{"id":89881,"date":"2026-02-26T09:32:45","date_gmt":"2026-02-26T07:32:45","guid":{"rendered":"https:\/\/kidsplay.lt\/produktas\/volvo-savaeigis-ekskavatorius-juodas-rotacinis-vaziavimas\/"},"modified":"2026-04-07T10:47:58","modified_gmt":"2026-04-07T07:47:58","slug":"volvo-savaeigis-ekskavatorius-juodas-rotacinis-vaziavimas","status":"publish","type":"product","link":"https:\/\/kidsplay.lt\/lv\/products\/volvo-savaeigis-ekskavatorius-juodas-rotacinis-vaziavimas\/","title":{"rendered":"Volvo savaeigis ekskavatorius \u2013 juodas rotacinis va\u017eiavimas"},"content":{"rendered":"<p>VOLVO\u00a0licencijuotas\u00a0ekskavatorius\u00a0\u00a0\u00a0RollyDigger\u00a0yra auk\u0161tos kokyb\u0117s \u017eaislas, sukurtas specialiai 3 met\u0173 ir vyresniems vaikams\u00a0. Ekskavatorius yra paprastas naudoti \u2013 puikiai tinka naudoti\u00a0sode arba papl\u016bdimyje\u00a0. Naudodami \u0161\u012f visi\u0161kai funkcional\u0173 \u017eaisl\u0105, ma\u017eieji in\u017einieriai gali sukurti savo statyb\u0173 aik\u0161teles ir paleisti savo vaizduot\u0119. Ekskavatorius turi \u012fsp\u016bding\u0105\u00a0360\u00b0 sukimosi\u00a0funkcij\u0105 , tod\u0117l vaikai gali judinti krovimo svirt\u012f visomis kryptimis. Tai leid\u017eia jiems lengvai surinkti sm\u0117l\u012f, akmenis ar kitas med\u017eiagas ir perve\u017eti \u012f kit\u0105 viet\u0105. Ypatinga ekskavatoriaus savyb\u0117 \u2013 automatinis pakrovimo svirties fiksavimas.\u00a0Surinkus med\u017eiag\u0105 ranka automati\u0161kai u\u017esifiksuoja\u00a0, u\u017etikrinant\u00a0saug\u0173 transportavim\u0105\u00a0. Tai suteikia vaikams tikrovi\u0161k\u0105 \u017eaidimo patirt\u012f ir palaiko j\u0173 motorinius \u012fg\u016bd\u017eius. D\u0117l autenti\u0161ko dizaino RollyDigger tikrai traukia ak\u012f.\u00a0Nesvarbu, ar esate\u00a0sm\u0117lio d\u0117\u017e\u0117je\u00a0,\u00a0sode\u00a0ar\u00a0\u017eaidim\u0173 kambaryje\u00a0\u2013 \u0161is ekskavatorius suteikia linksmybi\u0173 valand\u0173 valandas ir leid\u017eia ma\u017eiesiems statybininkams patirti dideli\u0173 nuotyki\u0173.\u00a0CHARAKTERISTIKA:<\/p>\n<p>&#8211; \u017daislas nuo\u00a03\u00a0met\u0173 &#8211;\u00a0Automatinis\u00a0rankos u\u017eraktas\u00a0&#8211;\u00a0tai u\u017etikrina\u00a0saug\u0173<br \/>\nma\u017eylio\u00a0\u017eaidim\u0105 kolekcija, kuri bus s\u0117kminga, m\u0117gaukit\u0117s ma\u017eaisiais vartotojais<\/p>","protected":false},"excerpt":{"rendered":"<p>VOLVO\u00a0licencijuotas\u00a0ekskavatorius\u00a0\u00a0\u00a0RollyDigger\u00a0yra auk\u0161tos kokyb\u0117s \u017eaislas, sukurtas specialiai 3 met\u0173 ir vyresniems vaikams\u00a0. Ekskavatorius yra paprastas naudoti \u2013 puikiai tinka naudoti\u00a0sode arba<\/p>","protected":false},"featured_media":56642,"template":"","meta":{"_acf_changed":false,"_glsr_average":0,"_glsr_ranking":0,"_glsr_reviews":0},"product_brand":[],"product_cat":[237,393],"product_tag":[],"class_list":{"0":"post-89881","1":"product","2":"type-product","3":"status-publish","4":"has-post-thumbnail","6":"product_cat-judejimo-priemones","7":"product_cat-zaisliniai-traktoriai","8":"\"style=\"background-color: #2ecc711c;\"","10":"first","11":"instock","12":"purchasable","13":"product-type-simple"},"acf":[],"yoast_head":"<!-- This site is optimized with the Yoast SEO plugin v27.3 - https:\/\/yoast.com\/product\/yoast-seo-wordpress\/ -->\n<title>Volvo savaeigis ekskavatorius \u2013 juodas rotacinis va\u017eiavimas<\/title>\n<meta name=\"description\" content=\"Volvo savaeigis ekskavatorius \u2013 juodas rotacinis va\u017eiavimas - KidsPlay. Did\u017eiausias vaik\u0173 \u017eaisl\u0173 pasirinkimas.\" \/>\n<meta name=\"robots\" content=\"index, follow, max-snippet:-1, max-image-preview:large, max-video-preview:-1\" \/>\n<link rel=\"canonical\" href=\"https:\/\/kidsplay.lt\/lv\/products\/volvo-savaeigis-ekskavatorius-juodas-rotacinis-vaziavimas\/\" \/>\n<meta property=\"og:locale\" content=\"lv_LV\" \/>\n<meta property=\"og:type\" content=\"article\" \/>\n<meta property=\"og:title\" content=\"Volvo savaeigis ekskavatorius \u2013 juodas rotacinis va\u017eiavimas\" \/>\n<meta property=\"og:description\" content=\"Volvo savaeigis ekskavatorius \u2013 juodas rotacinis va\u017eiavimas - KidsPlay. Did\u017eiausias vaik\u0173 \u017eaisl\u0173 pasirinkimas.\" \/>\n<meta property=\"og:url\" content=\"https:\/\/kidsplay.lt\/lv\/products\/volvo-savaeigis-ekskavatorius-juodas-rotacinis-vaziavimas\/\" \/>\n<meta property=\"og:site_name\" content=\"KidsPlay\" \/>\n<meta property=\"article:publisher\" content=\"https:\/\/www.facebook.com\/www.kidsplay.lt\" \/>\n<meta property=\"article:modified_time\" content=\"2026-04-07T07:47:58+00:00\" \/>\n<meta property=\"og:image\" content=\"https:\/\/kidsplay.lt\/wp-content\/uploads\/2024\/09\/Volvo-savaeigis-ekskavatorius-\u2013-juodas-rotacinis-vaziavimas.jpg\" \/>\n\t<meta property=\"og:image:width\" content=\"2560\" \/>\n\t<meta property=\"og:image:height\" content=\"2560\" \/>\n\t<meta property=\"og:image:type\" content=\"image\/jpeg\" \/>\n<meta name=\"twitter:card\" content=\"summary_large_image\" \/>\n<meta name=\"twitter:label1\" content=\"Est. reading time\" \/>\n\t<meta name=\"twitter:data1\" content=\"1 min\u016bte\" \/>\n<script type=\"application\/ld+json\" class=\"yoast-schema-graph\">{\"@context\":\"https:\\\/\\\/schema.org\",\"@graph\":[{\"@type\":\"WebPage\",\"@id\":\"https:\\\/\\\/kidsplay.lt\\\/produktas\\\/volvo-savaeigis-ekskavatorius-juodas-rotacinis-vaziavimas\\\/\",\"url\":\"https:\\\/\\\/kidsplay.lt\\\/produktas\\\/volvo-savaeigis-ekskavatorius-juodas-rotacinis-vaziavimas\\\/\",\"name\":\"Volvo savaeigis ekskavatorius \u2013 juodas rotacinis va\u017eiavimas\",\"isPartOf\":{\"@id\":\"https:\\\/\\\/kidsplay.lt\\\/#website\"},\"primaryImageOfPage\":{\"@id\":\"https:\\\/\\\/kidsplay.lt\\\/produktas\\\/volvo-savaeigis-ekskavatorius-juodas-rotacinis-vaziavimas\\\/#primaryimage\"},\"image\":{\"@id\":\"https:\\\/\\\/kidsplay.lt\\\/produktas\\\/volvo-savaeigis-ekskavatorius-juodas-rotacinis-vaziavimas\\\/#primaryimage\"},\"thumbnailUrl\":\"https:\\\/\\\/kidsplay.lt\\\/wp-content\\\/uploads\\\/2024\\\/09\\\/Volvo-savaeigis-ekskavatorius-\u2013-juodas-rotacinis-vaziavimas.jpg\",\"datePublished\":\"2026-02-26T07:32:45+00:00\",\"dateModified\":\"2026-04-07T07:47:58+00:00\",\"description\":\"Volvo savaeigis ekskavatorius \u2013 juodas rotacinis va\u017eiavimas - KidsPlay. Did\u017eiausias vaik\u0173 \u017eaisl\u0173 pasirinkimas.\",\"breadcrumb\":{\"@id\":\"https:\\\/\\\/kidsplay.lt\\\/produktas\\\/volvo-savaeigis-ekskavatorius-juodas-rotacinis-vaziavimas\\\/#breadcrumb\"},\"inLanguage\":\"lv-LV\",\"potentialAction\":[{\"@type\":\"ReadAction\",\"target\":[\"https:\\\/\\\/kidsplay.lt\\\/produktas\\\/volvo-savaeigis-ekskavatorius-juodas-rotacinis-vaziavimas\\\/\"]}]},{\"@type\":\"ImageObject\",\"inLanguage\":\"lv-LV\",\"@id\":\"https:\\\/\\\/kidsplay.lt\\\/produktas\\\/volvo-savaeigis-ekskavatorius-juodas-rotacinis-vaziavimas\\\/#primaryimage\",\"url\":\"https:\\\/\\\/kidsplay.lt\\\/wp-content\\\/uploads\\\/2024\\\/09\\\/Volvo-savaeigis-ekskavatorius-\u2013-juodas-rotacinis-vaziavimas.jpg\",\"contentUrl\":\"https:\\\/\\\/kidsplay.lt\\\/wp-content\\\/uploads\\\/2024\\\/09\\\/Volvo-savaeigis-ekskavatorius-\u2013-juodas-rotacinis-vaziavimas.jpg\",\"width\":2560,\"height\":2560,\"caption\":\"Volvo savaeigis ekskavatorius \u2013 juodas rotacinis va\u017eiavimas\"},{\"@type\":\"BreadcrumbList\",\"@id\":\"https:\\\/\\\/kidsplay.lt\\\/produktas\\\/volvo-savaeigis-ekskavatorius-juodas-rotacinis-vaziavimas\\\/#breadcrumb\",\"itemListElement\":[{\"@type\":\"ListItem\",\"position\":1,\"name\":\"Pagrindinis\",\"item\":\"https:\\\/\\\/kidsplay.lt\\\/\"},{\"@type\":\"ListItem\",\"position\":2,\"name\":\"Parduotuv\u0117\",\"item\":\"https:\\\/\\\/kidsplay.lt\\\/parduotuve\\\/\"},{\"@type\":\"ListItem\",\"position\":3,\"name\":\"Volvo savaeigis ekskavatorius \u2013 juodas rotacinis va\u017eiavimas\"}]},{\"@type\":\"WebSite\",\"@id\":\"https:\\\/\\\/kidsplay.lt\\\/#website\",\"url\":\"https:\\\/\\\/kidsplay.lt\\\/\",\"name\":\"Kidsplay.lt\",\"description\":\"\u012evairios prek\u0117s vaikams\",\"publisher\":{\"@id\":\"https:\\\/\\\/kidsplay.lt\\\/#organization\"},\"alternateName\":\"Kidsplay\",\"potentialAction\":[{\"@type\":\"SearchAction\",\"target\":{\"@type\":\"EntryPoint\",\"urlTemplate\":\"https:\\\/\\\/kidsplay.lt\\\/?s={search_term_string}\"},\"query-input\":{\"@type\":\"PropertyValueSpecification\",\"valueRequired\":true,\"valueName\":\"search_term_string\"}}],\"inLanguage\":\"lv-LV\"},{\"@type\":\"Organization\",\"@id\":\"https:\\\/\\\/kidsplay.lt\\\/#organization\",\"name\":\"KidsPlay\",\"url\":\"https:\\\/\\\/kidsplay.lt\\\/\",\"logo\":{\"@type\":\"ImageObject\",\"inLanguage\":\"lv-LV\",\"@id\":\"https:\\\/\\\/kidsplay.lt\\\/#\\\/schema\\\/logo\\\/image\\\/\",\"url\":\"https:\\\/\\\/kidsplay.lt\\\/wp-content\\\/uploads\\\/2023\\\/07\\\/kidsplay-logo.png\",\"contentUrl\":\"https:\\\/\\\/kidsplay.lt\\\/wp-content\\\/uploads\\\/2023\\\/07\\\/kidsplay-logo.png\",\"width\":451,\"height\":98,\"caption\":\"KidsPlay\"},\"image\":{\"@id\":\"https:\\\/\\\/kidsplay.lt\\\/#\\\/schema\\\/logo\\\/image\\\/\"},\"sameAs\":[\"https:\\\/\\\/www.facebook.com\\\/www.kidsplay.lt\"]}]}<\/script>\n<!-- \/ Yoast SEO plugin. -->","yoast_head_json":{"title":"Volvo savaeigis ekskavatorius \u2013 juodas rotacinis va\u017eiavimas","description":"Volvo savaeigis ekskavatorius \u2013 juodas rotacinis va\u017eiavimas - KidsPlay. Did\u017eiausias vaik\u0173 \u017eaisl\u0173 pasirinkimas.","robots":{"index":"index","follow":"follow","max-snippet":"max-snippet:-1","max-image-preview":"max-image-preview:large","max-video-preview":"max-video-preview:-1"},"canonical":"https:\/\/kidsplay.lt\/lv\/products\/volvo-savaeigis-ekskavatorius-juodas-rotacinis-vaziavimas\/","og_locale":"lv_LV","og_type":"article","og_title":"Volvo savaeigis ekskavatorius \u2013 juodas rotacinis va\u017eiavimas","og_description":"Volvo savaeigis ekskavatorius \u2013 juodas rotacinis va\u017eiavimas - KidsPlay. Did\u017eiausias vaik\u0173 \u017eaisl\u0173 pasirinkimas.","og_url":"https:\/\/kidsplay.lt\/lv\/products\/volvo-savaeigis-ekskavatorius-juodas-rotacinis-vaziavimas\/","og_site_name":"KidsPlay","article_publisher":"https:\/\/www.facebook.com\/www.kidsplay.lt","article_modified_time":"2026-04-07T07:47:58+00:00","og_image":[{"width":2560,"height":2560,"url":"https:\/\/kidsplay.lt\/wp-content\/uploads\/2024\/09\/Volvo-savaeigis-ekskavatorius-\u2013-juodas-rotacinis-vaziavimas.jpg","type":"image\/jpeg"}],"twitter_card":"summary_large_image","twitter_misc":{"Est. reading time":"1 min\u016bte"},"schema":{"@context":"https:\/\/schema.org","@graph":[{"@type":"WebPage","@id":"https:\/\/kidsplay.lt\/produktas\/volvo-savaeigis-ekskavatorius-juodas-rotacinis-vaziavimas\/","url":"https:\/\/kidsplay.lt\/produktas\/volvo-savaeigis-ekskavatorius-juodas-rotacinis-vaziavimas\/","name":"Volvo savaeigis ekskavatorius \u2013 juodas rotacinis va\u017eiavimas","isPartOf":{"@id":"https:\/\/kidsplay.lt\/#website"},"primaryImageOfPage":{"@id":"https:\/\/kidsplay.lt\/produktas\/volvo-savaeigis-ekskavatorius-juodas-rotacinis-vaziavimas\/#primaryimage"},"image":{"@id":"https:\/\/kidsplay.lt\/produktas\/volvo-savaeigis-ekskavatorius-juodas-rotacinis-vaziavimas\/#primaryimage"},"thumbnailUrl":"https:\/\/kidsplay.lt\/wp-content\/uploads\/2024\/09\/Volvo-savaeigis-ekskavatorius-\u2013-juodas-rotacinis-vaziavimas.jpg","datePublished":"2026-02-26T07:32:45+00:00","dateModified":"2026-04-07T07:47:58+00:00","description":"Volvo savaeigis ekskavatorius \u2013 juodas rotacinis va\u017eiavimas - KidsPlay. Did\u017eiausias vaik\u0173 \u017eaisl\u0173 pasirinkimas.","breadcrumb":{"@id":"https:\/\/kidsplay.lt\/produktas\/volvo-savaeigis-ekskavatorius-juodas-rotacinis-vaziavimas\/#breadcrumb"},"inLanguage":"lv-LV","potentialAction":[{"@type":"ReadAction","target":["https:\/\/kidsplay.lt\/produktas\/volvo-savaeigis-ekskavatorius-juodas-rotacinis-vaziavimas\/"]}]},{"@type":"ImageObject","inLanguage":"lv-LV","@id":"https:\/\/kidsplay.lt\/produktas\/volvo-savaeigis-ekskavatorius-juodas-rotacinis-vaziavimas\/#primaryimage","url":"https:\/\/kidsplay.lt\/wp-content\/uploads\/2024\/09\/Volvo-savaeigis-ekskavatorius-\u2013-juodas-rotacinis-vaziavimas.jpg","contentUrl":"https:\/\/kidsplay.lt\/wp-content\/uploads\/2024\/09\/Volvo-savaeigis-ekskavatorius-\u2013-juodas-rotacinis-vaziavimas.jpg","width":2560,"height":2560,"caption":"Volvo savaeigis ekskavatorius \u2013 juodas rotacinis va\u017eiavimas"},{"@type":"BreadcrumbList","@id":"https:\/\/kidsplay.lt\/produktas\/volvo-savaeigis-ekskavatorius-juodas-rotacinis-vaziavimas\/#breadcrumb","itemListElement":[{"@type":"ListItem","position":1,"name":"Pagrindinis","item":"https:\/\/kidsplay.lt\/"},{"@type":"ListItem","position":2,"name":"Parduotuv\u0117","item":"https:\/\/kidsplay.lt\/parduotuve\/"},{"@type":"ListItem","position":3,"name":"Volvo savaeigis ekskavatorius \u2013 juodas rotacinis va\u017eiavimas"}]},{"@type":"WebSite","@id":"https:\/\/kidsplay.lt\/#website","url":"https:\/\/kidsplay.lt\/","name":"B\u0113rnu sp\u0113les.lv","description":"\u012evairios prek\u0117s vaikams","publisher":{"@id":"https:\/\/kidsplay.lt\/#organization"},"alternateName":"Kidsplay","potentialAction":[{"@type":"SearchAction","target":{"@type":"EntryPoint","urlTemplate":"https:\/\/kidsplay.lt\/?s={search_term_string}"},"query-input":{"@type":"PropertyValueSpecification","valueRequired":true,"valueName":"search_term_string"}}],"inLanguage":"lv-LV"},{"@type":"Organization","@id":"https:\/\/kidsplay.lt\/#organization","name":"B\u0113rnu sp\u0113le","url":"https:\/\/kidsplay.lt\/","logo":{"@type":"ImageObject","inLanguage":"lv-LV","@id":"https:\/\/kidsplay.lt\/#\/schema\/logo\/image\/","url":"https:\/\/kidsplay.lt\/wp-content\/uploads\/2023\/07\/kidsplay-logo.png","contentUrl":"https:\/\/kidsplay.lt\/wp-content\/uploads\/2023\/07\/kidsplay-logo.png","width":451,"height":98,"caption":"KidsPlay"},"image":{"@id":"https:\/\/kidsplay.lt\/#\/schema\/logo\/image\/"},"sameAs":["https:\/\/www.facebook.com\/www.kidsplay.lt"]}]}},"_links":{"self":[{"href":"https:\/\/kidsplay.lt\/lv\/wp-json\/wp\/v2\/product\/89881","targetHints":{"allow":["GET"]}}],"collection":[{"href":"https:\/\/kidsplay.lt\/lv\/wp-json\/wp\/v2\/product"}],"about":[{"href":"https:\/\/kidsplay.lt\/lv\/wp-json\/wp\/v2\/types\/product"}],"version-history":[{"count":1,"href":"https:\/\/kidsplay.lt\/lv\/wp-json\/wp\/v2\/product\/89881\/revisions"}],"predecessor-version":[{"id":89882,"href":"https:\/\/kidsplay.lt\/lv\/wp-json\/wp\/v2\/product\/89881\/revisions\/89882"}],"wp:featuredmedia":[{"embeddable":true,"href":"https:\/\/kidsplay.lt\/lv\/wp-json\/wp\/v2\/media\/56642"}],"wp:attachment":[{"href":"https:\/\/kidsplay.lt\/lv\/wp-json\/wp\/v2\/media?parent=89881"}],"wp:term":[{"taxonomy":"product_brand","embeddable":true,"href":"https:\/\/kidsplay.lt\/lv\/wp-json\/wp\/v2\/product_brand?post=89881"},{"taxonomy":"product_cat","embeddable":true,"href":"https:\/\/kidsplay.lt\/lv\/wp-json\/wp\/v2\/product_cat?post=89881"},{"taxonomy":"product_tag","embeddable":true,"href":"https:\/\/kidsplay.lt\/lv\/wp-json\/wp\/v2\/product_tag?post=89881"}],"curies":[{"name":"wp","href":"https:\/\/api.w.org\/{rel}","templated":true}]}}