{"id":89887,"date":"2026-02-26T09:32:52","date_gmt":"2026-02-26T07:32:52","guid":{"rendered":"https:\/\/kidsplay.lt\/produktas\/daugiafunkcinis-automobilis-5in1\/"},"modified":"2026-04-13T15:09:57","modified_gmt":"2026-04-13T12:09:57","slug":"daugiafunkcinis-automobilis-5in1","status":"publish","type":"product","link":"https:\/\/kidsplay.lt\/lv\/products\/daugiafunkcinis-automobilis-5in1\/","title":{"rendered":"Daudzfunkcion\u0101la automa\u0161\u012bna 5in1"},"content":{"rendered":"<p>Atraskite kupin\u0105 nuotyki\u0173 pasaul\u012f su\u00a0FEBER CASUAL PUSH N&#8217;GO 5in1\u00a0\u2013 pasiva\u017ein\u0117jimu, kuris nuves j\u016bs\u0173 vaik\u0105 \u012f \u012fdomi\u0105 kelion\u0119, kupin\u0105 \u017eini\u0173 ir pramog\u0173! St\u016bmiklio ir svirties funkcij\u0173 d\u0117ka \u0161is pasiva\u017ein\u0117jimas suteikia \u012fvairi\u0173 potyri\u0173, pritaikyt\u0173 \u012fvairiems vaiko raidos etapams. \u012erengtas apsauginis barjeras, koj\u0173 atramos ir rankena t\u0117vams, u\u017etikrina saug\u0173 \u017eaidim\u0105. \u0160viesos ir garso modulis ant vairo bei besisukantys ratukai po koj\u0173 atramais padidina \u017eaidimo tikrovi\u0161kum\u0105 ir interaktyvum\u0105. Leiskite savo vaikui atrasti pasaul\u012f su\u00a0FEBER CASUAL PUSH N&#8217;GO 5in1\u00a0\u2013 pasiva\u017ein\u0117jimu, kuris skatina smalsum\u0105 ir skatina aktyvum\u0105!<\/p>\n<p>Raksturojums:<\/p>\n<p> \t&#8211; Skirta \u012fvairaus vystymosi etap\u0173 vaikams.<br \/>\n \t&#8211; 5in1: pasiva\u017ein\u0117jimas, ve\u017eim\u0117lis t\u0117vams, svirtis, st\u016bmikas ir \u017eaisl\u0173 saugykla<br \/>\n \t&#8211; Intuityvus naudojimas, leid\u017eia lengvai konvertuoti.<br \/>\n \t&#8211; Apsauginis barjeras, atramos kojoms ir rankena palaiko t\u0117v\u0105.<br \/>\n \t&#8211; Vairas su \u0161viesos ir garso moduliu interaktyvioms pramogoms.<br \/>\n \t&#8211; Po kojoms esantys pasukami ratukai leid\u017eia pasukti 360 laipsni\u0173 kampu.<br \/>\n \t&#8211; Po s\u0117dyne yra vieta j\u016bs\u0173 vaiko m\u0117gstamiems \u017eaislams.<br \/>\n \t&#8211; Svoris: 5 kg; palaiko motorin\u0117s koordinacijos ir erdvin\u0117s orientacijos vystym\u0105si.Atraskite kupin\u0105 nuotyki\u0173 pasaul\u012f su\u00a0FEBER CASUAL PUSH N&#8217;GO 5in1\u00a0\u2013 pasiva\u017ein\u0117jimu, kuris nuves j\u016bs\u0173 vaik\u0105 \u012f \u012fdomi\u0105 kelion\u0119, kupin\u0105 \u017eini\u0173 ir pramog\u0173! St\u016bmiklio ir svirties funkcij\u0173 d\u0117ka \u0161is pasiva\u017ein\u0117jimas suteikia \u012fvairi\u0173 potyri\u0173, pritaikyt\u0173 \u012fvairiems vaiko raidos etapams. \u012erengtas apsauginis barjeras, koj\u0173 atramos ir rankena t\u0117vams, u\u017etikrina saug\u0173 \u017eaidim\u0105. \u0160viesos ir garso modulis ant vairo bei besisukantys ratukai po koj\u0173 atramais padidina \u017eaidimo tikrovi\u0161kum\u0105 ir interaktyvum\u0105. Leiskite savo vaikui atrasti pasaul\u012f su\u00a0FEBER CASUAL PUSH N&#8217;GO 5in1\u00a0\u2013 pasiva\u017ein\u0117jimu, kuris skatina smalsum\u0105 ir skatina aktyvum\u0105!<\/p>\n<p>Raksturojums:<\/p>\n<p> \t&#8211; Skirta \u012fvairaus vystymosi etap\u0173 vaikams.<br \/>\n \t&#8211; 5in1: pasiva\u017ein\u0117jimas, ve\u017eim\u0117lis t\u0117vams, svirtis, st\u016bmikas ir \u017eaisl\u0173 saugykla<br \/>\n \t&#8211; Intuityvus naudojimas, leid\u017eia lengvai konvertuoti.<br \/>\n \t&#8211; Apsauginis barjeras, atramos kojoms ir rankena palaiko t\u0117v\u0105.<br \/>\n \t&#8211; Vairas su \u0161viesos ir garso moduliu interaktyvioms pramogoms.<br \/>\n \t&#8211; Po kojoms esantys pasukami ratukai leid\u017eia pasukti 360 laipsni\u0173 kampu.<br \/>\n \t&#8211; Po s\u0117dyne yra vieta j\u016bs\u0173 vaiko m\u0117gstamiems \u017eaislams.<br \/>\n \t&#8211; Svoris: 5 kg; palaiko motorin\u0117s koordinacijos ir erdvin\u0117s orientacijos vystym\u0105si.<\/p>","protected":false},"excerpt":{"rendered":"<p>Atraskite kupin\u0105 nuotyki\u0173 pasaul\u012f su\u00a0FEBER CASUAL PUSH N&#8217;GO 5in1\u00a0\u2013 pasiva\u017ein\u0117jimu, kuris nuves j\u016bs\u0173 vaik\u0105 \u012f \u012fdomi\u0105 kelion\u0119, kupin\u0105 \u017eini\u0173 ir<\/p>","protected":false},"featured_media":56667,"template":"","meta":{"_acf_changed":false,"_glsr_average":0,"_glsr_ranking":0,"_glsr_reviews":0},"product_brand":[],"product_cat":[237,238],"product_tag":[],"class_list":{"0":"post-89887","1":"product","2":"type-product","3":"status-publish","4":"has-post-thumbnail","6":"product_cat-judejimo-priemones","7":"product_cat-stumdomos-masineles","8":"\"style=\"background-color: #2ecc711c;\"","10":"first","11":"instock","12":"purchasable","13":"product-type-simple"},"acf":[],"yoast_head":"<!-- This site is optimized with the Yoast SEO plugin v27.4 - https:\/\/yoast.com\/product\/yoast-seo-wordpress\/ -->\n<title>Daugiafunkcinis automobilis 5in1<\/title>\n<meta name=\"description\" content=\"Daugiafunkcinis automobilis 5in1 - KidsPlay. Did\u017eiausias vaik\u0173 \u017eaisl\u0173 pasirinkimas.\" \/>\n<meta name=\"robots\" content=\"index, follow, max-snippet:-1, max-image-preview:large, max-video-preview:-1\" \/>\n<link rel=\"canonical\" href=\"https:\/\/kidsplay.lt\/lv\/products\/daugiafunkcinis-automobilis-5in1\/\" \/>\n<meta property=\"og:locale\" content=\"lv_LV\" \/>\n<meta property=\"og:type\" content=\"article\" \/>\n<meta property=\"og:title\" content=\"Daugiafunkcinis automobilis 5in1\" \/>\n<meta property=\"og:description\" content=\"Daugiafunkcinis automobilis 5in1 - KidsPlay. Did\u017eiausias vaik\u0173 \u017eaisl\u0173 pasirinkimas.\" \/>\n<meta property=\"og:url\" content=\"https:\/\/kidsplay.lt\/lv\/products\/daugiafunkcinis-automobilis-5in1\/\" \/>\n<meta property=\"og:site_name\" content=\"KidsPlay\" \/>\n<meta property=\"article:publisher\" content=\"https:\/\/www.facebook.com\/www.kidsplay.lt\" \/>\n<meta property=\"article:modified_time\" content=\"2026-04-13T12:09:57+00:00\" \/>\n<meta property=\"og:image\" content=\"https:\/\/kidsplay.lt\/wp-content\/uploads\/2024\/09\/Daugiafunkcinis-automobilis-5in1.jpg\" \/>\n\t<meta property=\"og:image:width\" content=\"1000\" \/>\n\t<meta property=\"og:image:height\" content=\"1000\" \/>\n\t<meta property=\"og:image:type\" content=\"image\/jpeg\" \/>\n<meta name=\"twitter:card\" content=\"summary_large_image\" \/>\n<meta name=\"twitter:label1\" content=\"Est. reading time\" \/>\n\t<meta name=\"twitter:data1\" content=\"2 min\u016btes\" \/>\n<script type=\"application\/ld+json\" class=\"yoast-schema-graph\">{\"@context\":\"https:\\\/\\\/schema.org\",\"@graph\":[{\"@type\":\"WebPage\",\"@id\":\"https:\\\/\\\/kidsplay.lt\\\/produktas\\\/daugiafunkcinis-automobilis-5in1\\\/\",\"url\":\"https:\\\/\\\/kidsplay.lt\\\/produktas\\\/daugiafunkcinis-automobilis-5in1\\\/\",\"name\":\"Daugiafunkcinis automobilis 5in1\",\"isPartOf\":{\"@id\":\"https:\\\/\\\/kidsplay.lt\\\/#website\"},\"primaryImageOfPage\":{\"@id\":\"https:\\\/\\\/kidsplay.lt\\\/produktas\\\/daugiafunkcinis-automobilis-5in1\\\/#primaryimage\"},\"image\":{\"@id\":\"https:\\\/\\\/kidsplay.lt\\\/produktas\\\/daugiafunkcinis-automobilis-5in1\\\/#primaryimage\"},\"thumbnailUrl\":\"https:\\\/\\\/kidsplay.lt\\\/wp-content\\\/uploads\\\/2024\\\/09\\\/Daugiafunkcinis-automobilis-5in1.jpg\",\"datePublished\":\"2026-02-26T07:32:52+00:00\",\"dateModified\":\"2026-04-13T12:09:57+00:00\",\"description\":\"Daugiafunkcinis automobilis 5in1 - KidsPlay. Did\u017eiausias vaik\u0173 \u017eaisl\u0173 pasirinkimas.\",\"breadcrumb\":{\"@id\":\"https:\\\/\\\/kidsplay.lt\\\/produktas\\\/daugiafunkcinis-automobilis-5in1\\\/#breadcrumb\"},\"inLanguage\":\"lv-LV\",\"potentialAction\":[{\"@type\":\"ReadAction\",\"target\":[\"https:\\\/\\\/kidsplay.lt\\\/produktas\\\/daugiafunkcinis-automobilis-5in1\\\/\"]}]},{\"@type\":\"ImageObject\",\"inLanguage\":\"lv-LV\",\"@id\":\"https:\\\/\\\/kidsplay.lt\\\/produktas\\\/daugiafunkcinis-automobilis-5in1\\\/#primaryimage\",\"url\":\"https:\\\/\\\/kidsplay.lt\\\/wp-content\\\/uploads\\\/2024\\\/09\\\/Daugiafunkcinis-automobilis-5in1.jpg\",\"contentUrl\":\"https:\\\/\\\/kidsplay.lt\\\/wp-content\\\/uploads\\\/2024\\\/09\\\/Daugiafunkcinis-automobilis-5in1.jpg\",\"width\":1000,\"height\":1000,\"caption\":\"Daugiafunkcinis automobilis 5in1\"},{\"@type\":\"BreadcrumbList\",\"@id\":\"https:\\\/\\\/kidsplay.lt\\\/produktas\\\/daugiafunkcinis-automobilis-5in1\\\/#breadcrumb\",\"itemListElement\":[{\"@type\":\"ListItem\",\"position\":1,\"name\":\"Pagrindinis\",\"item\":\"https:\\\/\\\/kidsplay.lt\\\/\"},{\"@type\":\"ListItem\",\"position\":2,\"name\":\"Parduotuv\u0117\",\"item\":\"https:\\\/\\\/kidsplay.lt\\\/parduotuve\\\/\"},{\"@type\":\"ListItem\",\"position\":3,\"name\":\"Daugiafunkcinis automobilis 5in1\"}]},{\"@type\":\"WebSite\",\"@id\":\"https:\\\/\\\/kidsplay.lt\\\/#website\",\"url\":\"https:\\\/\\\/kidsplay.lt\\\/\",\"name\":\"Kidsplay.lt\",\"description\":\"\u012evairios prek\u0117s vaikams\",\"publisher\":{\"@id\":\"https:\\\/\\\/kidsplay.lt\\\/#organization\"},\"alternateName\":\"Kidsplay\",\"potentialAction\":[{\"@type\":\"SearchAction\",\"target\":{\"@type\":\"EntryPoint\",\"urlTemplate\":\"https:\\\/\\\/kidsplay.lt\\\/?s={search_term_string}\"},\"query-input\":{\"@type\":\"PropertyValueSpecification\",\"valueRequired\":true,\"valueName\":\"search_term_string\"}}],\"inLanguage\":\"lv-LV\"},{\"@type\":\"Organization\",\"@id\":\"https:\\\/\\\/kidsplay.lt\\\/#organization\",\"name\":\"KidsPlay\",\"url\":\"https:\\\/\\\/kidsplay.lt\\\/\",\"logo\":{\"@type\":\"ImageObject\",\"inLanguage\":\"lv-LV\",\"@id\":\"https:\\\/\\\/kidsplay.lt\\\/#\\\/schema\\\/logo\\\/image\\\/\",\"url\":\"https:\\\/\\\/kidsplay.lt\\\/wp-content\\\/uploads\\\/2023\\\/07\\\/kidsplay-logo.png\",\"contentUrl\":\"https:\\\/\\\/kidsplay.lt\\\/wp-content\\\/uploads\\\/2023\\\/07\\\/kidsplay-logo.png\",\"width\":451,\"height\":98,\"caption\":\"KidsPlay\"},\"image\":{\"@id\":\"https:\\\/\\\/kidsplay.lt\\\/#\\\/schema\\\/logo\\\/image\\\/\"},\"sameAs\":[\"https:\\\/\\\/www.facebook.com\\\/www.kidsplay.lt\"]}]}<\/script>\n<!-- \/ Yoast SEO plugin. -->","yoast_head_json":{"title":"Daudzfunkcion\u0101la automa\u0161\u012bna 5in1","description":"Daugiafunkcinis automobilis 5in1 - KidsPlay. Did\u017eiausias vaik\u0173 \u017eaisl\u0173 pasirinkimas.","robots":{"index":"index","follow":"follow","max-snippet":"max-snippet:-1","max-image-preview":"max-image-preview:large","max-video-preview":"max-video-preview:-1"},"canonical":"https:\/\/kidsplay.lt\/lv\/products\/daugiafunkcinis-automobilis-5in1\/","og_locale":"lv_LV","og_type":"article","og_title":"Daugiafunkcinis automobilis 5in1","og_description":"Daugiafunkcinis automobilis 5in1 - KidsPlay. Did\u017eiausias vaik\u0173 \u017eaisl\u0173 pasirinkimas.","og_url":"https:\/\/kidsplay.lt\/lv\/products\/daugiafunkcinis-automobilis-5in1\/","og_site_name":"KidsPlay","article_publisher":"https:\/\/www.facebook.com\/www.kidsplay.lt","article_modified_time":"2026-04-13T12:09:57+00:00","og_image":[{"width":1000,"height":1000,"url":"https:\/\/kidsplay.lt\/wp-content\/uploads\/2024\/09\/Daugiafunkcinis-automobilis-5in1.jpg","type":"image\/jpeg"}],"twitter_card":"summary_large_image","twitter_misc":{"Est. reading time":"2 min\u016btes"},"schema":{"@context":"https:\/\/schema.org","@graph":[{"@type":"WebPage","@id":"https:\/\/kidsplay.lt\/produktas\/daugiafunkcinis-automobilis-5in1\/","url":"https:\/\/kidsplay.lt\/produktas\/daugiafunkcinis-automobilis-5in1\/","name":"Daudzfunkcion\u0101la automa\u0161\u012bna 5in1","isPartOf":{"@id":"https:\/\/kidsplay.lt\/#website"},"primaryImageOfPage":{"@id":"https:\/\/kidsplay.lt\/produktas\/daugiafunkcinis-automobilis-5in1\/#primaryimage"},"image":{"@id":"https:\/\/kidsplay.lt\/produktas\/daugiafunkcinis-automobilis-5in1\/#primaryimage"},"thumbnailUrl":"https:\/\/kidsplay.lt\/wp-content\/uploads\/2024\/09\/Daugiafunkcinis-automobilis-5in1.jpg","datePublished":"2026-02-26T07:32:52+00:00","dateModified":"2026-04-13T12:09:57+00:00","description":"Daugiafunkcinis automobilis 5in1 - KidsPlay. Did\u017eiausias vaik\u0173 \u017eaisl\u0173 pasirinkimas.","breadcrumb":{"@id":"https:\/\/kidsplay.lt\/produktas\/daugiafunkcinis-automobilis-5in1\/#breadcrumb"},"inLanguage":"lv-LV","potentialAction":[{"@type":"ReadAction","target":["https:\/\/kidsplay.lt\/produktas\/daugiafunkcinis-automobilis-5in1\/"]}]},{"@type":"ImageObject","inLanguage":"lv-LV","@id":"https:\/\/kidsplay.lt\/produktas\/daugiafunkcinis-automobilis-5in1\/#primaryimage","url":"https:\/\/kidsplay.lt\/wp-content\/uploads\/2024\/09\/Daugiafunkcinis-automobilis-5in1.jpg","contentUrl":"https:\/\/kidsplay.lt\/wp-content\/uploads\/2024\/09\/Daugiafunkcinis-automobilis-5in1.jpg","width":1000,"height":1000,"caption":"Daugiafunkcinis automobilis 5in1"},{"@type":"BreadcrumbList","@id":"https:\/\/kidsplay.lt\/produktas\/daugiafunkcinis-automobilis-5in1\/#breadcrumb","itemListElement":[{"@type":"ListItem","position":1,"name":"Pagrindinis","item":"https:\/\/kidsplay.lt\/"},{"@type":"ListItem","position":2,"name":"Parduotuv\u0117","item":"https:\/\/kidsplay.lt\/parduotuve\/"},{"@type":"ListItem","position":3,"name":"Daugiafunkcinis automobilis 5in1"}]},{"@type":"WebSite","@id":"https:\/\/kidsplay.lt\/#website","url":"https:\/\/kidsplay.lt\/","name":"B\u0113rnu sp\u0113les.lv","description":"\u012evairios prek\u0117s vaikams","publisher":{"@id":"https:\/\/kidsplay.lt\/#organization"},"alternateName":"Kidsplay","potentialAction":[{"@type":"SearchAction","target":{"@type":"EntryPoint","urlTemplate":"https:\/\/kidsplay.lt\/?s={search_term_string}"},"query-input":{"@type":"PropertyValueSpecification","valueRequired":true,"valueName":"search_term_string"}}],"inLanguage":"lv-LV"},{"@type":"Organization","@id":"https:\/\/kidsplay.lt\/#organization","name":"B\u0113rnu sp\u0113le","url":"https:\/\/kidsplay.lt\/","logo":{"@type":"ImageObject","inLanguage":"lv-LV","@id":"https:\/\/kidsplay.lt\/#\/schema\/logo\/image\/","url":"https:\/\/kidsplay.lt\/wp-content\/uploads\/2023\/07\/kidsplay-logo.png","contentUrl":"https:\/\/kidsplay.lt\/wp-content\/uploads\/2023\/07\/kidsplay-logo.png","width":451,"height":98,"caption":"KidsPlay"},"image":{"@id":"https:\/\/kidsplay.lt\/#\/schema\/logo\/image\/"},"sameAs":["https:\/\/www.facebook.com\/www.kidsplay.lt"]}]}},"_links":{"self":[{"href":"https:\/\/kidsplay.lt\/lv\/wp-json\/wp\/v2\/product\/89887","targetHints":{"allow":["GET"]}}],"collection":[{"href":"https:\/\/kidsplay.lt\/lv\/wp-json\/wp\/v2\/product"}],"about":[{"href":"https:\/\/kidsplay.lt\/lv\/wp-json\/wp\/v2\/types\/product"}],"version-history":[{"count":1,"href":"https:\/\/kidsplay.lt\/lv\/wp-json\/wp\/v2\/product\/89887\/revisions"}],"predecessor-version":[{"id":89888,"href":"https:\/\/kidsplay.lt\/lv\/wp-json\/wp\/v2\/product\/89887\/revisions\/89888"}],"wp:featuredmedia":[{"embeddable":true,"href":"https:\/\/kidsplay.lt\/lv\/wp-json\/wp\/v2\/media\/56667"}],"wp:attachment":[{"href":"https:\/\/kidsplay.lt\/lv\/wp-json\/wp\/v2\/media?parent=89887"}],"wp:term":[{"taxonomy":"product_brand","embeddable":true,"href":"https:\/\/kidsplay.lt\/lv\/wp-json\/wp\/v2\/product_brand?post=89887"},{"taxonomy":"product_cat","embeddable":true,"href":"https:\/\/kidsplay.lt\/lv\/wp-json\/wp\/v2\/product_cat?post=89887"},{"taxonomy":"product_tag","embeddable":true,"href":"https:\/\/kidsplay.lt\/lv\/wp-json\/wp\/v2\/product_tag?post=89887"}],"curies":[{"name":"wp","href":"https:\/\/api.w.org\/{rel}","templated":true}]}}