{"id":89889,"date":"2026-02-26T09:32:54","date_gmt":"2026-02-26T07:32:54","guid":{"rendered":"https:\/\/kidsplay.lt\/produktas\/rollyx-trac-premium-john-deere-pedalinis-traktoriaus-kausas-tylus-ratai-3-10-metu-iki-50-kg\/"},"modified":"2026-04-13T15:10:00","modified_gmt":"2026-04-13T12:10:00","slug":"rollyx-trac-premium-john-deere-pedalinis-traktoriaus-kausas-tylus-ratai-3-10-metu-iki-50-kg","status":"publish","type":"product","link":"https:\/\/kidsplay.lt\/lv\/products\/rollyx-trac-premium-john-deere-pedalinis-traktoriaus-kausas-tylus-ratai-3-10-metu-iki-50-kg\/","title":{"rendered":"RollyX-Trac Premium John Deere Pedalinis traktoriaus kau\u0161as tyl\u016bs ratai 3\u201310 met\u0173 iki 50 kg"},"content":{"rendered":"<p>RollyX-Trac Premium John Deere\u00a0pedalinis traktorius\u00a0yra daugelio ma\u017e\u0173 traktorinink\u0173 svajoni\u0173 i\u0161sipildymas. Pagaminta kruop\u0161\u010diai, atkreipiant d\u0117mes\u012f \u012f smulkiausias detales. Traktori\u0173\u00a0lengva valyti,\u00a0tod\u0117l jis puikiai tinka naudoti namuose ir lauke. D\u0117l stumdomos s\u0117dyn\u0117s transporto priemon\u0117 auga kartu su vaiku. Traktoriaus konstrukcija garantuoja visi\u0161k\u0105\u00a0saugum\u0105\u00a0\u017eaid\u017eiant d\u0117l\u00a0\u200b\u200b\u012fmontuotos mechanin\u0117s sistemos,\u00a0kuri apsaugo vaik\u0105 nuo atsitiktini\u0173 su\u017ealojim\u0173. Gaubtas atsidaro, o ekskavatoriaus kau\u0161as yra nuimamas, tod\u0117l galima \u017eaisti \u012fvairius \u017eaidimo scenarijus. D\u0117l tyli\u0173 ratuk\u0173 j\u016bs\u0173 vaikas gali lengvai \u017eaisti namuose, nekeldamas nemalonaus triuk\u0161mo. Be to, traktoriuje yra\u00a0reguliuojama s\u0117dyn\u0117\u00a0, kuri leid\u017eia j\u0105 reguliuoti pagal vaiko \u016bg\u012f.<\/p>\n<p>SAVYB\u0116S:<\/p>\n<p>&#8211; \u017daislas vaikams\u00a0nuo 3 met\u0173<br \/>\n&#8211; Pakeliamas priekinis gaubtas<br \/>\n&#8211; Gumin\u0117s juostos ant rat\u0173 &#8211; Neleid\u017eia traktoriui\u00a0kelti didelio triuk\u0161mo<br \/>\n&#8211; Reguliuojama s\u0117dyn\u0117s pad\u0117tis &#8211; \u017daislas auga kartu su vaiku<br \/>\n&#8211;\u00a0Kilnojamas\u00a0, nuimamas priekinis kau\u0161as<br \/>\n&#8211; Mechanin\u0117 sistema yra\u00a0u\u017edara ir\u00a0vaikui nepasiekiama<\/p>","protected":false},"excerpt":{"rendered":"<p>RollyX-Trac Premium John Deere\u00a0pedalinis traktorius\u00a0yra daugelio ma\u017e\u0173 traktorinink\u0173 svajoni\u0173 i\u0161sipildymas. Pagaminta kruop\u0161\u010diai, atkreipiant d\u0117mes\u012f \u012f smulkiausias detales. Traktori\u0173\u00a0lengva valyti,\u00a0tod\u0117l jis<\/p>","protected":false},"featured_media":60583,"template":"","meta":{"_acf_changed":false,"_glsr_average":0,"_glsr_ranking":0,"_glsr_reviews":0},"product_brand":[],"product_cat":[237,393],"product_tag":[],"class_list":{"0":"post-89889","1":"product","2":"type-product","3":"status-publish","4":"has-post-thumbnail","6":"product_cat-judejimo-priemones","7":"product_cat-zaisliniai-traktoriai","8":"\"style=\"background-color: #2ecc711c;\"","10":"first","11":"instock","12":"purchasable","13":"product-type-simple"},"acf":[],"yoast_head":"<!-- This site is optimized with the Yoast SEO plugin v27.3 - https:\/\/yoast.com\/product\/yoast-seo-wordpress\/ -->\n<title>RollyX-Trac Premium John Deere Pedalinis traktoriaus kau\u0161as tyl\u016bs ratai 3\u201310 met\u0173 iki 50 kg<\/title>\n<meta name=\"description\" content=\"RollyX-Trac Premium John Deere Pedalinis traktoriaus kau\u0161as tyl\u016bs ratai 3\u201310 met\u0173 iki 50 kg - KidsPlay. Did\u017eiausias vaik\u0173 \u017eaisl\u0173 pasirinkimas.\" \/>\n<meta name=\"robots\" content=\"index, follow, max-snippet:-1, max-image-preview:large, max-video-preview:-1\" \/>\n<link rel=\"canonical\" href=\"https:\/\/kidsplay.lt\/lv\/products\/rollyx-trac-premium-john-deere-pedalinis-traktoriaus-kausas-tylus-ratai-3-10-metu-iki-50-kg\/\" \/>\n<meta property=\"og:locale\" content=\"lv_LV\" \/>\n<meta property=\"og:type\" content=\"article\" \/>\n<meta property=\"og:title\" content=\"RollyX-Trac Premium John Deere Pedalinis traktoriaus kau\u0161as tyl\u016bs ratai 3\u201310 met\u0173 iki 50 kg\" \/>\n<meta property=\"og:description\" content=\"RollyX-Trac Premium John Deere Pedalinis traktoriaus kau\u0161as tyl\u016bs ratai 3\u201310 met\u0173 iki 50 kg - KidsPlay. Did\u017eiausias vaik\u0173 \u017eaisl\u0173 pasirinkimas.\" \/>\n<meta property=\"og:url\" content=\"https:\/\/kidsplay.lt\/lv\/products\/rollyx-trac-premium-john-deere-pedalinis-traktoriaus-kausas-tylus-ratai-3-10-metu-iki-50-kg\/\" \/>\n<meta property=\"og:site_name\" content=\"KidsPlay\" \/>\n<meta property=\"article:publisher\" content=\"https:\/\/www.facebook.com\/www.kidsplay.lt\" \/>\n<meta property=\"article:modified_time\" content=\"2026-04-13T12:10:00+00:00\" \/>\n<meta property=\"og:image\" content=\"https:\/\/kidsplay.lt\/wp-content\/uploads\/2025\/03\/RollyX-Trac-Premium-John-Deere-Pedalinis-traktoriaus-kausas-tylus-ratai-3\u201310-metu-iki-50-kg.jpg\" \/>\n\t<meta property=\"og:image:width\" content=\"2560\" \/>\n\t<meta property=\"og:image:height\" content=\"2560\" \/>\n\t<meta property=\"og:image:type\" content=\"image\/jpeg\" \/>\n<meta name=\"twitter:card\" content=\"summary_large_image\" \/>\n<meta name=\"twitter:label1\" content=\"Est. reading time\" \/>\n\t<meta name=\"twitter:data1\" content=\"1 min\u016bte\" \/>\n<script type=\"application\/ld+json\" class=\"yoast-schema-graph\">{\"@context\":\"https:\\\/\\\/schema.org\",\"@graph\":[{\"@type\":\"WebPage\",\"@id\":\"https:\\\/\\\/kidsplay.lt\\\/produktas\\\/rollyx-trac-premium-john-deere-pedalinis-traktoriaus-kausas-tylus-ratai-3-10-metu-iki-50-kg\\\/\",\"url\":\"https:\\\/\\\/kidsplay.lt\\\/produktas\\\/rollyx-trac-premium-john-deere-pedalinis-traktoriaus-kausas-tylus-ratai-3-10-metu-iki-50-kg\\\/\",\"name\":\"RollyX-Trac Premium John Deere Pedalinis traktoriaus kau\u0161as tyl\u016bs ratai 3\u201310 met\u0173 iki 50 kg\",\"isPartOf\":{\"@id\":\"https:\\\/\\\/kidsplay.lt\\\/#website\"},\"primaryImageOfPage\":{\"@id\":\"https:\\\/\\\/kidsplay.lt\\\/produktas\\\/rollyx-trac-premium-john-deere-pedalinis-traktoriaus-kausas-tylus-ratai-3-10-metu-iki-50-kg\\\/#primaryimage\"},\"image\":{\"@id\":\"https:\\\/\\\/kidsplay.lt\\\/produktas\\\/rollyx-trac-premium-john-deere-pedalinis-traktoriaus-kausas-tylus-ratai-3-10-metu-iki-50-kg\\\/#primaryimage\"},\"thumbnailUrl\":\"https:\\\/\\\/kidsplay.lt\\\/wp-content\\\/uploads\\\/2025\\\/03\\\/RollyX-Trac-Premium-John-Deere-Pedalinis-traktoriaus-kausas-tylus-ratai-3\u201310-metu-iki-50-kg.jpg\",\"datePublished\":\"2026-02-26T07:32:54+00:00\",\"dateModified\":\"2026-04-13T12:10:00+00:00\",\"description\":\"RollyX-Trac Premium John Deere Pedalinis traktoriaus kau\u0161as tyl\u016bs ratai 3\u201310 met\u0173 iki 50 kg - KidsPlay. Did\u017eiausias vaik\u0173 \u017eaisl\u0173 pasirinkimas.\",\"breadcrumb\":{\"@id\":\"https:\\\/\\\/kidsplay.lt\\\/produktas\\\/rollyx-trac-premium-john-deere-pedalinis-traktoriaus-kausas-tylus-ratai-3-10-metu-iki-50-kg\\\/#breadcrumb\"},\"inLanguage\":\"lv-LV\",\"potentialAction\":[{\"@type\":\"ReadAction\",\"target\":[\"https:\\\/\\\/kidsplay.lt\\\/produktas\\\/rollyx-trac-premium-john-deere-pedalinis-traktoriaus-kausas-tylus-ratai-3-10-metu-iki-50-kg\\\/\"]}]},{\"@type\":\"ImageObject\",\"inLanguage\":\"lv-LV\",\"@id\":\"https:\\\/\\\/kidsplay.lt\\\/produktas\\\/rollyx-trac-premium-john-deere-pedalinis-traktoriaus-kausas-tylus-ratai-3-10-metu-iki-50-kg\\\/#primaryimage\",\"url\":\"https:\\\/\\\/kidsplay.lt\\\/wp-content\\\/uploads\\\/2025\\\/03\\\/RollyX-Trac-Premium-John-Deere-Pedalinis-traktoriaus-kausas-tylus-ratai-3\u201310-metu-iki-50-kg.jpg\",\"contentUrl\":\"https:\\\/\\\/kidsplay.lt\\\/wp-content\\\/uploads\\\/2025\\\/03\\\/RollyX-Trac-Premium-John-Deere-Pedalinis-traktoriaus-kausas-tylus-ratai-3\u201310-metu-iki-50-kg.jpg\",\"width\":2560,\"height\":2560,\"caption\":\"RollyX-Trac Premium John Deere Pedalinis traktoriaus kau\u0161as tyl\u016bs ratai 3\u201310 met\u0173 iki 50 kg\"},{\"@type\":\"BreadcrumbList\",\"@id\":\"https:\\\/\\\/kidsplay.lt\\\/produktas\\\/rollyx-trac-premium-john-deere-pedalinis-traktoriaus-kausas-tylus-ratai-3-10-metu-iki-50-kg\\\/#breadcrumb\",\"itemListElement\":[{\"@type\":\"ListItem\",\"position\":1,\"name\":\"Pagrindinis\",\"item\":\"https:\\\/\\\/kidsplay.lt\\\/\"},{\"@type\":\"ListItem\",\"position\":2,\"name\":\"Parduotuv\u0117\",\"item\":\"https:\\\/\\\/kidsplay.lt\\\/parduotuve\\\/\"},{\"@type\":\"ListItem\",\"position\":3,\"name\":\"RollyX-Trac Premium John Deere Pedalinis traktoriaus kau\u0161as tyl\u016bs ratai 3\u201310 met\u0173 iki 50 kg\"}]},{\"@type\":\"WebSite\",\"@id\":\"https:\\\/\\\/kidsplay.lt\\\/#website\",\"url\":\"https:\\\/\\\/kidsplay.lt\\\/\",\"name\":\"Kidsplay.lt\",\"description\":\"\u012evairios prek\u0117s vaikams\",\"publisher\":{\"@id\":\"https:\\\/\\\/kidsplay.lt\\\/#organization\"},\"alternateName\":\"Kidsplay\",\"potentialAction\":[{\"@type\":\"SearchAction\",\"target\":{\"@type\":\"EntryPoint\",\"urlTemplate\":\"https:\\\/\\\/kidsplay.lt\\\/?s={search_term_string}\"},\"query-input\":{\"@type\":\"PropertyValueSpecification\",\"valueRequired\":true,\"valueName\":\"search_term_string\"}}],\"inLanguage\":\"lv-LV\"},{\"@type\":\"Organization\",\"@id\":\"https:\\\/\\\/kidsplay.lt\\\/#organization\",\"name\":\"KidsPlay\",\"url\":\"https:\\\/\\\/kidsplay.lt\\\/\",\"logo\":{\"@type\":\"ImageObject\",\"inLanguage\":\"lv-LV\",\"@id\":\"https:\\\/\\\/kidsplay.lt\\\/#\\\/schema\\\/logo\\\/image\\\/\",\"url\":\"https:\\\/\\\/kidsplay.lt\\\/wp-content\\\/uploads\\\/2023\\\/07\\\/kidsplay-logo.png\",\"contentUrl\":\"https:\\\/\\\/kidsplay.lt\\\/wp-content\\\/uploads\\\/2023\\\/07\\\/kidsplay-logo.png\",\"width\":451,\"height\":98,\"caption\":\"KidsPlay\"},\"image\":{\"@id\":\"https:\\\/\\\/kidsplay.lt\\\/#\\\/schema\\\/logo\\\/image\\\/\"},\"sameAs\":[\"https:\\\/\\\/www.facebook.com\\\/www.kidsplay.lt\"]}]}<\/script>\n<!-- \/ Yoast SEO plugin. -->","yoast_head_json":{"title":"RollyX-Trac Premium John Deere Pedalinis traktoriaus kau\u0161as tyl\u016bs ratai 3\u201310 met\u0173 iki 50 kg","description":"RollyX-Trac Premium John Deere Pedalinis traktoriaus kau\u0161as tyl\u016bs ratai 3\u201310 met\u0173 iki 50 kg - KidsPlay. Did\u017eiausias vaik\u0173 \u017eaisl\u0173 pasirinkimas.","robots":{"index":"index","follow":"follow","max-snippet":"max-snippet:-1","max-image-preview":"max-image-preview:large","max-video-preview":"max-video-preview:-1"},"canonical":"https:\/\/kidsplay.lt\/lv\/products\/rollyx-trac-premium-john-deere-pedalinis-traktoriaus-kausas-tylus-ratai-3-10-metu-iki-50-kg\/","og_locale":"lv_LV","og_type":"article","og_title":"RollyX-Trac Premium John Deere Pedalinis traktoriaus kau\u0161as tyl\u016bs ratai 3\u201310 met\u0173 iki 50 kg","og_description":"RollyX-Trac Premium John Deere Pedalinis traktoriaus kau\u0161as tyl\u016bs ratai 3\u201310 met\u0173 iki 50 kg - KidsPlay. Did\u017eiausias vaik\u0173 \u017eaisl\u0173 pasirinkimas.","og_url":"https:\/\/kidsplay.lt\/lv\/products\/rollyx-trac-premium-john-deere-pedalinis-traktoriaus-kausas-tylus-ratai-3-10-metu-iki-50-kg\/","og_site_name":"KidsPlay","article_publisher":"https:\/\/www.facebook.com\/www.kidsplay.lt","article_modified_time":"2026-04-13T12:10:00+00:00","og_image":[{"width":2560,"height":2560,"url":"https:\/\/kidsplay.lt\/wp-content\/uploads\/2025\/03\/RollyX-Trac-Premium-John-Deere-Pedalinis-traktoriaus-kausas-tylus-ratai-3\u201310-metu-iki-50-kg.jpg","type":"image\/jpeg"}],"twitter_card":"summary_large_image","twitter_misc":{"Est. reading time":"1 min\u016bte"},"schema":{"@context":"https:\/\/schema.org","@graph":[{"@type":"WebPage","@id":"https:\/\/kidsplay.lt\/produktas\/rollyx-trac-premium-john-deere-pedalinis-traktoriaus-kausas-tylus-ratai-3-10-metu-iki-50-kg\/","url":"https:\/\/kidsplay.lt\/produktas\/rollyx-trac-premium-john-deere-pedalinis-traktoriaus-kausas-tylus-ratai-3-10-metu-iki-50-kg\/","name":"RollyX-Trac Premium John Deere Pedalinis traktoriaus kau\u0161as tyl\u016bs ratai 3\u201310 met\u0173 iki 50 kg","isPartOf":{"@id":"https:\/\/kidsplay.lt\/#website"},"primaryImageOfPage":{"@id":"https:\/\/kidsplay.lt\/produktas\/rollyx-trac-premium-john-deere-pedalinis-traktoriaus-kausas-tylus-ratai-3-10-metu-iki-50-kg\/#primaryimage"},"image":{"@id":"https:\/\/kidsplay.lt\/produktas\/rollyx-trac-premium-john-deere-pedalinis-traktoriaus-kausas-tylus-ratai-3-10-metu-iki-50-kg\/#primaryimage"},"thumbnailUrl":"https:\/\/kidsplay.lt\/wp-content\/uploads\/2025\/03\/RollyX-Trac-Premium-John-Deere-Pedalinis-traktoriaus-kausas-tylus-ratai-3\u201310-metu-iki-50-kg.jpg","datePublished":"2026-02-26T07:32:54+00:00","dateModified":"2026-04-13T12:10:00+00:00","description":"RollyX-Trac Premium John Deere Pedalinis traktoriaus kau\u0161as tyl\u016bs ratai 3\u201310 met\u0173 iki 50 kg - KidsPlay. Did\u017eiausias vaik\u0173 \u017eaisl\u0173 pasirinkimas.","breadcrumb":{"@id":"https:\/\/kidsplay.lt\/produktas\/rollyx-trac-premium-john-deere-pedalinis-traktoriaus-kausas-tylus-ratai-3-10-metu-iki-50-kg\/#breadcrumb"},"inLanguage":"lv-LV","potentialAction":[{"@type":"ReadAction","target":["https:\/\/kidsplay.lt\/produktas\/rollyx-trac-premium-john-deere-pedalinis-traktoriaus-kausas-tylus-ratai-3-10-metu-iki-50-kg\/"]}]},{"@type":"ImageObject","inLanguage":"lv-LV","@id":"https:\/\/kidsplay.lt\/produktas\/rollyx-trac-premium-john-deere-pedalinis-traktoriaus-kausas-tylus-ratai-3-10-metu-iki-50-kg\/#primaryimage","url":"https:\/\/kidsplay.lt\/wp-content\/uploads\/2025\/03\/RollyX-Trac-Premium-John-Deere-Pedalinis-traktoriaus-kausas-tylus-ratai-3\u201310-metu-iki-50-kg.jpg","contentUrl":"https:\/\/kidsplay.lt\/wp-content\/uploads\/2025\/03\/RollyX-Trac-Premium-John-Deere-Pedalinis-traktoriaus-kausas-tylus-ratai-3\u201310-metu-iki-50-kg.jpg","width":2560,"height":2560,"caption":"RollyX-Trac Premium John Deere Pedalinis traktoriaus kau\u0161as tyl\u016bs ratai 3\u201310 met\u0173 iki 50 kg"},{"@type":"BreadcrumbList","@id":"https:\/\/kidsplay.lt\/produktas\/rollyx-trac-premium-john-deere-pedalinis-traktoriaus-kausas-tylus-ratai-3-10-metu-iki-50-kg\/#breadcrumb","itemListElement":[{"@type":"ListItem","position":1,"name":"Pagrindinis","item":"https:\/\/kidsplay.lt\/"},{"@type":"ListItem","position":2,"name":"Parduotuv\u0117","item":"https:\/\/kidsplay.lt\/parduotuve\/"},{"@type":"ListItem","position":3,"name":"RollyX-Trac Premium John Deere Pedalinis traktoriaus kau\u0161as tyl\u016bs ratai 3\u201310 met\u0173 iki 50 kg"}]},{"@type":"WebSite","@id":"https:\/\/kidsplay.lt\/#website","url":"https:\/\/kidsplay.lt\/","name":"B\u0113rnu sp\u0113les.lv","description":"\u012evairios prek\u0117s vaikams","publisher":{"@id":"https:\/\/kidsplay.lt\/#organization"},"alternateName":"Kidsplay","potentialAction":[{"@type":"SearchAction","target":{"@type":"EntryPoint","urlTemplate":"https:\/\/kidsplay.lt\/?s={search_term_string}"},"query-input":{"@type":"PropertyValueSpecification","valueRequired":true,"valueName":"search_term_string"}}],"inLanguage":"lv-LV"},{"@type":"Organization","@id":"https:\/\/kidsplay.lt\/#organization","name":"B\u0113rnu sp\u0113le","url":"https:\/\/kidsplay.lt\/","logo":{"@type":"ImageObject","inLanguage":"lv-LV","@id":"https:\/\/kidsplay.lt\/#\/schema\/logo\/image\/","url":"https:\/\/kidsplay.lt\/wp-content\/uploads\/2023\/07\/kidsplay-logo.png","contentUrl":"https:\/\/kidsplay.lt\/wp-content\/uploads\/2023\/07\/kidsplay-logo.png","width":451,"height":98,"caption":"KidsPlay"},"image":{"@id":"https:\/\/kidsplay.lt\/#\/schema\/logo\/image\/"},"sameAs":["https:\/\/www.facebook.com\/www.kidsplay.lt"]}]}},"_links":{"self":[{"href":"https:\/\/kidsplay.lt\/lv\/wp-json\/wp\/v2\/product\/89889","targetHints":{"allow":["GET"]}}],"collection":[{"href":"https:\/\/kidsplay.lt\/lv\/wp-json\/wp\/v2\/product"}],"about":[{"href":"https:\/\/kidsplay.lt\/lv\/wp-json\/wp\/v2\/types\/product"}],"version-history":[{"count":1,"href":"https:\/\/kidsplay.lt\/lv\/wp-json\/wp\/v2\/product\/89889\/revisions"}],"predecessor-version":[{"id":89890,"href":"https:\/\/kidsplay.lt\/lv\/wp-json\/wp\/v2\/product\/89889\/revisions\/89890"}],"wp:featuredmedia":[{"embeddable":true,"href":"https:\/\/kidsplay.lt\/lv\/wp-json\/wp\/v2\/media\/60583"}],"wp:attachment":[{"href":"https:\/\/kidsplay.lt\/lv\/wp-json\/wp\/v2\/media?parent=89889"}],"wp:term":[{"taxonomy":"product_brand","embeddable":true,"href":"https:\/\/kidsplay.lt\/lv\/wp-json\/wp\/v2\/product_brand?post=89889"},{"taxonomy":"product_cat","embeddable":true,"href":"https:\/\/kidsplay.lt\/lv\/wp-json\/wp\/v2\/product_cat?post=89889"},{"taxonomy":"product_tag","embeddable":true,"href":"https:\/\/kidsplay.lt\/lv\/wp-json\/wp\/v2\/product_tag?post=89889"}],"curies":[{"name":"wp","href":"https:\/\/api.w.org\/{rel}","templated":true}]}}