{"id":89900,"date":"2026-02-26T09:33:09","date_gmt":"2026-02-26T07:33:09","guid":{"rendered":"https:\/\/kidsplay.lt\/produktas\/didelis-rinkinys-xxl-dinozauru-figureles-priesistorinio-pasaulio-kilimelis\/"},"modified":"2026-03-23T08:59:28","modified_gmt":"2026-03-23T06:59:28","slug":"didelis-rinkinys-xxl-dinozauru-figureles-priesistorinio-pasaulio-kilimelis","status":"publish","type":"product","link":"https:\/\/kidsplay.lt\/lv\/products\/didelis-rinkinys-xxl-dinozauru-figureles-priesistorinio-pasaulio-kilimelis\/","title":{"rendered":"Didelis rinkinys XXL dinozaur\u0173 fig\u016br\u0117l\u0117s + &#8222;Prie\u0161istorinio pasaulio&#8221; kilim\u0117lis"},"content":{"rendered":"<p>XXL \u201ePrie\u0161istorinio pasaulio\u201c\u00a0rinkinys\u00a0i\u0161\u00a0WOOPIE\u00a0prek\u0117s \u017eenklo supa\u017eindins j\u016bs\u0173 vaik\u0105 su\u00a0magi\u0161ku\u00a0\u017eaidimo su dinozaur\u0173 fig\u016br\u0117l\u0117mis pasauliu! Rinkin\u012f sudaro net\u00a023 fig\u016br\u0117l\u0117s\u00a0,\u00a0didelis kilim\u0117lis su parko spauda\u00a0ir patogi d\u0117\u017e\u0117 su rankena, kuri pad\u0117s j\u016bs\u0173 vaikui sutvarkyti daiktus \u2013 d\u0117l pritvirtintos rankenos\u00a0jis puikiai tiks ir kelion\u0117ms\u00a0. Dinozaur\u0173 rinkinys yra puikus b\u016bdas\u00a0pagilinti \u017einias\u00a0, rafinuot\u0173 fig\u016br\u0117li\u0173 d\u0117ka vaikas gali i\u0161mokti ne tik r\u016b\u0161i\u0173 pavadinimus, bet ir j\u0173 pavadinimus bei k\u016bno sandar\u0105. Fig\u016br\u0117l\u0117s pagamintos i\u0161 malonios, lanks\u010dios med\u017eiagos, o ry\u0161kios spalvos ir d\u0117mesys detal\u0117ms skatina k\u016brybi\u0161k\u0105 \u017eaidim\u0105. Atminkite, kad\u00a0vaizduot\u0117 neturi rib\u0173\u00a0, tod\u0117l su \u0161iuo rinkiniu j\u016bs\u0173 vaikas gali sukurti nepamir\u0161tam\u0173 nuotyki\u0173 prie\u0161istoriniame pasaulyje!\u00a0<\/p>\n<p>Raksturojums:<\/p>\n<p>&#8211; \u017daislas nuo\u00a03 met\u0173<\/p>\n<p>&#8211;\u00a0\u012e komplekt\u0105 \u012feina\u00a0didelis kilim\u0117lis<\/p>\n<p>&#8211; Patogi rankena ant d\u0117\u017eut\u0117s<\/p>\n<p>&#8211; Skatina vaizduot\u0119 ir k\u016brybi\u0161kum\u0105<\/p>\n<p>\u2013 Puiki priemon\u0117 pa\u017einti prie\u0161istorinius laikus<\/p>\n<p>Komplekt\u0101 ietilpst:<\/p>\n<p>&#8211; 12 dinozaur\u0173 fig\u016br\u0117li\u0173\u00a0&#8211; Tyrannosaurus Rex, Ankylosaurus, Dilophosaurus, Triceratops, Lesothosaurus, Brontosaurus, 2x Spinosaurus, Tarbosaurus, Iguanodon, Pieranodon &#8211; Didelis\u00a0\u017eaidim\u0173<br \/>\nkilim\u0117lis<br \/>\n&#8211; dinozaur\u0173 parkas &#8211; 4 med\u017ei\u0173 fig\u016br\u0117l\u0117s<br \/>\n&#8211; 7 kitos fig\u016bros su akmeniu, ne kiau\u0161inis<\/p>","protected":false},"excerpt":{"rendered":"<p>XXL \u201ePrie\u0161istorinio pasaulio\u201c\u00a0rinkinys\u00a0i\u0161\u00a0WOOPIE\u00a0prek\u0117s \u017eenklo supa\u017eindins j\u016bs\u0173 vaik\u0105 su\u00a0magi\u0161ku\u00a0\u017eaidimo su dinozaur\u0173 fig\u016br\u0117l\u0117mis pasauliu! Rinkin\u012f sudaro net\u00a023 fig\u016br\u0117l\u0117s\u00a0,\u00a0didelis kilim\u0117lis su parko spauda\u00a0ir<\/p>","protected":false},"featured_media":56760,"template":"","meta":{"_acf_changed":false,"_glsr_average":0,"_glsr_ranking":0,"_glsr_reviews":0},"product_brand":[],"product_cat":[436,229],"product_tag":[],"class_list":{"0":"post-89900","1":"product","2":"type-product","3":"status-publish","4":"has-post-thumbnail","6":"product_cat-kolekcionuojamos-figureles","7":"product_cat-zaislai-vaikams","8":"\"style=\"background-color: #2ecc711c;\"","10":"first","11":"outofstock","12":"purchasable","13":"product-type-simple"},"acf":[],"yoast_head":"<!-- This site is optimized with the Yoast SEO plugin v27.4 - https:\/\/yoast.com\/product\/yoast-seo-wordpress\/ -->\n<title>Didelis rinkinys XXL dinozaur\u0173 fig\u016br\u0117l\u0117s + &#8222;Prie\u0161istorinio pasaulio&#8221; kilim\u0117lis<\/title>\n<meta name=\"description\" content=\"Didelis rinkinys XXL dinozaur\u0173 fig\u016br\u0117l\u0117s + &#8222;Prie\u0161istorinio pasaulio&#8221; kilim\u0117lis - KidsPlay. Did\u017eiausias vaik\u0173 \u017eaisl\u0173 pasirinkimas.\" \/>\n<meta name=\"robots\" content=\"index, follow, max-snippet:-1, max-image-preview:large, max-video-preview:-1\" \/>\n<link rel=\"canonical\" href=\"https:\/\/kidsplay.lt\/lv\/products\/didelis-rinkinys-xxl-dinozauru-figureles-priesistorinio-pasaulio-kilimelis\/\" \/>\n<meta property=\"og:locale\" content=\"lv_LV\" \/>\n<meta property=\"og:type\" content=\"article\" \/>\n<meta property=\"og:title\" content=\"Didelis rinkinys XXL dinozaur\u0173 fig\u016br\u0117l\u0117s + &#8222;Prie\u0161istorinio pasaulio&#8221; kilim\u0117lis\" \/>\n<meta property=\"og:description\" content=\"Didelis rinkinys XXL dinozaur\u0173 fig\u016br\u0117l\u0117s + &#8222;Prie\u0161istorinio pasaulio&#8221; kilim\u0117lis - KidsPlay. Did\u017eiausias vaik\u0173 \u017eaisl\u0173 pasirinkimas.\" \/>\n<meta property=\"og:url\" content=\"https:\/\/kidsplay.lt\/lv\/products\/didelis-rinkinys-xxl-dinozauru-figureles-priesistorinio-pasaulio-kilimelis\/\" \/>\n<meta property=\"og:site_name\" content=\"KidsPlay\" \/>\n<meta property=\"article:publisher\" content=\"https:\/\/www.facebook.com\/www.kidsplay.lt\" \/>\n<meta property=\"article:modified_time\" content=\"2026-03-23T06:59:28+00:00\" \/>\n<meta property=\"og:image\" content=\"https:\/\/kidsplay.lt\/wp-content\/uploads\/2024\/09\/Didelis-rinkinys-XXL-dinozauru-figureles-\u201ePriesistorinio-pasaulio-kilimelis.jpg\" \/>\n\t<meta property=\"og:image:width\" content=\"1000\" \/>\n\t<meta property=\"og:image:height\" content=\"1000\" \/>\n\t<meta property=\"og:image:type\" content=\"image\/jpeg\" \/>\n<meta name=\"twitter:card\" content=\"summary_large_image\" \/>\n<meta name=\"twitter:label1\" content=\"Est. reading time\" \/>\n\t<meta name=\"twitter:data1\" content=\"1 min\u016bte\" \/>\n<script type=\"application\/ld+json\" class=\"yoast-schema-graph\">{\"@context\":\"https:\\\/\\\/schema.org\",\"@graph\":[{\"@type\":\"WebPage\",\"@id\":\"https:\\\/\\\/kidsplay.lt\\\/produktas\\\/didelis-rinkinys-xxl-dinozauru-figureles-priesistorinio-pasaulio-kilimelis\\\/\",\"url\":\"https:\\\/\\\/kidsplay.lt\\\/produktas\\\/didelis-rinkinys-xxl-dinozauru-figureles-priesistorinio-pasaulio-kilimelis\\\/\",\"name\":\"Didelis rinkinys XXL dinozaur\u0173 fig\u016br\u0117l\u0117s + &#8222;Prie\u0161istorinio pasaulio&#8221; kilim\u0117lis\",\"isPartOf\":{\"@id\":\"https:\\\/\\\/kidsplay.lt\\\/#website\"},\"primaryImageOfPage\":{\"@id\":\"https:\\\/\\\/kidsplay.lt\\\/produktas\\\/didelis-rinkinys-xxl-dinozauru-figureles-priesistorinio-pasaulio-kilimelis\\\/#primaryimage\"},\"image\":{\"@id\":\"https:\\\/\\\/kidsplay.lt\\\/produktas\\\/didelis-rinkinys-xxl-dinozauru-figureles-priesistorinio-pasaulio-kilimelis\\\/#primaryimage\"},\"thumbnailUrl\":\"https:\\\/\\\/kidsplay.lt\\\/wp-content\\\/uploads\\\/2024\\\/09\\\/Didelis-rinkinys-XXL-dinozauru-figureles-\u201ePriesistorinio-pasaulio-kilimelis.jpg\",\"datePublished\":\"2026-02-26T07:33:09+00:00\",\"dateModified\":\"2026-03-23T06:59:28+00:00\",\"description\":\"Didelis rinkinys XXL dinozaur\u0173 fig\u016br\u0117l\u0117s + &#8222;Prie\u0161istorinio pasaulio&#8221; kilim\u0117lis - KidsPlay. Did\u017eiausias vaik\u0173 \u017eaisl\u0173 pasirinkimas.\",\"breadcrumb\":{\"@id\":\"https:\\\/\\\/kidsplay.lt\\\/produktas\\\/didelis-rinkinys-xxl-dinozauru-figureles-priesistorinio-pasaulio-kilimelis\\\/#breadcrumb\"},\"inLanguage\":\"lv-LV\",\"potentialAction\":[{\"@type\":\"ReadAction\",\"target\":[\"https:\\\/\\\/kidsplay.lt\\\/produktas\\\/didelis-rinkinys-xxl-dinozauru-figureles-priesistorinio-pasaulio-kilimelis\\\/\"]}]},{\"@type\":\"ImageObject\",\"inLanguage\":\"lv-LV\",\"@id\":\"https:\\\/\\\/kidsplay.lt\\\/produktas\\\/didelis-rinkinys-xxl-dinozauru-figureles-priesistorinio-pasaulio-kilimelis\\\/#primaryimage\",\"url\":\"https:\\\/\\\/kidsplay.lt\\\/wp-content\\\/uploads\\\/2024\\\/09\\\/Didelis-rinkinys-XXL-dinozauru-figureles-\u201ePriesistorinio-pasaulio-kilimelis.jpg\",\"contentUrl\":\"https:\\\/\\\/kidsplay.lt\\\/wp-content\\\/uploads\\\/2024\\\/09\\\/Didelis-rinkinys-XXL-dinozauru-figureles-\u201ePriesistorinio-pasaulio-kilimelis.jpg\",\"width\":1000,\"height\":1000,\"caption\":\"Didelis rinkinys XXL dinozaur\u0173 fig\u016br\u0117l\u0117s + &#8222;Prie\u0161istorinio pasaulio&#8221; kilim\u0117lis\"},{\"@type\":\"BreadcrumbList\",\"@id\":\"https:\\\/\\\/kidsplay.lt\\\/produktas\\\/didelis-rinkinys-xxl-dinozauru-figureles-priesistorinio-pasaulio-kilimelis\\\/#breadcrumb\",\"itemListElement\":[{\"@type\":\"ListItem\",\"position\":1,\"name\":\"Pagrindinis\",\"item\":\"https:\\\/\\\/kidsplay.lt\\\/\"},{\"@type\":\"ListItem\",\"position\":2,\"name\":\"Parduotuv\u0117\",\"item\":\"https:\\\/\\\/kidsplay.lt\\\/parduotuve\\\/\"},{\"@type\":\"ListItem\",\"position\":3,\"name\":\"Didelis rinkinys XXL dinozaur\u0173 fig\u016br\u0117l\u0117s + &#8222;Prie\u0161istorinio pasaulio&#8221; kilim\u0117lis\"}]},{\"@type\":\"WebSite\",\"@id\":\"https:\\\/\\\/kidsplay.lt\\\/#website\",\"url\":\"https:\\\/\\\/kidsplay.lt\\\/\",\"name\":\"Kidsplay.lt\",\"description\":\"\u012evairios prek\u0117s vaikams\",\"publisher\":{\"@id\":\"https:\\\/\\\/kidsplay.lt\\\/#organization\"},\"alternateName\":\"Kidsplay\",\"potentialAction\":[{\"@type\":\"SearchAction\",\"target\":{\"@type\":\"EntryPoint\",\"urlTemplate\":\"https:\\\/\\\/kidsplay.lt\\\/?s={search_term_string}\"},\"query-input\":{\"@type\":\"PropertyValueSpecification\",\"valueRequired\":true,\"valueName\":\"search_term_string\"}}],\"inLanguage\":\"lv-LV\"},{\"@type\":\"Organization\",\"@id\":\"https:\\\/\\\/kidsplay.lt\\\/#organization\",\"name\":\"KidsPlay\",\"url\":\"https:\\\/\\\/kidsplay.lt\\\/\",\"logo\":{\"@type\":\"ImageObject\",\"inLanguage\":\"lv-LV\",\"@id\":\"https:\\\/\\\/kidsplay.lt\\\/#\\\/schema\\\/logo\\\/image\\\/\",\"url\":\"https:\\\/\\\/kidsplay.lt\\\/wp-content\\\/uploads\\\/2023\\\/07\\\/kidsplay-logo.png\",\"contentUrl\":\"https:\\\/\\\/kidsplay.lt\\\/wp-content\\\/uploads\\\/2023\\\/07\\\/kidsplay-logo.png\",\"width\":451,\"height\":98,\"caption\":\"KidsPlay\"},\"image\":{\"@id\":\"https:\\\/\\\/kidsplay.lt\\\/#\\\/schema\\\/logo\\\/image\\\/\"},\"sameAs\":[\"https:\\\/\\\/www.facebook.com\\\/www.kidsplay.lt\"]}]}<\/script>\n<!-- \/ Yoast SEO plugin. -->","yoast_head_json":{"title":"Didelis rinkinys XXL dinozaur\u0173 fig\u016br\u0117l\u0117s + &#8222;Prie\u0161istorinio pasaulio&#8221; kilim\u0117lis","description":"Didelis rinkinys XXL dinozaur\u0173 fig\u016br\u0117l\u0117s + &#8222;Prie\u0161istorinio pasaulio&#8221; kilim\u0117lis - KidsPlay. Did\u017eiausias vaik\u0173 \u017eaisl\u0173 pasirinkimas.","robots":{"index":"index","follow":"follow","max-snippet":"max-snippet:-1","max-image-preview":"max-image-preview:large","max-video-preview":"max-video-preview:-1"},"canonical":"https:\/\/kidsplay.lt\/lv\/products\/didelis-rinkinys-xxl-dinozauru-figureles-priesistorinio-pasaulio-kilimelis\/","og_locale":"lv_LV","og_type":"article","og_title":"Didelis rinkinys XXL dinozaur\u0173 fig\u016br\u0117l\u0117s + &#8222;Prie\u0161istorinio pasaulio&#8221; kilim\u0117lis","og_description":"Didelis rinkinys XXL dinozaur\u0173 fig\u016br\u0117l\u0117s + &#8222;Prie\u0161istorinio pasaulio&#8221; kilim\u0117lis - KidsPlay. Did\u017eiausias vaik\u0173 \u017eaisl\u0173 pasirinkimas.","og_url":"https:\/\/kidsplay.lt\/lv\/products\/didelis-rinkinys-xxl-dinozauru-figureles-priesistorinio-pasaulio-kilimelis\/","og_site_name":"KidsPlay","article_publisher":"https:\/\/www.facebook.com\/www.kidsplay.lt","article_modified_time":"2026-03-23T06:59:28+00:00","og_image":[{"width":1000,"height":1000,"url":"https:\/\/kidsplay.lt\/wp-content\/uploads\/2024\/09\/Didelis-rinkinys-XXL-dinozauru-figureles-\u201ePriesistorinio-pasaulio-kilimelis.jpg","type":"image\/jpeg"}],"twitter_card":"summary_large_image","twitter_misc":{"Est. reading time":"1 min\u016bte"},"schema":{"@context":"https:\/\/schema.org","@graph":[{"@type":"WebPage","@id":"https:\/\/kidsplay.lt\/produktas\/didelis-rinkinys-xxl-dinozauru-figureles-priesistorinio-pasaulio-kilimelis\/","url":"https:\/\/kidsplay.lt\/produktas\/didelis-rinkinys-xxl-dinozauru-figureles-priesistorinio-pasaulio-kilimelis\/","name":"Didelis rinkinys XXL dinozaur\u0173 fig\u016br\u0117l\u0117s + &#8222;Prie\u0161istorinio pasaulio&#8221; kilim\u0117lis","isPartOf":{"@id":"https:\/\/kidsplay.lt\/#website"},"primaryImageOfPage":{"@id":"https:\/\/kidsplay.lt\/produktas\/didelis-rinkinys-xxl-dinozauru-figureles-priesistorinio-pasaulio-kilimelis\/#primaryimage"},"image":{"@id":"https:\/\/kidsplay.lt\/produktas\/didelis-rinkinys-xxl-dinozauru-figureles-priesistorinio-pasaulio-kilimelis\/#primaryimage"},"thumbnailUrl":"https:\/\/kidsplay.lt\/wp-content\/uploads\/2024\/09\/Didelis-rinkinys-XXL-dinozauru-figureles-\u201ePriesistorinio-pasaulio-kilimelis.jpg","datePublished":"2026-02-26T07:33:09+00:00","dateModified":"2026-03-23T06:59:28+00:00","description":"Didelis rinkinys XXL dinozaur\u0173 fig\u016br\u0117l\u0117s + &#8222;Prie\u0161istorinio pasaulio&#8221; kilim\u0117lis - KidsPlay. Did\u017eiausias vaik\u0173 \u017eaisl\u0173 pasirinkimas.","breadcrumb":{"@id":"https:\/\/kidsplay.lt\/produktas\/didelis-rinkinys-xxl-dinozauru-figureles-priesistorinio-pasaulio-kilimelis\/#breadcrumb"},"inLanguage":"lv-LV","potentialAction":[{"@type":"ReadAction","target":["https:\/\/kidsplay.lt\/produktas\/didelis-rinkinys-xxl-dinozauru-figureles-priesistorinio-pasaulio-kilimelis\/"]}]},{"@type":"ImageObject","inLanguage":"lv-LV","@id":"https:\/\/kidsplay.lt\/produktas\/didelis-rinkinys-xxl-dinozauru-figureles-priesistorinio-pasaulio-kilimelis\/#primaryimage","url":"https:\/\/kidsplay.lt\/wp-content\/uploads\/2024\/09\/Didelis-rinkinys-XXL-dinozauru-figureles-\u201ePriesistorinio-pasaulio-kilimelis.jpg","contentUrl":"https:\/\/kidsplay.lt\/wp-content\/uploads\/2024\/09\/Didelis-rinkinys-XXL-dinozauru-figureles-\u201ePriesistorinio-pasaulio-kilimelis.jpg","width":1000,"height":1000,"caption":"Didelis rinkinys XXL dinozaur\u0173 fig\u016br\u0117l\u0117s + &#8222;Prie\u0161istorinio pasaulio&#8221; kilim\u0117lis"},{"@type":"BreadcrumbList","@id":"https:\/\/kidsplay.lt\/produktas\/didelis-rinkinys-xxl-dinozauru-figureles-priesistorinio-pasaulio-kilimelis\/#breadcrumb","itemListElement":[{"@type":"ListItem","position":1,"name":"Pagrindinis","item":"https:\/\/kidsplay.lt\/"},{"@type":"ListItem","position":2,"name":"Parduotuv\u0117","item":"https:\/\/kidsplay.lt\/parduotuve\/"},{"@type":"ListItem","position":3,"name":"Didelis rinkinys XXL dinozaur\u0173 fig\u016br\u0117l\u0117s + &#8222;Prie\u0161istorinio pasaulio&#8221; kilim\u0117lis"}]},{"@type":"WebSite","@id":"https:\/\/kidsplay.lt\/#website","url":"https:\/\/kidsplay.lt\/","name":"B\u0113rnu sp\u0113les.lv","description":"\u012evairios prek\u0117s vaikams","publisher":{"@id":"https:\/\/kidsplay.lt\/#organization"},"alternateName":"Kidsplay","potentialAction":[{"@type":"SearchAction","target":{"@type":"EntryPoint","urlTemplate":"https:\/\/kidsplay.lt\/?s={search_term_string}"},"query-input":{"@type":"PropertyValueSpecification","valueRequired":true,"valueName":"search_term_string"}}],"inLanguage":"lv-LV"},{"@type":"Organization","@id":"https:\/\/kidsplay.lt\/#organization","name":"B\u0113rnu sp\u0113le","url":"https:\/\/kidsplay.lt\/","logo":{"@type":"ImageObject","inLanguage":"lv-LV","@id":"https:\/\/kidsplay.lt\/#\/schema\/logo\/image\/","url":"https:\/\/kidsplay.lt\/wp-content\/uploads\/2023\/07\/kidsplay-logo.png","contentUrl":"https:\/\/kidsplay.lt\/wp-content\/uploads\/2023\/07\/kidsplay-logo.png","width":451,"height":98,"caption":"KidsPlay"},"image":{"@id":"https:\/\/kidsplay.lt\/#\/schema\/logo\/image\/"},"sameAs":["https:\/\/www.facebook.com\/www.kidsplay.lt"]}]}},"_links":{"self":[{"href":"https:\/\/kidsplay.lt\/lv\/wp-json\/wp\/v2\/product\/89900","targetHints":{"allow":["GET"]}}],"collection":[{"href":"https:\/\/kidsplay.lt\/lv\/wp-json\/wp\/v2\/product"}],"about":[{"href":"https:\/\/kidsplay.lt\/lv\/wp-json\/wp\/v2\/types\/product"}],"version-history":[{"count":1,"href":"https:\/\/kidsplay.lt\/lv\/wp-json\/wp\/v2\/product\/89900\/revisions"}],"predecessor-version":[{"id":89901,"href":"https:\/\/kidsplay.lt\/lv\/wp-json\/wp\/v2\/product\/89900\/revisions\/89901"}],"wp:featuredmedia":[{"embeddable":true,"href":"https:\/\/kidsplay.lt\/lv\/wp-json\/wp\/v2\/media\/56760"}],"wp:attachment":[{"href":"https:\/\/kidsplay.lt\/lv\/wp-json\/wp\/v2\/media?parent=89900"}],"wp:term":[{"taxonomy":"product_brand","embeddable":true,"href":"https:\/\/kidsplay.lt\/lv\/wp-json\/wp\/v2\/product_brand?post=89900"},{"taxonomy":"product_cat","embeddable":true,"href":"https:\/\/kidsplay.lt\/lv\/wp-json\/wp\/v2\/product_cat?post=89900"},{"taxonomy":"product_tag","embeddable":true,"href":"https:\/\/kidsplay.lt\/lv\/wp-json\/wp\/v2\/product_tag?post=89900"}],"curies":[{"name":"wp","href":"https:\/\/api.w.org\/{rel}","templated":true}]}}