{"id":89902,"date":"2026-02-26T09:33:12","date_gmt":"2026-02-26T07:33:12","guid":{"rendered":"https:\/\/kidsplay.lt\/produktas\/dinozauru-figureliu-rinkinys-16-vnt-kilimelis-deklas\/"},"modified":"2026-03-14T17:30:22","modified_gmt":"2026-03-14T15:30:22","slug":"dinozauru-figureliu-rinkinys-16-vnt-kilimelis-deklas","status":"publish","type":"product","link":"https:\/\/kidsplay.lt\/lv\/products\/dinozauru-figureliu-rinkinys-16-vnt-kilimelis-deklas\/","title":{"rendered":"Dinozaur\u0173 fig\u016br\u0117li\u0173 rinkinys 16 vnt. + Kilim\u0117lis + D\u0117klas"},"content":{"rendered":"<p>WOOPIE\u00a0prek\u0117s \u017eenklo\u00a0dinozaur\u0173 fig\u016br\u0117li\u0173\u00a0rinkinys\u00a0supa\u017eindins j\u016bs\u0173 vaik\u0105 su magi\u0161ku prie\u0161istor\u0117s pasauliu! Rinkin\u012f sudaro 14 fig\u016br\u0117li\u0173, didelis \u017eaidim\u0173 kilim\u0117lis ir kompakti\u0161kas, patogus d\u0117klas. Dinozaurai yra kruop\u0161\u010diai sukurti, kad geriausiai atspind\u0117t\u0173 tikr\u0173 gyv\u016bn\u0173 i\u0161vaizd\u0105 ir d\u017eiugint\u0173 j\u016bs\u0173 vaik\u0105 daugel\u012f met\u0173. Be to, komplekte yra\u00a0d\u0117\u017eut\u0117\u00a0, \u012f kuri\u0105 baig\u0119 \u017eaisti gal\u0117site papras\u010diausiai supakuoti \u017eaislus \u2013 taip bus lengviau\u00a0tvarkyti\u00a0vaiko kambar\u012f !\u00a0D\u0117klas taip pat turi patogi\u0105 ranken\u0105, kuri palengvina\u00a0kelion\u0119\u00a0su rinkiniu. Realisti\u0161kai atrodan\u010dios fig\u016br\u0117l\u0117s prapl\u0117s nedidel\u0119 kolekcininko kolekcij\u0105, atliks\u00a0edukacin\u0119 funkcij\u0105\u00a0ir\u00a0suteiks smagi\u0173 pramog\u0173\u00a0, kuri\u0173 d\u0117ka ma\u017eylis prapl\u0117s savo vaizduot\u0119 ir k\u016brybi\u0161kum\u0105.<\/p>\n<p>Raksturojums:<\/p>\n<p> \t&#8211; \u017daislas nuo 3 met\u0173<br \/>\n \t&#8211; Realisti\u0161ka i\u0161vaizda<br \/>\n \t&#8211; Tvirtas darbas<br \/>\n \t\u2013 Vaikas gali i\u0161mokti ne tik atskir\u0173 r\u016b\u0161i\u0173 pavadinimus, bet ir i\u0161vaizd\u0105 bei k\u016bno sandar\u0105, gyvenimo b\u016bd\u0105 ir mityb\u0105.<br \/>\n \t\u2013\u00a0Dinozaur\u0173 fig\u016br\u0117l\u0117s puikiai atrodys lentynoje, sukurdamos \u012fsp\u016bding\u0105 kolekcij\u0105.<\/p>\n<p>Komplekt\u0101 ietilpst:<\/p>\n<p> \t9 dinozaur\u0173 fig\u016br\u0117l\u0117s<br \/>\n \t5 med\u017eio fig\u016br\u0117l\u0117s<br \/>\n \tVeltinis kilim\u0117lis su dinozaur\u0173 parko peiza\u017eu<br \/>\n \tPakuot\u0117 \u2013 d\u0117\u017eut\u0117<\/p>","protected":false},"excerpt":{"rendered":"<p>WOOPIE\u00a0prek\u0117s \u017eenklo\u00a0dinozaur\u0173 fig\u016br\u0117li\u0173\u00a0rinkinys\u00a0supa\u017eindins j\u016bs\u0173 vaik\u0105 su magi\u0161ku prie\u0161istor\u0117s pasauliu! Rinkin\u012f sudaro 14 fig\u016br\u0117li\u0173, didelis \u017eaidim\u0173 kilim\u0117lis ir kompakti\u0161kas, patogus d\u0117klas.<\/p>","protected":false},"featured_media":56767,"template":"","meta":{"_acf_changed":false,"_glsr_average":0,"_glsr_ranking":0,"_glsr_reviews":0},"product_brand":[],"product_cat":[436,229],"product_tag":[],"class_list":{"0":"post-89902","1":"product","2":"type-product","3":"status-publish","4":"has-post-thumbnail","6":"product_cat-kolekcionuojamos-figureles","7":"product_cat-zaislai-vaikams","8":"\"style=\"background-color: #2ecc711c;\"","10":"first","11":"outofstock","12":"purchasable","13":"product-type-simple"},"acf":[],"yoast_head":"<!-- This site is optimized with the Yoast SEO plugin v27.4 - https:\/\/yoast.com\/product\/yoast-seo-wordpress\/ -->\n<title>Dinozaur\u0173 fig\u016br\u0117li\u0173 rinkinys 16 vnt. + Kilim\u0117lis + D\u0117klas<\/title>\n<meta name=\"description\" content=\"Dinozaur\u0173 fig\u016br\u0117li\u0173 rinkinys 16 vnt. + Kilim\u0117lis + D\u0117klas - KidsPlay. Did\u017eiausias vaik\u0173 \u017eaisl\u0173 pasirinkimas.\" \/>\n<meta name=\"robots\" content=\"index, follow, max-snippet:-1, max-image-preview:large, max-video-preview:-1\" \/>\n<link rel=\"canonical\" href=\"https:\/\/kidsplay.lt\/lv\/products\/dinozauru-figureliu-rinkinys-16-vnt-kilimelis-deklas\/\" \/>\n<meta property=\"og:locale\" content=\"lv_LV\" \/>\n<meta property=\"og:type\" content=\"article\" \/>\n<meta property=\"og:title\" content=\"Dinozaur\u0173 fig\u016br\u0117li\u0173 rinkinys 16 vnt. + Kilim\u0117lis + D\u0117klas\" \/>\n<meta property=\"og:description\" content=\"Dinozaur\u0173 fig\u016br\u0117li\u0173 rinkinys 16 vnt. + Kilim\u0117lis + D\u0117klas - KidsPlay. Did\u017eiausias vaik\u0173 \u017eaisl\u0173 pasirinkimas.\" \/>\n<meta property=\"og:url\" content=\"https:\/\/kidsplay.lt\/lv\/products\/dinozauru-figureliu-rinkinys-16-vnt-kilimelis-deklas\/\" \/>\n<meta property=\"og:site_name\" content=\"KidsPlay\" \/>\n<meta property=\"article:publisher\" content=\"https:\/\/www.facebook.com\/www.kidsplay.lt\" \/>\n<meta property=\"article:modified_time\" content=\"2026-03-14T15:30:22+00:00\" \/>\n<meta property=\"og:image\" content=\"https:\/\/kidsplay.lt\/wp-content\/uploads\/2024\/09\/Dinozauru-figureliu-rinkinys-16-vnt.-Kilimelis-Deklas.jpg\" \/>\n\t<meta property=\"og:image:width\" content=\"1000\" \/>\n\t<meta property=\"og:image:height\" content=\"1000\" \/>\n\t<meta property=\"og:image:type\" content=\"image\/jpeg\" \/>\n<meta name=\"twitter:card\" content=\"summary_large_image\" \/>\n<meta name=\"twitter:label1\" content=\"Est. reading time\" \/>\n\t<meta name=\"twitter:data1\" content=\"1 min\u016bte\" \/>\n<script type=\"application\/ld+json\" class=\"yoast-schema-graph\">{\"@context\":\"https:\\\/\\\/schema.org\",\"@graph\":[{\"@type\":\"WebPage\",\"@id\":\"https:\\\/\\\/kidsplay.lt\\\/produktas\\\/dinozauru-figureliu-rinkinys-16-vnt-kilimelis-deklas\\\/\",\"url\":\"https:\\\/\\\/kidsplay.lt\\\/produktas\\\/dinozauru-figureliu-rinkinys-16-vnt-kilimelis-deklas\\\/\",\"name\":\"Dinozaur\u0173 fig\u016br\u0117li\u0173 rinkinys 16 vnt. + Kilim\u0117lis + D\u0117klas\",\"isPartOf\":{\"@id\":\"https:\\\/\\\/kidsplay.lt\\\/#website\"},\"primaryImageOfPage\":{\"@id\":\"https:\\\/\\\/kidsplay.lt\\\/produktas\\\/dinozauru-figureliu-rinkinys-16-vnt-kilimelis-deklas\\\/#primaryimage\"},\"image\":{\"@id\":\"https:\\\/\\\/kidsplay.lt\\\/produktas\\\/dinozauru-figureliu-rinkinys-16-vnt-kilimelis-deklas\\\/#primaryimage\"},\"thumbnailUrl\":\"https:\\\/\\\/kidsplay.lt\\\/wp-content\\\/uploads\\\/2024\\\/09\\\/Dinozauru-figureliu-rinkinys-16-vnt.-Kilimelis-Deklas.jpg\",\"datePublished\":\"2026-02-26T07:33:12+00:00\",\"dateModified\":\"2026-03-14T15:30:22+00:00\",\"description\":\"Dinozaur\u0173 fig\u016br\u0117li\u0173 rinkinys 16 vnt. + Kilim\u0117lis + D\u0117klas - KidsPlay. Did\u017eiausias vaik\u0173 \u017eaisl\u0173 pasirinkimas.\",\"breadcrumb\":{\"@id\":\"https:\\\/\\\/kidsplay.lt\\\/produktas\\\/dinozauru-figureliu-rinkinys-16-vnt-kilimelis-deklas\\\/#breadcrumb\"},\"inLanguage\":\"lv-LV\",\"potentialAction\":[{\"@type\":\"ReadAction\",\"target\":[\"https:\\\/\\\/kidsplay.lt\\\/produktas\\\/dinozauru-figureliu-rinkinys-16-vnt-kilimelis-deklas\\\/\"]}]},{\"@type\":\"ImageObject\",\"inLanguage\":\"lv-LV\",\"@id\":\"https:\\\/\\\/kidsplay.lt\\\/produktas\\\/dinozauru-figureliu-rinkinys-16-vnt-kilimelis-deklas\\\/#primaryimage\",\"url\":\"https:\\\/\\\/kidsplay.lt\\\/wp-content\\\/uploads\\\/2024\\\/09\\\/Dinozauru-figureliu-rinkinys-16-vnt.-Kilimelis-Deklas.jpg\",\"contentUrl\":\"https:\\\/\\\/kidsplay.lt\\\/wp-content\\\/uploads\\\/2024\\\/09\\\/Dinozauru-figureliu-rinkinys-16-vnt.-Kilimelis-Deklas.jpg\",\"width\":1000,\"height\":1000,\"caption\":\"Dinozaur\u0173 fig\u016br\u0117li\u0173 rinkinys 16 vnt. + Kilim\u0117lis + D\u0117klas\"},{\"@type\":\"BreadcrumbList\",\"@id\":\"https:\\\/\\\/kidsplay.lt\\\/produktas\\\/dinozauru-figureliu-rinkinys-16-vnt-kilimelis-deklas\\\/#breadcrumb\",\"itemListElement\":[{\"@type\":\"ListItem\",\"position\":1,\"name\":\"Pagrindinis\",\"item\":\"https:\\\/\\\/kidsplay.lt\\\/\"},{\"@type\":\"ListItem\",\"position\":2,\"name\":\"Parduotuv\u0117\",\"item\":\"https:\\\/\\\/kidsplay.lt\\\/parduotuve\\\/\"},{\"@type\":\"ListItem\",\"position\":3,\"name\":\"Dinozaur\u0173 fig\u016br\u0117li\u0173 rinkinys 16 vnt. + Kilim\u0117lis + D\u0117klas\"}]},{\"@type\":\"WebSite\",\"@id\":\"https:\\\/\\\/kidsplay.lt\\\/#website\",\"url\":\"https:\\\/\\\/kidsplay.lt\\\/\",\"name\":\"Kidsplay.lt\",\"description\":\"\u012evairios prek\u0117s vaikams\",\"publisher\":{\"@id\":\"https:\\\/\\\/kidsplay.lt\\\/#organization\"},\"alternateName\":\"Kidsplay\",\"potentialAction\":[{\"@type\":\"SearchAction\",\"target\":{\"@type\":\"EntryPoint\",\"urlTemplate\":\"https:\\\/\\\/kidsplay.lt\\\/?s={search_term_string}\"},\"query-input\":{\"@type\":\"PropertyValueSpecification\",\"valueRequired\":true,\"valueName\":\"search_term_string\"}}],\"inLanguage\":\"lv-LV\"},{\"@type\":\"Organization\",\"@id\":\"https:\\\/\\\/kidsplay.lt\\\/#organization\",\"name\":\"KidsPlay\",\"url\":\"https:\\\/\\\/kidsplay.lt\\\/\",\"logo\":{\"@type\":\"ImageObject\",\"inLanguage\":\"lv-LV\",\"@id\":\"https:\\\/\\\/kidsplay.lt\\\/#\\\/schema\\\/logo\\\/image\\\/\",\"url\":\"https:\\\/\\\/kidsplay.lt\\\/wp-content\\\/uploads\\\/2023\\\/07\\\/kidsplay-logo.png\",\"contentUrl\":\"https:\\\/\\\/kidsplay.lt\\\/wp-content\\\/uploads\\\/2023\\\/07\\\/kidsplay-logo.png\",\"width\":451,\"height\":98,\"caption\":\"KidsPlay\"},\"image\":{\"@id\":\"https:\\\/\\\/kidsplay.lt\\\/#\\\/schema\\\/logo\\\/image\\\/\"},\"sameAs\":[\"https:\\\/\\\/www.facebook.com\\\/www.kidsplay.lt\"]}]}<\/script>\n<!-- \/ Yoast SEO plugin. -->","yoast_head_json":{"title":"Dinozaur\u0173 fig\u016br\u0117li\u0173 rinkinys 16 vnt. + Kilim\u0117lis + D\u0117klas","description":"Dinozaur\u0173 fig\u016br\u0117li\u0173 rinkinys 16 vnt. + Kilim\u0117lis + D\u0117klas - KidsPlay. Did\u017eiausias vaik\u0173 \u017eaisl\u0173 pasirinkimas.","robots":{"index":"index","follow":"follow","max-snippet":"max-snippet:-1","max-image-preview":"max-image-preview:large","max-video-preview":"max-video-preview:-1"},"canonical":"https:\/\/kidsplay.lt\/lv\/products\/dinozauru-figureliu-rinkinys-16-vnt-kilimelis-deklas\/","og_locale":"lv_LV","og_type":"article","og_title":"Dinozaur\u0173 fig\u016br\u0117li\u0173 rinkinys 16 vnt. + Kilim\u0117lis + D\u0117klas","og_description":"Dinozaur\u0173 fig\u016br\u0117li\u0173 rinkinys 16 vnt. + Kilim\u0117lis + D\u0117klas - KidsPlay. Did\u017eiausias vaik\u0173 \u017eaisl\u0173 pasirinkimas.","og_url":"https:\/\/kidsplay.lt\/lv\/products\/dinozauru-figureliu-rinkinys-16-vnt-kilimelis-deklas\/","og_site_name":"KidsPlay","article_publisher":"https:\/\/www.facebook.com\/www.kidsplay.lt","article_modified_time":"2026-03-14T15:30:22+00:00","og_image":[{"width":1000,"height":1000,"url":"https:\/\/kidsplay.lt\/wp-content\/uploads\/2024\/09\/Dinozauru-figureliu-rinkinys-16-vnt.-Kilimelis-Deklas.jpg","type":"image\/jpeg"}],"twitter_card":"summary_large_image","twitter_misc":{"Est. reading time":"1 min\u016bte"},"schema":{"@context":"https:\/\/schema.org","@graph":[{"@type":"WebPage","@id":"https:\/\/kidsplay.lt\/produktas\/dinozauru-figureliu-rinkinys-16-vnt-kilimelis-deklas\/","url":"https:\/\/kidsplay.lt\/produktas\/dinozauru-figureliu-rinkinys-16-vnt-kilimelis-deklas\/","name":"Dinozaur\u0173 fig\u016br\u0117li\u0173 rinkinys 16 vnt. + Kilim\u0117lis + D\u0117klas","isPartOf":{"@id":"https:\/\/kidsplay.lt\/#website"},"primaryImageOfPage":{"@id":"https:\/\/kidsplay.lt\/produktas\/dinozauru-figureliu-rinkinys-16-vnt-kilimelis-deklas\/#primaryimage"},"image":{"@id":"https:\/\/kidsplay.lt\/produktas\/dinozauru-figureliu-rinkinys-16-vnt-kilimelis-deklas\/#primaryimage"},"thumbnailUrl":"https:\/\/kidsplay.lt\/wp-content\/uploads\/2024\/09\/Dinozauru-figureliu-rinkinys-16-vnt.-Kilimelis-Deklas.jpg","datePublished":"2026-02-26T07:33:12+00:00","dateModified":"2026-03-14T15:30:22+00:00","description":"Dinozaur\u0173 fig\u016br\u0117li\u0173 rinkinys 16 vnt. + Kilim\u0117lis + D\u0117klas - KidsPlay. Did\u017eiausias vaik\u0173 \u017eaisl\u0173 pasirinkimas.","breadcrumb":{"@id":"https:\/\/kidsplay.lt\/produktas\/dinozauru-figureliu-rinkinys-16-vnt-kilimelis-deklas\/#breadcrumb"},"inLanguage":"lv-LV","potentialAction":[{"@type":"ReadAction","target":["https:\/\/kidsplay.lt\/produktas\/dinozauru-figureliu-rinkinys-16-vnt-kilimelis-deklas\/"]}]},{"@type":"ImageObject","inLanguage":"lv-LV","@id":"https:\/\/kidsplay.lt\/produktas\/dinozauru-figureliu-rinkinys-16-vnt-kilimelis-deklas\/#primaryimage","url":"https:\/\/kidsplay.lt\/wp-content\/uploads\/2024\/09\/Dinozauru-figureliu-rinkinys-16-vnt.-Kilimelis-Deklas.jpg","contentUrl":"https:\/\/kidsplay.lt\/wp-content\/uploads\/2024\/09\/Dinozauru-figureliu-rinkinys-16-vnt.-Kilimelis-Deklas.jpg","width":1000,"height":1000,"caption":"Dinozaur\u0173 fig\u016br\u0117li\u0173 rinkinys 16 vnt. + Kilim\u0117lis + D\u0117klas"},{"@type":"BreadcrumbList","@id":"https:\/\/kidsplay.lt\/produktas\/dinozauru-figureliu-rinkinys-16-vnt-kilimelis-deklas\/#breadcrumb","itemListElement":[{"@type":"ListItem","position":1,"name":"Pagrindinis","item":"https:\/\/kidsplay.lt\/"},{"@type":"ListItem","position":2,"name":"Parduotuv\u0117","item":"https:\/\/kidsplay.lt\/parduotuve\/"},{"@type":"ListItem","position":3,"name":"Dinozaur\u0173 fig\u016br\u0117li\u0173 rinkinys 16 vnt. + Kilim\u0117lis + D\u0117klas"}]},{"@type":"WebSite","@id":"https:\/\/kidsplay.lt\/#website","url":"https:\/\/kidsplay.lt\/","name":"B\u0113rnu sp\u0113les.lv","description":"\u012evairios prek\u0117s vaikams","publisher":{"@id":"https:\/\/kidsplay.lt\/#organization"},"alternateName":"Kidsplay","potentialAction":[{"@type":"SearchAction","target":{"@type":"EntryPoint","urlTemplate":"https:\/\/kidsplay.lt\/?s={search_term_string}"},"query-input":{"@type":"PropertyValueSpecification","valueRequired":true,"valueName":"search_term_string"}}],"inLanguage":"lv-LV"},{"@type":"Organization","@id":"https:\/\/kidsplay.lt\/#organization","name":"B\u0113rnu sp\u0113le","url":"https:\/\/kidsplay.lt\/","logo":{"@type":"ImageObject","inLanguage":"lv-LV","@id":"https:\/\/kidsplay.lt\/#\/schema\/logo\/image\/","url":"https:\/\/kidsplay.lt\/wp-content\/uploads\/2023\/07\/kidsplay-logo.png","contentUrl":"https:\/\/kidsplay.lt\/wp-content\/uploads\/2023\/07\/kidsplay-logo.png","width":451,"height":98,"caption":"KidsPlay"},"image":{"@id":"https:\/\/kidsplay.lt\/#\/schema\/logo\/image\/"},"sameAs":["https:\/\/www.facebook.com\/www.kidsplay.lt"]}]}},"_links":{"self":[{"href":"https:\/\/kidsplay.lt\/lv\/wp-json\/wp\/v2\/product\/89902","targetHints":{"allow":["GET"]}}],"collection":[{"href":"https:\/\/kidsplay.lt\/lv\/wp-json\/wp\/v2\/product"}],"about":[{"href":"https:\/\/kidsplay.lt\/lv\/wp-json\/wp\/v2\/types\/product"}],"version-history":[{"count":1,"href":"https:\/\/kidsplay.lt\/lv\/wp-json\/wp\/v2\/product\/89902\/revisions"}],"predecessor-version":[{"id":89903,"href":"https:\/\/kidsplay.lt\/lv\/wp-json\/wp\/v2\/product\/89902\/revisions\/89903"}],"wp:featuredmedia":[{"embeddable":true,"href":"https:\/\/kidsplay.lt\/lv\/wp-json\/wp\/v2\/media\/56767"}],"wp:attachment":[{"href":"https:\/\/kidsplay.lt\/lv\/wp-json\/wp\/v2\/media?parent=89902"}],"wp:term":[{"taxonomy":"product_brand","embeddable":true,"href":"https:\/\/kidsplay.lt\/lv\/wp-json\/wp\/v2\/product_brand?post=89902"},{"taxonomy":"product_cat","embeddable":true,"href":"https:\/\/kidsplay.lt\/lv\/wp-json\/wp\/v2\/product_cat?post=89902"},{"taxonomy":"product_tag","embeddable":true,"href":"https:\/\/kidsplay.lt\/lv\/wp-json\/wp\/v2\/product_tag?post=89902"}],"curies":[{"name":"wp","href":"https:\/\/api.w.org\/{rel}","templated":true}]}}