{"id":89904,"date":"2026-02-26T09:33:15","date_gmt":"2026-02-26T07:33:15","guid":{"rendered":"https:\/\/kidsplay.lt\/produktas\/woopie-triusis-kuprineje-3in1-ukio-namas-sodas\/"},"modified":"2026-04-13T15:10:15","modified_gmt":"2026-04-13T12:10:15","slug":"woopie-triusis-kuprineje-3in1-ukio-namas-sodas","status":"publish","type":"product","link":"https:\/\/kidsplay.lt\/lv\/products\/woopie-triusis-kuprineje-3in1-ukio-namas-sodas\/","title":{"rendered":"WOOPIE Trusis mugursom\u0101 3in1 Lauku d\u0101rzs"},"content":{"rendered":"<p>\u201eWoopie\u201c\u00a03\u00a0viename zuikio kuprin\u0117\u00a0atveria tyrin\u0117jim\u0173 ir k\u016brybi\u0161kumo pasaul\u012f, tod\u0117l yra puikus kompanionas ma\u017eiesiems tyrin\u0117tojams. Pasiimkite savo zuik\u012f \u012f \u016bkio nuotyk\u012f ir atraskite nauj\u0173 p\u016bkuot\u0173 draug\u0173. Auginkite dar\u017eoves ir atraskite d\u017eiaugsm\u0105 r\u016bpinantis savo zuiku\u010diais bei juos nuimant. Gaiviai i\u0161maudykite savo zuik\u012f ir pasir\u016bpinkite, kad jis b\u016bt\u0173 \u0161varus. Apsilankykite jaukiame \u0161un\u0173 name ir pasidalykite meile su savo p\u016bkuotais draugais. Su\u017einokite, kaip svarbu r\u016bpintis savo p\u016bkuotais draugais, skaniai pavalgydami.<\/p>\n<p>Rakstur\u012bgs:<\/p>\n<p> \t&#8211; \u017eaislas, skirtas\u00a0vaikams nuo 3 met\u0173 am\u017eiaus<br \/>\n \t&#8211;\u00a03 viename nuotyki\u0173 kuprin\u0117\u00a0&#8211; gyv\u016bn\u0173 prie\u017ei\u016bra, nuotykiai \u016bkyje, dar\u017eovi\u0173 auginimas,<br \/>\n \t&#8211;\u00a0\u017eaislas pagamintas i\u0161 patvarios ir saugios med\u017eiagos,<br \/>\n \t&#8211; puikiai tinka dovanai.<\/p>\n<p>Rota\u013clieta att\u012bst\u0101s:<\/p>\n<p> \t&#8211; smalsumas ir atradimai<br \/>\n \t&#8211; fantazija ir k\u016brybi\u0161kumas<br \/>\n \t&#8211; atsakingai r\u016bpintis gyv\u016bnais<br \/>\n \t&#8211; rankiniai \u012fg\u016bd\u017eiai<\/p>","protected":false},"excerpt":{"rendered":"<p>\u201eWoopie\u201c\u00a03\u00a0viename zuikio kuprin\u0117\u00a0atveria tyrin\u0117jim\u0173 ir k\u016brybi\u0161kumo pasaul\u012f, tod\u0117l yra puikus kompanionas ma\u017eiesiems tyrin\u0117tojams. Pasiimkite savo zuik\u012f \u012f \u016bkio nuotyk\u012f ir<\/p>","protected":false},"featured_media":67384,"template":"","meta":{"_acf_changed":false,"_glsr_average":0,"_glsr_ranking":0,"_glsr_reviews":0},"product_brand":[],"product_cat":[896,399],"product_tag":[],"class_list":{"0":"post-89904","1":"product","2":"type-product","3":"status-publish","4":"has-post-thumbnail","6":"product_cat-namu-ukis-vaidmenu-zaidimai","7":"product_cat-vaidmenu-zaidimai-2","8":"\"style=\"background-color: #2ecc711c;\"","10":"first","11":"instock","12":"purchasable","13":"product-type-simple"},"acf":[],"yoast_head":"<!-- This site is optimized with the Yoast SEO plugin v27.4 - https:\/\/yoast.com\/product\/yoast-seo-wordpress\/ -->\n<title>WOOPIE Triu\u0161is kuprin\u0117je 3in1 \u016akio namas Sodas<\/title>\n<meta name=\"description\" content=\"WOOPIE Triu\u0161is kuprin\u0117je 3in1 \u016akio namas Sodas - KidsPlay. Did\u017eiausias vaik\u0173 \u017eaisl\u0173 pasirinkimas.\" \/>\n<meta name=\"robots\" content=\"index, follow, max-snippet:-1, max-image-preview:large, max-video-preview:-1\" \/>\n<link rel=\"canonical\" href=\"https:\/\/kidsplay.lt\/lv\/products\/woopie-triusis-kuprineje-3in1-ukio-namas-sodas\/\" \/>\n<meta property=\"og:locale\" content=\"lv_LV\" \/>\n<meta property=\"og:type\" content=\"article\" \/>\n<meta property=\"og:title\" content=\"WOOPIE Triu\u0161is kuprin\u0117je 3in1 \u016akio namas Sodas\" \/>\n<meta property=\"og:description\" content=\"WOOPIE Triu\u0161is kuprin\u0117je 3in1 \u016akio namas Sodas - KidsPlay. Did\u017eiausias vaik\u0173 \u017eaisl\u0173 pasirinkimas.\" \/>\n<meta property=\"og:url\" content=\"https:\/\/kidsplay.lt\/lv\/products\/woopie-triusis-kuprineje-3in1-ukio-namas-sodas\/\" \/>\n<meta property=\"og:site_name\" content=\"KidsPlay\" \/>\n<meta property=\"article:publisher\" content=\"https:\/\/www.facebook.com\/www.kidsplay.lt\" \/>\n<meta property=\"article:modified_time\" content=\"2026-04-13T12:10:15+00:00\" \/>\n<meta property=\"og:image\" content=\"https:\/\/kidsplay.lt\/wp-content\/uploads\/2025\/09\/WOOPIE-Triusis-kuprineje-3in1-Ukio-namas-Sodas.jpg\" \/>\n\t<meta property=\"og:image:width\" content=\"800\" \/>\n\t<meta property=\"og:image:height\" content=\"800\" \/>\n\t<meta property=\"og:image:type\" content=\"image\/jpeg\" \/>\n<meta name=\"twitter:card\" content=\"summary_large_image\" \/>\n<meta name=\"twitter:label1\" content=\"Est. reading time\" \/>\n\t<meta name=\"twitter:data1\" content=\"1 min\u016bte\" \/>\n<script type=\"application\/ld+json\" class=\"yoast-schema-graph\">{\"@context\":\"https:\\\/\\\/schema.org\",\"@graph\":[{\"@type\":\"WebPage\",\"@id\":\"https:\\\/\\\/kidsplay.lt\\\/produktas\\\/woopie-triusis-kuprineje-3in1-ukio-namas-sodas\\\/\",\"url\":\"https:\\\/\\\/kidsplay.lt\\\/produktas\\\/woopie-triusis-kuprineje-3in1-ukio-namas-sodas\\\/\",\"name\":\"WOOPIE Triu\u0161is kuprin\u0117je 3in1 \u016akio namas Sodas\",\"isPartOf\":{\"@id\":\"https:\\\/\\\/kidsplay.lt\\\/#website\"},\"primaryImageOfPage\":{\"@id\":\"https:\\\/\\\/kidsplay.lt\\\/produktas\\\/woopie-triusis-kuprineje-3in1-ukio-namas-sodas\\\/#primaryimage\"},\"image\":{\"@id\":\"https:\\\/\\\/kidsplay.lt\\\/produktas\\\/woopie-triusis-kuprineje-3in1-ukio-namas-sodas\\\/#primaryimage\"},\"thumbnailUrl\":\"https:\\\/\\\/kidsplay.lt\\\/wp-content\\\/uploads\\\/2025\\\/09\\\/WOOPIE-Triusis-kuprineje-3in1-Ukio-namas-Sodas.jpg\",\"datePublished\":\"2026-02-26T07:33:15+00:00\",\"dateModified\":\"2026-04-13T12:10:15+00:00\",\"description\":\"WOOPIE Triu\u0161is kuprin\u0117je 3in1 \u016akio namas Sodas - KidsPlay. Did\u017eiausias vaik\u0173 \u017eaisl\u0173 pasirinkimas.\",\"breadcrumb\":{\"@id\":\"https:\\\/\\\/kidsplay.lt\\\/produktas\\\/woopie-triusis-kuprineje-3in1-ukio-namas-sodas\\\/#breadcrumb\"},\"inLanguage\":\"lv-LV\",\"potentialAction\":[{\"@type\":\"ReadAction\",\"target\":[\"https:\\\/\\\/kidsplay.lt\\\/produktas\\\/woopie-triusis-kuprineje-3in1-ukio-namas-sodas\\\/\"]}]},{\"@type\":\"ImageObject\",\"inLanguage\":\"lv-LV\",\"@id\":\"https:\\\/\\\/kidsplay.lt\\\/produktas\\\/woopie-triusis-kuprineje-3in1-ukio-namas-sodas\\\/#primaryimage\",\"url\":\"https:\\\/\\\/kidsplay.lt\\\/wp-content\\\/uploads\\\/2025\\\/09\\\/WOOPIE-Triusis-kuprineje-3in1-Ukio-namas-Sodas.jpg\",\"contentUrl\":\"https:\\\/\\\/kidsplay.lt\\\/wp-content\\\/uploads\\\/2025\\\/09\\\/WOOPIE-Triusis-kuprineje-3in1-Ukio-namas-Sodas.jpg\",\"width\":800,\"height\":800,\"caption\":\"WOOPIE Triu\u0161is kuprin\u0117je 3in1 \u016akio namas Sodas\"},{\"@type\":\"BreadcrumbList\",\"@id\":\"https:\\\/\\\/kidsplay.lt\\\/produktas\\\/woopie-triusis-kuprineje-3in1-ukio-namas-sodas\\\/#breadcrumb\",\"itemListElement\":[{\"@type\":\"ListItem\",\"position\":1,\"name\":\"Pagrindinis\",\"item\":\"https:\\\/\\\/kidsplay.lt\\\/\"},{\"@type\":\"ListItem\",\"position\":2,\"name\":\"Parduotuv\u0117\",\"item\":\"https:\\\/\\\/kidsplay.lt\\\/parduotuve\\\/\"},{\"@type\":\"ListItem\",\"position\":3,\"name\":\"WOOPIE Triu\u0161is kuprin\u0117je 3in1 \u016akio namas Sodas\"}]},{\"@type\":\"WebSite\",\"@id\":\"https:\\\/\\\/kidsplay.lt\\\/#website\",\"url\":\"https:\\\/\\\/kidsplay.lt\\\/\",\"name\":\"Kidsplay.lt\",\"description\":\"\u012evairios prek\u0117s vaikams\",\"publisher\":{\"@id\":\"https:\\\/\\\/kidsplay.lt\\\/#organization\"},\"alternateName\":\"Kidsplay\",\"potentialAction\":[{\"@type\":\"SearchAction\",\"target\":{\"@type\":\"EntryPoint\",\"urlTemplate\":\"https:\\\/\\\/kidsplay.lt\\\/?s={search_term_string}\"},\"query-input\":{\"@type\":\"PropertyValueSpecification\",\"valueRequired\":true,\"valueName\":\"search_term_string\"}}],\"inLanguage\":\"lv-LV\"},{\"@type\":\"Organization\",\"@id\":\"https:\\\/\\\/kidsplay.lt\\\/#organization\",\"name\":\"KidsPlay\",\"url\":\"https:\\\/\\\/kidsplay.lt\\\/\",\"logo\":{\"@type\":\"ImageObject\",\"inLanguage\":\"lv-LV\",\"@id\":\"https:\\\/\\\/kidsplay.lt\\\/#\\\/schema\\\/logo\\\/image\\\/\",\"url\":\"https:\\\/\\\/kidsplay.lt\\\/wp-content\\\/uploads\\\/2023\\\/07\\\/kidsplay-logo.png\",\"contentUrl\":\"https:\\\/\\\/kidsplay.lt\\\/wp-content\\\/uploads\\\/2023\\\/07\\\/kidsplay-logo.png\",\"width\":451,\"height\":98,\"caption\":\"KidsPlay\"},\"image\":{\"@id\":\"https:\\\/\\\/kidsplay.lt\\\/#\\\/schema\\\/logo\\\/image\\\/\"},\"sameAs\":[\"https:\\\/\\\/www.facebook.com\\\/www.kidsplay.lt\"]}]}<\/script>\n<!-- \/ Yoast SEO plugin. -->","yoast_head_json":{"title":"WOOPIE Trusis mugursom\u0101 3in1 Lauku d\u0101rzs","description":"WOOPIE Triu\u0161is kuprin\u0117je 3in1 \u016akio namas Sodas - KidsPlay. Did\u017eiausias vaik\u0173 \u017eaisl\u0173 pasirinkimas.","robots":{"index":"index","follow":"follow","max-snippet":"max-snippet:-1","max-image-preview":"max-image-preview:large","max-video-preview":"max-video-preview:-1"},"canonical":"https:\/\/kidsplay.lt\/lv\/products\/woopie-triusis-kuprineje-3in1-ukio-namas-sodas\/","og_locale":"lv_LV","og_type":"article","og_title":"WOOPIE Triu\u0161is kuprin\u0117je 3in1 \u016akio namas Sodas","og_description":"WOOPIE Triu\u0161is kuprin\u0117je 3in1 \u016akio namas Sodas - KidsPlay. Did\u017eiausias vaik\u0173 \u017eaisl\u0173 pasirinkimas.","og_url":"https:\/\/kidsplay.lt\/lv\/products\/woopie-triusis-kuprineje-3in1-ukio-namas-sodas\/","og_site_name":"KidsPlay","article_publisher":"https:\/\/www.facebook.com\/www.kidsplay.lt","article_modified_time":"2026-04-13T12:10:15+00:00","og_image":[{"width":800,"height":800,"url":"https:\/\/kidsplay.lt\/wp-content\/uploads\/2025\/09\/WOOPIE-Triusis-kuprineje-3in1-Ukio-namas-Sodas.jpg","type":"image\/jpeg"}],"twitter_card":"summary_large_image","twitter_misc":{"Est. reading time":"1 min\u016bte"},"schema":{"@context":"https:\/\/schema.org","@graph":[{"@type":"WebPage","@id":"https:\/\/kidsplay.lt\/produktas\/woopie-triusis-kuprineje-3in1-ukio-namas-sodas\/","url":"https:\/\/kidsplay.lt\/produktas\/woopie-triusis-kuprineje-3in1-ukio-namas-sodas\/","name":"WOOPIE Trusis mugursom\u0101 3in1 Lauku d\u0101rzs","isPartOf":{"@id":"https:\/\/kidsplay.lt\/#website"},"primaryImageOfPage":{"@id":"https:\/\/kidsplay.lt\/produktas\/woopie-triusis-kuprineje-3in1-ukio-namas-sodas\/#primaryimage"},"image":{"@id":"https:\/\/kidsplay.lt\/produktas\/woopie-triusis-kuprineje-3in1-ukio-namas-sodas\/#primaryimage"},"thumbnailUrl":"https:\/\/kidsplay.lt\/wp-content\/uploads\/2025\/09\/WOOPIE-Triusis-kuprineje-3in1-Ukio-namas-Sodas.jpg","datePublished":"2026-02-26T07:33:15+00:00","dateModified":"2026-04-13T12:10:15+00:00","description":"WOOPIE Triu\u0161is kuprin\u0117je 3in1 \u016akio namas Sodas - KidsPlay. Did\u017eiausias vaik\u0173 \u017eaisl\u0173 pasirinkimas.","breadcrumb":{"@id":"https:\/\/kidsplay.lt\/produktas\/woopie-triusis-kuprineje-3in1-ukio-namas-sodas\/#breadcrumb"},"inLanguage":"lv-LV","potentialAction":[{"@type":"ReadAction","target":["https:\/\/kidsplay.lt\/produktas\/woopie-triusis-kuprineje-3in1-ukio-namas-sodas\/"]}]},{"@type":"ImageObject","inLanguage":"lv-LV","@id":"https:\/\/kidsplay.lt\/produktas\/woopie-triusis-kuprineje-3in1-ukio-namas-sodas\/#primaryimage","url":"https:\/\/kidsplay.lt\/wp-content\/uploads\/2025\/09\/WOOPIE-Triusis-kuprineje-3in1-Ukio-namas-Sodas.jpg","contentUrl":"https:\/\/kidsplay.lt\/wp-content\/uploads\/2025\/09\/WOOPIE-Triusis-kuprineje-3in1-Ukio-namas-Sodas.jpg","width":800,"height":800,"caption":"WOOPIE Triu\u0161is kuprin\u0117je 3in1 \u016akio namas Sodas"},{"@type":"BreadcrumbList","@id":"https:\/\/kidsplay.lt\/produktas\/woopie-triusis-kuprineje-3in1-ukio-namas-sodas\/#breadcrumb","itemListElement":[{"@type":"ListItem","position":1,"name":"Pagrindinis","item":"https:\/\/kidsplay.lt\/"},{"@type":"ListItem","position":2,"name":"Parduotuv\u0117","item":"https:\/\/kidsplay.lt\/parduotuve\/"},{"@type":"ListItem","position":3,"name":"WOOPIE Triu\u0161is kuprin\u0117je 3in1 \u016akio namas Sodas"}]},{"@type":"WebSite","@id":"https:\/\/kidsplay.lt\/#website","url":"https:\/\/kidsplay.lt\/","name":"B\u0113rnu sp\u0113les.lv","description":"\u012evairios prek\u0117s vaikams","publisher":{"@id":"https:\/\/kidsplay.lt\/#organization"},"alternateName":"Kidsplay","potentialAction":[{"@type":"SearchAction","target":{"@type":"EntryPoint","urlTemplate":"https:\/\/kidsplay.lt\/?s={search_term_string}"},"query-input":{"@type":"PropertyValueSpecification","valueRequired":true,"valueName":"search_term_string"}}],"inLanguage":"lv-LV"},{"@type":"Organization","@id":"https:\/\/kidsplay.lt\/#organization","name":"B\u0113rnu sp\u0113le","url":"https:\/\/kidsplay.lt\/","logo":{"@type":"ImageObject","inLanguage":"lv-LV","@id":"https:\/\/kidsplay.lt\/#\/schema\/logo\/image\/","url":"https:\/\/kidsplay.lt\/wp-content\/uploads\/2023\/07\/kidsplay-logo.png","contentUrl":"https:\/\/kidsplay.lt\/wp-content\/uploads\/2023\/07\/kidsplay-logo.png","width":451,"height":98,"caption":"KidsPlay"},"image":{"@id":"https:\/\/kidsplay.lt\/#\/schema\/logo\/image\/"},"sameAs":["https:\/\/www.facebook.com\/www.kidsplay.lt"]}]}},"_links":{"self":[{"href":"https:\/\/kidsplay.lt\/lv\/wp-json\/wp\/v2\/product\/89904","targetHints":{"allow":["GET"]}}],"collection":[{"href":"https:\/\/kidsplay.lt\/lv\/wp-json\/wp\/v2\/product"}],"about":[{"href":"https:\/\/kidsplay.lt\/lv\/wp-json\/wp\/v2\/types\/product"}],"version-history":[{"count":1,"href":"https:\/\/kidsplay.lt\/lv\/wp-json\/wp\/v2\/product\/89904\/revisions"}],"predecessor-version":[{"id":89905,"href":"https:\/\/kidsplay.lt\/lv\/wp-json\/wp\/v2\/product\/89904\/revisions\/89905"}],"wp:featuredmedia":[{"embeddable":true,"href":"https:\/\/kidsplay.lt\/lv\/wp-json\/wp\/v2\/media\/67384"}],"wp:attachment":[{"href":"https:\/\/kidsplay.lt\/lv\/wp-json\/wp\/v2\/media?parent=89904"}],"wp:term":[{"taxonomy":"product_brand","embeddable":true,"href":"https:\/\/kidsplay.lt\/lv\/wp-json\/wp\/v2\/product_brand?post=89904"},{"taxonomy":"product_cat","embeddable":true,"href":"https:\/\/kidsplay.lt\/lv\/wp-json\/wp\/v2\/product_cat?post=89904"},{"taxonomy":"product_tag","embeddable":true,"href":"https:\/\/kidsplay.lt\/lv\/wp-json\/wp\/v2\/product_tag?post=89904"}],"curies":[{"name":"wp","href":"https:\/\/api.w.org\/{rel}","templated":true}]}}