{"id":89910,"date":"2026-02-26T09:33:24","date_gmt":"2026-02-26T07:33:24","guid":{"rendered":"https:\/\/kidsplay.lt\/produktas\/feber-dvipuse-permatoma-meno-ir-pramogu-lenta\/"},"modified":"2026-04-07T10:48:29","modified_gmt":"2026-04-07T07:48:29","slug":"feber-dvipuse-permatoma-meno-ir-pramogu-lenta","status":"publish","type":"product","link":"https:\/\/kidsplay.lt\/lv\/products\/feber-dvipuse-permatoma-meno-ir-pramogu-lenta\/","title":{"rendered":"FEBER divpus\u0113ja caursp\u012bd\u012bga m\u0101kslas un izklaides t\u0101fele"},"content":{"rendered":"<p>Dvipus\u0117 \u201eArt&amp;Fun\u201c permatoma pie\u0161imo lenta\u00a0i\u0161 garsaus prek\u0117s \u017eenklo\u00a0FEBER\u00a0yra permatoma, meni\u0161ka lenta, skirta naudoti dvipusiai. Prie jos pridedami lipdukai, kuriuos galima laisvai klijuoti ant lentos, suteikiant jai asmenin\u012f akcent\u0105. Lentoje yra specialios jungtys, leid\u017eian\u010dios pritvirtinti pridedamus \u0161ablonus arba savo pie\u0161inius. Lent\u0105 taip pat galite naudoti be \u0161ablon\u0173.<\/p>\n<p>\u0160i k\u016brybin\u0117 priemon\u0117 leis vaikams i\u0161reik\u0161ti savo vaizduot\u0119 ir lavinti rankinius \u012fg\u016bd\u017eius.<\/p>\n<p>Rakstur\u012bgs:<\/p>\n<p> \tDu \u017eymekliai\u00a0k\u016brybiniam pie\u0161imui.<br \/>\n \tPad\u0117klas\u00a0, ant kurio galite pad\u0117ti \u017eymeklius ar kitus pie\u0161imo \u012frankius.<br \/>\n \tTinka \u017eaisti tiek patalpose, tiek lauke.<br \/>\n \tPadeda lavinti kognityvinius ir motorinius \u012fg\u016bd\u017eius, skatina \u017eaisti vaidmenimis.<br \/>\n \tSkirta vaikams nuo\u00a03\u00a0met\u0173 am\u017eiaus .<\/p>","protected":false},"excerpt":{"rendered":"<p>Dvipus\u0117 \u201eArt&amp;Fun\u201c permatoma pie\u0161imo lenta\u00a0i\u0161 garsaus prek\u0117s \u017eenklo\u00a0FEBER\u00a0yra permatoma, meni\u0161ka lenta, skirta naudoti dvipusiai. Prie jos pridedami lipdukai, kuriuos galima<\/p>","protected":false},"featured_media":62700,"template":"","meta":{"_acf_changed":false,"_glsr_average":0,"_glsr_ranking":0,"_glsr_reviews":0},"product_brand":[],"product_cat":[673,229],"product_tag":[],"class_list":{"0":"post-89910","1":"product","2":"type-product","3":"status-publish","4":"has-post-thumbnail","6":"product_cat-ugdomosios-priemones","7":"product_cat-zaislai-vaikams","8":"\"style=\"background-color: #2ecc711c;\"","10":"first","11":"instock","12":"purchasable","13":"product-type-simple"},"acf":[],"yoast_head":"<!-- This site is optimized with the Yoast SEO plugin v27.3 - https:\/\/yoast.com\/product\/yoast-seo-wordpress\/ -->\n<title>FEBER dvipus\u0117 permatoma meno ir pramog\u0173 lenta<\/title>\n<meta name=\"description\" content=\"FEBER dvipus\u0117 permatoma meno ir pramog\u0173 lenta - KidsPlay. Did\u017eiausias vaik\u0173 \u017eaisl\u0173 pasirinkimas.\" \/>\n<meta name=\"robots\" content=\"index, follow, max-snippet:-1, max-image-preview:large, max-video-preview:-1\" \/>\n<link rel=\"canonical\" href=\"https:\/\/kidsplay.lt\/lv\/products\/feber-dvipuse-permatoma-meno-ir-pramogu-lenta\/\" \/>\n<meta property=\"og:locale\" content=\"lv_LV\" \/>\n<meta property=\"og:type\" content=\"article\" \/>\n<meta property=\"og:title\" content=\"FEBER dvipus\u0117 permatoma meno ir pramog\u0173 lenta\" \/>\n<meta property=\"og:description\" content=\"FEBER dvipus\u0117 permatoma meno ir pramog\u0173 lenta - KidsPlay. Did\u017eiausias vaik\u0173 \u017eaisl\u0173 pasirinkimas.\" \/>\n<meta property=\"og:url\" content=\"https:\/\/kidsplay.lt\/lv\/products\/feber-dvipuse-permatoma-meno-ir-pramogu-lenta\/\" \/>\n<meta property=\"og:site_name\" content=\"KidsPlay\" \/>\n<meta property=\"article:publisher\" content=\"https:\/\/www.facebook.com\/www.kidsplay.lt\" \/>\n<meta property=\"article:modified_time\" content=\"2026-04-07T07:48:29+00:00\" \/>\n<meta property=\"og:image\" content=\"https:\/\/kidsplay.lt\/wp-content\/uploads\/2025\/09\/FEBER-dvipuse-permatoma-meno-ir-pramogu-lenta.jpg\" \/>\n\t<meta property=\"og:image:width\" content=\"1000\" \/>\n\t<meta property=\"og:image:height\" content=\"1000\" \/>\n\t<meta property=\"og:image:type\" content=\"image\/jpeg\" \/>\n<meta name=\"twitter:card\" content=\"summary_large_image\" \/>\n<meta name=\"twitter:label1\" content=\"Est. reading time\" \/>\n\t<meta name=\"twitter:data1\" content=\"1 min\u016bte\" \/>\n<script type=\"application\/ld+json\" class=\"yoast-schema-graph\">{\"@context\":\"https:\\\/\\\/schema.org\",\"@graph\":[{\"@type\":\"WebPage\",\"@id\":\"https:\\\/\\\/kidsplay.lt\\\/produktas\\\/feber-dvipuse-permatoma-meno-ir-pramogu-lenta\\\/\",\"url\":\"https:\\\/\\\/kidsplay.lt\\\/produktas\\\/feber-dvipuse-permatoma-meno-ir-pramogu-lenta\\\/\",\"name\":\"FEBER dvipus\u0117 permatoma meno ir pramog\u0173 lenta\",\"isPartOf\":{\"@id\":\"https:\\\/\\\/kidsplay.lt\\\/#website\"},\"primaryImageOfPage\":{\"@id\":\"https:\\\/\\\/kidsplay.lt\\\/produktas\\\/feber-dvipuse-permatoma-meno-ir-pramogu-lenta\\\/#primaryimage\"},\"image\":{\"@id\":\"https:\\\/\\\/kidsplay.lt\\\/produktas\\\/feber-dvipuse-permatoma-meno-ir-pramogu-lenta\\\/#primaryimage\"},\"thumbnailUrl\":\"https:\\\/\\\/kidsplay.lt\\\/wp-content\\\/uploads\\\/2025\\\/09\\\/FEBER-dvipuse-permatoma-meno-ir-pramogu-lenta.jpg\",\"datePublished\":\"2026-02-26T07:33:24+00:00\",\"dateModified\":\"2026-04-07T07:48:29+00:00\",\"description\":\"FEBER dvipus\u0117 permatoma meno ir pramog\u0173 lenta - KidsPlay. Did\u017eiausias vaik\u0173 \u017eaisl\u0173 pasirinkimas.\",\"breadcrumb\":{\"@id\":\"https:\\\/\\\/kidsplay.lt\\\/produktas\\\/feber-dvipuse-permatoma-meno-ir-pramogu-lenta\\\/#breadcrumb\"},\"inLanguage\":\"lv-LV\",\"potentialAction\":[{\"@type\":\"ReadAction\",\"target\":[\"https:\\\/\\\/kidsplay.lt\\\/produktas\\\/feber-dvipuse-permatoma-meno-ir-pramogu-lenta\\\/\"]}]},{\"@type\":\"ImageObject\",\"inLanguage\":\"lv-LV\",\"@id\":\"https:\\\/\\\/kidsplay.lt\\\/produktas\\\/feber-dvipuse-permatoma-meno-ir-pramogu-lenta\\\/#primaryimage\",\"url\":\"https:\\\/\\\/kidsplay.lt\\\/wp-content\\\/uploads\\\/2025\\\/09\\\/FEBER-dvipuse-permatoma-meno-ir-pramogu-lenta.jpg\",\"contentUrl\":\"https:\\\/\\\/kidsplay.lt\\\/wp-content\\\/uploads\\\/2025\\\/09\\\/FEBER-dvipuse-permatoma-meno-ir-pramogu-lenta.jpg\",\"width\":1000,\"height\":1000,\"caption\":\"FEBER dvipus\u0117 permatoma meno ir pramog\u0173 lenta\"},{\"@type\":\"BreadcrumbList\",\"@id\":\"https:\\\/\\\/kidsplay.lt\\\/produktas\\\/feber-dvipuse-permatoma-meno-ir-pramogu-lenta\\\/#breadcrumb\",\"itemListElement\":[{\"@type\":\"ListItem\",\"position\":1,\"name\":\"Pagrindinis\",\"item\":\"https:\\\/\\\/kidsplay.lt\\\/\"},{\"@type\":\"ListItem\",\"position\":2,\"name\":\"Parduotuv\u0117\",\"item\":\"https:\\\/\\\/kidsplay.lt\\\/parduotuve\\\/\"},{\"@type\":\"ListItem\",\"position\":3,\"name\":\"FEBER dvipus\u0117 permatoma meno ir pramog\u0173 lenta\"}]},{\"@type\":\"WebSite\",\"@id\":\"https:\\\/\\\/kidsplay.lt\\\/#website\",\"url\":\"https:\\\/\\\/kidsplay.lt\\\/\",\"name\":\"Kidsplay.lt\",\"description\":\"\u012evairios prek\u0117s vaikams\",\"publisher\":{\"@id\":\"https:\\\/\\\/kidsplay.lt\\\/#organization\"},\"alternateName\":\"Kidsplay\",\"potentialAction\":[{\"@type\":\"SearchAction\",\"target\":{\"@type\":\"EntryPoint\",\"urlTemplate\":\"https:\\\/\\\/kidsplay.lt\\\/?s={search_term_string}\"},\"query-input\":{\"@type\":\"PropertyValueSpecification\",\"valueRequired\":true,\"valueName\":\"search_term_string\"}}],\"inLanguage\":\"lv-LV\"},{\"@type\":\"Organization\",\"@id\":\"https:\\\/\\\/kidsplay.lt\\\/#organization\",\"name\":\"KidsPlay\",\"url\":\"https:\\\/\\\/kidsplay.lt\\\/\",\"logo\":{\"@type\":\"ImageObject\",\"inLanguage\":\"lv-LV\",\"@id\":\"https:\\\/\\\/kidsplay.lt\\\/#\\\/schema\\\/logo\\\/image\\\/\",\"url\":\"https:\\\/\\\/kidsplay.lt\\\/wp-content\\\/uploads\\\/2023\\\/07\\\/kidsplay-logo.png\",\"contentUrl\":\"https:\\\/\\\/kidsplay.lt\\\/wp-content\\\/uploads\\\/2023\\\/07\\\/kidsplay-logo.png\",\"width\":451,\"height\":98,\"caption\":\"KidsPlay\"},\"image\":{\"@id\":\"https:\\\/\\\/kidsplay.lt\\\/#\\\/schema\\\/logo\\\/image\\\/\"},\"sameAs\":[\"https:\\\/\\\/www.facebook.com\\\/www.kidsplay.lt\"]}]}<\/script>\n<!-- \/ Yoast SEO plugin. -->","yoast_head_json":{"title":"FEBER divpus\u0113ja caursp\u012bd\u012bga m\u0101kslas un izklaides t\u0101fele","description":"FEBER dvipus\u0117 permatoma meno ir pramog\u0173 lenta - KidsPlay. Did\u017eiausias vaik\u0173 \u017eaisl\u0173 pasirinkimas.","robots":{"index":"index","follow":"follow","max-snippet":"max-snippet:-1","max-image-preview":"max-image-preview:large","max-video-preview":"max-video-preview:-1"},"canonical":"https:\/\/kidsplay.lt\/lv\/products\/feber-dvipuse-permatoma-meno-ir-pramogu-lenta\/","og_locale":"lv_LV","og_type":"article","og_title":"FEBER dvipus\u0117 permatoma meno ir pramog\u0173 lenta","og_description":"FEBER dvipus\u0117 permatoma meno ir pramog\u0173 lenta - KidsPlay. Did\u017eiausias vaik\u0173 \u017eaisl\u0173 pasirinkimas.","og_url":"https:\/\/kidsplay.lt\/lv\/products\/feber-dvipuse-permatoma-meno-ir-pramogu-lenta\/","og_site_name":"KidsPlay","article_publisher":"https:\/\/www.facebook.com\/www.kidsplay.lt","article_modified_time":"2026-04-07T07:48:29+00:00","og_image":[{"width":1000,"height":1000,"url":"https:\/\/kidsplay.lt\/wp-content\/uploads\/2025\/09\/FEBER-dvipuse-permatoma-meno-ir-pramogu-lenta.jpg","type":"image\/jpeg"}],"twitter_card":"summary_large_image","twitter_misc":{"Est. reading time":"1 min\u016bte"},"schema":{"@context":"https:\/\/schema.org","@graph":[{"@type":"WebPage","@id":"https:\/\/kidsplay.lt\/produktas\/feber-dvipuse-permatoma-meno-ir-pramogu-lenta\/","url":"https:\/\/kidsplay.lt\/produktas\/feber-dvipuse-permatoma-meno-ir-pramogu-lenta\/","name":"FEBER divpus\u0113ja caursp\u012bd\u012bga m\u0101kslas un izklaides t\u0101fele","isPartOf":{"@id":"https:\/\/kidsplay.lt\/#website"},"primaryImageOfPage":{"@id":"https:\/\/kidsplay.lt\/produktas\/feber-dvipuse-permatoma-meno-ir-pramogu-lenta\/#primaryimage"},"image":{"@id":"https:\/\/kidsplay.lt\/produktas\/feber-dvipuse-permatoma-meno-ir-pramogu-lenta\/#primaryimage"},"thumbnailUrl":"https:\/\/kidsplay.lt\/wp-content\/uploads\/2025\/09\/FEBER-dvipuse-permatoma-meno-ir-pramogu-lenta.jpg","datePublished":"2026-02-26T07:33:24+00:00","dateModified":"2026-04-07T07:48:29+00:00","description":"FEBER dvipus\u0117 permatoma meno ir pramog\u0173 lenta - KidsPlay. Did\u017eiausias vaik\u0173 \u017eaisl\u0173 pasirinkimas.","breadcrumb":{"@id":"https:\/\/kidsplay.lt\/produktas\/feber-dvipuse-permatoma-meno-ir-pramogu-lenta\/#breadcrumb"},"inLanguage":"lv-LV","potentialAction":[{"@type":"ReadAction","target":["https:\/\/kidsplay.lt\/produktas\/feber-dvipuse-permatoma-meno-ir-pramogu-lenta\/"]}]},{"@type":"ImageObject","inLanguage":"lv-LV","@id":"https:\/\/kidsplay.lt\/produktas\/feber-dvipuse-permatoma-meno-ir-pramogu-lenta\/#primaryimage","url":"https:\/\/kidsplay.lt\/wp-content\/uploads\/2025\/09\/FEBER-dvipuse-permatoma-meno-ir-pramogu-lenta.jpg","contentUrl":"https:\/\/kidsplay.lt\/wp-content\/uploads\/2025\/09\/FEBER-dvipuse-permatoma-meno-ir-pramogu-lenta.jpg","width":1000,"height":1000,"caption":"FEBER dvipus\u0117 permatoma meno ir pramog\u0173 lenta"},{"@type":"BreadcrumbList","@id":"https:\/\/kidsplay.lt\/produktas\/feber-dvipuse-permatoma-meno-ir-pramogu-lenta\/#breadcrumb","itemListElement":[{"@type":"ListItem","position":1,"name":"Pagrindinis","item":"https:\/\/kidsplay.lt\/"},{"@type":"ListItem","position":2,"name":"Parduotuv\u0117","item":"https:\/\/kidsplay.lt\/parduotuve\/"},{"@type":"ListItem","position":3,"name":"FEBER dvipus\u0117 permatoma meno ir pramog\u0173 lenta"}]},{"@type":"WebSite","@id":"https:\/\/kidsplay.lt\/#website","url":"https:\/\/kidsplay.lt\/","name":"B\u0113rnu sp\u0113les.lv","description":"\u012evairios prek\u0117s vaikams","publisher":{"@id":"https:\/\/kidsplay.lt\/#organization"},"alternateName":"Kidsplay","potentialAction":[{"@type":"SearchAction","target":{"@type":"EntryPoint","urlTemplate":"https:\/\/kidsplay.lt\/?s={search_term_string}"},"query-input":{"@type":"PropertyValueSpecification","valueRequired":true,"valueName":"search_term_string"}}],"inLanguage":"lv-LV"},{"@type":"Organization","@id":"https:\/\/kidsplay.lt\/#organization","name":"B\u0113rnu sp\u0113le","url":"https:\/\/kidsplay.lt\/","logo":{"@type":"ImageObject","inLanguage":"lv-LV","@id":"https:\/\/kidsplay.lt\/#\/schema\/logo\/image\/","url":"https:\/\/kidsplay.lt\/wp-content\/uploads\/2023\/07\/kidsplay-logo.png","contentUrl":"https:\/\/kidsplay.lt\/wp-content\/uploads\/2023\/07\/kidsplay-logo.png","width":451,"height":98,"caption":"KidsPlay"},"image":{"@id":"https:\/\/kidsplay.lt\/#\/schema\/logo\/image\/"},"sameAs":["https:\/\/www.facebook.com\/www.kidsplay.lt"]}]}},"_links":{"self":[{"href":"https:\/\/kidsplay.lt\/lv\/wp-json\/wp\/v2\/product\/89910","targetHints":{"allow":["GET"]}}],"collection":[{"href":"https:\/\/kidsplay.lt\/lv\/wp-json\/wp\/v2\/product"}],"about":[{"href":"https:\/\/kidsplay.lt\/lv\/wp-json\/wp\/v2\/types\/product"}],"version-history":[{"count":1,"href":"https:\/\/kidsplay.lt\/lv\/wp-json\/wp\/v2\/product\/89910\/revisions"}],"predecessor-version":[{"id":89911,"href":"https:\/\/kidsplay.lt\/lv\/wp-json\/wp\/v2\/product\/89910\/revisions\/89911"}],"wp:featuredmedia":[{"embeddable":true,"href":"https:\/\/kidsplay.lt\/lv\/wp-json\/wp\/v2\/media\/62700"}],"wp:attachment":[{"href":"https:\/\/kidsplay.lt\/lv\/wp-json\/wp\/v2\/media?parent=89910"}],"wp:term":[{"taxonomy":"product_brand","embeddable":true,"href":"https:\/\/kidsplay.lt\/lv\/wp-json\/wp\/v2\/product_brand?post=89910"},{"taxonomy":"product_cat","embeddable":true,"href":"https:\/\/kidsplay.lt\/lv\/wp-json\/wp\/v2\/product_cat?post=89910"},{"taxonomy":"product_tag","embeddable":true,"href":"https:\/\/kidsplay.lt\/lv\/wp-json\/wp\/v2\/product_tag?post=89910"}],"curies":[{"name":"wp","href":"https:\/\/api.w.org\/{rel}","templated":true}]}}