{"id":89912,"date":"2026-02-26T09:33:26","date_gmt":"2026-02-26T07:33:26","guid":{"rendered":"https:\/\/kidsplay.lt\/produktas\/masterkidz-spalvingi-varztai-5-formos-stem-kurybinei-lentai-512-detaliu-misrios-spalvos\/"},"modified":"2026-04-07T10:48:33","modified_gmt":"2026-04-07T07:48:33","slug":"masterkidz-spalvingi-varztai-5-formos-stem-kurybinei-lentai-512-detaliu-misrios-spalvos","status":"publish","type":"product","link":"https:\/\/kidsplay.lt\/lv\/products\/masterkidz-spalvingi-varztai-5-formos-stem-kurybinei-lentai-512-detaliu-misrios-spalvos\/","title":{"rendered":"MASTERKIDZ Spalvingi var\u017etai, 5 formos, STEM k\u016brybinei lentai, 512 detali\u0173, mi\u0161rios spalvos"},"content":{"rendered":"<p>Spalvingi var\u017eteliai, skirti \u012fsukti \u012f \u201eMasterkidz STEM\u201c\u00a0medin\u0119 edukacin\u0119 lent\u0105,\u00a0yra puikus priedas. J\u016bs\u0173 vaikas ne tik gal\u0117s gra\u017eiai\u00a0\u00a0papuo\u0161ti savo lent\u0105\u00a0\u00a0ir kurti nuostabius pie\u0161inius,\u00a0\u00a0bet ir speciali\u0173 \u012franki\u0173 (\u012fsigyjam\u0173 atskirai) d\u0117ka i\u0161moks naudotis rankiniais \u012frankiais bei elektriniu atsuktuvu. \u0160iame rinkinyje yra\u00a0penki\u0173 tip\u0173 var\u017eteliai\u00a0a\u0161tuoni\u0173 spalv\u0173 su skirtingomis \u012fdubomis: 128 standartiniai \u201ePhillips\u201c var\u017eteliai ir dar keturi\u0173 tip\u0173 var\u017eteliai, kuri\u0173 kiekvienas turi 96 \u012fdubas: plok\u0161ti, trikampiai, \u017evaig\u017ed\u0117s formos ir kvadratiniai.<br \/>\nRakstur\u012bgs:<\/p>\n<p> \t&#8211;\u00a0Rinkinyje yra\u00a0512\u00a0spalvot\u0173\u00a0var\u017et\u0173 8 spalv\u0173<br \/>\n \t&#8211; 128 vnt.\u00a0kry\u017emini\u0173 var\u017et\u0173\u00a0,\u00a0\u00a096\u00a0vnt.\u00a0plok\u0161\u010di\u0173, trikampi\u0173, \u017evaig\u017ed\u0117s formos ir kvadratini\u0173 var\u017et\u0173<\/p>\n<p> \t&#8211; D\u0117l skirting\u0173 var\u017et\u0173 \u012fdub\u0173 vaikai mokosi\u00a0atpa\u017einti formas<br \/>\n \t&#8211; \u017daidimo laikas su \u201eMasterkidz\u201c STEM medine mokymosi lenta \u012fgauna visi\u0161kai nauj\u0105 prasm\u0119! Dabar lent\u0105 galite pripildyti\u00a0\u00a0spalvingais var\u017etais \u2013\u00a0\u00a0puikus b\u016bdas\u00a0\u00a0lavinti vaiko smulki\u0105j\u0105 motorik\u0105.<br \/>\n \t&#8211; Var\u017etai ne tik puikiai papildys lent\u0105, u\u017epildydami j\u0105 naujomis spalvomis, bet ir tod\u0117l, kad juos galima \u012fsukti specialiais \u012frankiais (kuriuos reikia \u012fsigyti atskirai), j\u016bs\u0173 vaikas i\u0161moks naudotis atsuktuvais, ver\u017eliarak\u010diais ir net elektroniniu atsuktuvu su skirtingais antgaliais.<\/p>","protected":false},"excerpt":{"rendered":"<p>Spalvingi var\u017eteliai, skirti \u012fsukti \u012f \u201eMasterkidz STEM\u201c\u00a0medin\u0119 edukacin\u0119 lent\u0105,\u00a0yra puikus priedas. J\u016bs\u0173 vaikas ne tik gal\u0117s gra\u017eiai\u00a0\u00a0papuo\u0161ti savo lent\u0105\u00a0\u00a0ir kurti<\/p>","protected":false},"featured_media":62705,"template":"","meta":{"_acf_changed":false,"_glsr_average":0,"_glsr_ranking":0,"_glsr_reviews":0},"product_brand":[],"product_cat":[673,229],"product_tag":[],"class_list":{"0":"post-89912","1":"product","2":"type-product","3":"status-publish","4":"has-post-thumbnail","6":"product_cat-ugdomosios-priemones","7":"product_cat-zaislai-vaikams","8":"\"style=\"background-color: #2ecc711c;\"","10":"first","11":"instock","12":"purchasable","13":"product-type-simple"},"acf":[],"yoast_head":"<!-- This site is optimized with the Yoast SEO plugin v27.3 - https:\/\/yoast.com\/product\/yoast-seo-wordpress\/ -->\n<title>MASTERKIDZ Spalvingi var\u017etai, 5 formos, STEM k\u016brybinei lentai, 512 detali\u0173, mi\u0161rios spalvos<\/title>\n<meta name=\"description\" content=\"MASTERKIDZ Spalvingi var\u017etai, 5 formos, STEM k\u016brybinei lentai, 512 detali\u0173, mi\u0161rios spalvos - KidsPlay. Did\u017eiausias vaik\u0173 \u017eaisl\u0173 pasirinkimas.\" \/>\n<meta name=\"robots\" content=\"index, follow, max-snippet:-1, max-image-preview:large, max-video-preview:-1\" \/>\n<link rel=\"canonical\" href=\"https:\/\/kidsplay.lt\/lv\/products\/masterkidz-spalvingi-varztai-5-formos-stem-kurybinei-lentai-512-detaliu-misrios-spalvos\/\" \/>\n<meta property=\"og:locale\" content=\"lv_LV\" \/>\n<meta property=\"og:type\" content=\"article\" \/>\n<meta property=\"og:title\" content=\"MASTERKIDZ Spalvingi var\u017etai, 5 formos, STEM k\u016brybinei lentai, 512 detali\u0173, mi\u0161rios spalvos\" \/>\n<meta property=\"og:description\" content=\"MASTERKIDZ Spalvingi var\u017etai, 5 formos, STEM k\u016brybinei lentai, 512 detali\u0173, mi\u0161rios spalvos - KidsPlay. Did\u017eiausias vaik\u0173 \u017eaisl\u0173 pasirinkimas.\" \/>\n<meta property=\"og:url\" content=\"https:\/\/kidsplay.lt\/lv\/products\/masterkidz-spalvingi-varztai-5-formos-stem-kurybinei-lentai-512-detaliu-misrios-spalvos\/\" \/>\n<meta property=\"og:site_name\" content=\"KidsPlay\" \/>\n<meta property=\"article:publisher\" content=\"https:\/\/www.facebook.com\/www.kidsplay.lt\" \/>\n<meta property=\"article:modified_time\" content=\"2026-04-07T07:48:33+00:00\" \/>\n<meta property=\"og:image\" content=\"https:\/\/kidsplay.lt\/wp-content\/uploads\/2025\/09\/MASTERKIDZ-Spalvingi-varztai-5-formos-STEM-kurybinei-lentai-512-detaliu-misrios-spalvos.jpg\" \/>\n\t<meta property=\"og:image:width\" content=\"2560\" \/>\n\t<meta property=\"og:image:height\" content=\"2560\" \/>\n\t<meta property=\"og:image:type\" content=\"image\/jpeg\" \/>\n<meta name=\"twitter:card\" content=\"summary_large_image\" \/>\n<meta name=\"twitter:label1\" content=\"Est. reading time\" \/>\n\t<meta name=\"twitter:data1\" content=\"1 min\u016bte\" \/>\n<script type=\"application\/ld+json\" class=\"yoast-schema-graph\">{\"@context\":\"https:\\\/\\\/schema.org\",\"@graph\":[{\"@type\":\"WebPage\",\"@id\":\"https:\\\/\\\/kidsplay.lt\\\/produktas\\\/masterkidz-spalvingi-varztai-5-formos-stem-kurybinei-lentai-512-detaliu-misrios-spalvos\\\/\",\"url\":\"https:\\\/\\\/kidsplay.lt\\\/produktas\\\/masterkidz-spalvingi-varztai-5-formos-stem-kurybinei-lentai-512-detaliu-misrios-spalvos\\\/\",\"name\":\"MASTERKIDZ Spalvingi var\u017etai, 5 formos, STEM k\u016brybinei lentai, 512 detali\u0173, mi\u0161rios spalvos\",\"isPartOf\":{\"@id\":\"https:\\\/\\\/kidsplay.lt\\\/#website\"},\"primaryImageOfPage\":{\"@id\":\"https:\\\/\\\/kidsplay.lt\\\/produktas\\\/masterkidz-spalvingi-varztai-5-formos-stem-kurybinei-lentai-512-detaliu-misrios-spalvos\\\/#primaryimage\"},\"image\":{\"@id\":\"https:\\\/\\\/kidsplay.lt\\\/produktas\\\/masterkidz-spalvingi-varztai-5-formos-stem-kurybinei-lentai-512-detaliu-misrios-spalvos\\\/#primaryimage\"},\"thumbnailUrl\":\"https:\\\/\\\/kidsplay.lt\\\/wp-content\\\/uploads\\\/2025\\\/09\\\/MASTERKIDZ-Spalvingi-varztai-5-formos-STEM-kurybinei-lentai-512-detaliu-misrios-spalvos.jpg\",\"datePublished\":\"2026-02-26T07:33:26+00:00\",\"dateModified\":\"2026-04-07T07:48:33+00:00\",\"description\":\"MASTERKIDZ Spalvingi var\u017etai, 5 formos, STEM k\u016brybinei lentai, 512 detali\u0173, mi\u0161rios spalvos - KidsPlay. Did\u017eiausias vaik\u0173 \u017eaisl\u0173 pasirinkimas.\",\"breadcrumb\":{\"@id\":\"https:\\\/\\\/kidsplay.lt\\\/produktas\\\/masterkidz-spalvingi-varztai-5-formos-stem-kurybinei-lentai-512-detaliu-misrios-spalvos\\\/#breadcrumb\"},\"inLanguage\":\"lv-LV\",\"potentialAction\":[{\"@type\":\"ReadAction\",\"target\":[\"https:\\\/\\\/kidsplay.lt\\\/produktas\\\/masterkidz-spalvingi-varztai-5-formos-stem-kurybinei-lentai-512-detaliu-misrios-spalvos\\\/\"]}]},{\"@type\":\"ImageObject\",\"inLanguage\":\"lv-LV\",\"@id\":\"https:\\\/\\\/kidsplay.lt\\\/produktas\\\/masterkidz-spalvingi-varztai-5-formos-stem-kurybinei-lentai-512-detaliu-misrios-spalvos\\\/#primaryimage\",\"url\":\"https:\\\/\\\/kidsplay.lt\\\/wp-content\\\/uploads\\\/2025\\\/09\\\/MASTERKIDZ-Spalvingi-varztai-5-formos-STEM-kurybinei-lentai-512-detaliu-misrios-spalvos.jpg\",\"contentUrl\":\"https:\\\/\\\/kidsplay.lt\\\/wp-content\\\/uploads\\\/2025\\\/09\\\/MASTERKIDZ-Spalvingi-varztai-5-formos-STEM-kurybinei-lentai-512-detaliu-misrios-spalvos.jpg\",\"width\":2560,\"height\":2560,\"caption\":\"MASTERKIDZ Spalvingi var\u017etai\"},{\"@type\":\"BreadcrumbList\",\"@id\":\"https:\\\/\\\/kidsplay.lt\\\/produktas\\\/masterkidz-spalvingi-varztai-5-formos-stem-kurybinei-lentai-512-detaliu-misrios-spalvos\\\/#breadcrumb\",\"itemListElement\":[{\"@type\":\"ListItem\",\"position\":1,\"name\":\"Pagrindinis\",\"item\":\"https:\\\/\\\/kidsplay.lt\\\/\"},{\"@type\":\"ListItem\",\"position\":2,\"name\":\"Parduotuv\u0117\",\"item\":\"https:\\\/\\\/kidsplay.lt\\\/parduotuve\\\/\"},{\"@type\":\"ListItem\",\"position\":3,\"name\":\"MASTERKIDZ Spalvingi var\u017etai, 5 formos, STEM k\u016brybinei lentai, 512 detali\u0173, mi\u0161rios spalvos\"}]},{\"@type\":\"WebSite\",\"@id\":\"https:\\\/\\\/kidsplay.lt\\\/#website\",\"url\":\"https:\\\/\\\/kidsplay.lt\\\/\",\"name\":\"Kidsplay.lt\",\"description\":\"\u012evairios prek\u0117s vaikams\",\"publisher\":{\"@id\":\"https:\\\/\\\/kidsplay.lt\\\/#organization\"},\"alternateName\":\"Kidsplay\",\"potentialAction\":[{\"@type\":\"SearchAction\",\"target\":{\"@type\":\"EntryPoint\",\"urlTemplate\":\"https:\\\/\\\/kidsplay.lt\\\/?s={search_term_string}\"},\"query-input\":{\"@type\":\"PropertyValueSpecification\",\"valueRequired\":true,\"valueName\":\"search_term_string\"}}],\"inLanguage\":\"lv-LV\"},{\"@type\":\"Organization\",\"@id\":\"https:\\\/\\\/kidsplay.lt\\\/#organization\",\"name\":\"KidsPlay\",\"url\":\"https:\\\/\\\/kidsplay.lt\\\/\",\"logo\":{\"@type\":\"ImageObject\",\"inLanguage\":\"lv-LV\",\"@id\":\"https:\\\/\\\/kidsplay.lt\\\/#\\\/schema\\\/logo\\\/image\\\/\",\"url\":\"https:\\\/\\\/kidsplay.lt\\\/wp-content\\\/uploads\\\/2023\\\/07\\\/kidsplay-logo.png\",\"contentUrl\":\"https:\\\/\\\/kidsplay.lt\\\/wp-content\\\/uploads\\\/2023\\\/07\\\/kidsplay-logo.png\",\"width\":451,\"height\":98,\"caption\":\"KidsPlay\"},\"image\":{\"@id\":\"https:\\\/\\\/kidsplay.lt\\\/#\\\/schema\\\/logo\\\/image\\\/\"},\"sameAs\":[\"https:\\\/\\\/www.facebook.com\\\/www.kidsplay.lt\"]}]}<\/script>\n<!-- \/ Yoast SEO plugin. -->","yoast_head_json":{"title":"MASTERKIDZ Spalvingi var\u017etai, 5 formos, STEM k\u016brybinei lentai, 512 detali\u0173, mi\u0161rios spalvos","description":"MASTERKIDZ Spalvingi var\u017etai, 5 formos, STEM k\u016brybinei lentai, 512 detali\u0173, mi\u0161rios spalvos - KidsPlay. Did\u017eiausias vaik\u0173 \u017eaisl\u0173 pasirinkimas.","robots":{"index":"index","follow":"follow","max-snippet":"max-snippet:-1","max-image-preview":"max-image-preview:large","max-video-preview":"max-video-preview:-1"},"canonical":"https:\/\/kidsplay.lt\/lv\/products\/masterkidz-spalvingi-varztai-5-formos-stem-kurybinei-lentai-512-detaliu-misrios-spalvos\/","og_locale":"lv_LV","og_type":"article","og_title":"MASTERKIDZ Spalvingi var\u017etai, 5 formos, STEM k\u016brybinei lentai, 512 detali\u0173, mi\u0161rios spalvos","og_description":"MASTERKIDZ Spalvingi var\u017etai, 5 formos, STEM k\u016brybinei lentai, 512 detali\u0173, mi\u0161rios spalvos - KidsPlay. Did\u017eiausias vaik\u0173 \u017eaisl\u0173 pasirinkimas.","og_url":"https:\/\/kidsplay.lt\/lv\/products\/masterkidz-spalvingi-varztai-5-formos-stem-kurybinei-lentai-512-detaliu-misrios-spalvos\/","og_site_name":"KidsPlay","article_publisher":"https:\/\/www.facebook.com\/www.kidsplay.lt","article_modified_time":"2026-04-07T07:48:33+00:00","og_image":[{"width":2560,"height":2560,"url":"https:\/\/kidsplay.lt\/wp-content\/uploads\/2025\/09\/MASTERKIDZ-Spalvingi-varztai-5-formos-STEM-kurybinei-lentai-512-detaliu-misrios-spalvos.jpg","type":"image\/jpeg"}],"twitter_card":"summary_large_image","twitter_misc":{"Est. reading time":"1 min\u016bte"},"schema":{"@context":"https:\/\/schema.org","@graph":[{"@type":"WebPage","@id":"https:\/\/kidsplay.lt\/produktas\/masterkidz-spalvingi-varztai-5-formos-stem-kurybinei-lentai-512-detaliu-misrios-spalvos\/","url":"https:\/\/kidsplay.lt\/produktas\/masterkidz-spalvingi-varztai-5-formos-stem-kurybinei-lentai-512-detaliu-misrios-spalvos\/","name":"MASTERKIDZ Spalvingi var\u017etai, 5 formos, STEM k\u016brybinei lentai, 512 detali\u0173, mi\u0161rios spalvos","isPartOf":{"@id":"https:\/\/kidsplay.lt\/#website"},"primaryImageOfPage":{"@id":"https:\/\/kidsplay.lt\/produktas\/masterkidz-spalvingi-varztai-5-formos-stem-kurybinei-lentai-512-detaliu-misrios-spalvos\/#primaryimage"},"image":{"@id":"https:\/\/kidsplay.lt\/produktas\/masterkidz-spalvingi-varztai-5-formos-stem-kurybinei-lentai-512-detaliu-misrios-spalvos\/#primaryimage"},"thumbnailUrl":"https:\/\/kidsplay.lt\/wp-content\/uploads\/2025\/09\/MASTERKIDZ-Spalvingi-varztai-5-formos-STEM-kurybinei-lentai-512-detaliu-misrios-spalvos.jpg","datePublished":"2026-02-26T07:33:26+00:00","dateModified":"2026-04-07T07:48:33+00:00","description":"MASTERKIDZ Spalvingi var\u017etai, 5 formos, STEM k\u016brybinei lentai, 512 detali\u0173, mi\u0161rios spalvos - KidsPlay. Did\u017eiausias vaik\u0173 \u017eaisl\u0173 pasirinkimas.","breadcrumb":{"@id":"https:\/\/kidsplay.lt\/produktas\/masterkidz-spalvingi-varztai-5-formos-stem-kurybinei-lentai-512-detaliu-misrios-spalvos\/#breadcrumb"},"inLanguage":"lv-LV","potentialAction":[{"@type":"ReadAction","target":["https:\/\/kidsplay.lt\/produktas\/masterkidz-spalvingi-varztai-5-formos-stem-kurybinei-lentai-512-detaliu-misrios-spalvos\/"]}]},{"@type":"ImageObject","inLanguage":"lv-LV","@id":"https:\/\/kidsplay.lt\/produktas\/masterkidz-spalvingi-varztai-5-formos-stem-kurybinei-lentai-512-detaliu-misrios-spalvos\/#primaryimage","url":"https:\/\/kidsplay.lt\/wp-content\/uploads\/2025\/09\/MASTERKIDZ-Spalvingi-varztai-5-formos-STEM-kurybinei-lentai-512-detaliu-misrios-spalvos.jpg","contentUrl":"https:\/\/kidsplay.lt\/wp-content\/uploads\/2025\/09\/MASTERKIDZ-Spalvingi-varztai-5-formos-STEM-kurybinei-lentai-512-detaliu-misrios-spalvos.jpg","width":2560,"height":2560,"caption":"MASTERKIDZ Spalvingi var\u017etai"},{"@type":"BreadcrumbList","@id":"https:\/\/kidsplay.lt\/produktas\/masterkidz-spalvingi-varztai-5-formos-stem-kurybinei-lentai-512-detaliu-misrios-spalvos\/#breadcrumb","itemListElement":[{"@type":"ListItem","position":1,"name":"Pagrindinis","item":"https:\/\/kidsplay.lt\/"},{"@type":"ListItem","position":2,"name":"Parduotuv\u0117","item":"https:\/\/kidsplay.lt\/parduotuve\/"},{"@type":"ListItem","position":3,"name":"MASTERKIDZ Spalvingi var\u017etai, 5 formos, STEM k\u016brybinei lentai, 512 detali\u0173, mi\u0161rios spalvos"}]},{"@type":"WebSite","@id":"https:\/\/kidsplay.lt\/#website","url":"https:\/\/kidsplay.lt\/","name":"B\u0113rnu sp\u0113les.lv","description":"\u012evairios prek\u0117s vaikams","publisher":{"@id":"https:\/\/kidsplay.lt\/#organization"},"alternateName":"Kidsplay","potentialAction":[{"@type":"SearchAction","target":{"@type":"EntryPoint","urlTemplate":"https:\/\/kidsplay.lt\/?s={search_term_string}"},"query-input":{"@type":"PropertyValueSpecification","valueRequired":true,"valueName":"search_term_string"}}],"inLanguage":"lv-LV"},{"@type":"Organization","@id":"https:\/\/kidsplay.lt\/#organization","name":"B\u0113rnu sp\u0113le","url":"https:\/\/kidsplay.lt\/","logo":{"@type":"ImageObject","inLanguage":"lv-LV","@id":"https:\/\/kidsplay.lt\/#\/schema\/logo\/image\/","url":"https:\/\/kidsplay.lt\/wp-content\/uploads\/2023\/07\/kidsplay-logo.png","contentUrl":"https:\/\/kidsplay.lt\/wp-content\/uploads\/2023\/07\/kidsplay-logo.png","width":451,"height":98,"caption":"KidsPlay"},"image":{"@id":"https:\/\/kidsplay.lt\/#\/schema\/logo\/image\/"},"sameAs":["https:\/\/www.facebook.com\/www.kidsplay.lt"]}]}},"_links":{"self":[{"href":"https:\/\/kidsplay.lt\/lv\/wp-json\/wp\/v2\/product\/89912","targetHints":{"allow":["GET"]}}],"collection":[{"href":"https:\/\/kidsplay.lt\/lv\/wp-json\/wp\/v2\/product"}],"about":[{"href":"https:\/\/kidsplay.lt\/lv\/wp-json\/wp\/v2\/types\/product"}],"version-history":[{"count":1,"href":"https:\/\/kidsplay.lt\/lv\/wp-json\/wp\/v2\/product\/89912\/revisions"}],"predecessor-version":[{"id":89913,"href":"https:\/\/kidsplay.lt\/lv\/wp-json\/wp\/v2\/product\/89912\/revisions\/89913"}],"wp:featuredmedia":[{"embeddable":true,"href":"https:\/\/kidsplay.lt\/lv\/wp-json\/wp\/v2\/media\/62705"}],"wp:attachment":[{"href":"https:\/\/kidsplay.lt\/lv\/wp-json\/wp\/v2\/media?parent=89912"}],"wp:term":[{"taxonomy":"product_brand","embeddable":true,"href":"https:\/\/kidsplay.lt\/lv\/wp-json\/wp\/v2\/product_brand?post=89912"},{"taxonomy":"product_cat","embeddable":true,"href":"https:\/\/kidsplay.lt\/lv\/wp-json\/wp\/v2\/product_cat?post=89912"},{"taxonomy":"product_tag","embeddable":true,"href":"https:\/\/kidsplay.lt\/lv\/wp-json\/wp\/v2\/product_tag?post=89912"}],"curies":[{"name":"wp","href":"https:\/\/api.w.org\/{rel}","templated":true}]}}