{"id":89914,"date":"2026-02-26T09:33:29","date_gmt":"2026-02-26T07:33:29","guid":{"rendered":"https:\/\/kidsplay.lt\/produktas\/magnetinis-ukio-galvosukis\/"},"modified":"2026-04-13T15:10:33","modified_gmt":"2026-04-13T12:10:33","slug":"magnetinis-ukio-galvosukis","status":"publish","type":"product","link":"https:\/\/kidsplay.lt\/lv\/products\/magnetinis-ukio-galvosukis\/","title":{"rendered":"Magn\u0113tisk\u0101 fermas puzle"},"content":{"rendered":"<p>Magnetin\u0117 d\u0117lion\u0117 i\u0161\u00a0TOOKY TOY\u00a0prek\u0117s \u017eenklo \u00a0yra rinkinys, nukeliantis jaunus nuotyki\u0173 ie\u0161kotojus \u012f \u017eaving\u0105 \u016bkio pasaul\u012f. \u0160ioje kompakti\u0161koje d\u0117\u017eut\u0117je vaikai ras\u00a06 nuostabius \u016bkio gyv\u016bn\u0173 dizainus\u00a0,\u00a0\u017eaving\u0105 tvart\u0105\u00a0,\u00a0draugi\u0161k\u0105 \u016bkinink\u0105, \u016bkio sunkve\u017eim\u012f\u00a0ir net\u00a0obel\u012f\u00a0, prikraut\u0105 obuoli\u0173. Kiekvienas dizainas yra tvarkingai padalintas \u012f keturias ar penkias magnetines d\u0117lion\u0117s dalis, tod\u0117l vaikai gali lengvai susikurti savo kiemo scenas. Tikroji \u0161io rinkinio magija slypi\u00a0magnetiniuose lipdukuose\u00a0, kurie\u00a0lengvai prilimpa\u00a0prie pridedamos\u00a0magnetin\u0117s lentos\u00a0. \u0160i funkcija leid\u017eia lengvai kurti ir keisti\u00a0\u016bkio\u00a0peiza\u017e\u0105 , o \u017eaismas suteikia daug valand\u0173 vaizduot\u0117s. B\u016bdami pradedantys \u016bkininkai, vaikai gali\u00a0lavinti savo\u00a0k\u016brybi\u0161kum\u0105 ir motorinius \u012fg\u016bd\u017eius,\u00a0atrasdami \u016bkio gyvenimo d\u017eiaugsmus. Nesvarbu, ar tvarkote gyvulius tvarte, va\u017ein\u0117jate \u016bkio sunkve\u017eimiu, ar skinate obuolius nuo med\u017eio, \u0161is rinkinys skatina\u00a0interaktyv\u0173 mokym\u0105si\u00a0ir\u00a0pasakojimus\u00a0. Magnetin\u0117 d\u0117\u017eut\u0117, skirta\u00a0\u017eaisti \u016bkinink\u0105,\u00a0\u00a0 yra ne tik pramog\u0173 \u0161altinis. Tai\u00a0edukacin\u0117\u00a0priemon\u0117 , supa\u017eindinanti vaikus su \u016bkiniais gyv\u016bnais, \u017eem\u0117s \u016bkio veikla ir\u00a0kaimo nuotyki\u0173\u00a0pasauliu\u00a0, ugdanti\u00a0problem\u0173 sprendimo ir k\u016brybinio \u017eaidimo \u012fg\u016bd\u017eius\u00a0. \u0160is ne\u0161iojamas \u016bkis puikiai tinka \u017eaisti ir mokytis keliaujant.<\/p>\n<p>Raksturojums:<\/p>\n<p> \tVaikams nuo 3 met\u0173<br \/>\n \tRinkin\u012f sudaro\u00a073 elementai,\u00a0\u012fskaitant\u00a012 ra\u0161t\u0173<br \/>\n \tAtt\u012bsta smalko motoriku<br \/>\n \tMagnetinis fonas elementams tvirtinti<br \/>\n \tVeicina interakt\u012bvu sp\u0113l\u0113\u0161anos<\/p>\n<p>\u012e kain\u0105 \u012fskai\u010diuota:<\/p>\n<p> \tGyv\u016bn\u0173 arba \u016bkio objekt\u0173 formos ra\u0161tai<br \/>\n \tD\u0117\u017eut\u0117 su magnetine d\u0117lion\u0117s lenta<br \/>\n \tMagn\u0113tiskie uzl\u0101des elementi<\/p>\n<p>\u017daislas vysto:<\/p>\n<p> \tRoku-acu koordin\u0101cija<br \/>\n \tVeicina rado\u0161umu un izt\u0113li<br \/>\n \tProbl\u0113mu risin\u0101\u0161anas prasmes<br \/>\n \tSp\u0113ja sak\u0101rtot elementus<\/p>","protected":false},"excerpt":{"rendered":"<p>Magnetin\u0117 d\u0117lion\u0117 i\u0161\u00a0TOOKY TOY\u00a0prek\u0117s \u017eenklo \u00a0yra rinkinys, nukeliantis jaunus nuotyki\u0173 ie\u0161kotojus \u012f \u017eaving\u0105 \u016bkio pasaul\u012f. \u0160ioje kompakti\u0161koje d\u0117\u017eut\u0117je vaikai ras\u00a06<\/p>","protected":false},"featured_media":56872,"template":"","meta":{"_acf_changed":false,"_glsr_average":0,"_glsr_ranking":0,"_glsr_reviews":0},"product_brand":[],"product_cat":[868,229],"product_tag":[],"class_list":{"0":"post-89914","1":"product","2":"type-product","3":"status-publish","4":"has-post-thumbnail","6":"product_cat-deliones","7":"product_cat-zaislai-vaikams","8":"\"style=\"background-color: #2ecc711c;\"","10":"first","11":"instock","12":"purchasable","13":"product-type-simple"},"acf":[],"yoast_head":"<!-- This site is optimized with the Yoast SEO plugin v27.3 - https:\/\/yoast.com\/product\/yoast-seo-wordpress\/ -->\n<title>Magnetinis \u016bkio galvos\u016bkis<\/title>\n<meta name=\"description\" content=\"Magnetinis \u016bkio galvos\u016bkis - KidsPlay. Did\u017eiausias vaik\u0173 \u017eaisl\u0173 pasirinkimas.\" \/>\n<meta name=\"robots\" content=\"index, follow, max-snippet:-1, max-image-preview:large, max-video-preview:-1\" \/>\n<link rel=\"canonical\" href=\"https:\/\/kidsplay.lt\/lv\/products\/magnetinis-ukio-galvosukis\/\" \/>\n<meta property=\"og:locale\" content=\"lv_LV\" \/>\n<meta property=\"og:type\" content=\"article\" \/>\n<meta property=\"og:title\" content=\"Magnetinis \u016bkio galvos\u016bkis\" \/>\n<meta property=\"og:description\" content=\"Magnetinis \u016bkio galvos\u016bkis - KidsPlay. Did\u017eiausias vaik\u0173 \u017eaisl\u0173 pasirinkimas.\" \/>\n<meta property=\"og:url\" content=\"https:\/\/kidsplay.lt\/lv\/products\/magnetinis-ukio-galvosukis\/\" \/>\n<meta property=\"og:site_name\" content=\"KidsPlay\" \/>\n<meta property=\"article:publisher\" content=\"https:\/\/www.facebook.com\/www.kidsplay.lt\" \/>\n<meta property=\"article:modified_time\" content=\"2026-04-13T12:10:33+00:00\" \/>\n<meta property=\"og:image\" content=\"https:\/\/kidsplay.lt\/wp-content\/uploads\/2024\/09\/Magnetinis-ukio-galvosukis.jpg\" \/>\n\t<meta property=\"og:image:width\" content=\"1000\" \/>\n\t<meta property=\"og:image:height\" content=\"1000\" \/>\n\t<meta property=\"og:image:type\" content=\"image\/jpeg\" \/>\n<meta name=\"twitter:card\" content=\"summary_large_image\" \/>\n<meta name=\"twitter:label1\" content=\"Est. reading time\" \/>\n\t<meta name=\"twitter:data1\" content=\"1 min\u016bte\" \/>\n<script type=\"application\/ld+json\" class=\"yoast-schema-graph\">{\"@context\":\"https:\\\/\\\/schema.org\",\"@graph\":[{\"@type\":\"WebPage\",\"@id\":\"https:\\\/\\\/kidsplay.lt\\\/produktas\\\/magnetinis-ukio-galvosukis\\\/\",\"url\":\"https:\\\/\\\/kidsplay.lt\\\/produktas\\\/magnetinis-ukio-galvosukis\\\/\",\"name\":\"Magnetinis \u016bkio galvos\u016bkis\",\"isPartOf\":{\"@id\":\"https:\\\/\\\/kidsplay.lt\\\/#website\"},\"primaryImageOfPage\":{\"@id\":\"https:\\\/\\\/kidsplay.lt\\\/produktas\\\/magnetinis-ukio-galvosukis\\\/#primaryimage\"},\"image\":{\"@id\":\"https:\\\/\\\/kidsplay.lt\\\/produktas\\\/magnetinis-ukio-galvosukis\\\/#primaryimage\"},\"thumbnailUrl\":\"https:\\\/\\\/kidsplay.lt\\\/wp-content\\\/uploads\\\/2024\\\/09\\\/Magnetinis-ukio-galvosukis.jpg\",\"datePublished\":\"2026-02-26T07:33:29+00:00\",\"dateModified\":\"2026-04-13T12:10:33+00:00\",\"description\":\"Magnetinis \u016bkio galvos\u016bkis - KidsPlay. Did\u017eiausias vaik\u0173 \u017eaisl\u0173 pasirinkimas.\",\"breadcrumb\":{\"@id\":\"https:\\\/\\\/kidsplay.lt\\\/produktas\\\/magnetinis-ukio-galvosukis\\\/#breadcrumb\"},\"inLanguage\":\"lv-LV\",\"potentialAction\":[{\"@type\":\"ReadAction\",\"target\":[\"https:\\\/\\\/kidsplay.lt\\\/produktas\\\/magnetinis-ukio-galvosukis\\\/\"]}]},{\"@type\":\"ImageObject\",\"inLanguage\":\"lv-LV\",\"@id\":\"https:\\\/\\\/kidsplay.lt\\\/produktas\\\/magnetinis-ukio-galvosukis\\\/#primaryimage\",\"url\":\"https:\\\/\\\/kidsplay.lt\\\/wp-content\\\/uploads\\\/2024\\\/09\\\/Magnetinis-ukio-galvosukis.jpg\",\"contentUrl\":\"https:\\\/\\\/kidsplay.lt\\\/wp-content\\\/uploads\\\/2024\\\/09\\\/Magnetinis-ukio-galvosukis.jpg\",\"width\":1000,\"height\":1000,\"caption\":\"Magnetinis \u016bkio galvos\u016bkis\"},{\"@type\":\"BreadcrumbList\",\"@id\":\"https:\\\/\\\/kidsplay.lt\\\/produktas\\\/magnetinis-ukio-galvosukis\\\/#breadcrumb\",\"itemListElement\":[{\"@type\":\"ListItem\",\"position\":1,\"name\":\"Pagrindinis\",\"item\":\"https:\\\/\\\/kidsplay.lt\\\/\"},{\"@type\":\"ListItem\",\"position\":2,\"name\":\"Parduotuv\u0117\",\"item\":\"https:\\\/\\\/kidsplay.lt\\\/parduotuve\\\/\"},{\"@type\":\"ListItem\",\"position\":3,\"name\":\"Magnetinis \u016bkio galvos\u016bkis\"}]},{\"@type\":\"WebSite\",\"@id\":\"https:\\\/\\\/kidsplay.lt\\\/#website\",\"url\":\"https:\\\/\\\/kidsplay.lt\\\/\",\"name\":\"Kidsplay.lt\",\"description\":\"\u012evairios prek\u0117s vaikams\",\"publisher\":{\"@id\":\"https:\\\/\\\/kidsplay.lt\\\/#organization\"},\"alternateName\":\"Kidsplay\",\"potentialAction\":[{\"@type\":\"SearchAction\",\"target\":{\"@type\":\"EntryPoint\",\"urlTemplate\":\"https:\\\/\\\/kidsplay.lt\\\/?s={search_term_string}\"},\"query-input\":{\"@type\":\"PropertyValueSpecification\",\"valueRequired\":true,\"valueName\":\"search_term_string\"}}],\"inLanguage\":\"lv-LV\"},{\"@type\":\"Organization\",\"@id\":\"https:\\\/\\\/kidsplay.lt\\\/#organization\",\"name\":\"KidsPlay\",\"url\":\"https:\\\/\\\/kidsplay.lt\\\/\",\"logo\":{\"@type\":\"ImageObject\",\"inLanguage\":\"lv-LV\",\"@id\":\"https:\\\/\\\/kidsplay.lt\\\/#\\\/schema\\\/logo\\\/image\\\/\",\"url\":\"https:\\\/\\\/kidsplay.lt\\\/wp-content\\\/uploads\\\/2023\\\/07\\\/kidsplay-logo.png\",\"contentUrl\":\"https:\\\/\\\/kidsplay.lt\\\/wp-content\\\/uploads\\\/2023\\\/07\\\/kidsplay-logo.png\",\"width\":451,\"height\":98,\"caption\":\"KidsPlay\"},\"image\":{\"@id\":\"https:\\\/\\\/kidsplay.lt\\\/#\\\/schema\\\/logo\\\/image\\\/\"},\"sameAs\":[\"https:\\\/\\\/www.facebook.com\\\/www.kidsplay.lt\"]}]}<\/script>\n<!-- \/ Yoast SEO plugin. -->","yoast_head_json":{"title":"Magn\u0113tisk\u0101 fermas puzle","description":"Magnetinis \u016bkio galvos\u016bkis - KidsPlay. Did\u017eiausias vaik\u0173 \u017eaisl\u0173 pasirinkimas.","robots":{"index":"index","follow":"follow","max-snippet":"max-snippet:-1","max-image-preview":"max-image-preview:large","max-video-preview":"max-video-preview:-1"},"canonical":"https:\/\/kidsplay.lt\/lv\/products\/magnetinis-ukio-galvosukis\/","og_locale":"lv_LV","og_type":"article","og_title":"Magnetinis \u016bkio galvos\u016bkis","og_description":"Magnetinis \u016bkio galvos\u016bkis - KidsPlay. Did\u017eiausias vaik\u0173 \u017eaisl\u0173 pasirinkimas.","og_url":"https:\/\/kidsplay.lt\/lv\/products\/magnetinis-ukio-galvosukis\/","og_site_name":"KidsPlay","article_publisher":"https:\/\/www.facebook.com\/www.kidsplay.lt","article_modified_time":"2026-04-13T12:10:33+00:00","og_image":[{"width":1000,"height":1000,"url":"https:\/\/kidsplay.lt\/wp-content\/uploads\/2024\/09\/Magnetinis-ukio-galvosukis.jpg","type":"image\/jpeg"}],"twitter_card":"summary_large_image","twitter_misc":{"Est. reading time":"1 min\u016bte"},"schema":{"@context":"https:\/\/schema.org","@graph":[{"@type":"WebPage","@id":"https:\/\/kidsplay.lt\/produktas\/magnetinis-ukio-galvosukis\/","url":"https:\/\/kidsplay.lt\/produktas\/magnetinis-ukio-galvosukis\/","name":"Magn\u0113tisk\u0101 fermas puzle","isPartOf":{"@id":"https:\/\/kidsplay.lt\/#website"},"primaryImageOfPage":{"@id":"https:\/\/kidsplay.lt\/produktas\/magnetinis-ukio-galvosukis\/#primaryimage"},"image":{"@id":"https:\/\/kidsplay.lt\/produktas\/magnetinis-ukio-galvosukis\/#primaryimage"},"thumbnailUrl":"https:\/\/kidsplay.lt\/wp-content\/uploads\/2024\/09\/Magnetinis-ukio-galvosukis.jpg","datePublished":"2026-02-26T07:33:29+00:00","dateModified":"2026-04-13T12:10:33+00:00","description":"Magnetinis \u016bkio galvos\u016bkis - KidsPlay. Did\u017eiausias vaik\u0173 \u017eaisl\u0173 pasirinkimas.","breadcrumb":{"@id":"https:\/\/kidsplay.lt\/produktas\/magnetinis-ukio-galvosukis\/#breadcrumb"},"inLanguage":"lv-LV","potentialAction":[{"@type":"ReadAction","target":["https:\/\/kidsplay.lt\/produktas\/magnetinis-ukio-galvosukis\/"]}]},{"@type":"ImageObject","inLanguage":"lv-LV","@id":"https:\/\/kidsplay.lt\/produktas\/magnetinis-ukio-galvosukis\/#primaryimage","url":"https:\/\/kidsplay.lt\/wp-content\/uploads\/2024\/09\/Magnetinis-ukio-galvosukis.jpg","contentUrl":"https:\/\/kidsplay.lt\/wp-content\/uploads\/2024\/09\/Magnetinis-ukio-galvosukis.jpg","width":1000,"height":1000,"caption":"Magnetinis \u016bkio galvos\u016bkis"},{"@type":"BreadcrumbList","@id":"https:\/\/kidsplay.lt\/produktas\/magnetinis-ukio-galvosukis\/#breadcrumb","itemListElement":[{"@type":"ListItem","position":1,"name":"Pagrindinis","item":"https:\/\/kidsplay.lt\/"},{"@type":"ListItem","position":2,"name":"Parduotuv\u0117","item":"https:\/\/kidsplay.lt\/parduotuve\/"},{"@type":"ListItem","position":3,"name":"Magnetinis \u016bkio galvos\u016bkis"}]},{"@type":"WebSite","@id":"https:\/\/kidsplay.lt\/#website","url":"https:\/\/kidsplay.lt\/","name":"B\u0113rnu sp\u0113les.lv","description":"\u012evairios prek\u0117s vaikams","publisher":{"@id":"https:\/\/kidsplay.lt\/#organization"},"alternateName":"Kidsplay","potentialAction":[{"@type":"SearchAction","target":{"@type":"EntryPoint","urlTemplate":"https:\/\/kidsplay.lt\/?s={search_term_string}"},"query-input":{"@type":"PropertyValueSpecification","valueRequired":true,"valueName":"search_term_string"}}],"inLanguage":"lv-LV"},{"@type":"Organization","@id":"https:\/\/kidsplay.lt\/#organization","name":"B\u0113rnu sp\u0113le","url":"https:\/\/kidsplay.lt\/","logo":{"@type":"ImageObject","inLanguage":"lv-LV","@id":"https:\/\/kidsplay.lt\/#\/schema\/logo\/image\/","url":"https:\/\/kidsplay.lt\/wp-content\/uploads\/2023\/07\/kidsplay-logo.png","contentUrl":"https:\/\/kidsplay.lt\/wp-content\/uploads\/2023\/07\/kidsplay-logo.png","width":451,"height":98,"caption":"KidsPlay"},"image":{"@id":"https:\/\/kidsplay.lt\/#\/schema\/logo\/image\/"},"sameAs":["https:\/\/www.facebook.com\/www.kidsplay.lt"]}]}},"_links":{"self":[{"href":"https:\/\/kidsplay.lt\/lv\/wp-json\/wp\/v2\/product\/89914","targetHints":{"allow":["GET"]}}],"collection":[{"href":"https:\/\/kidsplay.lt\/lv\/wp-json\/wp\/v2\/product"}],"about":[{"href":"https:\/\/kidsplay.lt\/lv\/wp-json\/wp\/v2\/types\/product"}],"version-history":[{"count":1,"href":"https:\/\/kidsplay.lt\/lv\/wp-json\/wp\/v2\/product\/89914\/revisions"}],"predecessor-version":[{"id":89915,"href":"https:\/\/kidsplay.lt\/lv\/wp-json\/wp\/v2\/product\/89914\/revisions\/89915"}],"wp:featuredmedia":[{"embeddable":true,"href":"https:\/\/kidsplay.lt\/lv\/wp-json\/wp\/v2\/media\/56872"}],"wp:attachment":[{"href":"https:\/\/kidsplay.lt\/lv\/wp-json\/wp\/v2\/media?parent=89914"}],"wp:term":[{"taxonomy":"product_brand","embeddable":true,"href":"https:\/\/kidsplay.lt\/lv\/wp-json\/wp\/v2\/product_brand?post=89914"},{"taxonomy":"product_cat","embeddable":true,"href":"https:\/\/kidsplay.lt\/lv\/wp-json\/wp\/v2\/product_cat?post=89914"},{"taxonomy":"product_tag","embeddable":true,"href":"https:\/\/kidsplay.lt\/lv\/wp-json\/wp\/v2\/product_tag?post=89914"}],"curies":[{"name":"wp","href":"https:\/\/api.w.org\/{rel}","templated":true}]}}