{"id":89916,"date":"2026-02-26T09:33:32","date_gmt":"2026-02-26T07:33:32","guid":{"rendered":"https:\/\/kidsplay.lt\/produktas\/magnetine-delione-erdve-galvosukis\/"},"modified":"2026-04-07T10:48:39","modified_gmt":"2026-04-07T07:48:39","slug":"magnetine-delione-erdve-galvosukis","status":"publish","type":"product","link":"https:\/\/kidsplay.lt\/lv\/products\/magnetine-delione-erdve-galvosukis\/","title":{"rendered":"Magnetin\u0117 d\u0117lion\u0117 Erdv\u0117 galvos\u016bkis"},"content":{"rendered":"<p>Magnetin\u0117 d\u0117lion\u0117 i\u0161\u00a0TOOKY TOY\u00a0prek\u0117s \u017eenklo yra \u012ftraukiantis ir\u00a0vaizduot\u0119 skatinantis\u00a0rinkinys, nukeliantis jaunus tyrin\u0117tojus \u012f\u00a0kosmoso nuotykius.\u00a0 \u0160ioje \u017eavioje d\u0117\u017eut\u0117je vaikai atras 1\u00a02 unikali\u0173 dizain\u0173\u00a0kolekcij\u0105\u00a0i\u0161 kosmoso. Kiekvienas i\u0161 \u0161i\u0173 dizain\u0173 yra meistri\u0161kai padalintas \u012f keturias ar penkias magnetines d\u0117lion\u0117s dalis, kurias galima lengvai sujungti\u00a0.\u0160io rinkinio magija slypi\u00a0magnetiniuose lipdukuose\u00a0, kurie lengvai prilimpa prie pridedamos magnetin\u0117s lentos, tod\u0117l vaikai gali nesunkiai surinkti savo erdv\u0117s \u0161edevrus. B\u016bdami\u00a0jauni astronautai,\u00a0vaikai gali paleisti\u00a0savo vaizduot\u0119\u00a0, d\u0117liodami magnetinius galvos\u016bkius ir kurdami savo kosmoso scenas. \u0160io \u017eaislo lyt\u0117jimas ir interaktyvus pob\u016bdis skatina problem\u0173 sprendimo \u012fg\u016bd\u017eius ir\u00a0smulkiosios motorikos ugdym\u0105\u00a0, tuo pa\u010diu\u00a0lavina vaizduot\u0119.\u00a0\u00a0Magnetin\u0117s erdv\u0117s tematikos d\u0117lion\u0117 i\u0161 prek\u0117s \u017eenklo Tooky Toy yra ne tik puikus\u00a0lavinantis \u017eaislas,\u00a0bet ir begalinio linksmumo \u0161altinis. Jis skatina tyrin\u0117jim\u0105, k\u016brybi\u0161kum\u0105 ir mokym\u0105si, tod\u0117l puikiai papildo bet kurio jauno kosmoso entuziasto \u017eaidim\u0173 repertuar\u0105.<\/p>\n<p>Charakteristika:<\/p>\n<p> \tVaikams\u00a0nuo 3 met\u0173<br \/>\n \tRinkin\u012f sudaro\u00a072 elementai\u00a0, \u012fskaitant\u00a012 ra\u0161t\u0173<br \/>\n \tAtt\u012bsta smalko motoriku<br \/>\n \tMagnetinis fonas elementams tvirtinti<br \/>\n \tLavinantis \u017eaislas \u2013 skatina \u012fgyti \u017eini\u0173 apie\u00a0erdv\u0119<br \/>\n \tVeicina interakt\u012bvu sp\u0113l\u0113\u0161anos<\/p>\n<p>\u012e kain\u0105 \u012fskai\u010diuota:<\/p>\n<p> \tDaikt\u0173 i\u0161 kosmoso\u00a0\u00a0, pvz.\u00a0, saul\u0117s, erdv\u0117laivio ar palydovo,\u00a0formos ra\u0161tai<br \/>\n \tD\u0117\u017eut\u0117 su magnetine d\u0117lion\u0117s lenta<br \/>\n \tMagn\u0113tiskie uzl\u0101des elementi<\/p>\n<p>\u017daislas vysto:<\/p>\n<p> \tRoku-acu koordin\u0101cija<br \/>\n \tVeicina rado\u0161umu un izt\u0113li<br \/>\n \tProbl\u0113mu risin\u0101\u0161anas prasmes<br \/>\n \tSp\u0113ja sak\u0101rtot elementus<\/p>","protected":false},"excerpt":{"rendered":"<p>Magnetin\u0117 d\u0117lion\u0117 i\u0161\u00a0TOOKY TOY\u00a0prek\u0117s \u017eenklo yra \u012ftraukiantis ir\u00a0vaizduot\u0119 skatinantis\u00a0rinkinys, nukeliantis jaunus tyrin\u0117tojus \u012f\u00a0kosmoso nuotykius.\u00a0 \u0160ioje \u017eavioje d\u0117\u017eut\u0117je vaikai atras 1\u00a02<\/p>","protected":false},"featured_media":56876,"template":"","meta":{"_acf_changed":false,"_glsr_average":0,"_glsr_ranking":0,"_glsr_reviews":0},"product_brand":[],"product_cat":[868,229],"product_tag":[],"class_list":{"0":"post-89916","1":"product","2":"type-product","3":"status-publish","4":"has-post-thumbnail","6":"product_cat-deliones","7":"product_cat-zaislai-vaikams","8":"\"style=\"background-color: #2ecc711c;\"","10":"first","11":"instock","12":"purchasable","13":"product-type-simple"},"acf":[],"yoast_head":"<!-- This site is optimized with the Yoast SEO plugin v27.3 - https:\/\/yoast.com\/product\/yoast-seo-wordpress\/ -->\n<title>Magnetin\u0117 d\u0117lion\u0117 Erdv\u0117 galvos\u016bkis<\/title>\n<meta name=\"description\" content=\"Magnetin\u0117 d\u0117lion\u0117 Erdv\u0117 galvos\u016bkis - KidsPlay. Did\u017eiausias vaik\u0173 \u017eaisl\u0173 pasirinkimas.\" \/>\n<meta name=\"robots\" content=\"index, follow, max-snippet:-1, max-image-preview:large, max-video-preview:-1\" \/>\n<link rel=\"canonical\" href=\"https:\/\/kidsplay.lt\/lv\/products\/magnetine-delione-erdve-galvosukis\/\" \/>\n<meta property=\"og:locale\" content=\"lv_LV\" \/>\n<meta property=\"og:type\" content=\"article\" \/>\n<meta property=\"og:title\" content=\"Magnetin\u0117 d\u0117lion\u0117 Erdv\u0117 galvos\u016bkis\" \/>\n<meta property=\"og:description\" content=\"Magnetin\u0117 d\u0117lion\u0117 Erdv\u0117 galvos\u016bkis - KidsPlay. Did\u017eiausias vaik\u0173 \u017eaisl\u0173 pasirinkimas.\" \/>\n<meta property=\"og:url\" content=\"https:\/\/kidsplay.lt\/lv\/products\/magnetine-delione-erdve-galvosukis\/\" \/>\n<meta property=\"og:site_name\" content=\"KidsPlay\" \/>\n<meta property=\"article:publisher\" content=\"https:\/\/www.facebook.com\/www.kidsplay.lt\" \/>\n<meta property=\"article:modified_time\" content=\"2026-04-07T07:48:39+00:00\" \/>\n<meta property=\"og:image\" content=\"https:\/\/kidsplay.lt\/wp-content\/uploads\/2024\/09\/Magnetine-delione-Erdve-galvosukis.jpg\" \/>\n\t<meta property=\"og:image:width\" content=\"1000\" \/>\n\t<meta property=\"og:image:height\" content=\"1000\" \/>\n\t<meta property=\"og:image:type\" content=\"image\/jpeg\" \/>\n<meta name=\"twitter:card\" content=\"summary_large_image\" \/>\n<meta name=\"twitter:label1\" content=\"Est. reading time\" \/>\n\t<meta name=\"twitter:data1\" content=\"1 min\u016bte\" \/>\n<script type=\"application\/ld+json\" class=\"yoast-schema-graph\">{\"@context\":\"https:\\\/\\\/schema.org\",\"@graph\":[{\"@type\":\"WebPage\",\"@id\":\"https:\\\/\\\/kidsplay.lt\\\/produktas\\\/magnetine-delione-erdve-galvosukis\\\/\",\"url\":\"https:\\\/\\\/kidsplay.lt\\\/produktas\\\/magnetine-delione-erdve-galvosukis\\\/\",\"name\":\"Magnetin\u0117 d\u0117lion\u0117 Erdv\u0117 galvos\u016bkis\",\"isPartOf\":{\"@id\":\"https:\\\/\\\/kidsplay.lt\\\/#website\"},\"primaryImageOfPage\":{\"@id\":\"https:\\\/\\\/kidsplay.lt\\\/produktas\\\/magnetine-delione-erdve-galvosukis\\\/#primaryimage\"},\"image\":{\"@id\":\"https:\\\/\\\/kidsplay.lt\\\/produktas\\\/magnetine-delione-erdve-galvosukis\\\/#primaryimage\"},\"thumbnailUrl\":\"https:\\\/\\\/kidsplay.lt\\\/wp-content\\\/uploads\\\/2024\\\/09\\\/Magnetine-delione-Erdve-galvosukis.jpg\",\"datePublished\":\"2026-02-26T07:33:32+00:00\",\"dateModified\":\"2026-04-07T07:48:39+00:00\",\"description\":\"Magnetin\u0117 d\u0117lion\u0117 Erdv\u0117 galvos\u016bkis - KidsPlay. Did\u017eiausias vaik\u0173 \u017eaisl\u0173 pasirinkimas.\",\"breadcrumb\":{\"@id\":\"https:\\\/\\\/kidsplay.lt\\\/produktas\\\/magnetine-delione-erdve-galvosukis\\\/#breadcrumb\"},\"inLanguage\":\"lv-LV\",\"potentialAction\":[{\"@type\":\"ReadAction\",\"target\":[\"https:\\\/\\\/kidsplay.lt\\\/produktas\\\/magnetine-delione-erdve-galvosukis\\\/\"]}]},{\"@type\":\"ImageObject\",\"inLanguage\":\"lv-LV\",\"@id\":\"https:\\\/\\\/kidsplay.lt\\\/produktas\\\/magnetine-delione-erdve-galvosukis\\\/#primaryimage\",\"url\":\"https:\\\/\\\/kidsplay.lt\\\/wp-content\\\/uploads\\\/2024\\\/09\\\/Magnetine-delione-Erdve-galvosukis.jpg\",\"contentUrl\":\"https:\\\/\\\/kidsplay.lt\\\/wp-content\\\/uploads\\\/2024\\\/09\\\/Magnetine-delione-Erdve-galvosukis.jpg\",\"width\":1000,\"height\":1000,\"caption\":\"Magnetin\u0117 d\u0117lion\u0117 Erdv\u0117 galvos\u016bkis\"},{\"@type\":\"BreadcrumbList\",\"@id\":\"https:\\\/\\\/kidsplay.lt\\\/produktas\\\/magnetine-delione-erdve-galvosukis\\\/#breadcrumb\",\"itemListElement\":[{\"@type\":\"ListItem\",\"position\":1,\"name\":\"Pagrindinis\",\"item\":\"https:\\\/\\\/kidsplay.lt\\\/\"},{\"@type\":\"ListItem\",\"position\":2,\"name\":\"Parduotuv\u0117\",\"item\":\"https:\\\/\\\/kidsplay.lt\\\/parduotuve\\\/\"},{\"@type\":\"ListItem\",\"position\":3,\"name\":\"Magnetin\u0117 d\u0117lion\u0117 Erdv\u0117 galvos\u016bkis\"}]},{\"@type\":\"WebSite\",\"@id\":\"https:\\\/\\\/kidsplay.lt\\\/#website\",\"url\":\"https:\\\/\\\/kidsplay.lt\\\/\",\"name\":\"Kidsplay.lt\",\"description\":\"\u012evairios prek\u0117s vaikams\",\"publisher\":{\"@id\":\"https:\\\/\\\/kidsplay.lt\\\/#organization\"},\"alternateName\":\"Kidsplay\",\"potentialAction\":[{\"@type\":\"SearchAction\",\"target\":{\"@type\":\"EntryPoint\",\"urlTemplate\":\"https:\\\/\\\/kidsplay.lt\\\/?s={search_term_string}\"},\"query-input\":{\"@type\":\"PropertyValueSpecification\",\"valueRequired\":true,\"valueName\":\"search_term_string\"}}],\"inLanguage\":\"lv-LV\"},{\"@type\":\"Organization\",\"@id\":\"https:\\\/\\\/kidsplay.lt\\\/#organization\",\"name\":\"KidsPlay\",\"url\":\"https:\\\/\\\/kidsplay.lt\\\/\",\"logo\":{\"@type\":\"ImageObject\",\"inLanguage\":\"lv-LV\",\"@id\":\"https:\\\/\\\/kidsplay.lt\\\/#\\\/schema\\\/logo\\\/image\\\/\",\"url\":\"https:\\\/\\\/kidsplay.lt\\\/wp-content\\\/uploads\\\/2023\\\/07\\\/kidsplay-logo.png\",\"contentUrl\":\"https:\\\/\\\/kidsplay.lt\\\/wp-content\\\/uploads\\\/2023\\\/07\\\/kidsplay-logo.png\",\"width\":451,\"height\":98,\"caption\":\"KidsPlay\"},\"image\":{\"@id\":\"https:\\\/\\\/kidsplay.lt\\\/#\\\/schema\\\/logo\\\/image\\\/\"},\"sameAs\":[\"https:\\\/\\\/www.facebook.com\\\/www.kidsplay.lt\"]}]}<\/script>\n<!-- \/ Yoast SEO plugin. -->","yoast_head_json":{"title":"Magnetin\u0117 d\u0117lion\u0117 Erdv\u0117 galvos\u016bkis","description":"Magnetin\u0117 d\u0117lion\u0117 Erdv\u0117 galvos\u016bkis - KidsPlay. Did\u017eiausias vaik\u0173 \u017eaisl\u0173 pasirinkimas.","robots":{"index":"index","follow":"follow","max-snippet":"max-snippet:-1","max-image-preview":"max-image-preview:large","max-video-preview":"max-video-preview:-1"},"canonical":"https:\/\/kidsplay.lt\/lv\/products\/magnetine-delione-erdve-galvosukis\/","og_locale":"lv_LV","og_type":"article","og_title":"Magnetin\u0117 d\u0117lion\u0117 Erdv\u0117 galvos\u016bkis","og_description":"Magnetin\u0117 d\u0117lion\u0117 Erdv\u0117 galvos\u016bkis - KidsPlay. Did\u017eiausias vaik\u0173 \u017eaisl\u0173 pasirinkimas.","og_url":"https:\/\/kidsplay.lt\/lv\/products\/magnetine-delione-erdve-galvosukis\/","og_site_name":"KidsPlay","article_publisher":"https:\/\/www.facebook.com\/www.kidsplay.lt","article_modified_time":"2026-04-07T07:48:39+00:00","og_image":[{"width":1000,"height":1000,"url":"https:\/\/kidsplay.lt\/wp-content\/uploads\/2024\/09\/Magnetine-delione-Erdve-galvosukis.jpg","type":"image\/jpeg"}],"twitter_card":"summary_large_image","twitter_misc":{"Est. reading time":"1 min\u016bte"},"schema":{"@context":"https:\/\/schema.org","@graph":[{"@type":"WebPage","@id":"https:\/\/kidsplay.lt\/produktas\/magnetine-delione-erdve-galvosukis\/","url":"https:\/\/kidsplay.lt\/produktas\/magnetine-delione-erdve-galvosukis\/","name":"Magnetin\u0117 d\u0117lion\u0117 Erdv\u0117 galvos\u016bkis","isPartOf":{"@id":"https:\/\/kidsplay.lt\/#website"},"primaryImageOfPage":{"@id":"https:\/\/kidsplay.lt\/produktas\/magnetine-delione-erdve-galvosukis\/#primaryimage"},"image":{"@id":"https:\/\/kidsplay.lt\/produktas\/magnetine-delione-erdve-galvosukis\/#primaryimage"},"thumbnailUrl":"https:\/\/kidsplay.lt\/wp-content\/uploads\/2024\/09\/Magnetine-delione-Erdve-galvosukis.jpg","datePublished":"2026-02-26T07:33:32+00:00","dateModified":"2026-04-07T07:48:39+00:00","description":"Magnetin\u0117 d\u0117lion\u0117 Erdv\u0117 galvos\u016bkis - KidsPlay. Did\u017eiausias vaik\u0173 \u017eaisl\u0173 pasirinkimas.","breadcrumb":{"@id":"https:\/\/kidsplay.lt\/produktas\/magnetine-delione-erdve-galvosukis\/#breadcrumb"},"inLanguage":"lv-LV","potentialAction":[{"@type":"ReadAction","target":["https:\/\/kidsplay.lt\/produktas\/magnetine-delione-erdve-galvosukis\/"]}]},{"@type":"ImageObject","inLanguage":"lv-LV","@id":"https:\/\/kidsplay.lt\/produktas\/magnetine-delione-erdve-galvosukis\/#primaryimage","url":"https:\/\/kidsplay.lt\/wp-content\/uploads\/2024\/09\/Magnetine-delione-Erdve-galvosukis.jpg","contentUrl":"https:\/\/kidsplay.lt\/wp-content\/uploads\/2024\/09\/Magnetine-delione-Erdve-galvosukis.jpg","width":1000,"height":1000,"caption":"Magnetin\u0117 d\u0117lion\u0117 Erdv\u0117 galvos\u016bkis"},{"@type":"BreadcrumbList","@id":"https:\/\/kidsplay.lt\/produktas\/magnetine-delione-erdve-galvosukis\/#breadcrumb","itemListElement":[{"@type":"ListItem","position":1,"name":"Pagrindinis","item":"https:\/\/kidsplay.lt\/"},{"@type":"ListItem","position":2,"name":"Parduotuv\u0117","item":"https:\/\/kidsplay.lt\/parduotuve\/"},{"@type":"ListItem","position":3,"name":"Magnetin\u0117 d\u0117lion\u0117 Erdv\u0117 galvos\u016bkis"}]},{"@type":"WebSite","@id":"https:\/\/kidsplay.lt\/#website","url":"https:\/\/kidsplay.lt\/","name":"B\u0113rnu sp\u0113les.lv","description":"\u012evairios prek\u0117s vaikams","publisher":{"@id":"https:\/\/kidsplay.lt\/#organization"},"alternateName":"Kidsplay","potentialAction":[{"@type":"SearchAction","target":{"@type":"EntryPoint","urlTemplate":"https:\/\/kidsplay.lt\/?s={search_term_string}"},"query-input":{"@type":"PropertyValueSpecification","valueRequired":true,"valueName":"search_term_string"}}],"inLanguage":"lv-LV"},{"@type":"Organization","@id":"https:\/\/kidsplay.lt\/#organization","name":"B\u0113rnu sp\u0113le","url":"https:\/\/kidsplay.lt\/","logo":{"@type":"ImageObject","inLanguage":"lv-LV","@id":"https:\/\/kidsplay.lt\/#\/schema\/logo\/image\/","url":"https:\/\/kidsplay.lt\/wp-content\/uploads\/2023\/07\/kidsplay-logo.png","contentUrl":"https:\/\/kidsplay.lt\/wp-content\/uploads\/2023\/07\/kidsplay-logo.png","width":451,"height":98,"caption":"KidsPlay"},"image":{"@id":"https:\/\/kidsplay.lt\/#\/schema\/logo\/image\/"},"sameAs":["https:\/\/www.facebook.com\/www.kidsplay.lt"]}]}},"_links":{"self":[{"href":"https:\/\/kidsplay.lt\/lv\/wp-json\/wp\/v2\/product\/89916","targetHints":{"allow":["GET"]}}],"collection":[{"href":"https:\/\/kidsplay.lt\/lv\/wp-json\/wp\/v2\/product"}],"about":[{"href":"https:\/\/kidsplay.lt\/lv\/wp-json\/wp\/v2\/types\/product"}],"version-history":[{"count":1,"href":"https:\/\/kidsplay.lt\/lv\/wp-json\/wp\/v2\/product\/89916\/revisions"}],"predecessor-version":[{"id":89917,"href":"https:\/\/kidsplay.lt\/lv\/wp-json\/wp\/v2\/product\/89916\/revisions\/89917"}],"wp:featuredmedia":[{"embeddable":true,"href":"https:\/\/kidsplay.lt\/lv\/wp-json\/wp\/v2\/media\/56876"}],"wp:attachment":[{"href":"https:\/\/kidsplay.lt\/lv\/wp-json\/wp\/v2\/media?parent=89916"}],"wp:term":[{"taxonomy":"product_brand","embeddable":true,"href":"https:\/\/kidsplay.lt\/lv\/wp-json\/wp\/v2\/product_brand?post=89916"},{"taxonomy":"product_cat","embeddable":true,"href":"https:\/\/kidsplay.lt\/lv\/wp-json\/wp\/v2\/product_cat?post=89916"},{"taxonomy":"product_tag","embeddable":true,"href":"https:\/\/kidsplay.lt\/lv\/wp-json\/wp\/v2\/product_tag?post=89916"}],"curies":[{"name":"wp","href":"https:\/\/api.w.org\/{rel}","templated":true}]}}