{"id":89951,"date":"2026-02-26T09:34:01","date_gmt":"2026-02-26T07:34:01","guid":{"rendered":"https:\/\/kidsplay.lt\/produktas\/woopie-smiginio-zaidimo-kamuoliuku-pistoletas-dinozauru-taikiniu-saudymui-su-lipdukais\/"},"modified":"2026-03-23T09:00:09","modified_gmt":"2026-03-23T07:00:09","slug":"woopie-smiginio-zaidimo-kamuoliuku-pistoletas-dinozauru-taikiniu-saudymui-su-lipdukais","status":"publish","type":"product","link":"https:\/\/kidsplay.lt\/lv\/products\/woopie-smiginio-zaidimo-kamuoliuku-pistoletas-dinozauru-taikiniu-saudymui-su-lipdukais\/","title":{"rendered":"WOOPIE \u0161autri\u0146u sp\u0113les bumbi\u0146u ierocis dinozauru m\u0113r\u0137u \u0161au\u0161anai ar uzl\u012bm\u0113m"},"content":{"rendered":"<p>Ienes jautr\u012bbu m\u012bl\u012bgo dinozauru pasaul\u0113! Whoopie dinozauru \u0161autri\u0146u ierocis ir viegls, dinozaura formas met\u0113js, kas iz\u0161auj m\u012bkstas, lip\u012bgas bumbi\u0146as tie\u0161i kr\u0101sainaj\u0101 m\u0113r\u0137a pl\u0101ksn\u0113. Vienk\u0101r\u0161i nospied spr\u016bdu, not\u0113m\u0113 un sasniedz 100! \u0160is komplekts garant\u0113ti ienes\u012bs daudz smieklu, vesel\u012bgu sacens\u012bbu un dro\u0161as izklaides j\u016bsu m\u0101j\u0101s.<\/p>\n<p>Funkcijas:<\/p>\n<p> \t\u2013 B\u0113rniem no 3 gadu vecuma<br \/>\n \t\u2013 M\u012bkstas bumbi\u0146as ar Velcro aizdari nodro\u0161ina dro\u0161\u012bbu sp\u0113les laik\u0101<br \/>\n \t\u2013 Panelim ir \u0101\u0137is pakarin\u0101\u0161anai pie sienas<br \/>\n \t- Vienk\u0101r\u0161a vad\u012bba: met bumbu, m\u0113r\u0137\u0113 un nospied spr\u016bdu!<br \/>\n \t\u2013 Liels, kr\u0101sains dinozaura formas vairogs ar skr\u0101p\u0113jumiem<br \/>\n \t\u2013 Viegla, iztur\u012bga konstrukcija, \u0113rts rokturis<br \/>\n \t- Lieliski piem\u0113rots sp\u0113l\u0113\u0161anai m\u0101j\u0101s un d\u0101rz\u0101<\/p>\n<p>Komplekt\u0101 ietilpst:<\/p>\n<p> \t\u2013 Bumbi\u0146u met\u0113js\u00a0<br \/>\n \t\u2013 Punktu vairogs<br \/>\n \t\u2013 6 bumbi\u0146as ar uzl\u012bm\u0113m<\/p>\n<p>Rota\u013clieta att\u012bst\u0101s:<\/p>\n<p> \t\u2013 Motorisk\u0101s prasmes<br \/>\n \t\u2013 Roku-acu koordin\u0101cija<br \/>\n \t\u2013 Koncentr\u0101cija<br \/>\n \t\u2013 Lo\u0123ika<br \/>\n \t\u2013 Paciet\u012bba<\/p>","protected":false},"excerpt":{"rendered":"<p>Atne\u0161kite linksmybi\u0173 \u012f miel\u0173 dinozaur\u0173 pasaul\u012f! \u201eWoopie\u00a0\u201c dinozaur\u0173 smiginio \u0161autuvas\u00a0yra lengvas, dinozauro formos paleid\u0117jas, \u0161audantis mink\u0161tus, lipniais lipdukais u\u017esegtus kamuoliukus<\/p>","protected":false},"featured_media":66364,"template":"","meta":{"_acf_changed":false,"_glsr_average":0,"_glsr_ranking":0,"_glsr_reviews":0},"product_brand":[],"product_cat":[445,229],"product_tag":[],"class_list":{"0":"post-89951","1":"product","2":"type-product","3":"status-publish","4":"has-post-thumbnail","6":"product_cat-stalo-zaidimai","7":"product_cat-zaislai-vaikams","8":"\"style=\"background-color: #2ecc711c;\"","10":"first","11":"outofstock","12":"purchasable","13":"product-type-simple"},"acf":[],"yoast_head":"<!-- This site is optimized with the Yoast SEO plugin v27.4 - https:\/\/yoast.com\/product\/yoast-seo-wordpress\/ -->\n<title>WOOPIE smiginio \u017eaidimo kamuoliuk\u0173 pistoletas dinozaur\u0173 taikini\u0173 \u0161audymui su lipdukais<\/title>\n<meta name=\"description\" content=\"WOOPIE smiginio \u017eaidimo kamuoliuk\u0173 pistoletas dinozaur\u0173 taikini\u0173 \u0161audymui su lipdukais - KidsPlay. Did\u017eiausias vaik\u0173 \u017eaisl\u0173 pasirinkimas.\" \/>\n<meta name=\"robots\" content=\"index, follow, max-snippet:-1, max-image-preview:large, max-video-preview:-1\" \/>\n<link rel=\"canonical\" href=\"https:\/\/kidsplay.lt\/lv\/products\/woopie-smiginio-zaidimo-kamuoliuku-pistoletas-dinozauru-taikiniu-saudymui-su-lipdukais\/\" \/>\n<meta property=\"og:locale\" content=\"lv_LV\" \/>\n<meta property=\"og:type\" content=\"article\" \/>\n<meta property=\"og:title\" content=\"WOOPIE smiginio \u017eaidimo kamuoliuk\u0173 pistoletas dinozaur\u0173 taikini\u0173 \u0161audymui su lipdukais\" \/>\n<meta property=\"og:description\" content=\"WOOPIE smiginio \u017eaidimo kamuoliuk\u0173 pistoletas dinozaur\u0173 taikini\u0173 \u0161audymui su lipdukais - KidsPlay. Did\u017eiausias vaik\u0173 \u017eaisl\u0173 pasirinkimas.\" \/>\n<meta property=\"og:url\" content=\"https:\/\/kidsplay.lt\/lv\/products\/woopie-smiginio-zaidimo-kamuoliuku-pistoletas-dinozauru-taikiniu-saudymui-su-lipdukais\/\" \/>\n<meta property=\"og:site_name\" content=\"KidsPlay\" \/>\n<meta property=\"article:publisher\" content=\"https:\/\/www.facebook.com\/www.kidsplay.lt\" \/>\n<meta property=\"article:modified_time\" content=\"2026-03-23T07:00:09+00:00\" \/>\n<meta property=\"og:image\" content=\"https:\/\/kidsplay.lt\/wp-content\/uploads\/2025\/09\/WOOPIE-smiginio-zaidimo-kamuoliuku-pistoletas-dinozauru-taikiniu-saudymui-su-lipdukais.jpg\" \/>\n\t<meta property=\"og:image:width\" content=\"1000\" \/>\n\t<meta property=\"og:image:height\" content=\"1000\" \/>\n\t<meta property=\"og:image:type\" content=\"image\/jpeg\" \/>\n<meta name=\"twitter:card\" content=\"summary_large_image\" \/>\n<meta name=\"twitter:label1\" content=\"Est. reading time\" \/>\n\t<meta name=\"twitter:data1\" content=\"1 min\u016bte\" \/>\n<script type=\"application\/ld+json\" class=\"yoast-schema-graph\">{\"@context\":\"https:\\\/\\\/schema.org\",\"@graph\":[{\"@type\":\"WebPage\",\"@id\":\"https:\\\/\\\/kidsplay.lt\\\/produktas\\\/woopie-smiginio-zaidimo-kamuoliuku-pistoletas-dinozauru-taikiniu-saudymui-su-lipdukais\\\/\",\"url\":\"https:\\\/\\\/kidsplay.lt\\\/produktas\\\/woopie-smiginio-zaidimo-kamuoliuku-pistoletas-dinozauru-taikiniu-saudymui-su-lipdukais\\\/\",\"name\":\"WOOPIE smiginio \u017eaidimo kamuoliuk\u0173 pistoletas dinozaur\u0173 taikini\u0173 \u0161audymui su lipdukais\",\"isPartOf\":{\"@id\":\"https:\\\/\\\/kidsplay.lt\\\/#website\"},\"primaryImageOfPage\":{\"@id\":\"https:\\\/\\\/kidsplay.lt\\\/produktas\\\/woopie-smiginio-zaidimo-kamuoliuku-pistoletas-dinozauru-taikiniu-saudymui-su-lipdukais\\\/#primaryimage\"},\"image\":{\"@id\":\"https:\\\/\\\/kidsplay.lt\\\/produktas\\\/woopie-smiginio-zaidimo-kamuoliuku-pistoletas-dinozauru-taikiniu-saudymui-su-lipdukais\\\/#primaryimage\"},\"thumbnailUrl\":\"https:\\\/\\\/kidsplay.lt\\\/wp-content\\\/uploads\\\/2025\\\/09\\\/WOOPIE-smiginio-zaidimo-kamuoliuku-pistoletas-dinozauru-taikiniu-saudymui-su-lipdukais.jpg\",\"datePublished\":\"2026-02-26T07:34:01+00:00\",\"dateModified\":\"2026-03-23T07:00:09+00:00\",\"description\":\"WOOPIE smiginio \u017eaidimo kamuoliuk\u0173 pistoletas dinozaur\u0173 taikini\u0173 \u0161audymui su lipdukais - KidsPlay. Did\u017eiausias vaik\u0173 \u017eaisl\u0173 pasirinkimas.\",\"breadcrumb\":{\"@id\":\"https:\\\/\\\/kidsplay.lt\\\/produktas\\\/woopie-smiginio-zaidimo-kamuoliuku-pistoletas-dinozauru-taikiniu-saudymui-su-lipdukais\\\/#breadcrumb\"},\"inLanguage\":\"lv-LV\",\"potentialAction\":[{\"@type\":\"ReadAction\",\"target\":[\"https:\\\/\\\/kidsplay.lt\\\/produktas\\\/woopie-smiginio-zaidimo-kamuoliuku-pistoletas-dinozauru-taikiniu-saudymui-su-lipdukais\\\/\"]}]},{\"@type\":\"ImageObject\",\"inLanguage\":\"lv-LV\",\"@id\":\"https:\\\/\\\/kidsplay.lt\\\/produktas\\\/woopie-smiginio-zaidimo-kamuoliuku-pistoletas-dinozauru-taikiniu-saudymui-su-lipdukais\\\/#primaryimage\",\"url\":\"https:\\\/\\\/kidsplay.lt\\\/wp-content\\\/uploads\\\/2025\\\/09\\\/WOOPIE-smiginio-zaidimo-kamuoliuku-pistoletas-dinozauru-taikiniu-saudymui-su-lipdukais.jpg\",\"contentUrl\":\"https:\\\/\\\/kidsplay.lt\\\/wp-content\\\/uploads\\\/2025\\\/09\\\/WOOPIE-smiginio-zaidimo-kamuoliuku-pistoletas-dinozauru-taikiniu-saudymui-su-lipdukais.jpg\",\"width\":1000,\"height\":1000,\"caption\":\"WOOPIE smiginio \u017eaidimo kamuoliuk\u0173 pistoletas dinozaur\u0173 taikini\u0173 \u0161audymui su lipdukais\"},{\"@type\":\"BreadcrumbList\",\"@id\":\"https:\\\/\\\/kidsplay.lt\\\/produktas\\\/woopie-smiginio-zaidimo-kamuoliuku-pistoletas-dinozauru-taikiniu-saudymui-su-lipdukais\\\/#breadcrumb\",\"itemListElement\":[{\"@type\":\"ListItem\",\"position\":1,\"name\":\"Pagrindinis\",\"item\":\"https:\\\/\\\/kidsplay.lt\\\/\"},{\"@type\":\"ListItem\",\"position\":2,\"name\":\"Parduotuv\u0117\",\"item\":\"https:\\\/\\\/kidsplay.lt\\\/parduotuve\\\/\"},{\"@type\":\"ListItem\",\"position\":3,\"name\":\"WOOPIE smiginio \u017eaidimo kamuoliuk\u0173 pistoletas dinozaur\u0173 taikini\u0173 \u0161audymui su lipdukais\"}]},{\"@type\":\"WebSite\",\"@id\":\"https:\\\/\\\/kidsplay.lt\\\/#website\",\"url\":\"https:\\\/\\\/kidsplay.lt\\\/\",\"name\":\"Kidsplay.lt\",\"description\":\"\u012evairios prek\u0117s vaikams\",\"publisher\":{\"@id\":\"https:\\\/\\\/kidsplay.lt\\\/#organization\"},\"alternateName\":\"Kidsplay\",\"potentialAction\":[{\"@type\":\"SearchAction\",\"target\":{\"@type\":\"EntryPoint\",\"urlTemplate\":\"https:\\\/\\\/kidsplay.lt\\\/?s={search_term_string}\"},\"query-input\":{\"@type\":\"PropertyValueSpecification\",\"valueRequired\":true,\"valueName\":\"search_term_string\"}}],\"inLanguage\":\"lv-LV\"},{\"@type\":\"Organization\",\"@id\":\"https:\\\/\\\/kidsplay.lt\\\/#organization\",\"name\":\"KidsPlay\",\"url\":\"https:\\\/\\\/kidsplay.lt\\\/\",\"logo\":{\"@type\":\"ImageObject\",\"inLanguage\":\"lv-LV\",\"@id\":\"https:\\\/\\\/kidsplay.lt\\\/#\\\/schema\\\/logo\\\/image\\\/\",\"url\":\"https:\\\/\\\/kidsplay.lt\\\/wp-content\\\/uploads\\\/2023\\\/07\\\/kidsplay-logo.png\",\"contentUrl\":\"https:\\\/\\\/kidsplay.lt\\\/wp-content\\\/uploads\\\/2023\\\/07\\\/kidsplay-logo.png\",\"width\":451,\"height\":98,\"caption\":\"KidsPlay\"},\"image\":{\"@id\":\"https:\\\/\\\/kidsplay.lt\\\/#\\\/schema\\\/logo\\\/image\\\/\"},\"sameAs\":[\"https:\\\/\\\/www.facebook.com\\\/www.kidsplay.lt\"]}]}<\/script>\n<!-- \/ Yoast SEO plugin. -->","yoast_head_json":{"title":"WOOPIE \u0161autri\u0146u sp\u0113les bumbi\u0146u ierocis dinozauru m\u0113r\u0137u \u0161au\u0161anai ar uzl\u012bm\u0113m","description":"WOOPIE smiginio \u017eaidimo kamuoliuk\u0173 pistoletas dinozaur\u0173 taikini\u0173 \u0161audymui su lipdukais - KidsPlay. Did\u017eiausias vaik\u0173 \u017eaisl\u0173 pasirinkimas.","robots":{"index":"index","follow":"follow","max-snippet":"max-snippet:-1","max-image-preview":"max-image-preview:large","max-video-preview":"max-video-preview:-1"},"canonical":"https:\/\/kidsplay.lt\/lv\/products\/woopie-smiginio-zaidimo-kamuoliuku-pistoletas-dinozauru-taikiniu-saudymui-su-lipdukais\/","og_locale":"lv_LV","og_type":"article","og_title":"WOOPIE smiginio \u017eaidimo kamuoliuk\u0173 pistoletas dinozaur\u0173 taikini\u0173 \u0161audymui su lipdukais","og_description":"WOOPIE smiginio \u017eaidimo kamuoliuk\u0173 pistoletas dinozaur\u0173 taikini\u0173 \u0161audymui su lipdukais - KidsPlay. Did\u017eiausias vaik\u0173 \u017eaisl\u0173 pasirinkimas.","og_url":"https:\/\/kidsplay.lt\/lv\/products\/woopie-smiginio-zaidimo-kamuoliuku-pistoletas-dinozauru-taikiniu-saudymui-su-lipdukais\/","og_site_name":"KidsPlay","article_publisher":"https:\/\/www.facebook.com\/www.kidsplay.lt","article_modified_time":"2026-03-23T07:00:09+00:00","og_image":[{"width":1000,"height":1000,"url":"https:\/\/kidsplay.lt\/wp-content\/uploads\/2025\/09\/WOOPIE-smiginio-zaidimo-kamuoliuku-pistoletas-dinozauru-taikiniu-saudymui-su-lipdukais.jpg","type":"image\/jpeg"}],"twitter_card":"summary_large_image","twitter_misc":{"Est. reading time":"1 min\u016bte"},"schema":{"@context":"https:\/\/schema.org","@graph":[{"@type":"WebPage","@id":"https:\/\/kidsplay.lt\/produktas\/woopie-smiginio-zaidimo-kamuoliuku-pistoletas-dinozauru-taikiniu-saudymui-su-lipdukais\/","url":"https:\/\/kidsplay.lt\/produktas\/woopie-smiginio-zaidimo-kamuoliuku-pistoletas-dinozauru-taikiniu-saudymui-su-lipdukais\/","name":"WOOPIE \u0161autri\u0146u sp\u0113les bumbi\u0146u ierocis dinozauru m\u0113r\u0137u \u0161au\u0161anai ar uzl\u012bm\u0113m","isPartOf":{"@id":"https:\/\/kidsplay.lt\/#website"},"primaryImageOfPage":{"@id":"https:\/\/kidsplay.lt\/produktas\/woopie-smiginio-zaidimo-kamuoliuku-pistoletas-dinozauru-taikiniu-saudymui-su-lipdukais\/#primaryimage"},"image":{"@id":"https:\/\/kidsplay.lt\/produktas\/woopie-smiginio-zaidimo-kamuoliuku-pistoletas-dinozauru-taikiniu-saudymui-su-lipdukais\/#primaryimage"},"thumbnailUrl":"https:\/\/kidsplay.lt\/wp-content\/uploads\/2025\/09\/WOOPIE-smiginio-zaidimo-kamuoliuku-pistoletas-dinozauru-taikiniu-saudymui-su-lipdukais.jpg","datePublished":"2026-02-26T07:34:01+00:00","dateModified":"2026-03-23T07:00:09+00:00","description":"WOOPIE smiginio \u017eaidimo kamuoliuk\u0173 pistoletas dinozaur\u0173 taikini\u0173 \u0161audymui su lipdukais - KidsPlay. Did\u017eiausias vaik\u0173 \u017eaisl\u0173 pasirinkimas.","breadcrumb":{"@id":"https:\/\/kidsplay.lt\/produktas\/woopie-smiginio-zaidimo-kamuoliuku-pistoletas-dinozauru-taikiniu-saudymui-su-lipdukais\/#breadcrumb"},"inLanguage":"lv-LV","potentialAction":[{"@type":"ReadAction","target":["https:\/\/kidsplay.lt\/produktas\/woopie-smiginio-zaidimo-kamuoliuku-pistoletas-dinozauru-taikiniu-saudymui-su-lipdukais\/"]}]},{"@type":"ImageObject","inLanguage":"lv-LV","@id":"https:\/\/kidsplay.lt\/produktas\/woopie-smiginio-zaidimo-kamuoliuku-pistoletas-dinozauru-taikiniu-saudymui-su-lipdukais\/#primaryimage","url":"https:\/\/kidsplay.lt\/wp-content\/uploads\/2025\/09\/WOOPIE-smiginio-zaidimo-kamuoliuku-pistoletas-dinozauru-taikiniu-saudymui-su-lipdukais.jpg","contentUrl":"https:\/\/kidsplay.lt\/wp-content\/uploads\/2025\/09\/WOOPIE-smiginio-zaidimo-kamuoliuku-pistoletas-dinozauru-taikiniu-saudymui-su-lipdukais.jpg","width":1000,"height":1000,"caption":"WOOPIE smiginio \u017eaidimo kamuoliuk\u0173 pistoletas dinozaur\u0173 taikini\u0173 \u0161audymui su lipdukais"},{"@type":"BreadcrumbList","@id":"https:\/\/kidsplay.lt\/produktas\/woopie-smiginio-zaidimo-kamuoliuku-pistoletas-dinozauru-taikiniu-saudymui-su-lipdukais\/#breadcrumb","itemListElement":[{"@type":"ListItem","position":1,"name":"Pagrindinis","item":"https:\/\/kidsplay.lt\/"},{"@type":"ListItem","position":2,"name":"Parduotuv\u0117","item":"https:\/\/kidsplay.lt\/parduotuve\/"},{"@type":"ListItem","position":3,"name":"WOOPIE smiginio \u017eaidimo kamuoliuk\u0173 pistoletas dinozaur\u0173 taikini\u0173 \u0161audymui su lipdukais"}]},{"@type":"WebSite","@id":"https:\/\/kidsplay.lt\/#website","url":"https:\/\/kidsplay.lt\/","name":"B\u0113rnu sp\u0113les.lv","description":"\u012evairios prek\u0117s vaikams","publisher":{"@id":"https:\/\/kidsplay.lt\/#organization"},"alternateName":"Kidsplay","potentialAction":[{"@type":"SearchAction","target":{"@type":"EntryPoint","urlTemplate":"https:\/\/kidsplay.lt\/?s={search_term_string}"},"query-input":{"@type":"PropertyValueSpecification","valueRequired":true,"valueName":"search_term_string"}}],"inLanguage":"lv-LV"},{"@type":"Organization","@id":"https:\/\/kidsplay.lt\/#organization","name":"B\u0113rnu sp\u0113le","url":"https:\/\/kidsplay.lt\/","logo":{"@type":"ImageObject","inLanguage":"lv-LV","@id":"https:\/\/kidsplay.lt\/#\/schema\/logo\/image\/","url":"https:\/\/kidsplay.lt\/wp-content\/uploads\/2023\/07\/kidsplay-logo.png","contentUrl":"https:\/\/kidsplay.lt\/wp-content\/uploads\/2023\/07\/kidsplay-logo.png","width":451,"height":98,"caption":"KidsPlay"},"image":{"@id":"https:\/\/kidsplay.lt\/#\/schema\/logo\/image\/"},"sameAs":["https:\/\/www.facebook.com\/www.kidsplay.lt"]}]}},"_links":{"self":[{"href":"https:\/\/kidsplay.lt\/lv\/wp-json\/wp\/v2\/product\/89951","targetHints":{"allow":["GET"]}}],"collection":[{"href":"https:\/\/kidsplay.lt\/lv\/wp-json\/wp\/v2\/product"}],"about":[{"href":"https:\/\/kidsplay.lt\/lv\/wp-json\/wp\/v2\/types\/product"}],"version-history":[{"count":1,"href":"https:\/\/kidsplay.lt\/lv\/wp-json\/wp\/v2\/product\/89951\/revisions"}],"predecessor-version":[{"id":89952,"href":"https:\/\/kidsplay.lt\/lv\/wp-json\/wp\/v2\/product\/89951\/revisions\/89952"}],"wp:featuredmedia":[{"embeddable":true,"href":"https:\/\/kidsplay.lt\/lv\/wp-json\/wp\/v2\/media\/66364"}],"wp:attachment":[{"href":"https:\/\/kidsplay.lt\/lv\/wp-json\/wp\/v2\/media?parent=89951"}],"wp:term":[{"taxonomy":"product_brand","embeddable":true,"href":"https:\/\/kidsplay.lt\/lv\/wp-json\/wp\/v2\/product_brand?post=89951"},{"taxonomy":"product_cat","embeddable":true,"href":"https:\/\/kidsplay.lt\/lv\/wp-json\/wp\/v2\/product_cat?post=89951"},{"taxonomy":"product_tag","embeddable":true,"href":"https:\/\/kidsplay.lt\/lv\/wp-json\/wp\/v2\/product_tag?post=89951"}],"curies":[{"name":"wp","href":"https:\/\/api.w.org\/{rel}","templated":true}]}}