{"id":89955,"date":"2026-02-26T09:34:07","date_gmt":"2026-02-26T07:34:07","guid":{"rendered":"https:\/\/kidsplay.lt\/produktas\/arkadinis-zaidimas-space-gameplay-2-viename\/"},"modified":"2026-04-13T15:11:01","modified_gmt":"2026-04-13T12:11:01","slug":"arkadinis-zaidimas-space-gameplay-2-viename","status":"publish","type":"product","link":"https:\/\/kidsplay.lt\/lv\/products\/arkadinis-zaidimas-space-gameplay-2-viename\/","title":{"rendered":"Arkadinis \u017eaidimas \u201eSpace Gameplay\u201c 2 viename"},"content":{"rendered":"<p>WOOPIE\u00a0prek\u0117s \u017eenklo \u201eFlipper Arcade Game\u201c \u201e\u00a0Space Game\u00a0\u201c\u00a0yra puiki id\u0117ja smagiai pramogauti j\u016bs\u0173 vaikui. Tai populiarus arkadinis \u017eaidimas, skirtas \u017eaisti tiek\u00a0vienam\u00a0, tiek\u00a0didesnei \u017eaid\u0117j\u0173 grupei\u00a0. Tai primena tikr\u0105 \u201eFlipper\u201c ma\u0161in\u0105, kuri suteikia\u00a0\u017eaislui\u00a0patrauklumo\u00a0! \u017daidimo tikslas yra surinkti kuo daugiau ta\u0161k\u0173 naudojant \u012fvairius judesius ir strategijas. Paprastos taisykl\u0117s ir spalvingi elementai\u00a0patraukia vaik\u0173 d\u0117mes\u012f\u00a0ir paver\u010dia\u00a0\u017eaidim\u0105\u00a0smagiu\u00a0. \u017daislas yra kruop\u0161\u010diai pagamintas ir puikiai tinka \u2013 kiekvienam ma\u017eajam \u0161io \u017eaidimo gerb\u0117jui jis tikrai patiks. Taisykl\u0117s paprastos! Tereikia patiems surinkti lent\u0105 \u2013 tai n\u0117ra sunku. Tiesiog \u012fstumkite \u017eaidimo fig\u016br\u0117les \u012f atitinkamas lentos skylutes. Dabar galite prad\u0117ti atmu\u0161ti kamuol\u012f!<\/p>\n<p>Raksturojums:<\/p>\n<p> \t&#8211; \u017daislas nuo\u00a04 met\u0173 am\u017eiaus<br \/>\n \t&#8211; Puikiai tinka solo ir grupiniam \u017eaidimui<br \/>\n \t&#8211; \u201ePasidaryk pats\u201c \u017eaidimas \u2013 lent\u0105 i\u0161 element\u0173 susirenkate pats!<br \/>\n \t&#8211;\u00a0Lengva surinkti\u00a0, paprasta prisiminti taisykles<br \/>\n \t&#8211; Apima\u00a02 skirtingus \u017eaidimo i\u0161d\u0117stymus<\/p>\n<p>\u017daislas vysto:<\/p>\n<p> \t&#8211; Logini\u0173 \u012fg\u016bd\u017ei\u0173 ugdymas\u00a0:\u00a0stalo \u017eaidimai reikalauja strateginio m\u0105stymo, judesi\u0173 planavimo ir pasekmi\u0173 numatymo. Tai puikus pratimas protui.<br \/>\n \t&#8211;\u00a0Rank\u0173 ir aki\u0173 koordinacija\u00a0: Valdant kamuoliukus ant lentos reikia atlikti tikslius judesius, o tai padeda lavinti rank\u0173 \u012fg\u016bd\u017eius.<br \/>\n \t&#8211;\u00a0Vaizduot\u0117 ir k\u016brybi\u0161kumas\u00a0: \u017eaidime esantys erdv\u0117s elementai skatina vaiko vaizduot\u0119. Jis gali sukurti savo istorijas ir nuotykius, susijusius su kosmosu.<\/p>","protected":false},"excerpt":{"rendered":"<p>WOOPIE\u00a0prek\u0117s \u017eenklo \u201eFlipper Arcade Game\u201c \u201e\u00a0Space Game\u00a0\u201c\u00a0yra puiki id\u0117ja smagiai pramogauti j\u016bs\u0173 vaikui. Tai populiarus arkadinis \u017eaidimas, skirtas \u017eaisti tiek\u00a0vienam\u00a0,<\/p>","protected":false},"featured_media":56889,"template":"","meta":{"_acf_changed":false,"_glsr_average":0,"_glsr_ranking":0,"_glsr_reviews":0},"product_brand":[],"product_cat":[445,229],"product_tag":[],"class_list":{"0":"post-89955","1":"product","2":"type-product","3":"status-publish","4":"has-post-thumbnail","6":"product_cat-stalo-zaidimai","7":"product_cat-zaislai-vaikams","8":"\"style=\"background-color: #2ecc711c;\"","10":"first","11":"instock","12":"purchasable","13":"product-type-simple"},"acf":[],"yoast_head":"<!-- This site is optimized with the Yoast SEO plugin v27.4 - https:\/\/yoast.com\/product\/yoast-seo-wordpress\/ -->\n<title>Arkadinis \u017eaidimas \u201eSpace Gameplay\u201c 2 viename<\/title>\n<meta name=\"description\" content=\"Arkadinis \u017eaidimas \u201eSpace Gameplay\u201c 2 viename - KidsPlay. Did\u017eiausias vaik\u0173 \u017eaisl\u0173 pasirinkimas.\" \/>\n<meta name=\"robots\" content=\"index, follow, max-snippet:-1, max-image-preview:large, max-video-preview:-1\" \/>\n<link rel=\"canonical\" href=\"https:\/\/kidsplay.lt\/lv\/products\/arkadinis-zaidimas-space-gameplay-2-viename\/\" \/>\n<meta property=\"og:locale\" content=\"lv_LV\" \/>\n<meta property=\"og:type\" content=\"article\" \/>\n<meta property=\"og:title\" content=\"Arkadinis \u017eaidimas \u201eSpace Gameplay\u201c 2 viename\" \/>\n<meta property=\"og:description\" content=\"Arkadinis \u017eaidimas \u201eSpace Gameplay\u201c 2 viename - KidsPlay. Did\u017eiausias vaik\u0173 \u017eaisl\u0173 pasirinkimas.\" \/>\n<meta property=\"og:url\" content=\"https:\/\/kidsplay.lt\/lv\/products\/arkadinis-zaidimas-space-gameplay-2-viename\/\" \/>\n<meta property=\"og:site_name\" content=\"KidsPlay\" \/>\n<meta property=\"article:publisher\" content=\"https:\/\/www.facebook.com\/www.kidsplay.lt\" \/>\n<meta property=\"article:modified_time\" content=\"2026-04-13T12:11:01+00:00\" \/>\n<meta property=\"og:image\" content=\"https:\/\/kidsplay.lt\/wp-content\/uploads\/2024\/09\/Arkadinis-zaidimas-\u201eSpace-Gameplay-2-viename.jpg\" \/>\n\t<meta property=\"og:image:width\" content=\"1000\" \/>\n\t<meta property=\"og:image:height\" content=\"1000\" \/>\n\t<meta property=\"og:image:type\" content=\"image\/jpeg\" \/>\n<meta name=\"twitter:card\" content=\"summary_large_image\" \/>\n<meta name=\"twitter:label1\" content=\"Est. reading time\" \/>\n\t<meta name=\"twitter:data1\" content=\"1 min\u016bte\" \/>\n<script type=\"application\/ld+json\" class=\"yoast-schema-graph\">{\"@context\":\"https:\\\/\\\/schema.org\",\"@graph\":[{\"@type\":\"WebPage\",\"@id\":\"https:\\\/\\\/kidsplay.lt\\\/produktas\\\/arkadinis-zaidimas-space-gameplay-2-viename\\\/\",\"url\":\"https:\\\/\\\/kidsplay.lt\\\/produktas\\\/arkadinis-zaidimas-space-gameplay-2-viename\\\/\",\"name\":\"Arkadinis \u017eaidimas \u201eSpace Gameplay\u201c 2 viename\",\"isPartOf\":{\"@id\":\"https:\\\/\\\/kidsplay.lt\\\/#website\"},\"primaryImageOfPage\":{\"@id\":\"https:\\\/\\\/kidsplay.lt\\\/produktas\\\/arkadinis-zaidimas-space-gameplay-2-viename\\\/#primaryimage\"},\"image\":{\"@id\":\"https:\\\/\\\/kidsplay.lt\\\/produktas\\\/arkadinis-zaidimas-space-gameplay-2-viename\\\/#primaryimage\"},\"thumbnailUrl\":\"https:\\\/\\\/kidsplay.lt\\\/wp-content\\\/uploads\\\/2024\\\/09\\\/Arkadinis-zaidimas-\u201eSpace-Gameplay-2-viename.jpg\",\"datePublished\":\"2026-02-26T07:34:07+00:00\",\"dateModified\":\"2026-04-13T12:11:01+00:00\",\"description\":\"Arkadinis \u017eaidimas \u201eSpace Gameplay\u201c 2 viename - KidsPlay. Did\u017eiausias vaik\u0173 \u017eaisl\u0173 pasirinkimas.\",\"breadcrumb\":{\"@id\":\"https:\\\/\\\/kidsplay.lt\\\/produktas\\\/arkadinis-zaidimas-space-gameplay-2-viename\\\/#breadcrumb\"},\"inLanguage\":\"lv-LV\",\"potentialAction\":[{\"@type\":\"ReadAction\",\"target\":[\"https:\\\/\\\/kidsplay.lt\\\/produktas\\\/arkadinis-zaidimas-space-gameplay-2-viename\\\/\"]}]},{\"@type\":\"ImageObject\",\"inLanguage\":\"lv-LV\",\"@id\":\"https:\\\/\\\/kidsplay.lt\\\/produktas\\\/arkadinis-zaidimas-space-gameplay-2-viename\\\/#primaryimage\",\"url\":\"https:\\\/\\\/kidsplay.lt\\\/wp-content\\\/uploads\\\/2024\\\/09\\\/Arkadinis-zaidimas-\u201eSpace-Gameplay-2-viename.jpg\",\"contentUrl\":\"https:\\\/\\\/kidsplay.lt\\\/wp-content\\\/uploads\\\/2024\\\/09\\\/Arkadinis-zaidimas-\u201eSpace-Gameplay-2-viename.jpg\",\"width\":1000,\"height\":1000,\"caption\":\"Arkadinis \u017eaidimas \u201eSpace Gameplay\u201c 2 viename\"},{\"@type\":\"BreadcrumbList\",\"@id\":\"https:\\\/\\\/kidsplay.lt\\\/produktas\\\/arkadinis-zaidimas-space-gameplay-2-viename\\\/#breadcrumb\",\"itemListElement\":[{\"@type\":\"ListItem\",\"position\":1,\"name\":\"Pagrindinis\",\"item\":\"https:\\\/\\\/kidsplay.lt\\\/\"},{\"@type\":\"ListItem\",\"position\":2,\"name\":\"Parduotuv\u0117\",\"item\":\"https:\\\/\\\/kidsplay.lt\\\/parduotuve\\\/\"},{\"@type\":\"ListItem\",\"position\":3,\"name\":\"Arkadinis \u017eaidimas \u201eSpace Gameplay\u201c 2 viename\"}]},{\"@type\":\"WebSite\",\"@id\":\"https:\\\/\\\/kidsplay.lt\\\/#website\",\"url\":\"https:\\\/\\\/kidsplay.lt\\\/\",\"name\":\"Kidsplay.lt\",\"description\":\"\u012evairios prek\u0117s vaikams\",\"publisher\":{\"@id\":\"https:\\\/\\\/kidsplay.lt\\\/#organization\"},\"alternateName\":\"Kidsplay\",\"potentialAction\":[{\"@type\":\"SearchAction\",\"target\":{\"@type\":\"EntryPoint\",\"urlTemplate\":\"https:\\\/\\\/kidsplay.lt\\\/?s={search_term_string}\"},\"query-input\":{\"@type\":\"PropertyValueSpecification\",\"valueRequired\":true,\"valueName\":\"search_term_string\"}}],\"inLanguage\":\"lv-LV\"},{\"@type\":\"Organization\",\"@id\":\"https:\\\/\\\/kidsplay.lt\\\/#organization\",\"name\":\"KidsPlay\",\"url\":\"https:\\\/\\\/kidsplay.lt\\\/\",\"logo\":{\"@type\":\"ImageObject\",\"inLanguage\":\"lv-LV\",\"@id\":\"https:\\\/\\\/kidsplay.lt\\\/#\\\/schema\\\/logo\\\/image\\\/\",\"url\":\"https:\\\/\\\/kidsplay.lt\\\/wp-content\\\/uploads\\\/2023\\\/07\\\/kidsplay-logo.png\",\"contentUrl\":\"https:\\\/\\\/kidsplay.lt\\\/wp-content\\\/uploads\\\/2023\\\/07\\\/kidsplay-logo.png\",\"width\":451,\"height\":98,\"caption\":\"KidsPlay\"},\"image\":{\"@id\":\"https:\\\/\\\/kidsplay.lt\\\/#\\\/schema\\\/logo\\\/image\\\/\"},\"sameAs\":[\"https:\\\/\\\/www.facebook.com\\\/www.kidsplay.lt\"]}]}<\/script>\n<!-- \/ Yoast SEO plugin. -->","yoast_head_json":{"title":"Arkadinis \u017eaidimas \u201eSpace Gameplay\u201c 2 viename","description":"Arkadinis \u017eaidimas \u201eSpace Gameplay\u201c 2 viename - KidsPlay. Did\u017eiausias vaik\u0173 \u017eaisl\u0173 pasirinkimas.","robots":{"index":"index","follow":"follow","max-snippet":"max-snippet:-1","max-image-preview":"max-image-preview:large","max-video-preview":"max-video-preview:-1"},"canonical":"https:\/\/kidsplay.lt\/lv\/products\/arkadinis-zaidimas-space-gameplay-2-viename\/","og_locale":"lv_LV","og_type":"article","og_title":"Arkadinis \u017eaidimas \u201eSpace Gameplay\u201c 2 viename","og_description":"Arkadinis \u017eaidimas \u201eSpace Gameplay\u201c 2 viename - KidsPlay. Did\u017eiausias vaik\u0173 \u017eaisl\u0173 pasirinkimas.","og_url":"https:\/\/kidsplay.lt\/lv\/products\/arkadinis-zaidimas-space-gameplay-2-viename\/","og_site_name":"KidsPlay","article_publisher":"https:\/\/www.facebook.com\/www.kidsplay.lt","article_modified_time":"2026-04-13T12:11:01+00:00","og_image":[{"width":1000,"height":1000,"url":"https:\/\/kidsplay.lt\/wp-content\/uploads\/2024\/09\/Arkadinis-zaidimas-\u201eSpace-Gameplay-2-viename.jpg","type":"image\/jpeg"}],"twitter_card":"summary_large_image","twitter_misc":{"Est. reading time":"1 min\u016bte"},"schema":{"@context":"https:\/\/schema.org","@graph":[{"@type":"WebPage","@id":"https:\/\/kidsplay.lt\/produktas\/arkadinis-zaidimas-space-gameplay-2-viename\/","url":"https:\/\/kidsplay.lt\/produktas\/arkadinis-zaidimas-space-gameplay-2-viename\/","name":"Arkadinis \u017eaidimas \u201eSpace Gameplay\u201c 2 viename","isPartOf":{"@id":"https:\/\/kidsplay.lt\/#website"},"primaryImageOfPage":{"@id":"https:\/\/kidsplay.lt\/produktas\/arkadinis-zaidimas-space-gameplay-2-viename\/#primaryimage"},"image":{"@id":"https:\/\/kidsplay.lt\/produktas\/arkadinis-zaidimas-space-gameplay-2-viename\/#primaryimage"},"thumbnailUrl":"https:\/\/kidsplay.lt\/wp-content\/uploads\/2024\/09\/Arkadinis-zaidimas-\u201eSpace-Gameplay-2-viename.jpg","datePublished":"2026-02-26T07:34:07+00:00","dateModified":"2026-04-13T12:11:01+00:00","description":"Arkadinis \u017eaidimas \u201eSpace Gameplay\u201c 2 viename - KidsPlay. Did\u017eiausias vaik\u0173 \u017eaisl\u0173 pasirinkimas.","breadcrumb":{"@id":"https:\/\/kidsplay.lt\/produktas\/arkadinis-zaidimas-space-gameplay-2-viename\/#breadcrumb"},"inLanguage":"lv-LV","potentialAction":[{"@type":"ReadAction","target":["https:\/\/kidsplay.lt\/produktas\/arkadinis-zaidimas-space-gameplay-2-viename\/"]}]},{"@type":"ImageObject","inLanguage":"lv-LV","@id":"https:\/\/kidsplay.lt\/produktas\/arkadinis-zaidimas-space-gameplay-2-viename\/#primaryimage","url":"https:\/\/kidsplay.lt\/wp-content\/uploads\/2024\/09\/Arkadinis-zaidimas-\u201eSpace-Gameplay-2-viename.jpg","contentUrl":"https:\/\/kidsplay.lt\/wp-content\/uploads\/2024\/09\/Arkadinis-zaidimas-\u201eSpace-Gameplay-2-viename.jpg","width":1000,"height":1000,"caption":"Arkadinis \u017eaidimas \u201eSpace Gameplay\u201c 2 viename"},{"@type":"BreadcrumbList","@id":"https:\/\/kidsplay.lt\/produktas\/arkadinis-zaidimas-space-gameplay-2-viename\/#breadcrumb","itemListElement":[{"@type":"ListItem","position":1,"name":"Pagrindinis","item":"https:\/\/kidsplay.lt\/"},{"@type":"ListItem","position":2,"name":"Parduotuv\u0117","item":"https:\/\/kidsplay.lt\/parduotuve\/"},{"@type":"ListItem","position":3,"name":"Arkadinis \u017eaidimas \u201eSpace Gameplay\u201c 2 viename"}]},{"@type":"WebSite","@id":"https:\/\/kidsplay.lt\/#website","url":"https:\/\/kidsplay.lt\/","name":"B\u0113rnu sp\u0113les.lv","description":"\u012evairios prek\u0117s vaikams","publisher":{"@id":"https:\/\/kidsplay.lt\/#organization"},"alternateName":"Kidsplay","potentialAction":[{"@type":"SearchAction","target":{"@type":"EntryPoint","urlTemplate":"https:\/\/kidsplay.lt\/?s={search_term_string}"},"query-input":{"@type":"PropertyValueSpecification","valueRequired":true,"valueName":"search_term_string"}}],"inLanguage":"lv-LV"},{"@type":"Organization","@id":"https:\/\/kidsplay.lt\/#organization","name":"B\u0113rnu sp\u0113le","url":"https:\/\/kidsplay.lt\/","logo":{"@type":"ImageObject","inLanguage":"lv-LV","@id":"https:\/\/kidsplay.lt\/#\/schema\/logo\/image\/","url":"https:\/\/kidsplay.lt\/wp-content\/uploads\/2023\/07\/kidsplay-logo.png","contentUrl":"https:\/\/kidsplay.lt\/wp-content\/uploads\/2023\/07\/kidsplay-logo.png","width":451,"height":98,"caption":"KidsPlay"},"image":{"@id":"https:\/\/kidsplay.lt\/#\/schema\/logo\/image\/"},"sameAs":["https:\/\/www.facebook.com\/www.kidsplay.lt"]}]}},"_links":{"self":[{"href":"https:\/\/kidsplay.lt\/lv\/wp-json\/wp\/v2\/product\/89955","targetHints":{"allow":["GET"]}}],"collection":[{"href":"https:\/\/kidsplay.lt\/lv\/wp-json\/wp\/v2\/product"}],"about":[{"href":"https:\/\/kidsplay.lt\/lv\/wp-json\/wp\/v2\/types\/product"}],"version-history":[{"count":1,"href":"https:\/\/kidsplay.lt\/lv\/wp-json\/wp\/v2\/product\/89955\/revisions"}],"predecessor-version":[{"id":89956,"href":"https:\/\/kidsplay.lt\/lv\/wp-json\/wp\/v2\/product\/89955\/revisions\/89956"}],"wp:featuredmedia":[{"embeddable":true,"href":"https:\/\/kidsplay.lt\/lv\/wp-json\/wp\/v2\/media\/56889"}],"wp:attachment":[{"href":"https:\/\/kidsplay.lt\/lv\/wp-json\/wp\/v2\/media?parent=89955"}],"wp:term":[{"taxonomy":"product_brand","embeddable":true,"href":"https:\/\/kidsplay.lt\/lv\/wp-json\/wp\/v2\/product_brand?post=89955"},{"taxonomy":"product_cat","embeddable":true,"href":"https:\/\/kidsplay.lt\/lv\/wp-json\/wp\/v2\/product_cat?post=89955"},{"taxonomy":"product_tag","embeddable":true,"href":"https:\/\/kidsplay.lt\/lv\/wp-json\/wp\/v2\/product_tag?post=89955"}],"curies":[{"name":"wp","href":"https:\/\/api.w.org\/{rel}","templated":true}]}}