{"id":89957,"date":"2026-02-26T09:34:10","date_gmt":"2026-02-26T07:34:10","guid":{"rendered":"https:\/\/kidsplay.lt\/produktas\/woopie-smash-ball-arkadinis-batutas-su-2-kamuoliukais-pompa\/"},"modified":"2026-03-23T09:00:22","modified_gmt":"2026-03-23T07:00:22","slug":"woopie-smash-ball-arkadinis-batutas-su-2-kamuoliukais-pompa","status":"publish","type":"product","link":"https:\/\/kidsplay.lt\/lv\/products\/woopie-smash-ball-arkadinis-batutas-su-2-kamuoliukais-pompa\/","title":{"rendered":"WOOPIE \u201eSmash Ball\u201c arkadinis batutas su 2 kamuoliukais, pompa"},"content":{"rendered":"<p>\u201eWOOPIE\u201c\u00a0vakar\u0117li\u0173\u00a0\u017eaidimas \u201eSmash Ball\u201c\u00a0yra ne tik labai smagus, bet ir puikus b\u016bdas lavinti\u00a0motorinius\u00a0\u012fg\u016bd\u017eius ,\u00a0koordinacij\u0105 ir refleksus\u00a0. Jis taip pat skatina vaikus\u00a0b\u016bti fizi\u0161kai aktyviems\u00a0ir var\u017eytis draugi\u0161koje atmosferoje. \u0160is dinami\u0161kas vakar\u0117li\u0173 \u017eaidimas suteikia daug juoko ir d\u017eiaugsmo, suteikdamas vaikams nepamir\u0161tam\u0173 akimirk\u0173 kartu. Puikiai tinkantis vakar\u0117liams, piknikams ar \u0161eimos susib\u016brimams, \u201eSmash Ball\u201c yra patikimas b\u016bdas sukurti nuostabius prisiminimus ir prad\u017eiuginti visus dalyvaujan\u010dius! Jis ne tik linksmas ir smagus, bet ir lavina\u00a0fizinius \u012fg\u016bd\u017eius, koordinacij\u0105 ir komandinio darbo \u012fg\u016bd\u017eius\u00a0. Jis puikiai tinka vaikams, kurie m\u0117gsta jud\u0117jim\u0105 ir var\u017eybas, taip pat t\u0117vams, ie\u0161kantiems alternatyvi\u0173 \u017eaidimo form\u0173, kurios \u012ftraukt\u0173 vaikus \u012f fizin\u012f aktyvum\u0105.<br \/>\nRakstur\u012bgs:<\/p>\n<p> \tB\u0113rniem no 3 gadu vecuma<br \/>\n \tLavina stambi\u0105j\u0105 motorik\u0105<br \/>\n \t\u017daid\u0117j\u0173 s\u0105veika<br \/>\n \tDidelis rank\u0173 fizinis aktyvumas<\/p>","protected":false},"excerpt":{"rendered":"<p>\u201eWOOPIE\u201c\u00a0vakar\u0117li\u0173\u00a0\u017eaidimas \u201eSmash Ball\u201c\u00a0yra ne tik labai smagus, bet ir puikus b\u016bdas lavinti\u00a0motorinius\u00a0\u012fg\u016bd\u017eius ,\u00a0koordinacij\u0105 ir refleksus\u00a0. Jis taip pat skatina vaikus\u00a0b\u016bti<\/p>","protected":false},"featured_media":66377,"template":"","meta":{"_acf_changed":false,"_glsr_average":0,"_glsr_ranking":0,"_glsr_reviews":0},"product_brand":[],"product_cat":[233,430,229],"product_tag":[],"class_list":{"0":"post-89957","1":"product","2":"type-product","3":"status-publish","4":"has-post-thumbnail","6":"product_cat-lauko-pramogos","7":"product_cat-zaidimai-ir-linksmybes","8":"product_cat-zaislai-vaikams","9":"\"style=\"background-color: #2ecc711c;\"","11":"first","12":"outofstock","13":"purchasable","14":"product-type-simple"},"acf":[],"yoast_head":"<!-- This site is optimized with the Yoast SEO plugin v27.4 - https:\/\/yoast.com\/product\/yoast-seo-wordpress\/ -->\n<title>WOOPIE \u201eSmash Ball\u201c arkadinis batutas su 2 kamuoliukais, pompa<\/title>\n<meta name=\"description\" content=\"WOOPIE \u201eSmash Ball\u201c arkadinis batutas su 2 kamuoliukais, pompa - KidsPlay. Did\u017eiausias vaik\u0173 \u017eaisl\u0173 pasirinkimas.\" \/>\n<meta name=\"robots\" content=\"index, follow, max-snippet:-1, max-image-preview:large, max-video-preview:-1\" \/>\n<link rel=\"canonical\" href=\"https:\/\/kidsplay.lt\/lv\/products\/woopie-smash-ball-arkadinis-batutas-su-2-kamuoliukais-pompa\/\" \/>\n<meta property=\"og:locale\" content=\"lv_LV\" \/>\n<meta property=\"og:type\" content=\"article\" \/>\n<meta property=\"og:title\" content=\"WOOPIE \u201eSmash Ball\u201c arkadinis batutas su 2 kamuoliukais, pompa\" \/>\n<meta property=\"og:description\" content=\"WOOPIE \u201eSmash Ball\u201c arkadinis batutas su 2 kamuoliukais, pompa - KidsPlay. Did\u017eiausias vaik\u0173 \u017eaisl\u0173 pasirinkimas.\" \/>\n<meta property=\"og:url\" content=\"https:\/\/kidsplay.lt\/lv\/products\/woopie-smash-ball-arkadinis-batutas-su-2-kamuoliukais-pompa\/\" \/>\n<meta property=\"og:site_name\" content=\"KidsPlay\" \/>\n<meta property=\"article:publisher\" content=\"https:\/\/www.facebook.com\/www.kidsplay.lt\" \/>\n<meta property=\"article:modified_time\" content=\"2026-03-23T07:00:22+00:00\" \/>\n<meta property=\"og:image\" content=\"https:\/\/kidsplay.lt\/wp-content\/uploads\/2025\/09\/WOOPIE-\u201eSmash-Ball-arkadinis-batutas-su-2-kamuoliukais-pompa.jpg\" \/>\n\t<meta property=\"og:image:width\" content=\"1000\" \/>\n\t<meta property=\"og:image:height\" content=\"1000\" \/>\n\t<meta property=\"og:image:type\" content=\"image\/jpeg\" \/>\n<meta name=\"twitter:card\" content=\"summary_large_image\" \/>\n<meta name=\"twitter:label1\" content=\"Est. reading time\" \/>\n\t<meta name=\"twitter:data1\" content=\"1 min\u016bte\" \/>\n<script type=\"application\/ld+json\" class=\"yoast-schema-graph\">{\"@context\":\"https:\\\/\\\/schema.org\",\"@graph\":[{\"@type\":\"WebPage\",\"@id\":\"https:\\\/\\\/kidsplay.lt\\\/produktas\\\/woopie-smash-ball-arkadinis-batutas-su-2-kamuoliukais-pompa\\\/\",\"url\":\"https:\\\/\\\/kidsplay.lt\\\/produktas\\\/woopie-smash-ball-arkadinis-batutas-su-2-kamuoliukais-pompa\\\/\",\"name\":\"WOOPIE \u201eSmash Ball\u201c arkadinis batutas su 2 kamuoliukais, pompa\",\"isPartOf\":{\"@id\":\"https:\\\/\\\/kidsplay.lt\\\/#website\"},\"primaryImageOfPage\":{\"@id\":\"https:\\\/\\\/kidsplay.lt\\\/produktas\\\/woopie-smash-ball-arkadinis-batutas-su-2-kamuoliukais-pompa\\\/#primaryimage\"},\"image\":{\"@id\":\"https:\\\/\\\/kidsplay.lt\\\/produktas\\\/woopie-smash-ball-arkadinis-batutas-su-2-kamuoliukais-pompa\\\/#primaryimage\"},\"thumbnailUrl\":\"https:\\\/\\\/kidsplay.lt\\\/wp-content\\\/uploads\\\/2025\\\/09\\\/WOOPIE-\u201eSmash-Ball-arkadinis-batutas-su-2-kamuoliukais-pompa.jpg\",\"datePublished\":\"2026-02-26T07:34:10+00:00\",\"dateModified\":\"2026-03-23T07:00:22+00:00\",\"description\":\"WOOPIE \u201eSmash Ball\u201c arkadinis batutas su 2 kamuoliukais, pompa - KidsPlay. Did\u017eiausias vaik\u0173 \u017eaisl\u0173 pasirinkimas.\",\"breadcrumb\":{\"@id\":\"https:\\\/\\\/kidsplay.lt\\\/produktas\\\/woopie-smash-ball-arkadinis-batutas-su-2-kamuoliukais-pompa\\\/#breadcrumb\"},\"inLanguage\":\"lv-LV\",\"potentialAction\":[{\"@type\":\"ReadAction\",\"target\":[\"https:\\\/\\\/kidsplay.lt\\\/produktas\\\/woopie-smash-ball-arkadinis-batutas-su-2-kamuoliukais-pompa\\\/\"]}]},{\"@type\":\"ImageObject\",\"inLanguage\":\"lv-LV\",\"@id\":\"https:\\\/\\\/kidsplay.lt\\\/produktas\\\/woopie-smash-ball-arkadinis-batutas-su-2-kamuoliukais-pompa\\\/#primaryimage\",\"url\":\"https:\\\/\\\/kidsplay.lt\\\/wp-content\\\/uploads\\\/2025\\\/09\\\/WOOPIE-\u201eSmash-Ball-arkadinis-batutas-su-2-kamuoliukais-pompa.jpg\",\"contentUrl\":\"https:\\\/\\\/kidsplay.lt\\\/wp-content\\\/uploads\\\/2025\\\/09\\\/WOOPIE-\u201eSmash-Ball-arkadinis-batutas-su-2-kamuoliukais-pompa.jpg\",\"width\":1000,\"height\":1000,\"caption\":\"WOOPIE \u201eSmash Ball\u201c arkadinis batutas su 2 kamuoliukais\"},{\"@type\":\"BreadcrumbList\",\"@id\":\"https:\\\/\\\/kidsplay.lt\\\/produktas\\\/woopie-smash-ball-arkadinis-batutas-su-2-kamuoliukais-pompa\\\/#breadcrumb\",\"itemListElement\":[{\"@type\":\"ListItem\",\"position\":1,\"name\":\"Pagrindinis\",\"item\":\"https:\\\/\\\/kidsplay.lt\\\/\"},{\"@type\":\"ListItem\",\"position\":2,\"name\":\"Parduotuv\u0117\",\"item\":\"https:\\\/\\\/kidsplay.lt\\\/parduotuve\\\/\"},{\"@type\":\"ListItem\",\"position\":3,\"name\":\"WOOPIE \u201eSmash Ball\u201c arkadinis batutas su 2 kamuoliukais, pompa\"}]},{\"@type\":\"WebSite\",\"@id\":\"https:\\\/\\\/kidsplay.lt\\\/#website\",\"url\":\"https:\\\/\\\/kidsplay.lt\\\/\",\"name\":\"Kidsplay.lt\",\"description\":\"\u012evairios prek\u0117s vaikams\",\"publisher\":{\"@id\":\"https:\\\/\\\/kidsplay.lt\\\/#organization\"},\"alternateName\":\"Kidsplay\",\"potentialAction\":[{\"@type\":\"SearchAction\",\"target\":{\"@type\":\"EntryPoint\",\"urlTemplate\":\"https:\\\/\\\/kidsplay.lt\\\/?s={search_term_string}\"},\"query-input\":{\"@type\":\"PropertyValueSpecification\",\"valueRequired\":true,\"valueName\":\"search_term_string\"}}],\"inLanguage\":\"lv-LV\"},{\"@type\":\"Organization\",\"@id\":\"https:\\\/\\\/kidsplay.lt\\\/#organization\",\"name\":\"KidsPlay\",\"url\":\"https:\\\/\\\/kidsplay.lt\\\/\",\"logo\":{\"@type\":\"ImageObject\",\"inLanguage\":\"lv-LV\",\"@id\":\"https:\\\/\\\/kidsplay.lt\\\/#\\\/schema\\\/logo\\\/image\\\/\",\"url\":\"https:\\\/\\\/kidsplay.lt\\\/wp-content\\\/uploads\\\/2023\\\/07\\\/kidsplay-logo.png\",\"contentUrl\":\"https:\\\/\\\/kidsplay.lt\\\/wp-content\\\/uploads\\\/2023\\\/07\\\/kidsplay-logo.png\",\"width\":451,\"height\":98,\"caption\":\"KidsPlay\"},\"image\":{\"@id\":\"https:\\\/\\\/kidsplay.lt\\\/#\\\/schema\\\/logo\\\/image\\\/\"},\"sameAs\":[\"https:\\\/\\\/www.facebook.com\\\/www.kidsplay.lt\"]}]}<\/script>\n<!-- \/ Yoast SEO plugin. -->","yoast_head_json":{"title":"WOOPIE \u201eSmash Ball\u201c arkadinis batutas su 2 kamuoliukais, pompa","description":"WOOPIE \u201eSmash Ball\u201c arkadinis batutas su 2 kamuoliukais, pompa - KidsPlay. Did\u017eiausias vaik\u0173 \u017eaisl\u0173 pasirinkimas.","robots":{"index":"index","follow":"follow","max-snippet":"max-snippet:-1","max-image-preview":"max-image-preview:large","max-video-preview":"max-video-preview:-1"},"canonical":"https:\/\/kidsplay.lt\/lv\/products\/woopie-smash-ball-arkadinis-batutas-su-2-kamuoliukais-pompa\/","og_locale":"lv_LV","og_type":"article","og_title":"WOOPIE \u201eSmash Ball\u201c arkadinis batutas su 2 kamuoliukais, pompa","og_description":"WOOPIE \u201eSmash Ball\u201c arkadinis batutas su 2 kamuoliukais, pompa - KidsPlay. Did\u017eiausias vaik\u0173 \u017eaisl\u0173 pasirinkimas.","og_url":"https:\/\/kidsplay.lt\/lv\/products\/woopie-smash-ball-arkadinis-batutas-su-2-kamuoliukais-pompa\/","og_site_name":"KidsPlay","article_publisher":"https:\/\/www.facebook.com\/www.kidsplay.lt","article_modified_time":"2026-03-23T07:00:22+00:00","og_image":[{"width":1000,"height":1000,"url":"https:\/\/kidsplay.lt\/wp-content\/uploads\/2025\/09\/WOOPIE-\u201eSmash-Ball-arkadinis-batutas-su-2-kamuoliukais-pompa.jpg","type":"image\/jpeg"}],"twitter_card":"summary_large_image","twitter_misc":{"Est. reading time":"1 min\u016bte"},"schema":{"@context":"https:\/\/schema.org","@graph":[{"@type":"WebPage","@id":"https:\/\/kidsplay.lt\/produktas\/woopie-smash-ball-arkadinis-batutas-su-2-kamuoliukais-pompa\/","url":"https:\/\/kidsplay.lt\/produktas\/woopie-smash-ball-arkadinis-batutas-su-2-kamuoliukais-pompa\/","name":"WOOPIE \u201eSmash Ball\u201c arkadinis batutas su 2 kamuoliukais, pompa","isPartOf":{"@id":"https:\/\/kidsplay.lt\/#website"},"primaryImageOfPage":{"@id":"https:\/\/kidsplay.lt\/produktas\/woopie-smash-ball-arkadinis-batutas-su-2-kamuoliukais-pompa\/#primaryimage"},"image":{"@id":"https:\/\/kidsplay.lt\/produktas\/woopie-smash-ball-arkadinis-batutas-su-2-kamuoliukais-pompa\/#primaryimage"},"thumbnailUrl":"https:\/\/kidsplay.lt\/wp-content\/uploads\/2025\/09\/WOOPIE-\u201eSmash-Ball-arkadinis-batutas-su-2-kamuoliukais-pompa.jpg","datePublished":"2026-02-26T07:34:10+00:00","dateModified":"2026-03-23T07:00:22+00:00","description":"WOOPIE \u201eSmash Ball\u201c arkadinis batutas su 2 kamuoliukais, pompa - KidsPlay. Did\u017eiausias vaik\u0173 \u017eaisl\u0173 pasirinkimas.","breadcrumb":{"@id":"https:\/\/kidsplay.lt\/produktas\/woopie-smash-ball-arkadinis-batutas-su-2-kamuoliukais-pompa\/#breadcrumb"},"inLanguage":"lv-LV","potentialAction":[{"@type":"ReadAction","target":["https:\/\/kidsplay.lt\/produktas\/woopie-smash-ball-arkadinis-batutas-su-2-kamuoliukais-pompa\/"]}]},{"@type":"ImageObject","inLanguage":"lv-LV","@id":"https:\/\/kidsplay.lt\/produktas\/woopie-smash-ball-arkadinis-batutas-su-2-kamuoliukais-pompa\/#primaryimage","url":"https:\/\/kidsplay.lt\/wp-content\/uploads\/2025\/09\/WOOPIE-\u201eSmash-Ball-arkadinis-batutas-su-2-kamuoliukais-pompa.jpg","contentUrl":"https:\/\/kidsplay.lt\/wp-content\/uploads\/2025\/09\/WOOPIE-\u201eSmash-Ball-arkadinis-batutas-su-2-kamuoliukais-pompa.jpg","width":1000,"height":1000,"caption":"WOOPIE \u201eSmash Ball\u201c arkadinis batutas su 2 kamuoliukais"},{"@type":"BreadcrumbList","@id":"https:\/\/kidsplay.lt\/produktas\/woopie-smash-ball-arkadinis-batutas-su-2-kamuoliukais-pompa\/#breadcrumb","itemListElement":[{"@type":"ListItem","position":1,"name":"Pagrindinis","item":"https:\/\/kidsplay.lt\/"},{"@type":"ListItem","position":2,"name":"Parduotuv\u0117","item":"https:\/\/kidsplay.lt\/parduotuve\/"},{"@type":"ListItem","position":3,"name":"WOOPIE \u201eSmash Ball\u201c arkadinis batutas su 2 kamuoliukais, pompa"}]},{"@type":"WebSite","@id":"https:\/\/kidsplay.lt\/#website","url":"https:\/\/kidsplay.lt\/","name":"B\u0113rnu sp\u0113les.lv","description":"\u012evairios prek\u0117s vaikams","publisher":{"@id":"https:\/\/kidsplay.lt\/#organization"},"alternateName":"Kidsplay","potentialAction":[{"@type":"SearchAction","target":{"@type":"EntryPoint","urlTemplate":"https:\/\/kidsplay.lt\/?s={search_term_string}"},"query-input":{"@type":"PropertyValueSpecification","valueRequired":true,"valueName":"search_term_string"}}],"inLanguage":"lv-LV"},{"@type":"Organization","@id":"https:\/\/kidsplay.lt\/#organization","name":"B\u0113rnu sp\u0113le","url":"https:\/\/kidsplay.lt\/","logo":{"@type":"ImageObject","inLanguage":"lv-LV","@id":"https:\/\/kidsplay.lt\/#\/schema\/logo\/image\/","url":"https:\/\/kidsplay.lt\/wp-content\/uploads\/2023\/07\/kidsplay-logo.png","contentUrl":"https:\/\/kidsplay.lt\/wp-content\/uploads\/2023\/07\/kidsplay-logo.png","width":451,"height":98,"caption":"KidsPlay"},"image":{"@id":"https:\/\/kidsplay.lt\/#\/schema\/logo\/image\/"},"sameAs":["https:\/\/www.facebook.com\/www.kidsplay.lt"]}]}},"_links":{"self":[{"href":"https:\/\/kidsplay.lt\/lv\/wp-json\/wp\/v2\/product\/89957","targetHints":{"allow":["GET"]}}],"collection":[{"href":"https:\/\/kidsplay.lt\/lv\/wp-json\/wp\/v2\/product"}],"about":[{"href":"https:\/\/kidsplay.lt\/lv\/wp-json\/wp\/v2\/types\/product"}],"version-history":[{"count":1,"href":"https:\/\/kidsplay.lt\/lv\/wp-json\/wp\/v2\/product\/89957\/revisions"}],"predecessor-version":[{"id":89958,"href":"https:\/\/kidsplay.lt\/lv\/wp-json\/wp\/v2\/product\/89957\/revisions\/89958"}],"wp:featuredmedia":[{"embeddable":true,"href":"https:\/\/kidsplay.lt\/lv\/wp-json\/wp\/v2\/media\/66377"}],"wp:attachment":[{"href":"https:\/\/kidsplay.lt\/lv\/wp-json\/wp\/v2\/media?parent=89957"}],"wp:term":[{"taxonomy":"product_brand","embeddable":true,"href":"https:\/\/kidsplay.lt\/lv\/wp-json\/wp\/v2\/product_brand?post=89957"},{"taxonomy":"product_cat","embeddable":true,"href":"https:\/\/kidsplay.lt\/lv\/wp-json\/wp\/v2\/product_cat?post=89957"},{"taxonomy":"product_tag","embeddable":true,"href":"https:\/\/kidsplay.lt\/lv\/wp-json\/wp\/v2\/product_tag?post=89957"}],"curies":[{"name":"wp","href":"https:\/\/api.w.org\/{rel}","templated":true}]}}