{"id":89963,"date":"2026-02-26T09:34:19","date_gmt":"2026-02-26T07:34:19","guid":{"rendered":"https:\/\/kidsplay.lt\/produktas\/woopie-zvejybos-zaidimu-automatu-interaktyvus-stalas-rozinis\/"},"modified":"2026-04-13T15:11:12","modified_gmt":"2026-04-13T12:11:12","slug":"woopie-zvejybos-zaidimu-automatu-interaktyvus-stalas-rozinis","status":"publish","type":"product","link":"https:\/\/kidsplay.lt\/lv\/products\/woopie-zvejybos-zaidimu-automatu-interaktyvus-stalas-rozinis\/","title":{"rendered":"WOOPIE \u017evejybos \u017eaidim\u0173 automat\u0173 interaktyvus stalas ro\u017einis"},"content":{"rendered":"<p>\u017dvejybos \u017eaidim\u0173 automatas\u00a0\u00a0\u201eWOOPIE\u201c prek\u0117s \u017eenklo \u2013 puiki id\u0117ja pramogoms su \u0161eima!<\/p>\n<p>\u0160is unikalus stalas\u00a0\u2013 tai vartai \u012f nesibaigian\u010dias pramogas\u00a0visai \u0161eimai ir draugams.\u00a0Pagamintas i\u0161 tvirtos med\u017eiagos, jis yra ne tik\u00a0patvarus\u00a0, bet ir\u00a0esteti\u0161kai patrauklus\u00a0. Spalvingas dizainas traukia d\u0117mes\u012f ir skatina \u017eaisti kartu. Krep\u0161eliai stalo \u0161onuose yra ne tik prakti\u0161ki, bet ir var\u017eyb\u0173 elementas. Surinkite kuo daugiau \u017euv\u0173,\u00a0sumeskite jas \u012f krep\u0161ius ir pasiruo\u0161kite suskai\u010diuoti ta\u0161kus \u017eaidimo pabaigoje\u00a0. Stalo \u0161onuose taip pat pavaizduoti \u017eavingi gyv\u016bnai, kurie malon\u016bs akiai. Kad gaudyti b\u016bt\u0173 sunkiau,\u00a0lenta su \u017euvimis juda.\u00a0Kad \u017eaidimas b\u016bt\u0173 smagesnis, stalas groja muzik\u0105 ir skleid\u017eia garso efektus!<\/p>\n<p>Rakstur\u012bgs:<\/p>\n<p> \t&#8211; \u017daislas nuo\u00a03 met\u0173 am\u017eiaus<br \/>\n \t&#8211; Puikiai tinka\u00a03 \u017eaid\u0117jams ar ma\u017eiau<br \/>\n \t&#8211; Gra\u017eios spalvos, puiki kokyb\u0117<br \/>\n \t&#8211; \u017daislas moko\u00a0sveikos\u00a0konkurencijos<br \/>\n \t&#8211; Puikiai tinka\u00a0lavinti aki\u0173 ir rank\u0173 koordinacij\u0105<br \/>\n \t&#8211;\u00a0Lengva surinkti<\/p>\n<p>Komplekt\u0101 ietilpst:<\/p>\n<p> \t&#8211; 3 gyv\u016bn\u0173 fig\u016br\u0117l\u0117s<br \/>\n \t&#8211; 1 \u017eaidim\u0173 stalas<br \/>\n \t&#8211; 4 stalo kojos<br \/>\n \t&#8211; Lipdukai<br \/>\n \t&#8211; 3 me\u0161ker\u0117s<br \/>\n \t&#8211; 3 \u017euv\u0173 krep\u0161iai<br \/>\n \t&#8211; 3 palm\u0117s<br \/>\n \t&#8211; 21 ma\u017ea \u017euvis, kuri\u0105 reikia sugauti<\/p>","protected":false},"excerpt":{"rendered":"<p>\u017dvejybos \u017eaidim\u0173 automatas\u00a0\u00a0\u201eWOOPIE\u201c prek\u0117s \u017eenklo \u2013 puiki id\u0117ja pramogoms su \u0161eima! \u0160is unikalus stalas\u00a0\u2013 tai vartai \u012f nesibaigian\u010dias pramogas\u00a0visai \u0161eimai<\/p>","protected":false},"featured_media":67448,"template":"","meta":{"_acf_changed":false,"_glsr_average":0,"_glsr_ranking":0,"_glsr_reviews":0},"product_brand":[],"product_cat":[388,229],"product_tag":[],"class_list":{"0":"post-89963","1":"product","2":"type-product","3":"status-publish","4":"has-post-thumbnail","6":"product_cat-edukaciniai-lavinamieji-zaislai","7":"product_cat-zaislai-vaikams","8":"\"style=\"background-color: #2ecc711c;\"","10":"first","11":"instock","12":"purchasable","13":"product-type-simple"},"acf":[],"yoast_head":"<!-- This site is optimized with the Yoast SEO plugin v27.4 - https:\/\/yoast.com\/product\/yoast-seo-wordpress\/ -->\n<title>WOOPIE \u017evejybos \u017eaidim\u0173 automat\u0173 interaktyvus stalas ro\u017einis<\/title>\n<meta name=\"description\" content=\"WOOPIE \u017evejybos \u017eaidim\u0173 automat\u0173 interaktyvus stalas ro\u017einis - KidsPlay. Did\u017eiausias vaik\u0173 \u017eaisl\u0173 pasirinkimas.\" \/>\n<meta name=\"robots\" content=\"index, follow, max-snippet:-1, max-image-preview:large, max-video-preview:-1\" \/>\n<link rel=\"canonical\" href=\"https:\/\/kidsplay.lt\/lv\/products\/woopie-zvejybos-zaidimu-automatu-interaktyvus-stalas-rozinis\/\" \/>\n<meta property=\"og:locale\" content=\"lv_LV\" \/>\n<meta property=\"og:type\" content=\"article\" \/>\n<meta property=\"og:title\" content=\"WOOPIE \u017evejybos \u017eaidim\u0173 automat\u0173 interaktyvus stalas ro\u017einis\" \/>\n<meta property=\"og:description\" content=\"WOOPIE \u017evejybos \u017eaidim\u0173 automat\u0173 interaktyvus stalas ro\u017einis - KidsPlay. Did\u017eiausias vaik\u0173 \u017eaisl\u0173 pasirinkimas.\" \/>\n<meta property=\"og:url\" content=\"https:\/\/kidsplay.lt\/lv\/products\/woopie-zvejybos-zaidimu-automatu-interaktyvus-stalas-rozinis\/\" \/>\n<meta property=\"og:site_name\" content=\"KidsPlay\" \/>\n<meta property=\"article:publisher\" content=\"https:\/\/www.facebook.com\/www.kidsplay.lt\" \/>\n<meta property=\"article:modified_time\" content=\"2026-04-13T12:11:12+00:00\" \/>\n<meta property=\"og:image\" content=\"https:\/\/kidsplay.lt\/wp-content\/uploads\/2025\/09\/WOOPIE-zvejybos-zaidimu-automatu-interaktyvus-stalas-rozinis.jpg\" \/>\n\t<meta property=\"og:image:width\" content=\"1000\" \/>\n\t<meta property=\"og:image:height\" content=\"1000\" \/>\n\t<meta property=\"og:image:type\" content=\"image\/jpeg\" \/>\n<meta name=\"twitter:card\" content=\"summary_large_image\" \/>\n<meta name=\"twitter:label1\" content=\"Est. reading time\" \/>\n\t<meta name=\"twitter:data1\" content=\"1 min\u016bte\" \/>\n<script type=\"application\/ld+json\" class=\"yoast-schema-graph\">{\"@context\":\"https:\\\/\\\/schema.org\",\"@graph\":[{\"@type\":\"WebPage\",\"@id\":\"https:\\\/\\\/kidsplay.lt\\\/produktas\\\/woopie-zvejybos-zaidimu-automatu-interaktyvus-stalas-rozinis\\\/\",\"url\":\"https:\\\/\\\/kidsplay.lt\\\/produktas\\\/woopie-zvejybos-zaidimu-automatu-interaktyvus-stalas-rozinis\\\/\",\"name\":\"WOOPIE \u017evejybos \u017eaidim\u0173 automat\u0173 interaktyvus stalas ro\u017einis\",\"isPartOf\":{\"@id\":\"https:\\\/\\\/kidsplay.lt\\\/#website\"},\"primaryImageOfPage\":{\"@id\":\"https:\\\/\\\/kidsplay.lt\\\/produktas\\\/woopie-zvejybos-zaidimu-automatu-interaktyvus-stalas-rozinis\\\/#primaryimage\"},\"image\":{\"@id\":\"https:\\\/\\\/kidsplay.lt\\\/produktas\\\/woopie-zvejybos-zaidimu-automatu-interaktyvus-stalas-rozinis\\\/#primaryimage\"},\"thumbnailUrl\":\"https:\\\/\\\/kidsplay.lt\\\/wp-content\\\/uploads\\\/2025\\\/09\\\/WOOPIE-zvejybos-zaidimu-automatu-interaktyvus-stalas-rozinis.jpg\",\"datePublished\":\"2026-02-26T07:34:19+00:00\",\"dateModified\":\"2026-04-13T12:11:12+00:00\",\"description\":\"WOOPIE \u017evejybos \u017eaidim\u0173 automat\u0173 interaktyvus stalas ro\u017einis - KidsPlay. Did\u017eiausias vaik\u0173 \u017eaisl\u0173 pasirinkimas.\",\"breadcrumb\":{\"@id\":\"https:\\\/\\\/kidsplay.lt\\\/produktas\\\/woopie-zvejybos-zaidimu-automatu-interaktyvus-stalas-rozinis\\\/#breadcrumb\"},\"inLanguage\":\"lv-LV\",\"potentialAction\":[{\"@type\":\"ReadAction\",\"target\":[\"https:\\\/\\\/kidsplay.lt\\\/produktas\\\/woopie-zvejybos-zaidimu-automatu-interaktyvus-stalas-rozinis\\\/\"]}]},{\"@type\":\"ImageObject\",\"inLanguage\":\"lv-LV\",\"@id\":\"https:\\\/\\\/kidsplay.lt\\\/produktas\\\/woopie-zvejybos-zaidimu-automatu-interaktyvus-stalas-rozinis\\\/#primaryimage\",\"url\":\"https:\\\/\\\/kidsplay.lt\\\/wp-content\\\/uploads\\\/2025\\\/09\\\/WOOPIE-zvejybos-zaidimu-automatu-interaktyvus-stalas-rozinis.jpg\",\"contentUrl\":\"https:\\\/\\\/kidsplay.lt\\\/wp-content\\\/uploads\\\/2025\\\/09\\\/WOOPIE-zvejybos-zaidimu-automatu-interaktyvus-stalas-rozinis.jpg\",\"width\":1000,\"height\":1000,\"caption\":\"WOOPIE \u017evejybos \u017eaidim\u0173 automat\u0173 interaktyvus stalas ro\u017einis\"},{\"@type\":\"BreadcrumbList\",\"@id\":\"https:\\\/\\\/kidsplay.lt\\\/produktas\\\/woopie-zvejybos-zaidimu-automatu-interaktyvus-stalas-rozinis\\\/#breadcrumb\",\"itemListElement\":[{\"@type\":\"ListItem\",\"position\":1,\"name\":\"Pagrindinis\",\"item\":\"https:\\\/\\\/kidsplay.lt\\\/\"},{\"@type\":\"ListItem\",\"position\":2,\"name\":\"Parduotuv\u0117\",\"item\":\"https:\\\/\\\/kidsplay.lt\\\/parduotuve\\\/\"},{\"@type\":\"ListItem\",\"position\":3,\"name\":\"WOOPIE \u017evejybos \u017eaidim\u0173 automat\u0173 interaktyvus stalas ro\u017einis\"}]},{\"@type\":\"WebSite\",\"@id\":\"https:\\\/\\\/kidsplay.lt\\\/#website\",\"url\":\"https:\\\/\\\/kidsplay.lt\\\/\",\"name\":\"Kidsplay.lt\",\"description\":\"\u012evairios prek\u0117s vaikams\",\"publisher\":{\"@id\":\"https:\\\/\\\/kidsplay.lt\\\/#organization\"},\"alternateName\":\"Kidsplay\",\"potentialAction\":[{\"@type\":\"SearchAction\",\"target\":{\"@type\":\"EntryPoint\",\"urlTemplate\":\"https:\\\/\\\/kidsplay.lt\\\/?s={search_term_string}\"},\"query-input\":{\"@type\":\"PropertyValueSpecification\",\"valueRequired\":true,\"valueName\":\"search_term_string\"}}],\"inLanguage\":\"lv-LV\"},{\"@type\":\"Organization\",\"@id\":\"https:\\\/\\\/kidsplay.lt\\\/#organization\",\"name\":\"KidsPlay\",\"url\":\"https:\\\/\\\/kidsplay.lt\\\/\",\"logo\":{\"@type\":\"ImageObject\",\"inLanguage\":\"lv-LV\",\"@id\":\"https:\\\/\\\/kidsplay.lt\\\/#\\\/schema\\\/logo\\\/image\\\/\",\"url\":\"https:\\\/\\\/kidsplay.lt\\\/wp-content\\\/uploads\\\/2023\\\/07\\\/kidsplay-logo.png\",\"contentUrl\":\"https:\\\/\\\/kidsplay.lt\\\/wp-content\\\/uploads\\\/2023\\\/07\\\/kidsplay-logo.png\",\"width\":451,\"height\":98,\"caption\":\"KidsPlay\"},\"image\":{\"@id\":\"https:\\\/\\\/kidsplay.lt\\\/#\\\/schema\\\/logo\\\/image\\\/\"},\"sameAs\":[\"https:\\\/\\\/www.facebook.com\\\/www.kidsplay.lt\"]}]}<\/script>\n<!-- \/ Yoast SEO plugin. -->","yoast_head_json":{"title":"WOOPIE \u017evejybos \u017eaidim\u0173 automat\u0173 interaktyvus stalas ro\u017einis","description":"WOOPIE \u017evejybos \u017eaidim\u0173 automat\u0173 interaktyvus stalas ro\u017einis - KidsPlay. Did\u017eiausias vaik\u0173 \u017eaisl\u0173 pasirinkimas.","robots":{"index":"index","follow":"follow","max-snippet":"max-snippet:-1","max-image-preview":"max-image-preview:large","max-video-preview":"max-video-preview:-1"},"canonical":"https:\/\/kidsplay.lt\/lv\/products\/woopie-zvejybos-zaidimu-automatu-interaktyvus-stalas-rozinis\/","og_locale":"lv_LV","og_type":"article","og_title":"WOOPIE \u017evejybos \u017eaidim\u0173 automat\u0173 interaktyvus stalas ro\u017einis","og_description":"WOOPIE \u017evejybos \u017eaidim\u0173 automat\u0173 interaktyvus stalas ro\u017einis - KidsPlay. Did\u017eiausias vaik\u0173 \u017eaisl\u0173 pasirinkimas.","og_url":"https:\/\/kidsplay.lt\/lv\/products\/woopie-zvejybos-zaidimu-automatu-interaktyvus-stalas-rozinis\/","og_site_name":"KidsPlay","article_publisher":"https:\/\/www.facebook.com\/www.kidsplay.lt","article_modified_time":"2026-04-13T12:11:12+00:00","og_image":[{"width":1000,"height":1000,"url":"https:\/\/kidsplay.lt\/wp-content\/uploads\/2025\/09\/WOOPIE-zvejybos-zaidimu-automatu-interaktyvus-stalas-rozinis.jpg","type":"image\/jpeg"}],"twitter_card":"summary_large_image","twitter_misc":{"Est. reading time":"1 min\u016bte"},"schema":{"@context":"https:\/\/schema.org","@graph":[{"@type":"WebPage","@id":"https:\/\/kidsplay.lt\/produktas\/woopie-zvejybos-zaidimu-automatu-interaktyvus-stalas-rozinis\/","url":"https:\/\/kidsplay.lt\/produktas\/woopie-zvejybos-zaidimu-automatu-interaktyvus-stalas-rozinis\/","name":"WOOPIE \u017evejybos \u017eaidim\u0173 automat\u0173 interaktyvus stalas ro\u017einis","isPartOf":{"@id":"https:\/\/kidsplay.lt\/#website"},"primaryImageOfPage":{"@id":"https:\/\/kidsplay.lt\/produktas\/woopie-zvejybos-zaidimu-automatu-interaktyvus-stalas-rozinis\/#primaryimage"},"image":{"@id":"https:\/\/kidsplay.lt\/produktas\/woopie-zvejybos-zaidimu-automatu-interaktyvus-stalas-rozinis\/#primaryimage"},"thumbnailUrl":"https:\/\/kidsplay.lt\/wp-content\/uploads\/2025\/09\/WOOPIE-zvejybos-zaidimu-automatu-interaktyvus-stalas-rozinis.jpg","datePublished":"2026-02-26T07:34:19+00:00","dateModified":"2026-04-13T12:11:12+00:00","description":"WOOPIE \u017evejybos \u017eaidim\u0173 automat\u0173 interaktyvus stalas ro\u017einis - KidsPlay. Did\u017eiausias vaik\u0173 \u017eaisl\u0173 pasirinkimas.","breadcrumb":{"@id":"https:\/\/kidsplay.lt\/produktas\/woopie-zvejybos-zaidimu-automatu-interaktyvus-stalas-rozinis\/#breadcrumb"},"inLanguage":"lv-LV","potentialAction":[{"@type":"ReadAction","target":["https:\/\/kidsplay.lt\/produktas\/woopie-zvejybos-zaidimu-automatu-interaktyvus-stalas-rozinis\/"]}]},{"@type":"ImageObject","inLanguage":"lv-LV","@id":"https:\/\/kidsplay.lt\/produktas\/woopie-zvejybos-zaidimu-automatu-interaktyvus-stalas-rozinis\/#primaryimage","url":"https:\/\/kidsplay.lt\/wp-content\/uploads\/2025\/09\/WOOPIE-zvejybos-zaidimu-automatu-interaktyvus-stalas-rozinis.jpg","contentUrl":"https:\/\/kidsplay.lt\/wp-content\/uploads\/2025\/09\/WOOPIE-zvejybos-zaidimu-automatu-interaktyvus-stalas-rozinis.jpg","width":1000,"height":1000,"caption":"WOOPIE \u017evejybos \u017eaidim\u0173 automat\u0173 interaktyvus stalas ro\u017einis"},{"@type":"BreadcrumbList","@id":"https:\/\/kidsplay.lt\/produktas\/woopie-zvejybos-zaidimu-automatu-interaktyvus-stalas-rozinis\/#breadcrumb","itemListElement":[{"@type":"ListItem","position":1,"name":"Pagrindinis","item":"https:\/\/kidsplay.lt\/"},{"@type":"ListItem","position":2,"name":"Parduotuv\u0117","item":"https:\/\/kidsplay.lt\/parduotuve\/"},{"@type":"ListItem","position":3,"name":"WOOPIE \u017evejybos \u017eaidim\u0173 automat\u0173 interaktyvus stalas ro\u017einis"}]},{"@type":"WebSite","@id":"https:\/\/kidsplay.lt\/#website","url":"https:\/\/kidsplay.lt\/","name":"B\u0113rnu sp\u0113les.lv","description":"\u012evairios prek\u0117s vaikams","publisher":{"@id":"https:\/\/kidsplay.lt\/#organization"},"alternateName":"Kidsplay","potentialAction":[{"@type":"SearchAction","target":{"@type":"EntryPoint","urlTemplate":"https:\/\/kidsplay.lt\/?s={search_term_string}"},"query-input":{"@type":"PropertyValueSpecification","valueRequired":true,"valueName":"search_term_string"}}],"inLanguage":"lv-LV"},{"@type":"Organization","@id":"https:\/\/kidsplay.lt\/#organization","name":"B\u0113rnu sp\u0113le","url":"https:\/\/kidsplay.lt\/","logo":{"@type":"ImageObject","inLanguage":"lv-LV","@id":"https:\/\/kidsplay.lt\/#\/schema\/logo\/image\/","url":"https:\/\/kidsplay.lt\/wp-content\/uploads\/2023\/07\/kidsplay-logo.png","contentUrl":"https:\/\/kidsplay.lt\/wp-content\/uploads\/2023\/07\/kidsplay-logo.png","width":451,"height":98,"caption":"KidsPlay"},"image":{"@id":"https:\/\/kidsplay.lt\/#\/schema\/logo\/image\/"},"sameAs":["https:\/\/www.facebook.com\/www.kidsplay.lt"]}]}},"_links":{"self":[{"href":"https:\/\/kidsplay.lt\/lv\/wp-json\/wp\/v2\/product\/89963","targetHints":{"allow":["GET"]}}],"collection":[{"href":"https:\/\/kidsplay.lt\/lv\/wp-json\/wp\/v2\/product"}],"about":[{"href":"https:\/\/kidsplay.lt\/lv\/wp-json\/wp\/v2\/types\/product"}],"version-history":[{"count":1,"href":"https:\/\/kidsplay.lt\/lv\/wp-json\/wp\/v2\/product\/89963\/revisions"}],"predecessor-version":[{"id":89964,"href":"https:\/\/kidsplay.lt\/lv\/wp-json\/wp\/v2\/product\/89963\/revisions\/89964"}],"wp:featuredmedia":[{"embeddable":true,"href":"https:\/\/kidsplay.lt\/lv\/wp-json\/wp\/v2\/media\/67448"}],"wp:attachment":[{"href":"https:\/\/kidsplay.lt\/lv\/wp-json\/wp\/v2\/media?parent=89963"}],"wp:term":[{"taxonomy":"product_brand","embeddable":true,"href":"https:\/\/kidsplay.lt\/lv\/wp-json\/wp\/v2\/product_brand?post=89963"},{"taxonomy":"product_cat","embeddable":true,"href":"https:\/\/kidsplay.lt\/lv\/wp-json\/wp\/v2\/product_cat?post=89963"},{"taxonomy":"product_tag","embeddable":true,"href":"https:\/\/kidsplay.lt\/lv\/wp-json\/wp\/v2\/product_tag?post=89963"}],"curies":[{"name":"wp","href":"https:\/\/api.w.org\/{rel}","templated":true}]}}