{"id":89967,"date":"2026-02-26T09:34:25","date_gmt":"2026-02-26T07:34:25","guid":{"rendered":"https:\/\/kidsplay.lt\/produktas\/woopie-greituju-pirstu-arkadinis-zaidimas-3\/"},"modified":"2026-04-07T10:49:13","modified_gmt":"2026-04-07T07:49:13","slug":"woopie-greituju-pirstu-arkadinis-zaidimas-3","status":"publish","type":"product","link":"https:\/\/kidsplay.lt\/lv\/products\/woopie-greituju-pirstu-arkadinis-zaidimas-3\/","title":{"rendered":"WOOPIE Greit\u0173j\u0173 pir\u0161t\u0173 arkadinis \u017eaidimas 3+"},"content":{"rendered":"<p>\u201eWOOPIE\u201c\u00a0\u017eaidimas\u00a0\u201eQuick Fingers\u201c\u00a0\u00a0 \u012ftraukia abiej\u0173 rank\u0173 pir\u0161tus ir puikiai treniruoja delnakaulio raumenis, kurie\u00a0yra b\u016btini visapusi\u0161kam rank\u0173 miklumui lavinti.<br \/>\nPagrindas su apvaliomis skylut\u0117mis leid\u017eia d\u0117\u017eut\u0117s viduje esan\u010dius spalvotus kamuoliukus judinti tik pir\u0161tais. Kiekvienos kortel\u0117s kitoje pus\u0117je taip pat yra universalus nespalvotas \u0161ablonas, kad vaikai gal\u0117t\u0173 spalvinti ir kurti savo mozaik\u0105.<br \/>\nVaikai analizuoja, planuoja ir pritaiko spalvas. Tai puikus rinkinys lavinti regim\u0105j\u012f suvokim\u0105, erdvin\u012f suvokim\u0105 ir vaizduot\u0119.<\/p>\n<p>Rakstur\u012bgs:<\/p>\n<p> \t&#8211; \u017daislas skirtas nuo 3 met\u0173 am\u017eiaus<br \/>\n \t&#8211; Puikiai tinka \u017eaisti vienam ir 3 asmenims<br \/>\n \t&#8211; Gera darb\u0173 kokyb\u0117<br \/>\n \t&#8211; Rinkin\u012f sudaro 3 \u017eaidimo lentos ir 30 korteli\u0173 su spalv\u0173 nustatymais<\/p>\n<p>\u017daidimo taisykl\u0117s:<\/p>\n<p>1. Kiekvienas \u017eaid\u0117jas pakrato ridenim\u0105, kad i\u0161sklaidyt\u0173 spalvotus kamuoliukus.<\/p>\n<p>2. Atsitiktinai pasirinkite kortel\u0119 ir atsiminkite ant jos esant\u012f ra\u0161t\u0105<\/p>\n<p>3. Pir\u0161tu sekite kortel\u0117je pateikt\u0105 ra\u0161t\u0105, kad judintum\u0117te riedant\u012f<\/p>\n<p>4. Kai nukopijuosite t\u0105 pat\u012f ra\u0161t\u0105, kaip ir kortel\u0117je, pasiimkite j\u0105 atgal \u2013 \u017eaidim\u0105 laimi tas, kuris surenka daugiausiai korteli\u0173.<\/p>","protected":false},"excerpt":{"rendered":"<p>\u201eWOOPIE\u201c\u00a0\u017eaidimas\u00a0\u201eQuick Fingers\u201c\u00a0\u00a0 \u012ftraukia abiej\u0173 rank\u0173 pir\u0161tus ir puikiai treniruoja delnakaulio raumenis, kurie\u00a0yra b\u016btini visapusi\u0161kam rank\u0173 miklumui lavinti. Pagrindas su apvaliomis<\/p>","protected":false},"featured_media":67455,"template":"","meta":{"_acf_changed":false,"_glsr_average":0,"_glsr_ranking":0,"_glsr_reviews":0},"product_brand":[],"product_cat":[445,229],"product_tag":[],"class_list":{"0":"post-89967","1":"product","2":"type-product","3":"status-publish","4":"has-post-thumbnail","6":"product_cat-stalo-zaidimai","7":"product_cat-zaislai-vaikams","8":"\"style=\"background-color: #2ecc711c;\"","10":"first","11":"instock","12":"purchasable","13":"product-type-simple"},"acf":[],"yoast_head":"<!-- This site is optimized with the Yoast SEO plugin v27.3 - https:\/\/yoast.com\/product\/yoast-seo-wordpress\/ -->\n<title>WOOPIE Greit\u0173j\u0173 pir\u0161t\u0173 arkadinis \u017eaidimas 3+<\/title>\n<meta name=\"description\" content=\"WOOPIE Greit\u0173j\u0173 pir\u0161t\u0173 arkadinis \u017eaidimas 3+ - KidsPlay. Did\u017eiausias vaik\u0173 \u017eaisl\u0173 pasirinkimas.\" \/>\n<meta name=\"robots\" content=\"index, follow, max-snippet:-1, max-image-preview:large, max-video-preview:-1\" \/>\n<link rel=\"canonical\" href=\"https:\/\/kidsplay.lt\/lv\/products\/woopie-greituju-pirstu-arkadinis-zaidimas-3\/\" \/>\n<meta property=\"og:locale\" content=\"lv_LV\" \/>\n<meta property=\"og:type\" content=\"article\" \/>\n<meta property=\"og:title\" content=\"WOOPIE Greit\u0173j\u0173 pir\u0161t\u0173 arkadinis \u017eaidimas 3+\" \/>\n<meta property=\"og:description\" content=\"WOOPIE Greit\u0173j\u0173 pir\u0161t\u0173 arkadinis \u017eaidimas 3+ - KidsPlay. Did\u017eiausias vaik\u0173 \u017eaisl\u0173 pasirinkimas.\" \/>\n<meta property=\"og:url\" content=\"https:\/\/kidsplay.lt\/lv\/products\/woopie-greituju-pirstu-arkadinis-zaidimas-3\/\" \/>\n<meta property=\"og:site_name\" content=\"KidsPlay\" \/>\n<meta property=\"article:publisher\" content=\"https:\/\/www.facebook.com\/www.kidsplay.lt\" \/>\n<meta property=\"article:modified_time\" content=\"2026-04-07T07:49:13+00:00\" \/>\n<meta property=\"og:image\" content=\"https:\/\/kidsplay.lt\/wp-content\/uploads\/2025\/09\/WOOPIE-Greituju-pirstu-arkadinis-zaidimas-3.jpg\" \/>\n\t<meta property=\"og:image:width\" content=\"1000\" \/>\n\t<meta property=\"og:image:height\" content=\"1000\" \/>\n\t<meta property=\"og:image:type\" content=\"image\/jpeg\" \/>\n<meta name=\"twitter:card\" content=\"summary_large_image\" \/>\n<meta name=\"twitter:label1\" content=\"Est. reading time\" \/>\n\t<meta name=\"twitter:data1\" content=\"1 min\u016bte\" \/>\n<script type=\"application\/ld+json\" class=\"yoast-schema-graph\">{\"@context\":\"https:\\\/\\\/schema.org\",\"@graph\":[{\"@type\":\"WebPage\",\"@id\":\"https:\\\/\\\/kidsplay.lt\\\/produktas\\\/woopie-greituju-pirstu-arkadinis-zaidimas-3\\\/\",\"url\":\"https:\\\/\\\/kidsplay.lt\\\/produktas\\\/woopie-greituju-pirstu-arkadinis-zaidimas-3\\\/\",\"name\":\"WOOPIE Greit\u0173j\u0173 pir\u0161t\u0173 arkadinis \u017eaidimas 3+\",\"isPartOf\":{\"@id\":\"https:\\\/\\\/kidsplay.lt\\\/#website\"},\"primaryImageOfPage\":{\"@id\":\"https:\\\/\\\/kidsplay.lt\\\/produktas\\\/woopie-greituju-pirstu-arkadinis-zaidimas-3\\\/#primaryimage\"},\"image\":{\"@id\":\"https:\\\/\\\/kidsplay.lt\\\/produktas\\\/woopie-greituju-pirstu-arkadinis-zaidimas-3\\\/#primaryimage\"},\"thumbnailUrl\":\"https:\\\/\\\/kidsplay.lt\\\/wp-content\\\/uploads\\\/2025\\\/09\\\/WOOPIE-Greituju-pirstu-arkadinis-zaidimas-3.jpg\",\"datePublished\":\"2026-02-26T07:34:25+00:00\",\"dateModified\":\"2026-04-07T07:49:13+00:00\",\"description\":\"WOOPIE Greit\u0173j\u0173 pir\u0161t\u0173 arkadinis \u017eaidimas 3+ - KidsPlay. Did\u017eiausias vaik\u0173 \u017eaisl\u0173 pasirinkimas.\",\"breadcrumb\":{\"@id\":\"https:\\\/\\\/kidsplay.lt\\\/produktas\\\/woopie-greituju-pirstu-arkadinis-zaidimas-3\\\/#breadcrumb\"},\"inLanguage\":\"lv-LV\",\"potentialAction\":[{\"@type\":\"ReadAction\",\"target\":[\"https:\\\/\\\/kidsplay.lt\\\/produktas\\\/woopie-greituju-pirstu-arkadinis-zaidimas-3\\\/\"]}]},{\"@type\":\"ImageObject\",\"inLanguage\":\"lv-LV\",\"@id\":\"https:\\\/\\\/kidsplay.lt\\\/produktas\\\/woopie-greituju-pirstu-arkadinis-zaidimas-3\\\/#primaryimage\",\"url\":\"https:\\\/\\\/kidsplay.lt\\\/wp-content\\\/uploads\\\/2025\\\/09\\\/WOOPIE-Greituju-pirstu-arkadinis-zaidimas-3.jpg\",\"contentUrl\":\"https:\\\/\\\/kidsplay.lt\\\/wp-content\\\/uploads\\\/2025\\\/09\\\/WOOPIE-Greituju-pirstu-arkadinis-zaidimas-3.jpg\",\"width\":1000,\"height\":1000,\"caption\":\"WOOPIE Greit\u0173j\u0173 pir\u0161t\u0173 arkadinis \u017eaidimas 3+\"},{\"@type\":\"BreadcrumbList\",\"@id\":\"https:\\\/\\\/kidsplay.lt\\\/produktas\\\/woopie-greituju-pirstu-arkadinis-zaidimas-3\\\/#breadcrumb\",\"itemListElement\":[{\"@type\":\"ListItem\",\"position\":1,\"name\":\"Pagrindinis\",\"item\":\"https:\\\/\\\/kidsplay.lt\\\/\"},{\"@type\":\"ListItem\",\"position\":2,\"name\":\"Parduotuv\u0117\",\"item\":\"https:\\\/\\\/kidsplay.lt\\\/parduotuve\\\/\"},{\"@type\":\"ListItem\",\"position\":3,\"name\":\"WOOPIE Greit\u0173j\u0173 pir\u0161t\u0173 arkadinis \u017eaidimas 3+\"}]},{\"@type\":\"WebSite\",\"@id\":\"https:\\\/\\\/kidsplay.lt\\\/#website\",\"url\":\"https:\\\/\\\/kidsplay.lt\\\/\",\"name\":\"Kidsplay.lt\",\"description\":\"\u012evairios prek\u0117s vaikams\",\"publisher\":{\"@id\":\"https:\\\/\\\/kidsplay.lt\\\/#organization\"},\"alternateName\":\"Kidsplay\",\"potentialAction\":[{\"@type\":\"SearchAction\",\"target\":{\"@type\":\"EntryPoint\",\"urlTemplate\":\"https:\\\/\\\/kidsplay.lt\\\/?s={search_term_string}\"},\"query-input\":{\"@type\":\"PropertyValueSpecification\",\"valueRequired\":true,\"valueName\":\"search_term_string\"}}],\"inLanguage\":\"lv-LV\"},{\"@type\":\"Organization\",\"@id\":\"https:\\\/\\\/kidsplay.lt\\\/#organization\",\"name\":\"KidsPlay\",\"url\":\"https:\\\/\\\/kidsplay.lt\\\/\",\"logo\":{\"@type\":\"ImageObject\",\"inLanguage\":\"lv-LV\",\"@id\":\"https:\\\/\\\/kidsplay.lt\\\/#\\\/schema\\\/logo\\\/image\\\/\",\"url\":\"https:\\\/\\\/kidsplay.lt\\\/wp-content\\\/uploads\\\/2023\\\/07\\\/kidsplay-logo.png\",\"contentUrl\":\"https:\\\/\\\/kidsplay.lt\\\/wp-content\\\/uploads\\\/2023\\\/07\\\/kidsplay-logo.png\",\"width\":451,\"height\":98,\"caption\":\"KidsPlay\"},\"image\":{\"@id\":\"https:\\\/\\\/kidsplay.lt\\\/#\\\/schema\\\/logo\\\/image\\\/\"},\"sameAs\":[\"https:\\\/\\\/www.facebook.com\\\/www.kidsplay.lt\"]}]}<\/script>\n<!-- \/ Yoast SEO plugin. -->","yoast_head_json":{"title":"WOOPIE Greit\u0173j\u0173 pir\u0161t\u0173 arkadinis \u017eaidimas 3+","description":"WOOPIE Greit\u0173j\u0173 pir\u0161t\u0173 arkadinis \u017eaidimas 3+ - KidsPlay. Did\u017eiausias vaik\u0173 \u017eaisl\u0173 pasirinkimas.","robots":{"index":"index","follow":"follow","max-snippet":"max-snippet:-1","max-image-preview":"max-image-preview:large","max-video-preview":"max-video-preview:-1"},"canonical":"https:\/\/kidsplay.lt\/lv\/products\/woopie-greituju-pirstu-arkadinis-zaidimas-3\/","og_locale":"lv_LV","og_type":"article","og_title":"WOOPIE Greit\u0173j\u0173 pir\u0161t\u0173 arkadinis \u017eaidimas 3+","og_description":"WOOPIE Greit\u0173j\u0173 pir\u0161t\u0173 arkadinis \u017eaidimas 3+ - KidsPlay. Did\u017eiausias vaik\u0173 \u017eaisl\u0173 pasirinkimas.","og_url":"https:\/\/kidsplay.lt\/lv\/products\/woopie-greituju-pirstu-arkadinis-zaidimas-3\/","og_site_name":"KidsPlay","article_publisher":"https:\/\/www.facebook.com\/www.kidsplay.lt","article_modified_time":"2026-04-07T07:49:13+00:00","og_image":[{"width":1000,"height":1000,"url":"https:\/\/kidsplay.lt\/wp-content\/uploads\/2025\/09\/WOOPIE-Greituju-pirstu-arkadinis-zaidimas-3.jpg","type":"image\/jpeg"}],"twitter_card":"summary_large_image","twitter_misc":{"Est. reading time":"1 min\u016bte"},"schema":{"@context":"https:\/\/schema.org","@graph":[{"@type":"WebPage","@id":"https:\/\/kidsplay.lt\/produktas\/woopie-greituju-pirstu-arkadinis-zaidimas-3\/","url":"https:\/\/kidsplay.lt\/produktas\/woopie-greituju-pirstu-arkadinis-zaidimas-3\/","name":"WOOPIE Greit\u0173j\u0173 pir\u0161t\u0173 arkadinis \u017eaidimas 3+","isPartOf":{"@id":"https:\/\/kidsplay.lt\/#website"},"primaryImageOfPage":{"@id":"https:\/\/kidsplay.lt\/produktas\/woopie-greituju-pirstu-arkadinis-zaidimas-3\/#primaryimage"},"image":{"@id":"https:\/\/kidsplay.lt\/produktas\/woopie-greituju-pirstu-arkadinis-zaidimas-3\/#primaryimage"},"thumbnailUrl":"https:\/\/kidsplay.lt\/wp-content\/uploads\/2025\/09\/WOOPIE-Greituju-pirstu-arkadinis-zaidimas-3.jpg","datePublished":"2026-02-26T07:34:25+00:00","dateModified":"2026-04-07T07:49:13+00:00","description":"WOOPIE Greit\u0173j\u0173 pir\u0161t\u0173 arkadinis \u017eaidimas 3+ - KidsPlay. Did\u017eiausias vaik\u0173 \u017eaisl\u0173 pasirinkimas.","breadcrumb":{"@id":"https:\/\/kidsplay.lt\/produktas\/woopie-greituju-pirstu-arkadinis-zaidimas-3\/#breadcrumb"},"inLanguage":"lv-LV","potentialAction":[{"@type":"ReadAction","target":["https:\/\/kidsplay.lt\/produktas\/woopie-greituju-pirstu-arkadinis-zaidimas-3\/"]}]},{"@type":"ImageObject","inLanguage":"lv-LV","@id":"https:\/\/kidsplay.lt\/produktas\/woopie-greituju-pirstu-arkadinis-zaidimas-3\/#primaryimage","url":"https:\/\/kidsplay.lt\/wp-content\/uploads\/2025\/09\/WOOPIE-Greituju-pirstu-arkadinis-zaidimas-3.jpg","contentUrl":"https:\/\/kidsplay.lt\/wp-content\/uploads\/2025\/09\/WOOPIE-Greituju-pirstu-arkadinis-zaidimas-3.jpg","width":1000,"height":1000,"caption":"WOOPIE Greit\u0173j\u0173 pir\u0161t\u0173 arkadinis \u017eaidimas 3+"},{"@type":"BreadcrumbList","@id":"https:\/\/kidsplay.lt\/produktas\/woopie-greituju-pirstu-arkadinis-zaidimas-3\/#breadcrumb","itemListElement":[{"@type":"ListItem","position":1,"name":"Pagrindinis","item":"https:\/\/kidsplay.lt\/"},{"@type":"ListItem","position":2,"name":"Parduotuv\u0117","item":"https:\/\/kidsplay.lt\/parduotuve\/"},{"@type":"ListItem","position":3,"name":"WOOPIE Greit\u0173j\u0173 pir\u0161t\u0173 arkadinis \u017eaidimas 3+"}]},{"@type":"WebSite","@id":"https:\/\/kidsplay.lt\/#website","url":"https:\/\/kidsplay.lt\/","name":"B\u0113rnu sp\u0113les.lv","description":"\u012evairios prek\u0117s vaikams","publisher":{"@id":"https:\/\/kidsplay.lt\/#organization"},"alternateName":"Kidsplay","potentialAction":[{"@type":"SearchAction","target":{"@type":"EntryPoint","urlTemplate":"https:\/\/kidsplay.lt\/?s={search_term_string}"},"query-input":{"@type":"PropertyValueSpecification","valueRequired":true,"valueName":"search_term_string"}}],"inLanguage":"lv-LV"},{"@type":"Organization","@id":"https:\/\/kidsplay.lt\/#organization","name":"B\u0113rnu sp\u0113le","url":"https:\/\/kidsplay.lt\/","logo":{"@type":"ImageObject","inLanguage":"lv-LV","@id":"https:\/\/kidsplay.lt\/#\/schema\/logo\/image\/","url":"https:\/\/kidsplay.lt\/wp-content\/uploads\/2023\/07\/kidsplay-logo.png","contentUrl":"https:\/\/kidsplay.lt\/wp-content\/uploads\/2023\/07\/kidsplay-logo.png","width":451,"height":98,"caption":"KidsPlay"},"image":{"@id":"https:\/\/kidsplay.lt\/#\/schema\/logo\/image\/"},"sameAs":["https:\/\/www.facebook.com\/www.kidsplay.lt"]}]}},"_links":{"self":[{"href":"https:\/\/kidsplay.lt\/lv\/wp-json\/wp\/v2\/product\/89967","targetHints":{"allow":["GET"]}}],"collection":[{"href":"https:\/\/kidsplay.lt\/lv\/wp-json\/wp\/v2\/product"}],"about":[{"href":"https:\/\/kidsplay.lt\/lv\/wp-json\/wp\/v2\/types\/product"}],"version-history":[{"count":1,"href":"https:\/\/kidsplay.lt\/lv\/wp-json\/wp\/v2\/product\/89967\/revisions"}],"predecessor-version":[{"id":89968,"href":"https:\/\/kidsplay.lt\/lv\/wp-json\/wp\/v2\/product\/89967\/revisions\/89968"}],"wp:featuredmedia":[{"embeddable":true,"href":"https:\/\/kidsplay.lt\/lv\/wp-json\/wp\/v2\/media\/67455"}],"wp:attachment":[{"href":"https:\/\/kidsplay.lt\/lv\/wp-json\/wp\/v2\/media?parent=89967"}],"wp:term":[{"taxonomy":"product_brand","embeddable":true,"href":"https:\/\/kidsplay.lt\/lv\/wp-json\/wp\/v2\/product_brand?post=89967"},{"taxonomy":"product_cat","embeddable":true,"href":"https:\/\/kidsplay.lt\/lv\/wp-json\/wp\/v2\/product_cat?post=89967"},{"taxonomy":"product_tag","embeddable":true,"href":"https:\/\/kidsplay.lt\/lv\/wp-json\/wp\/v2\/product_tag?post=89967"}],"curies":[{"name":"wp","href":"https:\/\/api.w.org\/{rel}","templated":true}]}}