{"id":89969,"date":"2026-02-26T09:34:40","date_gmt":"2026-02-26T07:34:40","guid":{"rendered":"https:\/\/kidsplay.lt\/produktas\/laivu-musio-stalo-zaidimas\/"},"modified":"2026-03-15T08:34:14","modified_gmt":"2026-03-15T06:34:14","slug":"laivu-musio-stalo-zaidimas","status":"publish","type":"product","link":"https:\/\/kidsplay.lt\/lv\/products\/laivu-musio-stalo-zaidimas\/","title":{"rendered":"Laiv\u0173 m\u016b\u0161io stalo \u017eaidimas"},"content":{"rendered":"<p>The SEA BATTLE Ships\u00a0stalo \u017eaidimas\u00a0i\u0161\u00a0WOOPIE\u00a0prek\u0117s \u017eenklo yra \u017eavus ir priklausomyb\u0119 sukeliantis d\u0117lion\u0117, \u017einomas daugel\u012f met\u0173. \u0160i klasikin\u0117 pramoga ne tik suteikia linksmybi\u0173, bet ir lavina strateginius \u012fg\u016bd\u017eius.\u00a0Patogios, u\u017edaros plastikin\u0117s d\u0117\u017eut\u0117s u\u017eima ma\u017eai vietos, tod\u0117l jas lengva transportuoti ir laikyti.<br \/>\nCharakteristika:<\/p>\n<p> \t&#8211; \u017daislas\u00a0nuo 6 met\u0173<br \/>\n \t&#8211; \u017daidimas 2 asmenims<br \/>\n \t&#8211; Lavina\u00a0login\u012f m\u0105stym\u0105<br \/>\n \t&#8211; Lengva naudoti<\/p>\n<p>\u017daidimo taisykl\u0117s:<\/p>\n<p> \tPrad\u017eia\u00a0: \u017daid\u0117jai s\u0117di vienas prie\u0161ais kit\u0105 ir i\u0161skleid\u0117 savo d\u0117klas taip, kad prie\u0161ininkas nematyt\u0173 kito asmens laivo i\u0161d\u0117stymo.<br \/>\n \tLaiv\u0173 i\u0161d\u0117stymas:\u00a0\u017eaid\u0117jai deda savo laivus \u012f apatin\u0119 lentos dal\u012f \u2013 kurie nejuda iki \u017eaidimo pabaigos, pakaitomis deda savo laivus ant prie\u0161ininko lentos.<br \/>\n \t\u017daidimo eiga:\u00a0\u00a0Tipai pa\u017eym\u0117ti lentos vir\u0161uje. Jei mus nutrenks, savo laiv\u0105 galime pa\u017eym\u0117ti naudodami oran\u017ein\u012f smeigtuk\u0105<br \/>\n \t\u017daidimo tikslas\u00a0: Laimi tas, kuris pirmasis nuskandina visus prie\u0161ininko laivus<\/p>\n<p>Komplekt\u0101 ietilpst:<\/p>\n<p> \t&#8211; rakinama dvipus\u0117 \u017eaidim\u0173 palet\u0117<br \/>\n \t&#8211; 2 karini\u0173 objekt\u0173 komplektai (po 5 laivus)<br \/>\n \t&#8211; 2 laivynai (po vien\u0105 i\u0161 kiekvieno laivo tipo)<\/p>\n<p>\u00a0\u00a0\u00a0\u00a0\u00a0\u00a0 Laivo komplektas dviem prie\u0161ininkams\u00a0:<\/p>\n<p> \t&#8211; vienas penki\u0173 stieb\u0173 laivas,<br \/>\n \t&#8211; vienas keturstiebis laivas,<br \/>\n \t&#8211; du tristiebiai laivai,<br \/>\n \t-vienas dvistiebis laivas<br \/>\n \t&#8211; dviej\u0173 spalv\u0173 kai\u0161\u010di\u0173 rinkinys (balta ir raudona)<\/p>","protected":false},"excerpt":{"rendered":"<p>The SEA BATTLE Ships\u00a0stalo \u017eaidimas\u00a0i\u0161\u00a0WOOPIE\u00a0prek\u0117s \u017eenklo yra \u017eavus ir priklausomyb\u0119 sukeliantis d\u0117lion\u0117, \u017einomas daugel\u012f met\u0173. \u0160i klasikin\u0117 pramoga ne tik<\/p>","protected":false},"featured_media":56902,"template":"","meta":{"_acf_changed":false,"_glsr_average":0,"_glsr_ranking":0,"_glsr_reviews":0},"product_brand":[],"product_cat":[445,229],"product_tag":[],"class_list":{"0":"post-89969","1":"product","2":"type-product","3":"status-publish","4":"has-post-thumbnail","6":"product_cat-stalo-zaidimai","7":"product_cat-zaislai-vaikams","8":"\"style=\"background-color: #2ecc711c;\"","10":"first","11":"outofstock","12":"purchasable","13":"product-type-simple"},"acf":[],"yoast_head":"<!-- This site is optimized with the Yoast SEO plugin v27.3 - https:\/\/yoast.com\/product\/yoast-seo-wordpress\/ -->\n<title>Laiv\u0173 m\u016b\u0161io stalo \u017eaidimas<\/title>\n<meta name=\"description\" content=\"Laiv\u0173 m\u016b\u0161io stalo \u017eaidimas - KidsPlay. Did\u017eiausias vaik\u0173 \u017eaisl\u0173 pasirinkimas.\" \/>\n<meta name=\"robots\" content=\"index, follow, max-snippet:-1, max-image-preview:large, max-video-preview:-1\" \/>\n<link rel=\"canonical\" href=\"https:\/\/kidsplay.lt\/lv\/products\/laivu-musio-stalo-zaidimas\/\" \/>\n<meta property=\"og:locale\" content=\"lv_LV\" \/>\n<meta property=\"og:type\" content=\"article\" \/>\n<meta property=\"og:title\" content=\"Laiv\u0173 m\u016b\u0161io stalo \u017eaidimas\" \/>\n<meta property=\"og:description\" content=\"Laiv\u0173 m\u016b\u0161io stalo \u017eaidimas - KidsPlay. Did\u017eiausias vaik\u0173 \u017eaisl\u0173 pasirinkimas.\" \/>\n<meta property=\"og:url\" content=\"https:\/\/kidsplay.lt\/lv\/products\/laivu-musio-stalo-zaidimas\/\" \/>\n<meta property=\"og:site_name\" content=\"KidsPlay\" \/>\n<meta property=\"article:publisher\" content=\"https:\/\/www.facebook.com\/www.kidsplay.lt\" \/>\n<meta property=\"article:modified_time\" content=\"2026-03-15T06:34:14+00:00\" \/>\n<meta property=\"og:image\" content=\"https:\/\/kidsplay.lt\/wp-content\/uploads\/2024\/09\/Laivu-musio-stalo-zaidimas.jpg\" \/>\n\t<meta property=\"og:image:width\" content=\"1000\" \/>\n\t<meta property=\"og:image:height\" content=\"1000\" \/>\n\t<meta property=\"og:image:type\" content=\"image\/jpeg\" \/>\n<meta name=\"twitter:card\" content=\"summary_large_image\" \/>\n<meta name=\"twitter:label1\" content=\"Est. reading time\" \/>\n\t<meta name=\"twitter:data1\" content=\"1 min\u016bte\" \/>\n<script type=\"application\/ld+json\" class=\"yoast-schema-graph\">{\"@context\":\"https:\\\/\\\/schema.org\",\"@graph\":[{\"@type\":\"WebPage\",\"@id\":\"https:\\\/\\\/kidsplay.lt\\\/produktas\\\/laivu-musio-stalo-zaidimas\\\/\",\"url\":\"https:\\\/\\\/kidsplay.lt\\\/produktas\\\/laivu-musio-stalo-zaidimas\\\/\",\"name\":\"Laiv\u0173 m\u016b\u0161io stalo \u017eaidimas\",\"isPartOf\":{\"@id\":\"https:\\\/\\\/kidsplay.lt\\\/#website\"},\"primaryImageOfPage\":{\"@id\":\"https:\\\/\\\/kidsplay.lt\\\/produktas\\\/laivu-musio-stalo-zaidimas\\\/#primaryimage\"},\"image\":{\"@id\":\"https:\\\/\\\/kidsplay.lt\\\/produktas\\\/laivu-musio-stalo-zaidimas\\\/#primaryimage\"},\"thumbnailUrl\":\"https:\\\/\\\/kidsplay.lt\\\/wp-content\\\/uploads\\\/2024\\\/09\\\/Laivu-musio-stalo-zaidimas.jpg\",\"datePublished\":\"2026-02-26T07:34:40+00:00\",\"dateModified\":\"2026-03-15T06:34:14+00:00\",\"description\":\"Laiv\u0173 m\u016b\u0161io stalo \u017eaidimas - KidsPlay. Did\u017eiausias vaik\u0173 \u017eaisl\u0173 pasirinkimas.\",\"breadcrumb\":{\"@id\":\"https:\\\/\\\/kidsplay.lt\\\/produktas\\\/laivu-musio-stalo-zaidimas\\\/#breadcrumb\"},\"inLanguage\":\"lv-LV\",\"potentialAction\":[{\"@type\":\"ReadAction\",\"target\":[\"https:\\\/\\\/kidsplay.lt\\\/produktas\\\/laivu-musio-stalo-zaidimas\\\/\"]}]},{\"@type\":\"ImageObject\",\"inLanguage\":\"lv-LV\",\"@id\":\"https:\\\/\\\/kidsplay.lt\\\/produktas\\\/laivu-musio-stalo-zaidimas\\\/#primaryimage\",\"url\":\"https:\\\/\\\/kidsplay.lt\\\/wp-content\\\/uploads\\\/2024\\\/09\\\/Laivu-musio-stalo-zaidimas.jpg\",\"contentUrl\":\"https:\\\/\\\/kidsplay.lt\\\/wp-content\\\/uploads\\\/2024\\\/09\\\/Laivu-musio-stalo-zaidimas.jpg\",\"width\":1000,\"height\":1000,\"caption\":\"Laiv\u0173 m\u016b\u0161io stalo \u017eaidimas\"},{\"@type\":\"BreadcrumbList\",\"@id\":\"https:\\\/\\\/kidsplay.lt\\\/produktas\\\/laivu-musio-stalo-zaidimas\\\/#breadcrumb\",\"itemListElement\":[{\"@type\":\"ListItem\",\"position\":1,\"name\":\"Pagrindinis\",\"item\":\"https:\\\/\\\/kidsplay.lt\\\/\"},{\"@type\":\"ListItem\",\"position\":2,\"name\":\"Parduotuv\u0117\",\"item\":\"https:\\\/\\\/kidsplay.lt\\\/parduotuve\\\/\"},{\"@type\":\"ListItem\",\"position\":3,\"name\":\"Laiv\u0173 m\u016b\u0161io stalo \u017eaidimas\"}]},{\"@type\":\"WebSite\",\"@id\":\"https:\\\/\\\/kidsplay.lt\\\/#website\",\"url\":\"https:\\\/\\\/kidsplay.lt\\\/\",\"name\":\"Kidsplay.lt\",\"description\":\"\u012evairios prek\u0117s vaikams\",\"publisher\":{\"@id\":\"https:\\\/\\\/kidsplay.lt\\\/#organization\"},\"alternateName\":\"Kidsplay\",\"potentialAction\":[{\"@type\":\"SearchAction\",\"target\":{\"@type\":\"EntryPoint\",\"urlTemplate\":\"https:\\\/\\\/kidsplay.lt\\\/?s={search_term_string}\"},\"query-input\":{\"@type\":\"PropertyValueSpecification\",\"valueRequired\":true,\"valueName\":\"search_term_string\"}}],\"inLanguage\":\"lv-LV\"},{\"@type\":\"Organization\",\"@id\":\"https:\\\/\\\/kidsplay.lt\\\/#organization\",\"name\":\"KidsPlay\",\"url\":\"https:\\\/\\\/kidsplay.lt\\\/\",\"logo\":{\"@type\":\"ImageObject\",\"inLanguage\":\"lv-LV\",\"@id\":\"https:\\\/\\\/kidsplay.lt\\\/#\\\/schema\\\/logo\\\/image\\\/\",\"url\":\"https:\\\/\\\/kidsplay.lt\\\/wp-content\\\/uploads\\\/2023\\\/07\\\/kidsplay-logo.png\",\"contentUrl\":\"https:\\\/\\\/kidsplay.lt\\\/wp-content\\\/uploads\\\/2023\\\/07\\\/kidsplay-logo.png\",\"width\":451,\"height\":98,\"caption\":\"KidsPlay\"},\"image\":{\"@id\":\"https:\\\/\\\/kidsplay.lt\\\/#\\\/schema\\\/logo\\\/image\\\/\"},\"sameAs\":[\"https:\\\/\\\/www.facebook.com\\\/www.kidsplay.lt\"]}]}<\/script>\n<!-- \/ Yoast SEO plugin. -->","yoast_head_json":{"title":"Laiv\u0173 m\u016b\u0161io stalo \u017eaidimas","description":"Laiv\u0173 m\u016b\u0161io stalo \u017eaidimas - KidsPlay. Did\u017eiausias vaik\u0173 \u017eaisl\u0173 pasirinkimas.","robots":{"index":"index","follow":"follow","max-snippet":"max-snippet:-1","max-image-preview":"max-image-preview:large","max-video-preview":"max-video-preview:-1"},"canonical":"https:\/\/kidsplay.lt\/lv\/products\/laivu-musio-stalo-zaidimas\/","og_locale":"lv_LV","og_type":"article","og_title":"Laiv\u0173 m\u016b\u0161io stalo \u017eaidimas","og_description":"Laiv\u0173 m\u016b\u0161io stalo \u017eaidimas - KidsPlay. Did\u017eiausias vaik\u0173 \u017eaisl\u0173 pasirinkimas.","og_url":"https:\/\/kidsplay.lt\/lv\/products\/laivu-musio-stalo-zaidimas\/","og_site_name":"KidsPlay","article_publisher":"https:\/\/www.facebook.com\/www.kidsplay.lt","article_modified_time":"2026-03-15T06:34:14+00:00","og_image":[{"width":1000,"height":1000,"url":"https:\/\/kidsplay.lt\/wp-content\/uploads\/2024\/09\/Laivu-musio-stalo-zaidimas.jpg","type":"image\/jpeg"}],"twitter_card":"summary_large_image","twitter_misc":{"Est. reading time":"1 min\u016bte"},"schema":{"@context":"https:\/\/schema.org","@graph":[{"@type":"WebPage","@id":"https:\/\/kidsplay.lt\/produktas\/laivu-musio-stalo-zaidimas\/","url":"https:\/\/kidsplay.lt\/produktas\/laivu-musio-stalo-zaidimas\/","name":"Laiv\u0173 m\u016b\u0161io stalo \u017eaidimas","isPartOf":{"@id":"https:\/\/kidsplay.lt\/#website"},"primaryImageOfPage":{"@id":"https:\/\/kidsplay.lt\/produktas\/laivu-musio-stalo-zaidimas\/#primaryimage"},"image":{"@id":"https:\/\/kidsplay.lt\/produktas\/laivu-musio-stalo-zaidimas\/#primaryimage"},"thumbnailUrl":"https:\/\/kidsplay.lt\/wp-content\/uploads\/2024\/09\/Laivu-musio-stalo-zaidimas.jpg","datePublished":"2026-02-26T07:34:40+00:00","dateModified":"2026-03-15T06:34:14+00:00","description":"Laiv\u0173 m\u016b\u0161io stalo \u017eaidimas - KidsPlay. Did\u017eiausias vaik\u0173 \u017eaisl\u0173 pasirinkimas.","breadcrumb":{"@id":"https:\/\/kidsplay.lt\/produktas\/laivu-musio-stalo-zaidimas\/#breadcrumb"},"inLanguage":"lv-LV","potentialAction":[{"@type":"ReadAction","target":["https:\/\/kidsplay.lt\/produktas\/laivu-musio-stalo-zaidimas\/"]}]},{"@type":"ImageObject","inLanguage":"lv-LV","@id":"https:\/\/kidsplay.lt\/produktas\/laivu-musio-stalo-zaidimas\/#primaryimage","url":"https:\/\/kidsplay.lt\/wp-content\/uploads\/2024\/09\/Laivu-musio-stalo-zaidimas.jpg","contentUrl":"https:\/\/kidsplay.lt\/wp-content\/uploads\/2024\/09\/Laivu-musio-stalo-zaidimas.jpg","width":1000,"height":1000,"caption":"Laiv\u0173 m\u016b\u0161io stalo \u017eaidimas"},{"@type":"BreadcrumbList","@id":"https:\/\/kidsplay.lt\/produktas\/laivu-musio-stalo-zaidimas\/#breadcrumb","itemListElement":[{"@type":"ListItem","position":1,"name":"Pagrindinis","item":"https:\/\/kidsplay.lt\/"},{"@type":"ListItem","position":2,"name":"Parduotuv\u0117","item":"https:\/\/kidsplay.lt\/parduotuve\/"},{"@type":"ListItem","position":3,"name":"Laiv\u0173 m\u016b\u0161io stalo \u017eaidimas"}]},{"@type":"WebSite","@id":"https:\/\/kidsplay.lt\/#website","url":"https:\/\/kidsplay.lt\/","name":"B\u0113rnu sp\u0113les.lv","description":"\u012evairios prek\u0117s vaikams","publisher":{"@id":"https:\/\/kidsplay.lt\/#organization"},"alternateName":"Kidsplay","potentialAction":[{"@type":"SearchAction","target":{"@type":"EntryPoint","urlTemplate":"https:\/\/kidsplay.lt\/?s={search_term_string}"},"query-input":{"@type":"PropertyValueSpecification","valueRequired":true,"valueName":"search_term_string"}}],"inLanguage":"lv-LV"},{"@type":"Organization","@id":"https:\/\/kidsplay.lt\/#organization","name":"B\u0113rnu sp\u0113le","url":"https:\/\/kidsplay.lt\/","logo":{"@type":"ImageObject","inLanguage":"lv-LV","@id":"https:\/\/kidsplay.lt\/#\/schema\/logo\/image\/","url":"https:\/\/kidsplay.lt\/wp-content\/uploads\/2023\/07\/kidsplay-logo.png","contentUrl":"https:\/\/kidsplay.lt\/wp-content\/uploads\/2023\/07\/kidsplay-logo.png","width":451,"height":98,"caption":"KidsPlay"},"image":{"@id":"https:\/\/kidsplay.lt\/#\/schema\/logo\/image\/"},"sameAs":["https:\/\/www.facebook.com\/www.kidsplay.lt"]}]}},"_links":{"self":[{"href":"https:\/\/kidsplay.lt\/lv\/wp-json\/wp\/v2\/product\/89969","targetHints":{"allow":["GET"]}}],"collection":[{"href":"https:\/\/kidsplay.lt\/lv\/wp-json\/wp\/v2\/product"}],"about":[{"href":"https:\/\/kidsplay.lt\/lv\/wp-json\/wp\/v2\/types\/product"}],"version-history":[{"count":1,"href":"https:\/\/kidsplay.lt\/lv\/wp-json\/wp\/v2\/product\/89969\/revisions"}],"predecessor-version":[{"id":89970,"href":"https:\/\/kidsplay.lt\/lv\/wp-json\/wp\/v2\/product\/89969\/revisions\/89970"}],"wp:featuredmedia":[{"embeddable":true,"href":"https:\/\/kidsplay.lt\/lv\/wp-json\/wp\/v2\/media\/56902"}],"wp:attachment":[{"href":"https:\/\/kidsplay.lt\/lv\/wp-json\/wp\/v2\/media?parent=89969"}],"wp:term":[{"taxonomy":"product_brand","embeddable":true,"href":"https:\/\/kidsplay.lt\/lv\/wp-json\/wp\/v2\/product_brand?post=89969"},{"taxonomy":"product_cat","embeddable":true,"href":"https:\/\/kidsplay.lt\/lv\/wp-json\/wp\/v2\/product_cat?post=89969"},{"taxonomy":"product_tag","embeddable":true,"href":"https:\/\/kidsplay.lt\/lv\/wp-json\/wp\/v2\/product_tag?post=89969"}],"curies":[{"name":"wp","href":"https:\/\/api.w.org\/{rel}","templated":true}]}}