{"id":89971,"date":"2026-02-26T09:34:43","date_gmt":"2026-02-26T07:34:43","guid":{"rendered":"https:\/\/kidsplay.lt\/produktas\/mini-golfo-arkadinis-zaidimas-snake-golf\/"},"modified":"2026-04-07T10:49:16","modified_gmt":"2026-04-07T07:49:16","slug":"mini-golfo-arkadinis-zaidimas-snake-golf","status":"publish","type":"product","link":"https:\/\/kidsplay.lt\/lv\/products\/mini-golfo-arkadinis-zaidimas-snake-golf\/","title":{"rendered":"Minigolfa ark\u0101des sp\u0113le SNAKE GOLF"},"content":{"rendered":"<p>\u201eWOOPIE\u201c\u00a0prek\u0117s \u017eenklo\u00a0\u201eSnake Golf Arcade Game\u201c\u00a0yra jaudinantis mini golfo rinkinys vaikams. Rinkin\u012f sudaro \u012fvair\u016bs elementai, tokie kaip\u00a0golfo lazdos, kamuoliukai, duobut\u0117 su v\u0117liava ir kli\u016btys.\u00a0\u017daidime vaikas paleid\u017eia kamuol\u012f i\u0161 bok\u0161telio, kuris slysta takeliu iki starto ta\u0161ko, tada vaikas turi pataikyti kamuol\u012f taip, kad jis atsidurt\u0173 duobut\u0117je, i\u0161vengdamas kli\u016b\u010di\u0173. \u017daislas lavina rankinius \u012fg\u016bd\u017eius, login\u012f m\u0105stym\u0105, gerina vaiko koncentracij\u0105. Be puikaus malonumo, mini golfo \u017eaidimas su gyvat\u0117mis gali sudominti vaik\u0105 ir i\u0161mokyti j\u012f golfo pagrind\u0173.<\/p>\n<p>Charakteristika:<\/p>\n<p> \t&#8211; \u017eaidimas skirtas\u00a0vaikams nuo 3 met\u0173 am\u017eiaus<br \/>\n \t&#8211; \u017eaidimas dviems \u017emon\u0117ms<br \/>\n \t&#8211; \u012f komplekt\u0105 \u012feina: golfo lazdos &#8211; (trys dizainai*), kamuoliukai, duobut\u0117 su v\u0117liav\u0117le ir kli\u016btys<br \/>\n \t&#8211; \u017daidimo tikslas yra \u012fveikti kli\u016btis, norint pataikyti kamuol\u012f \u012f duobut\u0119<br \/>\n \t&#8211; elementai pagaminti i\u0161 auk\u0161tos kokyb\u0117s med\u017eiag\u0173<br \/>\n \t&#8211; produktas\u00a0saugus vaikams<\/p>\n<p>\u017daislas vysto:<\/p>\n<p> \t&#8211;\u00a0rank\u0173 \u012fg\u016bd\u017eiai:\u00a0vaikas turi tiksliai pataikyti \u012f kamuol\u012f, kad pataikyt\u0173 \u012f skyl\u0119<br \/>\n \t&#8211;\u00a0loginis m\u0105stymas:\u00a0vaikas turi galvoti, kaip geriausiai \u012fveikti kli\u016btis<br \/>\n \t&#8211;\u00a0susikaupimas:\u00a0norint nusitaikyti ir tiksliai pataikyti \u012f kamuol\u012f, reikia susikaupti<\/p>\n<p>*Komplekt\u0105 sudaro dvi golfo lazdos, trys skirtingi dizainai. Pagaliukai komplekte pridedami atsitiktinai, o tai rei\u0161kia, kad kiekviename komplekte gali b\u016bti skirting\u0173 dizaino derini\u0173.<\/p>","protected":false},"excerpt":{"rendered":"<p>\u201eWOOPIE\u201c\u00a0prek\u0117s \u017eenklo\u00a0\u201eSnake Golf Arcade Game\u201c\u00a0yra jaudinantis mini golfo rinkinys vaikams. Rinkin\u012f sudaro \u012fvair\u016bs elementai, tokie kaip\u00a0golfo lazdos, kamuoliukai, duobut\u0117 su<\/p>","protected":false},"featured_media":56917,"template":"","meta":{"_acf_changed":false,"_glsr_average":0,"_glsr_ranking":0,"_glsr_reviews":0},"product_brand":[],"product_cat":[445,229],"product_tag":[],"class_list":{"0":"post-89971","1":"product","2":"type-product","3":"status-publish","4":"has-post-thumbnail","6":"product_cat-stalo-zaidimai","7":"product_cat-zaislai-vaikams","8":"\"style=\"background-color: #2ecc711c;\"","10":"first","11":"instock","12":"purchasable","13":"product-type-simple"},"acf":[],"yoast_head":"<!-- This site is optimized with the Yoast SEO plugin v27.3 - https:\/\/yoast.com\/product\/yoast-seo-wordpress\/ -->\n<title>Mini golfo arkadinis \u017eaidimas SNAKE GOLF<\/title>\n<meta name=\"description\" content=\"Mini golfo arkadinis \u017eaidimas SNAKE GOLF - KidsPlay. Did\u017eiausias vaik\u0173 \u017eaisl\u0173 pasirinkimas.\" \/>\n<meta name=\"robots\" content=\"index, follow, max-snippet:-1, max-image-preview:large, max-video-preview:-1\" \/>\n<link rel=\"canonical\" href=\"https:\/\/kidsplay.lt\/lv\/products\/mini-golfo-arkadinis-zaidimas-snake-golf\/\" \/>\n<meta property=\"og:locale\" content=\"lv_LV\" \/>\n<meta property=\"og:type\" content=\"article\" \/>\n<meta property=\"og:title\" content=\"Mini golfo arkadinis \u017eaidimas SNAKE GOLF\" \/>\n<meta property=\"og:description\" content=\"Mini golfo arkadinis \u017eaidimas SNAKE GOLF - KidsPlay. Did\u017eiausias vaik\u0173 \u017eaisl\u0173 pasirinkimas.\" \/>\n<meta property=\"og:url\" content=\"https:\/\/kidsplay.lt\/lv\/products\/mini-golfo-arkadinis-zaidimas-snake-golf\/\" \/>\n<meta property=\"og:site_name\" content=\"KidsPlay\" \/>\n<meta property=\"article:publisher\" content=\"https:\/\/www.facebook.com\/www.kidsplay.lt\" \/>\n<meta property=\"article:modified_time\" content=\"2026-04-07T07:49:16+00:00\" \/>\n<meta property=\"og:image\" content=\"https:\/\/kidsplay.lt\/wp-content\/uploads\/2024\/09\/Mini-golfo-arkadinis-zaidimas-SNAKE-GOLF.jpg\" \/>\n\t<meta property=\"og:image:width\" content=\"1000\" \/>\n\t<meta property=\"og:image:height\" content=\"1000\" \/>\n\t<meta property=\"og:image:type\" content=\"image\/jpeg\" \/>\n<meta name=\"twitter:card\" content=\"summary_large_image\" \/>\n<meta name=\"twitter:label1\" content=\"Est. reading time\" \/>\n\t<meta name=\"twitter:data1\" content=\"1 min\u016bte\" \/>\n<script type=\"application\/ld+json\" class=\"yoast-schema-graph\">{\"@context\":\"https:\\\/\\\/schema.org\",\"@graph\":[{\"@type\":\"WebPage\",\"@id\":\"https:\\\/\\\/kidsplay.lt\\\/produktas\\\/mini-golfo-arkadinis-zaidimas-snake-golf\\\/\",\"url\":\"https:\\\/\\\/kidsplay.lt\\\/produktas\\\/mini-golfo-arkadinis-zaidimas-snake-golf\\\/\",\"name\":\"Mini golfo arkadinis \u017eaidimas SNAKE GOLF\",\"isPartOf\":{\"@id\":\"https:\\\/\\\/kidsplay.lt\\\/#website\"},\"primaryImageOfPage\":{\"@id\":\"https:\\\/\\\/kidsplay.lt\\\/produktas\\\/mini-golfo-arkadinis-zaidimas-snake-golf\\\/#primaryimage\"},\"image\":{\"@id\":\"https:\\\/\\\/kidsplay.lt\\\/produktas\\\/mini-golfo-arkadinis-zaidimas-snake-golf\\\/#primaryimage\"},\"thumbnailUrl\":\"https:\\\/\\\/kidsplay.lt\\\/wp-content\\\/uploads\\\/2024\\\/09\\\/Mini-golfo-arkadinis-zaidimas-SNAKE-GOLF.jpg\",\"datePublished\":\"2026-02-26T07:34:43+00:00\",\"dateModified\":\"2026-04-07T07:49:16+00:00\",\"description\":\"Mini golfo arkadinis \u017eaidimas SNAKE GOLF - KidsPlay. Did\u017eiausias vaik\u0173 \u017eaisl\u0173 pasirinkimas.\",\"breadcrumb\":{\"@id\":\"https:\\\/\\\/kidsplay.lt\\\/produktas\\\/mini-golfo-arkadinis-zaidimas-snake-golf\\\/#breadcrumb\"},\"inLanguage\":\"lv-LV\",\"potentialAction\":[{\"@type\":\"ReadAction\",\"target\":[\"https:\\\/\\\/kidsplay.lt\\\/produktas\\\/mini-golfo-arkadinis-zaidimas-snake-golf\\\/\"]}]},{\"@type\":\"ImageObject\",\"inLanguage\":\"lv-LV\",\"@id\":\"https:\\\/\\\/kidsplay.lt\\\/produktas\\\/mini-golfo-arkadinis-zaidimas-snake-golf\\\/#primaryimage\",\"url\":\"https:\\\/\\\/kidsplay.lt\\\/wp-content\\\/uploads\\\/2024\\\/09\\\/Mini-golfo-arkadinis-zaidimas-SNAKE-GOLF.jpg\",\"contentUrl\":\"https:\\\/\\\/kidsplay.lt\\\/wp-content\\\/uploads\\\/2024\\\/09\\\/Mini-golfo-arkadinis-zaidimas-SNAKE-GOLF.jpg\",\"width\":1000,\"height\":1000,\"caption\":\"Mini golfo arkadinis \u017eaidimas SNAKE GOLF\"},{\"@type\":\"BreadcrumbList\",\"@id\":\"https:\\\/\\\/kidsplay.lt\\\/produktas\\\/mini-golfo-arkadinis-zaidimas-snake-golf\\\/#breadcrumb\",\"itemListElement\":[{\"@type\":\"ListItem\",\"position\":1,\"name\":\"Pagrindinis\",\"item\":\"https:\\\/\\\/kidsplay.lt\\\/\"},{\"@type\":\"ListItem\",\"position\":2,\"name\":\"Parduotuv\u0117\",\"item\":\"https:\\\/\\\/kidsplay.lt\\\/parduotuve\\\/\"},{\"@type\":\"ListItem\",\"position\":3,\"name\":\"Mini golfo arkadinis \u017eaidimas SNAKE GOLF\"}]},{\"@type\":\"WebSite\",\"@id\":\"https:\\\/\\\/kidsplay.lt\\\/#website\",\"url\":\"https:\\\/\\\/kidsplay.lt\\\/\",\"name\":\"Kidsplay.lt\",\"description\":\"\u012evairios prek\u0117s vaikams\",\"publisher\":{\"@id\":\"https:\\\/\\\/kidsplay.lt\\\/#organization\"},\"alternateName\":\"Kidsplay\",\"potentialAction\":[{\"@type\":\"SearchAction\",\"target\":{\"@type\":\"EntryPoint\",\"urlTemplate\":\"https:\\\/\\\/kidsplay.lt\\\/?s={search_term_string}\"},\"query-input\":{\"@type\":\"PropertyValueSpecification\",\"valueRequired\":true,\"valueName\":\"search_term_string\"}}],\"inLanguage\":\"lv-LV\"},{\"@type\":\"Organization\",\"@id\":\"https:\\\/\\\/kidsplay.lt\\\/#organization\",\"name\":\"KidsPlay\",\"url\":\"https:\\\/\\\/kidsplay.lt\\\/\",\"logo\":{\"@type\":\"ImageObject\",\"inLanguage\":\"lv-LV\",\"@id\":\"https:\\\/\\\/kidsplay.lt\\\/#\\\/schema\\\/logo\\\/image\\\/\",\"url\":\"https:\\\/\\\/kidsplay.lt\\\/wp-content\\\/uploads\\\/2023\\\/07\\\/kidsplay-logo.png\",\"contentUrl\":\"https:\\\/\\\/kidsplay.lt\\\/wp-content\\\/uploads\\\/2023\\\/07\\\/kidsplay-logo.png\",\"width\":451,\"height\":98,\"caption\":\"KidsPlay\"},\"image\":{\"@id\":\"https:\\\/\\\/kidsplay.lt\\\/#\\\/schema\\\/logo\\\/image\\\/\"},\"sameAs\":[\"https:\\\/\\\/www.facebook.com\\\/www.kidsplay.lt\"]}]}<\/script>\n<!-- \/ Yoast SEO plugin. -->","yoast_head_json":{"title":"Minigolfa ark\u0101des sp\u0113le SNAKE GOLF","description":"Mini golfo arkadinis \u017eaidimas SNAKE GOLF - KidsPlay. Did\u017eiausias vaik\u0173 \u017eaisl\u0173 pasirinkimas.","robots":{"index":"index","follow":"follow","max-snippet":"max-snippet:-1","max-image-preview":"max-image-preview:large","max-video-preview":"max-video-preview:-1"},"canonical":"https:\/\/kidsplay.lt\/lv\/products\/mini-golfo-arkadinis-zaidimas-snake-golf\/","og_locale":"lv_LV","og_type":"article","og_title":"Mini golfo arkadinis \u017eaidimas SNAKE GOLF","og_description":"Mini golfo arkadinis \u017eaidimas SNAKE GOLF - KidsPlay. Did\u017eiausias vaik\u0173 \u017eaisl\u0173 pasirinkimas.","og_url":"https:\/\/kidsplay.lt\/lv\/products\/mini-golfo-arkadinis-zaidimas-snake-golf\/","og_site_name":"KidsPlay","article_publisher":"https:\/\/www.facebook.com\/www.kidsplay.lt","article_modified_time":"2026-04-07T07:49:16+00:00","og_image":[{"width":1000,"height":1000,"url":"https:\/\/kidsplay.lt\/wp-content\/uploads\/2024\/09\/Mini-golfo-arkadinis-zaidimas-SNAKE-GOLF.jpg","type":"image\/jpeg"}],"twitter_card":"summary_large_image","twitter_misc":{"Est. reading time":"1 min\u016bte"},"schema":{"@context":"https:\/\/schema.org","@graph":[{"@type":"WebPage","@id":"https:\/\/kidsplay.lt\/produktas\/mini-golfo-arkadinis-zaidimas-snake-golf\/","url":"https:\/\/kidsplay.lt\/produktas\/mini-golfo-arkadinis-zaidimas-snake-golf\/","name":"Minigolfa ark\u0101des sp\u0113le SNAKE GOLF","isPartOf":{"@id":"https:\/\/kidsplay.lt\/#website"},"primaryImageOfPage":{"@id":"https:\/\/kidsplay.lt\/produktas\/mini-golfo-arkadinis-zaidimas-snake-golf\/#primaryimage"},"image":{"@id":"https:\/\/kidsplay.lt\/produktas\/mini-golfo-arkadinis-zaidimas-snake-golf\/#primaryimage"},"thumbnailUrl":"https:\/\/kidsplay.lt\/wp-content\/uploads\/2024\/09\/Mini-golfo-arkadinis-zaidimas-SNAKE-GOLF.jpg","datePublished":"2026-02-26T07:34:43+00:00","dateModified":"2026-04-07T07:49:16+00:00","description":"Mini golfo arkadinis \u017eaidimas SNAKE GOLF - KidsPlay. Did\u017eiausias vaik\u0173 \u017eaisl\u0173 pasirinkimas.","breadcrumb":{"@id":"https:\/\/kidsplay.lt\/produktas\/mini-golfo-arkadinis-zaidimas-snake-golf\/#breadcrumb"},"inLanguage":"lv-LV","potentialAction":[{"@type":"ReadAction","target":["https:\/\/kidsplay.lt\/produktas\/mini-golfo-arkadinis-zaidimas-snake-golf\/"]}]},{"@type":"ImageObject","inLanguage":"lv-LV","@id":"https:\/\/kidsplay.lt\/produktas\/mini-golfo-arkadinis-zaidimas-snake-golf\/#primaryimage","url":"https:\/\/kidsplay.lt\/wp-content\/uploads\/2024\/09\/Mini-golfo-arkadinis-zaidimas-SNAKE-GOLF.jpg","contentUrl":"https:\/\/kidsplay.lt\/wp-content\/uploads\/2024\/09\/Mini-golfo-arkadinis-zaidimas-SNAKE-GOLF.jpg","width":1000,"height":1000,"caption":"Mini golfo arkadinis \u017eaidimas SNAKE GOLF"},{"@type":"BreadcrumbList","@id":"https:\/\/kidsplay.lt\/produktas\/mini-golfo-arkadinis-zaidimas-snake-golf\/#breadcrumb","itemListElement":[{"@type":"ListItem","position":1,"name":"Pagrindinis","item":"https:\/\/kidsplay.lt\/"},{"@type":"ListItem","position":2,"name":"Parduotuv\u0117","item":"https:\/\/kidsplay.lt\/parduotuve\/"},{"@type":"ListItem","position":3,"name":"Mini golfo arkadinis \u017eaidimas SNAKE GOLF"}]},{"@type":"WebSite","@id":"https:\/\/kidsplay.lt\/#website","url":"https:\/\/kidsplay.lt\/","name":"B\u0113rnu sp\u0113les.lv","description":"\u012evairios prek\u0117s vaikams","publisher":{"@id":"https:\/\/kidsplay.lt\/#organization"},"alternateName":"Kidsplay","potentialAction":[{"@type":"SearchAction","target":{"@type":"EntryPoint","urlTemplate":"https:\/\/kidsplay.lt\/?s={search_term_string}"},"query-input":{"@type":"PropertyValueSpecification","valueRequired":true,"valueName":"search_term_string"}}],"inLanguage":"lv-LV"},{"@type":"Organization","@id":"https:\/\/kidsplay.lt\/#organization","name":"B\u0113rnu sp\u0113le","url":"https:\/\/kidsplay.lt\/","logo":{"@type":"ImageObject","inLanguage":"lv-LV","@id":"https:\/\/kidsplay.lt\/#\/schema\/logo\/image\/","url":"https:\/\/kidsplay.lt\/wp-content\/uploads\/2023\/07\/kidsplay-logo.png","contentUrl":"https:\/\/kidsplay.lt\/wp-content\/uploads\/2023\/07\/kidsplay-logo.png","width":451,"height":98,"caption":"KidsPlay"},"image":{"@id":"https:\/\/kidsplay.lt\/#\/schema\/logo\/image\/"},"sameAs":["https:\/\/www.facebook.com\/www.kidsplay.lt"]}]}},"_links":{"self":[{"href":"https:\/\/kidsplay.lt\/lv\/wp-json\/wp\/v2\/product\/89971","targetHints":{"allow":["GET"]}}],"collection":[{"href":"https:\/\/kidsplay.lt\/lv\/wp-json\/wp\/v2\/product"}],"about":[{"href":"https:\/\/kidsplay.lt\/lv\/wp-json\/wp\/v2\/types\/product"}],"version-history":[{"count":1,"href":"https:\/\/kidsplay.lt\/lv\/wp-json\/wp\/v2\/product\/89971\/revisions"}],"predecessor-version":[{"id":89972,"href":"https:\/\/kidsplay.lt\/lv\/wp-json\/wp\/v2\/product\/89971\/revisions\/89972"}],"wp:featuredmedia":[{"embeddable":true,"href":"https:\/\/kidsplay.lt\/lv\/wp-json\/wp\/v2\/media\/56917"}],"wp:attachment":[{"href":"https:\/\/kidsplay.lt\/lv\/wp-json\/wp\/v2\/media?parent=89971"}],"wp:term":[{"taxonomy":"product_brand","embeddable":true,"href":"https:\/\/kidsplay.lt\/lv\/wp-json\/wp\/v2\/product_brand?post=89971"},{"taxonomy":"product_cat","embeddable":true,"href":"https:\/\/kidsplay.lt\/lv\/wp-json\/wp\/v2\/product_cat?post=89971"},{"taxonomy":"product_tag","embeddable":true,"href":"https:\/\/kidsplay.lt\/lv\/wp-json\/wp\/v2\/product_tag?post=89971"}],"curies":[{"name":"wp","href":"https:\/\/api.w.org\/{rel}","templated":true}]}}