{"id":89973,"date":"2026-02-26T09:34:48","date_gmt":"2026-02-26T07:34:48","guid":{"rendered":"https:\/\/kidsplay.lt\/produktas\/woopie-balansiniu-kiausiniu-arkadinis-zaidimas\/"},"modified":"2026-04-13T15:11:25","modified_gmt":"2026-04-13T12:11:25","slug":"woopie-balansiniu-kiausiniu-arkadinis-zaidimas","status":"publish","type":"product","link":"https:\/\/kidsplay.lt\/lv\/products\/woopie-balansiniu-kiausiniu-arkadinis-zaidimas\/","title":{"rendered":"WOOPIE balansini\u0173 kiau\u0161ini\u0173 arkadinis \u017eaidimas"},"content":{"rendered":"<p>WOOPIE\u00a0subalansuot\u0173 kiau\u0161ini\u0173 \u012fg\u016bd\u017ei\u0173\u00a0\u017eaidimas\u00a0puikiai tinka tiek grupiniam, tiek individualiam \u017eaidimui. \u0160is \u017eaislas padeda vaikams lavinti\u00a0motorinius \u012fg\u016bd\u017eius laikant ir judinant kiau\u0161in\u012f ant pagaliuko. J\u012f galima naudoti tiek viduje, tiek lauke, tod\u0117l tai smagus b\u016bdas\u00a0praleisti\u00a0laik\u0105 su vaiku.<\/p>\n<p>Rakstur\u012bgs:<\/p>\n<p> \t&#8211; \u017eaislas vaikams nuo\u00a0\u00a03 met\u0173 am\u017eiaus,<br \/>\n \t&#8211; rinkinyje yra\u00a0\u00a0spalvoti kiau\u0161iniai, spalvotos lazdel\u0117s, \u017eiedai,<br \/>\n \t&#8211; \u017eaislas lavina\u00a0\u00a0vaiko motorin\u0119 koordinacij\u0105, kantryb\u0119 ir i\u0161tverm\u0119,<br \/>\n \t&#8211; \u017eaidimas 1\u20134 \u017eaid\u0117jams.<\/p>\n<p>Komplekt\u0101 ietilpst:<\/p>\n<p> \t&#8211; 4 spalvoti kiau\u0161iniai<br \/>\n \t&#8211; 4 spalvoti \u0161auk\u0161teliai<br \/>\n \t&#8211; 24 \u017eiedai<\/p>\n<p>Rota\u013clieta att\u012bst\u0101s:<\/p>\n<p> \t&#8211; Motorin\u0117 koordinacija<br \/>\n \t&#8211; Kantryb\u0117 ir i\u0161tverm\u0117<br \/>\n \t\u2013 Koncentr\u0101cija<\/p>\n<p>\u017daidimo taisykl\u0117s\u00a0:<\/p>\n<p> \t&#8211; \u017eaid\u0117jai deda kiau\u0161inius ant pad\u0117kl\u0173,<br \/>\n \t&#8211; tada jie bando i\u0161laikyti pusiausvyr\u0105, kad kiau\u0161iniai nenukrist\u0173,<br \/>\n \t&#8211; kiau\u0161iniams pritvirtinti galite naudoti \u012fvairius metodus, pavyzd\u017eiui, \u0161velnius menteli\u0173 judesius,<br \/>\n \t&#8211; Ta\u0161k\u0173 galima gauti u\u017e kiau\u0161ini\u0173 balanso palaikym\u0105 tam tikr\u0105 laik\u0105 arba j\u0173 perk\u0117lim\u0105 i\u0161 vieno i\u0161\u0161\u016bkio ta\u0161ko \u012f kit\u0105, arba u\u017e kitus i\u0161\u0161\u016bkius, pvz., balansavim\u0105 ant vienos kojos.<\/p>","protected":false},"excerpt":{"rendered":"<p>WOOPIE\u00a0subalansuot\u0173 kiau\u0161ini\u0173 \u012fg\u016bd\u017ei\u0173\u00a0\u017eaidimas\u00a0puikiai tinka tiek grupiniam, tiek individualiam \u017eaidimui. \u0160is \u017eaislas padeda vaikams lavinti\u00a0motorinius \u012fg\u016bd\u017eius laikant ir judinant kiau\u0161in\u012f ant<\/p>","protected":false},"featured_media":66405,"template":"","meta":{"_acf_changed":false,"_glsr_average":0,"_glsr_ranking":0,"_glsr_reviews":0},"product_brand":[],"product_cat":[445,229],"product_tag":[],"class_list":{"0":"post-89973","1":"product","2":"type-product","3":"status-publish","4":"has-post-thumbnail","6":"product_cat-stalo-zaidimai","7":"product_cat-zaislai-vaikams","8":"\"style=\"background-color: #2ecc711c;\"","10":"first","11":"instock","12":"purchasable","13":"product-type-simple"},"acf":[],"yoast_head":"<!-- This site is optimized with the Yoast SEO plugin v27.4 - https:\/\/yoast.com\/product\/yoast-seo-wordpress\/ -->\n<title>WOOPIE balansini\u0173 kiau\u0161ini\u0173 arkadinis \u017eaidimas<\/title>\n<meta name=\"description\" content=\"WOOPIE balansini\u0173 kiau\u0161ini\u0173 arkadinis \u017eaidimas - KidsPlay. Did\u017eiausias vaik\u0173 \u017eaisl\u0173 pasirinkimas.\" \/>\n<meta name=\"robots\" content=\"index, follow, max-snippet:-1, max-image-preview:large, max-video-preview:-1\" \/>\n<link rel=\"canonical\" href=\"https:\/\/kidsplay.lt\/lv\/products\/woopie-balansiniu-kiausiniu-arkadinis-zaidimas\/\" \/>\n<meta property=\"og:locale\" content=\"lv_LV\" \/>\n<meta property=\"og:type\" content=\"article\" \/>\n<meta property=\"og:title\" content=\"WOOPIE balansini\u0173 kiau\u0161ini\u0173 arkadinis \u017eaidimas\" \/>\n<meta property=\"og:description\" content=\"WOOPIE balansini\u0173 kiau\u0161ini\u0173 arkadinis \u017eaidimas - KidsPlay. Did\u017eiausias vaik\u0173 \u017eaisl\u0173 pasirinkimas.\" \/>\n<meta property=\"og:url\" content=\"https:\/\/kidsplay.lt\/lv\/products\/woopie-balansiniu-kiausiniu-arkadinis-zaidimas\/\" \/>\n<meta property=\"og:site_name\" content=\"KidsPlay\" \/>\n<meta property=\"article:publisher\" content=\"https:\/\/www.facebook.com\/www.kidsplay.lt\" \/>\n<meta property=\"article:modified_time\" content=\"2026-04-13T12:11:25+00:00\" \/>\n<meta property=\"og:image\" content=\"https:\/\/kidsplay.lt\/wp-content\/uploads\/2025\/09\/WOOPIE-balansiniu-kiausiniu-arkadinis-zaidimas.jpg\" \/>\n\t<meta property=\"og:image:width\" content=\"1000\" \/>\n\t<meta property=\"og:image:height\" content=\"1000\" \/>\n\t<meta property=\"og:image:type\" content=\"image\/jpeg\" \/>\n<meta name=\"twitter:card\" content=\"summary_large_image\" \/>\n<meta name=\"twitter:label1\" content=\"Est. reading time\" \/>\n\t<meta name=\"twitter:data1\" content=\"1 min\u016bte\" \/>\n<script type=\"application\/ld+json\" class=\"yoast-schema-graph\">{\"@context\":\"https:\\\/\\\/schema.org\",\"@graph\":[{\"@type\":\"WebPage\",\"@id\":\"https:\\\/\\\/kidsplay.lt\\\/produktas\\\/woopie-balansiniu-kiausiniu-arkadinis-zaidimas\\\/\",\"url\":\"https:\\\/\\\/kidsplay.lt\\\/produktas\\\/woopie-balansiniu-kiausiniu-arkadinis-zaidimas\\\/\",\"name\":\"WOOPIE balansini\u0173 kiau\u0161ini\u0173 arkadinis \u017eaidimas\",\"isPartOf\":{\"@id\":\"https:\\\/\\\/kidsplay.lt\\\/#website\"},\"primaryImageOfPage\":{\"@id\":\"https:\\\/\\\/kidsplay.lt\\\/produktas\\\/woopie-balansiniu-kiausiniu-arkadinis-zaidimas\\\/#primaryimage\"},\"image\":{\"@id\":\"https:\\\/\\\/kidsplay.lt\\\/produktas\\\/woopie-balansiniu-kiausiniu-arkadinis-zaidimas\\\/#primaryimage\"},\"thumbnailUrl\":\"https:\\\/\\\/kidsplay.lt\\\/wp-content\\\/uploads\\\/2025\\\/09\\\/WOOPIE-balansiniu-kiausiniu-arkadinis-zaidimas.jpg\",\"datePublished\":\"2026-02-26T07:34:48+00:00\",\"dateModified\":\"2026-04-13T12:11:25+00:00\",\"description\":\"WOOPIE balansini\u0173 kiau\u0161ini\u0173 arkadinis \u017eaidimas - KidsPlay. Did\u017eiausias vaik\u0173 \u017eaisl\u0173 pasirinkimas.\",\"breadcrumb\":{\"@id\":\"https:\\\/\\\/kidsplay.lt\\\/produktas\\\/woopie-balansiniu-kiausiniu-arkadinis-zaidimas\\\/#breadcrumb\"},\"inLanguage\":\"lv-LV\",\"potentialAction\":[{\"@type\":\"ReadAction\",\"target\":[\"https:\\\/\\\/kidsplay.lt\\\/produktas\\\/woopie-balansiniu-kiausiniu-arkadinis-zaidimas\\\/\"]}]},{\"@type\":\"ImageObject\",\"inLanguage\":\"lv-LV\",\"@id\":\"https:\\\/\\\/kidsplay.lt\\\/produktas\\\/woopie-balansiniu-kiausiniu-arkadinis-zaidimas\\\/#primaryimage\",\"url\":\"https:\\\/\\\/kidsplay.lt\\\/wp-content\\\/uploads\\\/2025\\\/09\\\/WOOPIE-balansiniu-kiausiniu-arkadinis-zaidimas.jpg\",\"contentUrl\":\"https:\\\/\\\/kidsplay.lt\\\/wp-content\\\/uploads\\\/2025\\\/09\\\/WOOPIE-balansiniu-kiausiniu-arkadinis-zaidimas.jpg\",\"width\":1000,\"height\":1000,\"caption\":\"WOOPIE balansini\u0173 kiau\u0161ini\u0173 arkadinis \u017eaidimas\"},{\"@type\":\"BreadcrumbList\",\"@id\":\"https:\\\/\\\/kidsplay.lt\\\/produktas\\\/woopie-balansiniu-kiausiniu-arkadinis-zaidimas\\\/#breadcrumb\",\"itemListElement\":[{\"@type\":\"ListItem\",\"position\":1,\"name\":\"Pagrindinis\",\"item\":\"https:\\\/\\\/kidsplay.lt\\\/\"},{\"@type\":\"ListItem\",\"position\":2,\"name\":\"Parduotuv\u0117\",\"item\":\"https:\\\/\\\/kidsplay.lt\\\/parduotuve\\\/\"},{\"@type\":\"ListItem\",\"position\":3,\"name\":\"WOOPIE balansini\u0173 kiau\u0161ini\u0173 arkadinis \u017eaidimas\"}]},{\"@type\":\"WebSite\",\"@id\":\"https:\\\/\\\/kidsplay.lt\\\/#website\",\"url\":\"https:\\\/\\\/kidsplay.lt\\\/\",\"name\":\"Kidsplay.lt\",\"description\":\"\u012evairios prek\u0117s vaikams\",\"publisher\":{\"@id\":\"https:\\\/\\\/kidsplay.lt\\\/#organization\"},\"alternateName\":\"Kidsplay\",\"potentialAction\":[{\"@type\":\"SearchAction\",\"target\":{\"@type\":\"EntryPoint\",\"urlTemplate\":\"https:\\\/\\\/kidsplay.lt\\\/?s={search_term_string}\"},\"query-input\":{\"@type\":\"PropertyValueSpecification\",\"valueRequired\":true,\"valueName\":\"search_term_string\"}}],\"inLanguage\":\"lv-LV\"},{\"@type\":\"Organization\",\"@id\":\"https:\\\/\\\/kidsplay.lt\\\/#organization\",\"name\":\"KidsPlay\",\"url\":\"https:\\\/\\\/kidsplay.lt\\\/\",\"logo\":{\"@type\":\"ImageObject\",\"inLanguage\":\"lv-LV\",\"@id\":\"https:\\\/\\\/kidsplay.lt\\\/#\\\/schema\\\/logo\\\/image\\\/\",\"url\":\"https:\\\/\\\/kidsplay.lt\\\/wp-content\\\/uploads\\\/2023\\\/07\\\/kidsplay-logo.png\",\"contentUrl\":\"https:\\\/\\\/kidsplay.lt\\\/wp-content\\\/uploads\\\/2023\\\/07\\\/kidsplay-logo.png\",\"width\":451,\"height\":98,\"caption\":\"KidsPlay\"},\"image\":{\"@id\":\"https:\\\/\\\/kidsplay.lt\\\/#\\\/schema\\\/logo\\\/image\\\/\"},\"sameAs\":[\"https:\\\/\\\/www.facebook.com\\\/www.kidsplay.lt\"]}]}<\/script>\n<!-- \/ Yoast SEO plugin. -->","yoast_head_json":{"title":"WOOPIE balansini\u0173 kiau\u0161ini\u0173 arkadinis \u017eaidimas","description":"WOOPIE balansini\u0173 kiau\u0161ini\u0173 arkadinis \u017eaidimas - KidsPlay. Did\u017eiausias vaik\u0173 \u017eaisl\u0173 pasirinkimas.","robots":{"index":"index","follow":"follow","max-snippet":"max-snippet:-1","max-image-preview":"max-image-preview:large","max-video-preview":"max-video-preview:-1"},"canonical":"https:\/\/kidsplay.lt\/lv\/products\/woopie-balansiniu-kiausiniu-arkadinis-zaidimas\/","og_locale":"lv_LV","og_type":"article","og_title":"WOOPIE balansini\u0173 kiau\u0161ini\u0173 arkadinis \u017eaidimas","og_description":"WOOPIE balansini\u0173 kiau\u0161ini\u0173 arkadinis \u017eaidimas - KidsPlay. Did\u017eiausias vaik\u0173 \u017eaisl\u0173 pasirinkimas.","og_url":"https:\/\/kidsplay.lt\/lv\/products\/woopie-balansiniu-kiausiniu-arkadinis-zaidimas\/","og_site_name":"KidsPlay","article_publisher":"https:\/\/www.facebook.com\/www.kidsplay.lt","article_modified_time":"2026-04-13T12:11:25+00:00","og_image":[{"width":1000,"height":1000,"url":"https:\/\/kidsplay.lt\/wp-content\/uploads\/2025\/09\/WOOPIE-balansiniu-kiausiniu-arkadinis-zaidimas.jpg","type":"image\/jpeg"}],"twitter_card":"summary_large_image","twitter_misc":{"Est. reading time":"1 min\u016bte"},"schema":{"@context":"https:\/\/schema.org","@graph":[{"@type":"WebPage","@id":"https:\/\/kidsplay.lt\/produktas\/woopie-balansiniu-kiausiniu-arkadinis-zaidimas\/","url":"https:\/\/kidsplay.lt\/produktas\/woopie-balansiniu-kiausiniu-arkadinis-zaidimas\/","name":"WOOPIE balansini\u0173 kiau\u0161ini\u0173 arkadinis \u017eaidimas","isPartOf":{"@id":"https:\/\/kidsplay.lt\/#website"},"primaryImageOfPage":{"@id":"https:\/\/kidsplay.lt\/produktas\/woopie-balansiniu-kiausiniu-arkadinis-zaidimas\/#primaryimage"},"image":{"@id":"https:\/\/kidsplay.lt\/produktas\/woopie-balansiniu-kiausiniu-arkadinis-zaidimas\/#primaryimage"},"thumbnailUrl":"https:\/\/kidsplay.lt\/wp-content\/uploads\/2025\/09\/WOOPIE-balansiniu-kiausiniu-arkadinis-zaidimas.jpg","datePublished":"2026-02-26T07:34:48+00:00","dateModified":"2026-04-13T12:11:25+00:00","description":"WOOPIE balansini\u0173 kiau\u0161ini\u0173 arkadinis \u017eaidimas - KidsPlay. Did\u017eiausias vaik\u0173 \u017eaisl\u0173 pasirinkimas.","breadcrumb":{"@id":"https:\/\/kidsplay.lt\/produktas\/woopie-balansiniu-kiausiniu-arkadinis-zaidimas\/#breadcrumb"},"inLanguage":"lv-LV","potentialAction":[{"@type":"ReadAction","target":["https:\/\/kidsplay.lt\/produktas\/woopie-balansiniu-kiausiniu-arkadinis-zaidimas\/"]}]},{"@type":"ImageObject","inLanguage":"lv-LV","@id":"https:\/\/kidsplay.lt\/produktas\/woopie-balansiniu-kiausiniu-arkadinis-zaidimas\/#primaryimage","url":"https:\/\/kidsplay.lt\/wp-content\/uploads\/2025\/09\/WOOPIE-balansiniu-kiausiniu-arkadinis-zaidimas.jpg","contentUrl":"https:\/\/kidsplay.lt\/wp-content\/uploads\/2025\/09\/WOOPIE-balansiniu-kiausiniu-arkadinis-zaidimas.jpg","width":1000,"height":1000,"caption":"WOOPIE balansini\u0173 kiau\u0161ini\u0173 arkadinis \u017eaidimas"},{"@type":"BreadcrumbList","@id":"https:\/\/kidsplay.lt\/produktas\/woopie-balansiniu-kiausiniu-arkadinis-zaidimas\/#breadcrumb","itemListElement":[{"@type":"ListItem","position":1,"name":"Pagrindinis","item":"https:\/\/kidsplay.lt\/"},{"@type":"ListItem","position":2,"name":"Parduotuv\u0117","item":"https:\/\/kidsplay.lt\/parduotuve\/"},{"@type":"ListItem","position":3,"name":"WOOPIE balansini\u0173 kiau\u0161ini\u0173 arkadinis \u017eaidimas"}]},{"@type":"WebSite","@id":"https:\/\/kidsplay.lt\/#website","url":"https:\/\/kidsplay.lt\/","name":"B\u0113rnu sp\u0113les.lv","description":"\u012evairios prek\u0117s vaikams","publisher":{"@id":"https:\/\/kidsplay.lt\/#organization"},"alternateName":"Kidsplay","potentialAction":[{"@type":"SearchAction","target":{"@type":"EntryPoint","urlTemplate":"https:\/\/kidsplay.lt\/?s={search_term_string}"},"query-input":{"@type":"PropertyValueSpecification","valueRequired":true,"valueName":"search_term_string"}}],"inLanguage":"lv-LV"},{"@type":"Organization","@id":"https:\/\/kidsplay.lt\/#organization","name":"B\u0113rnu sp\u0113le","url":"https:\/\/kidsplay.lt\/","logo":{"@type":"ImageObject","inLanguage":"lv-LV","@id":"https:\/\/kidsplay.lt\/#\/schema\/logo\/image\/","url":"https:\/\/kidsplay.lt\/wp-content\/uploads\/2023\/07\/kidsplay-logo.png","contentUrl":"https:\/\/kidsplay.lt\/wp-content\/uploads\/2023\/07\/kidsplay-logo.png","width":451,"height":98,"caption":"KidsPlay"},"image":{"@id":"https:\/\/kidsplay.lt\/#\/schema\/logo\/image\/"},"sameAs":["https:\/\/www.facebook.com\/www.kidsplay.lt"]}]}},"_links":{"self":[{"href":"https:\/\/kidsplay.lt\/lv\/wp-json\/wp\/v2\/product\/89973","targetHints":{"allow":["GET"]}}],"collection":[{"href":"https:\/\/kidsplay.lt\/lv\/wp-json\/wp\/v2\/product"}],"about":[{"href":"https:\/\/kidsplay.lt\/lv\/wp-json\/wp\/v2\/types\/product"}],"version-history":[{"count":1,"href":"https:\/\/kidsplay.lt\/lv\/wp-json\/wp\/v2\/product\/89973\/revisions"}],"predecessor-version":[{"id":89974,"href":"https:\/\/kidsplay.lt\/lv\/wp-json\/wp\/v2\/product\/89973\/revisions\/89974"}],"wp:featuredmedia":[{"embeddable":true,"href":"https:\/\/kidsplay.lt\/lv\/wp-json\/wp\/v2\/media\/66405"}],"wp:attachment":[{"href":"https:\/\/kidsplay.lt\/lv\/wp-json\/wp\/v2\/media?parent=89973"}],"wp:term":[{"taxonomy":"product_brand","embeddable":true,"href":"https:\/\/kidsplay.lt\/lv\/wp-json\/wp\/v2\/product_brand?post=89973"},{"taxonomy":"product_cat","embeddable":true,"href":"https:\/\/kidsplay.lt\/lv\/wp-json\/wp\/v2\/product_cat?post=89973"},{"taxonomy":"product_tag","embeddable":true,"href":"https:\/\/kidsplay.lt\/lv\/wp-json\/wp\/v2\/product_tag?post=89973"}],"curies":[{"name":"wp","href":"https:\/\/api.w.org\/{rel}","templated":true}]}}