{"id":89975,"date":"2026-02-26T09:34:51","date_gmt":"2026-02-26T07:34:51","guid":{"rendered":"https:\/\/kidsplay.lt\/produktas\/tooky-toy-kurybingi-mediniai-3d-kosminiai-kaladeles-krabas\/"},"modified":"2026-03-15T08:34:26","modified_gmt":"2026-03-15T06:34:26","slug":"tooky-toy-kurybingi-mediniai-3d-kosminiai-kaladeles-krabas","status":"publish","type":"product","link":"https:\/\/kidsplay.lt\/lv\/products\/tooky-toy-kurybingi-mediniai-3d-kosminiai-kaladeles-krabas\/","title":{"rendered":"TOOKY TOY k\u016brybingi mediniai 3D kosminiai kalad\u0117l\u0117s krabas"},"content":{"rendered":"<p>\u201e Classic\u00a0World\u201c\u00a0mediniai \u201eCrab\u201c konstruktoriai\u00a0\u2013 nuostabus \u017eaislas patiems ma\u017eiausiems! Pagaminti i\u0161\u00a018 saugi\u0173 medini\u0173 detali\u0173\u00a0, jie skatins j\u016bs\u0173 vaiko vaizduot\u0119 ir rank\u0173 miklum\u0105. Mediniai kalad\u0117l\u0117s \u2013 tai \u017eaisl\u0173 kategorija, kuri jau daugel\u012f met\u0173\u00a0d\u017eiaugiasi nepalau\u017eiamu populiarumu\u00a0tarp vaik\u0173 ir t\u0117v\u0173. Pagaminti i\u0161 nat\u016bralios med\u017eiagos \u2013 med\u017eio, jie si\u016blo ne tik puiki\u0105 pramog\u0105, bet ir galimyb\u0119 mokytis bei lavinti \u012fvairius \u012fg\u016bd\u017eius, tokius kaip motorin\u0117 koordinacija, rank\u0173 miklumas, k\u016brybi\u0161kumas ir loginis m\u0105stymas. Vaikai gali i\u0161d\u0117lioti kalad\u0117les pagal prie \u017eaislo prid\u0117tas schemas arba i\u0161bandyti savo j\u0117gas ir leisti savo vaizduotei lietis laisvai!<\/p>\n<p>Rakstur\u012bgs:<\/p>\n<p> \t&#8211; \u017daislas skirtas nuo 2 met\u0173 am\u017eiaus<br \/>\n \t&#8211; Saug\u016bs, nea\u0161tr\u016bs kra\u0161tai<br \/>\n \t&#8211; Pastelin\u0117s spalvos<br \/>\n \t&#8211; Daug i\u0161d\u0117stymo variant\u0173<\/p>\n<p>Rota\u013clieta att\u012bst\u0101s:<\/p>\n<p> \t&#8211; Motoriniai \u012fg\u016bd\u017eiai<br \/>\n \t&#8211; K\u016brybi\u0161kumo lavinimas: \u017eaidimas leid\u017eia vaikams \u012fsivaizduoti skirtingas situacijas ir kurti savo pasaulius. Tai puikus vaizduot\u0117s ir k\u016brybi\u0161kumo pratimas.<br \/>\n \t&#8211; Rankiniai \u012fg\u016bd\u017eiai,<br \/>\n \t&#8211; Intelektas<br \/>\n \t&#8211; Geb\u0117jimas logi\u0161kai m\u0105styti<\/p>","protected":false},"excerpt":{"rendered":"<p>\u201e Classic\u00a0World\u201c\u00a0mediniai \u201eCrab\u201c konstruktoriai\u00a0\u2013 nuostabus \u017eaislas patiems ma\u017eiausiems! Pagaminti i\u0161\u00a018 saugi\u0173 medini\u0173 detali\u0173\u00a0, jie skatins j\u016bs\u0173 vaiko vaizduot\u0119 ir rank\u0173<\/p>","protected":false},"featured_media":66419,"template":"","meta":{"_acf_changed":false,"_glsr_average":0,"_glsr_ranking":0,"_glsr_reviews":0},"product_brand":[],"product_cat":[884,883],"product_tag":[],"class_list":{"0":"post-89975","1":"product","2":"type-product","3":"status-publish","4":"has-post-thumbnail","6":"product_cat-edukaciniai-lavinamieji-mediniai-zaislai","7":"product_cat-mediniai-zaislai-2","8":"\"style=\"background-color: #2ecc711c;\"","10":"first","11":"outofstock","12":"purchasable","13":"product-type-simple"},"acf":[],"yoast_head":"<!-- This site is optimized with the Yoast SEO plugin v27.3 - https:\/\/yoast.com\/product\/yoast-seo-wordpress\/ -->\n<title>TOOKY TOY k\u016brybingi mediniai 3D kosminiai kalad\u0117l\u0117s krabas<\/title>\n<meta name=\"description\" content=\"TOOKY TOY k\u016brybingi mediniai 3D kosminiai kalad\u0117l\u0117s krabas - KidsPlay. Did\u017eiausias vaik\u0173 \u017eaisl\u0173 pasirinkimas.\" \/>\n<meta name=\"robots\" content=\"index, follow, max-snippet:-1, max-image-preview:large, max-video-preview:-1\" \/>\n<link rel=\"canonical\" href=\"https:\/\/kidsplay.lt\/lv\/products\/tooky-toy-kurybingi-mediniai-3d-kosminiai-kaladeles-krabas\/\" \/>\n<meta property=\"og:locale\" content=\"lv_LV\" \/>\n<meta property=\"og:type\" content=\"article\" \/>\n<meta property=\"og:title\" content=\"TOOKY TOY k\u016brybingi mediniai 3D kosminiai kalad\u0117l\u0117s krabas\" \/>\n<meta property=\"og:description\" content=\"TOOKY TOY k\u016brybingi mediniai 3D kosminiai kalad\u0117l\u0117s krabas - KidsPlay. Did\u017eiausias vaik\u0173 \u017eaisl\u0173 pasirinkimas.\" \/>\n<meta property=\"og:url\" content=\"https:\/\/kidsplay.lt\/lv\/products\/tooky-toy-kurybingi-mediniai-3d-kosminiai-kaladeles-krabas\/\" \/>\n<meta property=\"og:site_name\" content=\"KidsPlay\" \/>\n<meta property=\"article:publisher\" content=\"https:\/\/www.facebook.com\/www.kidsplay.lt\" \/>\n<meta property=\"article:modified_time\" content=\"2026-03-15T06:34:26+00:00\" \/>\n<meta property=\"og:image\" content=\"https:\/\/kidsplay.lt\/wp-content\/uploads\/2025\/09\/TOOKY-TOY-kurybingi-mediniai-3D-kosminiai-kaladeles-krabas.jpg\" \/>\n\t<meta property=\"og:image:width\" content=\"1000\" \/>\n\t<meta property=\"og:image:height\" content=\"1000\" \/>\n\t<meta property=\"og:image:type\" content=\"image\/jpeg\" \/>\n<meta name=\"twitter:card\" content=\"summary_large_image\" \/>\n<meta name=\"twitter:label1\" content=\"Est. reading time\" \/>\n\t<meta name=\"twitter:data1\" content=\"1 min\u016bte\" \/>\n<script type=\"application\/ld+json\" class=\"yoast-schema-graph\">{\"@context\":\"https:\\\/\\\/schema.org\",\"@graph\":[{\"@type\":\"WebPage\",\"@id\":\"https:\\\/\\\/kidsplay.lt\\\/produktas\\\/tooky-toy-kurybingi-mediniai-3d-kosminiai-kaladeles-krabas\\\/\",\"url\":\"https:\\\/\\\/kidsplay.lt\\\/produktas\\\/tooky-toy-kurybingi-mediniai-3d-kosminiai-kaladeles-krabas\\\/\",\"name\":\"TOOKY TOY k\u016brybingi mediniai 3D kosminiai kalad\u0117l\u0117s krabas\",\"isPartOf\":{\"@id\":\"https:\\\/\\\/kidsplay.lt\\\/#website\"},\"primaryImageOfPage\":{\"@id\":\"https:\\\/\\\/kidsplay.lt\\\/produktas\\\/tooky-toy-kurybingi-mediniai-3d-kosminiai-kaladeles-krabas\\\/#primaryimage\"},\"image\":{\"@id\":\"https:\\\/\\\/kidsplay.lt\\\/produktas\\\/tooky-toy-kurybingi-mediniai-3d-kosminiai-kaladeles-krabas\\\/#primaryimage\"},\"thumbnailUrl\":\"https:\\\/\\\/kidsplay.lt\\\/wp-content\\\/uploads\\\/2025\\\/09\\\/TOOKY-TOY-kurybingi-mediniai-3D-kosminiai-kaladeles-krabas.jpg\",\"datePublished\":\"2026-02-26T07:34:51+00:00\",\"dateModified\":\"2026-03-15T06:34:26+00:00\",\"description\":\"TOOKY TOY k\u016brybingi mediniai 3D kosminiai kalad\u0117l\u0117s krabas - KidsPlay. Did\u017eiausias vaik\u0173 \u017eaisl\u0173 pasirinkimas.\",\"breadcrumb\":{\"@id\":\"https:\\\/\\\/kidsplay.lt\\\/produktas\\\/tooky-toy-kurybingi-mediniai-3d-kosminiai-kaladeles-krabas\\\/#breadcrumb\"},\"inLanguage\":\"lv-LV\",\"potentialAction\":[{\"@type\":\"ReadAction\",\"target\":[\"https:\\\/\\\/kidsplay.lt\\\/produktas\\\/tooky-toy-kurybingi-mediniai-3d-kosminiai-kaladeles-krabas\\\/\"]}]},{\"@type\":\"ImageObject\",\"inLanguage\":\"lv-LV\",\"@id\":\"https:\\\/\\\/kidsplay.lt\\\/produktas\\\/tooky-toy-kurybingi-mediniai-3d-kosminiai-kaladeles-krabas\\\/#primaryimage\",\"url\":\"https:\\\/\\\/kidsplay.lt\\\/wp-content\\\/uploads\\\/2025\\\/09\\\/TOOKY-TOY-kurybingi-mediniai-3D-kosminiai-kaladeles-krabas.jpg\",\"contentUrl\":\"https:\\\/\\\/kidsplay.lt\\\/wp-content\\\/uploads\\\/2025\\\/09\\\/TOOKY-TOY-kurybingi-mediniai-3D-kosminiai-kaladeles-krabas.jpg\",\"width\":1000,\"height\":1000,\"caption\":\"TOOKY TOY k\u016brybingi mediniai 3D kosminiai kalad\u0117l\u0117s krabas\"},{\"@type\":\"BreadcrumbList\",\"@id\":\"https:\\\/\\\/kidsplay.lt\\\/produktas\\\/tooky-toy-kurybingi-mediniai-3d-kosminiai-kaladeles-krabas\\\/#breadcrumb\",\"itemListElement\":[{\"@type\":\"ListItem\",\"position\":1,\"name\":\"Pagrindinis\",\"item\":\"https:\\\/\\\/kidsplay.lt\\\/\"},{\"@type\":\"ListItem\",\"position\":2,\"name\":\"Parduotuv\u0117\",\"item\":\"https:\\\/\\\/kidsplay.lt\\\/parduotuve\\\/\"},{\"@type\":\"ListItem\",\"position\":3,\"name\":\"TOOKY TOY k\u016brybingi mediniai 3D kosminiai kalad\u0117l\u0117s krabas\"}]},{\"@type\":\"WebSite\",\"@id\":\"https:\\\/\\\/kidsplay.lt\\\/#website\",\"url\":\"https:\\\/\\\/kidsplay.lt\\\/\",\"name\":\"Kidsplay.lt\",\"description\":\"\u012evairios prek\u0117s vaikams\",\"publisher\":{\"@id\":\"https:\\\/\\\/kidsplay.lt\\\/#organization\"},\"alternateName\":\"Kidsplay\",\"potentialAction\":[{\"@type\":\"SearchAction\",\"target\":{\"@type\":\"EntryPoint\",\"urlTemplate\":\"https:\\\/\\\/kidsplay.lt\\\/?s={search_term_string}\"},\"query-input\":{\"@type\":\"PropertyValueSpecification\",\"valueRequired\":true,\"valueName\":\"search_term_string\"}}],\"inLanguage\":\"lv-LV\"},{\"@type\":\"Organization\",\"@id\":\"https:\\\/\\\/kidsplay.lt\\\/#organization\",\"name\":\"KidsPlay\",\"url\":\"https:\\\/\\\/kidsplay.lt\\\/\",\"logo\":{\"@type\":\"ImageObject\",\"inLanguage\":\"lv-LV\",\"@id\":\"https:\\\/\\\/kidsplay.lt\\\/#\\\/schema\\\/logo\\\/image\\\/\",\"url\":\"https:\\\/\\\/kidsplay.lt\\\/wp-content\\\/uploads\\\/2023\\\/07\\\/kidsplay-logo.png\",\"contentUrl\":\"https:\\\/\\\/kidsplay.lt\\\/wp-content\\\/uploads\\\/2023\\\/07\\\/kidsplay-logo.png\",\"width\":451,\"height\":98,\"caption\":\"KidsPlay\"},\"image\":{\"@id\":\"https:\\\/\\\/kidsplay.lt\\\/#\\\/schema\\\/logo\\\/image\\\/\"},\"sameAs\":[\"https:\\\/\\\/www.facebook.com\\\/www.kidsplay.lt\"]}]}<\/script>\n<!-- \/ Yoast SEO plugin. -->","yoast_head_json":{"title":"TOOKY TOY k\u016brybingi mediniai 3D kosminiai kalad\u0117l\u0117s krabas","description":"TOOKY TOY k\u016brybingi mediniai 3D kosminiai kalad\u0117l\u0117s krabas - KidsPlay. Did\u017eiausias vaik\u0173 \u017eaisl\u0173 pasirinkimas.","robots":{"index":"index","follow":"follow","max-snippet":"max-snippet:-1","max-image-preview":"max-image-preview:large","max-video-preview":"max-video-preview:-1"},"canonical":"https:\/\/kidsplay.lt\/lv\/products\/tooky-toy-kurybingi-mediniai-3d-kosminiai-kaladeles-krabas\/","og_locale":"lv_LV","og_type":"article","og_title":"TOOKY TOY k\u016brybingi mediniai 3D kosminiai kalad\u0117l\u0117s krabas","og_description":"TOOKY TOY k\u016brybingi mediniai 3D kosminiai kalad\u0117l\u0117s krabas - KidsPlay. Did\u017eiausias vaik\u0173 \u017eaisl\u0173 pasirinkimas.","og_url":"https:\/\/kidsplay.lt\/lv\/products\/tooky-toy-kurybingi-mediniai-3d-kosminiai-kaladeles-krabas\/","og_site_name":"KidsPlay","article_publisher":"https:\/\/www.facebook.com\/www.kidsplay.lt","article_modified_time":"2026-03-15T06:34:26+00:00","og_image":[{"width":1000,"height":1000,"url":"https:\/\/kidsplay.lt\/wp-content\/uploads\/2025\/09\/TOOKY-TOY-kurybingi-mediniai-3D-kosminiai-kaladeles-krabas.jpg","type":"image\/jpeg"}],"twitter_card":"summary_large_image","twitter_misc":{"Est. reading time":"1 min\u016bte"},"schema":{"@context":"https:\/\/schema.org","@graph":[{"@type":"WebPage","@id":"https:\/\/kidsplay.lt\/produktas\/tooky-toy-kurybingi-mediniai-3d-kosminiai-kaladeles-krabas\/","url":"https:\/\/kidsplay.lt\/produktas\/tooky-toy-kurybingi-mediniai-3d-kosminiai-kaladeles-krabas\/","name":"TOOKY TOY k\u016brybingi mediniai 3D kosminiai kalad\u0117l\u0117s krabas","isPartOf":{"@id":"https:\/\/kidsplay.lt\/#website"},"primaryImageOfPage":{"@id":"https:\/\/kidsplay.lt\/produktas\/tooky-toy-kurybingi-mediniai-3d-kosminiai-kaladeles-krabas\/#primaryimage"},"image":{"@id":"https:\/\/kidsplay.lt\/produktas\/tooky-toy-kurybingi-mediniai-3d-kosminiai-kaladeles-krabas\/#primaryimage"},"thumbnailUrl":"https:\/\/kidsplay.lt\/wp-content\/uploads\/2025\/09\/TOOKY-TOY-kurybingi-mediniai-3D-kosminiai-kaladeles-krabas.jpg","datePublished":"2026-02-26T07:34:51+00:00","dateModified":"2026-03-15T06:34:26+00:00","description":"TOOKY TOY k\u016brybingi mediniai 3D kosminiai kalad\u0117l\u0117s krabas - KidsPlay. Did\u017eiausias vaik\u0173 \u017eaisl\u0173 pasirinkimas.","breadcrumb":{"@id":"https:\/\/kidsplay.lt\/produktas\/tooky-toy-kurybingi-mediniai-3d-kosminiai-kaladeles-krabas\/#breadcrumb"},"inLanguage":"lv-LV","potentialAction":[{"@type":"ReadAction","target":["https:\/\/kidsplay.lt\/produktas\/tooky-toy-kurybingi-mediniai-3d-kosminiai-kaladeles-krabas\/"]}]},{"@type":"ImageObject","inLanguage":"lv-LV","@id":"https:\/\/kidsplay.lt\/produktas\/tooky-toy-kurybingi-mediniai-3d-kosminiai-kaladeles-krabas\/#primaryimage","url":"https:\/\/kidsplay.lt\/wp-content\/uploads\/2025\/09\/TOOKY-TOY-kurybingi-mediniai-3D-kosminiai-kaladeles-krabas.jpg","contentUrl":"https:\/\/kidsplay.lt\/wp-content\/uploads\/2025\/09\/TOOKY-TOY-kurybingi-mediniai-3D-kosminiai-kaladeles-krabas.jpg","width":1000,"height":1000,"caption":"TOOKY TOY k\u016brybingi mediniai 3D kosminiai kalad\u0117l\u0117s krabas"},{"@type":"BreadcrumbList","@id":"https:\/\/kidsplay.lt\/produktas\/tooky-toy-kurybingi-mediniai-3d-kosminiai-kaladeles-krabas\/#breadcrumb","itemListElement":[{"@type":"ListItem","position":1,"name":"Pagrindinis","item":"https:\/\/kidsplay.lt\/"},{"@type":"ListItem","position":2,"name":"Parduotuv\u0117","item":"https:\/\/kidsplay.lt\/parduotuve\/"},{"@type":"ListItem","position":3,"name":"TOOKY TOY k\u016brybingi mediniai 3D kosminiai kalad\u0117l\u0117s krabas"}]},{"@type":"WebSite","@id":"https:\/\/kidsplay.lt\/#website","url":"https:\/\/kidsplay.lt\/","name":"B\u0113rnu sp\u0113les.lv","description":"\u012evairios prek\u0117s vaikams","publisher":{"@id":"https:\/\/kidsplay.lt\/#organization"},"alternateName":"Kidsplay","potentialAction":[{"@type":"SearchAction","target":{"@type":"EntryPoint","urlTemplate":"https:\/\/kidsplay.lt\/?s={search_term_string}"},"query-input":{"@type":"PropertyValueSpecification","valueRequired":true,"valueName":"search_term_string"}}],"inLanguage":"lv-LV"},{"@type":"Organization","@id":"https:\/\/kidsplay.lt\/#organization","name":"B\u0113rnu sp\u0113le","url":"https:\/\/kidsplay.lt\/","logo":{"@type":"ImageObject","inLanguage":"lv-LV","@id":"https:\/\/kidsplay.lt\/#\/schema\/logo\/image\/","url":"https:\/\/kidsplay.lt\/wp-content\/uploads\/2023\/07\/kidsplay-logo.png","contentUrl":"https:\/\/kidsplay.lt\/wp-content\/uploads\/2023\/07\/kidsplay-logo.png","width":451,"height":98,"caption":"KidsPlay"},"image":{"@id":"https:\/\/kidsplay.lt\/#\/schema\/logo\/image\/"},"sameAs":["https:\/\/www.facebook.com\/www.kidsplay.lt"]}]}},"_links":{"self":[{"href":"https:\/\/kidsplay.lt\/lv\/wp-json\/wp\/v2\/product\/89975","targetHints":{"allow":["GET"]}}],"collection":[{"href":"https:\/\/kidsplay.lt\/lv\/wp-json\/wp\/v2\/product"}],"about":[{"href":"https:\/\/kidsplay.lt\/lv\/wp-json\/wp\/v2\/types\/product"}],"version-history":[{"count":1,"href":"https:\/\/kidsplay.lt\/lv\/wp-json\/wp\/v2\/product\/89975\/revisions"}],"predecessor-version":[{"id":89976,"href":"https:\/\/kidsplay.lt\/lv\/wp-json\/wp\/v2\/product\/89975\/revisions\/89976"}],"wp:featuredmedia":[{"embeddable":true,"href":"https:\/\/kidsplay.lt\/lv\/wp-json\/wp\/v2\/media\/66419"}],"wp:attachment":[{"href":"https:\/\/kidsplay.lt\/lv\/wp-json\/wp\/v2\/media?parent=89975"}],"wp:term":[{"taxonomy":"product_brand","embeddable":true,"href":"https:\/\/kidsplay.lt\/lv\/wp-json\/wp\/v2\/product_brand?post=89975"},{"taxonomy":"product_cat","embeddable":true,"href":"https:\/\/kidsplay.lt\/lv\/wp-json\/wp\/v2\/product_cat?post=89975"},{"taxonomy":"product_tag","embeddable":true,"href":"https:\/\/kidsplay.lt\/lv\/wp-json\/wp\/v2\/product_tag?post=89975"}],"curies":[{"name":"wp","href":"https:\/\/api.w.org\/{rel}","templated":true}]}}