{"id":89983,"date":"2026-02-26T09:35:03","date_gmt":"2026-02-26T07:35:03","guid":{"rendered":"https:\/\/kidsplay.lt\/produktas\/woopie-interaktyvi-automobiliu-trasa-automobiliu-nuotykiai\/"},"modified":"2026-04-07T10:49:32","modified_gmt":"2026-04-07T07:49:32","slug":"woopie-interaktyvi-automobiliu-trasa-automobiliu-nuotykiai","status":"publish","type":"product","link":"https:\/\/kidsplay.lt\/lv\/products\/woopie-interaktyvi-automobiliu-trasa-automobiliu-nuotykiai\/","title":{"rendered":"WOOPIE interaktyvi automobili\u0173 trasa \u201eAutomobili\u0173 nuotykiai\u201c"},"content":{"rendered":"<p>Interaktyvus\u00a0kli\u016b\u010di\u0173 ruo\u017eas \u201e\u00a0Automobilio nuotykis\u00a0\u201c \u2013 unikali dovana ma\u017eiesiems tyrin\u0117tojams, trok\u0161tantiems \u012fdomi\u0173 nuotyki\u0173 ir nepamir\u0161tam\u0173 i\u0161\u0161\u016bki\u0173. Tai daugiau nei \u017eaislas \u2013 tai tikra arena, kurioje vaikai gali tapti vairuotojais ir \u012fveikti \u012fvairias kli\u016btis. D\u0117l i\u0161manaus dizaino ir \u012fvairi\u0173 element\u0173 \u017eaislas si\u016blo nepamir\u0161tam\u0173 akimirk\u0173, kupin\u0173 jaudulio ir i\u0161\u0161\u016bki\u0173. Tai puiki priemon\u0117\u00a0vaizduotei\u00a0ir\u00a0rankiniams\u00a0\u012fg\u016bd\u017eiams\u00a0lavinti , taip pat teikia daugyb\u0119 pramog\u0173. Automobili\u0173 trasa si\u016blo ne tik atrakcionus, bet ir\u00a0dinami\u0161kus\u00a0,\u00a0interaktyvius\u00a0elementus\u00a0, valdomus mygtukais ir ranken\u0117l\u0117mis. Tai \u012fdomus \u017eaidimas, reikalaujantis susikaupimo ir miklumo. Rinkinyje yra trys automobiliai, kurie, priklausomai nuo vaiko vaizduot\u0117s, gali laisvai tyrin\u0117ti tras\u0105. Transporto priemon\u0117s pa\u012fvairins pramogas arba leis vaikams var\u017eytis mar\u0161rute. Va\u017eiavimas trasa atrodo lengvas, ta\u010diau daugyb\u0117 element\u0173, toki\u0173 kaip\u00a0pavaros\u00a0ir\u00a0pakeliamieji tiltai\u00a0,\u00a0pavers kelion\u0119\u00a0adrenalino kupina\u00a0.<\/p>\n<p>Rakstur\u012bgs:<\/p>\n<p> \t&#8211; Judantys elementai\u00a0&#8211; juos valdome naudodami atitinkamus mygtukus ir sukdami atitinkamas ranken\u0117les<br \/>\n \t&#8211;\u00a0\u00a0Automobiliai jud\u0117jo \u201eore\u201c magneto d\u0117ka<br \/>\n \t&#8211; Rinkinyje yra 4 automobiliai<br \/>\n \t&#8211; Vaikai turi planuoti savo veiksmus ir priimti sprendimus, kaip \u012fveikti \u012fvairias kli\u016btis pakeliui<br \/>\n \t&#8211; Trasai\u00a0veikti\u00a0nereikia baterij\u0173<\/p>\n<p>Komplekt\u0101 ietilpst:<\/p>\n<p> \t&#8211; Kli\u016b\u010di\u0173 ruo\u017eas<br \/>\n \t&#8211; 4 atsitiktiniai automobiliai<\/p>\n<p>Rota\u013clieta att\u012bst\u0101s:<\/p>\n<p> \t&#8211; Motoriniai \u012fg\u016bd\u017eiai<br \/>\n \t&#8211; Vaizduot\u0117<br \/>\n \t&#8211; K\u016brybi\u0161kumas<br \/>\n \t&#8211; Logika<\/p>\n<p>\u017daislo funkcijos:<\/p>\n<p> \tPakelta platforma \u2013\u00a0leid\u017eia automobiliams pakilti \u012f tras\u0105, sukuriant dinami\u0161k\u0105 start\u0105<\/p>\n<p> \tJudan\u010dios platformos \u2013\u00a0jos nustato automobilio trajektorij\u0105, nukreipdamos j\u012f skirtingais mar\u0161rutais<\/p>\n<p> \tKilnojamas vik\u0161ras &#8211;\u00a0U\u017ekelia automobil\u012f \u012f stoties vir\u0161\u0173<\/p>\n<p> \tRaketa su magnetu\u00a0&#8211;\u00a0pritraukia automobil\u012f ir nugabena j\u012f iki pakeliamojo tilto<\/p>\n<p> \tPakeliamasis tiltas \u2013\u00a0Raketos ne\u0161amas automobilis prava\u017eiuoja tiltu, kur\u012f galima pakelti ir nuleisti.<\/p>\n<p> \tK\u0117limo platforma \u2013\u00a0platforma pakelia automobil\u012f, leisdama jam gr\u012f\u017eti \u012f tras\u0105 ir t\u0119sti kelion\u0119 iki fini\u0161o linijos.<\/p>","protected":false},"excerpt":{"rendered":"<p>Interaktyvus\u00a0kli\u016b\u010di\u0173 ruo\u017eas \u201e\u00a0Automobilio nuotykis\u00a0\u201c \u2013 unikali dovana ma\u017eiesiems tyrin\u0117tojams, trok\u0161tantiems \u012fdomi\u0173 nuotyki\u0173 ir nepamir\u0161tam\u0173 i\u0161\u0161\u016bki\u0173. Tai daugiau nei \u017eaislas \u2013<\/p>","protected":false},"featured_media":62717,"template":"","meta":{"_acf_changed":false,"_glsr_average":0,"_glsr_ranking":0,"_glsr_reviews":0},"product_brand":[],"product_cat":[448],"product_tag":[],"class_list":{"0":"post-89983","1":"product","2":"type-product","3":"status-publish","4":"has-post-thumbnail","6":"product_cat-automobiliai-ir-transportas","7":"\"style=\"background-color: #2ecc711c;\"","9":"first","10":"instock","11":"purchasable","12":"product-type-simple"},"acf":[],"yoast_head":"<!-- This site is optimized with the Yoast SEO plugin v27.3 - https:\/\/yoast.com\/product\/yoast-seo-wordpress\/ -->\n<title>WOOPIE interaktyvi automobili\u0173 trasa \u201eAutomobili\u0173 nuotykiai\u201c<\/title>\n<meta name=\"description\" content=\"WOOPIE interaktyvi automobili\u0173 trasa \u201eAutomobili\u0173 nuotykiai\u201c - KidsPlay. Did\u017eiausias vaik\u0173 \u017eaisl\u0173 pasirinkimas.\" \/>\n<meta name=\"robots\" content=\"index, follow, max-snippet:-1, max-image-preview:large, max-video-preview:-1\" \/>\n<link rel=\"canonical\" href=\"https:\/\/kidsplay.lt\/lv\/products\/woopie-interaktyvi-automobiliu-trasa-automobiliu-nuotykiai\/\" \/>\n<meta property=\"og:locale\" content=\"lv_LV\" \/>\n<meta property=\"og:type\" content=\"article\" \/>\n<meta property=\"og:title\" content=\"WOOPIE interaktyvi automobili\u0173 trasa \u201eAutomobili\u0173 nuotykiai\u201c\" \/>\n<meta property=\"og:description\" content=\"WOOPIE interaktyvi automobili\u0173 trasa \u201eAutomobili\u0173 nuotykiai\u201c - KidsPlay. Did\u017eiausias vaik\u0173 \u017eaisl\u0173 pasirinkimas.\" \/>\n<meta property=\"og:url\" content=\"https:\/\/kidsplay.lt\/lv\/products\/woopie-interaktyvi-automobiliu-trasa-automobiliu-nuotykiai\/\" \/>\n<meta property=\"og:site_name\" content=\"KidsPlay\" \/>\n<meta property=\"article:publisher\" content=\"https:\/\/www.facebook.com\/www.kidsplay.lt\" \/>\n<meta property=\"article:modified_time\" content=\"2026-04-07T07:49:32+00:00\" \/>\n<meta property=\"og:image\" content=\"https:\/\/kidsplay.lt\/wp-content\/uploads\/2025\/09\/WOOPIE-interaktyvi-automobiliu-trasa-\u201eAutomobiliu-nuotykiai.jpg\" \/>\n\t<meta property=\"og:image:width\" content=\"1000\" \/>\n\t<meta property=\"og:image:height\" content=\"1000\" \/>\n\t<meta property=\"og:image:type\" content=\"image\/jpeg\" \/>\n<meta name=\"twitter:card\" content=\"summary_large_image\" \/>\n<meta name=\"twitter:label1\" content=\"Est. reading time\" \/>\n\t<meta name=\"twitter:data1\" content=\"1 min\u016bte\" \/>\n<script type=\"application\/ld+json\" class=\"yoast-schema-graph\">{\"@context\":\"https:\\\/\\\/schema.org\",\"@graph\":[{\"@type\":\"WebPage\",\"@id\":\"https:\\\/\\\/kidsplay.lt\\\/produktas\\\/woopie-interaktyvi-automobiliu-trasa-automobiliu-nuotykiai\\\/\",\"url\":\"https:\\\/\\\/kidsplay.lt\\\/produktas\\\/woopie-interaktyvi-automobiliu-trasa-automobiliu-nuotykiai\\\/\",\"name\":\"WOOPIE interaktyvi automobili\u0173 trasa \u201eAutomobili\u0173 nuotykiai\u201c\",\"isPartOf\":{\"@id\":\"https:\\\/\\\/kidsplay.lt\\\/#website\"},\"primaryImageOfPage\":{\"@id\":\"https:\\\/\\\/kidsplay.lt\\\/produktas\\\/woopie-interaktyvi-automobiliu-trasa-automobiliu-nuotykiai\\\/#primaryimage\"},\"image\":{\"@id\":\"https:\\\/\\\/kidsplay.lt\\\/produktas\\\/woopie-interaktyvi-automobiliu-trasa-automobiliu-nuotykiai\\\/#primaryimage\"},\"thumbnailUrl\":\"https:\\\/\\\/kidsplay.lt\\\/wp-content\\\/uploads\\\/2025\\\/09\\\/WOOPIE-interaktyvi-automobiliu-trasa-\u201eAutomobiliu-nuotykiai.jpg\",\"datePublished\":\"2026-02-26T07:35:03+00:00\",\"dateModified\":\"2026-04-07T07:49:32+00:00\",\"description\":\"WOOPIE interaktyvi automobili\u0173 trasa \u201eAutomobili\u0173 nuotykiai\u201c - KidsPlay. Did\u017eiausias vaik\u0173 \u017eaisl\u0173 pasirinkimas.\",\"breadcrumb\":{\"@id\":\"https:\\\/\\\/kidsplay.lt\\\/produktas\\\/woopie-interaktyvi-automobiliu-trasa-automobiliu-nuotykiai\\\/#breadcrumb\"},\"inLanguage\":\"lv-LV\",\"potentialAction\":[{\"@type\":\"ReadAction\",\"target\":[\"https:\\\/\\\/kidsplay.lt\\\/produktas\\\/woopie-interaktyvi-automobiliu-trasa-automobiliu-nuotykiai\\\/\"]}]},{\"@type\":\"ImageObject\",\"inLanguage\":\"lv-LV\",\"@id\":\"https:\\\/\\\/kidsplay.lt\\\/produktas\\\/woopie-interaktyvi-automobiliu-trasa-automobiliu-nuotykiai\\\/#primaryimage\",\"url\":\"https:\\\/\\\/kidsplay.lt\\\/wp-content\\\/uploads\\\/2025\\\/09\\\/WOOPIE-interaktyvi-automobiliu-trasa-\u201eAutomobiliu-nuotykiai.jpg\",\"contentUrl\":\"https:\\\/\\\/kidsplay.lt\\\/wp-content\\\/uploads\\\/2025\\\/09\\\/WOOPIE-interaktyvi-automobiliu-trasa-\u201eAutomobiliu-nuotykiai.jpg\",\"width\":1000,\"height\":1000,\"caption\":\"WOOPIE interaktyvi automobili\u0173 trasa \u201eAutomobili\u0173 nuotykiai\u201c\"},{\"@type\":\"BreadcrumbList\",\"@id\":\"https:\\\/\\\/kidsplay.lt\\\/produktas\\\/woopie-interaktyvi-automobiliu-trasa-automobiliu-nuotykiai\\\/#breadcrumb\",\"itemListElement\":[{\"@type\":\"ListItem\",\"position\":1,\"name\":\"Pagrindinis\",\"item\":\"https:\\\/\\\/kidsplay.lt\\\/\"},{\"@type\":\"ListItem\",\"position\":2,\"name\":\"Parduotuv\u0117\",\"item\":\"https:\\\/\\\/kidsplay.lt\\\/parduotuve\\\/\"},{\"@type\":\"ListItem\",\"position\":3,\"name\":\"WOOPIE interaktyvi automobili\u0173 trasa \u201eAutomobili\u0173 nuotykiai\u201c\"}]},{\"@type\":\"WebSite\",\"@id\":\"https:\\\/\\\/kidsplay.lt\\\/#website\",\"url\":\"https:\\\/\\\/kidsplay.lt\\\/\",\"name\":\"Kidsplay.lt\",\"description\":\"\u012evairios prek\u0117s vaikams\",\"publisher\":{\"@id\":\"https:\\\/\\\/kidsplay.lt\\\/#organization\"},\"alternateName\":\"Kidsplay\",\"potentialAction\":[{\"@type\":\"SearchAction\",\"target\":{\"@type\":\"EntryPoint\",\"urlTemplate\":\"https:\\\/\\\/kidsplay.lt\\\/?s={search_term_string}\"},\"query-input\":{\"@type\":\"PropertyValueSpecification\",\"valueRequired\":true,\"valueName\":\"search_term_string\"}}],\"inLanguage\":\"lv-LV\"},{\"@type\":\"Organization\",\"@id\":\"https:\\\/\\\/kidsplay.lt\\\/#organization\",\"name\":\"KidsPlay\",\"url\":\"https:\\\/\\\/kidsplay.lt\\\/\",\"logo\":{\"@type\":\"ImageObject\",\"inLanguage\":\"lv-LV\",\"@id\":\"https:\\\/\\\/kidsplay.lt\\\/#\\\/schema\\\/logo\\\/image\\\/\",\"url\":\"https:\\\/\\\/kidsplay.lt\\\/wp-content\\\/uploads\\\/2023\\\/07\\\/kidsplay-logo.png\",\"contentUrl\":\"https:\\\/\\\/kidsplay.lt\\\/wp-content\\\/uploads\\\/2023\\\/07\\\/kidsplay-logo.png\",\"width\":451,\"height\":98,\"caption\":\"KidsPlay\"},\"image\":{\"@id\":\"https:\\\/\\\/kidsplay.lt\\\/#\\\/schema\\\/logo\\\/image\\\/\"},\"sameAs\":[\"https:\\\/\\\/www.facebook.com\\\/www.kidsplay.lt\"]}]}<\/script>\n<!-- \/ Yoast SEO plugin. -->","yoast_head_json":{"title":"WOOPIE interaktyvi automobili\u0173 trasa \u201eAutomobili\u0173 nuotykiai\u201c","description":"WOOPIE interaktyvi automobili\u0173 trasa \u201eAutomobili\u0173 nuotykiai\u201c - KidsPlay. Did\u017eiausias vaik\u0173 \u017eaisl\u0173 pasirinkimas.","robots":{"index":"index","follow":"follow","max-snippet":"max-snippet:-1","max-image-preview":"max-image-preview:large","max-video-preview":"max-video-preview:-1"},"canonical":"https:\/\/kidsplay.lt\/lv\/products\/woopie-interaktyvi-automobiliu-trasa-automobiliu-nuotykiai\/","og_locale":"lv_LV","og_type":"article","og_title":"WOOPIE interaktyvi automobili\u0173 trasa \u201eAutomobili\u0173 nuotykiai\u201c","og_description":"WOOPIE interaktyvi automobili\u0173 trasa \u201eAutomobili\u0173 nuotykiai\u201c - KidsPlay. Did\u017eiausias vaik\u0173 \u017eaisl\u0173 pasirinkimas.","og_url":"https:\/\/kidsplay.lt\/lv\/products\/woopie-interaktyvi-automobiliu-trasa-automobiliu-nuotykiai\/","og_site_name":"KidsPlay","article_publisher":"https:\/\/www.facebook.com\/www.kidsplay.lt","article_modified_time":"2026-04-07T07:49:32+00:00","og_image":[{"width":1000,"height":1000,"url":"https:\/\/kidsplay.lt\/wp-content\/uploads\/2025\/09\/WOOPIE-interaktyvi-automobiliu-trasa-\u201eAutomobiliu-nuotykiai.jpg","type":"image\/jpeg"}],"twitter_card":"summary_large_image","twitter_misc":{"Est. reading time":"1 min\u016bte"},"schema":{"@context":"https:\/\/schema.org","@graph":[{"@type":"WebPage","@id":"https:\/\/kidsplay.lt\/produktas\/woopie-interaktyvi-automobiliu-trasa-automobiliu-nuotykiai\/","url":"https:\/\/kidsplay.lt\/produktas\/woopie-interaktyvi-automobiliu-trasa-automobiliu-nuotykiai\/","name":"WOOPIE interaktyvi automobili\u0173 trasa \u201eAutomobili\u0173 nuotykiai\u201c","isPartOf":{"@id":"https:\/\/kidsplay.lt\/#website"},"primaryImageOfPage":{"@id":"https:\/\/kidsplay.lt\/produktas\/woopie-interaktyvi-automobiliu-trasa-automobiliu-nuotykiai\/#primaryimage"},"image":{"@id":"https:\/\/kidsplay.lt\/produktas\/woopie-interaktyvi-automobiliu-trasa-automobiliu-nuotykiai\/#primaryimage"},"thumbnailUrl":"https:\/\/kidsplay.lt\/wp-content\/uploads\/2025\/09\/WOOPIE-interaktyvi-automobiliu-trasa-\u201eAutomobiliu-nuotykiai.jpg","datePublished":"2026-02-26T07:35:03+00:00","dateModified":"2026-04-07T07:49:32+00:00","description":"WOOPIE interaktyvi automobili\u0173 trasa \u201eAutomobili\u0173 nuotykiai\u201c - KidsPlay. Did\u017eiausias vaik\u0173 \u017eaisl\u0173 pasirinkimas.","breadcrumb":{"@id":"https:\/\/kidsplay.lt\/produktas\/woopie-interaktyvi-automobiliu-trasa-automobiliu-nuotykiai\/#breadcrumb"},"inLanguage":"lv-LV","potentialAction":[{"@type":"ReadAction","target":["https:\/\/kidsplay.lt\/produktas\/woopie-interaktyvi-automobiliu-trasa-automobiliu-nuotykiai\/"]}]},{"@type":"ImageObject","inLanguage":"lv-LV","@id":"https:\/\/kidsplay.lt\/produktas\/woopie-interaktyvi-automobiliu-trasa-automobiliu-nuotykiai\/#primaryimage","url":"https:\/\/kidsplay.lt\/wp-content\/uploads\/2025\/09\/WOOPIE-interaktyvi-automobiliu-trasa-\u201eAutomobiliu-nuotykiai.jpg","contentUrl":"https:\/\/kidsplay.lt\/wp-content\/uploads\/2025\/09\/WOOPIE-interaktyvi-automobiliu-trasa-\u201eAutomobiliu-nuotykiai.jpg","width":1000,"height":1000,"caption":"WOOPIE interaktyvi automobili\u0173 trasa \u201eAutomobili\u0173 nuotykiai\u201c"},{"@type":"BreadcrumbList","@id":"https:\/\/kidsplay.lt\/produktas\/woopie-interaktyvi-automobiliu-trasa-automobiliu-nuotykiai\/#breadcrumb","itemListElement":[{"@type":"ListItem","position":1,"name":"Pagrindinis","item":"https:\/\/kidsplay.lt\/"},{"@type":"ListItem","position":2,"name":"Parduotuv\u0117","item":"https:\/\/kidsplay.lt\/parduotuve\/"},{"@type":"ListItem","position":3,"name":"WOOPIE interaktyvi automobili\u0173 trasa \u201eAutomobili\u0173 nuotykiai\u201c"}]},{"@type":"WebSite","@id":"https:\/\/kidsplay.lt\/#website","url":"https:\/\/kidsplay.lt\/","name":"B\u0113rnu sp\u0113les.lv","description":"\u012evairios prek\u0117s vaikams","publisher":{"@id":"https:\/\/kidsplay.lt\/#organization"},"alternateName":"Kidsplay","potentialAction":[{"@type":"SearchAction","target":{"@type":"EntryPoint","urlTemplate":"https:\/\/kidsplay.lt\/?s={search_term_string}"},"query-input":{"@type":"PropertyValueSpecification","valueRequired":true,"valueName":"search_term_string"}}],"inLanguage":"lv-LV"},{"@type":"Organization","@id":"https:\/\/kidsplay.lt\/#organization","name":"B\u0113rnu sp\u0113le","url":"https:\/\/kidsplay.lt\/","logo":{"@type":"ImageObject","inLanguage":"lv-LV","@id":"https:\/\/kidsplay.lt\/#\/schema\/logo\/image\/","url":"https:\/\/kidsplay.lt\/wp-content\/uploads\/2023\/07\/kidsplay-logo.png","contentUrl":"https:\/\/kidsplay.lt\/wp-content\/uploads\/2023\/07\/kidsplay-logo.png","width":451,"height":98,"caption":"KidsPlay"},"image":{"@id":"https:\/\/kidsplay.lt\/#\/schema\/logo\/image\/"},"sameAs":["https:\/\/www.facebook.com\/www.kidsplay.lt"]}]}},"_links":{"self":[{"href":"https:\/\/kidsplay.lt\/lv\/wp-json\/wp\/v2\/product\/89983","targetHints":{"allow":["GET"]}}],"collection":[{"href":"https:\/\/kidsplay.lt\/lv\/wp-json\/wp\/v2\/product"}],"about":[{"href":"https:\/\/kidsplay.lt\/lv\/wp-json\/wp\/v2\/types\/product"}],"version-history":[{"count":1,"href":"https:\/\/kidsplay.lt\/lv\/wp-json\/wp\/v2\/product\/89983\/revisions"}],"predecessor-version":[{"id":89984,"href":"https:\/\/kidsplay.lt\/lv\/wp-json\/wp\/v2\/product\/89983\/revisions\/89984"}],"wp:featuredmedia":[{"embeddable":true,"href":"https:\/\/kidsplay.lt\/lv\/wp-json\/wp\/v2\/media\/62717"}],"wp:attachment":[{"href":"https:\/\/kidsplay.lt\/lv\/wp-json\/wp\/v2\/media?parent=89983"}],"wp:term":[{"taxonomy":"product_brand","embeddable":true,"href":"https:\/\/kidsplay.lt\/lv\/wp-json\/wp\/v2\/product_brand?post=89983"},{"taxonomy":"product_cat","embeddable":true,"href":"https:\/\/kidsplay.lt\/lv\/wp-json\/wp\/v2\/product_cat?post=89983"},{"taxonomy":"product_tag","embeddable":true,"href":"https:\/\/kidsplay.lt\/lv\/wp-json\/wp\/v2\/product_tag?post=89983"}],"curies":[{"name":"wp","href":"https:\/\/api.w.org\/{rel}","templated":true}]}}