{"id":89995,"date":"2026-02-26T09:35:22","date_gmt":"2026-02-26T07:35:22","guid":{"rendered":"https:\/\/kidsplay.lt\/produktas\/woopie-elektroninis-taupykles-seifas-bankomatui-su-pin-prieigos-kodu-krabo-formos-kuprine-melyna\/"},"modified":"2026-04-07T10:49:48","modified_gmt":"2026-04-07T07:49:48","slug":"woopie-elektroninis-taupykles-seifas-bankomatui-su-pin-prieigos-kodu-krabo-formos-kuprine-melyna","status":"publish","type":"product","link":"https:\/\/kidsplay.lt\/lv\/products\/woopie-elektroninis-taupykles-seifas-bankomatui-su-pin-prieigos-kodu-krabo-formos-kuprine-melyna\/","title":{"rendered":"WOOPIE elektroninis taupykl\u0117s seifas bankomatui su PIN prieigos kodu, krabo formos kuprin\u0117, m\u0117lyna"},"content":{"rendered":"<p>WOOPIE\u00a0elektronin\u0117\u00a0taupykl\u0117 su kodu\u00a0yra daugiafunkcis produktas, kur\u012f j\u016bs\u0173 vaikas tikrai pamils! Krabas skirtas\u00a0monetoms, banknotams ir kitiems ma\u017eesniems \u017eaislams laikyti.\u00a0Taupykl\u0117je yra special\u016bs skyreliai banknotams ir monetoms,\u00a0pir\u0161t\u0173 atspaud\u0173 skaitytuvas\u00a0, klaviat\u016bra\u00a0kodui\u00a0\u012fvesti ir\u00a0ranken\u0117l\u0117 atidarymui\u00a0. Be to, elektroninis krabas skleid\u017eia garsus! Prireikus \u017eaisl\u0105 galima lengvai nustatyti i\u0161 naujo ir nauj\u0105 kod\u0105.<\/p>\n<p>Rakstur\u012bgs:<\/p>\n<p> \t&#8211;\u00a0\u017daislas nuo 3 met\u0173 am\u017eiaus<br \/>\n \t&#8211; \u017daislas angl\u0173 kalba<br \/>\n \t&#8211; Saugu vaikams<br \/>\n \t&#8211; Interaktyvus<br \/>\n \t&#8211; Daugiafunkcis (taupykl\u0117, seifas, kuprin\u0117)<br \/>\n \t&#8211; Paspaudus kodo numerius, \u017eaislas juos \u012fvardija angl\u0173 kalba<br \/>\n \t&#8211; Kiaul\u0117 taupykl\u0117 groja dainas paspaudus atitinkam\u0105 skai\u010di\u0173<\/p>","protected":false},"excerpt":{"rendered":"<p>WOOPIE\u00a0elektronin\u0117\u00a0taupykl\u0117 su kodu\u00a0yra daugiafunkcis produktas, kur\u012f j\u016bs\u0173 vaikas tikrai pamils! Krabas skirtas\u00a0monetoms, banknotams ir kitiems ma\u017eesniems \u017eaislams laikyti.\u00a0Taupykl\u0117je yra special\u016bs<\/p>","protected":false},"featured_media":66481,"template":"","meta":{"_acf_changed":false,"_glsr_average":0,"_glsr_ranking":0,"_glsr_reviews":0},"product_brand":[],"product_cat":[388,229],"product_tag":[],"class_list":{"0":"post-89995","1":"product","2":"type-product","3":"status-publish","4":"has-post-thumbnail","6":"product_cat-edukaciniai-lavinamieji-zaislai","7":"product_cat-zaislai-vaikams","8":"\"style=\"background-color: #2ecc711c;\"","10":"first","11":"instock","12":"purchasable","13":"product-type-simple"},"acf":[],"yoast_head":"<!-- This site is optimized with the Yoast SEO plugin v27.3 - https:\/\/yoast.com\/product\/yoast-seo-wordpress\/ -->\n<title>WOOPIE elektroninis taupykl\u0117s seifas bankomatui su PIN prieigos kodu, krabo formos kuprin\u0117, m\u0117lyna<\/title>\n<meta name=\"description\" content=\"WOOPIE elektroninis taupykl\u0117s seifas bankomatui su PIN prieigos kodu, krabo formos kuprin\u0117, m\u0117lyna - KidsPlay. Did\u017eiausias vaik\u0173 \u017eaisl\u0173 pasirinkimas.\" \/>\n<meta name=\"robots\" content=\"index, follow, max-snippet:-1, max-image-preview:large, max-video-preview:-1\" \/>\n<link rel=\"canonical\" href=\"https:\/\/kidsplay.lt\/lv\/products\/woopie-elektroninis-taupykles-seifas-bankomatui-su-pin-prieigos-kodu-krabo-formos-kuprine-melyna\/\" \/>\n<meta property=\"og:locale\" content=\"lv_LV\" \/>\n<meta property=\"og:type\" content=\"article\" \/>\n<meta property=\"og:title\" content=\"WOOPIE elektroninis taupykl\u0117s seifas bankomatui su PIN prieigos kodu, krabo formos kuprin\u0117, m\u0117lyna\" \/>\n<meta property=\"og:description\" content=\"WOOPIE elektroninis taupykl\u0117s seifas bankomatui su PIN prieigos kodu, krabo formos kuprin\u0117, m\u0117lyna - KidsPlay. Did\u017eiausias vaik\u0173 \u017eaisl\u0173 pasirinkimas.\" \/>\n<meta property=\"og:url\" content=\"https:\/\/kidsplay.lt\/lv\/products\/woopie-elektroninis-taupykles-seifas-bankomatui-su-pin-prieigos-kodu-krabo-formos-kuprine-melyna\/\" \/>\n<meta property=\"og:site_name\" content=\"KidsPlay\" \/>\n<meta property=\"article:publisher\" content=\"https:\/\/www.facebook.com\/www.kidsplay.lt\" \/>\n<meta property=\"article:modified_time\" content=\"2026-04-07T07:49:48+00:00\" \/>\n<meta property=\"og:image\" content=\"https:\/\/kidsplay.lt\/wp-content\/uploads\/2025\/09\/WOOPIE-elektroninis-taupykles-seifas-bankomatui-su-PIN-prieigos-kodu-krabo-formos-kuprine-melyna.jpg\" \/>\n\t<meta property=\"og:image:width\" content=\"1000\" \/>\n\t<meta property=\"og:image:height\" content=\"1000\" \/>\n\t<meta property=\"og:image:type\" content=\"image\/jpeg\" \/>\n<meta name=\"twitter:card\" content=\"summary_large_image\" \/>\n<meta name=\"twitter:label1\" content=\"Est. reading time\" \/>\n\t<meta name=\"twitter:data1\" content=\"1 min\u016bte\" \/>\n<script type=\"application\/ld+json\" class=\"yoast-schema-graph\">{\"@context\":\"https:\\\/\\\/schema.org\",\"@graph\":[{\"@type\":\"WebPage\",\"@id\":\"https:\\\/\\\/kidsplay.lt\\\/produktas\\\/woopie-elektroninis-taupykles-seifas-bankomatui-su-pin-prieigos-kodu-krabo-formos-kuprine-melyna\\\/\",\"url\":\"https:\\\/\\\/kidsplay.lt\\\/produktas\\\/woopie-elektroninis-taupykles-seifas-bankomatui-su-pin-prieigos-kodu-krabo-formos-kuprine-melyna\\\/\",\"name\":\"WOOPIE elektroninis taupykl\u0117s seifas bankomatui su PIN prieigos kodu, krabo formos kuprin\u0117, m\u0117lyna\",\"isPartOf\":{\"@id\":\"https:\\\/\\\/kidsplay.lt\\\/#website\"},\"primaryImageOfPage\":{\"@id\":\"https:\\\/\\\/kidsplay.lt\\\/produktas\\\/woopie-elektroninis-taupykles-seifas-bankomatui-su-pin-prieigos-kodu-krabo-formos-kuprine-melyna\\\/#primaryimage\"},\"image\":{\"@id\":\"https:\\\/\\\/kidsplay.lt\\\/produktas\\\/woopie-elektroninis-taupykles-seifas-bankomatui-su-pin-prieigos-kodu-krabo-formos-kuprine-melyna\\\/#primaryimage\"},\"thumbnailUrl\":\"https:\\\/\\\/kidsplay.lt\\\/wp-content\\\/uploads\\\/2025\\\/09\\\/WOOPIE-elektroninis-taupykles-seifas-bankomatui-su-PIN-prieigos-kodu-krabo-formos-kuprine-melyna.jpg\",\"datePublished\":\"2026-02-26T07:35:22+00:00\",\"dateModified\":\"2026-04-07T07:49:48+00:00\",\"description\":\"WOOPIE elektroninis taupykl\u0117s seifas bankomatui su PIN prieigos kodu, krabo formos kuprin\u0117, m\u0117lyna - KidsPlay. Did\u017eiausias vaik\u0173 \u017eaisl\u0173 pasirinkimas.\",\"breadcrumb\":{\"@id\":\"https:\\\/\\\/kidsplay.lt\\\/produktas\\\/woopie-elektroninis-taupykles-seifas-bankomatui-su-pin-prieigos-kodu-krabo-formos-kuprine-melyna\\\/#breadcrumb\"},\"inLanguage\":\"lv-LV\",\"potentialAction\":[{\"@type\":\"ReadAction\",\"target\":[\"https:\\\/\\\/kidsplay.lt\\\/produktas\\\/woopie-elektroninis-taupykles-seifas-bankomatui-su-pin-prieigos-kodu-krabo-formos-kuprine-melyna\\\/\"]}]},{\"@type\":\"ImageObject\",\"inLanguage\":\"lv-LV\",\"@id\":\"https:\\\/\\\/kidsplay.lt\\\/produktas\\\/woopie-elektroninis-taupykles-seifas-bankomatui-su-pin-prieigos-kodu-krabo-formos-kuprine-melyna\\\/#primaryimage\",\"url\":\"https:\\\/\\\/kidsplay.lt\\\/wp-content\\\/uploads\\\/2025\\\/09\\\/WOOPIE-elektroninis-taupykles-seifas-bankomatui-su-PIN-prieigos-kodu-krabo-formos-kuprine-melyna.jpg\",\"contentUrl\":\"https:\\\/\\\/kidsplay.lt\\\/wp-content\\\/uploads\\\/2025\\\/09\\\/WOOPIE-elektroninis-taupykles-seifas-bankomatui-su-PIN-prieigos-kodu-krabo-formos-kuprine-melyna.jpg\",\"width\":1000,\"height\":1000,\"caption\":\"WOOPIE elektroninis taupykl\u0117s seifas bankomatui su PIN prieigos kodu\"},{\"@type\":\"BreadcrumbList\",\"@id\":\"https:\\\/\\\/kidsplay.lt\\\/produktas\\\/woopie-elektroninis-taupykles-seifas-bankomatui-su-pin-prieigos-kodu-krabo-formos-kuprine-melyna\\\/#breadcrumb\",\"itemListElement\":[{\"@type\":\"ListItem\",\"position\":1,\"name\":\"Pagrindinis\",\"item\":\"https:\\\/\\\/kidsplay.lt\\\/\"},{\"@type\":\"ListItem\",\"position\":2,\"name\":\"Parduotuv\u0117\",\"item\":\"https:\\\/\\\/kidsplay.lt\\\/parduotuve\\\/\"},{\"@type\":\"ListItem\",\"position\":3,\"name\":\"WOOPIE elektroninis taupykl\u0117s seifas bankomatui su PIN prieigos kodu, krabo formos kuprin\u0117, m\u0117lyna\"}]},{\"@type\":\"WebSite\",\"@id\":\"https:\\\/\\\/kidsplay.lt\\\/#website\",\"url\":\"https:\\\/\\\/kidsplay.lt\\\/\",\"name\":\"Kidsplay.lt\",\"description\":\"\u012evairios prek\u0117s vaikams\",\"publisher\":{\"@id\":\"https:\\\/\\\/kidsplay.lt\\\/#organization\"},\"alternateName\":\"Kidsplay\",\"potentialAction\":[{\"@type\":\"SearchAction\",\"target\":{\"@type\":\"EntryPoint\",\"urlTemplate\":\"https:\\\/\\\/kidsplay.lt\\\/?s={search_term_string}\"},\"query-input\":{\"@type\":\"PropertyValueSpecification\",\"valueRequired\":true,\"valueName\":\"search_term_string\"}}],\"inLanguage\":\"lv-LV\"},{\"@type\":\"Organization\",\"@id\":\"https:\\\/\\\/kidsplay.lt\\\/#organization\",\"name\":\"KidsPlay\",\"url\":\"https:\\\/\\\/kidsplay.lt\\\/\",\"logo\":{\"@type\":\"ImageObject\",\"inLanguage\":\"lv-LV\",\"@id\":\"https:\\\/\\\/kidsplay.lt\\\/#\\\/schema\\\/logo\\\/image\\\/\",\"url\":\"https:\\\/\\\/kidsplay.lt\\\/wp-content\\\/uploads\\\/2023\\\/07\\\/kidsplay-logo.png\",\"contentUrl\":\"https:\\\/\\\/kidsplay.lt\\\/wp-content\\\/uploads\\\/2023\\\/07\\\/kidsplay-logo.png\",\"width\":451,\"height\":98,\"caption\":\"KidsPlay\"},\"image\":{\"@id\":\"https:\\\/\\\/kidsplay.lt\\\/#\\\/schema\\\/logo\\\/image\\\/\"},\"sameAs\":[\"https:\\\/\\\/www.facebook.com\\\/www.kidsplay.lt\"]}]}<\/script>\n<!-- \/ Yoast SEO plugin. -->","yoast_head_json":{"title":"WOOPIE elektroninis taupykl\u0117s seifas bankomatui su PIN prieigos kodu, krabo formos kuprin\u0117, m\u0117lyna","description":"WOOPIE elektroninis taupykl\u0117s seifas bankomatui su PIN prieigos kodu, krabo formos kuprin\u0117, m\u0117lyna - KidsPlay. Did\u017eiausias vaik\u0173 \u017eaisl\u0173 pasirinkimas.","robots":{"index":"index","follow":"follow","max-snippet":"max-snippet:-1","max-image-preview":"max-image-preview:large","max-video-preview":"max-video-preview:-1"},"canonical":"https:\/\/kidsplay.lt\/lv\/products\/woopie-elektroninis-taupykles-seifas-bankomatui-su-pin-prieigos-kodu-krabo-formos-kuprine-melyna\/","og_locale":"lv_LV","og_type":"article","og_title":"WOOPIE elektroninis taupykl\u0117s seifas bankomatui su PIN prieigos kodu, krabo formos kuprin\u0117, m\u0117lyna","og_description":"WOOPIE elektroninis taupykl\u0117s seifas bankomatui su PIN prieigos kodu, krabo formos kuprin\u0117, m\u0117lyna - KidsPlay. Did\u017eiausias vaik\u0173 \u017eaisl\u0173 pasirinkimas.","og_url":"https:\/\/kidsplay.lt\/lv\/products\/woopie-elektroninis-taupykles-seifas-bankomatui-su-pin-prieigos-kodu-krabo-formos-kuprine-melyna\/","og_site_name":"KidsPlay","article_publisher":"https:\/\/www.facebook.com\/www.kidsplay.lt","article_modified_time":"2026-04-07T07:49:48+00:00","og_image":[{"width":1000,"height":1000,"url":"https:\/\/kidsplay.lt\/wp-content\/uploads\/2025\/09\/WOOPIE-elektroninis-taupykles-seifas-bankomatui-su-PIN-prieigos-kodu-krabo-formos-kuprine-melyna.jpg","type":"image\/jpeg"}],"twitter_card":"summary_large_image","twitter_misc":{"Est. reading time":"1 min\u016bte"},"schema":{"@context":"https:\/\/schema.org","@graph":[{"@type":"WebPage","@id":"https:\/\/kidsplay.lt\/produktas\/woopie-elektroninis-taupykles-seifas-bankomatui-su-pin-prieigos-kodu-krabo-formos-kuprine-melyna\/","url":"https:\/\/kidsplay.lt\/produktas\/woopie-elektroninis-taupykles-seifas-bankomatui-su-pin-prieigos-kodu-krabo-formos-kuprine-melyna\/","name":"WOOPIE elektroninis taupykl\u0117s seifas bankomatui su PIN prieigos kodu, krabo formos kuprin\u0117, m\u0117lyna","isPartOf":{"@id":"https:\/\/kidsplay.lt\/#website"},"primaryImageOfPage":{"@id":"https:\/\/kidsplay.lt\/produktas\/woopie-elektroninis-taupykles-seifas-bankomatui-su-pin-prieigos-kodu-krabo-formos-kuprine-melyna\/#primaryimage"},"image":{"@id":"https:\/\/kidsplay.lt\/produktas\/woopie-elektroninis-taupykles-seifas-bankomatui-su-pin-prieigos-kodu-krabo-formos-kuprine-melyna\/#primaryimage"},"thumbnailUrl":"https:\/\/kidsplay.lt\/wp-content\/uploads\/2025\/09\/WOOPIE-elektroninis-taupykles-seifas-bankomatui-su-PIN-prieigos-kodu-krabo-formos-kuprine-melyna.jpg","datePublished":"2026-02-26T07:35:22+00:00","dateModified":"2026-04-07T07:49:48+00:00","description":"WOOPIE elektroninis taupykl\u0117s seifas bankomatui su PIN prieigos kodu, krabo formos kuprin\u0117, m\u0117lyna - KidsPlay. Did\u017eiausias vaik\u0173 \u017eaisl\u0173 pasirinkimas.","breadcrumb":{"@id":"https:\/\/kidsplay.lt\/produktas\/woopie-elektroninis-taupykles-seifas-bankomatui-su-pin-prieigos-kodu-krabo-formos-kuprine-melyna\/#breadcrumb"},"inLanguage":"lv-LV","potentialAction":[{"@type":"ReadAction","target":["https:\/\/kidsplay.lt\/produktas\/woopie-elektroninis-taupykles-seifas-bankomatui-su-pin-prieigos-kodu-krabo-formos-kuprine-melyna\/"]}]},{"@type":"ImageObject","inLanguage":"lv-LV","@id":"https:\/\/kidsplay.lt\/produktas\/woopie-elektroninis-taupykles-seifas-bankomatui-su-pin-prieigos-kodu-krabo-formos-kuprine-melyna\/#primaryimage","url":"https:\/\/kidsplay.lt\/wp-content\/uploads\/2025\/09\/WOOPIE-elektroninis-taupykles-seifas-bankomatui-su-PIN-prieigos-kodu-krabo-formos-kuprine-melyna.jpg","contentUrl":"https:\/\/kidsplay.lt\/wp-content\/uploads\/2025\/09\/WOOPIE-elektroninis-taupykles-seifas-bankomatui-su-PIN-prieigos-kodu-krabo-formos-kuprine-melyna.jpg","width":1000,"height":1000,"caption":"WOOPIE elektroninis taupykl\u0117s seifas bankomatui su PIN prieigos kodu"},{"@type":"BreadcrumbList","@id":"https:\/\/kidsplay.lt\/produktas\/woopie-elektroninis-taupykles-seifas-bankomatui-su-pin-prieigos-kodu-krabo-formos-kuprine-melyna\/#breadcrumb","itemListElement":[{"@type":"ListItem","position":1,"name":"Pagrindinis","item":"https:\/\/kidsplay.lt\/"},{"@type":"ListItem","position":2,"name":"Parduotuv\u0117","item":"https:\/\/kidsplay.lt\/parduotuve\/"},{"@type":"ListItem","position":3,"name":"WOOPIE elektroninis taupykl\u0117s seifas bankomatui su PIN prieigos kodu, krabo formos kuprin\u0117, m\u0117lyna"}]},{"@type":"WebSite","@id":"https:\/\/kidsplay.lt\/#website","url":"https:\/\/kidsplay.lt\/","name":"B\u0113rnu sp\u0113les.lv","description":"\u012evairios prek\u0117s vaikams","publisher":{"@id":"https:\/\/kidsplay.lt\/#organization"},"alternateName":"Kidsplay","potentialAction":[{"@type":"SearchAction","target":{"@type":"EntryPoint","urlTemplate":"https:\/\/kidsplay.lt\/?s={search_term_string}"},"query-input":{"@type":"PropertyValueSpecification","valueRequired":true,"valueName":"search_term_string"}}],"inLanguage":"lv-LV"},{"@type":"Organization","@id":"https:\/\/kidsplay.lt\/#organization","name":"B\u0113rnu sp\u0113le","url":"https:\/\/kidsplay.lt\/","logo":{"@type":"ImageObject","inLanguage":"lv-LV","@id":"https:\/\/kidsplay.lt\/#\/schema\/logo\/image\/","url":"https:\/\/kidsplay.lt\/wp-content\/uploads\/2023\/07\/kidsplay-logo.png","contentUrl":"https:\/\/kidsplay.lt\/wp-content\/uploads\/2023\/07\/kidsplay-logo.png","width":451,"height":98,"caption":"KidsPlay"},"image":{"@id":"https:\/\/kidsplay.lt\/#\/schema\/logo\/image\/"},"sameAs":["https:\/\/www.facebook.com\/www.kidsplay.lt"]}]}},"_links":{"self":[{"href":"https:\/\/kidsplay.lt\/lv\/wp-json\/wp\/v2\/product\/89995","targetHints":{"allow":["GET"]}}],"collection":[{"href":"https:\/\/kidsplay.lt\/lv\/wp-json\/wp\/v2\/product"}],"about":[{"href":"https:\/\/kidsplay.lt\/lv\/wp-json\/wp\/v2\/types\/product"}],"version-history":[{"count":1,"href":"https:\/\/kidsplay.lt\/lv\/wp-json\/wp\/v2\/product\/89995\/revisions"}],"predecessor-version":[{"id":89996,"href":"https:\/\/kidsplay.lt\/lv\/wp-json\/wp\/v2\/product\/89995\/revisions\/89996"}],"wp:featuredmedia":[{"embeddable":true,"href":"https:\/\/kidsplay.lt\/lv\/wp-json\/wp\/v2\/media\/66481"}],"wp:attachment":[{"href":"https:\/\/kidsplay.lt\/lv\/wp-json\/wp\/v2\/media?parent=89995"}],"wp:term":[{"taxonomy":"product_brand","embeddable":true,"href":"https:\/\/kidsplay.lt\/lv\/wp-json\/wp\/v2\/product_brand?post=89995"},{"taxonomy":"product_cat","embeddable":true,"href":"https:\/\/kidsplay.lt\/lv\/wp-json\/wp\/v2\/product_cat?post=89995"},{"taxonomy":"product_tag","embeddable":true,"href":"https:\/\/kidsplay.lt\/lv\/wp-json\/wp\/v2\/product_tag?post=89995"}],"curies":[{"name":"wp","href":"https:\/\/api.w.org\/{rel}","templated":true}]}}