{"id":90006,"date":"2026-02-26T09:35:34","date_gmt":"2026-02-26T07:35:34","guid":{"rendered":"https:\/\/kidsplay.lt\/produktas\/tooky-toy-mediniai-kaladeles-delione-gyvunai-montessori-9-vnt\/"},"modified":"2026-04-13T15:11:58","modified_gmt":"2026-04-13T12:11:58","slug":"tooky-toy-mediniai-kaladeles-delione-gyvunai-montessori-9-vnt","status":"publish","type":"product","link":"https:\/\/kidsplay.lt\/lv\/products\/tooky-toy-mediniai-kaladeles-delione-gyvunai-montessori-9-vnt\/","title":{"rendered":"TOOKY TOY Koka kluc\u012b\u0161i Puzle Dz\u012bvnieki Montessori 9 gab."},"content":{"rendered":"<p>K\u016brybingi\u00a0mediniai\u00a0gyv\u016bn\u0173 formos kalad\u0117l\u0117s\u00a0i\u0161 TOOKY TOY\u00a0yra puikus \u017eaislas,\u00a0lavinantis\u00a0loginio m\u0105stymo \u012fg\u016bd\u017eius. Rinkin\u012f sudaro\u00a0devyni gyv\u016bnai\u00a0, kuriuos galima i\u0161d\u0117lioti \u012fvairiais deriniais, o baigus juos laikyti\u00a0patogiame med\u017eiaginiame mai\u0161elyje\u00a0. Kiekvienas gyv\u016bnas yra gra\u017eiai pagamintas ir nuda\u017eytas\u00a0netoksi\u0161kais da\u017eais\u00a0, tod\u0117l yra\u00a0saug\u016bs\u00a0vaikams. Tai\u00a0puiki dovana\u00a0ma\u017eiesiems, kurie m\u0117gsta kurti ir \u017eaisti su mediniais \u017eaislais.<\/p>\n<p>Rakstur\u012bgs:<\/p>\n<p> \t&#8211; \u017eaislas\u00a0vaikams nuo 18 m\u0117nesi\u0173<br \/>\n \t&#8211; Rinkin\u012f\u00a0sudaro 9 mediniai kalad\u0117l\u0117s\u00a0gyv\u016bn\u0173 formos<br \/>\n \t&#8211; kiekvienas gyv\u016bnas yra gra\u017eiai pagamintas ir\u00a0nuda\u017eytas netoksi\u0161kais da\u017eais<br \/>\n \t&#8211; kalad\u0117l\u0117s laikomos\u00a0med\u017eiaginiame mai\u0161elyje su rai\u0161teliu<\/p>\n<p>Komplekt\u0101 ietilpst:<\/p>\n<p> \t&#8211; 9 gyv\u016bnai<br \/>\n \t&#8211; krep\u0161ys naminiams gyv\u016bn\u0117liams laikyti<\/p>\n<p>Sp\u0113le att\u012bst\u0101s:<\/p>\n<p> \t&#8211; geb\u0117jimas subalansuoti ir organizuoti<br \/>\n \t&#8211; geb\u0117jimas atpa\u017einti formas ir spalvas<br \/>\n \t\u2013 roku-acu koordin\u0101cija<br \/>\n \t&#8211; susikaupimas ir kantryb\u0117.<\/p>","protected":false},"excerpt":{"rendered":"<p>K\u016brybingi\u00a0mediniai\u00a0gyv\u016bn\u0173 formos kalad\u0117l\u0117s\u00a0i\u0161 TOOKY TOY\u00a0yra puikus \u017eaislas,\u00a0lavinantis\u00a0loginio m\u0105stymo \u012fg\u016bd\u017eius. Rinkin\u012f sudaro\u00a0devyni gyv\u016bnai\u00a0, kuriuos galima i\u0161d\u0117lioti \u012fvairiais deriniais, o baigus juos<\/p>","protected":false},"featured_media":66488,"template":"","meta":{"_acf_changed":false,"_glsr_average":0,"_glsr_ranking":0,"_glsr_reviews":0},"product_brand":[],"product_cat":[884,883],"product_tag":[],"class_list":{"0":"post-90006","1":"product","2":"type-product","3":"status-publish","4":"has-post-thumbnail","6":"product_cat-edukaciniai-lavinamieji-mediniai-zaislai","7":"product_cat-mediniai-zaislai-2","8":"\"style=\"background-color: #2ecc711c;\"","10":"first","11":"instock","12":"purchasable","13":"product-type-simple"},"acf":[],"yoast_head":"<!-- This site is optimized with the Yoast SEO plugin v27.4 - https:\/\/yoast.com\/product\/yoast-seo-wordpress\/ -->\n<title>TOOKY TOY Mediniai kalad\u0117l\u0117s D\u0117lion\u0117 Gyv\u016bnai Montessori 9 vnt.<\/title>\n<meta name=\"description\" content=\"TOOKY TOY Mediniai kalad\u0117l\u0117s D\u0117lion\u0117 Gyv\u016bnai Montessori 9 vnt. - KidsPlay. Did\u017eiausias vaik\u0173 \u017eaisl\u0173 pasirinkimas.\" \/>\n<meta name=\"robots\" content=\"index, follow, max-snippet:-1, max-image-preview:large, max-video-preview:-1\" \/>\n<link rel=\"canonical\" href=\"https:\/\/kidsplay.lt\/lv\/products\/tooky-toy-mediniai-kaladeles-delione-gyvunai-montessori-9-vnt\/\" \/>\n<meta property=\"og:locale\" content=\"lv_LV\" \/>\n<meta property=\"og:type\" content=\"article\" \/>\n<meta property=\"og:title\" content=\"TOOKY TOY Mediniai kalad\u0117l\u0117s D\u0117lion\u0117 Gyv\u016bnai Montessori 9 vnt.\" \/>\n<meta property=\"og:description\" content=\"TOOKY TOY Mediniai kalad\u0117l\u0117s D\u0117lion\u0117 Gyv\u016bnai Montessori 9 vnt. - KidsPlay. Did\u017eiausias vaik\u0173 \u017eaisl\u0173 pasirinkimas.\" \/>\n<meta property=\"og:url\" content=\"https:\/\/kidsplay.lt\/lv\/products\/tooky-toy-mediniai-kaladeles-delione-gyvunai-montessori-9-vnt\/\" \/>\n<meta property=\"og:site_name\" content=\"KidsPlay\" \/>\n<meta property=\"article:publisher\" content=\"https:\/\/www.facebook.com\/www.kidsplay.lt\" \/>\n<meta property=\"article:modified_time\" content=\"2026-04-13T12:11:58+00:00\" \/>\n<meta property=\"og:image\" content=\"https:\/\/kidsplay.lt\/wp-content\/uploads\/2025\/09\/TOOKY-TOY-Mediniai-kaladeles-Delione-Gyvunai-Montessori-9-vnt.jpg\" \/>\n\t<meta property=\"og:image:width\" content=\"1000\" \/>\n\t<meta property=\"og:image:height\" content=\"1000\" \/>\n\t<meta property=\"og:image:type\" content=\"image\/jpeg\" \/>\n<meta name=\"twitter:card\" content=\"summary_large_image\" \/>\n<meta name=\"twitter:label1\" content=\"Est. reading time\" \/>\n\t<meta name=\"twitter:data1\" content=\"1 min\u016bte\" \/>\n<script type=\"application\/ld+json\" class=\"yoast-schema-graph\">{\"@context\":\"https:\\\/\\\/schema.org\",\"@graph\":[{\"@type\":\"WebPage\",\"@id\":\"https:\\\/\\\/kidsplay.lt\\\/produktas\\\/tooky-toy-mediniai-kaladeles-delione-gyvunai-montessori-9-vnt\\\/\",\"url\":\"https:\\\/\\\/kidsplay.lt\\\/produktas\\\/tooky-toy-mediniai-kaladeles-delione-gyvunai-montessori-9-vnt\\\/\",\"name\":\"TOOKY TOY Mediniai kalad\u0117l\u0117s D\u0117lion\u0117 Gyv\u016bnai Montessori 9 vnt.\",\"isPartOf\":{\"@id\":\"https:\\\/\\\/kidsplay.lt\\\/#website\"},\"primaryImageOfPage\":{\"@id\":\"https:\\\/\\\/kidsplay.lt\\\/produktas\\\/tooky-toy-mediniai-kaladeles-delione-gyvunai-montessori-9-vnt\\\/#primaryimage\"},\"image\":{\"@id\":\"https:\\\/\\\/kidsplay.lt\\\/produktas\\\/tooky-toy-mediniai-kaladeles-delione-gyvunai-montessori-9-vnt\\\/#primaryimage\"},\"thumbnailUrl\":\"https:\\\/\\\/kidsplay.lt\\\/wp-content\\\/uploads\\\/2025\\\/09\\\/TOOKY-TOY-Mediniai-kaladeles-Delione-Gyvunai-Montessori-9-vnt.jpg\",\"datePublished\":\"2026-02-26T07:35:34+00:00\",\"dateModified\":\"2026-04-13T12:11:58+00:00\",\"description\":\"TOOKY TOY Mediniai kalad\u0117l\u0117s D\u0117lion\u0117 Gyv\u016bnai Montessori 9 vnt. - KidsPlay. Did\u017eiausias vaik\u0173 \u017eaisl\u0173 pasirinkimas.\",\"breadcrumb\":{\"@id\":\"https:\\\/\\\/kidsplay.lt\\\/produktas\\\/tooky-toy-mediniai-kaladeles-delione-gyvunai-montessori-9-vnt\\\/#breadcrumb\"},\"inLanguage\":\"lv-LV\",\"potentialAction\":[{\"@type\":\"ReadAction\",\"target\":[\"https:\\\/\\\/kidsplay.lt\\\/produktas\\\/tooky-toy-mediniai-kaladeles-delione-gyvunai-montessori-9-vnt\\\/\"]}]},{\"@type\":\"ImageObject\",\"inLanguage\":\"lv-LV\",\"@id\":\"https:\\\/\\\/kidsplay.lt\\\/produktas\\\/tooky-toy-mediniai-kaladeles-delione-gyvunai-montessori-9-vnt\\\/#primaryimage\",\"url\":\"https:\\\/\\\/kidsplay.lt\\\/wp-content\\\/uploads\\\/2025\\\/09\\\/TOOKY-TOY-Mediniai-kaladeles-Delione-Gyvunai-Montessori-9-vnt.jpg\",\"contentUrl\":\"https:\\\/\\\/kidsplay.lt\\\/wp-content\\\/uploads\\\/2025\\\/09\\\/TOOKY-TOY-Mediniai-kaladeles-Delione-Gyvunai-Montessori-9-vnt.jpg\",\"width\":1000,\"height\":1000,\"caption\":\"TOOKY TOY Mediniai kalad\u0117l\u0117s D\u0117lion\u0117 Gyv\u016bnai Montessori 9 vnt.\"},{\"@type\":\"BreadcrumbList\",\"@id\":\"https:\\\/\\\/kidsplay.lt\\\/produktas\\\/tooky-toy-mediniai-kaladeles-delione-gyvunai-montessori-9-vnt\\\/#breadcrumb\",\"itemListElement\":[{\"@type\":\"ListItem\",\"position\":1,\"name\":\"Pagrindinis\",\"item\":\"https:\\\/\\\/kidsplay.lt\\\/\"},{\"@type\":\"ListItem\",\"position\":2,\"name\":\"Parduotuv\u0117\",\"item\":\"https:\\\/\\\/kidsplay.lt\\\/parduotuve\\\/\"},{\"@type\":\"ListItem\",\"position\":3,\"name\":\"TOOKY TOY Mediniai kalad\u0117l\u0117s D\u0117lion\u0117 Gyv\u016bnai Montessori 9 vnt.\"}]},{\"@type\":\"WebSite\",\"@id\":\"https:\\\/\\\/kidsplay.lt\\\/#website\",\"url\":\"https:\\\/\\\/kidsplay.lt\\\/\",\"name\":\"Kidsplay.lt\",\"description\":\"\u012evairios prek\u0117s vaikams\",\"publisher\":{\"@id\":\"https:\\\/\\\/kidsplay.lt\\\/#organization\"},\"alternateName\":\"Kidsplay\",\"potentialAction\":[{\"@type\":\"SearchAction\",\"target\":{\"@type\":\"EntryPoint\",\"urlTemplate\":\"https:\\\/\\\/kidsplay.lt\\\/?s={search_term_string}\"},\"query-input\":{\"@type\":\"PropertyValueSpecification\",\"valueRequired\":true,\"valueName\":\"search_term_string\"}}],\"inLanguage\":\"lv-LV\"},{\"@type\":\"Organization\",\"@id\":\"https:\\\/\\\/kidsplay.lt\\\/#organization\",\"name\":\"KidsPlay\",\"url\":\"https:\\\/\\\/kidsplay.lt\\\/\",\"logo\":{\"@type\":\"ImageObject\",\"inLanguage\":\"lv-LV\",\"@id\":\"https:\\\/\\\/kidsplay.lt\\\/#\\\/schema\\\/logo\\\/image\\\/\",\"url\":\"https:\\\/\\\/kidsplay.lt\\\/wp-content\\\/uploads\\\/2023\\\/07\\\/kidsplay-logo.png\",\"contentUrl\":\"https:\\\/\\\/kidsplay.lt\\\/wp-content\\\/uploads\\\/2023\\\/07\\\/kidsplay-logo.png\",\"width\":451,\"height\":98,\"caption\":\"KidsPlay\"},\"image\":{\"@id\":\"https:\\\/\\\/kidsplay.lt\\\/#\\\/schema\\\/logo\\\/image\\\/\"},\"sameAs\":[\"https:\\\/\\\/www.facebook.com\\\/www.kidsplay.lt\"]}]}<\/script>\n<!-- \/ Yoast SEO plugin. -->","yoast_head_json":{"title":"TOOKY TOY Koka kluc\u012b\u0161i Puzle Dz\u012bvnieki Montessori 9 gab.","description":"TOOKY TOY Mediniai kalad\u0117l\u0117s D\u0117lion\u0117 Gyv\u016bnai Montessori 9 vnt. - KidsPlay. Did\u017eiausias vaik\u0173 \u017eaisl\u0173 pasirinkimas.","robots":{"index":"index","follow":"follow","max-snippet":"max-snippet:-1","max-image-preview":"max-image-preview:large","max-video-preview":"max-video-preview:-1"},"canonical":"https:\/\/kidsplay.lt\/lv\/products\/tooky-toy-mediniai-kaladeles-delione-gyvunai-montessori-9-vnt\/","og_locale":"lv_LV","og_type":"article","og_title":"TOOKY TOY Mediniai kalad\u0117l\u0117s D\u0117lion\u0117 Gyv\u016bnai Montessori 9 vnt.","og_description":"TOOKY TOY Mediniai kalad\u0117l\u0117s D\u0117lion\u0117 Gyv\u016bnai Montessori 9 vnt. - KidsPlay. Did\u017eiausias vaik\u0173 \u017eaisl\u0173 pasirinkimas.","og_url":"https:\/\/kidsplay.lt\/lv\/products\/tooky-toy-mediniai-kaladeles-delione-gyvunai-montessori-9-vnt\/","og_site_name":"KidsPlay","article_publisher":"https:\/\/www.facebook.com\/www.kidsplay.lt","article_modified_time":"2026-04-13T12:11:58+00:00","og_image":[{"width":1000,"height":1000,"url":"https:\/\/kidsplay.lt\/wp-content\/uploads\/2025\/09\/TOOKY-TOY-Mediniai-kaladeles-Delione-Gyvunai-Montessori-9-vnt.jpg","type":"image\/jpeg"}],"twitter_card":"summary_large_image","twitter_misc":{"Est. reading time":"1 min\u016bte"},"schema":{"@context":"https:\/\/schema.org","@graph":[{"@type":"WebPage","@id":"https:\/\/kidsplay.lt\/produktas\/tooky-toy-mediniai-kaladeles-delione-gyvunai-montessori-9-vnt\/","url":"https:\/\/kidsplay.lt\/produktas\/tooky-toy-mediniai-kaladeles-delione-gyvunai-montessori-9-vnt\/","name":"TOOKY TOY Koka kluc\u012b\u0161i Puzle Dz\u012bvnieki Montessori 9 gab.","isPartOf":{"@id":"https:\/\/kidsplay.lt\/#website"},"primaryImageOfPage":{"@id":"https:\/\/kidsplay.lt\/produktas\/tooky-toy-mediniai-kaladeles-delione-gyvunai-montessori-9-vnt\/#primaryimage"},"image":{"@id":"https:\/\/kidsplay.lt\/produktas\/tooky-toy-mediniai-kaladeles-delione-gyvunai-montessori-9-vnt\/#primaryimage"},"thumbnailUrl":"https:\/\/kidsplay.lt\/wp-content\/uploads\/2025\/09\/TOOKY-TOY-Mediniai-kaladeles-Delione-Gyvunai-Montessori-9-vnt.jpg","datePublished":"2026-02-26T07:35:34+00:00","dateModified":"2026-04-13T12:11:58+00:00","description":"TOOKY TOY Mediniai kalad\u0117l\u0117s D\u0117lion\u0117 Gyv\u016bnai Montessori 9 vnt. - KidsPlay. Did\u017eiausias vaik\u0173 \u017eaisl\u0173 pasirinkimas.","breadcrumb":{"@id":"https:\/\/kidsplay.lt\/produktas\/tooky-toy-mediniai-kaladeles-delione-gyvunai-montessori-9-vnt\/#breadcrumb"},"inLanguage":"lv-LV","potentialAction":[{"@type":"ReadAction","target":["https:\/\/kidsplay.lt\/produktas\/tooky-toy-mediniai-kaladeles-delione-gyvunai-montessori-9-vnt\/"]}]},{"@type":"ImageObject","inLanguage":"lv-LV","@id":"https:\/\/kidsplay.lt\/produktas\/tooky-toy-mediniai-kaladeles-delione-gyvunai-montessori-9-vnt\/#primaryimage","url":"https:\/\/kidsplay.lt\/wp-content\/uploads\/2025\/09\/TOOKY-TOY-Mediniai-kaladeles-Delione-Gyvunai-Montessori-9-vnt.jpg","contentUrl":"https:\/\/kidsplay.lt\/wp-content\/uploads\/2025\/09\/TOOKY-TOY-Mediniai-kaladeles-Delione-Gyvunai-Montessori-9-vnt.jpg","width":1000,"height":1000,"caption":"TOOKY TOY Mediniai kalad\u0117l\u0117s D\u0117lion\u0117 Gyv\u016bnai Montessori 9 vnt."},{"@type":"BreadcrumbList","@id":"https:\/\/kidsplay.lt\/produktas\/tooky-toy-mediniai-kaladeles-delione-gyvunai-montessori-9-vnt\/#breadcrumb","itemListElement":[{"@type":"ListItem","position":1,"name":"Pagrindinis","item":"https:\/\/kidsplay.lt\/"},{"@type":"ListItem","position":2,"name":"Parduotuv\u0117","item":"https:\/\/kidsplay.lt\/parduotuve\/"},{"@type":"ListItem","position":3,"name":"TOOKY TOY Mediniai kalad\u0117l\u0117s D\u0117lion\u0117 Gyv\u016bnai Montessori 9 vnt."}]},{"@type":"WebSite","@id":"https:\/\/kidsplay.lt\/#website","url":"https:\/\/kidsplay.lt\/","name":"B\u0113rnu sp\u0113les.lv","description":"\u012evairios prek\u0117s vaikams","publisher":{"@id":"https:\/\/kidsplay.lt\/#organization"},"alternateName":"Kidsplay","potentialAction":[{"@type":"SearchAction","target":{"@type":"EntryPoint","urlTemplate":"https:\/\/kidsplay.lt\/?s={search_term_string}"},"query-input":{"@type":"PropertyValueSpecification","valueRequired":true,"valueName":"search_term_string"}}],"inLanguage":"lv-LV"},{"@type":"Organization","@id":"https:\/\/kidsplay.lt\/#organization","name":"B\u0113rnu sp\u0113le","url":"https:\/\/kidsplay.lt\/","logo":{"@type":"ImageObject","inLanguage":"lv-LV","@id":"https:\/\/kidsplay.lt\/#\/schema\/logo\/image\/","url":"https:\/\/kidsplay.lt\/wp-content\/uploads\/2023\/07\/kidsplay-logo.png","contentUrl":"https:\/\/kidsplay.lt\/wp-content\/uploads\/2023\/07\/kidsplay-logo.png","width":451,"height":98,"caption":"KidsPlay"},"image":{"@id":"https:\/\/kidsplay.lt\/#\/schema\/logo\/image\/"},"sameAs":["https:\/\/www.facebook.com\/www.kidsplay.lt"]}]}},"_links":{"self":[{"href":"https:\/\/kidsplay.lt\/lv\/wp-json\/wp\/v2\/product\/90006","targetHints":{"allow":["GET"]}}],"collection":[{"href":"https:\/\/kidsplay.lt\/lv\/wp-json\/wp\/v2\/product"}],"about":[{"href":"https:\/\/kidsplay.lt\/lv\/wp-json\/wp\/v2\/types\/product"}],"version-history":[{"count":1,"href":"https:\/\/kidsplay.lt\/lv\/wp-json\/wp\/v2\/product\/90006\/revisions"}],"predecessor-version":[{"id":90007,"href":"https:\/\/kidsplay.lt\/lv\/wp-json\/wp\/v2\/product\/90006\/revisions\/90007"}],"wp:featuredmedia":[{"embeddable":true,"href":"https:\/\/kidsplay.lt\/lv\/wp-json\/wp\/v2\/media\/66488"}],"wp:attachment":[{"href":"https:\/\/kidsplay.lt\/lv\/wp-json\/wp\/v2\/media?parent=90006"}],"wp:term":[{"taxonomy":"product_brand","embeddable":true,"href":"https:\/\/kidsplay.lt\/lv\/wp-json\/wp\/v2\/product_brand?post=90006"},{"taxonomy":"product_cat","embeddable":true,"href":"https:\/\/kidsplay.lt\/lv\/wp-json\/wp\/v2\/product_cat?post=90006"},{"taxonomy":"product_tag","embeddable":true,"href":"https:\/\/kidsplay.lt\/lv\/wp-json\/wp\/v2\/product_tag?post=90006"}],"curies":[{"name":"wp","href":"https:\/\/api.w.org\/{rel}","templated":true}]}}