{"id":90016,"date":"2026-02-26T09:35:53","date_gmt":"2026-02-26T07:35:53","guid":{"rendered":"https:\/\/kidsplay.lt\/produktas\/woopie-royal-aukles-leles-rinkinys-su-priedais\/"},"modified":"2026-03-26T13:07:04","modified_gmt":"2026-03-26T11:07:04","slug":"woopie-royal-aukles-leles-rinkinys-su-priedais","status":"publish","type":"product","link":"https:\/\/kidsplay.lt\/lv\/products\/woopie-royal-aukles-leles-rinkinys-su-priedais\/","title":{"rendered":"WOOPIE ROYAL aukl\u012btes lelles komplekts ar aksesu\u0101riem"},"content":{"rendered":"<p>Aukl\u0117s rinkinys\u00a0\u2013 tai unikalus \u017eaislas, skirtas vaikams, norintiems \u017eaisti kaip suaugusiesiems.\u00a030 cm l\u0117l\u0117\u00a0kruop\u0161\u010diai pagaminta i\u0161\u00a0mink\u0161tos gumos,\u00a0u\u017etikrinant mink\u0161t\u0105 ir malon\u0173 poj\u016bt\u012f. Jos\u00a0rankos, kojos ir galva yra pasukamos\u00a0, tod\u0117l galima \u017eaisti \u012fvairiose pozicijose, be to, ji turi nuimam\u0105 aprang\u0105, leid\u017eian\u010di\u0105 ma\u017eiesiems k\u016brybi\u0161kai aprengti ir nurengti l\u0117l\u0119. Rinkinyje yra visi reikalingi l\u0117l\u0117s prie\u017ei\u016bros priedai. Rasite maitinimo\u00a0,\u00a0vystymo ir \u017eaidim\u0173\u00a0rinkin\u012f\u00a0. Gera id\u0117ja pasiimti l\u0117l\u0119 ir\u00a0kuprin\u0119 su ne\u0161iokle\u00a0\u012f pasivaik\u0161\u010diojimus , kad vaikai gal\u0117t\u0173 dar \u017eaismingiau bendrauti ir k\u016brybi\u0161kai.<\/p>\n<p>Rakstur\u012bgs:<\/p>\n<p> \tRinkinys vaikams\u00a0nuo 3 met\u0173 am\u017eiaus<br \/>\n \tGumin\u0117s ir judan\u010dios rankos, kojos ir galva<br \/>\n \tL\u0117l\u0117s pilvas pagamintas i\u0161 mink\u0161to plastiko<br \/>\n \tGra\u017eios spalvos<br \/>\n \tAuk\u0161ta kokyb\u0117<\/p>\n<p>Komplekt\u0101 ietilpst:<\/p>\n<p> \tL\u0117l\u0117<br \/>\n \tMaitinimo priedai (duben\u0117lis su stalo \u012frankiais)<br \/>\n \t\u010ciulptukas su pakabuku<br \/>\n \tJ\u016br\u0173 arkliuko formos \u017eaislas<\/p>","protected":false},"excerpt":{"rendered":"<p>Aukl\u0117s rinkinys\u00a0\u2013 tai unikalus \u017eaislas, skirtas vaikams, norintiems \u017eaisti kaip suaugusiesiems.\u00a030 cm l\u0117l\u0117\u00a0kruop\u0161\u010diai pagaminta i\u0161\u00a0mink\u0161tos gumos,\u00a0u\u017etikrinant mink\u0161t\u0105 ir malon\u0173 poj\u016bt\u012f.<\/p>","protected":false},"featured_media":62776,"template":"","meta":{"_acf_changed":false,"_glsr_average":0,"_glsr_ranking":0,"_glsr_reviews":0},"product_brand":[],"product_cat":[443,229],"product_tag":[],"class_list":{"0":"post-90016","1":"product","2":"type-product","3":"status-publish","4":"has-post-thumbnail","6":"product_cat-leles-ir-priedai","7":"product_cat-zaislai-vaikams","8":"\"style=\"background-color: #2ecc711c;\"","10":"first","11":"outofstock","12":"purchasable","13":"product-type-simple"},"acf":[],"yoast_head":"<!-- This site is optimized with the Yoast SEO plugin v27.3 - https:\/\/yoast.com\/product\/yoast-seo-wordpress\/ -->\n<title>WOOPIE ROYAL aukl\u0117s l\u0117l\u0117s rinkinys su priedais<\/title>\n<meta name=\"description\" content=\"WOOPIE ROYAL aukl\u0117s l\u0117l\u0117s rinkinys su priedais - KidsPlay. Did\u017eiausias vaik\u0173 \u017eaisl\u0173 pasirinkimas.\" \/>\n<meta name=\"robots\" content=\"index, follow, max-snippet:-1, max-image-preview:large, max-video-preview:-1\" \/>\n<link rel=\"canonical\" href=\"https:\/\/kidsplay.lt\/lv\/products\/woopie-royal-aukles-leles-rinkinys-su-priedais\/\" \/>\n<meta property=\"og:locale\" content=\"lv_LV\" \/>\n<meta property=\"og:type\" content=\"article\" \/>\n<meta property=\"og:title\" content=\"WOOPIE ROYAL aukl\u0117s l\u0117l\u0117s rinkinys su priedais\" \/>\n<meta property=\"og:description\" content=\"WOOPIE ROYAL aukl\u0117s l\u0117l\u0117s rinkinys su priedais - KidsPlay. Did\u017eiausias vaik\u0173 \u017eaisl\u0173 pasirinkimas.\" \/>\n<meta property=\"og:url\" content=\"https:\/\/kidsplay.lt\/lv\/products\/woopie-royal-aukles-leles-rinkinys-su-priedais\/\" \/>\n<meta property=\"og:site_name\" content=\"KidsPlay\" \/>\n<meta property=\"article:publisher\" content=\"https:\/\/www.facebook.com\/www.kidsplay.lt\" \/>\n<meta property=\"article:modified_time\" content=\"2026-03-26T11:07:04+00:00\" \/>\n<meta property=\"og:image\" content=\"https:\/\/kidsplay.lt\/wp-content\/uploads\/2025\/09\/WOOPIE-ROYAL-aukles-leles-rinkinys-su-priedais.jpg\" \/>\n\t<meta property=\"og:image:width\" content=\"1000\" \/>\n\t<meta property=\"og:image:height\" content=\"1000\" \/>\n\t<meta property=\"og:image:type\" content=\"image\/jpeg\" \/>\n<meta name=\"twitter:card\" content=\"summary_large_image\" \/>\n<meta name=\"twitter:label1\" content=\"Est. reading time\" \/>\n\t<meta name=\"twitter:data1\" content=\"1 min\u016bte\" \/>\n<script type=\"application\/ld+json\" class=\"yoast-schema-graph\">{\"@context\":\"https:\\\/\\\/schema.org\",\"@graph\":[{\"@type\":\"WebPage\",\"@id\":\"https:\\\/\\\/kidsplay.lt\\\/produktas\\\/woopie-royal-aukles-leles-rinkinys-su-priedais\\\/\",\"url\":\"https:\\\/\\\/kidsplay.lt\\\/produktas\\\/woopie-royal-aukles-leles-rinkinys-su-priedais\\\/\",\"name\":\"WOOPIE ROYAL aukl\u0117s l\u0117l\u0117s rinkinys su priedais\",\"isPartOf\":{\"@id\":\"https:\\\/\\\/kidsplay.lt\\\/#website\"},\"primaryImageOfPage\":{\"@id\":\"https:\\\/\\\/kidsplay.lt\\\/produktas\\\/woopie-royal-aukles-leles-rinkinys-su-priedais\\\/#primaryimage\"},\"image\":{\"@id\":\"https:\\\/\\\/kidsplay.lt\\\/produktas\\\/woopie-royal-aukles-leles-rinkinys-su-priedais\\\/#primaryimage\"},\"thumbnailUrl\":\"https:\\\/\\\/kidsplay.lt\\\/wp-content\\\/uploads\\\/2025\\\/09\\\/WOOPIE-ROYAL-aukles-leles-rinkinys-su-priedais.jpg\",\"datePublished\":\"2026-02-26T07:35:53+00:00\",\"dateModified\":\"2026-03-26T11:07:04+00:00\",\"description\":\"WOOPIE ROYAL aukl\u0117s l\u0117l\u0117s rinkinys su priedais - KidsPlay. Did\u017eiausias vaik\u0173 \u017eaisl\u0173 pasirinkimas.\",\"breadcrumb\":{\"@id\":\"https:\\\/\\\/kidsplay.lt\\\/produktas\\\/woopie-royal-aukles-leles-rinkinys-su-priedais\\\/#breadcrumb\"},\"inLanguage\":\"lv-LV\",\"potentialAction\":[{\"@type\":\"ReadAction\",\"target\":[\"https:\\\/\\\/kidsplay.lt\\\/produktas\\\/woopie-royal-aukles-leles-rinkinys-su-priedais\\\/\"]}]},{\"@type\":\"ImageObject\",\"inLanguage\":\"lv-LV\",\"@id\":\"https:\\\/\\\/kidsplay.lt\\\/produktas\\\/woopie-royal-aukles-leles-rinkinys-su-priedais\\\/#primaryimage\",\"url\":\"https:\\\/\\\/kidsplay.lt\\\/wp-content\\\/uploads\\\/2025\\\/09\\\/WOOPIE-ROYAL-aukles-leles-rinkinys-su-priedais.jpg\",\"contentUrl\":\"https:\\\/\\\/kidsplay.lt\\\/wp-content\\\/uploads\\\/2025\\\/09\\\/WOOPIE-ROYAL-aukles-leles-rinkinys-su-priedais.jpg\",\"width\":1000,\"height\":1000,\"caption\":\"WOOPIE ROYAL aukl\u0117s l\u0117l\u0117s rinkinys su priedais\"},{\"@type\":\"BreadcrumbList\",\"@id\":\"https:\\\/\\\/kidsplay.lt\\\/produktas\\\/woopie-royal-aukles-leles-rinkinys-su-priedais\\\/#breadcrumb\",\"itemListElement\":[{\"@type\":\"ListItem\",\"position\":1,\"name\":\"Pagrindinis\",\"item\":\"https:\\\/\\\/kidsplay.lt\\\/\"},{\"@type\":\"ListItem\",\"position\":2,\"name\":\"Parduotuv\u0117\",\"item\":\"https:\\\/\\\/kidsplay.lt\\\/parduotuve\\\/\"},{\"@type\":\"ListItem\",\"position\":3,\"name\":\"WOOPIE ROYAL aukl\u0117s l\u0117l\u0117s rinkinys su priedais\"}]},{\"@type\":\"WebSite\",\"@id\":\"https:\\\/\\\/kidsplay.lt\\\/#website\",\"url\":\"https:\\\/\\\/kidsplay.lt\\\/\",\"name\":\"Kidsplay.lt\",\"description\":\"\u012evairios prek\u0117s vaikams\",\"publisher\":{\"@id\":\"https:\\\/\\\/kidsplay.lt\\\/#organization\"},\"alternateName\":\"Kidsplay\",\"potentialAction\":[{\"@type\":\"SearchAction\",\"target\":{\"@type\":\"EntryPoint\",\"urlTemplate\":\"https:\\\/\\\/kidsplay.lt\\\/?s={search_term_string}\"},\"query-input\":{\"@type\":\"PropertyValueSpecification\",\"valueRequired\":true,\"valueName\":\"search_term_string\"}}],\"inLanguage\":\"lv-LV\"},{\"@type\":\"Organization\",\"@id\":\"https:\\\/\\\/kidsplay.lt\\\/#organization\",\"name\":\"KidsPlay\",\"url\":\"https:\\\/\\\/kidsplay.lt\\\/\",\"logo\":{\"@type\":\"ImageObject\",\"inLanguage\":\"lv-LV\",\"@id\":\"https:\\\/\\\/kidsplay.lt\\\/#\\\/schema\\\/logo\\\/image\\\/\",\"url\":\"https:\\\/\\\/kidsplay.lt\\\/wp-content\\\/uploads\\\/2023\\\/07\\\/kidsplay-logo.png\",\"contentUrl\":\"https:\\\/\\\/kidsplay.lt\\\/wp-content\\\/uploads\\\/2023\\\/07\\\/kidsplay-logo.png\",\"width\":451,\"height\":98,\"caption\":\"KidsPlay\"},\"image\":{\"@id\":\"https:\\\/\\\/kidsplay.lt\\\/#\\\/schema\\\/logo\\\/image\\\/\"},\"sameAs\":[\"https:\\\/\\\/www.facebook.com\\\/www.kidsplay.lt\"]}]}<\/script>\n<!-- \/ Yoast SEO plugin. -->","yoast_head_json":{"title":"WOOPIE ROYAL aukl\u012btes lelles komplekts ar aksesu\u0101riem","description":"WOOPIE ROYAL aukl\u0117s l\u0117l\u0117s rinkinys su priedais - KidsPlay. Did\u017eiausias vaik\u0173 \u017eaisl\u0173 pasirinkimas.","robots":{"index":"index","follow":"follow","max-snippet":"max-snippet:-1","max-image-preview":"max-image-preview:large","max-video-preview":"max-video-preview:-1"},"canonical":"https:\/\/kidsplay.lt\/lv\/products\/woopie-royal-aukles-leles-rinkinys-su-priedais\/","og_locale":"lv_LV","og_type":"article","og_title":"WOOPIE ROYAL aukl\u0117s l\u0117l\u0117s rinkinys su priedais","og_description":"WOOPIE ROYAL aukl\u0117s l\u0117l\u0117s rinkinys su priedais - KidsPlay. Did\u017eiausias vaik\u0173 \u017eaisl\u0173 pasirinkimas.","og_url":"https:\/\/kidsplay.lt\/lv\/products\/woopie-royal-aukles-leles-rinkinys-su-priedais\/","og_site_name":"KidsPlay","article_publisher":"https:\/\/www.facebook.com\/www.kidsplay.lt","article_modified_time":"2026-03-26T11:07:04+00:00","og_image":[{"width":1000,"height":1000,"url":"https:\/\/kidsplay.lt\/wp-content\/uploads\/2025\/09\/WOOPIE-ROYAL-aukles-leles-rinkinys-su-priedais.jpg","type":"image\/jpeg"}],"twitter_card":"summary_large_image","twitter_misc":{"Est. reading time":"1 min\u016bte"},"schema":{"@context":"https:\/\/schema.org","@graph":[{"@type":"WebPage","@id":"https:\/\/kidsplay.lt\/produktas\/woopie-royal-aukles-leles-rinkinys-su-priedais\/","url":"https:\/\/kidsplay.lt\/produktas\/woopie-royal-aukles-leles-rinkinys-su-priedais\/","name":"WOOPIE ROYAL aukl\u012btes lelles komplekts ar aksesu\u0101riem","isPartOf":{"@id":"https:\/\/kidsplay.lt\/#website"},"primaryImageOfPage":{"@id":"https:\/\/kidsplay.lt\/produktas\/woopie-royal-aukles-leles-rinkinys-su-priedais\/#primaryimage"},"image":{"@id":"https:\/\/kidsplay.lt\/produktas\/woopie-royal-aukles-leles-rinkinys-su-priedais\/#primaryimage"},"thumbnailUrl":"https:\/\/kidsplay.lt\/wp-content\/uploads\/2025\/09\/WOOPIE-ROYAL-aukles-leles-rinkinys-su-priedais.jpg","datePublished":"2026-02-26T07:35:53+00:00","dateModified":"2026-03-26T11:07:04+00:00","description":"WOOPIE ROYAL aukl\u0117s l\u0117l\u0117s rinkinys su priedais - KidsPlay. Did\u017eiausias vaik\u0173 \u017eaisl\u0173 pasirinkimas.","breadcrumb":{"@id":"https:\/\/kidsplay.lt\/produktas\/woopie-royal-aukles-leles-rinkinys-su-priedais\/#breadcrumb"},"inLanguage":"lv-LV","potentialAction":[{"@type":"ReadAction","target":["https:\/\/kidsplay.lt\/produktas\/woopie-royal-aukles-leles-rinkinys-su-priedais\/"]}]},{"@type":"ImageObject","inLanguage":"lv-LV","@id":"https:\/\/kidsplay.lt\/produktas\/woopie-royal-aukles-leles-rinkinys-su-priedais\/#primaryimage","url":"https:\/\/kidsplay.lt\/wp-content\/uploads\/2025\/09\/WOOPIE-ROYAL-aukles-leles-rinkinys-su-priedais.jpg","contentUrl":"https:\/\/kidsplay.lt\/wp-content\/uploads\/2025\/09\/WOOPIE-ROYAL-aukles-leles-rinkinys-su-priedais.jpg","width":1000,"height":1000,"caption":"WOOPIE ROYAL aukl\u0117s l\u0117l\u0117s rinkinys su priedais"},{"@type":"BreadcrumbList","@id":"https:\/\/kidsplay.lt\/produktas\/woopie-royal-aukles-leles-rinkinys-su-priedais\/#breadcrumb","itemListElement":[{"@type":"ListItem","position":1,"name":"Pagrindinis","item":"https:\/\/kidsplay.lt\/"},{"@type":"ListItem","position":2,"name":"Parduotuv\u0117","item":"https:\/\/kidsplay.lt\/parduotuve\/"},{"@type":"ListItem","position":3,"name":"WOOPIE ROYAL aukl\u0117s l\u0117l\u0117s rinkinys su priedais"}]},{"@type":"WebSite","@id":"https:\/\/kidsplay.lt\/#website","url":"https:\/\/kidsplay.lt\/","name":"B\u0113rnu sp\u0113les.lv","description":"\u012evairios prek\u0117s vaikams","publisher":{"@id":"https:\/\/kidsplay.lt\/#organization"},"alternateName":"Kidsplay","potentialAction":[{"@type":"SearchAction","target":{"@type":"EntryPoint","urlTemplate":"https:\/\/kidsplay.lt\/?s={search_term_string}"},"query-input":{"@type":"PropertyValueSpecification","valueRequired":true,"valueName":"search_term_string"}}],"inLanguage":"lv-LV"},{"@type":"Organization","@id":"https:\/\/kidsplay.lt\/#organization","name":"B\u0113rnu sp\u0113le","url":"https:\/\/kidsplay.lt\/","logo":{"@type":"ImageObject","inLanguage":"lv-LV","@id":"https:\/\/kidsplay.lt\/#\/schema\/logo\/image\/","url":"https:\/\/kidsplay.lt\/wp-content\/uploads\/2023\/07\/kidsplay-logo.png","contentUrl":"https:\/\/kidsplay.lt\/wp-content\/uploads\/2023\/07\/kidsplay-logo.png","width":451,"height":98,"caption":"KidsPlay"},"image":{"@id":"https:\/\/kidsplay.lt\/#\/schema\/logo\/image\/"},"sameAs":["https:\/\/www.facebook.com\/www.kidsplay.lt"]}]}},"_links":{"self":[{"href":"https:\/\/kidsplay.lt\/lv\/wp-json\/wp\/v2\/product\/90016","targetHints":{"allow":["GET"]}}],"collection":[{"href":"https:\/\/kidsplay.lt\/lv\/wp-json\/wp\/v2\/product"}],"about":[{"href":"https:\/\/kidsplay.lt\/lv\/wp-json\/wp\/v2\/types\/product"}],"version-history":[{"count":1,"href":"https:\/\/kidsplay.lt\/lv\/wp-json\/wp\/v2\/product\/90016\/revisions"}],"predecessor-version":[{"id":90017,"href":"https:\/\/kidsplay.lt\/lv\/wp-json\/wp\/v2\/product\/90016\/revisions\/90017"}],"wp:featuredmedia":[{"embeddable":true,"href":"https:\/\/kidsplay.lt\/lv\/wp-json\/wp\/v2\/media\/62776"}],"wp:attachment":[{"href":"https:\/\/kidsplay.lt\/lv\/wp-json\/wp\/v2\/media?parent=90016"}],"wp:term":[{"taxonomy":"product_brand","embeddable":true,"href":"https:\/\/kidsplay.lt\/lv\/wp-json\/wp\/v2\/product_brand?post=90016"},{"taxonomy":"product_cat","embeddable":true,"href":"https:\/\/kidsplay.lt\/lv\/wp-json\/wp\/v2\/product_cat?post=90016"},{"taxonomy":"product_tag","embeddable":true,"href":"https:\/\/kidsplay.lt\/lv\/wp-json\/wp\/v2\/product_tag?post=90016"}],"curies":[{"name":"wp","href":"https:\/\/api.w.org\/{rel}","templated":true}]}}