{"id":90022,"date":"2026-02-26T09:36:02","date_gmt":"2026-02-26T07:36:02","guid":{"rendered":"https:\/\/kidsplay.lt\/produktas\/woopie-interaktyvus-prekybos-centras-vaikams\/"},"modified":"2026-03-26T13:07:11","modified_gmt":"2026-03-26T11:07:11","slug":"woopie-interaktyvus-prekybos-centras-vaikams","status":"publish","type":"product","link":"https:\/\/kidsplay.lt\/lv\/products\/woopie-interaktyvus-prekybos-centras-vaikams\/","title":{"rendered":"WOOPIE interakt\u012bvs iepirk\u0161an\u0101s centrs b\u0113rniem"},"content":{"rendered":"<p>Modernus WOOPIE prekybos centras\u00a0leis\u00a0j\u016bs\u0173\u00a0vaikui pasijusti lyg tikros parduotuv\u0117s kasoje! D\u0117mesys kiekvienai detalei u\u017etikrina\u00a0SAUGI\u0104\u00a0ir\u00a0\u012ftraukian\u010di\u0105\u00a0vaik\u0173 patirt\u012f. Prad\u0117kite savo\u00a0\u012fdomi\u0105 kelion\u0119 \u012f prekybos pasaul\u012f\u00a0naudodami skaitytuv\u0105, kuris \u012fkvepia gyvyb\u0117s kiekvienam pirkiniui. \u0160is interaktyvus \u017eaislas ne tik moko, bet ir suteikia nepamir\u0161tam\u0173 pramog\u0173 akimirk\u0173. Kasos aparato d\u0117ka j\u016bs\u0173 vaikas gali atlikti kasininko vaidmen\u012f, lavinti matematikos \u012fg\u016bd\u017eius ir k\u016brybi\u0161kum\u0105.<\/p>\n<p>Rakstur\u012bgs:<\/p>\n<p> \t&#8211; \u017daislas nuo 3 met\u0173 am\u017eiaus<br \/>\n \t&#8211; Lengva surinkti<br \/>\n \t&#8211; Ilgos valandos linksmybi\u0173<br \/>\n \t&#8211; 52 prek\u0117s<br \/>\n \t&#8211; Maitinamas baterijomis (\u012f komplekt\u0105 ne\u012feina)<br \/>\n \t&#8211; \u017daislas, puikiai tinkantis vaidmen\u0173 \u017eaidimams<\/p>\n<p>Komplekt\u0101 ietilpst:<\/p>\n<p> \t&#8211; Nauja, originali parduotuv\u0117<br \/>\n \t&#8211; Kasos aparatas su spyna ir raktu<br \/>\n \t&#8211; Besisukantis ekranas su skai\u010diuotuvu, kuris skleid\u017eia garsus<br \/>\n \t&#8211; Kod\u0173 skaitytuvas su \u0161viesos ir garso efektais<br \/>\n \t&#8211; Maisto produktai<br \/>\n \t&#8211; Monetos ir banknotai<br \/>\n \t&#8211; Mok\u0117jimo kortel\u0117<br \/>\n \t&#8211; Pirkini\u0173 krep\u0161elis<\/p>","protected":false},"excerpt":{"rendered":"<p>Modernus WOOPIE prekybos centras\u00a0leis\u00a0j\u016bs\u0173\u00a0vaikui pasijusti lyg tikros parduotuv\u0117s kasoje! D\u0117mesys kiekvienai detalei u\u017etikrina\u00a0SAUGI\u0104\u00a0ir\u00a0\u012ftraukian\u010di\u0105\u00a0vaik\u0173 patirt\u012f. Prad\u0117kite savo\u00a0\u012fdomi\u0105 kelion\u0119 \u012f prekybos pasaul\u012f\u00a0naudodami<\/p>","protected":false},"featured_media":62817,"template":"","meta":{"_acf_changed":false,"_glsr_average":0,"_glsr_ranking":0,"_glsr_reviews":0},"product_brand":[],"product_cat":[893,399],"product_tag":[],"class_list":{"0":"post-90022","1":"product","2":"type-product","3":"status-publish","4":"has-post-thumbnail","6":"product_cat-parduotuves","7":"product_cat-vaidmenu-zaidimai-2","8":"\"style=\"background-color: #2ecc711c;\"","10":"first","11":"outofstock","12":"purchasable","13":"product-type-simple"},"acf":[],"yoast_head":"<!-- This site is optimized with the Yoast SEO plugin v27.3 - https:\/\/yoast.com\/product\/yoast-seo-wordpress\/ -->\n<title>WOOPIE interaktyvus prekybos centras vaikams<\/title>\n<meta name=\"description\" content=\"WOOPIE interaktyvus prekybos centras vaikams - KidsPlay. Did\u017eiausias vaik\u0173 \u017eaisl\u0173 pasirinkimas.\" \/>\n<meta name=\"robots\" content=\"index, follow, max-snippet:-1, max-image-preview:large, max-video-preview:-1\" \/>\n<link rel=\"canonical\" href=\"https:\/\/kidsplay.lt\/lv\/products\/woopie-interaktyvus-prekybos-centras-vaikams\/\" \/>\n<meta property=\"og:locale\" content=\"lv_LV\" \/>\n<meta property=\"og:type\" content=\"article\" \/>\n<meta property=\"og:title\" content=\"WOOPIE interaktyvus prekybos centras vaikams\" \/>\n<meta property=\"og:description\" content=\"WOOPIE interaktyvus prekybos centras vaikams - KidsPlay. Did\u017eiausias vaik\u0173 \u017eaisl\u0173 pasirinkimas.\" \/>\n<meta property=\"og:url\" content=\"https:\/\/kidsplay.lt\/lv\/products\/woopie-interaktyvus-prekybos-centras-vaikams\/\" \/>\n<meta property=\"og:site_name\" content=\"KidsPlay\" \/>\n<meta property=\"article:publisher\" content=\"https:\/\/www.facebook.com\/www.kidsplay.lt\" \/>\n<meta property=\"article:modified_time\" content=\"2026-03-26T11:07:11+00:00\" \/>\n<meta property=\"og:image\" content=\"https:\/\/kidsplay.lt\/wp-content\/uploads\/2025\/09\/WOOPIE-interaktyvus-prekybos-centras-vaikams.jpg\" \/>\n\t<meta property=\"og:image:width\" content=\"1000\" \/>\n\t<meta property=\"og:image:height\" content=\"1000\" \/>\n\t<meta property=\"og:image:type\" content=\"image\/jpeg\" \/>\n<meta name=\"twitter:card\" content=\"summary_large_image\" \/>\n<meta name=\"twitter:label1\" content=\"Est. reading time\" \/>\n\t<meta name=\"twitter:data1\" content=\"1 min\u016bte\" \/>\n<script type=\"application\/ld+json\" class=\"yoast-schema-graph\">{\"@context\":\"https:\\\/\\\/schema.org\",\"@graph\":[{\"@type\":\"WebPage\",\"@id\":\"https:\\\/\\\/kidsplay.lt\\\/produktas\\\/woopie-interaktyvus-prekybos-centras-vaikams\\\/\",\"url\":\"https:\\\/\\\/kidsplay.lt\\\/produktas\\\/woopie-interaktyvus-prekybos-centras-vaikams\\\/\",\"name\":\"WOOPIE interaktyvus prekybos centras vaikams\",\"isPartOf\":{\"@id\":\"https:\\\/\\\/kidsplay.lt\\\/#website\"},\"primaryImageOfPage\":{\"@id\":\"https:\\\/\\\/kidsplay.lt\\\/produktas\\\/woopie-interaktyvus-prekybos-centras-vaikams\\\/#primaryimage\"},\"image\":{\"@id\":\"https:\\\/\\\/kidsplay.lt\\\/produktas\\\/woopie-interaktyvus-prekybos-centras-vaikams\\\/#primaryimage\"},\"thumbnailUrl\":\"https:\\\/\\\/kidsplay.lt\\\/wp-content\\\/uploads\\\/2025\\\/09\\\/WOOPIE-interaktyvus-prekybos-centras-vaikams.jpg\",\"datePublished\":\"2026-02-26T07:36:02+00:00\",\"dateModified\":\"2026-03-26T11:07:11+00:00\",\"description\":\"WOOPIE interaktyvus prekybos centras vaikams - KidsPlay. Did\u017eiausias vaik\u0173 \u017eaisl\u0173 pasirinkimas.\",\"breadcrumb\":{\"@id\":\"https:\\\/\\\/kidsplay.lt\\\/produktas\\\/woopie-interaktyvus-prekybos-centras-vaikams\\\/#breadcrumb\"},\"inLanguage\":\"lv-LV\",\"potentialAction\":[{\"@type\":\"ReadAction\",\"target\":[\"https:\\\/\\\/kidsplay.lt\\\/produktas\\\/woopie-interaktyvus-prekybos-centras-vaikams\\\/\"]}]},{\"@type\":\"ImageObject\",\"inLanguage\":\"lv-LV\",\"@id\":\"https:\\\/\\\/kidsplay.lt\\\/produktas\\\/woopie-interaktyvus-prekybos-centras-vaikams\\\/#primaryimage\",\"url\":\"https:\\\/\\\/kidsplay.lt\\\/wp-content\\\/uploads\\\/2025\\\/09\\\/WOOPIE-interaktyvus-prekybos-centras-vaikams.jpg\",\"contentUrl\":\"https:\\\/\\\/kidsplay.lt\\\/wp-content\\\/uploads\\\/2025\\\/09\\\/WOOPIE-interaktyvus-prekybos-centras-vaikams.jpg\",\"width\":1000,\"height\":1000,\"caption\":\"WOOPIE interaktyvus prekybos centras vaikams\"},{\"@type\":\"BreadcrumbList\",\"@id\":\"https:\\\/\\\/kidsplay.lt\\\/produktas\\\/woopie-interaktyvus-prekybos-centras-vaikams\\\/#breadcrumb\",\"itemListElement\":[{\"@type\":\"ListItem\",\"position\":1,\"name\":\"Pagrindinis\",\"item\":\"https:\\\/\\\/kidsplay.lt\\\/\"},{\"@type\":\"ListItem\",\"position\":2,\"name\":\"Parduotuv\u0117\",\"item\":\"https:\\\/\\\/kidsplay.lt\\\/parduotuve\\\/\"},{\"@type\":\"ListItem\",\"position\":3,\"name\":\"WOOPIE interaktyvus prekybos centras vaikams\"}]},{\"@type\":\"WebSite\",\"@id\":\"https:\\\/\\\/kidsplay.lt\\\/#website\",\"url\":\"https:\\\/\\\/kidsplay.lt\\\/\",\"name\":\"Kidsplay.lt\",\"description\":\"\u012evairios prek\u0117s vaikams\",\"publisher\":{\"@id\":\"https:\\\/\\\/kidsplay.lt\\\/#organization\"},\"alternateName\":\"Kidsplay\",\"potentialAction\":[{\"@type\":\"SearchAction\",\"target\":{\"@type\":\"EntryPoint\",\"urlTemplate\":\"https:\\\/\\\/kidsplay.lt\\\/?s={search_term_string}\"},\"query-input\":{\"@type\":\"PropertyValueSpecification\",\"valueRequired\":true,\"valueName\":\"search_term_string\"}}],\"inLanguage\":\"lv-LV\"},{\"@type\":\"Organization\",\"@id\":\"https:\\\/\\\/kidsplay.lt\\\/#organization\",\"name\":\"KidsPlay\",\"url\":\"https:\\\/\\\/kidsplay.lt\\\/\",\"logo\":{\"@type\":\"ImageObject\",\"inLanguage\":\"lv-LV\",\"@id\":\"https:\\\/\\\/kidsplay.lt\\\/#\\\/schema\\\/logo\\\/image\\\/\",\"url\":\"https:\\\/\\\/kidsplay.lt\\\/wp-content\\\/uploads\\\/2023\\\/07\\\/kidsplay-logo.png\",\"contentUrl\":\"https:\\\/\\\/kidsplay.lt\\\/wp-content\\\/uploads\\\/2023\\\/07\\\/kidsplay-logo.png\",\"width\":451,\"height\":98,\"caption\":\"KidsPlay\"},\"image\":{\"@id\":\"https:\\\/\\\/kidsplay.lt\\\/#\\\/schema\\\/logo\\\/image\\\/\"},\"sameAs\":[\"https:\\\/\\\/www.facebook.com\\\/www.kidsplay.lt\"]}]}<\/script>\n<!-- \/ Yoast SEO plugin. -->","yoast_head_json":{"title":"WOOPIE interakt\u012bvs iepirk\u0161an\u0101s centrs b\u0113rniem","description":"WOOPIE interaktyvus prekybos centras vaikams - KidsPlay. Did\u017eiausias vaik\u0173 \u017eaisl\u0173 pasirinkimas.","robots":{"index":"index","follow":"follow","max-snippet":"max-snippet:-1","max-image-preview":"max-image-preview:large","max-video-preview":"max-video-preview:-1"},"canonical":"https:\/\/kidsplay.lt\/lv\/products\/woopie-interaktyvus-prekybos-centras-vaikams\/","og_locale":"lv_LV","og_type":"article","og_title":"WOOPIE interaktyvus prekybos centras vaikams","og_description":"WOOPIE interaktyvus prekybos centras vaikams - KidsPlay. Did\u017eiausias vaik\u0173 \u017eaisl\u0173 pasirinkimas.","og_url":"https:\/\/kidsplay.lt\/lv\/products\/woopie-interaktyvus-prekybos-centras-vaikams\/","og_site_name":"KidsPlay","article_publisher":"https:\/\/www.facebook.com\/www.kidsplay.lt","article_modified_time":"2026-03-26T11:07:11+00:00","og_image":[{"width":1000,"height":1000,"url":"https:\/\/kidsplay.lt\/wp-content\/uploads\/2025\/09\/WOOPIE-interaktyvus-prekybos-centras-vaikams.jpg","type":"image\/jpeg"}],"twitter_card":"summary_large_image","twitter_misc":{"Est. reading time":"1 min\u016bte"},"schema":{"@context":"https:\/\/schema.org","@graph":[{"@type":"WebPage","@id":"https:\/\/kidsplay.lt\/produktas\/woopie-interaktyvus-prekybos-centras-vaikams\/","url":"https:\/\/kidsplay.lt\/produktas\/woopie-interaktyvus-prekybos-centras-vaikams\/","name":"WOOPIE interakt\u012bvs iepirk\u0161an\u0101s centrs b\u0113rniem","isPartOf":{"@id":"https:\/\/kidsplay.lt\/#website"},"primaryImageOfPage":{"@id":"https:\/\/kidsplay.lt\/produktas\/woopie-interaktyvus-prekybos-centras-vaikams\/#primaryimage"},"image":{"@id":"https:\/\/kidsplay.lt\/produktas\/woopie-interaktyvus-prekybos-centras-vaikams\/#primaryimage"},"thumbnailUrl":"https:\/\/kidsplay.lt\/wp-content\/uploads\/2025\/09\/WOOPIE-interaktyvus-prekybos-centras-vaikams.jpg","datePublished":"2026-02-26T07:36:02+00:00","dateModified":"2026-03-26T11:07:11+00:00","description":"WOOPIE interaktyvus prekybos centras vaikams - KidsPlay. Did\u017eiausias vaik\u0173 \u017eaisl\u0173 pasirinkimas.","breadcrumb":{"@id":"https:\/\/kidsplay.lt\/produktas\/woopie-interaktyvus-prekybos-centras-vaikams\/#breadcrumb"},"inLanguage":"lv-LV","potentialAction":[{"@type":"ReadAction","target":["https:\/\/kidsplay.lt\/produktas\/woopie-interaktyvus-prekybos-centras-vaikams\/"]}]},{"@type":"ImageObject","inLanguage":"lv-LV","@id":"https:\/\/kidsplay.lt\/produktas\/woopie-interaktyvus-prekybos-centras-vaikams\/#primaryimage","url":"https:\/\/kidsplay.lt\/wp-content\/uploads\/2025\/09\/WOOPIE-interaktyvus-prekybos-centras-vaikams.jpg","contentUrl":"https:\/\/kidsplay.lt\/wp-content\/uploads\/2025\/09\/WOOPIE-interaktyvus-prekybos-centras-vaikams.jpg","width":1000,"height":1000,"caption":"WOOPIE interaktyvus prekybos centras vaikams"},{"@type":"BreadcrumbList","@id":"https:\/\/kidsplay.lt\/produktas\/woopie-interaktyvus-prekybos-centras-vaikams\/#breadcrumb","itemListElement":[{"@type":"ListItem","position":1,"name":"Pagrindinis","item":"https:\/\/kidsplay.lt\/"},{"@type":"ListItem","position":2,"name":"Parduotuv\u0117","item":"https:\/\/kidsplay.lt\/parduotuve\/"},{"@type":"ListItem","position":3,"name":"WOOPIE interaktyvus prekybos centras vaikams"}]},{"@type":"WebSite","@id":"https:\/\/kidsplay.lt\/#website","url":"https:\/\/kidsplay.lt\/","name":"B\u0113rnu sp\u0113les.lv","description":"\u012evairios prek\u0117s vaikams","publisher":{"@id":"https:\/\/kidsplay.lt\/#organization"},"alternateName":"Kidsplay","potentialAction":[{"@type":"SearchAction","target":{"@type":"EntryPoint","urlTemplate":"https:\/\/kidsplay.lt\/?s={search_term_string}"},"query-input":{"@type":"PropertyValueSpecification","valueRequired":true,"valueName":"search_term_string"}}],"inLanguage":"lv-LV"},{"@type":"Organization","@id":"https:\/\/kidsplay.lt\/#organization","name":"B\u0113rnu sp\u0113le","url":"https:\/\/kidsplay.lt\/","logo":{"@type":"ImageObject","inLanguage":"lv-LV","@id":"https:\/\/kidsplay.lt\/#\/schema\/logo\/image\/","url":"https:\/\/kidsplay.lt\/wp-content\/uploads\/2023\/07\/kidsplay-logo.png","contentUrl":"https:\/\/kidsplay.lt\/wp-content\/uploads\/2023\/07\/kidsplay-logo.png","width":451,"height":98,"caption":"KidsPlay"},"image":{"@id":"https:\/\/kidsplay.lt\/#\/schema\/logo\/image\/"},"sameAs":["https:\/\/www.facebook.com\/www.kidsplay.lt"]}]}},"_links":{"self":[{"href":"https:\/\/kidsplay.lt\/lv\/wp-json\/wp\/v2\/product\/90022","targetHints":{"allow":["GET"]}}],"collection":[{"href":"https:\/\/kidsplay.lt\/lv\/wp-json\/wp\/v2\/product"}],"about":[{"href":"https:\/\/kidsplay.lt\/lv\/wp-json\/wp\/v2\/types\/product"}],"version-history":[{"count":1,"href":"https:\/\/kidsplay.lt\/lv\/wp-json\/wp\/v2\/product\/90022\/revisions"}],"predecessor-version":[{"id":90023,"href":"https:\/\/kidsplay.lt\/lv\/wp-json\/wp\/v2\/product\/90022\/revisions\/90023"}],"wp:featuredmedia":[{"embeddable":true,"href":"https:\/\/kidsplay.lt\/lv\/wp-json\/wp\/v2\/media\/62817"}],"wp:attachment":[{"href":"https:\/\/kidsplay.lt\/lv\/wp-json\/wp\/v2\/media?parent=90022"}],"wp:term":[{"taxonomy":"product_brand","embeddable":true,"href":"https:\/\/kidsplay.lt\/lv\/wp-json\/wp\/v2\/product_brand?post=90022"},{"taxonomy":"product_cat","embeddable":true,"href":"https:\/\/kidsplay.lt\/lv\/wp-json\/wp\/v2\/product_cat?post=90022"},{"taxonomy":"product_tag","embeddable":true,"href":"https:\/\/kidsplay.lt\/lv\/wp-json\/wp\/v2\/product_tag?post=90022"}],"curies":[{"name":"wp","href":"https:\/\/api.w.org\/{rel}","templated":true}]}}