{"id":90024,"date":"2026-02-26T09:36:04","date_gmt":"2026-02-26T07:36:04","guid":{"rendered":"https:\/\/kidsplay.lt\/produktas\/woopie-ledu-salono-2in1-lagaminas-16-vnt\/"},"modified":"2026-04-13T15:12:19","modified_gmt":"2026-04-13T12:12:19","slug":"woopie-ledu-salono-2in1-lagaminas-16-vnt","status":"publish","type":"product","link":"https:\/\/kidsplay.lt\/lv\/products\/woopie-ledu-salono-2in1-lagaminas-16-vnt\/","title":{"rendered":"WOOPIE sald\u0113juma salona 2in1 koferis, 16 gab."},"content":{"rendered":"<p>\u201eWoopie\u201c\u00a0lagamino\u00a0pyrag\u0117li\u0173 parduotuv\u0117\u00a0\u2013 unikalus \u017eaislas ma\u017eiesiems konditeriams. \u0160is \u017eavus rinkinys nukels vaikus \u012f sald\u017ei\u0173 skan\u0117st\u0173 pasaul\u012f, kupin\u0105 k\u016brybi\u0161kumo ir vaizduot\u0117s. Rinkinyje yra visi j\u0173\u00a0m\u0117gstamiausi skan\u0117stai, tokie kaip ledai, spurgos, desertai, pyragai ir dar daugiau.\u00a0D\u0117l \u012fvairi\u0173 detali\u0173 ma\u017eyliai gali pasijusti tikrais konditeri\u0173 vaidmenimis ir kurti savo virtualius konditerijos \u0161edevrus.<\/p>\n<p>\u201eSuitcase\u201c konditerijos parduotuv\u0117 taip pat si\u016blo \u017eaisming\u0105 apsipirkimo patirt\u012f, si\u016blydama pardavin\u0117ti gard\u017eius skan\u0117stus ir \u017eaisti vaidmenimis kaip konditeris. Tai puiki galimyb\u0117 vaikams lavinti socialinius \u012fg\u016bd\u017eius ir k\u016brybin\u012f m\u0105stym\u0105.<\/p>\n<p>Rakstur\u012bgs:<\/p>\n<p> \t&#8211; \u017eaislas, skirtas\u00a0vaikams nuo 3 met\u0173 am\u017eiaus<br \/>\n \t&#8211; rinkinyje yra\u00a0lagaminas, ledai, desertai, kokteilis, spurgos, saldainiai, keksiukai ir kt.<br \/>\n \t&#8211; tarnauja kaip\u00a0parduotuv\u0117, konditerijos parduotuv\u0117 ir ledain\u0117<br \/>\n \t&#8211; pagaminta i\u0161\u00a0saugios ir patvarios med\u017eiagos<br \/>\n \t&#8211; D\u0117l rinkinyje esan\u010di\u0173 lipduk\u0173 vaikas gali laisvai\u00a0kurti lagamino i\u0161vaizd\u0105<br \/>\n \t&#8211; tobula dovan\u0173 pakuot\u0117<\/p>\n<p>Rota\u013clieta att\u012bst\u0101s:<\/p>\n<p> \t&#8211; rankiniai\u00a0\u012fg\u016bd\u017eiai<br \/>\n \t&#8211; geb\u0117jimas\u00a0logi\u0161kai m\u0105styti<br \/>\n \t&#8211;\u00a0vaizduot\u0117<br \/>\n \t&#8211; bendravimo \u012fg\u016bd\u017eiai<\/p>","protected":false},"excerpt":{"rendered":"<p>\u201eWoopie\u201c\u00a0lagamino\u00a0pyrag\u0117li\u0173 parduotuv\u0117\u00a0\u2013 unikalus \u017eaislas ma\u017eiesiems konditeriams. \u0160is \u017eavus rinkinys nukels vaikus \u012f sald\u017ei\u0173 skan\u0117st\u0173 pasaul\u012f, kupin\u0105 k\u016brybi\u0161kumo ir vaizduot\u0117s. Rinkinyje<\/p>","protected":false},"featured_media":76644,"template":"","meta":{"_acf_changed":false,"_glsr_average":0,"_glsr_ranking":0,"_glsr_reviews":0},"product_brand":[],"product_cat":[399,282,229],"product_tag":[],"class_list":{"0":"post-90024","1":"product","2":"type-product","3":"status-publish","4":"has-post-thumbnail","6":"product_cat-vaidmenu-zaidimai-2","7":"product_cat-virtuves-reikmenys-vaidmenu-zaidimai","8":"product_cat-zaislai-vaikams","9":"\"style=\"background-color: #2ecc711c;\"","11":"first","12":"instock","13":"purchasable","14":"product-type-simple"},"acf":[],"yoast_head":"<!-- This site is optimized with the Yoast SEO plugin v27.4 - https:\/\/yoast.com\/product\/yoast-seo-wordpress\/ -->\n<title>WOOPIE led\u0173 salono 2in1 lagaminas, 16 vnt.<\/title>\n<meta name=\"description\" content=\"WOOPIE led\u0173 salono 2in1 lagaminas, 16 vnt. - KidsPlay. Did\u017eiausias vaik\u0173 \u017eaisl\u0173 pasirinkimas.\" \/>\n<meta name=\"robots\" content=\"index, follow, max-snippet:-1, max-image-preview:large, max-video-preview:-1\" \/>\n<link rel=\"canonical\" href=\"https:\/\/kidsplay.lt\/lv\/products\/woopie-ledu-salono-2in1-lagaminas-16-vnt\/\" \/>\n<meta property=\"og:locale\" content=\"lv_LV\" \/>\n<meta property=\"og:type\" content=\"article\" \/>\n<meta property=\"og:title\" content=\"WOOPIE led\u0173 salono 2in1 lagaminas, 16 vnt.\" \/>\n<meta property=\"og:description\" content=\"WOOPIE led\u0173 salono 2in1 lagaminas, 16 vnt. - KidsPlay. Did\u017eiausias vaik\u0173 \u017eaisl\u0173 pasirinkimas.\" \/>\n<meta property=\"og:url\" content=\"https:\/\/kidsplay.lt\/lv\/products\/woopie-ledu-salono-2in1-lagaminas-16-vnt\/\" \/>\n<meta property=\"og:site_name\" content=\"KidsPlay\" \/>\n<meta property=\"article:publisher\" content=\"https:\/\/www.facebook.com\/www.kidsplay.lt\" \/>\n<meta property=\"article:modified_time\" content=\"2026-04-13T12:12:19+00:00\" \/>\n<meta property=\"og:image\" content=\"https:\/\/kidsplay.lt\/wp-content\/uploads\/2025\/10\/WOOPIE-ledu-salono-2in1-lagaminas-16-vnt.jpg\" \/>\n\t<meta property=\"og:image:width\" content=\"1000\" \/>\n\t<meta property=\"og:image:height\" content=\"1000\" \/>\n\t<meta property=\"og:image:type\" content=\"image\/jpeg\" \/>\n<meta name=\"twitter:card\" content=\"summary_large_image\" \/>\n<meta name=\"twitter:label1\" content=\"Est. reading time\" \/>\n\t<meta name=\"twitter:data1\" content=\"1 min\u016bte\" \/>\n<script type=\"application\/ld+json\" class=\"yoast-schema-graph\">{\"@context\":\"https:\\\/\\\/schema.org\",\"@graph\":[{\"@type\":\"WebPage\",\"@id\":\"https:\\\/\\\/kidsplay.lt\\\/produktas\\\/woopie-ledu-salono-2in1-lagaminas-16-vnt\\\/\",\"url\":\"https:\\\/\\\/kidsplay.lt\\\/produktas\\\/woopie-ledu-salono-2in1-lagaminas-16-vnt\\\/\",\"name\":\"WOOPIE led\u0173 salono 2in1 lagaminas, 16 vnt.\",\"isPartOf\":{\"@id\":\"https:\\\/\\\/kidsplay.lt\\\/#website\"},\"primaryImageOfPage\":{\"@id\":\"https:\\\/\\\/kidsplay.lt\\\/produktas\\\/woopie-ledu-salono-2in1-lagaminas-16-vnt\\\/#primaryimage\"},\"image\":{\"@id\":\"https:\\\/\\\/kidsplay.lt\\\/produktas\\\/woopie-ledu-salono-2in1-lagaminas-16-vnt\\\/#primaryimage\"},\"thumbnailUrl\":\"https:\\\/\\\/kidsplay.lt\\\/wp-content\\\/uploads\\\/2025\\\/10\\\/WOOPIE-ledu-salono-2in1-lagaminas-16-vnt.jpg\",\"datePublished\":\"2026-02-26T07:36:04+00:00\",\"dateModified\":\"2026-04-13T12:12:19+00:00\",\"description\":\"WOOPIE led\u0173 salono 2in1 lagaminas, 16 vnt. - KidsPlay. Did\u017eiausias vaik\u0173 \u017eaisl\u0173 pasirinkimas.\",\"breadcrumb\":{\"@id\":\"https:\\\/\\\/kidsplay.lt\\\/produktas\\\/woopie-ledu-salono-2in1-lagaminas-16-vnt\\\/#breadcrumb\"},\"inLanguage\":\"lv-LV\",\"potentialAction\":[{\"@type\":\"ReadAction\",\"target\":[\"https:\\\/\\\/kidsplay.lt\\\/produktas\\\/woopie-ledu-salono-2in1-lagaminas-16-vnt\\\/\"]}]},{\"@type\":\"ImageObject\",\"inLanguage\":\"lv-LV\",\"@id\":\"https:\\\/\\\/kidsplay.lt\\\/produktas\\\/woopie-ledu-salono-2in1-lagaminas-16-vnt\\\/#primaryimage\",\"url\":\"https:\\\/\\\/kidsplay.lt\\\/wp-content\\\/uploads\\\/2025\\\/10\\\/WOOPIE-ledu-salono-2in1-lagaminas-16-vnt.jpg\",\"contentUrl\":\"https:\\\/\\\/kidsplay.lt\\\/wp-content\\\/uploads\\\/2025\\\/10\\\/WOOPIE-ledu-salono-2in1-lagaminas-16-vnt.jpg\",\"width\":1000,\"height\":1000,\"caption\":\"WOOPIE led\u0173 salono 2in1 lagaminas\"},{\"@type\":\"BreadcrumbList\",\"@id\":\"https:\\\/\\\/kidsplay.lt\\\/produktas\\\/woopie-ledu-salono-2in1-lagaminas-16-vnt\\\/#breadcrumb\",\"itemListElement\":[{\"@type\":\"ListItem\",\"position\":1,\"name\":\"Pagrindinis\",\"item\":\"https:\\\/\\\/kidsplay.lt\\\/\"},{\"@type\":\"ListItem\",\"position\":2,\"name\":\"Parduotuv\u0117\",\"item\":\"https:\\\/\\\/kidsplay.lt\\\/parduotuve\\\/\"},{\"@type\":\"ListItem\",\"position\":3,\"name\":\"WOOPIE led\u0173 salono 2in1 lagaminas, 16 vnt.\"}]},{\"@type\":\"WebSite\",\"@id\":\"https:\\\/\\\/kidsplay.lt\\\/#website\",\"url\":\"https:\\\/\\\/kidsplay.lt\\\/\",\"name\":\"Kidsplay.lt\",\"description\":\"\u012evairios prek\u0117s vaikams\",\"publisher\":{\"@id\":\"https:\\\/\\\/kidsplay.lt\\\/#organization\"},\"alternateName\":\"Kidsplay\",\"potentialAction\":[{\"@type\":\"SearchAction\",\"target\":{\"@type\":\"EntryPoint\",\"urlTemplate\":\"https:\\\/\\\/kidsplay.lt\\\/?s={search_term_string}\"},\"query-input\":{\"@type\":\"PropertyValueSpecification\",\"valueRequired\":true,\"valueName\":\"search_term_string\"}}],\"inLanguage\":\"lv-LV\"},{\"@type\":\"Organization\",\"@id\":\"https:\\\/\\\/kidsplay.lt\\\/#organization\",\"name\":\"KidsPlay\",\"url\":\"https:\\\/\\\/kidsplay.lt\\\/\",\"logo\":{\"@type\":\"ImageObject\",\"inLanguage\":\"lv-LV\",\"@id\":\"https:\\\/\\\/kidsplay.lt\\\/#\\\/schema\\\/logo\\\/image\\\/\",\"url\":\"https:\\\/\\\/kidsplay.lt\\\/wp-content\\\/uploads\\\/2023\\\/07\\\/kidsplay-logo.png\",\"contentUrl\":\"https:\\\/\\\/kidsplay.lt\\\/wp-content\\\/uploads\\\/2023\\\/07\\\/kidsplay-logo.png\",\"width\":451,\"height\":98,\"caption\":\"KidsPlay\"},\"image\":{\"@id\":\"https:\\\/\\\/kidsplay.lt\\\/#\\\/schema\\\/logo\\\/image\\\/\"},\"sameAs\":[\"https:\\\/\\\/www.facebook.com\\\/www.kidsplay.lt\"]}]}<\/script>\n<!-- \/ Yoast SEO plugin. -->","yoast_head_json":{"title":"WOOPIE sald\u0113juma salona 2in1 koferis, 16 gab.","description":"WOOPIE led\u0173 salono 2in1 lagaminas, 16 vnt. - KidsPlay. Did\u017eiausias vaik\u0173 \u017eaisl\u0173 pasirinkimas.","robots":{"index":"index","follow":"follow","max-snippet":"max-snippet:-1","max-image-preview":"max-image-preview:large","max-video-preview":"max-video-preview:-1"},"canonical":"https:\/\/kidsplay.lt\/lv\/products\/woopie-ledu-salono-2in1-lagaminas-16-vnt\/","og_locale":"lv_LV","og_type":"article","og_title":"WOOPIE led\u0173 salono 2in1 lagaminas, 16 vnt.","og_description":"WOOPIE led\u0173 salono 2in1 lagaminas, 16 vnt. - KidsPlay. Did\u017eiausias vaik\u0173 \u017eaisl\u0173 pasirinkimas.","og_url":"https:\/\/kidsplay.lt\/lv\/products\/woopie-ledu-salono-2in1-lagaminas-16-vnt\/","og_site_name":"KidsPlay","article_publisher":"https:\/\/www.facebook.com\/www.kidsplay.lt","article_modified_time":"2026-04-13T12:12:19+00:00","og_image":[{"width":1000,"height":1000,"url":"https:\/\/kidsplay.lt\/wp-content\/uploads\/2025\/10\/WOOPIE-ledu-salono-2in1-lagaminas-16-vnt.jpg","type":"image\/jpeg"}],"twitter_card":"summary_large_image","twitter_misc":{"Est. reading time":"1 min\u016bte"},"schema":{"@context":"https:\/\/schema.org","@graph":[{"@type":"WebPage","@id":"https:\/\/kidsplay.lt\/produktas\/woopie-ledu-salono-2in1-lagaminas-16-vnt\/","url":"https:\/\/kidsplay.lt\/produktas\/woopie-ledu-salono-2in1-lagaminas-16-vnt\/","name":"WOOPIE sald\u0113juma salona 2in1 koferis, 16 gab.","isPartOf":{"@id":"https:\/\/kidsplay.lt\/#website"},"primaryImageOfPage":{"@id":"https:\/\/kidsplay.lt\/produktas\/woopie-ledu-salono-2in1-lagaminas-16-vnt\/#primaryimage"},"image":{"@id":"https:\/\/kidsplay.lt\/produktas\/woopie-ledu-salono-2in1-lagaminas-16-vnt\/#primaryimage"},"thumbnailUrl":"https:\/\/kidsplay.lt\/wp-content\/uploads\/2025\/10\/WOOPIE-ledu-salono-2in1-lagaminas-16-vnt.jpg","datePublished":"2026-02-26T07:36:04+00:00","dateModified":"2026-04-13T12:12:19+00:00","description":"WOOPIE led\u0173 salono 2in1 lagaminas, 16 vnt. - KidsPlay. Did\u017eiausias vaik\u0173 \u017eaisl\u0173 pasirinkimas.","breadcrumb":{"@id":"https:\/\/kidsplay.lt\/produktas\/woopie-ledu-salono-2in1-lagaminas-16-vnt\/#breadcrumb"},"inLanguage":"lv-LV","potentialAction":[{"@type":"ReadAction","target":["https:\/\/kidsplay.lt\/produktas\/woopie-ledu-salono-2in1-lagaminas-16-vnt\/"]}]},{"@type":"ImageObject","inLanguage":"lv-LV","@id":"https:\/\/kidsplay.lt\/produktas\/woopie-ledu-salono-2in1-lagaminas-16-vnt\/#primaryimage","url":"https:\/\/kidsplay.lt\/wp-content\/uploads\/2025\/10\/WOOPIE-ledu-salono-2in1-lagaminas-16-vnt.jpg","contentUrl":"https:\/\/kidsplay.lt\/wp-content\/uploads\/2025\/10\/WOOPIE-ledu-salono-2in1-lagaminas-16-vnt.jpg","width":1000,"height":1000,"caption":"WOOPIE led\u0173 salono 2in1 lagaminas"},{"@type":"BreadcrumbList","@id":"https:\/\/kidsplay.lt\/produktas\/woopie-ledu-salono-2in1-lagaminas-16-vnt\/#breadcrumb","itemListElement":[{"@type":"ListItem","position":1,"name":"Pagrindinis","item":"https:\/\/kidsplay.lt\/"},{"@type":"ListItem","position":2,"name":"Parduotuv\u0117","item":"https:\/\/kidsplay.lt\/parduotuve\/"},{"@type":"ListItem","position":3,"name":"WOOPIE led\u0173 salono 2in1 lagaminas, 16 vnt."}]},{"@type":"WebSite","@id":"https:\/\/kidsplay.lt\/#website","url":"https:\/\/kidsplay.lt\/","name":"B\u0113rnu sp\u0113les.lv","description":"\u012evairios prek\u0117s vaikams","publisher":{"@id":"https:\/\/kidsplay.lt\/#organization"},"alternateName":"Kidsplay","potentialAction":[{"@type":"SearchAction","target":{"@type":"EntryPoint","urlTemplate":"https:\/\/kidsplay.lt\/?s={search_term_string}"},"query-input":{"@type":"PropertyValueSpecification","valueRequired":true,"valueName":"search_term_string"}}],"inLanguage":"lv-LV"},{"@type":"Organization","@id":"https:\/\/kidsplay.lt\/#organization","name":"B\u0113rnu sp\u0113le","url":"https:\/\/kidsplay.lt\/","logo":{"@type":"ImageObject","inLanguage":"lv-LV","@id":"https:\/\/kidsplay.lt\/#\/schema\/logo\/image\/","url":"https:\/\/kidsplay.lt\/wp-content\/uploads\/2023\/07\/kidsplay-logo.png","contentUrl":"https:\/\/kidsplay.lt\/wp-content\/uploads\/2023\/07\/kidsplay-logo.png","width":451,"height":98,"caption":"KidsPlay"},"image":{"@id":"https:\/\/kidsplay.lt\/#\/schema\/logo\/image\/"},"sameAs":["https:\/\/www.facebook.com\/www.kidsplay.lt"]}]}},"_links":{"self":[{"href":"https:\/\/kidsplay.lt\/lv\/wp-json\/wp\/v2\/product\/90024","targetHints":{"allow":["GET"]}}],"collection":[{"href":"https:\/\/kidsplay.lt\/lv\/wp-json\/wp\/v2\/product"}],"about":[{"href":"https:\/\/kidsplay.lt\/lv\/wp-json\/wp\/v2\/types\/product"}],"version-history":[{"count":1,"href":"https:\/\/kidsplay.lt\/lv\/wp-json\/wp\/v2\/product\/90024\/revisions"}],"predecessor-version":[{"id":90025,"href":"https:\/\/kidsplay.lt\/lv\/wp-json\/wp\/v2\/product\/90024\/revisions\/90025"}],"wp:featuredmedia":[{"embeddable":true,"href":"https:\/\/kidsplay.lt\/lv\/wp-json\/wp\/v2\/media\/76644"}],"wp:attachment":[{"href":"https:\/\/kidsplay.lt\/lv\/wp-json\/wp\/v2\/media?parent=90024"}],"wp:term":[{"taxonomy":"product_brand","embeddable":true,"href":"https:\/\/kidsplay.lt\/lv\/wp-json\/wp\/v2\/product_brand?post=90024"},{"taxonomy":"product_cat","embeddable":true,"href":"https:\/\/kidsplay.lt\/lv\/wp-json\/wp\/v2\/product_cat?post=90024"},{"taxonomy":"product_tag","embeddable":true,"href":"https:\/\/kidsplay.lt\/lv\/wp-json\/wp\/v2\/product_tag?post=90024"}],"curies":[{"name":"wp","href":"https:\/\/api.w.org\/{rel}","templated":true}]}}