{"id":90026,"date":"2026-02-26T09:36:07","date_gmt":"2026-02-26T07:36:07","guid":{"rendered":"https:\/\/kidsplay.lt\/produktas\/woopie-virtuves-komplektas\/"},"modified":"2026-04-07T10:50:19","modified_gmt":"2026-04-07T07:50:19","slug":"woopie-virtuves-komplektas","status":"publish","type":"product","link":"https:\/\/kidsplay.lt\/lv\/products\/woopie-virtuves-komplektas\/","title":{"rendered":"WOOPIE virtuv\u0117s komplektas"},"content":{"rendered":"<p>\u201eWOOPIE\u201c\u00a0prek\u0117s \u017eenklo\u00a0virtuv\u0117s rinkiniai\u00a0\u00a0 \u2013 tai nuostabus \u017eaislas, leid\u017eiantis ma\u017eiesiems pasijusti ma\u017euoju vir\u0117ju. Jie suteikia daug galimybi\u0173\u00a0k\u016brybi\u0161kam ir\u00a0lavinan\u010diam \u017eaidimui. Vaik\u0173 virtuv\u0117s rinkiniuose yra \u012fvairi\u0173 pried\u0173, toki\u0173 kaip l\u0117k\u0161t\u0117s, dubuo, virdulys ir keptuv\u0117 su dang\u010diu. Tai leid\u017eia valand\u0173 valandas k\u016brybi\u0161kai \u017eaisti,\u00a0lavinti rank\u0173 \u012fg\u016bd\u017eius ir vaizduot\u0119.\u00a0Gaminti kartu gali b\u016bti tikrai smagu! Ta\u010diau prie\u0161 pradedant ma\u017eyliui pad\u0117ti jums tikroje virtuv\u0117je, pravartu j\u012f su viskuo supa\u017eindinti \u017eaid\u017eiant!<\/p>\n<p>Rakstur\u012bgs:<\/p>\n<p> \t&#8211; \u017daislas\u00a0nuo 3 met\u0173 am\u017eiaus<br \/>\n \t&#8211; Vaikai gali lavinti savo\u00a0rank\u0173 \u012fg\u016bd\u017eius<br \/>\n \t&#8211; Virtuv\u0117s komplektai skatina k\u016brybi\u0161k\u0105 \u017eaidim\u0105. Vaikai gali apsimesti, kad gamina maist\u0105, sugalvoti savo receptus ir kurti \u012fsivaizduojamus patiekalus. Tai puikus b\u016bdas\u00a0lavinti j\u0173 vaizduot\u0119.<br \/>\n \t&#8211;\u00a0Grupinis \u017eaidimas\u00a0virtuv\u0117je leid\u017eia vaikams bendrauti ir bendradarbiauti. Jie gali kartu planuoti valgius ir dalytis vaidmenimis.\u00a0<br \/>\n \t&#8211; Produktai pagaminti i\u0161\u00a0saugi\u0173 med\u017eiag\u0173\u00a0, o detalus tikr\u0173 maisto produkt\u0173 ir virtuv\u0117s \u012franki\u0173 atk\u016brimas garantuoja patvarum\u0105 ir saugum\u0105<br \/>\n \t&#8211; Rinkiniui\u00a0nereikia baterij\u0173\u00a0ir jis yra\u00a0kompakti\u0161kas<\/p>\n<p>Komplekt\u0101 ietilpst:<\/p>\n<p> \t&#8211; Virdulys<br \/>\n \t&#8211; Dujin\u0117 virykl\u0117<br \/>\n \t&#8211; Dujos<br \/>\n \t&#8211; Puodas su dang\u010diu<br \/>\n \t&#8211; Keptuv\u0117 su dang\u010diu<br \/>\n \t&#8211; L\u0117k\u0161t\u0117<br \/>\n \t&#8211; Dubuo su l\u0117k\u0161te<br \/>\n \t&#8211; Su\u0161i lazdel\u0117s<br \/>\n \t&#8211; Ry\u017eiai<br \/>\n \t&#8211; Butelis alyvuogi\u0173 aliejaus<br \/>\n \t&#8211; 2 x prieskoniai<br \/>\n \t&#8211; Kukur\u016bzai<br \/>\n \t&#8211; Salotos<br \/>\n \t&#8211; Butelis vandens<br \/>\n \t&#8211; Citrina<br \/>\n \t&#8211; Brokoliai<\/p>\n<p>Rota\u013clieta att\u012bst\u0101s:<\/p>\n<p> \t&#8211; Rankiniai \u012fg\u016bd\u017eiai<br \/>\n \t&#8211; K\u016brybi\u0161kumas ir vaizduot\u0117<br \/>\n \t&#8211; Socialiniai \u012fg\u016bd\u017eiai<br \/>\n \t&#8211; \u012evadas \u012f realyb\u0119<\/p>","protected":false},"excerpt":{"rendered":"<p>\u201eWOOPIE\u201c\u00a0prek\u0117s \u017eenklo\u00a0virtuv\u0117s rinkiniai\u00a0\u00a0 \u2013 tai nuostabus \u017eaislas, leid\u017eiantis ma\u017eiesiems pasijusti ma\u017euoju vir\u0117ju. Jie suteikia daug galimybi\u0173\u00a0k\u016brybi\u0161kam ir\u00a0lavinan\u010diam \u017eaidimui. Vaik\u0173 virtuv\u0117s<\/p>","protected":false},"featured_media":62842,"template":"","meta":{"_acf_changed":false,"_glsr_average":0,"_glsr_ranking":0,"_glsr_reviews":0},"product_brand":[],"product_cat":[399,282],"product_tag":[],"class_list":{"0":"post-90026","1":"product","2":"type-product","3":"status-publish","4":"has-post-thumbnail","6":"product_cat-vaidmenu-zaidimai-2","7":"product_cat-virtuves-reikmenys-vaidmenu-zaidimai","8":"\"style=\"background-color: #2ecc711c;\"","10":"first","11":"instock","12":"purchasable","13":"product-type-simple"},"acf":[],"yoast_head":"<!-- This site is optimized with the Yoast SEO plugin v27.3 - https:\/\/yoast.com\/product\/yoast-seo-wordpress\/ -->\n<title>WOOPIE virtuv\u0117s komplektas<\/title>\n<meta name=\"description\" content=\"WOOPIE virtuv\u0117s komplektas - KidsPlay. Did\u017eiausias vaik\u0173 \u017eaisl\u0173 pasirinkimas.\" \/>\n<meta name=\"robots\" content=\"index, follow, max-snippet:-1, max-image-preview:large, max-video-preview:-1\" \/>\n<link rel=\"canonical\" href=\"https:\/\/kidsplay.lt\/lv\/products\/woopie-virtuves-komplektas\/\" \/>\n<meta property=\"og:locale\" content=\"lv_LV\" \/>\n<meta property=\"og:type\" content=\"article\" \/>\n<meta property=\"og:title\" content=\"WOOPIE virtuv\u0117s komplektas\" \/>\n<meta property=\"og:description\" content=\"WOOPIE virtuv\u0117s komplektas - KidsPlay. Did\u017eiausias vaik\u0173 \u017eaisl\u0173 pasirinkimas.\" \/>\n<meta property=\"og:url\" content=\"https:\/\/kidsplay.lt\/lv\/products\/woopie-virtuves-komplektas\/\" \/>\n<meta property=\"og:site_name\" content=\"KidsPlay\" \/>\n<meta property=\"article:publisher\" content=\"https:\/\/www.facebook.com\/www.kidsplay.lt\" \/>\n<meta property=\"article:modified_time\" content=\"2026-04-07T07:50:19+00:00\" \/>\n<meta property=\"og:image\" content=\"https:\/\/kidsplay.lt\/wp-content\/uploads\/2025\/09\/WOOPIE-virtuves-komplektas.jpg\" \/>\n\t<meta property=\"og:image:width\" content=\"1000\" \/>\n\t<meta property=\"og:image:height\" content=\"1000\" \/>\n\t<meta property=\"og:image:type\" content=\"image\/jpeg\" \/>\n<meta name=\"twitter:card\" content=\"summary_large_image\" \/>\n<meta name=\"twitter:label1\" content=\"Est. reading time\" \/>\n\t<meta name=\"twitter:data1\" content=\"1 min\u016bte\" \/>\n<script type=\"application\/ld+json\" class=\"yoast-schema-graph\">{\"@context\":\"https:\\\/\\\/schema.org\",\"@graph\":[{\"@type\":\"WebPage\",\"@id\":\"https:\\\/\\\/kidsplay.lt\\\/produktas\\\/woopie-virtuves-komplektas\\\/\",\"url\":\"https:\\\/\\\/kidsplay.lt\\\/produktas\\\/woopie-virtuves-komplektas\\\/\",\"name\":\"WOOPIE virtuv\u0117s komplektas\",\"isPartOf\":{\"@id\":\"https:\\\/\\\/kidsplay.lt\\\/#website\"},\"primaryImageOfPage\":{\"@id\":\"https:\\\/\\\/kidsplay.lt\\\/produktas\\\/woopie-virtuves-komplektas\\\/#primaryimage\"},\"image\":{\"@id\":\"https:\\\/\\\/kidsplay.lt\\\/produktas\\\/woopie-virtuves-komplektas\\\/#primaryimage\"},\"thumbnailUrl\":\"https:\\\/\\\/kidsplay.lt\\\/wp-content\\\/uploads\\\/2025\\\/09\\\/WOOPIE-virtuves-komplektas.jpg\",\"datePublished\":\"2026-02-26T07:36:07+00:00\",\"dateModified\":\"2026-04-07T07:50:19+00:00\",\"description\":\"WOOPIE virtuv\u0117s komplektas - KidsPlay. Did\u017eiausias vaik\u0173 \u017eaisl\u0173 pasirinkimas.\",\"breadcrumb\":{\"@id\":\"https:\\\/\\\/kidsplay.lt\\\/produktas\\\/woopie-virtuves-komplektas\\\/#breadcrumb\"},\"inLanguage\":\"lv-LV\",\"potentialAction\":[{\"@type\":\"ReadAction\",\"target\":[\"https:\\\/\\\/kidsplay.lt\\\/produktas\\\/woopie-virtuves-komplektas\\\/\"]}]},{\"@type\":\"ImageObject\",\"inLanguage\":\"lv-LV\",\"@id\":\"https:\\\/\\\/kidsplay.lt\\\/produktas\\\/woopie-virtuves-komplektas\\\/#primaryimage\",\"url\":\"https:\\\/\\\/kidsplay.lt\\\/wp-content\\\/uploads\\\/2025\\\/09\\\/WOOPIE-virtuves-komplektas.jpg\",\"contentUrl\":\"https:\\\/\\\/kidsplay.lt\\\/wp-content\\\/uploads\\\/2025\\\/09\\\/WOOPIE-virtuves-komplektas.jpg\",\"width\":1000,\"height\":1000,\"caption\":\"WOOPIE virtuv\u0117s komplektas\"},{\"@type\":\"BreadcrumbList\",\"@id\":\"https:\\\/\\\/kidsplay.lt\\\/produktas\\\/woopie-virtuves-komplektas\\\/#breadcrumb\",\"itemListElement\":[{\"@type\":\"ListItem\",\"position\":1,\"name\":\"Pagrindinis\",\"item\":\"https:\\\/\\\/kidsplay.lt\\\/\"},{\"@type\":\"ListItem\",\"position\":2,\"name\":\"Parduotuv\u0117\",\"item\":\"https:\\\/\\\/kidsplay.lt\\\/parduotuve\\\/\"},{\"@type\":\"ListItem\",\"position\":3,\"name\":\"WOOPIE virtuv\u0117s komplektas\"}]},{\"@type\":\"WebSite\",\"@id\":\"https:\\\/\\\/kidsplay.lt\\\/#website\",\"url\":\"https:\\\/\\\/kidsplay.lt\\\/\",\"name\":\"Kidsplay.lt\",\"description\":\"\u012evairios prek\u0117s vaikams\",\"publisher\":{\"@id\":\"https:\\\/\\\/kidsplay.lt\\\/#organization\"},\"alternateName\":\"Kidsplay\",\"potentialAction\":[{\"@type\":\"SearchAction\",\"target\":{\"@type\":\"EntryPoint\",\"urlTemplate\":\"https:\\\/\\\/kidsplay.lt\\\/?s={search_term_string}\"},\"query-input\":{\"@type\":\"PropertyValueSpecification\",\"valueRequired\":true,\"valueName\":\"search_term_string\"}}],\"inLanguage\":\"lv-LV\"},{\"@type\":\"Organization\",\"@id\":\"https:\\\/\\\/kidsplay.lt\\\/#organization\",\"name\":\"KidsPlay\",\"url\":\"https:\\\/\\\/kidsplay.lt\\\/\",\"logo\":{\"@type\":\"ImageObject\",\"inLanguage\":\"lv-LV\",\"@id\":\"https:\\\/\\\/kidsplay.lt\\\/#\\\/schema\\\/logo\\\/image\\\/\",\"url\":\"https:\\\/\\\/kidsplay.lt\\\/wp-content\\\/uploads\\\/2023\\\/07\\\/kidsplay-logo.png\",\"contentUrl\":\"https:\\\/\\\/kidsplay.lt\\\/wp-content\\\/uploads\\\/2023\\\/07\\\/kidsplay-logo.png\",\"width\":451,\"height\":98,\"caption\":\"KidsPlay\"},\"image\":{\"@id\":\"https:\\\/\\\/kidsplay.lt\\\/#\\\/schema\\\/logo\\\/image\\\/\"},\"sameAs\":[\"https:\\\/\\\/www.facebook.com\\\/www.kidsplay.lt\"]}]}<\/script>\n<!-- \/ Yoast SEO plugin. -->","yoast_head_json":{"title":"WOOPIE virtuv\u0117s komplektas","description":"WOOPIE virtuv\u0117s komplektas - KidsPlay. Did\u017eiausias vaik\u0173 \u017eaisl\u0173 pasirinkimas.","robots":{"index":"index","follow":"follow","max-snippet":"max-snippet:-1","max-image-preview":"max-image-preview:large","max-video-preview":"max-video-preview:-1"},"canonical":"https:\/\/kidsplay.lt\/lv\/products\/woopie-virtuves-komplektas\/","og_locale":"lv_LV","og_type":"article","og_title":"WOOPIE virtuv\u0117s komplektas","og_description":"WOOPIE virtuv\u0117s komplektas - KidsPlay. Did\u017eiausias vaik\u0173 \u017eaisl\u0173 pasirinkimas.","og_url":"https:\/\/kidsplay.lt\/lv\/products\/woopie-virtuves-komplektas\/","og_site_name":"KidsPlay","article_publisher":"https:\/\/www.facebook.com\/www.kidsplay.lt","article_modified_time":"2026-04-07T07:50:19+00:00","og_image":[{"width":1000,"height":1000,"url":"https:\/\/kidsplay.lt\/wp-content\/uploads\/2025\/09\/WOOPIE-virtuves-komplektas.jpg","type":"image\/jpeg"}],"twitter_card":"summary_large_image","twitter_misc":{"Est. reading time":"1 min\u016bte"},"schema":{"@context":"https:\/\/schema.org","@graph":[{"@type":"WebPage","@id":"https:\/\/kidsplay.lt\/produktas\/woopie-virtuves-komplektas\/","url":"https:\/\/kidsplay.lt\/produktas\/woopie-virtuves-komplektas\/","name":"WOOPIE virtuv\u0117s komplektas","isPartOf":{"@id":"https:\/\/kidsplay.lt\/#website"},"primaryImageOfPage":{"@id":"https:\/\/kidsplay.lt\/produktas\/woopie-virtuves-komplektas\/#primaryimage"},"image":{"@id":"https:\/\/kidsplay.lt\/produktas\/woopie-virtuves-komplektas\/#primaryimage"},"thumbnailUrl":"https:\/\/kidsplay.lt\/wp-content\/uploads\/2025\/09\/WOOPIE-virtuves-komplektas.jpg","datePublished":"2026-02-26T07:36:07+00:00","dateModified":"2026-04-07T07:50:19+00:00","description":"WOOPIE virtuv\u0117s komplektas - KidsPlay. Did\u017eiausias vaik\u0173 \u017eaisl\u0173 pasirinkimas.","breadcrumb":{"@id":"https:\/\/kidsplay.lt\/produktas\/woopie-virtuves-komplektas\/#breadcrumb"},"inLanguage":"lv-LV","potentialAction":[{"@type":"ReadAction","target":["https:\/\/kidsplay.lt\/produktas\/woopie-virtuves-komplektas\/"]}]},{"@type":"ImageObject","inLanguage":"lv-LV","@id":"https:\/\/kidsplay.lt\/produktas\/woopie-virtuves-komplektas\/#primaryimage","url":"https:\/\/kidsplay.lt\/wp-content\/uploads\/2025\/09\/WOOPIE-virtuves-komplektas.jpg","contentUrl":"https:\/\/kidsplay.lt\/wp-content\/uploads\/2025\/09\/WOOPIE-virtuves-komplektas.jpg","width":1000,"height":1000,"caption":"WOOPIE virtuv\u0117s komplektas"},{"@type":"BreadcrumbList","@id":"https:\/\/kidsplay.lt\/produktas\/woopie-virtuves-komplektas\/#breadcrumb","itemListElement":[{"@type":"ListItem","position":1,"name":"Pagrindinis","item":"https:\/\/kidsplay.lt\/"},{"@type":"ListItem","position":2,"name":"Parduotuv\u0117","item":"https:\/\/kidsplay.lt\/parduotuve\/"},{"@type":"ListItem","position":3,"name":"WOOPIE virtuv\u0117s komplektas"}]},{"@type":"WebSite","@id":"https:\/\/kidsplay.lt\/#website","url":"https:\/\/kidsplay.lt\/","name":"B\u0113rnu sp\u0113les.lv","description":"\u012evairios prek\u0117s vaikams","publisher":{"@id":"https:\/\/kidsplay.lt\/#organization"},"alternateName":"Kidsplay","potentialAction":[{"@type":"SearchAction","target":{"@type":"EntryPoint","urlTemplate":"https:\/\/kidsplay.lt\/?s={search_term_string}"},"query-input":{"@type":"PropertyValueSpecification","valueRequired":true,"valueName":"search_term_string"}}],"inLanguage":"lv-LV"},{"@type":"Organization","@id":"https:\/\/kidsplay.lt\/#organization","name":"B\u0113rnu sp\u0113le","url":"https:\/\/kidsplay.lt\/","logo":{"@type":"ImageObject","inLanguage":"lv-LV","@id":"https:\/\/kidsplay.lt\/#\/schema\/logo\/image\/","url":"https:\/\/kidsplay.lt\/wp-content\/uploads\/2023\/07\/kidsplay-logo.png","contentUrl":"https:\/\/kidsplay.lt\/wp-content\/uploads\/2023\/07\/kidsplay-logo.png","width":451,"height":98,"caption":"KidsPlay"},"image":{"@id":"https:\/\/kidsplay.lt\/#\/schema\/logo\/image\/"},"sameAs":["https:\/\/www.facebook.com\/www.kidsplay.lt"]}]}},"_links":{"self":[{"href":"https:\/\/kidsplay.lt\/lv\/wp-json\/wp\/v2\/product\/90026","targetHints":{"allow":["GET"]}}],"collection":[{"href":"https:\/\/kidsplay.lt\/lv\/wp-json\/wp\/v2\/product"}],"about":[{"href":"https:\/\/kidsplay.lt\/lv\/wp-json\/wp\/v2\/types\/product"}],"version-history":[{"count":1,"href":"https:\/\/kidsplay.lt\/lv\/wp-json\/wp\/v2\/product\/90026\/revisions"}],"predecessor-version":[{"id":90027,"href":"https:\/\/kidsplay.lt\/lv\/wp-json\/wp\/v2\/product\/90026\/revisions\/90027"}],"wp:featuredmedia":[{"embeddable":true,"href":"https:\/\/kidsplay.lt\/lv\/wp-json\/wp\/v2\/media\/62842"}],"wp:attachment":[{"href":"https:\/\/kidsplay.lt\/lv\/wp-json\/wp\/v2\/media?parent=90026"}],"wp:term":[{"taxonomy":"product_brand","embeddable":true,"href":"https:\/\/kidsplay.lt\/lv\/wp-json\/wp\/v2\/product_brand?post=90026"},{"taxonomy":"product_cat","embeddable":true,"href":"https:\/\/kidsplay.lt\/lv\/wp-json\/wp\/v2\/product_cat?post=90026"},{"taxonomy":"product_tag","embeddable":true,"href":"https:\/\/kidsplay.lt\/lv\/wp-json\/wp\/v2\/product_tag?post=90026"}],"curies":[{"name":"wp","href":"https:\/\/api.w.org\/{rel}","templated":true}]}}