{"id":90037,"date":"2026-02-26T09:36:17","date_gmt":"2026-02-26T07:36:17","guid":{"rendered":"https:\/\/kidsplay.lt\/produktas\/woopie-baby-spalvingi-arkliai-melyna-besisukanti-karusele-su-kamuoliukais\/"},"modified":"2026-04-13T15:12:30","modified_gmt":"2026-04-13T12:12:30","slug":"woopie-baby-spalvingi-arkliai-melyna-besisukanti-karusele-su-kamuoliukais","status":"publish","type":"product","link":"https:\/\/kidsplay.lt\/lv\/products\/woopie-baby-spalvingi-arkliai-melyna-besisukanti-karusele-su-kamuoliukais\/","title":{"rendered":"WOOPIE BABY Kr\u0101saini zirgi Zils Rot\u0113jo\u0161ais Karuselis ar Bumb\u0101m"},"content":{"rendered":"<p>Leiskite savo vaikui\u00a0atrasti pasaul\u012f \u017eaisdamas\u00a0su nuostabiu \u017eaislu \u201e\u00a0Twirly Top\u00a0\u201c! \u0160is novatori\u0161kas ir spalvingas \u017eaislas buvo sukurtas galvojant apie jauniausius tyrin\u0117tojus, suteikiant ne tik daug pramog\u0173, bet ir palaikant j\u0173\u00a0vystym\u0105si\u00a0pagrindin\u0117se srityse.\u00a0D\u0117l tvirtos konstrukcijos ir ry\u0161ki\u0173 spalv\u0173\u00a0\u017eaislas patraukia vaiko d\u0117mes\u012f ir kartu padeda lavinti motorinius, sensorinius bei pa\u017eintinius \u012fg\u016bd\u017eius. Tai puikus pasirinkimas bet kuriems t\u0117vams, norintiems, kad j\u0173 ma\u017eylis vystyt\u0173si linksmybi\u0173 ir d\u017eiaugsmo atmosferoje. Tiesiog paspauskite vir\u0161utin\u0119 gelton\u0105 karusel\u0117s dal\u012f, ir arkliukas bei kamuoliukai prad\u0117s jud\u0117ti karusel\u0117je.<\/p>\n<p>Rakstur\u012bgs:<\/p>\n<p> \t&#8211; \u017eaislas\u00a0nuo 6 m\u0117nesi\u0173 am\u017eiaus<br \/>\n \t&#8211; Spalvinga ir draugi\u0161ka estetika<br \/>\n \t&#8211; Interaktyvi sukimosi funkcija<br \/>\n \t&#8211; Saugu ir tinkama am\u017eiui<br \/>\n \t&#8211; Pagaminta i\u0161 auk\u0161tos kokyb\u0117s, saugi\u0173 ir patvari\u0173 med\u017eiag\u0173<\/p>\n<p>Rota\u013clieta att\u012bst\u0101s:<\/p>\n<p> \t&#8211; regos ir klausos poj\u016b\u010diai<br \/>\n \t&#8211; rank\u0173 ir aki\u0173 koordinacija<br \/>\n \t&#8211; rankiniai \u012fg\u016bd\u017eiai<br \/>\n \t&#8211; i\u0161mokti prie\u017easties ir pasekm\u0117s ry\u0161\u012f<\/p>\n<p>M\u0116LYNAS \u017dAISL\u0116LIS<\/p>","protected":false},"excerpt":{"rendered":"<p>Leiskite savo vaikui\u00a0atrasti pasaul\u012f \u017eaisdamas\u00a0su nuostabiu \u017eaislu \u201e\u00a0Twirly Top\u00a0\u201c! \u0160is novatori\u0161kas ir spalvingas \u017eaislas buvo sukurtas galvojant apie jauniausius tyrin\u0117tojus,<\/p>","protected":false},"featured_media":66561,"template":"","meta":{"_acf_changed":false,"_glsr_average":0,"_glsr_ranking":0,"_glsr_reviews":0},"product_brand":[],"product_cat":[396,229],"product_tag":[],"class_list":{"0":"post-90037","1":"product","2":"type-product","3":"status-publish","4":"has-post-thumbnail","6":"product_cat-kudikiu-zaislai-vaikams2","7":"product_cat-zaislai-vaikams","8":"\"style=\"background-color: #2ecc711c;\"","10":"first","11":"instock","12":"purchasable","13":"product-type-simple"},"acf":[],"yoast_head":"<!-- This site is optimized with the Yoast SEO plugin v27.3 - https:\/\/yoast.com\/product\/yoast-seo-wordpress\/ -->\n<title>WOOPIE BABY Spalvingi arkliai M\u0117lyna besisukanti karusel\u0117 su kamuoliukais<\/title>\n<meta name=\"description\" content=\"WOOPIE BABY Spalvingi arkliai M\u0117lyna besisukanti karusel\u0117 su kamuoliukais - KidsPlay. Did\u017eiausias vaik\u0173 \u017eaisl\u0173 pasirinkimas.\" \/>\n<meta name=\"robots\" content=\"index, follow, max-snippet:-1, max-image-preview:large, max-video-preview:-1\" \/>\n<link rel=\"canonical\" href=\"https:\/\/kidsplay.lt\/lv\/products\/woopie-baby-spalvingi-arkliai-melyna-besisukanti-karusele-su-kamuoliukais\/\" \/>\n<meta property=\"og:locale\" content=\"lv_LV\" \/>\n<meta property=\"og:type\" content=\"article\" \/>\n<meta property=\"og:title\" content=\"WOOPIE BABY Spalvingi arkliai M\u0117lyna besisukanti karusel\u0117 su kamuoliukais\" \/>\n<meta property=\"og:description\" content=\"WOOPIE BABY Spalvingi arkliai M\u0117lyna besisukanti karusel\u0117 su kamuoliukais - KidsPlay. Did\u017eiausias vaik\u0173 \u017eaisl\u0173 pasirinkimas.\" \/>\n<meta property=\"og:url\" content=\"https:\/\/kidsplay.lt\/lv\/products\/woopie-baby-spalvingi-arkliai-melyna-besisukanti-karusele-su-kamuoliukais\/\" \/>\n<meta property=\"og:site_name\" content=\"KidsPlay\" \/>\n<meta property=\"article:publisher\" content=\"https:\/\/www.facebook.com\/www.kidsplay.lt\" \/>\n<meta property=\"article:modified_time\" content=\"2026-04-13T12:12:30+00:00\" \/>\n<meta property=\"og:image\" content=\"https:\/\/kidsplay.lt\/wp-content\/uploads\/2025\/09\/WOOPIE-BABY-Spalvingi-arkliai-Melyna-besisukanti-karusele-su-kamuoliukais.jpg\" \/>\n\t<meta property=\"og:image:width\" content=\"1000\" \/>\n\t<meta property=\"og:image:height\" content=\"1000\" \/>\n\t<meta property=\"og:image:type\" content=\"image\/jpeg\" \/>\n<meta name=\"twitter:card\" content=\"summary_large_image\" \/>\n<meta name=\"twitter:label1\" content=\"Est. reading time\" \/>\n\t<meta name=\"twitter:data1\" content=\"1 min\u016bte\" \/>\n<script type=\"application\/ld+json\" class=\"yoast-schema-graph\">{\"@context\":\"https:\\\/\\\/schema.org\",\"@graph\":[{\"@type\":\"WebPage\",\"@id\":\"https:\\\/\\\/kidsplay.lt\\\/produktas\\\/woopie-baby-spalvingi-arkliai-melyna-besisukanti-karusele-su-kamuoliukais\\\/\",\"url\":\"https:\\\/\\\/kidsplay.lt\\\/produktas\\\/woopie-baby-spalvingi-arkliai-melyna-besisukanti-karusele-su-kamuoliukais\\\/\",\"name\":\"WOOPIE BABY Spalvingi arkliai M\u0117lyna besisukanti karusel\u0117 su kamuoliukais\",\"isPartOf\":{\"@id\":\"https:\\\/\\\/kidsplay.lt\\\/#website\"},\"primaryImageOfPage\":{\"@id\":\"https:\\\/\\\/kidsplay.lt\\\/produktas\\\/woopie-baby-spalvingi-arkliai-melyna-besisukanti-karusele-su-kamuoliukais\\\/#primaryimage\"},\"image\":{\"@id\":\"https:\\\/\\\/kidsplay.lt\\\/produktas\\\/woopie-baby-spalvingi-arkliai-melyna-besisukanti-karusele-su-kamuoliukais\\\/#primaryimage\"},\"thumbnailUrl\":\"https:\\\/\\\/kidsplay.lt\\\/wp-content\\\/uploads\\\/2025\\\/09\\\/WOOPIE-BABY-Spalvingi-arkliai-Melyna-besisukanti-karusele-su-kamuoliukais.jpg\",\"datePublished\":\"2026-02-26T07:36:17+00:00\",\"dateModified\":\"2026-04-13T12:12:30+00:00\",\"description\":\"WOOPIE BABY Spalvingi arkliai M\u0117lyna besisukanti karusel\u0117 su kamuoliukais - KidsPlay. Did\u017eiausias vaik\u0173 \u017eaisl\u0173 pasirinkimas.\",\"breadcrumb\":{\"@id\":\"https:\\\/\\\/kidsplay.lt\\\/produktas\\\/woopie-baby-spalvingi-arkliai-melyna-besisukanti-karusele-su-kamuoliukais\\\/#breadcrumb\"},\"inLanguage\":\"lv-LV\",\"potentialAction\":[{\"@type\":\"ReadAction\",\"target\":[\"https:\\\/\\\/kidsplay.lt\\\/produktas\\\/woopie-baby-spalvingi-arkliai-melyna-besisukanti-karusele-su-kamuoliukais\\\/\"]}]},{\"@type\":\"ImageObject\",\"inLanguage\":\"lv-LV\",\"@id\":\"https:\\\/\\\/kidsplay.lt\\\/produktas\\\/woopie-baby-spalvingi-arkliai-melyna-besisukanti-karusele-su-kamuoliukais\\\/#primaryimage\",\"url\":\"https:\\\/\\\/kidsplay.lt\\\/wp-content\\\/uploads\\\/2025\\\/09\\\/WOOPIE-BABY-Spalvingi-arkliai-Melyna-besisukanti-karusele-su-kamuoliukais.jpg\",\"contentUrl\":\"https:\\\/\\\/kidsplay.lt\\\/wp-content\\\/uploads\\\/2025\\\/09\\\/WOOPIE-BABY-Spalvingi-arkliai-Melyna-besisukanti-karusele-su-kamuoliukais.jpg\",\"width\":1000,\"height\":1000,\"caption\":\"WOOPIE BABY Spalvingi arkliai M\u0117lyna besisukanti karusel\u0117 su kamuoliukais\"},{\"@type\":\"BreadcrumbList\",\"@id\":\"https:\\\/\\\/kidsplay.lt\\\/produktas\\\/woopie-baby-spalvingi-arkliai-melyna-besisukanti-karusele-su-kamuoliukais\\\/#breadcrumb\",\"itemListElement\":[{\"@type\":\"ListItem\",\"position\":1,\"name\":\"Pagrindinis\",\"item\":\"https:\\\/\\\/kidsplay.lt\\\/\"},{\"@type\":\"ListItem\",\"position\":2,\"name\":\"Parduotuv\u0117\",\"item\":\"https:\\\/\\\/kidsplay.lt\\\/parduotuve\\\/\"},{\"@type\":\"ListItem\",\"position\":3,\"name\":\"WOOPIE BABY Spalvingi arkliai M\u0117lyna besisukanti karusel\u0117 su kamuoliukais\"}]},{\"@type\":\"WebSite\",\"@id\":\"https:\\\/\\\/kidsplay.lt\\\/#website\",\"url\":\"https:\\\/\\\/kidsplay.lt\\\/\",\"name\":\"Kidsplay.lt\",\"description\":\"\u012evairios prek\u0117s vaikams\",\"publisher\":{\"@id\":\"https:\\\/\\\/kidsplay.lt\\\/#organization\"},\"alternateName\":\"Kidsplay\",\"potentialAction\":[{\"@type\":\"SearchAction\",\"target\":{\"@type\":\"EntryPoint\",\"urlTemplate\":\"https:\\\/\\\/kidsplay.lt\\\/?s={search_term_string}\"},\"query-input\":{\"@type\":\"PropertyValueSpecification\",\"valueRequired\":true,\"valueName\":\"search_term_string\"}}],\"inLanguage\":\"lv-LV\"},{\"@type\":\"Organization\",\"@id\":\"https:\\\/\\\/kidsplay.lt\\\/#organization\",\"name\":\"KidsPlay\",\"url\":\"https:\\\/\\\/kidsplay.lt\\\/\",\"logo\":{\"@type\":\"ImageObject\",\"inLanguage\":\"lv-LV\",\"@id\":\"https:\\\/\\\/kidsplay.lt\\\/#\\\/schema\\\/logo\\\/image\\\/\",\"url\":\"https:\\\/\\\/kidsplay.lt\\\/wp-content\\\/uploads\\\/2023\\\/07\\\/kidsplay-logo.png\",\"contentUrl\":\"https:\\\/\\\/kidsplay.lt\\\/wp-content\\\/uploads\\\/2023\\\/07\\\/kidsplay-logo.png\",\"width\":451,\"height\":98,\"caption\":\"KidsPlay\"},\"image\":{\"@id\":\"https:\\\/\\\/kidsplay.lt\\\/#\\\/schema\\\/logo\\\/image\\\/\"},\"sameAs\":[\"https:\\\/\\\/www.facebook.com\\\/www.kidsplay.lt\"]}]}<\/script>\n<!-- \/ Yoast SEO plugin. -->","yoast_head_json":{"title":"WOOPIE BABY Kr\u0101saini zirgi Zils Rot\u0113jo\u0161ais Karuselis ar Bumb\u0101m","description":"WOOPIE BABY Spalvingi arkliai M\u0117lyna besisukanti karusel\u0117 su kamuoliukais - KidsPlay. Did\u017eiausias vaik\u0173 \u017eaisl\u0173 pasirinkimas.","robots":{"index":"index","follow":"follow","max-snippet":"max-snippet:-1","max-image-preview":"max-image-preview:large","max-video-preview":"max-video-preview:-1"},"canonical":"https:\/\/kidsplay.lt\/lv\/products\/woopie-baby-spalvingi-arkliai-melyna-besisukanti-karusele-su-kamuoliukais\/","og_locale":"lv_LV","og_type":"article","og_title":"WOOPIE BABY Spalvingi arkliai M\u0117lyna besisukanti karusel\u0117 su kamuoliukais","og_description":"WOOPIE BABY Spalvingi arkliai M\u0117lyna besisukanti karusel\u0117 su kamuoliukais - KidsPlay. Did\u017eiausias vaik\u0173 \u017eaisl\u0173 pasirinkimas.","og_url":"https:\/\/kidsplay.lt\/lv\/products\/woopie-baby-spalvingi-arkliai-melyna-besisukanti-karusele-su-kamuoliukais\/","og_site_name":"KidsPlay","article_publisher":"https:\/\/www.facebook.com\/www.kidsplay.lt","article_modified_time":"2026-04-13T12:12:30+00:00","og_image":[{"width":1000,"height":1000,"url":"https:\/\/kidsplay.lt\/wp-content\/uploads\/2025\/09\/WOOPIE-BABY-Spalvingi-arkliai-Melyna-besisukanti-karusele-su-kamuoliukais.jpg","type":"image\/jpeg"}],"twitter_card":"summary_large_image","twitter_misc":{"Est. reading time":"1 min\u016bte"},"schema":{"@context":"https:\/\/schema.org","@graph":[{"@type":"WebPage","@id":"https:\/\/kidsplay.lt\/produktas\/woopie-baby-spalvingi-arkliai-melyna-besisukanti-karusele-su-kamuoliukais\/","url":"https:\/\/kidsplay.lt\/produktas\/woopie-baby-spalvingi-arkliai-melyna-besisukanti-karusele-su-kamuoliukais\/","name":"WOOPIE BABY Kr\u0101saini zirgi Zils Rot\u0113jo\u0161ais Karuselis ar Bumb\u0101m","isPartOf":{"@id":"https:\/\/kidsplay.lt\/#website"},"primaryImageOfPage":{"@id":"https:\/\/kidsplay.lt\/produktas\/woopie-baby-spalvingi-arkliai-melyna-besisukanti-karusele-su-kamuoliukais\/#primaryimage"},"image":{"@id":"https:\/\/kidsplay.lt\/produktas\/woopie-baby-spalvingi-arkliai-melyna-besisukanti-karusele-su-kamuoliukais\/#primaryimage"},"thumbnailUrl":"https:\/\/kidsplay.lt\/wp-content\/uploads\/2025\/09\/WOOPIE-BABY-Spalvingi-arkliai-Melyna-besisukanti-karusele-su-kamuoliukais.jpg","datePublished":"2026-02-26T07:36:17+00:00","dateModified":"2026-04-13T12:12:30+00:00","description":"WOOPIE BABY Spalvingi arkliai M\u0117lyna besisukanti karusel\u0117 su kamuoliukais - KidsPlay. Did\u017eiausias vaik\u0173 \u017eaisl\u0173 pasirinkimas.","breadcrumb":{"@id":"https:\/\/kidsplay.lt\/produktas\/woopie-baby-spalvingi-arkliai-melyna-besisukanti-karusele-su-kamuoliukais\/#breadcrumb"},"inLanguage":"lv-LV","potentialAction":[{"@type":"ReadAction","target":["https:\/\/kidsplay.lt\/produktas\/woopie-baby-spalvingi-arkliai-melyna-besisukanti-karusele-su-kamuoliukais\/"]}]},{"@type":"ImageObject","inLanguage":"lv-LV","@id":"https:\/\/kidsplay.lt\/produktas\/woopie-baby-spalvingi-arkliai-melyna-besisukanti-karusele-su-kamuoliukais\/#primaryimage","url":"https:\/\/kidsplay.lt\/wp-content\/uploads\/2025\/09\/WOOPIE-BABY-Spalvingi-arkliai-Melyna-besisukanti-karusele-su-kamuoliukais.jpg","contentUrl":"https:\/\/kidsplay.lt\/wp-content\/uploads\/2025\/09\/WOOPIE-BABY-Spalvingi-arkliai-Melyna-besisukanti-karusele-su-kamuoliukais.jpg","width":1000,"height":1000,"caption":"WOOPIE BABY Spalvingi arkliai M\u0117lyna besisukanti karusel\u0117 su kamuoliukais"},{"@type":"BreadcrumbList","@id":"https:\/\/kidsplay.lt\/produktas\/woopie-baby-spalvingi-arkliai-melyna-besisukanti-karusele-su-kamuoliukais\/#breadcrumb","itemListElement":[{"@type":"ListItem","position":1,"name":"Pagrindinis","item":"https:\/\/kidsplay.lt\/"},{"@type":"ListItem","position":2,"name":"Parduotuv\u0117","item":"https:\/\/kidsplay.lt\/parduotuve\/"},{"@type":"ListItem","position":3,"name":"WOOPIE BABY Spalvingi arkliai M\u0117lyna besisukanti karusel\u0117 su kamuoliukais"}]},{"@type":"WebSite","@id":"https:\/\/kidsplay.lt\/#website","url":"https:\/\/kidsplay.lt\/","name":"B\u0113rnu sp\u0113les.lv","description":"\u012evairios prek\u0117s vaikams","publisher":{"@id":"https:\/\/kidsplay.lt\/#organization"},"alternateName":"Kidsplay","potentialAction":[{"@type":"SearchAction","target":{"@type":"EntryPoint","urlTemplate":"https:\/\/kidsplay.lt\/?s={search_term_string}"},"query-input":{"@type":"PropertyValueSpecification","valueRequired":true,"valueName":"search_term_string"}}],"inLanguage":"lv-LV"},{"@type":"Organization","@id":"https:\/\/kidsplay.lt\/#organization","name":"B\u0113rnu sp\u0113le","url":"https:\/\/kidsplay.lt\/","logo":{"@type":"ImageObject","inLanguage":"lv-LV","@id":"https:\/\/kidsplay.lt\/#\/schema\/logo\/image\/","url":"https:\/\/kidsplay.lt\/wp-content\/uploads\/2023\/07\/kidsplay-logo.png","contentUrl":"https:\/\/kidsplay.lt\/wp-content\/uploads\/2023\/07\/kidsplay-logo.png","width":451,"height":98,"caption":"KidsPlay"},"image":{"@id":"https:\/\/kidsplay.lt\/#\/schema\/logo\/image\/"},"sameAs":["https:\/\/www.facebook.com\/www.kidsplay.lt"]}]}},"_links":{"self":[{"href":"https:\/\/kidsplay.lt\/lv\/wp-json\/wp\/v2\/product\/90037","targetHints":{"allow":["GET"]}}],"collection":[{"href":"https:\/\/kidsplay.lt\/lv\/wp-json\/wp\/v2\/product"}],"about":[{"href":"https:\/\/kidsplay.lt\/lv\/wp-json\/wp\/v2\/types\/product"}],"version-history":[{"count":1,"href":"https:\/\/kidsplay.lt\/lv\/wp-json\/wp\/v2\/product\/90037\/revisions"}],"predecessor-version":[{"id":90038,"href":"https:\/\/kidsplay.lt\/lv\/wp-json\/wp\/v2\/product\/90037\/revisions\/90038"}],"wp:featuredmedia":[{"embeddable":true,"href":"https:\/\/kidsplay.lt\/lv\/wp-json\/wp\/v2\/media\/66561"}],"wp:attachment":[{"href":"https:\/\/kidsplay.lt\/lv\/wp-json\/wp\/v2\/media?parent=90037"}],"wp:term":[{"taxonomy":"product_brand","embeddable":true,"href":"https:\/\/kidsplay.lt\/lv\/wp-json\/wp\/v2\/product_brand?post=90037"},{"taxonomy":"product_cat","embeddable":true,"href":"https:\/\/kidsplay.lt\/lv\/wp-json\/wp\/v2\/product_cat?post=90037"},{"taxonomy":"product_tag","embeddable":true,"href":"https:\/\/kidsplay.lt\/lv\/wp-json\/wp\/v2\/product_tag?post=90037"}],"curies":[{"name":"wp","href":"https:\/\/api.w.org\/{rel}","templated":true}]}}