{"id":90043,"date":"2026-02-26T09:36:25","date_gmt":"2026-02-26T07:36:25","guid":{"rendered":"https:\/\/kidsplay.lt\/produktas\/woopie-supynes-3in1-oranzine\/"},"modified":"2026-03-30T20:15:17","modified_gmt":"2026-03-30T17:15:17","slug":"woopie-supynes-3in1-oranzine","status":"publish","type":"product","link":"https:\/\/kidsplay.lt\/lv\/products\/woopie-supynes-3in1-oranzine\/","title":{"rendered":"WOOPIE S\u016bpyn\u0117s 3in1 Oran\u017ein\u0117"},"content":{"rendered":"<p>\u201eWoopie\u00a03\u00a0-in-1\u201c s\u016bpyn\u0117s\u00a0yra puikus pasirinkimas t\u0117vams, ie\u0161kantiems saugaus, patvaraus ir daugiafunkcio sprendimo \u017eaidimams tiek viduje, tiek lauke.\u00a0Spalvingas, vaikams pritaikytas dizainas\u00a0pritraukia ma\u017eylius ir skatina aktyvum\u0105. Tai ne tik \u017eaislas, bet ir produktas, kuris\u00a0auga kartu su j\u016bs\u0173 vaiku\u00a0. D\u0117l\u00a0modulin\u0117s konstrukcijos\u00a0galite jas pritaikyti prie vaiko am\u017eiaus ir geb\u0117jim\u0173 \u2013 priklausomai nuo j\u016bs\u0173 poreiki\u0173, galite lengvai nuimti atlo\u0161\u0105 ir pakoj\u012f. D\u0117l to s\u016bpyn\u0117s tarnaus daugel\u012f met\u0173, u\u017etikrindamos saug\u0173 ir \u012ftraukiant\u012f \u017eaidim\u0105 \u012fvairiais vystymosi etapais. S\u016bpyn\u0117s apr\u016bpintos\u00a0saugos dir\u017eais\u00a0, kurie efektyviai apsaugo j\u016bs\u0173 vaik\u0105 nuo i\u0161kritimo \u017eaidimo metu. Be to,\u00a0reguliuojamas virv\u0117s ilgis\u00a0(iki 160 cm) leid\u017eia s\u016bpynes montuoti \u012fvairiame auk\u0161tyje \u2013 puikiai tinka s\u0105lygoms sode, terasoje ar bute.\u00a0\u00a0Tvirta konstrukcija,\u00a0pagaminta i\u0161 patvaraus plastiko, garantuoja atsparum\u0105 oro s\u0105lygoms ir yra\u00a0\u0161velni vaik\u0173 odai\u00a0\u2013 be a\u0161tri\u0173 briaun\u0173 ir toksi\u0161k\u0173 med\u017eiag\u0173. S\u016bpyni\u0173 d\u0117ka suteiksite savo vaikui gra\u017ei\u0173 akimirk\u0173, kupin\u0173 linksmybi\u0173 ir d\u017eiaugsmo.<\/p>\n<p>Rakstur\u012bgs:<\/p>\n<p> \t&#8211;\u00a0\u00a0Produktas skirtas vaikams\u00a0nuo 12 m\u0117nesi\u0173 am\u017eiaus<br \/>\n \t&#8211;\u00a0\u00a03 funkcijos viename:\u00a0k\u016bdikio s\u016bpyn\u0117s su atlo\u0161u ir koj\u0173 u\u017evalkalu, s\u016bpyn\u0117s tik su atlo\u0161u arba s\u0117dyn\u0117 be atlo\u0161o<br \/>\n \t&#8211;\u00a0\u00a0Daugiafunkcinis modulinis dizainas\u00a0\u2013 elementus galima lengvai i\u0161ardyti<br \/>\n \t&#8211;\u00a0\u00a0Saugos dir\u017eai\u00a0\u2013 k\u016bdikio stabilumo ir apsaugos garantija supantis<br \/>\n \t&#8211;\u00a0\u00a0Reguliuojamas pakabinimo auk\u0161tis\u00a0\u2013 virv\u0117s iki 160 cm ilgio<br \/>\n \t&#8211;\u00a0\u00a0Lengvas surinkimas\u00a0d\u0117l prakti\u0161k\u0173 ranken\u0173 ir kabliuk\u0173<br \/>\n \t&#8211;\u00a0\u00a0Patvari, stabili ir lengva konstrukcija\u00a0\u2013 idealiai tinka naudoti tiek viduje, tiek lauke<br \/>\n \t&#8211;\u00a0\u00a0Spalvinga, draugi\u0161ka i\u0161vaizda\u00a0\u2013 skatina vaikus \u017eaisti ir b\u016bti aktyviems<br \/>\n \t&#8211;\u00a0\u00a0Auk\u0161\u010diausios kokyb\u0117s med\u017eiagos\u00a0\u2013 patvarios, saugios ir lengvai valomos<\/p>\n<p>Komplekt\u0101 ietilpst:<\/p>\n<p> \t&#8211; Plastikin\u0117 s\u016bpyni\u0173 s\u0117dyn\u0117<br \/>\n \t&#8211; Nuimamas p\u0117d\u0173 u\u017edangalas<br \/>\n \t&#8211; Nuimamas atlo\u0161as<br \/>\n \t&#8211; Integruoti saugos dir\u017eai<br \/>\n \t&#8211; Patvarios surinkimo linijos iki 160 cm ilgio<br \/>\n \t&#8211; Tvirtinimo kabliukai s\u016bpyn\u0117ms pakabinti<\/p>\n<p>Rota\u013clieta att\u012bst\u0101s:<\/p>\n<p> \t&#8211; Motorin\u0117 koordinacija<br \/>\n \t&#8211; Pusiausvyra ir motoriniai \u012fg\u016bd\u017eiai<br \/>\n \t&#8211; Pusiausvyros jausmas<br \/>\n \t&#8211; Nepriklausomyb\u0117\u00a0<br \/>\n \t&#8211; Pasitik\u0117jimas savimi<\/p>\n<p>Gaminio matmenys:\u00a0\u00a044 x 35 x 37 (cm)<\/p>","protected":false},"excerpt":{"rendered":"<p>\u201eWoopie\u00a03\u00a0-in-1\u201c s\u016bpyn\u0117s\u00a0yra puikus pasirinkimas t\u0117vams, ie\u0161kantiems saugaus, patvaraus ir daugiafunkcio sprendimo \u017eaidimams tiek viduje, tiek lauke.\u00a0Spalvingas, vaikams pritaikytas dizainas\u00a0pritraukia ma\u017eylius<\/p>","protected":false},"featured_media":66568,"template":"","meta":{"_acf_changed":false,"_glsr_average":0,"_glsr_ranking":0,"_glsr_reviews":0},"product_brand":[],"product_cat":[233,232],"product_tag":[],"class_list":{"0":"post-90043","1":"product","2":"type-product","3":"status-publish","4":"has-post-thumbnail","6":"product_cat-lauko-pramogos","7":"product_cat-supynes","8":"\"style=\"background-color: #2ecc711c;\"","10":"first","11":"outofstock","12":"purchasable","13":"product-type-simple"},"acf":[],"yoast_head":"<!-- This site is optimized with the Yoast SEO plugin v27.3 - https:\/\/yoast.com\/product\/yoast-seo-wordpress\/ -->\n<title>WOOPIE S\u016bpyn\u0117s 3in1 Oran\u017ein\u0117<\/title>\n<meta name=\"description\" content=\"WOOPIE S\u016bpyn\u0117s 3in1 Oran\u017ein\u0117 - KidsPlay. Did\u017eiausias vaik\u0173 \u017eaisl\u0173 pasirinkimas.\" \/>\n<meta name=\"robots\" content=\"index, follow, max-snippet:-1, max-image-preview:large, max-video-preview:-1\" \/>\n<link rel=\"canonical\" href=\"https:\/\/kidsplay.lt\/lv\/products\/woopie-supynes-3in1-oranzine\/\" \/>\n<meta property=\"og:locale\" content=\"lv_LV\" \/>\n<meta property=\"og:type\" content=\"article\" \/>\n<meta property=\"og:title\" content=\"WOOPIE S\u016bpyn\u0117s 3in1 Oran\u017ein\u0117\" \/>\n<meta property=\"og:description\" content=\"WOOPIE S\u016bpyn\u0117s 3in1 Oran\u017ein\u0117 - KidsPlay. Did\u017eiausias vaik\u0173 \u017eaisl\u0173 pasirinkimas.\" \/>\n<meta property=\"og:url\" content=\"https:\/\/kidsplay.lt\/lv\/products\/woopie-supynes-3in1-oranzine\/\" \/>\n<meta property=\"og:site_name\" content=\"KidsPlay\" \/>\n<meta property=\"article:publisher\" content=\"https:\/\/www.facebook.com\/www.kidsplay.lt\" \/>\n<meta property=\"article:modified_time\" content=\"2026-03-30T17:15:17+00:00\" \/>\n<meta property=\"og:image\" content=\"https:\/\/kidsplay.lt\/wp-content\/uploads\/2025\/09\/WOOPIE-Supynes-3in1-Oranzine.jpg\" \/>\n\t<meta property=\"og:image:width\" content=\"500\" \/>\n\t<meta property=\"og:image:height\" content=\"500\" \/>\n\t<meta property=\"og:image:type\" content=\"image\/jpeg\" \/>\n<meta name=\"twitter:card\" content=\"summary_large_image\" \/>\n<meta name=\"twitter:label1\" content=\"Est. reading time\" \/>\n\t<meta name=\"twitter:data1\" content=\"2 min\u016btes\" \/>\n<script type=\"application\/ld+json\" class=\"yoast-schema-graph\">{\"@context\":\"https:\\\/\\\/schema.org\",\"@graph\":[{\"@type\":\"WebPage\",\"@id\":\"https:\\\/\\\/kidsplay.lt\\\/produktas\\\/woopie-supynes-3in1-oranzine\\\/\",\"url\":\"https:\\\/\\\/kidsplay.lt\\\/produktas\\\/woopie-supynes-3in1-oranzine\\\/\",\"name\":\"WOOPIE S\u016bpyn\u0117s 3in1 Oran\u017ein\u0117\",\"isPartOf\":{\"@id\":\"https:\\\/\\\/kidsplay.lt\\\/#website\"},\"primaryImageOfPage\":{\"@id\":\"https:\\\/\\\/kidsplay.lt\\\/produktas\\\/woopie-supynes-3in1-oranzine\\\/#primaryimage\"},\"image\":{\"@id\":\"https:\\\/\\\/kidsplay.lt\\\/produktas\\\/woopie-supynes-3in1-oranzine\\\/#primaryimage\"},\"thumbnailUrl\":\"https:\\\/\\\/kidsplay.lt\\\/wp-content\\\/uploads\\\/2025\\\/09\\\/WOOPIE-Supynes-3in1-Oranzine.jpg\",\"datePublished\":\"2026-02-26T07:36:25+00:00\",\"dateModified\":\"2026-03-30T17:15:17+00:00\",\"description\":\"WOOPIE S\u016bpyn\u0117s 3in1 Oran\u017ein\u0117 - KidsPlay. Did\u017eiausias vaik\u0173 \u017eaisl\u0173 pasirinkimas.\",\"breadcrumb\":{\"@id\":\"https:\\\/\\\/kidsplay.lt\\\/produktas\\\/woopie-supynes-3in1-oranzine\\\/#breadcrumb\"},\"inLanguage\":\"lv-LV\",\"potentialAction\":[{\"@type\":\"ReadAction\",\"target\":[\"https:\\\/\\\/kidsplay.lt\\\/produktas\\\/woopie-supynes-3in1-oranzine\\\/\"]}]},{\"@type\":\"ImageObject\",\"inLanguage\":\"lv-LV\",\"@id\":\"https:\\\/\\\/kidsplay.lt\\\/produktas\\\/woopie-supynes-3in1-oranzine\\\/#primaryimage\",\"url\":\"https:\\\/\\\/kidsplay.lt\\\/wp-content\\\/uploads\\\/2025\\\/09\\\/WOOPIE-Supynes-3in1-Oranzine.jpg\",\"contentUrl\":\"https:\\\/\\\/kidsplay.lt\\\/wp-content\\\/uploads\\\/2025\\\/09\\\/WOOPIE-Supynes-3in1-Oranzine.jpg\",\"width\":500,\"height\":500,\"caption\":\"WOOPIE S\u016bpyn\u0117s 3in1 Oran\u017ein\u0117\"},{\"@type\":\"BreadcrumbList\",\"@id\":\"https:\\\/\\\/kidsplay.lt\\\/produktas\\\/woopie-supynes-3in1-oranzine\\\/#breadcrumb\",\"itemListElement\":[{\"@type\":\"ListItem\",\"position\":1,\"name\":\"Pagrindinis\",\"item\":\"https:\\\/\\\/kidsplay.lt\\\/\"},{\"@type\":\"ListItem\",\"position\":2,\"name\":\"Parduotuv\u0117\",\"item\":\"https:\\\/\\\/kidsplay.lt\\\/parduotuve\\\/\"},{\"@type\":\"ListItem\",\"position\":3,\"name\":\"WOOPIE S\u016bpyn\u0117s 3in1 Oran\u017ein\u0117\"}]},{\"@type\":\"WebSite\",\"@id\":\"https:\\\/\\\/kidsplay.lt\\\/#website\",\"url\":\"https:\\\/\\\/kidsplay.lt\\\/\",\"name\":\"Kidsplay.lt\",\"description\":\"\u012evairios prek\u0117s vaikams\",\"publisher\":{\"@id\":\"https:\\\/\\\/kidsplay.lt\\\/#organization\"},\"alternateName\":\"Kidsplay\",\"potentialAction\":[{\"@type\":\"SearchAction\",\"target\":{\"@type\":\"EntryPoint\",\"urlTemplate\":\"https:\\\/\\\/kidsplay.lt\\\/?s={search_term_string}\"},\"query-input\":{\"@type\":\"PropertyValueSpecification\",\"valueRequired\":true,\"valueName\":\"search_term_string\"}}],\"inLanguage\":\"lv-LV\"},{\"@type\":\"Organization\",\"@id\":\"https:\\\/\\\/kidsplay.lt\\\/#organization\",\"name\":\"KidsPlay\",\"url\":\"https:\\\/\\\/kidsplay.lt\\\/\",\"logo\":{\"@type\":\"ImageObject\",\"inLanguage\":\"lv-LV\",\"@id\":\"https:\\\/\\\/kidsplay.lt\\\/#\\\/schema\\\/logo\\\/image\\\/\",\"url\":\"https:\\\/\\\/kidsplay.lt\\\/wp-content\\\/uploads\\\/2023\\\/07\\\/kidsplay-logo.png\",\"contentUrl\":\"https:\\\/\\\/kidsplay.lt\\\/wp-content\\\/uploads\\\/2023\\\/07\\\/kidsplay-logo.png\",\"width\":451,\"height\":98,\"caption\":\"KidsPlay\"},\"image\":{\"@id\":\"https:\\\/\\\/kidsplay.lt\\\/#\\\/schema\\\/logo\\\/image\\\/\"},\"sameAs\":[\"https:\\\/\\\/www.facebook.com\\\/www.kidsplay.lt\"]}]}<\/script>\n<!-- \/ Yoast SEO plugin. -->","yoast_head_json":{"title":"WOOPIE S\u016bpyn\u0117s 3in1 Oran\u017ein\u0117","description":"WOOPIE S\u016bpyn\u0117s 3in1 Oran\u017ein\u0117 - KidsPlay. Did\u017eiausias vaik\u0173 \u017eaisl\u0173 pasirinkimas.","robots":{"index":"index","follow":"follow","max-snippet":"max-snippet:-1","max-image-preview":"max-image-preview:large","max-video-preview":"max-video-preview:-1"},"canonical":"https:\/\/kidsplay.lt\/lv\/products\/woopie-supynes-3in1-oranzine\/","og_locale":"lv_LV","og_type":"article","og_title":"WOOPIE S\u016bpyn\u0117s 3in1 Oran\u017ein\u0117","og_description":"WOOPIE S\u016bpyn\u0117s 3in1 Oran\u017ein\u0117 - KidsPlay. Did\u017eiausias vaik\u0173 \u017eaisl\u0173 pasirinkimas.","og_url":"https:\/\/kidsplay.lt\/lv\/products\/woopie-supynes-3in1-oranzine\/","og_site_name":"KidsPlay","article_publisher":"https:\/\/www.facebook.com\/www.kidsplay.lt","article_modified_time":"2026-03-30T17:15:17+00:00","og_image":[{"width":500,"height":500,"url":"https:\/\/kidsplay.lt\/wp-content\/uploads\/2025\/09\/WOOPIE-Supynes-3in1-Oranzine.jpg","type":"image\/jpeg"}],"twitter_card":"summary_large_image","twitter_misc":{"Est. reading time":"2 min\u016btes"},"schema":{"@context":"https:\/\/schema.org","@graph":[{"@type":"WebPage","@id":"https:\/\/kidsplay.lt\/produktas\/woopie-supynes-3in1-oranzine\/","url":"https:\/\/kidsplay.lt\/produktas\/woopie-supynes-3in1-oranzine\/","name":"WOOPIE S\u016bpyn\u0117s 3in1 Oran\u017ein\u0117","isPartOf":{"@id":"https:\/\/kidsplay.lt\/#website"},"primaryImageOfPage":{"@id":"https:\/\/kidsplay.lt\/produktas\/woopie-supynes-3in1-oranzine\/#primaryimage"},"image":{"@id":"https:\/\/kidsplay.lt\/produktas\/woopie-supynes-3in1-oranzine\/#primaryimage"},"thumbnailUrl":"https:\/\/kidsplay.lt\/wp-content\/uploads\/2025\/09\/WOOPIE-Supynes-3in1-Oranzine.jpg","datePublished":"2026-02-26T07:36:25+00:00","dateModified":"2026-03-30T17:15:17+00:00","description":"WOOPIE S\u016bpyn\u0117s 3in1 Oran\u017ein\u0117 - KidsPlay. Did\u017eiausias vaik\u0173 \u017eaisl\u0173 pasirinkimas.","breadcrumb":{"@id":"https:\/\/kidsplay.lt\/produktas\/woopie-supynes-3in1-oranzine\/#breadcrumb"},"inLanguage":"lv-LV","potentialAction":[{"@type":"ReadAction","target":["https:\/\/kidsplay.lt\/produktas\/woopie-supynes-3in1-oranzine\/"]}]},{"@type":"ImageObject","inLanguage":"lv-LV","@id":"https:\/\/kidsplay.lt\/produktas\/woopie-supynes-3in1-oranzine\/#primaryimage","url":"https:\/\/kidsplay.lt\/wp-content\/uploads\/2025\/09\/WOOPIE-Supynes-3in1-Oranzine.jpg","contentUrl":"https:\/\/kidsplay.lt\/wp-content\/uploads\/2025\/09\/WOOPIE-Supynes-3in1-Oranzine.jpg","width":500,"height":500,"caption":"WOOPIE S\u016bpyn\u0117s 3in1 Oran\u017ein\u0117"},{"@type":"BreadcrumbList","@id":"https:\/\/kidsplay.lt\/produktas\/woopie-supynes-3in1-oranzine\/#breadcrumb","itemListElement":[{"@type":"ListItem","position":1,"name":"Pagrindinis","item":"https:\/\/kidsplay.lt\/"},{"@type":"ListItem","position":2,"name":"Parduotuv\u0117","item":"https:\/\/kidsplay.lt\/parduotuve\/"},{"@type":"ListItem","position":3,"name":"WOOPIE S\u016bpyn\u0117s 3in1 Oran\u017ein\u0117"}]},{"@type":"WebSite","@id":"https:\/\/kidsplay.lt\/#website","url":"https:\/\/kidsplay.lt\/","name":"B\u0113rnu sp\u0113les.lv","description":"\u012evairios prek\u0117s vaikams","publisher":{"@id":"https:\/\/kidsplay.lt\/#organization"},"alternateName":"Kidsplay","potentialAction":[{"@type":"SearchAction","target":{"@type":"EntryPoint","urlTemplate":"https:\/\/kidsplay.lt\/?s={search_term_string}"},"query-input":{"@type":"PropertyValueSpecification","valueRequired":true,"valueName":"search_term_string"}}],"inLanguage":"lv-LV"},{"@type":"Organization","@id":"https:\/\/kidsplay.lt\/#organization","name":"B\u0113rnu sp\u0113le","url":"https:\/\/kidsplay.lt\/","logo":{"@type":"ImageObject","inLanguage":"lv-LV","@id":"https:\/\/kidsplay.lt\/#\/schema\/logo\/image\/","url":"https:\/\/kidsplay.lt\/wp-content\/uploads\/2023\/07\/kidsplay-logo.png","contentUrl":"https:\/\/kidsplay.lt\/wp-content\/uploads\/2023\/07\/kidsplay-logo.png","width":451,"height":98,"caption":"KidsPlay"},"image":{"@id":"https:\/\/kidsplay.lt\/#\/schema\/logo\/image\/"},"sameAs":["https:\/\/www.facebook.com\/www.kidsplay.lt"]}]}},"_links":{"self":[{"href":"https:\/\/kidsplay.lt\/lv\/wp-json\/wp\/v2\/product\/90043","targetHints":{"allow":["GET"]}}],"collection":[{"href":"https:\/\/kidsplay.lt\/lv\/wp-json\/wp\/v2\/product"}],"about":[{"href":"https:\/\/kidsplay.lt\/lv\/wp-json\/wp\/v2\/types\/product"}],"version-history":[{"count":1,"href":"https:\/\/kidsplay.lt\/lv\/wp-json\/wp\/v2\/product\/90043\/revisions"}],"predecessor-version":[{"id":90044,"href":"https:\/\/kidsplay.lt\/lv\/wp-json\/wp\/v2\/product\/90043\/revisions\/90044"}],"wp:featuredmedia":[{"embeddable":true,"href":"https:\/\/kidsplay.lt\/lv\/wp-json\/wp\/v2\/media\/66568"}],"wp:attachment":[{"href":"https:\/\/kidsplay.lt\/lv\/wp-json\/wp\/v2\/media?parent=90043"}],"wp:term":[{"taxonomy":"product_brand","embeddable":true,"href":"https:\/\/kidsplay.lt\/lv\/wp-json\/wp\/v2\/product_brand?post=90043"},{"taxonomy":"product_cat","embeddable":true,"href":"https:\/\/kidsplay.lt\/lv\/wp-json\/wp\/v2\/product_cat?post=90043"},{"taxonomy":"product_tag","embeddable":true,"href":"https:\/\/kidsplay.lt\/lv\/wp-json\/wp\/v2\/product_tag?post=90043"}],"curies":[{"name":"wp","href":"https:\/\/api.w.org\/{rel}","templated":true}]}}