{"id":90049,"date":"2026-02-26T09:36:32","date_gmt":"2026-02-26T07:36:32","guid":{"rendered":"https:\/\/kidsplay.lt\/produktas\/feber-sodo-namelis-vaikams-melyna\/"},"modified":"2026-04-07T10:50:37","modified_gmt":"2026-04-07T07:50:37","slug":"feber-sodo-namelis-vaikams-melyna","status":"publish","type":"product","link":"https:\/\/kidsplay.lt\/lv\/products\/feber-sodo-namelis-vaikams-melyna\/","title":{"rendered":"FEBER sodo namelis vaikams M\u0116LYNA"},"content":{"rendered":"<p>Sveiki atvyk\u0119 \u012f k\u016brybi\u0161k\u0173 \u017eaidim\u0173 pasaul\u012f\u00a0su \u201eBluey House\u201c sodo \u017eaidim\u0173 nameliu! \u0160is \u017eavus\u00a0FEBER\u00a0\u017eaidim\u0173 namelis , \u012fkv\u0117ptas populiarios pasakos \u201eBluey\u201c, nukels j\u016bs\u0173 vaik\u0105 \u012f m\u0117gstamiausi\u0173 pasak\u0173 persona\u017e\u0173 pasaul\u012f. \u017daidim\u0173 namelis, turintis \u012f\u0117jimo duris su anga, kuri taip pat gali b\u016bti naudojama kaip\u00a0pa\u0161to d\u0117\u017eut\u0117\u00a0, suteikia \u017eaidimui tikrovi\u0161kumo. Pagamintas\u00a0i\u0161 auk\u0161tos kokyb\u0117s, UV spinduliams atsparaus plastiko\u00a0, \u017eaidim\u0173 namel\u012f lengva surinkti ir jis u\u017etikrina saugum\u0105 naudojimo metu. Tai ne tik \u017eaislas; tai vieta, kurioje vaikai gali kurti savo istorijas ir atkurti m\u0117gstamas scenas i\u0161 \u017eaidim\u0173 namelio.\u00a0D\u017eiaugsmas ir \u0161ypsenos garantuotos!<\/p>\n<p>Rakstur\u012bgs:<\/p>\n<p> \t&#8211; \u012e\u0117jimo durys su anga, atliekan\u010dia pa\u0161to d\u0117\u017eut\u0117s funkcij\u0105<br \/>\n \t&#8211; Pagaminta\u00a0i\u0161 auk\u0161tos kokyb\u0117s, UV spinduliams atsparaus plastiko<br \/>\n \t&#8211; Lengvas surinkimas\u00a0u\u017etikrina greit\u0105 pasiruo\u0161im\u0105 \u017eaidimui<br \/>\n \t&#8211; Stabili konstrukcija\u00a0u\u017etikrina saugum\u0105 naudojimo metu<br \/>\n \t&#8211; Licencijuotas produktas,\u00a0\u012fkv\u0117ptas\u00a0\u201eBluey\u201c\u00a0pasakos , tod\u0117l namas patrauklus jauniems serialo gerb\u0117jams<\/p>\n<p>Rota\u013clieta att\u012bst\u0101s:<\/p>\n<p> \t&#8211; K\u016brybi\u0161kumas ir vaizduot\u0117<br \/>\n \t&#8211; Socialiniai \u012fg\u016bd\u017eiai ir interaktyvumas per grupinius \u017eaidimus<br \/>\n \t&#8211; Motoriniai \u012fg\u016bd\u017eiai lavinti per \u012fvairias fizinio aktyvumo formas, kurias galima \u012fgyvendinti namuose<\/p>","protected":false},"excerpt":{"rendered":"<p>Sveiki atvyk\u0119 \u012f k\u016brybi\u0161k\u0173 \u017eaidim\u0173 pasaul\u012f\u00a0su \u201eBluey House\u201c sodo \u017eaidim\u0173 nameliu! \u0160is \u017eavus\u00a0FEBER\u00a0\u017eaidim\u0173 namelis , \u012fkv\u0117ptas populiarios pasakos \u201eBluey\u201c, nukels<\/p>","protected":false},"featured_media":61905,"template":"","meta":{"_acf_changed":false,"_glsr_average":0,"_glsr_ranking":0,"_glsr_reviews":0},"product_brand":[],"product_cat":[233,234],"product_tag":[],"class_list":{"0":"post-90049","1":"product","2":"type-product","3":"status-publish","4":"has-post-thumbnail","6":"product_cat-lauko-pramogos","7":"product_cat-vaikiski-nameliai","8":"\"style=\"background-color: #2ecc711c;\"","10":"first","11":"instock","12":"purchasable","13":"product-type-simple"},"acf":[],"yoast_head":"<!-- This site is optimized with the Yoast SEO plugin v27.3 - https:\/\/yoast.com\/product\/yoast-seo-wordpress\/ -->\n<title>FEBER sodo namelis vaikams M\u0116LYNA<\/title>\n<meta name=\"description\" content=\"FEBER sodo namelis vaikams M\u0116LYNA - KidsPlay. Did\u017eiausias vaik\u0173 \u017eaisl\u0173 pasirinkimas.\" \/>\n<meta name=\"robots\" content=\"index, follow, max-snippet:-1, max-image-preview:large, max-video-preview:-1\" \/>\n<link rel=\"canonical\" href=\"https:\/\/kidsplay.lt\/lv\/products\/feber-sodo-namelis-vaikams-melyna\/\" \/>\n<meta property=\"og:locale\" content=\"lv_LV\" \/>\n<meta property=\"og:type\" content=\"article\" \/>\n<meta property=\"og:title\" content=\"FEBER sodo namelis vaikams M\u0116LYNA\" \/>\n<meta property=\"og:description\" content=\"FEBER sodo namelis vaikams M\u0116LYNA - KidsPlay. Did\u017eiausias vaik\u0173 \u017eaisl\u0173 pasirinkimas.\" \/>\n<meta property=\"og:url\" content=\"https:\/\/kidsplay.lt\/lv\/products\/feber-sodo-namelis-vaikams-melyna\/\" \/>\n<meta property=\"og:site_name\" content=\"KidsPlay\" \/>\n<meta property=\"article:publisher\" content=\"https:\/\/www.facebook.com\/www.kidsplay.lt\" \/>\n<meta property=\"article:modified_time\" content=\"2026-04-07T07:50:37+00:00\" \/>\n<meta property=\"og:image\" content=\"https:\/\/kidsplay.lt\/wp-content\/uploads\/2025\/09\/FEBER-sodo-namelis-vaikams-MELYNA.jpg\" \/>\n\t<meta property=\"og:image:width\" content=\"1000\" \/>\n\t<meta property=\"og:image:height\" content=\"1000\" \/>\n\t<meta property=\"og:image:type\" content=\"image\/jpeg\" \/>\n<meta name=\"twitter:card\" content=\"summary_large_image\" \/>\n<meta name=\"twitter:label1\" content=\"Est. reading time\" \/>\n\t<meta name=\"twitter:data1\" content=\"1 min\u016bte\" \/>\n<script type=\"application\/ld+json\" class=\"yoast-schema-graph\">{\"@context\":\"https:\\\/\\\/schema.org\",\"@graph\":[{\"@type\":\"WebPage\",\"@id\":\"https:\\\/\\\/kidsplay.lt\\\/produktas\\\/feber-sodo-namelis-vaikams-melyna\\\/\",\"url\":\"https:\\\/\\\/kidsplay.lt\\\/produktas\\\/feber-sodo-namelis-vaikams-melyna\\\/\",\"name\":\"FEBER sodo namelis vaikams M\u0116LYNA\",\"isPartOf\":{\"@id\":\"https:\\\/\\\/kidsplay.lt\\\/#website\"},\"primaryImageOfPage\":{\"@id\":\"https:\\\/\\\/kidsplay.lt\\\/produktas\\\/feber-sodo-namelis-vaikams-melyna\\\/#primaryimage\"},\"image\":{\"@id\":\"https:\\\/\\\/kidsplay.lt\\\/produktas\\\/feber-sodo-namelis-vaikams-melyna\\\/#primaryimage\"},\"thumbnailUrl\":\"https:\\\/\\\/kidsplay.lt\\\/wp-content\\\/uploads\\\/2025\\\/09\\\/FEBER-sodo-namelis-vaikams-MELYNA.jpg\",\"datePublished\":\"2026-02-26T07:36:32+00:00\",\"dateModified\":\"2026-04-07T07:50:37+00:00\",\"description\":\"FEBER sodo namelis vaikams M\u0116LYNA - KidsPlay. Did\u017eiausias vaik\u0173 \u017eaisl\u0173 pasirinkimas.\",\"breadcrumb\":{\"@id\":\"https:\\\/\\\/kidsplay.lt\\\/produktas\\\/feber-sodo-namelis-vaikams-melyna\\\/#breadcrumb\"},\"inLanguage\":\"lv-LV\",\"potentialAction\":[{\"@type\":\"ReadAction\",\"target\":[\"https:\\\/\\\/kidsplay.lt\\\/produktas\\\/feber-sodo-namelis-vaikams-melyna\\\/\"]}]},{\"@type\":\"ImageObject\",\"inLanguage\":\"lv-LV\",\"@id\":\"https:\\\/\\\/kidsplay.lt\\\/produktas\\\/feber-sodo-namelis-vaikams-melyna\\\/#primaryimage\",\"url\":\"https:\\\/\\\/kidsplay.lt\\\/wp-content\\\/uploads\\\/2025\\\/09\\\/FEBER-sodo-namelis-vaikams-MELYNA.jpg\",\"contentUrl\":\"https:\\\/\\\/kidsplay.lt\\\/wp-content\\\/uploads\\\/2025\\\/09\\\/FEBER-sodo-namelis-vaikams-MELYNA.jpg\",\"width\":1000,\"height\":1000,\"caption\":\"FEBER sodo namelis vaikams M\u0116LYNA\"},{\"@type\":\"BreadcrumbList\",\"@id\":\"https:\\\/\\\/kidsplay.lt\\\/produktas\\\/feber-sodo-namelis-vaikams-melyna\\\/#breadcrumb\",\"itemListElement\":[{\"@type\":\"ListItem\",\"position\":1,\"name\":\"Pagrindinis\",\"item\":\"https:\\\/\\\/kidsplay.lt\\\/\"},{\"@type\":\"ListItem\",\"position\":2,\"name\":\"Parduotuv\u0117\",\"item\":\"https:\\\/\\\/kidsplay.lt\\\/parduotuve\\\/\"},{\"@type\":\"ListItem\",\"position\":3,\"name\":\"FEBER sodo namelis vaikams M\u0116LYNA\"}]},{\"@type\":\"WebSite\",\"@id\":\"https:\\\/\\\/kidsplay.lt\\\/#website\",\"url\":\"https:\\\/\\\/kidsplay.lt\\\/\",\"name\":\"Kidsplay.lt\",\"description\":\"\u012evairios prek\u0117s vaikams\",\"publisher\":{\"@id\":\"https:\\\/\\\/kidsplay.lt\\\/#organization\"},\"alternateName\":\"Kidsplay\",\"potentialAction\":[{\"@type\":\"SearchAction\",\"target\":{\"@type\":\"EntryPoint\",\"urlTemplate\":\"https:\\\/\\\/kidsplay.lt\\\/?s={search_term_string}\"},\"query-input\":{\"@type\":\"PropertyValueSpecification\",\"valueRequired\":true,\"valueName\":\"search_term_string\"}}],\"inLanguage\":\"lv-LV\"},{\"@type\":\"Organization\",\"@id\":\"https:\\\/\\\/kidsplay.lt\\\/#organization\",\"name\":\"KidsPlay\",\"url\":\"https:\\\/\\\/kidsplay.lt\\\/\",\"logo\":{\"@type\":\"ImageObject\",\"inLanguage\":\"lv-LV\",\"@id\":\"https:\\\/\\\/kidsplay.lt\\\/#\\\/schema\\\/logo\\\/image\\\/\",\"url\":\"https:\\\/\\\/kidsplay.lt\\\/wp-content\\\/uploads\\\/2023\\\/07\\\/kidsplay-logo.png\",\"contentUrl\":\"https:\\\/\\\/kidsplay.lt\\\/wp-content\\\/uploads\\\/2023\\\/07\\\/kidsplay-logo.png\",\"width\":451,\"height\":98,\"caption\":\"KidsPlay\"},\"image\":{\"@id\":\"https:\\\/\\\/kidsplay.lt\\\/#\\\/schema\\\/logo\\\/image\\\/\"},\"sameAs\":[\"https:\\\/\\\/www.facebook.com\\\/www.kidsplay.lt\"]}]}<\/script>\n<!-- \/ Yoast SEO plugin. -->","yoast_head_json":{"title":"FEBER sodo namelis vaikams M\u0116LYNA","description":"FEBER sodo namelis vaikams M\u0116LYNA - KidsPlay. Did\u017eiausias vaik\u0173 \u017eaisl\u0173 pasirinkimas.","robots":{"index":"index","follow":"follow","max-snippet":"max-snippet:-1","max-image-preview":"max-image-preview:large","max-video-preview":"max-video-preview:-1"},"canonical":"https:\/\/kidsplay.lt\/lv\/products\/feber-sodo-namelis-vaikams-melyna\/","og_locale":"lv_LV","og_type":"article","og_title":"FEBER sodo namelis vaikams M\u0116LYNA","og_description":"FEBER sodo namelis vaikams M\u0116LYNA - KidsPlay. Did\u017eiausias vaik\u0173 \u017eaisl\u0173 pasirinkimas.","og_url":"https:\/\/kidsplay.lt\/lv\/products\/feber-sodo-namelis-vaikams-melyna\/","og_site_name":"KidsPlay","article_publisher":"https:\/\/www.facebook.com\/www.kidsplay.lt","article_modified_time":"2026-04-07T07:50:37+00:00","og_image":[{"width":1000,"height":1000,"url":"https:\/\/kidsplay.lt\/wp-content\/uploads\/2025\/09\/FEBER-sodo-namelis-vaikams-MELYNA.jpg","type":"image\/jpeg"}],"twitter_card":"summary_large_image","twitter_misc":{"Est. reading time":"1 min\u016bte"},"schema":{"@context":"https:\/\/schema.org","@graph":[{"@type":"WebPage","@id":"https:\/\/kidsplay.lt\/produktas\/feber-sodo-namelis-vaikams-melyna\/","url":"https:\/\/kidsplay.lt\/produktas\/feber-sodo-namelis-vaikams-melyna\/","name":"FEBER sodo namelis vaikams M\u0116LYNA","isPartOf":{"@id":"https:\/\/kidsplay.lt\/#website"},"primaryImageOfPage":{"@id":"https:\/\/kidsplay.lt\/produktas\/feber-sodo-namelis-vaikams-melyna\/#primaryimage"},"image":{"@id":"https:\/\/kidsplay.lt\/produktas\/feber-sodo-namelis-vaikams-melyna\/#primaryimage"},"thumbnailUrl":"https:\/\/kidsplay.lt\/wp-content\/uploads\/2025\/09\/FEBER-sodo-namelis-vaikams-MELYNA.jpg","datePublished":"2026-02-26T07:36:32+00:00","dateModified":"2026-04-07T07:50:37+00:00","description":"FEBER sodo namelis vaikams M\u0116LYNA - KidsPlay. Did\u017eiausias vaik\u0173 \u017eaisl\u0173 pasirinkimas.","breadcrumb":{"@id":"https:\/\/kidsplay.lt\/produktas\/feber-sodo-namelis-vaikams-melyna\/#breadcrumb"},"inLanguage":"lv-LV","potentialAction":[{"@type":"ReadAction","target":["https:\/\/kidsplay.lt\/produktas\/feber-sodo-namelis-vaikams-melyna\/"]}]},{"@type":"ImageObject","inLanguage":"lv-LV","@id":"https:\/\/kidsplay.lt\/produktas\/feber-sodo-namelis-vaikams-melyna\/#primaryimage","url":"https:\/\/kidsplay.lt\/wp-content\/uploads\/2025\/09\/FEBER-sodo-namelis-vaikams-MELYNA.jpg","contentUrl":"https:\/\/kidsplay.lt\/wp-content\/uploads\/2025\/09\/FEBER-sodo-namelis-vaikams-MELYNA.jpg","width":1000,"height":1000,"caption":"FEBER sodo namelis vaikams M\u0116LYNA"},{"@type":"BreadcrumbList","@id":"https:\/\/kidsplay.lt\/produktas\/feber-sodo-namelis-vaikams-melyna\/#breadcrumb","itemListElement":[{"@type":"ListItem","position":1,"name":"Pagrindinis","item":"https:\/\/kidsplay.lt\/"},{"@type":"ListItem","position":2,"name":"Parduotuv\u0117","item":"https:\/\/kidsplay.lt\/parduotuve\/"},{"@type":"ListItem","position":3,"name":"FEBER sodo namelis vaikams M\u0116LYNA"}]},{"@type":"WebSite","@id":"https:\/\/kidsplay.lt\/#website","url":"https:\/\/kidsplay.lt\/","name":"B\u0113rnu sp\u0113les.lv","description":"\u012evairios prek\u0117s vaikams","publisher":{"@id":"https:\/\/kidsplay.lt\/#organization"},"alternateName":"Kidsplay","potentialAction":[{"@type":"SearchAction","target":{"@type":"EntryPoint","urlTemplate":"https:\/\/kidsplay.lt\/?s={search_term_string}"},"query-input":{"@type":"PropertyValueSpecification","valueRequired":true,"valueName":"search_term_string"}}],"inLanguage":"lv-LV"},{"@type":"Organization","@id":"https:\/\/kidsplay.lt\/#organization","name":"B\u0113rnu sp\u0113le","url":"https:\/\/kidsplay.lt\/","logo":{"@type":"ImageObject","inLanguage":"lv-LV","@id":"https:\/\/kidsplay.lt\/#\/schema\/logo\/image\/","url":"https:\/\/kidsplay.lt\/wp-content\/uploads\/2023\/07\/kidsplay-logo.png","contentUrl":"https:\/\/kidsplay.lt\/wp-content\/uploads\/2023\/07\/kidsplay-logo.png","width":451,"height":98,"caption":"KidsPlay"},"image":{"@id":"https:\/\/kidsplay.lt\/#\/schema\/logo\/image\/"},"sameAs":["https:\/\/www.facebook.com\/www.kidsplay.lt"]}]}},"_links":{"self":[{"href":"https:\/\/kidsplay.lt\/lv\/wp-json\/wp\/v2\/product\/90049","targetHints":{"allow":["GET"]}}],"collection":[{"href":"https:\/\/kidsplay.lt\/lv\/wp-json\/wp\/v2\/product"}],"about":[{"href":"https:\/\/kidsplay.lt\/lv\/wp-json\/wp\/v2\/types\/product"}],"version-history":[{"count":1,"href":"https:\/\/kidsplay.lt\/lv\/wp-json\/wp\/v2\/product\/90049\/revisions"}],"predecessor-version":[{"id":90050,"href":"https:\/\/kidsplay.lt\/lv\/wp-json\/wp\/v2\/product\/90049\/revisions\/90050"}],"wp:featuredmedia":[{"embeddable":true,"href":"https:\/\/kidsplay.lt\/lv\/wp-json\/wp\/v2\/media\/61905"}],"wp:attachment":[{"href":"https:\/\/kidsplay.lt\/lv\/wp-json\/wp\/v2\/media?parent=90049"}],"wp:term":[{"taxonomy":"product_brand","embeddable":true,"href":"https:\/\/kidsplay.lt\/lv\/wp-json\/wp\/v2\/product_brand?post=90049"},{"taxonomy":"product_cat","embeddable":true,"href":"https:\/\/kidsplay.lt\/lv\/wp-json\/wp\/v2\/product_cat?post=90049"},{"taxonomy":"product_tag","embeddable":true,"href":"https:\/\/kidsplay.lt\/lv\/wp-json\/wp\/v2\/product_tag?post=90049"}],"curies":[{"name":"wp","href":"https:\/\/api.w.org\/{rel}","templated":true}]}}