{"id":90055,"date":"2026-02-26T09:36:40","date_gmt":"2026-02-26T07:36:40","guid":{"rendered":"https:\/\/kidsplay.lt\/produktas\/axi-namelis-ant-poliu-su-ciuozykla-118-cm\/"},"modified":"2026-04-07T10:50:44","modified_gmt":"2026-04-07T07:50:44","slug":"axi-namelis-ant-poliu-su-ciuozykla-118-cm","status":"publish","type":"product","link":"https:\/\/kidsplay.lt\/lv\/products\/axi-namelis-ant-poliu-su-ciuozykla-118-cm\/","title":{"rendered":"AXI namelis ant poli\u0173 su \u010diuo\u017eykla 118 cm"},"content":{"rendered":"<p>AXI namelis ant poli\u0173 su \u010diuo\u017eykla yra \u017eaislas vaikams nuo 2 met\u0173, suteikiantis daugyb\u0119 pramog\u0173 lauke. Namelis idealiai tinka \u017eaidimams grup\u0117je d\u0117l savo erdvumo ir funkcionalumo. Namelis stovi ant auk\u0161t\u0173 poli\u0173, \u012f j\u012f patenkama stabiliomis kop\u0117\u010diomis. I\u0161 terasos galite nusileisti 118 cm ilgio \u010diuo\u017eykla, kuri tikrai suteiks daug d\u017eiaugsmo ma\u017eiesiems. Namelis turi spalvingus langus su atidaromomis ir u\u017edaromomis langin\u0117mis, taip pat lauko duris.<\/p>\n<p>Funkcijas:<\/p>\n<p>\u00a0\u00a0\u00a0 &#8211; namelis skirtas vaikams nuo 2 met\u0173 am\u017eiaus,<br \/>\n\u00a0\u00a0\u00a0 &#8211; pagamintas i\u0161 c\u016bgos medienos (Kanados egl\u0117s), kuri yra nat\u016braliai atspari oro s\u0105lygoms ir nesisluoksniuoja,<br \/>\n\u00a0\u00a0\u00a0 &#8211; komplekte yra 118 cm ilgio \u010diuo\u017eykla,<br \/>\n\u00a0\u00a0\u00a0 &#8211; platformos auk\u0161tis 57 cm,<br \/>\n\u00a0\u00a0\u00a0 &#8211; maksimali apkrova yra 150 kg.<\/p>","protected":false},"excerpt":{"rendered":"<p>AXI namelis ant poli\u0173 su \u010diuo\u017eykla yra \u017eaislas vaikams nuo 2 met\u0173, suteikiantis daugyb\u0119 pramog\u0173 lauke. Namelis idealiai tinka \u017eaidimams<\/p>","protected":false},"featured_media":61926,"template":"","meta":{"_acf_changed":false,"_glsr_average":0,"_glsr_ranking":0,"_glsr_reviews":0},"product_brand":[],"product_cat":[233,234],"product_tag":[],"class_list":{"0":"post-90055","1":"product","2":"type-product","3":"status-publish","4":"has-post-thumbnail","6":"product_cat-lauko-pramogos","7":"product_cat-vaikiski-nameliai","8":"\"style=\"background-color: #2ecc711c;\"","10":"first","11":"instock","12":"purchasable","13":"product-type-simple"},"acf":[],"yoast_head":"<!-- This site is optimized with the Yoast SEO plugin v27.3 - https:\/\/yoast.com\/product\/yoast-seo-wordpress\/ -->\n<title>AXI namelis ant poli\u0173 su \u010diuo\u017eykla 118 cm<\/title>\n<meta name=\"description\" content=\"AXI namelis ant poli\u0173 su \u010diuo\u017eykla 118 cm - KidsPlay. Did\u017eiausias vaik\u0173 \u017eaisl\u0173 pasirinkimas.\" \/>\n<meta name=\"robots\" content=\"index, follow, max-snippet:-1, max-image-preview:large, max-video-preview:-1\" \/>\n<link rel=\"canonical\" href=\"https:\/\/kidsplay.lt\/lv\/products\/axi-namelis-ant-poliu-su-ciuozykla-118-cm\/\" \/>\n<meta property=\"og:locale\" content=\"lv_LV\" \/>\n<meta property=\"og:type\" content=\"article\" \/>\n<meta property=\"og:title\" content=\"AXI namelis ant poli\u0173 su \u010diuo\u017eykla 118 cm\" \/>\n<meta property=\"og:description\" content=\"AXI namelis ant poli\u0173 su \u010diuo\u017eykla 118 cm - KidsPlay. Did\u017eiausias vaik\u0173 \u017eaisl\u0173 pasirinkimas.\" \/>\n<meta property=\"og:url\" content=\"https:\/\/kidsplay.lt\/lv\/products\/axi-namelis-ant-poliu-su-ciuozykla-118-cm\/\" \/>\n<meta property=\"og:site_name\" content=\"KidsPlay\" \/>\n<meta property=\"article:publisher\" content=\"https:\/\/www.facebook.com\/www.kidsplay.lt\" \/>\n<meta property=\"article:modified_time\" content=\"2026-04-07T07:50:44+00:00\" \/>\n<meta property=\"og:image\" content=\"https:\/\/kidsplay.lt\/wp-content\/uploads\/2025\/09\/AXI-namelis-ant-poliu-su-ciuozykla-118-cm.jpg\" \/>\n\t<meta property=\"og:image:width\" content=\"800\" \/>\n\t<meta property=\"og:image:height\" content=\"800\" \/>\n\t<meta property=\"og:image:type\" content=\"image\/jpeg\" \/>\n<meta name=\"twitter:card\" content=\"summary_large_image\" \/>\n<meta name=\"twitter:label1\" content=\"Est. reading time\" \/>\n\t<meta name=\"twitter:data1\" content=\"1 min\u016bte\" \/>\n<script type=\"application\/ld+json\" class=\"yoast-schema-graph\">{\"@context\":\"https:\\\/\\\/schema.org\",\"@graph\":[{\"@type\":\"WebPage\",\"@id\":\"https:\\\/\\\/kidsplay.lt\\\/produktas\\\/axi-namelis-ant-poliu-su-ciuozykla-118-cm\\\/\",\"url\":\"https:\\\/\\\/kidsplay.lt\\\/produktas\\\/axi-namelis-ant-poliu-su-ciuozykla-118-cm\\\/\",\"name\":\"AXI namelis ant poli\u0173 su \u010diuo\u017eykla 118 cm\",\"isPartOf\":{\"@id\":\"https:\\\/\\\/kidsplay.lt\\\/#website\"},\"primaryImageOfPage\":{\"@id\":\"https:\\\/\\\/kidsplay.lt\\\/produktas\\\/axi-namelis-ant-poliu-su-ciuozykla-118-cm\\\/#primaryimage\"},\"image\":{\"@id\":\"https:\\\/\\\/kidsplay.lt\\\/produktas\\\/axi-namelis-ant-poliu-su-ciuozykla-118-cm\\\/#primaryimage\"},\"thumbnailUrl\":\"https:\\\/\\\/kidsplay.lt\\\/wp-content\\\/uploads\\\/2025\\\/09\\\/AXI-namelis-ant-poliu-su-ciuozykla-118-cm.jpg\",\"datePublished\":\"2026-02-26T07:36:40+00:00\",\"dateModified\":\"2026-04-07T07:50:44+00:00\",\"description\":\"AXI namelis ant poli\u0173 su \u010diuo\u017eykla 118 cm - KidsPlay. Did\u017eiausias vaik\u0173 \u017eaisl\u0173 pasirinkimas.\",\"breadcrumb\":{\"@id\":\"https:\\\/\\\/kidsplay.lt\\\/produktas\\\/axi-namelis-ant-poliu-su-ciuozykla-118-cm\\\/#breadcrumb\"},\"inLanguage\":\"lv-LV\",\"potentialAction\":[{\"@type\":\"ReadAction\",\"target\":[\"https:\\\/\\\/kidsplay.lt\\\/produktas\\\/axi-namelis-ant-poliu-su-ciuozykla-118-cm\\\/\"]}]},{\"@type\":\"ImageObject\",\"inLanguage\":\"lv-LV\",\"@id\":\"https:\\\/\\\/kidsplay.lt\\\/produktas\\\/axi-namelis-ant-poliu-su-ciuozykla-118-cm\\\/#primaryimage\",\"url\":\"https:\\\/\\\/kidsplay.lt\\\/wp-content\\\/uploads\\\/2025\\\/09\\\/AXI-namelis-ant-poliu-su-ciuozykla-118-cm.jpg\",\"contentUrl\":\"https:\\\/\\\/kidsplay.lt\\\/wp-content\\\/uploads\\\/2025\\\/09\\\/AXI-namelis-ant-poliu-su-ciuozykla-118-cm.jpg\",\"width\":800,\"height\":800,\"caption\":\"AXI namelis ant poli\u0173 su \u010diuo\u017eykla 118 cm\"},{\"@type\":\"BreadcrumbList\",\"@id\":\"https:\\\/\\\/kidsplay.lt\\\/produktas\\\/axi-namelis-ant-poliu-su-ciuozykla-118-cm\\\/#breadcrumb\",\"itemListElement\":[{\"@type\":\"ListItem\",\"position\":1,\"name\":\"Pagrindinis\",\"item\":\"https:\\\/\\\/kidsplay.lt\\\/\"},{\"@type\":\"ListItem\",\"position\":2,\"name\":\"Parduotuv\u0117\",\"item\":\"https:\\\/\\\/kidsplay.lt\\\/parduotuve\\\/\"},{\"@type\":\"ListItem\",\"position\":3,\"name\":\"AXI namelis ant poli\u0173 su \u010diuo\u017eykla 118 cm\"}]},{\"@type\":\"WebSite\",\"@id\":\"https:\\\/\\\/kidsplay.lt\\\/#website\",\"url\":\"https:\\\/\\\/kidsplay.lt\\\/\",\"name\":\"Kidsplay.lt\",\"description\":\"\u012evairios prek\u0117s vaikams\",\"publisher\":{\"@id\":\"https:\\\/\\\/kidsplay.lt\\\/#organization\"},\"alternateName\":\"Kidsplay\",\"potentialAction\":[{\"@type\":\"SearchAction\",\"target\":{\"@type\":\"EntryPoint\",\"urlTemplate\":\"https:\\\/\\\/kidsplay.lt\\\/?s={search_term_string}\"},\"query-input\":{\"@type\":\"PropertyValueSpecification\",\"valueRequired\":true,\"valueName\":\"search_term_string\"}}],\"inLanguage\":\"lv-LV\"},{\"@type\":\"Organization\",\"@id\":\"https:\\\/\\\/kidsplay.lt\\\/#organization\",\"name\":\"KidsPlay\",\"url\":\"https:\\\/\\\/kidsplay.lt\\\/\",\"logo\":{\"@type\":\"ImageObject\",\"inLanguage\":\"lv-LV\",\"@id\":\"https:\\\/\\\/kidsplay.lt\\\/#\\\/schema\\\/logo\\\/image\\\/\",\"url\":\"https:\\\/\\\/kidsplay.lt\\\/wp-content\\\/uploads\\\/2023\\\/07\\\/kidsplay-logo.png\",\"contentUrl\":\"https:\\\/\\\/kidsplay.lt\\\/wp-content\\\/uploads\\\/2023\\\/07\\\/kidsplay-logo.png\",\"width\":451,\"height\":98,\"caption\":\"KidsPlay\"},\"image\":{\"@id\":\"https:\\\/\\\/kidsplay.lt\\\/#\\\/schema\\\/logo\\\/image\\\/\"},\"sameAs\":[\"https:\\\/\\\/www.facebook.com\\\/www.kidsplay.lt\"]}]}<\/script>\n<!-- \/ Yoast SEO plugin. -->","yoast_head_json":{"title":"AXI namelis ant poli\u0173 su \u010diuo\u017eykla 118 cm","description":"AXI namelis ant poli\u0173 su \u010diuo\u017eykla 118 cm - KidsPlay. Did\u017eiausias vaik\u0173 \u017eaisl\u0173 pasirinkimas.","robots":{"index":"index","follow":"follow","max-snippet":"max-snippet:-1","max-image-preview":"max-image-preview:large","max-video-preview":"max-video-preview:-1"},"canonical":"https:\/\/kidsplay.lt\/lv\/products\/axi-namelis-ant-poliu-su-ciuozykla-118-cm\/","og_locale":"lv_LV","og_type":"article","og_title":"AXI namelis ant poli\u0173 su \u010diuo\u017eykla 118 cm","og_description":"AXI namelis ant poli\u0173 su \u010diuo\u017eykla 118 cm - KidsPlay. Did\u017eiausias vaik\u0173 \u017eaisl\u0173 pasirinkimas.","og_url":"https:\/\/kidsplay.lt\/lv\/products\/axi-namelis-ant-poliu-su-ciuozykla-118-cm\/","og_site_name":"KidsPlay","article_publisher":"https:\/\/www.facebook.com\/www.kidsplay.lt","article_modified_time":"2026-04-07T07:50:44+00:00","og_image":[{"width":800,"height":800,"url":"https:\/\/kidsplay.lt\/wp-content\/uploads\/2025\/09\/AXI-namelis-ant-poliu-su-ciuozykla-118-cm.jpg","type":"image\/jpeg"}],"twitter_card":"summary_large_image","twitter_misc":{"Est. reading time":"1 min\u016bte"},"schema":{"@context":"https:\/\/schema.org","@graph":[{"@type":"WebPage","@id":"https:\/\/kidsplay.lt\/produktas\/axi-namelis-ant-poliu-su-ciuozykla-118-cm\/","url":"https:\/\/kidsplay.lt\/produktas\/axi-namelis-ant-poliu-su-ciuozykla-118-cm\/","name":"AXI namelis ant poli\u0173 su \u010diuo\u017eykla 118 cm","isPartOf":{"@id":"https:\/\/kidsplay.lt\/#website"},"primaryImageOfPage":{"@id":"https:\/\/kidsplay.lt\/produktas\/axi-namelis-ant-poliu-su-ciuozykla-118-cm\/#primaryimage"},"image":{"@id":"https:\/\/kidsplay.lt\/produktas\/axi-namelis-ant-poliu-su-ciuozykla-118-cm\/#primaryimage"},"thumbnailUrl":"https:\/\/kidsplay.lt\/wp-content\/uploads\/2025\/09\/AXI-namelis-ant-poliu-su-ciuozykla-118-cm.jpg","datePublished":"2026-02-26T07:36:40+00:00","dateModified":"2026-04-07T07:50:44+00:00","description":"AXI namelis ant poli\u0173 su \u010diuo\u017eykla 118 cm - KidsPlay. Did\u017eiausias vaik\u0173 \u017eaisl\u0173 pasirinkimas.","breadcrumb":{"@id":"https:\/\/kidsplay.lt\/produktas\/axi-namelis-ant-poliu-su-ciuozykla-118-cm\/#breadcrumb"},"inLanguage":"lv-LV","potentialAction":[{"@type":"ReadAction","target":["https:\/\/kidsplay.lt\/produktas\/axi-namelis-ant-poliu-su-ciuozykla-118-cm\/"]}]},{"@type":"ImageObject","inLanguage":"lv-LV","@id":"https:\/\/kidsplay.lt\/produktas\/axi-namelis-ant-poliu-su-ciuozykla-118-cm\/#primaryimage","url":"https:\/\/kidsplay.lt\/wp-content\/uploads\/2025\/09\/AXI-namelis-ant-poliu-su-ciuozykla-118-cm.jpg","contentUrl":"https:\/\/kidsplay.lt\/wp-content\/uploads\/2025\/09\/AXI-namelis-ant-poliu-su-ciuozykla-118-cm.jpg","width":800,"height":800,"caption":"AXI namelis ant poli\u0173 su \u010diuo\u017eykla 118 cm"},{"@type":"BreadcrumbList","@id":"https:\/\/kidsplay.lt\/produktas\/axi-namelis-ant-poliu-su-ciuozykla-118-cm\/#breadcrumb","itemListElement":[{"@type":"ListItem","position":1,"name":"Pagrindinis","item":"https:\/\/kidsplay.lt\/"},{"@type":"ListItem","position":2,"name":"Parduotuv\u0117","item":"https:\/\/kidsplay.lt\/parduotuve\/"},{"@type":"ListItem","position":3,"name":"AXI namelis ant poli\u0173 su \u010diuo\u017eykla 118 cm"}]},{"@type":"WebSite","@id":"https:\/\/kidsplay.lt\/#website","url":"https:\/\/kidsplay.lt\/","name":"B\u0113rnu sp\u0113les.lv","description":"\u012evairios prek\u0117s vaikams","publisher":{"@id":"https:\/\/kidsplay.lt\/#organization"},"alternateName":"Kidsplay","potentialAction":[{"@type":"SearchAction","target":{"@type":"EntryPoint","urlTemplate":"https:\/\/kidsplay.lt\/?s={search_term_string}"},"query-input":{"@type":"PropertyValueSpecification","valueRequired":true,"valueName":"search_term_string"}}],"inLanguage":"lv-LV"},{"@type":"Organization","@id":"https:\/\/kidsplay.lt\/#organization","name":"B\u0113rnu sp\u0113le","url":"https:\/\/kidsplay.lt\/","logo":{"@type":"ImageObject","inLanguage":"lv-LV","@id":"https:\/\/kidsplay.lt\/#\/schema\/logo\/image\/","url":"https:\/\/kidsplay.lt\/wp-content\/uploads\/2023\/07\/kidsplay-logo.png","contentUrl":"https:\/\/kidsplay.lt\/wp-content\/uploads\/2023\/07\/kidsplay-logo.png","width":451,"height":98,"caption":"KidsPlay"},"image":{"@id":"https:\/\/kidsplay.lt\/#\/schema\/logo\/image\/"},"sameAs":["https:\/\/www.facebook.com\/www.kidsplay.lt"]}]}},"_links":{"self":[{"href":"https:\/\/kidsplay.lt\/lv\/wp-json\/wp\/v2\/product\/90055","targetHints":{"allow":["GET"]}}],"collection":[{"href":"https:\/\/kidsplay.lt\/lv\/wp-json\/wp\/v2\/product"}],"about":[{"href":"https:\/\/kidsplay.lt\/lv\/wp-json\/wp\/v2\/types\/product"}],"version-history":[{"count":1,"href":"https:\/\/kidsplay.lt\/lv\/wp-json\/wp\/v2\/product\/90055\/revisions"}],"predecessor-version":[{"id":90056,"href":"https:\/\/kidsplay.lt\/lv\/wp-json\/wp\/v2\/product\/90055\/revisions\/90056"}],"wp:featuredmedia":[{"embeddable":true,"href":"https:\/\/kidsplay.lt\/lv\/wp-json\/wp\/v2\/media\/61926"}],"wp:attachment":[{"href":"https:\/\/kidsplay.lt\/lv\/wp-json\/wp\/v2\/media?parent=90055"}],"wp:term":[{"taxonomy":"product_brand","embeddable":true,"href":"https:\/\/kidsplay.lt\/lv\/wp-json\/wp\/v2\/product_brand?post=90055"},{"taxonomy":"product_cat","embeddable":true,"href":"https:\/\/kidsplay.lt\/lv\/wp-json\/wp\/v2\/product_cat?post=90055"},{"taxonomy":"product_tag","embeddable":true,"href":"https:\/\/kidsplay.lt\/lv\/wp-json\/wp\/v2\/product_tag?post=90055"}],"curies":[{"name":"wp","href":"https:\/\/api.w.org\/{rel}","templated":true}]}}