{"id":90057,"date":"2026-02-26T09:36:42","date_gmt":"2026-02-26T07:36:42","guid":{"rendered":"https:\/\/kidsplay.lt\/produktas\/smoby-sodo-namelis-4-metu-laikai\/"},"modified":"2026-04-07T10:50:47","modified_gmt":"2026-04-07T07:50:47","slug":"smoby-sodo-namelis-4-metu-laikai","status":"publish","type":"product","link":"https:\/\/kidsplay.lt\/lv\/product\/smoby-sodo-namelis-4-metu-laikai\/","title":{"rendered":"SMOBY d\u0101rza m\u0101ji\u0146a 4 gadalaiki"},"content":{"rendered":"<p>\u201eSmoby\u00a04 Seasons\u201c sodo namelis\u00a0\u2013 tai \u017eaislas\u00a0vaikams nuo 2 met\u0173,\u00a0skatinantis\u00a0u\u017esiimti\u00a0veikla lauke\u00a0. Jis pasi\u017eymi\u00a0spalvingu dizainu\u00a0ir daugybe \u012fdomi\u0173 savybi\u0173, toki\u0173 kaip\u00a0langai su \u017ealiuz\u0117mis, durys su skambu\u010diu ir v\u0117jo varpeliai.\u00a0Prie jo taip pat pridedami\u00a0or\u0173 mokymosi priedai,\u00a0tokie kaip\u00a0lietaus matuoklis, v\u0117jo koja ir oro s\u0105lyg\u0173 steb\u0117jimo skydelis.\u00a0Vaikai gali steb\u0117ti\u00a0temperat\u016bros, krituli\u0173 ir saul\u0117s \u0161viesos poky\u010dius\u00a0ir\u00a0savo pasteb\u0117jimus u\u017era\u0161yti skydelyje\u00a0. Namelis pagamintas i\u0161\u00a0auk\u0161tos kokyb\u0117s plastiko\u00a0, kuris yra\u00a0atsparus blukimui ir oro s\u0105lygoms.\u00a0J\u012f taip pat galima\u00a0sujungti su kitais \u201eSmoby\u201c priedais, tokiais kaip sm\u0117lio d\u0117\u017e\u0117, vasaros virtuv\u0117, grind\u0173 danga, laistytuvas ar sodo vazonas (parduodamas atskirai).\u00a0\u201e4 Seasons\u201c sodo namelis yra puikus \u017eaislas ma\u017eiesiems tyrin\u0117tojams, kurie m\u0117gsta \u017eaisti lauke.<\/p>\n<p>Rakstur\u012bgs:<\/p>\n<p> \t&#8211; \u017eaislas\u00a0vaikams nuo 2 met\u0173 am\u017eiaus,<br \/>\n \t&#8211;\u00a0spalvingas ir patrauklus dizainas\u00a0,<br \/>\n \t&#8211; langai su\u00a0\u017ealiuz\u0117mis, durys su skambu\u010diais ir v\u0117jo varpeliais,<br \/>\n \t&#8211;\u00a0priedai or\u0173 pa\u017einimui\u00a0: lietaus matuoklis, v\u0117jo rodykl\u0117, meteorologin\u0117 panel\u0117,<br \/>\n \t&#8211;\u00a0plastikas su ANTIVU danga,\u00a0atsparus blukimui ir oro s\u0105lygoms,<br \/>\n \t&#8211;\u00a0galima derinti su kitais \u201eSmoby\u201c priedais\u00a0(parduodami atskirai),<br \/>\n \t&#8211; pagaminta Pranc\u016bzijoje.<\/p>","protected":false},"excerpt":{"rendered":"<p>\u201eSmoby\u00a04 Seasons\u201c sodo namelis\u00a0\u2013 tai \u017eaislas\u00a0vaikams nuo 2 met\u0173,\u00a0skatinantis\u00a0u\u017esiimti\u00a0veikla lauke\u00a0. Jis pasi\u017eymi\u00a0spalvingu dizainu\u00a0ir daugybe \u012fdomi\u0173 savybi\u0173, toki\u0173 kaip\u00a0langai su \u017ealiuz\u0117mis,<\/p>","protected":false},"featured_media":61933,"template":"","meta":{"_acf_changed":false,"_glsr_average":0,"_glsr_ranking":0,"_glsr_reviews":0},"product_brand":[],"product_cat":[233,234],"product_tag":[],"class_list":{"0":"post-90057","1":"product","2":"type-product","3":"status-publish","4":"has-post-thumbnail","6":"product_cat-lauko-pramogos","7":"product_cat-vaikiski-nameliai","8":"\"style=\"background-color: #2ecc711c;\"","10":"first","11":"instock","12":"purchasable","13":"product-type-simple"},"acf":[],"yoast_head":"<!-- This site is optimized with the Yoast SEO plugin v27.3 - https:\/\/yoast.com\/product\/yoast-seo-wordpress\/ -->\n<title>SMOBY sodo namelis 4 met\u0173 laikai<\/title>\n<meta name=\"description\" content=\"SMOBY sodo namelis 4 met\u0173 laikai - KidsPlay. Did\u017eiausias vaik\u0173 \u017eaisl\u0173 pasirinkimas.\" \/>\n<meta name=\"robots\" content=\"index, follow, max-snippet:-1, max-image-preview:large, max-video-preview:-1\" \/>\n<link rel=\"canonical\" href=\"https:\/\/kidsplay.lt\/lv\/product\/smoby-sodo-namelis-4-metu-laikai\/\" \/>\n<meta property=\"og:locale\" content=\"lv_LV\" \/>\n<meta property=\"og:type\" content=\"article\" \/>\n<meta property=\"og:title\" content=\"SMOBY sodo namelis 4 met\u0173 laikai\" \/>\n<meta property=\"og:description\" content=\"SMOBY sodo namelis 4 met\u0173 laikai - KidsPlay. Did\u017eiausias vaik\u0173 \u017eaisl\u0173 pasirinkimas.\" \/>\n<meta property=\"og:url\" content=\"https:\/\/kidsplay.lt\/lv\/product\/smoby-sodo-namelis-4-metu-laikai\/\" \/>\n<meta property=\"og:site_name\" content=\"KidsPlay\" \/>\n<meta property=\"article:publisher\" content=\"https:\/\/www.facebook.com\/www.kidsplay.lt\" \/>\n<meta property=\"article:modified_time\" content=\"2026-04-07T07:50:47+00:00\" \/>\n<meta property=\"og:image\" content=\"https:\/\/kidsplay.lt\/wp-content\/uploads\/2025\/09\/SMOBY-sodo-namelis-4-metu-laikai.jpg\" \/>\n\t<meta property=\"og:image:width\" content=\"1000\" \/>\n\t<meta property=\"og:image:height\" content=\"1000\" \/>\n\t<meta property=\"og:image:type\" content=\"image\/jpeg\" \/>\n<meta name=\"twitter:card\" content=\"summary_large_image\" \/>\n<meta name=\"twitter:label1\" content=\"Est. reading time\" \/>\n\t<meta name=\"twitter:data1\" content=\"1 min\u016bte\" \/>\n<script type=\"application\/ld+json\" class=\"yoast-schema-graph\">{\"@context\":\"https:\\\/\\\/schema.org\",\"@graph\":[{\"@type\":\"WebPage\",\"@id\":\"https:\\\/\\\/kidsplay.lt\\\/produktas\\\/smoby-sodo-namelis-4-metu-laikai\\\/\",\"url\":\"https:\\\/\\\/kidsplay.lt\\\/produktas\\\/smoby-sodo-namelis-4-metu-laikai\\\/\",\"name\":\"SMOBY sodo namelis 4 met\u0173 laikai\",\"isPartOf\":{\"@id\":\"https:\\\/\\\/kidsplay.lt\\\/#website\"},\"primaryImageOfPage\":{\"@id\":\"https:\\\/\\\/kidsplay.lt\\\/produktas\\\/smoby-sodo-namelis-4-metu-laikai\\\/#primaryimage\"},\"image\":{\"@id\":\"https:\\\/\\\/kidsplay.lt\\\/produktas\\\/smoby-sodo-namelis-4-metu-laikai\\\/#primaryimage\"},\"thumbnailUrl\":\"https:\\\/\\\/kidsplay.lt\\\/wp-content\\\/uploads\\\/2025\\\/09\\\/SMOBY-sodo-namelis-4-metu-laikai.jpg\",\"datePublished\":\"2026-02-26T07:36:42+00:00\",\"dateModified\":\"2026-04-07T07:50:47+00:00\",\"description\":\"SMOBY sodo namelis 4 met\u0173 laikai - KidsPlay. Did\u017eiausias vaik\u0173 \u017eaisl\u0173 pasirinkimas.\",\"breadcrumb\":{\"@id\":\"https:\\\/\\\/kidsplay.lt\\\/produktas\\\/smoby-sodo-namelis-4-metu-laikai\\\/#breadcrumb\"},\"inLanguage\":\"lv-LV\",\"potentialAction\":[{\"@type\":\"ReadAction\",\"target\":[\"https:\\\/\\\/kidsplay.lt\\\/produktas\\\/smoby-sodo-namelis-4-metu-laikai\\\/\"]}]},{\"@type\":\"ImageObject\",\"inLanguage\":\"lv-LV\",\"@id\":\"https:\\\/\\\/kidsplay.lt\\\/produktas\\\/smoby-sodo-namelis-4-metu-laikai\\\/#primaryimage\",\"url\":\"https:\\\/\\\/kidsplay.lt\\\/wp-content\\\/uploads\\\/2025\\\/09\\\/SMOBY-sodo-namelis-4-metu-laikai.jpg\",\"contentUrl\":\"https:\\\/\\\/kidsplay.lt\\\/wp-content\\\/uploads\\\/2025\\\/09\\\/SMOBY-sodo-namelis-4-metu-laikai.jpg\",\"width\":1000,\"height\":1000,\"caption\":\"SMOBY sodo namelis 4 met\u0173 laikai\"},{\"@type\":\"BreadcrumbList\",\"@id\":\"https:\\\/\\\/kidsplay.lt\\\/produktas\\\/smoby-sodo-namelis-4-metu-laikai\\\/#breadcrumb\",\"itemListElement\":[{\"@type\":\"ListItem\",\"position\":1,\"name\":\"Pagrindinis\",\"item\":\"https:\\\/\\\/kidsplay.lt\\\/\"},{\"@type\":\"ListItem\",\"position\":2,\"name\":\"Parduotuv\u0117\",\"item\":\"https:\\\/\\\/kidsplay.lt\\\/parduotuve\\\/\"},{\"@type\":\"ListItem\",\"position\":3,\"name\":\"SMOBY sodo namelis 4 met\u0173 laikai\"}]},{\"@type\":\"WebSite\",\"@id\":\"https:\\\/\\\/kidsplay.lt\\\/#website\",\"url\":\"https:\\\/\\\/kidsplay.lt\\\/\",\"name\":\"Kidsplay.lt\",\"description\":\"\u012evairios prek\u0117s vaikams\",\"publisher\":{\"@id\":\"https:\\\/\\\/kidsplay.lt\\\/#organization\"},\"alternateName\":\"Kidsplay\",\"potentialAction\":[{\"@type\":\"SearchAction\",\"target\":{\"@type\":\"EntryPoint\",\"urlTemplate\":\"https:\\\/\\\/kidsplay.lt\\\/?s={search_term_string}\"},\"query-input\":{\"@type\":\"PropertyValueSpecification\",\"valueRequired\":true,\"valueName\":\"search_term_string\"}}],\"inLanguage\":\"lv-LV\"},{\"@type\":\"Organization\",\"@id\":\"https:\\\/\\\/kidsplay.lt\\\/#organization\",\"name\":\"KidsPlay\",\"url\":\"https:\\\/\\\/kidsplay.lt\\\/\",\"logo\":{\"@type\":\"ImageObject\",\"inLanguage\":\"lv-LV\",\"@id\":\"https:\\\/\\\/kidsplay.lt\\\/#\\\/schema\\\/logo\\\/image\\\/\",\"url\":\"https:\\\/\\\/kidsplay.lt\\\/wp-content\\\/uploads\\\/2023\\\/07\\\/kidsplay-logo.png\",\"contentUrl\":\"https:\\\/\\\/kidsplay.lt\\\/wp-content\\\/uploads\\\/2023\\\/07\\\/kidsplay-logo.png\",\"width\":451,\"height\":98,\"caption\":\"KidsPlay\"},\"image\":{\"@id\":\"https:\\\/\\\/kidsplay.lt\\\/#\\\/schema\\\/logo\\\/image\\\/\"},\"sameAs\":[\"https:\\\/\\\/www.facebook.com\\\/www.kidsplay.lt\"]}]}<\/script>\n<!-- \/ Yoast SEO plugin. -->","yoast_head_json":{"title":"SMOBY d\u0101rza m\u0101ji\u0146a 4 gadalaiki","description":"SMOBY sodo namelis 4 met\u0173 laikai - KidsPlay. Did\u017eiausias vaik\u0173 \u017eaisl\u0173 pasirinkimas.","robots":{"index":"index","follow":"follow","max-snippet":"max-snippet:-1","max-image-preview":"max-image-preview:large","max-video-preview":"max-video-preview:-1"},"canonical":"https:\/\/kidsplay.lt\/lv\/product\/smoby-sodo-namelis-4-metu-laikai\/","og_locale":"lv_LV","og_type":"article","og_title":"SMOBY sodo namelis 4 met\u0173 laikai","og_description":"SMOBY sodo namelis 4 met\u0173 laikai - KidsPlay. Did\u017eiausias vaik\u0173 \u017eaisl\u0173 pasirinkimas.","og_url":"https:\/\/kidsplay.lt\/lv\/product\/smoby-sodo-namelis-4-metu-laikai\/","og_site_name":"KidsPlay","article_publisher":"https:\/\/www.facebook.com\/www.kidsplay.lt","article_modified_time":"2026-04-07T07:50:47+00:00","og_image":[{"width":1000,"height":1000,"url":"https:\/\/kidsplay.lt\/wp-content\/uploads\/2025\/09\/SMOBY-sodo-namelis-4-metu-laikai.jpg","type":"image\/jpeg"}],"twitter_card":"summary_large_image","twitter_misc":{"Est. reading time":"1 min\u016bte"},"schema":{"@context":"https:\/\/schema.org","@graph":[{"@type":"WebPage","@id":"https:\/\/kidsplay.lt\/produktas\/smoby-sodo-namelis-4-metu-laikai\/","url":"https:\/\/kidsplay.lt\/produktas\/smoby-sodo-namelis-4-metu-laikai\/","name":"SMOBY d\u0101rza m\u0101ji\u0146a 4 gadalaiki","isPartOf":{"@id":"https:\/\/kidsplay.lt\/#website"},"primaryImageOfPage":{"@id":"https:\/\/kidsplay.lt\/produktas\/smoby-sodo-namelis-4-metu-laikai\/#primaryimage"},"image":{"@id":"https:\/\/kidsplay.lt\/produktas\/smoby-sodo-namelis-4-metu-laikai\/#primaryimage"},"thumbnailUrl":"https:\/\/kidsplay.lt\/wp-content\/uploads\/2025\/09\/SMOBY-sodo-namelis-4-metu-laikai.jpg","datePublished":"2026-02-26T07:36:42+00:00","dateModified":"2026-04-07T07:50:47+00:00","description":"SMOBY sodo namelis 4 met\u0173 laikai - KidsPlay. Did\u017eiausias vaik\u0173 \u017eaisl\u0173 pasirinkimas.","breadcrumb":{"@id":"https:\/\/kidsplay.lt\/produktas\/smoby-sodo-namelis-4-metu-laikai\/#breadcrumb"},"inLanguage":"lv-LV","potentialAction":[{"@type":"ReadAction","target":["https:\/\/kidsplay.lt\/produktas\/smoby-sodo-namelis-4-metu-laikai\/"]}]},{"@type":"ImageObject","inLanguage":"lv-LV","@id":"https:\/\/kidsplay.lt\/produktas\/smoby-sodo-namelis-4-metu-laikai\/#primaryimage","url":"https:\/\/kidsplay.lt\/wp-content\/uploads\/2025\/09\/SMOBY-sodo-namelis-4-metu-laikai.jpg","contentUrl":"https:\/\/kidsplay.lt\/wp-content\/uploads\/2025\/09\/SMOBY-sodo-namelis-4-metu-laikai.jpg","width":1000,"height":1000,"caption":"SMOBY sodo namelis 4 met\u0173 laikai"},{"@type":"BreadcrumbList","@id":"https:\/\/kidsplay.lt\/produktas\/smoby-sodo-namelis-4-metu-laikai\/#breadcrumb","itemListElement":[{"@type":"ListItem","position":1,"name":"Pagrindinis","item":"https:\/\/kidsplay.lt\/"},{"@type":"ListItem","position":2,"name":"Parduotuv\u0117","item":"https:\/\/kidsplay.lt\/parduotuve\/"},{"@type":"ListItem","position":3,"name":"SMOBY sodo namelis 4 met\u0173 laikai"}]},{"@type":"WebSite","@id":"https:\/\/kidsplay.lt\/#website","url":"https:\/\/kidsplay.lt\/","name":"B\u0113rnu sp\u0113les.lv","description":"\u012evairios prek\u0117s vaikams","publisher":{"@id":"https:\/\/kidsplay.lt\/#organization"},"alternateName":"Kidsplay","potentialAction":[{"@type":"SearchAction","target":{"@type":"EntryPoint","urlTemplate":"https:\/\/kidsplay.lt\/?s={search_term_string}"},"query-input":{"@type":"PropertyValueSpecification","valueRequired":true,"valueName":"search_term_string"}}],"inLanguage":"lv-LV"},{"@type":"Organization","@id":"https:\/\/kidsplay.lt\/#organization","name":"B\u0113rnu sp\u0113le","url":"https:\/\/kidsplay.lt\/","logo":{"@type":"ImageObject","inLanguage":"lv-LV","@id":"https:\/\/kidsplay.lt\/#\/schema\/logo\/image\/","url":"https:\/\/kidsplay.lt\/wp-content\/uploads\/2023\/07\/kidsplay-logo.png","contentUrl":"https:\/\/kidsplay.lt\/wp-content\/uploads\/2023\/07\/kidsplay-logo.png","width":451,"height":98,"caption":"KidsPlay"},"image":{"@id":"https:\/\/kidsplay.lt\/#\/schema\/logo\/image\/"},"sameAs":["https:\/\/www.facebook.com\/www.kidsplay.lt"]}]}},"_links":{"self":[{"href":"https:\/\/kidsplay.lt\/lv\/wp-json\/wp\/v2\/product\/90057","targetHints":{"allow":["GET"]}}],"collection":[{"href":"https:\/\/kidsplay.lt\/lv\/wp-json\/wp\/v2\/product"}],"about":[{"href":"https:\/\/kidsplay.lt\/lv\/wp-json\/wp\/v2\/types\/product"}],"version-history":[{"count":1,"href":"https:\/\/kidsplay.lt\/lv\/wp-json\/wp\/v2\/product\/90057\/revisions"}],"predecessor-version":[{"id":90058,"href":"https:\/\/kidsplay.lt\/lv\/wp-json\/wp\/v2\/product\/90057\/revisions\/90058"}],"wp:featuredmedia":[{"embeddable":true,"href":"https:\/\/kidsplay.lt\/lv\/wp-json\/wp\/v2\/media\/61933"}],"wp:attachment":[{"href":"https:\/\/kidsplay.lt\/lv\/wp-json\/wp\/v2\/media?parent=90057"}],"wp:term":[{"taxonomy":"product_brand","embeddable":true,"href":"https:\/\/kidsplay.lt\/lv\/wp-json\/wp\/v2\/product_brand?post=90057"},{"taxonomy":"product_cat","embeddable":true,"href":"https:\/\/kidsplay.lt\/lv\/wp-json\/wp\/v2\/product_cat?post=90057"},{"taxonomy":"product_tag","embeddable":true,"href":"https:\/\/kidsplay.lt\/lv\/wp-json\/wp\/v2\/product_tag?post=90057"}],"curies":[{"name":"wp","href":"https:\/\/api.w.org\/{rel}","templated":true}]}}