{"id":90059,"date":"2026-02-26T09:36:45","date_gmt":"2026-02-26T07:36:45","guid":{"rendered":"https:\/\/kidsplay.lt\/produktas\/rolly-toys-rollytrailer-claas-halfpipe-savivartis-priekaba\/"},"modified":"2026-04-13T15:12:54","modified_gmt":"2026-04-13T12:12:54","slug":"rolly-toys-rollytrailer-claas-halfpipe-savivartis-priekaba","status":"publish","type":"product","link":"https:\/\/kidsplay.lt\/lv\/products\/rolly-toys-rollytrailer-claas-halfpipe-savivartis-priekaba\/","title":{"rendered":"Rolly Toys rollyTrailer CLAAS Halfpipe savivartis priekaba"},"content":{"rendered":"<p>\u201eRolly Toys Claas Halfpipe\u201c savivart\u0117 priekaba yra stabili d\u0117l dvigub\u0173 rat\u0173 a\u0161i\u0173. Ji tinka bet kuriai \u201eRolly Toys\u201c transporto priemonei.<\/p>\n<p>\u0160i priekaba suderinama su visais ROLLY TOYS traktoriais. Tai puikus priedas prie bet kurios transporto priemon\u0117s.<\/p>\n<p>\u017daislas turi dvigub\u0105 a\u0161\u012f stabilumui u\u017etikrinti ir priekabos k\u0117limo mechanizm\u0105 lengvam i\u0161vertimui.<\/p>\n<p>\u201eRolly Toys\u201c yra vokie\u010di\u0173 \u012fmon\u0117, kuri\u0105 1938 m. \u012fk\u016br\u0117 Franzas ir Rosas Schneideriai. \u0160iandien, po daugiau nei 75 met\u0173, \u0161eimos versl\u0105 vis dar valdo antroji ir tre\u010dioji kartos su ne ma\u017eiau atsidavimu. Nuo pat \u012fk\u016brimo \u201eRolly Toys\u201c tikslas buvo teikti d\u017eiaugsm\u0105 vaikams ir t\u0117vams visame pasaulyje, si\u016blant auk\u0161\u010diausios kokyb\u0117s vaik\u0173 \u017eaislus.<\/p>","protected":false},"excerpt":{"rendered":"<p>\u201eRolly Toys Claas Halfpipe\u201c savivart\u0117 priekaba yra stabili d\u0117l dvigub\u0173 rat\u0173 a\u0161i\u0173. Ji tinka bet kuriai \u201eRolly Toys\u201c transporto priemonei.<\/p>","protected":false},"featured_media":76651,"template":"","meta":{"_acf_changed":false,"_glsr_average":0,"_glsr_ranking":0,"_glsr_reviews":0},"product_brand":[],"product_cat":[237,433],"product_tag":[],"class_list":{"0":"post-90059","1":"product","2":"type-product","3":"status-publish","4":"has-post-thumbnail","6":"product_cat-judejimo-priemones","7":"product_cat-priedai-judejimo-priemones","8":"\"style=\"background-color: #2ecc711c;\"","10":"first","11":"instock","12":"purchasable","13":"product-type-simple"},"acf":[],"yoast_head":"<!-- This site is optimized with the Yoast SEO plugin v27.4 - https:\/\/yoast.com\/product\/yoast-seo-wordpress\/ -->\n<title>Rolly Toys rollyTrailer CLAAS Halfpipe savivartis priekaba<\/title>\n<meta name=\"description\" content=\"Rolly Toys rollyTrailer CLAAS Halfpipe savivartis priekaba - KidsPlay. Did\u017eiausias vaik\u0173 \u017eaisl\u0173 pasirinkimas.\" \/>\n<meta name=\"robots\" content=\"index, follow, max-snippet:-1, max-image-preview:large, max-video-preview:-1\" \/>\n<link rel=\"canonical\" href=\"https:\/\/kidsplay.lt\/lv\/products\/rolly-toys-rollytrailer-claas-halfpipe-savivartis-priekaba\/\" \/>\n<meta property=\"og:locale\" content=\"lv_LV\" \/>\n<meta property=\"og:type\" content=\"article\" \/>\n<meta property=\"og:title\" content=\"Rolly Toys rollyTrailer CLAAS Halfpipe savivartis priekaba\" \/>\n<meta property=\"og:description\" content=\"Rolly Toys rollyTrailer CLAAS Halfpipe savivartis priekaba - KidsPlay. Did\u017eiausias vaik\u0173 \u017eaisl\u0173 pasirinkimas.\" \/>\n<meta property=\"og:url\" content=\"https:\/\/kidsplay.lt\/lv\/products\/rolly-toys-rollytrailer-claas-halfpipe-savivartis-priekaba\/\" \/>\n<meta property=\"og:site_name\" content=\"KidsPlay\" \/>\n<meta property=\"article:publisher\" content=\"https:\/\/www.facebook.com\/www.kidsplay.lt\" \/>\n<meta property=\"article:modified_time\" content=\"2026-04-13T12:12:54+00:00\" \/>\n<meta property=\"og:image\" content=\"https:\/\/kidsplay.lt\/wp-content\/uploads\/2025\/10\/Rolly-Toys-rollyTrailer-CLAAS-Halfpipe-savivartis-priekaba.jpg\" \/>\n\t<meta property=\"og:image:width\" content=\"1000\" \/>\n\t<meta property=\"og:image:height\" content=\"1000\" \/>\n\t<meta property=\"og:image:type\" content=\"image\/jpeg\" \/>\n<meta name=\"twitter:card\" content=\"summary_large_image\" \/>\n<meta name=\"twitter:label1\" content=\"Est. reading time\" \/>\n\t<meta name=\"twitter:data1\" content=\"1 min\u016bte\" \/>\n<script type=\"application\/ld+json\" class=\"yoast-schema-graph\">{\"@context\":\"https:\\\/\\\/schema.org\",\"@graph\":[{\"@type\":\"WebPage\",\"@id\":\"https:\\\/\\\/kidsplay.lt\\\/produktas\\\/rolly-toys-rollytrailer-claas-halfpipe-savivartis-priekaba\\\/\",\"url\":\"https:\\\/\\\/kidsplay.lt\\\/produktas\\\/rolly-toys-rollytrailer-claas-halfpipe-savivartis-priekaba\\\/\",\"name\":\"Rolly Toys rollyTrailer CLAAS Halfpipe savivartis priekaba\",\"isPartOf\":{\"@id\":\"https:\\\/\\\/kidsplay.lt\\\/#website\"},\"primaryImageOfPage\":{\"@id\":\"https:\\\/\\\/kidsplay.lt\\\/produktas\\\/rolly-toys-rollytrailer-claas-halfpipe-savivartis-priekaba\\\/#primaryimage\"},\"image\":{\"@id\":\"https:\\\/\\\/kidsplay.lt\\\/produktas\\\/rolly-toys-rollytrailer-claas-halfpipe-savivartis-priekaba\\\/#primaryimage\"},\"thumbnailUrl\":\"https:\\\/\\\/kidsplay.lt\\\/wp-content\\\/uploads\\\/2025\\\/10\\\/Rolly-Toys-rollyTrailer-CLAAS-Halfpipe-savivartis-priekaba.jpg\",\"datePublished\":\"2026-02-26T07:36:45+00:00\",\"dateModified\":\"2026-04-13T12:12:54+00:00\",\"description\":\"Rolly Toys rollyTrailer CLAAS Halfpipe savivartis priekaba - KidsPlay. Did\u017eiausias vaik\u0173 \u017eaisl\u0173 pasirinkimas.\",\"breadcrumb\":{\"@id\":\"https:\\\/\\\/kidsplay.lt\\\/produktas\\\/rolly-toys-rollytrailer-claas-halfpipe-savivartis-priekaba\\\/#breadcrumb\"},\"inLanguage\":\"lv-LV\",\"potentialAction\":[{\"@type\":\"ReadAction\",\"target\":[\"https:\\\/\\\/kidsplay.lt\\\/produktas\\\/rolly-toys-rollytrailer-claas-halfpipe-savivartis-priekaba\\\/\"]}]},{\"@type\":\"ImageObject\",\"inLanguage\":\"lv-LV\",\"@id\":\"https:\\\/\\\/kidsplay.lt\\\/produktas\\\/rolly-toys-rollytrailer-claas-halfpipe-savivartis-priekaba\\\/#primaryimage\",\"url\":\"https:\\\/\\\/kidsplay.lt\\\/wp-content\\\/uploads\\\/2025\\\/10\\\/Rolly-Toys-rollyTrailer-CLAAS-Halfpipe-savivartis-priekaba.jpg\",\"contentUrl\":\"https:\\\/\\\/kidsplay.lt\\\/wp-content\\\/uploads\\\/2025\\\/10\\\/Rolly-Toys-rollyTrailer-CLAAS-Halfpipe-savivartis-priekaba.jpg\",\"width\":1000,\"height\":1000,\"caption\":\"Rolly Toys rollyTrailer CLAAS Halfpipe savivartis priekaba\"},{\"@type\":\"BreadcrumbList\",\"@id\":\"https:\\\/\\\/kidsplay.lt\\\/produktas\\\/rolly-toys-rollytrailer-claas-halfpipe-savivartis-priekaba\\\/#breadcrumb\",\"itemListElement\":[{\"@type\":\"ListItem\",\"position\":1,\"name\":\"Pagrindinis\",\"item\":\"https:\\\/\\\/kidsplay.lt\\\/\"},{\"@type\":\"ListItem\",\"position\":2,\"name\":\"Parduotuv\u0117\",\"item\":\"https:\\\/\\\/kidsplay.lt\\\/parduotuve\\\/\"},{\"@type\":\"ListItem\",\"position\":3,\"name\":\"Rolly Toys rollyTrailer CLAAS Halfpipe savivartis priekaba\"}]},{\"@type\":\"WebSite\",\"@id\":\"https:\\\/\\\/kidsplay.lt\\\/#website\",\"url\":\"https:\\\/\\\/kidsplay.lt\\\/\",\"name\":\"Kidsplay.lt\",\"description\":\"\u012evairios prek\u0117s vaikams\",\"publisher\":{\"@id\":\"https:\\\/\\\/kidsplay.lt\\\/#organization\"},\"alternateName\":\"Kidsplay\",\"potentialAction\":[{\"@type\":\"SearchAction\",\"target\":{\"@type\":\"EntryPoint\",\"urlTemplate\":\"https:\\\/\\\/kidsplay.lt\\\/?s={search_term_string}\"},\"query-input\":{\"@type\":\"PropertyValueSpecification\",\"valueRequired\":true,\"valueName\":\"search_term_string\"}}],\"inLanguage\":\"lv-LV\"},{\"@type\":\"Organization\",\"@id\":\"https:\\\/\\\/kidsplay.lt\\\/#organization\",\"name\":\"KidsPlay\",\"url\":\"https:\\\/\\\/kidsplay.lt\\\/\",\"logo\":{\"@type\":\"ImageObject\",\"inLanguage\":\"lv-LV\",\"@id\":\"https:\\\/\\\/kidsplay.lt\\\/#\\\/schema\\\/logo\\\/image\\\/\",\"url\":\"https:\\\/\\\/kidsplay.lt\\\/wp-content\\\/uploads\\\/2023\\\/07\\\/kidsplay-logo.png\",\"contentUrl\":\"https:\\\/\\\/kidsplay.lt\\\/wp-content\\\/uploads\\\/2023\\\/07\\\/kidsplay-logo.png\",\"width\":451,\"height\":98,\"caption\":\"KidsPlay\"},\"image\":{\"@id\":\"https:\\\/\\\/kidsplay.lt\\\/#\\\/schema\\\/logo\\\/image\\\/\"},\"sameAs\":[\"https:\\\/\\\/www.facebook.com\\\/www.kidsplay.lt\"]}]}<\/script>\n<!-- \/ Yoast SEO plugin. -->","yoast_head_json":{"title":"Rolly Toys rollyTrailer CLAAS Halfpipe savivartis priekaba","description":"Rolly Toys rollyTrailer CLAAS Halfpipe savivartis priekaba - KidsPlay. Did\u017eiausias vaik\u0173 \u017eaisl\u0173 pasirinkimas.","robots":{"index":"index","follow":"follow","max-snippet":"max-snippet:-1","max-image-preview":"max-image-preview:large","max-video-preview":"max-video-preview:-1"},"canonical":"https:\/\/kidsplay.lt\/lv\/products\/rolly-toys-rollytrailer-claas-halfpipe-savivartis-priekaba\/","og_locale":"lv_LV","og_type":"article","og_title":"Rolly Toys rollyTrailer CLAAS Halfpipe savivartis priekaba","og_description":"Rolly Toys rollyTrailer CLAAS Halfpipe savivartis priekaba - KidsPlay. Did\u017eiausias vaik\u0173 \u017eaisl\u0173 pasirinkimas.","og_url":"https:\/\/kidsplay.lt\/lv\/products\/rolly-toys-rollytrailer-claas-halfpipe-savivartis-priekaba\/","og_site_name":"KidsPlay","article_publisher":"https:\/\/www.facebook.com\/www.kidsplay.lt","article_modified_time":"2026-04-13T12:12:54+00:00","og_image":[{"width":1000,"height":1000,"url":"https:\/\/kidsplay.lt\/wp-content\/uploads\/2025\/10\/Rolly-Toys-rollyTrailer-CLAAS-Halfpipe-savivartis-priekaba.jpg","type":"image\/jpeg"}],"twitter_card":"summary_large_image","twitter_misc":{"Est. reading time":"1 min\u016bte"},"schema":{"@context":"https:\/\/schema.org","@graph":[{"@type":"WebPage","@id":"https:\/\/kidsplay.lt\/produktas\/rolly-toys-rollytrailer-claas-halfpipe-savivartis-priekaba\/","url":"https:\/\/kidsplay.lt\/produktas\/rolly-toys-rollytrailer-claas-halfpipe-savivartis-priekaba\/","name":"Rolly Toys rollyTrailer CLAAS Halfpipe savivartis priekaba","isPartOf":{"@id":"https:\/\/kidsplay.lt\/#website"},"primaryImageOfPage":{"@id":"https:\/\/kidsplay.lt\/produktas\/rolly-toys-rollytrailer-claas-halfpipe-savivartis-priekaba\/#primaryimage"},"image":{"@id":"https:\/\/kidsplay.lt\/produktas\/rolly-toys-rollytrailer-claas-halfpipe-savivartis-priekaba\/#primaryimage"},"thumbnailUrl":"https:\/\/kidsplay.lt\/wp-content\/uploads\/2025\/10\/Rolly-Toys-rollyTrailer-CLAAS-Halfpipe-savivartis-priekaba.jpg","datePublished":"2026-02-26T07:36:45+00:00","dateModified":"2026-04-13T12:12:54+00:00","description":"Rolly Toys rollyTrailer CLAAS Halfpipe savivartis priekaba - KidsPlay. Did\u017eiausias vaik\u0173 \u017eaisl\u0173 pasirinkimas.","breadcrumb":{"@id":"https:\/\/kidsplay.lt\/produktas\/rolly-toys-rollytrailer-claas-halfpipe-savivartis-priekaba\/#breadcrumb"},"inLanguage":"lv-LV","potentialAction":[{"@type":"ReadAction","target":["https:\/\/kidsplay.lt\/produktas\/rolly-toys-rollytrailer-claas-halfpipe-savivartis-priekaba\/"]}]},{"@type":"ImageObject","inLanguage":"lv-LV","@id":"https:\/\/kidsplay.lt\/produktas\/rolly-toys-rollytrailer-claas-halfpipe-savivartis-priekaba\/#primaryimage","url":"https:\/\/kidsplay.lt\/wp-content\/uploads\/2025\/10\/Rolly-Toys-rollyTrailer-CLAAS-Halfpipe-savivartis-priekaba.jpg","contentUrl":"https:\/\/kidsplay.lt\/wp-content\/uploads\/2025\/10\/Rolly-Toys-rollyTrailer-CLAAS-Halfpipe-savivartis-priekaba.jpg","width":1000,"height":1000,"caption":"Rolly Toys rollyTrailer CLAAS Halfpipe savivartis priekaba"},{"@type":"BreadcrumbList","@id":"https:\/\/kidsplay.lt\/produktas\/rolly-toys-rollytrailer-claas-halfpipe-savivartis-priekaba\/#breadcrumb","itemListElement":[{"@type":"ListItem","position":1,"name":"Pagrindinis","item":"https:\/\/kidsplay.lt\/"},{"@type":"ListItem","position":2,"name":"Parduotuv\u0117","item":"https:\/\/kidsplay.lt\/parduotuve\/"},{"@type":"ListItem","position":3,"name":"Rolly Toys rollyTrailer CLAAS Halfpipe savivartis priekaba"}]},{"@type":"WebSite","@id":"https:\/\/kidsplay.lt\/#website","url":"https:\/\/kidsplay.lt\/","name":"B\u0113rnu sp\u0113les.lv","description":"\u012evairios prek\u0117s vaikams","publisher":{"@id":"https:\/\/kidsplay.lt\/#organization"},"alternateName":"Kidsplay","potentialAction":[{"@type":"SearchAction","target":{"@type":"EntryPoint","urlTemplate":"https:\/\/kidsplay.lt\/?s={search_term_string}"},"query-input":{"@type":"PropertyValueSpecification","valueRequired":true,"valueName":"search_term_string"}}],"inLanguage":"lv-LV"},{"@type":"Organization","@id":"https:\/\/kidsplay.lt\/#organization","name":"B\u0113rnu sp\u0113le","url":"https:\/\/kidsplay.lt\/","logo":{"@type":"ImageObject","inLanguage":"lv-LV","@id":"https:\/\/kidsplay.lt\/#\/schema\/logo\/image\/","url":"https:\/\/kidsplay.lt\/wp-content\/uploads\/2023\/07\/kidsplay-logo.png","contentUrl":"https:\/\/kidsplay.lt\/wp-content\/uploads\/2023\/07\/kidsplay-logo.png","width":451,"height":98,"caption":"KidsPlay"},"image":{"@id":"https:\/\/kidsplay.lt\/#\/schema\/logo\/image\/"},"sameAs":["https:\/\/www.facebook.com\/www.kidsplay.lt"]}]}},"_links":{"self":[{"href":"https:\/\/kidsplay.lt\/lv\/wp-json\/wp\/v2\/product\/90059","targetHints":{"allow":["GET"]}}],"collection":[{"href":"https:\/\/kidsplay.lt\/lv\/wp-json\/wp\/v2\/product"}],"about":[{"href":"https:\/\/kidsplay.lt\/lv\/wp-json\/wp\/v2\/types\/product"}],"version-history":[{"count":1,"href":"https:\/\/kidsplay.lt\/lv\/wp-json\/wp\/v2\/product\/90059\/revisions"}],"predecessor-version":[{"id":90060,"href":"https:\/\/kidsplay.lt\/lv\/wp-json\/wp\/v2\/product\/90059\/revisions\/90060"}],"wp:featuredmedia":[{"embeddable":true,"href":"https:\/\/kidsplay.lt\/lv\/wp-json\/wp\/v2\/media\/76651"}],"wp:attachment":[{"href":"https:\/\/kidsplay.lt\/lv\/wp-json\/wp\/v2\/media?parent=90059"}],"wp:term":[{"taxonomy":"product_brand","embeddable":true,"href":"https:\/\/kidsplay.lt\/lv\/wp-json\/wp\/v2\/product_brand?post=90059"},{"taxonomy":"product_cat","embeddable":true,"href":"https:\/\/kidsplay.lt\/lv\/wp-json\/wp\/v2\/product_cat?post=90059"},{"taxonomy":"product_tag","embeddable":true,"href":"https:\/\/kidsplay.lt\/lv\/wp-json\/wp\/v2\/product_tag?post=90059"}],"curies":[{"name":"wp","href":"https:\/\/api.w.org\/{rel}","templated":true}]}}