{"id":90063,"date":"2026-02-26T09:36:51","date_gmt":"2026-02-26T07:36:51","guid":{"rendered":"https:\/\/kidsplay.lt\/produktas\/falk-lenktyniu-komandos-motociklas-raudoni-platus-ratai-nuo-1-metu-amziaus\/"},"modified":"2026-04-07T10:50:54","modified_gmt":"2026-04-07T07:50:54","slug":"falk-lenktyniu-komandos-motociklas-raudoni-platus-ratai-nuo-1-metu-amziaus","status":"publish","type":"product","link":"https:\/\/kidsplay.lt\/lv\/products\/falk-lenktyniu-komandos-motociklas-raudoni-platus-ratai-nuo-1-metu-amziaus\/","title":{"rendered":"FALK sac\u012bk\u0161u komandas motocikls, sarkans, plati rite\u0146i, no 1 gada vecuma"},"content":{"rendered":"<p>Pranc\u016bz\u0173 \u017eaisl\u0173 gamintojo\u00a0\u201eFalk\u201c\u00a0va\u017eiuojantis variklis\u00a0yra ideali dovana vaikams nuo\u00a012 m\u0117nesi\u0173 am\u017eiaus\u00a0. Gra\u017ei grafika ir labai\u00a0tikrovi\u0161ka i\u0161vaizda\u00a0suteiks daug d\u017eiaugsmo\u00a0ma\u017eiesiems\u00a0. Vairuotojas\u00a0turi didelius ratus\u00a0, kurie puikiai va\u017eiuoja \u012fvairiais pavir\u0161iais\u00a0.\u00a0Priekinis ratas sukasi,\u00a0kad b\u016bt\u0173 lengviau vairuoti ir sukti.<\/p>\n<p>Charakteristikos\u00a0:.<\/p>\n<p> \t&#8211; Skirta vaikams\u00a0nuo 1 met\u0173 am\u017eiaus\u00a0,<br \/>\n \t&#8211;\u00a0Maksimali dvira\u010dio apkrova yra 30 kg,<br \/>\n \t&#8211; Pagaminta i\u0161\u00a0auk\u0161tos kokyb\u0117s med\u017eiagos\u00a0, atspari oro s\u0105lygoms,<br \/>\n \t&#8211;\u00a0Ergonomi\u0161kas dizainas\u00a0u\u017etikrina patog\u0173 vairavim\u0105,<br \/>\n \t&#8211;\u00a0D\u0117l pla\u010di\u0173 rat\u0173 transporto priemon\u0117 yra stabili\u00a0,<\/p>","protected":false},"excerpt":{"rendered":"<p>Pranc\u016bz\u0173 \u017eaisl\u0173 gamintojo\u00a0\u201eFalk\u201c\u00a0va\u017eiuojantis variklis\u00a0yra ideali dovana vaikams nuo\u00a012 m\u0117nesi\u0173 am\u017eiaus\u00a0. Gra\u017ei grafika ir labai\u00a0tikrovi\u0161ka i\u0161vaizda\u00a0suteiks daug d\u017eiaugsmo\u00a0ma\u017eiesiems\u00a0. Vairuotojas\u00a0turi didelius ratus\u00a0,<\/p>","protected":false},"featured_media":61947,"template":"","meta":{"_acf_changed":false,"_glsr_average":0,"_glsr_ranking":0,"_glsr_reviews":0},"product_brand":[],"product_cat":[240,237],"product_tag":[],"class_list":{"0":"post-90063","1":"product","2":"type-product","3":"status-publish","4":"has-post-thumbnail","6":"product_cat-balansiniai-dviratukai","7":"product_cat-judejimo-priemones","8":"\"style=\"background-color: #2ecc711c;\"","10":"first","11":"instock","12":"purchasable","13":"product-type-simple"},"acf":[],"yoast_head":"<!-- This site is optimized with the Yoast SEO plugin v27.3 - https:\/\/yoast.com\/product\/yoast-seo-wordpress\/ -->\n<title>FALK lenktyni\u0173 komandos motociklas, raudoni, plat\u016bs ratai, nuo 1 met\u0173 am\u017eiaus<\/title>\n<meta name=\"description\" content=\"FALK lenktyni\u0173 komandos motociklas, raudoni, plat\u016bs ratai, nuo 1 met\u0173 am\u017eiaus - KidsPlay. Did\u017eiausias vaik\u0173 \u017eaisl\u0173 pasirinkimas.\" \/>\n<meta name=\"robots\" content=\"index, follow, max-snippet:-1, max-image-preview:large, max-video-preview:-1\" \/>\n<link rel=\"canonical\" href=\"https:\/\/kidsplay.lt\/lv\/products\/falk-lenktyniu-komandos-motociklas-raudoni-platus-ratai-nuo-1-metu-amziaus\/\" \/>\n<meta property=\"og:locale\" content=\"lv_LV\" \/>\n<meta property=\"og:type\" content=\"article\" \/>\n<meta property=\"og:title\" content=\"FALK lenktyni\u0173 komandos motociklas, raudoni, plat\u016bs ratai, nuo 1 met\u0173 am\u017eiaus\" \/>\n<meta property=\"og:description\" content=\"FALK lenktyni\u0173 komandos motociklas, raudoni, plat\u016bs ratai, nuo 1 met\u0173 am\u017eiaus - KidsPlay. Did\u017eiausias vaik\u0173 \u017eaisl\u0173 pasirinkimas.\" \/>\n<meta property=\"og:url\" content=\"https:\/\/kidsplay.lt\/lv\/products\/falk-lenktyniu-komandos-motociklas-raudoni-platus-ratai-nuo-1-metu-amziaus\/\" \/>\n<meta property=\"og:site_name\" content=\"KidsPlay\" \/>\n<meta property=\"article:publisher\" content=\"https:\/\/www.facebook.com\/www.kidsplay.lt\" \/>\n<meta property=\"article:modified_time\" content=\"2026-04-07T07:50:54+00:00\" \/>\n<meta property=\"og:image\" content=\"https:\/\/kidsplay.lt\/wp-content\/uploads\/2025\/09\/FALK-lenktyniu-komandos-motociklas-raudoni-platus-ratai-nuo-1-metu-amziaus.jpg\" \/>\n\t<meta property=\"og:image:width\" content=\"1000\" \/>\n\t<meta property=\"og:image:height\" content=\"1000\" \/>\n\t<meta property=\"og:image:type\" content=\"image\/jpeg\" \/>\n<meta name=\"twitter:card\" content=\"summary_large_image\" \/>\n<script type=\"application\/ld+json\" class=\"yoast-schema-graph\">{\"@context\":\"https:\\\/\\\/schema.org\",\"@graph\":[{\"@type\":\"WebPage\",\"@id\":\"https:\\\/\\\/kidsplay.lt\\\/produktas\\\/falk-lenktyniu-komandos-motociklas-raudoni-platus-ratai-nuo-1-metu-amziaus\\\/\",\"url\":\"https:\\\/\\\/kidsplay.lt\\\/produktas\\\/falk-lenktyniu-komandos-motociklas-raudoni-platus-ratai-nuo-1-metu-amziaus\\\/\",\"name\":\"FALK lenktyni\u0173 komandos motociklas, raudoni, plat\u016bs ratai, nuo 1 met\u0173 am\u017eiaus\",\"isPartOf\":{\"@id\":\"https:\\\/\\\/kidsplay.lt\\\/#website\"},\"primaryImageOfPage\":{\"@id\":\"https:\\\/\\\/kidsplay.lt\\\/produktas\\\/falk-lenktyniu-komandos-motociklas-raudoni-platus-ratai-nuo-1-metu-amziaus\\\/#primaryimage\"},\"image\":{\"@id\":\"https:\\\/\\\/kidsplay.lt\\\/produktas\\\/falk-lenktyniu-komandos-motociklas-raudoni-platus-ratai-nuo-1-metu-amziaus\\\/#primaryimage\"},\"thumbnailUrl\":\"https:\\\/\\\/kidsplay.lt\\\/wp-content\\\/uploads\\\/2025\\\/09\\\/FALK-lenktyniu-komandos-motociklas-raudoni-platus-ratai-nuo-1-metu-amziaus.jpg\",\"datePublished\":\"2026-02-26T07:36:51+00:00\",\"dateModified\":\"2026-04-07T07:50:54+00:00\",\"description\":\"FALK lenktyni\u0173 komandos motociklas, raudoni, plat\u016bs ratai, nuo 1 met\u0173 am\u017eiaus - KidsPlay. Did\u017eiausias vaik\u0173 \u017eaisl\u0173 pasirinkimas.\",\"breadcrumb\":{\"@id\":\"https:\\\/\\\/kidsplay.lt\\\/produktas\\\/falk-lenktyniu-komandos-motociklas-raudoni-platus-ratai-nuo-1-metu-amziaus\\\/#breadcrumb\"},\"inLanguage\":\"lv-LV\",\"potentialAction\":[{\"@type\":\"ReadAction\",\"target\":[\"https:\\\/\\\/kidsplay.lt\\\/produktas\\\/falk-lenktyniu-komandos-motociklas-raudoni-platus-ratai-nuo-1-metu-amziaus\\\/\"]}]},{\"@type\":\"ImageObject\",\"inLanguage\":\"lv-LV\",\"@id\":\"https:\\\/\\\/kidsplay.lt\\\/produktas\\\/falk-lenktyniu-komandos-motociklas-raudoni-platus-ratai-nuo-1-metu-amziaus\\\/#primaryimage\",\"url\":\"https:\\\/\\\/kidsplay.lt\\\/wp-content\\\/uploads\\\/2025\\\/09\\\/FALK-lenktyniu-komandos-motociklas-raudoni-platus-ratai-nuo-1-metu-amziaus.jpg\",\"contentUrl\":\"https:\\\/\\\/kidsplay.lt\\\/wp-content\\\/uploads\\\/2025\\\/09\\\/FALK-lenktyniu-komandos-motociklas-raudoni-platus-ratai-nuo-1-metu-amziaus.jpg\",\"width\":1000,\"height\":1000,\"caption\":\"FALK lenktyni\u0173 komandos motociklas\"},{\"@type\":\"BreadcrumbList\",\"@id\":\"https:\\\/\\\/kidsplay.lt\\\/produktas\\\/falk-lenktyniu-komandos-motociklas-raudoni-platus-ratai-nuo-1-metu-amziaus\\\/#breadcrumb\",\"itemListElement\":[{\"@type\":\"ListItem\",\"position\":1,\"name\":\"Pagrindinis\",\"item\":\"https:\\\/\\\/kidsplay.lt\\\/\"},{\"@type\":\"ListItem\",\"position\":2,\"name\":\"Parduotuv\u0117\",\"item\":\"https:\\\/\\\/kidsplay.lt\\\/parduotuve\\\/\"},{\"@type\":\"ListItem\",\"position\":3,\"name\":\"FALK lenktyni\u0173 komandos motociklas, raudoni, plat\u016bs ratai, nuo 1 met\u0173 am\u017eiaus\"}]},{\"@type\":\"WebSite\",\"@id\":\"https:\\\/\\\/kidsplay.lt\\\/#website\",\"url\":\"https:\\\/\\\/kidsplay.lt\\\/\",\"name\":\"Kidsplay.lt\",\"description\":\"\u012evairios prek\u0117s vaikams\",\"publisher\":{\"@id\":\"https:\\\/\\\/kidsplay.lt\\\/#organization\"},\"alternateName\":\"Kidsplay\",\"potentialAction\":[{\"@type\":\"SearchAction\",\"target\":{\"@type\":\"EntryPoint\",\"urlTemplate\":\"https:\\\/\\\/kidsplay.lt\\\/?s={search_term_string}\"},\"query-input\":{\"@type\":\"PropertyValueSpecification\",\"valueRequired\":true,\"valueName\":\"search_term_string\"}}],\"inLanguage\":\"lv-LV\"},{\"@type\":\"Organization\",\"@id\":\"https:\\\/\\\/kidsplay.lt\\\/#organization\",\"name\":\"KidsPlay\",\"url\":\"https:\\\/\\\/kidsplay.lt\\\/\",\"logo\":{\"@type\":\"ImageObject\",\"inLanguage\":\"lv-LV\",\"@id\":\"https:\\\/\\\/kidsplay.lt\\\/#\\\/schema\\\/logo\\\/image\\\/\",\"url\":\"https:\\\/\\\/kidsplay.lt\\\/wp-content\\\/uploads\\\/2023\\\/07\\\/kidsplay-logo.png\",\"contentUrl\":\"https:\\\/\\\/kidsplay.lt\\\/wp-content\\\/uploads\\\/2023\\\/07\\\/kidsplay-logo.png\",\"width\":451,\"height\":98,\"caption\":\"KidsPlay\"},\"image\":{\"@id\":\"https:\\\/\\\/kidsplay.lt\\\/#\\\/schema\\\/logo\\\/image\\\/\"},\"sameAs\":[\"https:\\\/\\\/www.facebook.com\\\/www.kidsplay.lt\"]}]}<\/script>\n<!-- \/ Yoast SEO plugin. -->","yoast_head_json":{"title":"FALK sac\u012bk\u0161u komandas motocikls, sarkans, plati rite\u0146i, no 1 gada vecuma","description":"FALK lenktyni\u0173 komandos motociklas, raudoni, plat\u016bs ratai, nuo 1 met\u0173 am\u017eiaus - KidsPlay. Did\u017eiausias vaik\u0173 \u017eaisl\u0173 pasirinkimas.","robots":{"index":"index","follow":"follow","max-snippet":"max-snippet:-1","max-image-preview":"max-image-preview:large","max-video-preview":"max-video-preview:-1"},"canonical":"https:\/\/kidsplay.lt\/lv\/products\/falk-lenktyniu-komandos-motociklas-raudoni-platus-ratai-nuo-1-metu-amziaus\/","og_locale":"lv_LV","og_type":"article","og_title":"FALK lenktyni\u0173 komandos motociklas, raudoni, plat\u016bs ratai, nuo 1 met\u0173 am\u017eiaus","og_description":"FALK lenktyni\u0173 komandos motociklas, raudoni, plat\u016bs ratai, nuo 1 met\u0173 am\u017eiaus - KidsPlay. Did\u017eiausias vaik\u0173 \u017eaisl\u0173 pasirinkimas.","og_url":"https:\/\/kidsplay.lt\/lv\/products\/falk-lenktyniu-komandos-motociklas-raudoni-platus-ratai-nuo-1-metu-amziaus\/","og_site_name":"KidsPlay","article_publisher":"https:\/\/www.facebook.com\/www.kidsplay.lt","article_modified_time":"2026-04-07T07:50:54+00:00","og_image":[{"width":1000,"height":1000,"url":"https:\/\/kidsplay.lt\/wp-content\/uploads\/2025\/09\/FALK-lenktyniu-komandos-motociklas-raudoni-platus-ratai-nuo-1-metu-amziaus.jpg","type":"image\/jpeg"}],"twitter_card":"summary_large_image","schema":{"@context":"https:\/\/schema.org","@graph":[{"@type":"WebPage","@id":"https:\/\/kidsplay.lt\/produktas\/falk-lenktyniu-komandos-motociklas-raudoni-platus-ratai-nuo-1-metu-amziaus\/","url":"https:\/\/kidsplay.lt\/produktas\/falk-lenktyniu-komandos-motociklas-raudoni-platus-ratai-nuo-1-metu-amziaus\/","name":"FALK sac\u012bk\u0161u komandas motocikls, sarkans, plati rite\u0146i, no 1 gada vecuma","isPartOf":{"@id":"https:\/\/kidsplay.lt\/#website"},"primaryImageOfPage":{"@id":"https:\/\/kidsplay.lt\/produktas\/falk-lenktyniu-komandos-motociklas-raudoni-platus-ratai-nuo-1-metu-amziaus\/#primaryimage"},"image":{"@id":"https:\/\/kidsplay.lt\/produktas\/falk-lenktyniu-komandos-motociklas-raudoni-platus-ratai-nuo-1-metu-amziaus\/#primaryimage"},"thumbnailUrl":"https:\/\/kidsplay.lt\/wp-content\/uploads\/2025\/09\/FALK-lenktyniu-komandos-motociklas-raudoni-platus-ratai-nuo-1-metu-amziaus.jpg","datePublished":"2026-02-26T07:36:51+00:00","dateModified":"2026-04-07T07:50:54+00:00","description":"FALK lenktyni\u0173 komandos motociklas, raudoni, plat\u016bs ratai, nuo 1 met\u0173 am\u017eiaus - KidsPlay. Did\u017eiausias vaik\u0173 \u017eaisl\u0173 pasirinkimas.","breadcrumb":{"@id":"https:\/\/kidsplay.lt\/produktas\/falk-lenktyniu-komandos-motociklas-raudoni-platus-ratai-nuo-1-metu-amziaus\/#breadcrumb"},"inLanguage":"lv-LV","potentialAction":[{"@type":"ReadAction","target":["https:\/\/kidsplay.lt\/produktas\/falk-lenktyniu-komandos-motociklas-raudoni-platus-ratai-nuo-1-metu-amziaus\/"]}]},{"@type":"ImageObject","inLanguage":"lv-LV","@id":"https:\/\/kidsplay.lt\/produktas\/falk-lenktyniu-komandos-motociklas-raudoni-platus-ratai-nuo-1-metu-amziaus\/#primaryimage","url":"https:\/\/kidsplay.lt\/wp-content\/uploads\/2025\/09\/FALK-lenktyniu-komandos-motociklas-raudoni-platus-ratai-nuo-1-metu-amziaus.jpg","contentUrl":"https:\/\/kidsplay.lt\/wp-content\/uploads\/2025\/09\/FALK-lenktyniu-komandos-motociklas-raudoni-platus-ratai-nuo-1-metu-amziaus.jpg","width":1000,"height":1000,"caption":"FALK lenktyni\u0173 komandos motociklas"},{"@type":"BreadcrumbList","@id":"https:\/\/kidsplay.lt\/produktas\/falk-lenktyniu-komandos-motociklas-raudoni-platus-ratai-nuo-1-metu-amziaus\/#breadcrumb","itemListElement":[{"@type":"ListItem","position":1,"name":"Pagrindinis","item":"https:\/\/kidsplay.lt\/"},{"@type":"ListItem","position":2,"name":"Parduotuv\u0117","item":"https:\/\/kidsplay.lt\/parduotuve\/"},{"@type":"ListItem","position":3,"name":"FALK lenktyni\u0173 komandos motociklas, raudoni, plat\u016bs ratai, nuo 1 met\u0173 am\u017eiaus"}]},{"@type":"WebSite","@id":"https:\/\/kidsplay.lt\/#website","url":"https:\/\/kidsplay.lt\/","name":"B\u0113rnu sp\u0113les.lv","description":"\u012evairios prek\u0117s vaikams","publisher":{"@id":"https:\/\/kidsplay.lt\/#organization"},"alternateName":"Kidsplay","potentialAction":[{"@type":"SearchAction","target":{"@type":"EntryPoint","urlTemplate":"https:\/\/kidsplay.lt\/?s={search_term_string}"},"query-input":{"@type":"PropertyValueSpecification","valueRequired":true,"valueName":"search_term_string"}}],"inLanguage":"lv-LV"},{"@type":"Organization","@id":"https:\/\/kidsplay.lt\/#organization","name":"B\u0113rnu sp\u0113le","url":"https:\/\/kidsplay.lt\/","logo":{"@type":"ImageObject","inLanguage":"lv-LV","@id":"https:\/\/kidsplay.lt\/#\/schema\/logo\/image\/","url":"https:\/\/kidsplay.lt\/wp-content\/uploads\/2023\/07\/kidsplay-logo.png","contentUrl":"https:\/\/kidsplay.lt\/wp-content\/uploads\/2023\/07\/kidsplay-logo.png","width":451,"height":98,"caption":"KidsPlay"},"image":{"@id":"https:\/\/kidsplay.lt\/#\/schema\/logo\/image\/"},"sameAs":["https:\/\/www.facebook.com\/www.kidsplay.lt"]}]}},"_links":{"self":[{"href":"https:\/\/kidsplay.lt\/lv\/wp-json\/wp\/v2\/product\/90063","targetHints":{"allow":["GET"]}}],"collection":[{"href":"https:\/\/kidsplay.lt\/lv\/wp-json\/wp\/v2\/product"}],"about":[{"href":"https:\/\/kidsplay.lt\/lv\/wp-json\/wp\/v2\/types\/product"}],"version-history":[{"count":1,"href":"https:\/\/kidsplay.lt\/lv\/wp-json\/wp\/v2\/product\/90063\/revisions"}],"predecessor-version":[{"id":90064,"href":"https:\/\/kidsplay.lt\/lv\/wp-json\/wp\/v2\/product\/90063\/revisions\/90064"}],"wp:featuredmedia":[{"embeddable":true,"href":"https:\/\/kidsplay.lt\/lv\/wp-json\/wp\/v2\/media\/61947"}],"wp:attachment":[{"href":"https:\/\/kidsplay.lt\/lv\/wp-json\/wp\/v2\/media?parent=90063"}],"wp:term":[{"taxonomy":"product_brand","embeddable":true,"href":"https:\/\/kidsplay.lt\/lv\/wp-json\/wp\/v2\/product_brand?post=90063"},{"taxonomy":"product_cat","embeddable":true,"href":"https:\/\/kidsplay.lt\/lv\/wp-json\/wp\/v2\/product_cat?post=90063"},{"taxonomy":"product_tag","embeddable":true,"href":"https:\/\/kidsplay.lt\/lv\/wp-json\/wp\/v2\/product_tag?post=90063"}],"curies":[{"name":"wp","href":"https:\/\/api.w.org\/{rel}","templated":true}]}}