{"id":90065,"date":"2026-02-26T09:36:54","date_gmt":"2026-02-26T07:36:54","guid":{"rendered":"https:\/\/kidsplay.lt\/produktas\/didelis-vaziuojamasis-volvo-gaisrines-automobilis-su-vandens-patranka\/"},"modified":"2026-04-07T10:50:57","modified_gmt":"2026-04-07T07:50:57","slug":"didelis-vaziuojamasis-volvo-gaisrines-automobilis-su-vandens-patranka","status":"publish","type":"product","link":"https:\/\/kidsplay.lt\/lv\/products\/didelis-vaziuojamasis-volvo-gaisrines-automobilis-su-vandens-patranka\/","title":{"rendered":"DIDELIS va\u017eiuojamasis VOLVO gaisrin\u0117s automobilis su vandens patranka"},"content":{"rendered":"<p>BIG\u00a0\u201e\u00a0VOLVO Fire Department Ride-On\u201c\u00a0\u2013 tai \u017eaislas ma\u017eiesiems\u00a0veiksmo gerb\u0117jams\u00a0, imituojantis tikr\u0105 gaisrin\u0119 ma\u0161in\u0105,\u00a0\u0161audan\u010di\u0105 \u012f vanden\u012f!\u00a0Vaikai gali\u00a0vairuoti transporto priemon\u0119\u00a0naudodami\u00a0vair\u0105 su garso signalu,\u00a0kuris lavina\u00a0koordinacij\u0105 ir motorinius \u012fg\u016bd\u017eius\u00a0. \u017daislas pasi\u017eymi \u012fvairiomis\u00a0spalvomis ir detal\u0117mis\u00a0, tokiomis kaip m\u0117lynos lemput\u0117s ir pritaikomas tekstas \u0161one su 10 lipduk\u0173, i\u0161 kuri\u0173 galima rinktis. \u0160is \u017eaislas lavina vaik\u0173 vaizduot\u0119.<\/p>\n<p>Funkcijas:<\/p>\n<p> \t&#8211; \u017eaislas vaikams\u00a0nuo 2 met\u0173 am\u017eiaus,<br \/>\n \t&#8211; turi\u00a0vair\u0105 su garso signalu,<br \/>\n \t&#8211; tiksliai\u00a0atkuria tikr\u0105 gaisrin\u0119 ma\u0161in\u0105,<br \/>\n \t&#8211; pagaminta i\u0161\u00a0patvari\u0173 ir saugi\u0173 med\u017eiag\u0173,<br \/>\n \t&#8211;\u00a0\u017eaislas turi\u00a0tylius ratukus su protektoriumi,<br \/>\n \t&#8211;\u00a0turi\u00a0vandens siurbl\u012f, kuris pumpuoja vanden\u012f iki 6 metr\u0173 auk\u0161\u010dio,<br \/>\n \t&#8211; 3 litr\u0173 vandens bakas,<br \/>\n \t&#8211; VOLVO vairuotojo pa\u017eym\u0117jimas,<br \/>\n \t&#8211; apkrova iki 50 kg,<br \/>\n \t&#8211; pagaminta Vokietijoje,<br \/>\n \t&#8211; lavina\u00a0vaiko motorinius ir k\u016brybinius \u012fg\u016bd\u017eius.<\/p>\n<p>Rota\u013clieta att\u012bst\u0101s:<\/p>\n<p> \t&#8211; smagu ir mokomasi per interaktyvius elementus,<br \/>\n \t&#8211; galimyb\u0117 laisvai jud\u0117ti,<br \/>\n \t&#8211; reg\u0117jimo poj\u016btis d\u0117l spalvingo dizaino,<br \/>\n \t&#8211; lavinti vaizduot\u0119 ir k\u016brybi\u0161kum\u0105 imituojant realias situacijas,<br \/>\n \t&#8211; savaranki\u0161kumas ir bendradarbiavimas su kitais vaikais.<\/p>","protected":false},"excerpt":{"rendered":"<p>BIG\u00a0\u201e\u00a0VOLVO Fire Department Ride-On\u201c\u00a0\u2013 tai \u017eaislas ma\u017eiesiems\u00a0veiksmo gerb\u0117jams\u00a0, imituojantis tikr\u0105 gaisrin\u0119 ma\u0161in\u0105,\u00a0\u0161audan\u010di\u0105 \u012f vanden\u012f!\u00a0Vaikai gali\u00a0vairuoti transporto priemon\u0119\u00a0naudodami\u00a0vair\u0105 su garso signalu,\u00a0kuris<\/p>","protected":false},"featured_media":61954,"template":"","meta":{"_acf_changed":false,"_glsr_average":0,"_glsr_ranking":0,"_glsr_reviews":0},"product_brand":[],"product_cat":[237,238],"product_tag":[],"class_list":{"0":"post-90065","1":"product","2":"type-product","3":"status-publish","4":"has-post-thumbnail","6":"product_cat-judejimo-priemones","7":"product_cat-stumdomos-masineles","8":"\"style=\"background-color: #2ecc711c;\"","10":"first","11":"instock","12":"purchasable","13":"product-type-simple"},"acf":[],"yoast_head":"<!-- This site is optimized with the Yoast SEO plugin v27.3 - https:\/\/yoast.com\/product\/yoast-seo-wordpress\/ -->\n<title>DIDELIS va\u017eiuojamasis VOLVO gaisrin\u0117s automobilis su vandens patranka<\/title>\n<meta name=\"description\" content=\"DIDELIS va\u017eiuojamasis VOLVO gaisrin\u0117s automobilis su vandens patranka - KidsPlay. Did\u017eiausias vaik\u0173 \u017eaisl\u0173 pasirinkimas.\" \/>\n<meta name=\"robots\" content=\"index, follow, max-snippet:-1, max-image-preview:large, max-video-preview:-1\" \/>\n<link rel=\"canonical\" href=\"https:\/\/kidsplay.lt\/lv\/products\/didelis-vaziuojamasis-volvo-gaisrines-automobilis-su-vandens-patranka\/\" \/>\n<meta property=\"og:locale\" content=\"lv_LV\" \/>\n<meta property=\"og:type\" content=\"article\" \/>\n<meta property=\"og:title\" content=\"DIDELIS va\u017eiuojamasis VOLVO gaisrin\u0117s automobilis su vandens patranka\" \/>\n<meta property=\"og:description\" content=\"DIDELIS va\u017eiuojamasis VOLVO gaisrin\u0117s automobilis su vandens patranka - KidsPlay. Did\u017eiausias vaik\u0173 \u017eaisl\u0173 pasirinkimas.\" \/>\n<meta property=\"og:url\" content=\"https:\/\/kidsplay.lt\/lv\/products\/didelis-vaziuojamasis-volvo-gaisrines-automobilis-su-vandens-patranka\/\" \/>\n<meta property=\"og:site_name\" content=\"KidsPlay\" \/>\n<meta property=\"article:publisher\" content=\"https:\/\/www.facebook.com\/www.kidsplay.lt\" \/>\n<meta property=\"article:modified_time\" content=\"2026-04-07T07:50:57+00:00\" \/>\n<meta property=\"og:image\" content=\"https:\/\/kidsplay.lt\/wp-content\/uploads\/2025\/09\/DIDELIS-vaziuojamasis-VOLVO-gaisrines-automobilis-su-vandens-patranka.jpg\" \/>\n\t<meta property=\"og:image:width\" content=\"1000\" \/>\n\t<meta property=\"og:image:height\" content=\"1000\" \/>\n\t<meta property=\"og:image:type\" content=\"image\/jpeg\" \/>\n<meta name=\"twitter:card\" content=\"summary_large_image\" \/>\n<meta name=\"twitter:label1\" content=\"Est. reading time\" \/>\n\t<meta name=\"twitter:data1\" content=\"1 min\u016bte\" \/>\n<script type=\"application\/ld+json\" class=\"yoast-schema-graph\">{\"@context\":\"https:\\\/\\\/schema.org\",\"@graph\":[{\"@type\":\"WebPage\",\"@id\":\"https:\\\/\\\/kidsplay.lt\\\/produktas\\\/didelis-vaziuojamasis-volvo-gaisrines-automobilis-su-vandens-patranka\\\/\",\"url\":\"https:\\\/\\\/kidsplay.lt\\\/produktas\\\/didelis-vaziuojamasis-volvo-gaisrines-automobilis-su-vandens-patranka\\\/\",\"name\":\"DIDELIS va\u017eiuojamasis VOLVO gaisrin\u0117s automobilis su vandens patranka\",\"isPartOf\":{\"@id\":\"https:\\\/\\\/kidsplay.lt\\\/#website\"},\"primaryImageOfPage\":{\"@id\":\"https:\\\/\\\/kidsplay.lt\\\/produktas\\\/didelis-vaziuojamasis-volvo-gaisrines-automobilis-su-vandens-patranka\\\/#primaryimage\"},\"image\":{\"@id\":\"https:\\\/\\\/kidsplay.lt\\\/produktas\\\/didelis-vaziuojamasis-volvo-gaisrines-automobilis-su-vandens-patranka\\\/#primaryimage\"},\"thumbnailUrl\":\"https:\\\/\\\/kidsplay.lt\\\/wp-content\\\/uploads\\\/2025\\\/09\\\/DIDELIS-vaziuojamasis-VOLVO-gaisrines-automobilis-su-vandens-patranka.jpg\",\"datePublished\":\"2026-02-26T07:36:54+00:00\",\"dateModified\":\"2026-04-07T07:50:57+00:00\",\"description\":\"DIDELIS va\u017eiuojamasis VOLVO gaisrin\u0117s automobilis su vandens patranka - KidsPlay. Did\u017eiausias vaik\u0173 \u017eaisl\u0173 pasirinkimas.\",\"breadcrumb\":{\"@id\":\"https:\\\/\\\/kidsplay.lt\\\/produktas\\\/didelis-vaziuojamasis-volvo-gaisrines-automobilis-su-vandens-patranka\\\/#breadcrumb\"},\"inLanguage\":\"lv-LV\",\"potentialAction\":[{\"@type\":\"ReadAction\",\"target\":[\"https:\\\/\\\/kidsplay.lt\\\/produktas\\\/didelis-vaziuojamasis-volvo-gaisrines-automobilis-su-vandens-patranka\\\/\"]}]},{\"@type\":\"ImageObject\",\"inLanguage\":\"lv-LV\",\"@id\":\"https:\\\/\\\/kidsplay.lt\\\/produktas\\\/didelis-vaziuojamasis-volvo-gaisrines-automobilis-su-vandens-patranka\\\/#primaryimage\",\"url\":\"https:\\\/\\\/kidsplay.lt\\\/wp-content\\\/uploads\\\/2025\\\/09\\\/DIDELIS-vaziuojamasis-VOLVO-gaisrines-automobilis-su-vandens-patranka.jpg\",\"contentUrl\":\"https:\\\/\\\/kidsplay.lt\\\/wp-content\\\/uploads\\\/2025\\\/09\\\/DIDELIS-vaziuojamasis-VOLVO-gaisrines-automobilis-su-vandens-patranka.jpg\",\"width\":1000,\"height\":1000,\"caption\":\"DIDELIS va\u017eiuojamasis VOLVO gaisrin\u0117s automobilis su vandens patranka\"},{\"@type\":\"BreadcrumbList\",\"@id\":\"https:\\\/\\\/kidsplay.lt\\\/produktas\\\/didelis-vaziuojamasis-volvo-gaisrines-automobilis-su-vandens-patranka\\\/#breadcrumb\",\"itemListElement\":[{\"@type\":\"ListItem\",\"position\":1,\"name\":\"Pagrindinis\",\"item\":\"https:\\\/\\\/kidsplay.lt\\\/\"},{\"@type\":\"ListItem\",\"position\":2,\"name\":\"Parduotuv\u0117\",\"item\":\"https:\\\/\\\/kidsplay.lt\\\/parduotuve\\\/\"},{\"@type\":\"ListItem\",\"position\":3,\"name\":\"DIDELIS va\u017eiuojamasis VOLVO gaisrin\u0117s automobilis su vandens patranka\"}]},{\"@type\":\"WebSite\",\"@id\":\"https:\\\/\\\/kidsplay.lt\\\/#website\",\"url\":\"https:\\\/\\\/kidsplay.lt\\\/\",\"name\":\"Kidsplay.lt\",\"description\":\"\u012evairios prek\u0117s vaikams\",\"publisher\":{\"@id\":\"https:\\\/\\\/kidsplay.lt\\\/#organization\"},\"alternateName\":\"Kidsplay\",\"potentialAction\":[{\"@type\":\"SearchAction\",\"target\":{\"@type\":\"EntryPoint\",\"urlTemplate\":\"https:\\\/\\\/kidsplay.lt\\\/?s={search_term_string}\"},\"query-input\":{\"@type\":\"PropertyValueSpecification\",\"valueRequired\":true,\"valueName\":\"search_term_string\"}}],\"inLanguage\":\"lv-LV\"},{\"@type\":\"Organization\",\"@id\":\"https:\\\/\\\/kidsplay.lt\\\/#organization\",\"name\":\"KidsPlay\",\"url\":\"https:\\\/\\\/kidsplay.lt\\\/\",\"logo\":{\"@type\":\"ImageObject\",\"inLanguage\":\"lv-LV\",\"@id\":\"https:\\\/\\\/kidsplay.lt\\\/#\\\/schema\\\/logo\\\/image\\\/\",\"url\":\"https:\\\/\\\/kidsplay.lt\\\/wp-content\\\/uploads\\\/2023\\\/07\\\/kidsplay-logo.png\",\"contentUrl\":\"https:\\\/\\\/kidsplay.lt\\\/wp-content\\\/uploads\\\/2023\\\/07\\\/kidsplay-logo.png\",\"width\":451,\"height\":98,\"caption\":\"KidsPlay\"},\"image\":{\"@id\":\"https:\\\/\\\/kidsplay.lt\\\/#\\\/schema\\\/logo\\\/image\\\/\"},\"sameAs\":[\"https:\\\/\\\/www.facebook.com\\\/www.kidsplay.lt\"]}]}<\/script>\n<!-- \/ Yoast SEO plugin. -->","yoast_head_json":{"title":"DIDELIS va\u017eiuojamasis VOLVO gaisrin\u0117s automobilis su vandens patranka","description":"DIDELIS va\u017eiuojamasis VOLVO gaisrin\u0117s automobilis su vandens patranka - KidsPlay. Did\u017eiausias vaik\u0173 \u017eaisl\u0173 pasirinkimas.","robots":{"index":"index","follow":"follow","max-snippet":"max-snippet:-1","max-image-preview":"max-image-preview:large","max-video-preview":"max-video-preview:-1"},"canonical":"https:\/\/kidsplay.lt\/lv\/products\/didelis-vaziuojamasis-volvo-gaisrines-automobilis-su-vandens-patranka\/","og_locale":"lv_LV","og_type":"article","og_title":"DIDELIS va\u017eiuojamasis VOLVO gaisrin\u0117s automobilis su vandens patranka","og_description":"DIDELIS va\u017eiuojamasis VOLVO gaisrin\u0117s automobilis su vandens patranka - KidsPlay. Did\u017eiausias vaik\u0173 \u017eaisl\u0173 pasirinkimas.","og_url":"https:\/\/kidsplay.lt\/lv\/products\/didelis-vaziuojamasis-volvo-gaisrines-automobilis-su-vandens-patranka\/","og_site_name":"KidsPlay","article_publisher":"https:\/\/www.facebook.com\/www.kidsplay.lt","article_modified_time":"2026-04-07T07:50:57+00:00","og_image":[{"width":1000,"height":1000,"url":"https:\/\/kidsplay.lt\/wp-content\/uploads\/2025\/09\/DIDELIS-vaziuojamasis-VOLVO-gaisrines-automobilis-su-vandens-patranka.jpg","type":"image\/jpeg"}],"twitter_card":"summary_large_image","twitter_misc":{"Est. reading time":"1 min\u016bte"},"schema":{"@context":"https:\/\/schema.org","@graph":[{"@type":"WebPage","@id":"https:\/\/kidsplay.lt\/produktas\/didelis-vaziuojamasis-volvo-gaisrines-automobilis-su-vandens-patranka\/","url":"https:\/\/kidsplay.lt\/produktas\/didelis-vaziuojamasis-volvo-gaisrines-automobilis-su-vandens-patranka\/","name":"DIDELIS va\u017eiuojamasis VOLVO gaisrin\u0117s automobilis su vandens patranka","isPartOf":{"@id":"https:\/\/kidsplay.lt\/#website"},"primaryImageOfPage":{"@id":"https:\/\/kidsplay.lt\/produktas\/didelis-vaziuojamasis-volvo-gaisrines-automobilis-su-vandens-patranka\/#primaryimage"},"image":{"@id":"https:\/\/kidsplay.lt\/produktas\/didelis-vaziuojamasis-volvo-gaisrines-automobilis-su-vandens-patranka\/#primaryimage"},"thumbnailUrl":"https:\/\/kidsplay.lt\/wp-content\/uploads\/2025\/09\/DIDELIS-vaziuojamasis-VOLVO-gaisrines-automobilis-su-vandens-patranka.jpg","datePublished":"2026-02-26T07:36:54+00:00","dateModified":"2026-04-07T07:50:57+00:00","description":"DIDELIS va\u017eiuojamasis VOLVO gaisrin\u0117s automobilis su vandens patranka - KidsPlay. Did\u017eiausias vaik\u0173 \u017eaisl\u0173 pasirinkimas.","breadcrumb":{"@id":"https:\/\/kidsplay.lt\/produktas\/didelis-vaziuojamasis-volvo-gaisrines-automobilis-su-vandens-patranka\/#breadcrumb"},"inLanguage":"lv-LV","potentialAction":[{"@type":"ReadAction","target":["https:\/\/kidsplay.lt\/produktas\/didelis-vaziuojamasis-volvo-gaisrines-automobilis-su-vandens-patranka\/"]}]},{"@type":"ImageObject","inLanguage":"lv-LV","@id":"https:\/\/kidsplay.lt\/produktas\/didelis-vaziuojamasis-volvo-gaisrines-automobilis-su-vandens-patranka\/#primaryimage","url":"https:\/\/kidsplay.lt\/wp-content\/uploads\/2025\/09\/DIDELIS-vaziuojamasis-VOLVO-gaisrines-automobilis-su-vandens-patranka.jpg","contentUrl":"https:\/\/kidsplay.lt\/wp-content\/uploads\/2025\/09\/DIDELIS-vaziuojamasis-VOLVO-gaisrines-automobilis-su-vandens-patranka.jpg","width":1000,"height":1000,"caption":"DIDELIS va\u017eiuojamasis VOLVO gaisrin\u0117s automobilis su vandens patranka"},{"@type":"BreadcrumbList","@id":"https:\/\/kidsplay.lt\/produktas\/didelis-vaziuojamasis-volvo-gaisrines-automobilis-su-vandens-patranka\/#breadcrumb","itemListElement":[{"@type":"ListItem","position":1,"name":"Pagrindinis","item":"https:\/\/kidsplay.lt\/"},{"@type":"ListItem","position":2,"name":"Parduotuv\u0117","item":"https:\/\/kidsplay.lt\/parduotuve\/"},{"@type":"ListItem","position":3,"name":"DIDELIS va\u017eiuojamasis VOLVO gaisrin\u0117s automobilis su vandens patranka"}]},{"@type":"WebSite","@id":"https:\/\/kidsplay.lt\/#website","url":"https:\/\/kidsplay.lt\/","name":"B\u0113rnu sp\u0113les.lv","description":"\u012evairios prek\u0117s vaikams","publisher":{"@id":"https:\/\/kidsplay.lt\/#organization"},"alternateName":"Kidsplay","potentialAction":[{"@type":"SearchAction","target":{"@type":"EntryPoint","urlTemplate":"https:\/\/kidsplay.lt\/?s={search_term_string}"},"query-input":{"@type":"PropertyValueSpecification","valueRequired":true,"valueName":"search_term_string"}}],"inLanguage":"lv-LV"},{"@type":"Organization","@id":"https:\/\/kidsplay.lt\/#organization","name":"B\u0113rnu sp\u0113le","url":"https:\/\/kidsplay.lt\/","logo":{"@type":"ImageObject","inLanguage":"lv-LV","@id":"https:\/\/kidsplay.lt\/#\/schema\/logo\/image\/","url":"https:\/\/kidsplay.lt\/wp-content\/uploads\/2023\/07\/kidsplay-logo.png","contentUrl":"https:\/\/kidsplay.lt\/wp-content\/uploads\/2023\/07\/kidsplay-logo.png","width":451,"height":98,"caption":"KidsPlay"},"image":{"@id":"https:\/\/kidsplay.lt\/#\/schema\/logo\/image\/"},"sameAs":["https:\/\/www.facebook.com\/www.kidsplay.lt"]}]}},"_links":{"self":[{"href":"https:\/\/kidsplay.lt\/lv\/wp-json\/wp\/v2\/product\/90065","targetHints":{"allow":["GET"]}}],"collection":[{"href":"https:\/\/kidsplay.lt\/lv\/wp-json\/wp\/v2\/product"}],"about":[{"href":"https:\/\/kidsplay.lt\/lv\/wp-json\/wp\/v2\/types\/product"}],"version-history":[{"count":1,"href":"https:\/\/kidsplay.lt\/lv\/wp-json\/wp\/v2\/product\/90065\/revisions"}],"predecessor-version":[{"id":90066,"href":"https:\/\/kidsplay.lt\/lv\/wp-json\/wp\/v2\/product\/90065\/revisions\/90066"}],"wp:featuredmedia":[{"embeddable":true,"href":"https:\/\/kidsplay.lt\/lv\/wp-json\/wp\/v2\/media\/61954"}],"wp:attachment":[{"href":"https:\/\/kidsplay.lt\/lv\/wp-json\/wp\/v2\/media?parent=90065"}],"wp:term":[{"taxonomy":"product_brand","embeddable":true,"href":"https:\/\/kidsplay.lt\/lv\/wp-json\/wp\/v2\/product_brand?post=90065"},{"taxonomy":"product_cat","embeddable":true,"href":"https:\/\/kidsplay.lt\/lv\/wp-json\/wp\/v2\/product_cat?post=90065"},{"taxonomy":"product_tag","embeddable":true,"href":"https:\/\/kidsplay.lt\/lv\/wp-json\/wp\/v2\/product_tag?post=90065"}],"curies":[{"name":"wp","href":"https:\/\/api.w.org\/{rel}","templated":true}]}}