{"id":90067,"date":"2026-02-26T09:36:57","date_gmt":"2026-02-26T07:36:57","guid":{"rendered":"https:\/\/kidsplay.lt\/produktas\/big-bobby-automobilis-klasikinis\/"},"modified":"2026-04-07T10:51:00","modified_gmt":"2026-04-07T07:51:00","slug":"big-bobby-automobilis-klasikinis","status":"publish","type":"product","link":"https:\/\/kidsplay.lt\/lv\/products\/big-bobby-automobilis-klasikinis\/","title":{"rendered":"BIG Bobby automobilis klasikinis"},"content":{"rendered":"<p>Nauja klasikos samprata!\u00a0Geriausias produktas i\u0161 garsaus\u00a0BIG\u00a0prek\u0117s \u017eenklo . Ergonomi\u0161kas, tvirtas ir \u012fsp\u016bdingas\u00a0Bobby Car Green Sea\u00a0va\u017eiuojamasis\u00a0\u017eaislas su \u012fmontuotu garso signalu. Automobilis yra unikalios, gra\u017eios \u017ealios spalvos, kuri tikrai patiks j\u016bs\u0173 ma\u017eiesiems.\u00a0Jame yra vairas su garso signalu\u00a0, kuris pagerina vaiko \u017eaidimo patirt\u012f\u00a0.\u00a0Va\u017eiuojamoji dalis turi kont\u016brin\u0119 s\u0117dyn\u0119, leid\u017eian\u010di\u0105 \u017eaisti dviejose pad\u0117tyse \u2013 s\u0117dint arba kl\u016bpant.<\/p>\n<p>Rakstur\u012bgs:<\/p>\n<p> \t&#8211;\u00a0va\u017eiuojamasis automobilis, skirtas\u00a0vaikams nuo\u00a012 m\u0117nesi\u0173\u00a0am\u017eiaus<br \/>\n \t&#8211; ro\u017ein\u0117s spalvos\u00a0\u00a0\u201eBobby Car Classic Green Sea\u201c automobilyje yra\u00a0vairas su garso signalu,<\/p>\n<p> \t&#8211; \u017eemas svorio centras leid\u017eia\u00a0\u00a0saugiai ir u\u017etikrin\u010diau i\u0161mokti \u017eengti pirmuosius \u201e\u017eingsnius\u201c ant dvira\u010dio,<br \/>\n \t&#8211; va\u017eiuojamoji dalis\u00a0\u00a0turi plastikinius ratukus\u00a0\u00a0, kurie puikiai va\u017eiuoja \u012fvairiais pavir\u0161iais,<br \/>\n \t&#8211;\u00a0Priekiniai ratai pasukami,\u00a0\u00a0kad b\u016bt\u0173 patogiau va\u017eiuoti ir pos\u016bkiuose;<br \/>\n \t&#8211; papildomai komplekte yra\u00a0\u00a0vilkimo kilpa\u00a0\u00a0priekyje ir\u00a0\u00a0priekabos kablys\u00a0\u00a0gale,<br \/>\n \t&#8211; maksimali apkrova yra 50 kg,<br \/>\n \t&#8211; pagaminta Vokietijoje,<br \/>\n \t&#8211; dalinis surinkimas va\u017eiuojant,<br \/>\n \t&#8211; s\u0117dyn\u0117s auk\u0161tis yra 20 cm.<\/p>","protected":false},"excerpt":{"rendered":"<p>Nauja klasikos samprata!\u00a0Geriausias produktas i\u0161 garsaus\u00a0BIG\u00a0prek\u0117s \u017eenklo . Ergonomi\u0161kas, tvirtas ir \u012fsp\u016bdingas\u00a0Bobby Car Green Sea\u00a0va\u017eiuojamasis\u00a0\u017eaislas su \u012fmontuotu garso signalu. Automobilis<\/p>","protected":false},"featured_media":61961,"template":"","meta":{"_acf_changed":false,"_glsr_average":0,"_glsr_ranking":0,"_glsr_reviews":0},"product_brand":[],"product_cat":[237,238],"product_tag":[],"class_list":{"0":"post-90067","1":"product","2":"type-product","3":"status-publish","4":"has-post-thumbnail","6":"product_cat-judejimo-priemones","7":"product_cat-stumdomos-masineles","8":"\"style=\"background-color: #2ecc711c;\"","10":"first","11":"instock","12":"purchasable","13":"product-type-simple"},"acf":[],"yoast_head":"<!-- This site is optimized with the Yoast SEO plugin v27.3 - https:\/\/yoast.com\/product\/yoast-seo-wordpress\/ -->\n<title>BIG Bobby automobilis klasikinis<\/title>\n<meta name=\"description\" content=\"BIG Bobby automobilis klasikinis - KidsPlay. Did\u017eiausias vaik\u0173 \u017eaisl\u0173 pasirinkimas.\" \/>\n<meta name=\"robots\" content=\"index, follow, max-snippet:-1, max-image-preview:large, max-video-preview:-1\" \/>\n<link rel=\"canonical\" href=\"https:\/\/kidsplay.lt\/lv\/products\/big-bobby-automobilis-klasikinis\/\" \/>\n<meta property=\"og:locale\" content=\"lv_LV\" \/>\n<meta property=\"og:type\" content=\"article\" \/>\n<meta property=\"og:title\" content=\"BIG Bobby automobilis klasikinis\" \/>\n<meta property=\"og:description\" content=\"BIG Bobby automobilis klasikinis - KidsPlay. Did\u017eiausias vaik\u0173 \u017eaisl\u0173 pasirinkimas.\" \/>\n<meta property=\"og:url\" content=\"https:\/\/kidsplay.lt\/lv\/products\/big-bobby-automobilis-klasikinis\/\" \/>\n<meta property=\"og:site_name\" content=\"KidsPlay\" \/>\n<meta property=\"article:publisher\" content=\"https:\/\/www.facebook.com\/www.kidsplay.lt\" \/>\n<meta property=\"article:modified_time\" content=\"2026-04-07T07:51:00+00:00\" \/>\n<meta property=\"og:image\" content=\"https:\/\/kidsplay.lt\/wp-content\/uploads\/2025\/09\/BIG-Bobby-automobilis-klasikinis.jpg\" \/>\n\t<meta property=\"og:image:width\" content=\"1000\" \/>\n\t<meta property=\"og:image:height\" content=\"1000\" \/>\n\t<meta property=\"og:image:type\" content=\"image\/jpeg\" \/>\n<meta name=\"twitter:card\" content=\"summary_large_image\" \/>\n<meta name=\"twitter:label1\" content=\"Est. reading time\" \/>\n\t<meta name=\"twitter:data1\" content=\"1 min\u016bte\" \/>\n<script type=\"application\/ld+json\" class=\"yoast-schema-graph\">{\"@context\":\"https:\\\/\\\/schema.org\",\"@graph\":[{\"@type\":\"WebPage\",\"@id\":\"https:\\\/\\\/kidsplay.lt\\\/produktas\\\/big-bobby-automobilis-klasikinis\\\/\",\"url\":\"https:\\\/\\\/kidsplay.lt\\\/produktas\\\/big-bobby-automobilis-klasikinis\\\/\",\"name\":\"BIG Bobby automobilis klasikinis\",\"isPartOf\":{\"@id\":\"https:\\\/\\\/kidsplay.lt\\\/#website\"},\"primaryImageOfPage\":{\"@id\":\"https:\\\/\\\/kidsplay.lt\\\/produktas\\\/big-bobby-automobilis-klasikinis\\\/#primaryimage\"},\"image\":{\"@id\":\"https:\\\/\\\/kidsplay.lt\\\/produktas\\\/big-bobby-automobilis-klasikinis\\\/#primaryimage\"},\"thumbnailUrl\":\"https:\\\/\\\/kidsplay.lt\\\/wp-content\\\/uploads\\\/2025\\\/09\\\/BIG-Bobby-automobilis-klasikinis.jpg\",\"datePublished\":\"2026-02-26T07:36:57+00:00\",\"dateModified\":\"2026-04-07T07:51:00+00:00\",\"description\":\"BIG Bobby automobilis klasikinis - KidsPlay. Did\u017eiausias vaik\u0173 \u017eaisl\u0173 pasirinkimas.\",\"breadcrumb\":{\"@id\":\"https:\\\/\\\/kidsplay.lt\\\/produktas\\\/big-bobby-automobilis-klasikinis\\\/#breadcrumb\"},\"inLanguage\":\"lv-LV\",\"potentialAction\":[{\"@type\":\"ReadAction\",\"target\":[\"https:\\\/\\\/kidsplay.lt\\\/produktas\\\/big-bobby-automobilis-klasikinis\\\/\"]}]},{\"@type\":\"ImageObject\",\"inLanguage\":\"lv-LV\",\"@id\":\"https:\\\/\\\/kidsplay.lt\\\/produktas\\\/big-bobby-automobilis-klasikinis\\\/#primaryimage\",\"url\":\"https:\\\/\\\/kidsplay.lt\\\/wp-content\\\/uploads\\\/2025\\\/09\\\/BIG-Bobby-automobilis-klasikinis.jpg\",\"contentUrl\":\"https:\\\/\\\/kidsplay.lt\\\/wp-content\\\/uploads\\\/2025\\\/09\\\/BIG-Bobby-automobilis-klasikinis.jpg\",\"width\":1000,\"height\":1000,\"caption\":\"BIG Bobby automobilis klasikinis\"},{\"@type\":\"BreadcrumbList\",\"@id\":\"https:\\\/\\\/kidsplay.lt\\\/produktas\\\/big-bobby-automobilis-klasikinis\\\/#breadcrumb\",\"itemListElement\":[{\"@type\":\"ListItem\",\"position\":1,\"name\":\"Pagrindinis\",\"item\":\"https:\\\/\\\/kidsplay.lt\\\/\"},{\"@type\":\"ListItem\",\"position\":2,\"name\":\"Parduotuv\u0117\",\"item\":\"https:\\\/\\\/kidsplay.lt\\\/parduotuve\\\/\"},{\"@type\":\"ListItem\",\"position\":3,\"name\":\"BIG Bobby automobilis klasikinis\"}]},{\"@type\":\"WebSite\",\"@id\":\"https:\\\/\\\/kidsplay.lt\\\/#website\",\"url\":\"https:\\\/\\\/kidsplay.lt\\\/\",\"name\":\"Kidsplay.lt\",\"description\":\"\u012evairios prek\u0117s vaikams\",\"publisher\":{\"@id\":\"https:\\\/\\\/kidsplay.lt\\\/#organization\"},\"alternateName\":\"Kidsplay\",\"potentialAction\":[{\"@type\":\"SearchAction\",\"target\":{\"@type\":\"EntryPoint\",\"urlTemplate\":\"https:\\\/\\\/kidsplay.lt\\\/?s={search_term_string}\"},\"query-input\":{\"@type\":\"PropertyValueSpecification\",\"valueRequired\":true,\"valueName\":\"search_term_string\"}}],\"inLanguage\":\"lv-LV\"},{\"@type\":\"Organization\",\"@id\":\"https:\\\/\\\/kidsplay.lt\\\/#organization\",\"name\":\"KidsPlay\",\"url\":\"https:\\\/\\\/kidsplay.lt\\\/\",\"logo\":{\"@type\":\"ImageObject\",\"inLanguage\":\"lv-LV\",\"@id\":\"https:\\\/\\\/kidsplay.lt\\\/#\\\/schema\\\/logo\\\/image\\\/\",\"url\":\"https:\\\/\\\/kidsplay.lt\\\/wp-content\\\/uploads\\\/2023\\\/07\\\/kidsplay-logo.png\",\"contentUrl\":\"https:\\\/\\\/kidsplay.lt\\\/wp-content\\\/uploads\\\/2023\\\/07\\\/kidsplay-logo.png\",\"width\":451,\"height\":98,\"caption\":\"KidsPlay\"},\"image\":{\"@id\":\"https:\\\/\\\/kidsplay.lt\\\/#\\\/schema\\\/logo\\\/image\\\/\"},\"sameAs\":[\"https:\\\/\\\/www.facebook.com\\\/www.kidsplay.lt\"]}]}<\/script>\n<!-- \/ Yoast SEO plugin. -->","yoast_head_json":{"title":"BIG Bobby automobilis klasikinis","description":"BIG Bobby automobilis klasikinis - KidsPlay. Did\u017eiausias vaik\u0173 \u017eaisl\u0173 pasirinkimas.","robots":{"index":"index","follow":"follow","max-snippet":"max-snippet:-1","max-image-preview":"max-image-preview:large","max-video-preview":"max-video-preview:-1"},"canonical":"https:\/\/kidsplay.lt\/lv\/products\/big-bobby-automobilis-klasikinis\/","og_locale":"lv_LV","og_type":"article","og_title":"BIG Bobby automobilis klasikinis","og_description":"BIG Bobby automobilis klasikinis - KidsPlay. Did\u017eiausias vaik\u0173 \u017eaisl\u0173 pasirinkimas.","og_url":"https:\/\/kidsplay.lt\/lv\/products\/big-bobby-automobilis-klasikinis\/","og_site_name":"KidsPlay","article_publisher":"https:\/\/www.facebook.com\/www.kidsplay.lt","article_modified_time":"2026-04-07T07:51:00+00:00","og_image":[{"width":1000,"height":1000,"url":"https:\/\/kidsplay.lt\/wp-content\/uploads\/2025\/09\/BIG-Bobby-automobilis-klasikinis.jpg","type":"image\/jpeg"}],"twitter_card":"summary_large_image","twitter_misc":{"Est. reading time":"1 min\u016bte"},"schema":{"@context":"https:\/\/schema.org","@graph":[{"@type":"WebPage","@id":"https:\/\/kidsplay.lt\/produktas\/big-bobby-automobilis-klasikinis\/","url":"https:\/\/kidsplay.lt\/produktas\/big-bobby-automobilis-klasikinis\/","name":"BIG Bobby automobilis klasikinis","isPartOf":{"@id":"https:\/\/kidsplay.lt\/#website"},"primaryImageOfPage":{"@id":"https:\/\/kidsplay.lt\/produktas\/big-bobby-automobilis-klasikinis\/#primaryimage"},"image":{"@id":"https:\/\/kidsplay.lt\/produktas\/big-bobby-automobilis-klasikinis\/#primaryimage"},"thumbnailUrl":"https:\/\/kidsplay.lt\/wp-content\/uploads\/2025\/09\/BIG-Bobby-automobilis-klasikinis.jpg","datePublished":"2026-02-26T07:36:57+00:00","dateModified":"2026-04-07T07:51:00+00:00","description":"BIG Bobby automobilis klasikinis - KidsPlay. Did\u017eiausias vaik\u0173 \u017eaisl\u0173 pasirinkimas.","breadcrumb":{"@id":"https:\/\/kidsplay.lt\/produktas\/big-bobby-automobilis-klasikinis\/#breadcrumb"},"inLanguage":"lv-LV","potentialAction":[{"@type":"ReadAction","target":["https:\/\/kidsplay.lt\/produktas\/big-bobby-automobilis-klasikinis\/"]}]},{"@type":"ImageObject","inLanguage":"lv-LV","@id":"https:\/\/kidsplay.lt\/produktas\/big-bobby-automobilis-klasikinis\/#primaryimage","url":"https:\/\/kidsplay.lt\/wp-content\/uploads\/2025\/09\/BIG-Bobby-automobilis-klasikinis.jpg","contentUrl":"https:\/\/kidsplay.lt\/wp-content\/uploads\/2025\/09\/BIG-Bobby-automobilis-klasikinis.jpg","width":1000,"height":1000,"caption":"BIG Bobby automobilis klasikinis"},{"@type":"BreadcrumbList","@id":"https:\/\/kidsplay.lt\/produktas\/big-bobby-automobilis-klasikinis\/#breadcrumb","itemListElement":[{"@type":"ListItem","position":1,"name":"Pagrindinis","item":"https:\/\/kidsplay.lt\/"},{"@type":"ListItem","position":2,"name":"Parduotuv\u0117","item":"https:\/\/kidsplay.lt\/parduotuve\/"},{"@type":"ListItem","position":3,"name":"BIG Bobby automobilis klasikinis"}]},{"@type":"WebSite","@id":"https:\/\/kidsplay.lt\/#website","url":"https:\/\/kidsplay.lt\/","name":"B\u0113rnu sp\u0113les.lv","description":"\u012evairios prek\u0117s vaikams","publisher":{"@id":"https:\/\/kidsplay.lt\/#organization"},"alternateName":"Kidsplay","potentialAction":[{"@type":"SearchAction","target":{"@type":"EntryPoint","urlTemplate":"https:\/\/kidsplay.lt\/?s={search_term_string}"},"query-input":{"@type":"PropertyValueSpecification","valueRequired":true,"valueName":"search_term_string"}}],"inLanguage":"lv-LV"},{"@type":"Organization","@id":"https:\/\/kidsplay.lt\/#organization","name":"B\u0113rnu sp\u0113le","url":"https:\/\/kidsplay.lt\/","logo":{"@type":"ImageObject","inLanguage":"lv-LV","@id":"https:\/\/kidsplay.lt\/#\/schema\/logo\/image\/","url":"https:\/\/kidsplay.lt\/wp-content\/uploads\/2023\/07\/kidsplay-logo.png","contentUrl":"https:\/\/kidsplay.lt\/wp-content\/uploads\/2023\/07\/kidsplay-logo.png","width":451,"height":98,"caption":"KidsPlay"},"image":{"@id":"https:\/\/kidsplay.lt\/#\/schema\/logo\/image\/"},"sameAs":["https:\/\/www.facebook.com\/www.kidsplay.lt"]}]}},"_links":{"self":[{"href":"https:\/\/kidsplay.lt\/lv\/wp-json\/wp\/v2\/product\/90067","targetHints":{"allow":["GET"]}}],"collection":[{"href":"https:\/\/kidsplay.lt\/lv\/wp-json\/wp\/v2\/product"}],"about":[{"href":"https:\/\/kidsplay.lt\/lv\/wp-json\/wp\/v2\/types\/product"}],"version-history":[{"count":1,"href":"https:\/\/kidsplay.lt\/lv\/wp-json\/wp\/v2\/product\/90067\/revisions"}],"predecessor-version":[{"id":90068,"href":"https:\/\/kidsplay.lt\/lv\/wp-json\/wp\/v2\/product\/90067\/revisions\/90068"}],"wp:featuredmedia":[{"embeddable":true,"href":"https:\/\/kidsplay.lt\/lv\/wp-json\/wp\/v2\/media\/61961"}],"wp:attachment":[{"href":"https:\/\/kidsplay.lt\/lv\/wp-json\/wp\/v2\/media?parent=90067"}],"wp:term":[{"taxonomy":"product_brand","embeddable":true,"href":"https:\/\/kidsplay.lt\/lv\/wp-json\/wp\/v2\/product_brand?post=90067"},{"taxonomy":"product_cat","embeddable":true,"href":"https:\/\/kidsplay.lt\/lv\/wp-json\/wp\/v2\/product_cat?post=90067"},{"taxonomy":"product_tag","embeddable":true,"href":"https:\/\/kidsplay.lt\/lv\/wp-json\/wp\/v2\/product_tag?post=90067"}],"curies":[{"name":"wp","href":"https:\/\/api.w.org\/{rel}","templated":true}]}}