{"id":90077,"date":"2026-02-26T09:37:11","date_gmt":"2026-02-26T07:37:11","guid":{"rendered":"https:\/\/kidsplay.lt\/produktas\/falk-farm-lander-ekskavatorius-krautuvas-traktorius\/"},"modified":"2026-04-13T15:13:21","modified_gmt":"2026-04-13T12:13:21","slug":"falk-farm-lander-ekskavatorius-krautuvas-traktorius","status":"publish","type":"product","link":"https:\/\/kidsplay.lt\/lv\/products\/falk-farm-lander-ekskavatorius-krautuvas-traktorius\/","title":{"rendered":"FALK Farm Lander ekskavatorius-krautuvas traktorius"},"content":{"rendered":"<p>\u201eFalk\u201c \u201eFarm Lander\u201c ekskavatorius-krautuvas su priekaba \u2013 daugelio jaun\u0173 traktori\u0173 vairuotoj\u0173 svajon\u0117s i\u0161sipildymas.\u00a0Kruop\u0161\u010diai pagamintas, atsi\u017evelgiant \u012f ma\u017eiausias detales!\u00a0Joks \u016bkininkas jo nedvejot\u0173.\u00a0\u0160i pedalais varoma transporto priemon\u0117 yra puiki dovana bet kuriam ma\u017eyliui\u00a0. \u201eFarm Lander\u201c pedalais varomas \u017eaislas su kau\u0161u, krautuvu ir priekaba pagamintas i\u0161 auk\u0161tos kokyb\u0117s plastiko, kurio 30 % yra perdirbta.<\/p>\n<p>Rakstur\u012bgs:<\/p>\n<p> \t&#8211; transporto priemon\u0117, skirta\u00a02\u20135 met\u0173 vaikams<br \/>\n \t&#8211; signalas ant vairo<br \/>\n \t&#8211; priekinis judantis kau\u0161as<br \/>\n \t&#8211; \u012frengtas funkcionalus krautuvas<br \/>\n \t&#8211; stabilus ir saugus<br \/>\n \t&#8211; daliniam surinkimui skirtas produktas,<\/p>","protected":false},"excerpt":{"rendered":"<p>\u201eFalk\u201c \u201eFarm Lander\u201c ekskavatorius-krautuvas su priekaba \u2013 daugelio jaun\u0173 traktori\u0173 vairuotoj\u0173 svajon\u0117s i\u0161sipildymas.\u00a0Kruop\u0161\u010diai pagamintas, atsi\u017evelgiant \u012f ma\u017eiausias detales!\u00a0Joks \u016bkininkas jo<\/p>","protected":false},"featured_media":61989,"template":"","meta":{"_acf_changed":false,"_glsr_average":0,"_glsr_ranking":0,"_glsr_reviews":0},"product_brand":[],"product_cat":[237,393],"product_tag":[],"class_list":{"0":"post-90077","1":"product","2":"type-product","3":"status-publish","4":"has-post-thumbnail","6":"product_cat-judejimo-priemones","7":"product_cat-zaisliniai-traktoriai","8":"\"style=\"background-color: #2ecc711c;\"","10":"first","11":"instock","12":"purchasable","13":"product-type-simple"},"acf":[],"yoast_head":"<!-- This site is optimized with the Yoast SEO plugin v27.4 - https:\/\/yoast.com\/product\/yoast-seo-wordpress\/ -->\n<title>FALK Farm Lander ekskavatorius-krautuvas traktorius<\/title>\n<meta name=\"description\" content=\"FALK Farm Lander ekskavatorius-krautuvas traktorius - KidsPlay. Did\u017eiausias vaik\u0173 \u017eaisl\u0173 pasirinkimas.\" \/>\n<meta name=\"robots\" content=\"index, follow, max-snippet:-1, max-image-preview:large, max-video-preview:-1\" \/>\n<link rel=\"canonical\" href=\"https:\/\/kidsplay.lt\/lv\/products\/falk-farm-lander-ekskavatorius-krautuvas-traktorius\/\" \/>\n<meta property=\"og:locale\" content=\"lv_LV\" \/>\n<meta property=\"og:type\" content=\"article\" \/>\n<meta property=\"og:title\" content=\"FALK Farm Lander ekskavatorius-krautuvas traktorius\" \/>\n<meta property=\"og:description\" content=\"FALK Farm Lander ekskavatorius-krautuvas traktorius - KidsPlay. Did\u017eiausias vaik\u0173 \u017eaisl\u0173 pasirinkimas.\" \/>\n<meta property=\"og:url\" content=\"https:\/\/kidsplay.lt\/lv\/products\/falk-farm-lander-ekskavatorius-krautuvas-traktorius\/\" \/>\n<meta property=\"og:site_name\" content=\"KidsPlay\" \/>\n<meta property=\"article:publisher\" content=\"https:\/\/www.facebook.com\/www.kidsplay.lt\" \/>\n<meta property=\"article:modified_time\" content=\"2026-04-13T12:13:21+00:00\" \/>\n<meta property=\"og:image\" content=\"https:\/\/kidsplay.lt\/wp-content\/uploads\/2025\/09\/FALK-Farm-Lander-ekskavatorius-krautuvas-traktorius.jpg\" \/>\n\t<meta property=\"og:image:width\" content=\"1000\" \/>\n\t<meta property=\"og:image:height\" content=\"1000\" \/>\n\t<meta property=\"og:image:type\" content=\"image\/jpeg\" \/>\n<meta name=\"twitter:card\" content=\"summary_large_image\" \/>\n<script type=\"application\/ld+json\" class=\"yoast-schema-graph\">{\"@context\":\"https:\\\/\\\/schema.org\",\"@graph\":[{\"@type\":\"WebPage\",\"@id\":\"https:\\\/\\\/kidsplay.lt\\\/produktas\\\/falk-farm-lander-ekskavatorius-krautuvas-traktorius\\\/\",\"url\":\"https:\\\/\\\/kidsplay.lt\\\/produktas\\\/falk-farm-lander-ekskavatorius-krautuvas-traktorius\\\/\",\"name\":\"FALK Farm Lander ekskavatorius-krautuvas traktorius\",\"isPartOf\":{\"@id\":\"https:\\\/\\\/kidsplay.lt\\\/#website\"},\"primaryImageOfPage\":{\"@id\":\"https:\\\/\\\/kidsplay.lt\\\/produktas\\\/falk-farm-lander-ekskavatorius-krautuvas-traktorius\\\/#primaryimage\"},\"image\":{\"@id\":\"https:\\\/\\\/kidsplay.lt\\\/produktas\\\/falk-farm-lander-ekskavatorius-krautuvas-traktorius\\\/#primaryimage\"},\"thumbnailUrl\":\"https:\\\/\\\/kidsplay.lt\\\/wp-content\\\/uploads\\\/2025\\\/09\\\/FALK-Farm-Lander-ekskavatorius-krautuvas-traktorius.jpg\",\"datePublished\":\"2026-02-26T07:37:11+00:00\",\"dateModified\":\"2026-04-13T12:13:21+00:00\",\"description\":\"FALK Farm Lander ekskavatorius-krautuvas traktorius - KidsPlay. Did\u017eiausias vaik\u0173 \u017eaisl\u0173 pasirinkimas.\",\"breadcrumb\":{\"@id\":\"https:\\\/\\\/kidsplay.lt\\\/produktas\\\/falk-farm-lander-ekskavatorius-krautuvas-traktorius\\\/#breadcrumb\"},\"inLanguage\":\"lv-LV\",\"potentialAction\":[{\"@type\":\"ReadAction\",\"target\":[\"https:\\\/\\\/kidsplay.lt\\\/produktas\\\/falk-farm-lander-ekskavatorius-krautuvas-traktorius\\\/\"]}]},{\"@type\":\"ImageObject\",\"inLanguage\":\"lv-LV\",\"@id\":\"https:\\\/\\\/kidsplay.lt\\\/produktas\\\/falk-farm-lander-ekskavatorius-krautuvas-traktorius\\\/#primaryimage\",\"url\":\"https:\\\/\\\/kidsplay.lt\\\/wp-content\\\/uploads\\\/2025\\\/09\\\/FALK-Farm-Lander-ekskavatorius-krautuvas-traktorius.jpg\",\"contentUrl\":\"https:\\\/\\\/kidsplay.lt\\\/wp-content\\\/uploads\\\/2025\\\/09\\\/FALK-Farm-Lander-ekskavatorius-krautuvas-traktorius.jpg\",\"width\":1000,\"height\":1000,\"caption\":\"FALK Farm Lander ekskavatorius-krautuvas traktorius\"},{\"@type\":\"BreadcrumbList\",\"@id\":\"https:\\\/\\\/kidsplay.lt\\\/produktas\\\/falk-farm-lander-ekskavatorius-krautuvas-traktorius\\\/#breadcrumb\",\"itemListElement\":[{\"@type\":\"ListItem\",\"position\":1,\"name\":\"Pagrindinis\",\"item\":\"https:\\\/\\\/kidsplay.lt\\\/\"},{\"@type\":\"ListItem\",\"position\":2,\"name\":\"Parduotuv\u0117\",\"item\":\"https:\\\/\\\/kidsplay.lt\\\/parduotuve\\\/\"},{\"@type\":\"ListItem\",\"position\":3,\"name\":\"FALK Farm Lander ekskavatorius-krautuvas traktorius\"}]},{\"@type\":\"WebSite\",\"@id\":\"https:\\\/\\\/kidsplay.lt\\\/#website\",\"url\":\"https:\\\/\\\/kidsplay.lt\\\/\",\"name\":\"Kidsplay.lt\",\"description\":\"\u012evairios prek\u0117s vaikams\",\"publisher\":{\"@id\":\"https:\\\/\\\/kidsplay.lt\\\/#organization\"},\"alternateName\":\"Kidsplay\",\"potentialAction\":[{\"@type\":\"SearchAction\",\"target\":{\"@type\":\"EntryPoint\",\"urlTemplate\":\"https:\\\/\\\/kidsplay.lt\\\/?s={search_term_string}\"},\"query-input\":{\"@type\":\"PropertyValueSpecification\",\"valueRequired\":true,\"valueName\":\"search_term_string\"}}],\"inLanguage\":\"lv-LV\"},{\"@type\":\"Organization\",\"@id\":\"https:\\\/\\\/kidsplay.lt\\\/#organization\",\"name\":\"KidsPlay\",\"url\":\"https:\\\/\\\/kidsplay.lt\\\/\",\"logo\":{\"@type\":\"ImageObject\",\"inLanguage\":\"lv-LV\",\"@id\":\"https:\\\/\\\/kidsplay.lt\\\/#\\\/schema\\\/logo\\\/image\\\/\",\"url\":\"https:\\\/\\\/kidsplay.lt\\\/wp-content\\\/uploads\\\/2023\\\/07\\\/kidsplay-logo.png\",\"contentUrl\":\"https:\\\/\\\/kidsplay.lt\\\/wp-content\\\/uploads\\\/2023\\\/07\\\/kidsplay-logo.png\",\"width\":451,\"height\":98,\"caption\":\"KidsPlay\"},\"image\":{\"@id\":\"https:\\\/\\\/kidsplay.lt\\\/#\\\/schema\\\/logo\\\/image\\\/\"},\"sameAs\":[\"https:\\\/\\\/www.facebook.com\\\/www.kidsplay.lt\"]}]}<\/script>\n<!-- \/ Yoast SEO plugin. -->","yoast_head_json":{"title":"FALK Farm Lander ekskavatorius-krautuvas traktorius","description":"FALK Farm Lander ekskavatorius-krautuvas traktorius - KidsPlay. Did\u017eiausias vaik\u0173 \u017eaisl\u0173 pasirinkimas.","robots":{"index":"index","follow":"follow","max-snippet":"max-snippet:-1","max-image-preview":"max-image-preview:large","max-video-preview":"max-video-preview:-1"},"canonical":"https:\/\/kidsplay.lt\/lv\/products\/falk-farm-lander-ekskavatorius-krautuvas-traktorius\/","og_locale":"lv_LV","og_type":"article","og_title":"FALK Farm Lander ekskavatorius-krautuvas traktorius","og_description":"FALK Farm Lander ekskavatorius-krautuvas traktorius - KidsPlay. Did\u017eiausias vaik\u0173 \u017eaisl\u0173 pasirinkimas.","og_url":"https:\/\/kidsplay.lt\/lv\/products\/falk-farm-lander-ekskavatorius-krautuvas-traktorius\/","og_site_name":"KidsPlay","article_publisher":"https:\/\/www.facebook.com\/www.kidsplay.lt","article_modified_time":"2026-04-13T12:13:21+00:00","og_image":[{"width":1000,"height":1000,"url":"https:\/\/kidsplay.lt\/wp-content\/uploads\/2025\/09\/FALK-Farm-Lander-ekskavatorius-krautuvas-traktorius.jpg","type":"image\/jpeg"}],"twitter_card":"summary_large_image","schema":{"@context":"https:\/\/schema.org","@graph":[{"@type":"WebPage","@id":"https:\/\/kidsplay.lt\/produktas\/falk-farm-lander-ekskavatorius-krautuvas-traktorius\/","url":"https:\/\/kidsplay.lt\/produktas\/falk-farm-lander-ekskavatorius-krautuvas-traktorius\/","name":"FALK Farm Lander ekskavatorius-krautuvas traktorius","isPartOf":{"@id":"https:\/\/kidsplay.lt\/#website"},"primaryImageOfPage":{"@id":"https:\/\/kidsplay.lt\/produktas\/falk-farm-lander-ekskavatorius-krautuvas-traktorius\/#primaryimage"},"image":{"@id":"https:\/\/kidsplay.lt\/produktas\/falk-farm-lander-ekskavatorius-krautuvas-traktorius\/#primaryimage"},"thumbnailUrl":"https:\/\/kidsplay.lt\/wp-content\/uploads\/2025\/09\/FALK-Farm-Lander-ekskavatorius-krautuvas-traktorius.jpg","datePublished":"2026-02-26T07:37:11+00:00","dateModified":"2026-04-13T12:13:21+00:00","description":"FALK Farm Lander ekskavatorius-krautuvas traktorius - KidsPlay. Did\u017eiausias vaik\u0173 \u017eaisl\u0173 pasirinkimas.","breadcrumb":{"@id":"https:\/\/kidsplay.lt\/produktas\/falk-farm-lander-ekskavatorius-krautuvas-traktorius\/#breadcrumb"},"inLanguage":"lv-LV","potentialAction":[{"@type":"ReadAction","target":["https:\/\/kidsplay.lt\/produktas\/falk-farm-lander-ekskavatorius-krautuvas-traktorius\/"]}]},{"@type":"ImageObject","inLanguage":"lv-LV","@id":"https:\/\/kidsplay.lt\/produktas\/falk-farm-lander-ekskavatorius-krautuvas-traktorius\/#primaryimage","url":"https:\/\/kidsplay.lt\/wp-content\/uploads\/2025\/09\/FALK-Farm-Lander-ekskavatorius-krautuvas-traktorius.jpg","contentUrl":"https:\/\/kidsplay.lt\/wp-content\/uploads\/2025\/09\/FALK-Farm-Lander-ekskavatorius-krautuvas-traktorius.jpg","width":1000,"height":1000,"caption":"FALK Farm Lander ekskavatorius-krautuvas traktorius"},{"@type":"BreadcrumbList","@id":"https:\/\/kidsplay.lt\/produktas\/falk-farm-lander-ekskavatorius-krautuvas-traktorius\/#breadcrumb","itemListElement":[{"@type":"ListItem","position":1,"name":"Pagrindinis","item":"https:\/\/kidsplay.lt\/"},{"@type":"ListItem","position":2,"name":"Parduotuv\u0117","item":"https:\/\/kidsplay.lt\/parduotuve\/"},{"@type":"ListItem","position":3,"name":"FALK Farm Lander ekskavatorius-krautuvas traktorius"}]},{"@type":"WebSite","@id":"https:\/\/kidsplay.lt\/#website","url":"https:\/\/kidsplay.lt\/","name":"B\u0113rnu sp\u0113les.lv","description":"\u012evairios prek\u0117s vaikams","publisher":{"@id":"https:\/\/kidsplay.lt\/#organization"},"alternateName":"Kidsplay","potentialAction":[{"@type":"SearchAction","target":{"@type":"EntryPoint","urlTemplate":"https:\/\/kidsplay.lt\/?s={search_term_string}"},"query-input":{"@type":"PropertyValueSpecification","valueRequired":true,"valueName":"search_term_string"}}],"inLanguage":"lv-LV"},{"@type":"Organization","@id":"https:\/\/kidsplay.lt\/#organization","name":"B\u0113rnu sp\u0113le","url":"https:\/\/kidsplay.lt\/","logo":{"@type":"ImageObject","inLanguage":"lv-LV","@id":"https:\/\/kidsplay.lt\/#\/schema\/logo\/image\/","url":"https:\/\/kidsplay.lt\/wp-content\/uploads\/2023\/07\/kidsplay-logo.png","contentUrl":"https:\/\/kidsplay.lt\/wp-content\/uploads\/2023\/07\/kidsplay-logo.png","width":451,"height":98,"caption":"KidsPlay"},"image":{"@id":"https:\/\/kidsplay.lt\/#\/schema\/logo\/image\/"},"sameAs":["https:\/\/www.facebook.com\/www.kidsplay.lt"]}]}},"_links":{"self":[{"href":"https:\/\/kidsplay.lt\/lv\/wp-json\/wp\/v2\/product\/90077","targetHints":{"allow":["GET"]}}],"collection":[{"href":"https:\/\/kidsplay.lt\/lv\/wp-json\/wp\/v2\/product"}],"about":[{"href":"https:\/\/kidsplay.lt\/lv\/wp-json\/wp\/v2\/types\/product"}],"version-history":[{"count":1,"href":"https:\/\/kidsplay.lt\/lv\/wp-json\/wp\/v2\/product\/90077\/revisions"}],"predecessor-version":[{"id":90078,"href":"https:\/\/kidsplay.lt\/lv\/wp-json\/wp\/v2\/product\/90077\/revisions\/90078"}],"wp:featuredmedia":[{"embeddable":true,"href":"https:\/\/kidsplay.lt\/lv\/wp-json\/wp\/v2\/media\/61989"}],"wp:attachment":[{"href":"https:\/\/kidsplay.lt\/lv\/wp-json\/wp\/v2\/media?parent=90077"}],"wp:term":[{"taxonomy":"product_brand","embeddable":true,"href":"https:\/\/kidsplay.lt\/lv\/wp-json\/wp\/v2\/product_brand?post=90077"},{"taxonomy":"product_cat","embeddable":true,"href":"https:\/\/kidsplay.lt\/lv\/wp-json\/wp\/v2\/product_cat?post=90077"},{"taxonomy":"product_tag","embeddable":true,"href":"https:\/\/kidsplay.lt\/lv\/wp-json\/wp\/v2\/product_tag?post=90077"}],"curies":[{"name":"wp","href":"https:\/\/api.w.org\/{rel}","templated":true}]}}