{"id":90079,"date":"2026-02-26T09:37:14","date_gmt":"2026-02-26T07:37:14","guid":{"rendered":"https:\/\/kidsplay.lt\/produktas\/falk-pedalinis-traktorius-melynas-su-priekaba-nuo-3-metu\/"},"modified":"2026-04-07T10:51:21","modified_gmt":"2026-04-07T07:51:21","slug":"falk-pedalinis-traktorius-melynas-su-priekaba-nuo-3-metu","status":"publish","type":"product","link":"https:\/\/kidsplay.lt\/lv\/products\/falk-pedalinis-traktorius-melynas-su-priekaba-nuo-3-metu\/","title":{"rendered":"FALK ped\u0101\u013cu traktors, zils, ar piekabi, paredz\u0113ts lieto\u0161anai no 3 gadu vecuma"},"content":{"rendered":"<p>New Holland traktorius su FALK priekaba\u00a0\u2013\u00a0daugelio jauno traktorininko svajon\u0117s i\u0161sipildymas.\u00a0Pagaminta kruop\u0161\u010diai\u00a0, atkreipiant d\u0117mes\u012f \u012f smulkiausias detales!\u00a0Joks \u016akininkas tokio \u017emogaus nepaniekint\u0173.\u00a0Pedalin\u0117 transporto priemon\u0117 \u2013\u00a0puiki dovana kiekvienam ma\u017eyliui\u00a0. Naujausias\u00a0New Holland\u00a0pedalinis\u00a0traktorius vaikams\u00a0su kau\u0161u\u00a0,\u00a0krautuvu\u00a0ir\u00a0priekaba\u00a0pagamintas i\u0161\u00a0auk\u0161tos kokyb\u0117s plastiko\u00a0. Jame taip pat yra\u00a0pasukama s\u0117dyn\u0117\u00a0. Transporto priemon\u0117\u00a0skirta\u00a0vaikams\u00a0nuo 3\u00a0met\u0173\u00a0am\u017eiaus\u00a0. \u0160is modelis patiks kiekvienam jaunam traktorininkui, automobilis pagamintas originaliomis\u00a0New Holland\u00a0spalvomis .\u00a0<\/p>\n<p>Charakteristika:<\/p>\n<p> \t&#8211; vaikams\u00a0nuo 3 met\u0173\u00a0,<br \/>\n \t&#8211;\u00a0\u00a0maksimali apkrova iki\u00a050 kg,<br \/>\n \t&#8211;\u00a0garsinis signalas\u00a0ant vairo,<br \/>\n \t&#8211;\u00a0grandinin\u0117 pavara\u00a0iki galin\u0117s a\u0161ies,<br \/>\n \t&#8211; nuimama\u00a0CLAAS priekaba,<br \/>\n \t&#8211;\u00a0vairuojama priekin\u0117 a\u0161is,<br \/>\n \t&#8211;\u00a0priekinis kilnojamas kibiras\u00a0,<br \/>\n \t&#8211; \u012frengtas funkcinis krautuvas,<br \/>\n \t&#8211; ratai pagaminti i\u0161\u00a0auk\u0161tos kokyb\u0117s plastiko,<br \/>\n \t&#8211;\u00a0stabilus\u00a0ir\u00a0saugus\u00a0,<br \/>\n \t&#8211; gaminiui reikalingas dalinis surinkimas.<\/p>\n<p>\u201eFalk\u201c\u00a0yra pirmaujanti Europos auk\u0161tos kokyb\u0117s pedalini\u0173 transporto priemoni\u0173 gamintoja. \u012emon\u0117s pasi\u016bloje \u2013 traktoriai, licencijuoti i\u0161 toki\u0173 marki\u0173 kaip\u00a0Claas, Renault, McCormick, Kubota, Case IH\u00a0ir kt. Visos transporto priemon\u0117s yra pagamintos Pranc\u016bzijoje i\u0161 auk\u0161tos kokyb\u0117s med\u017eiag\u0173.<\/p>","protected":false},"excerpt":{"rendered":"<p>New Holland traktorius su FALK priekaba\u00a0\u2013\u00a0daugelio jauno traktorininko svajon\u0117s i\u0161sipildymas.\u00a0Pagaminta kruop\u0161\u010diai\u00a0, atkreipiant d\u0117mes\u012f \u012f smulkiausias detales!\u00a0Joks \u016akininkas tokio \u017emogaus nepaniekint\u0173.\u00a0Pedalin\u0117<\/p>","protected":false},"featured_media":60587,"template":"","meta":{"_acf_changed":false,"_glsr_average":0,"_glsr_ranking":0,"_glsr_reviews":0},"product_brand":[],"product_cat":[237,393],"product_tag":[],"class_list":{"0":"post-90079","1":"product","2":"type-product","3":"status-publish","4":"has-post-thumbnail","6":"product_cat-judejimo-priemones","7":"product_cat-zaisliniai-traktoriai","8":"\"style=\"background-color: #2ecc711c;\"","10":"first","11":"instock","12":"purchasable","13":"product-type-simple"},"acf":[],"yoast_head":"<!-- This site is optimized with the Yoast SEO plugin v27.3 - https:\/\/yoast.com\/product\/yoast-seo-wordpress\/ -->\n<title>FALK pedalinis traktorius m\u0117lynas su priekaba nuo 3 met\u0173<\/title>\n<meta name=\"description\" content=\"FALK pedalinis traktorius m\u0117lynas su priekaba nuo 3 met\u0173 - KidsPlay. Did\u017eiausias vaik\u0173 \u017eaisl\u0173 pasirinkimas.\" \/>\n<meta name=\"robots\" content=\"index, follow, max-snippet:-1, max-image-preview:large, max-video-preview:-1\" \/>\n<link rel=\"canonical\" href=\"https:\/\/kidsplay.lt\/lv\/products\/falk-pedalinis-traktorius-melynas-su-priekaba-nuo-3-metu\/\" \/>\n<meta property=\"og:locale\" content=\"lv_LV\" \/>\n<meta property=\"og:type\" content=\"article\" \/>\n<meta property=\"og:title\" content=\"FALK pedalinis traktorius m\u0117lynas su priekaba nuo 3 met\u0173\" \/>\n<meta property=\"og:description\" content=\"FALK pedalinis traktorius m\u0117lynas su priekaba nuo 3 met\u0173 - KidsPlay. Did\u017eiausias vaik\u0173 \u017eaisl\u0173 pasirinkimas.\" \/>\n<meta property=\"og:url\" content=\"https:\/\/kidsplay.lt\/lv\/products\/falk-pedalinis-traktorius-melynas-su-priekaba-nuo-3-metu\/\" \/>\n<meta property=\"og:site_name\" content=\"KidsPlay\" \/>\n<meta property=\"article:publisher\" content=\"https:\/\/www.facebook.com\/www.kidsplay.lt\" \/>\n<meta property=\"article:modified_time\" content=\"2026-04-07T07:51:21+00:00\" \/>\n<meta property=\"og:image\" content=\"https:\/\/kidsplay.lt\/wp-content\/uploads\/2025\/03\/FALK-pedalinis-traktorius-melynas-su-priekaba-nuo-3-metu.jpg\" \/>\n\t<meta property=\"og:image:width\" content=\"1000\" \/>\n\t<meta property=\"og:image:height\" content=\"1000\" \/>\n\t<meta property=\"og:image:type\" content=\"image\/jpeg\" \/>\n<meta name=\"twitter:card\" content=\"summary_large_image\" \/>\n<meta name=\"twitter:label1\" content=\"Est. reading time\" \/>\n\t<meta name=\"twitter:data1\" content=\"1 min\u016bte\" \/>\n<script type=\"application\/ld+json\" class=\"yoast-schema-graph\">{\"@context\":\"https:\\\/\\\/schema.org\",\"@graph\":[{\"@type\":\"WebPage\",\"@id\":\"https:\\\/\\\/kidsplay.lt\\\/produktas\\\/falk-pedalinis-traktorius-melynas-su-priekaba-nuo-3-metu\\\/\",\"url\":\"https:\\\/\\\/kidsplay.lt\\\/produktas\\\/falk-pedalinis-traktorius-melynas-su-priekaba-nuo-3-metu\\\/\",\"name\":\"FALK pedalinis traktorius m\u0117lynas su priekaba nuo 3 met\u0173\",\"isPartOf\":{\"@id\":\"https:\\\/\\\/kidsplay.lt\\\/#website\"},\"primaryImageOfPage\":{\"@id\":\"https:\\\/\\\/kidsplay.lt\\\/produktas\\\/falk-pedalinis-traktorius-melynas-su-priekaba-nuo-3-metu\\\/#primaryimage\"},\"image\":{\"@id\":\"https:\\\/\\\/kidsplay.lt\\\/produktas\\\/falk-pedalinis-traktorius-melynas-su-priekaba-nuo-3-metu\\\/#primaryimage\"},\"thumbnailUrl\":\"https:\\\/\\\/kidsplay.lt\\\/wp-content\\\/uploads\\\/2025\\\/03\\\/FALK-pedalinis-traktorius-melynas-su-priekaba-nuo-3-metu.jpg\",\"datePublished\":\"2026-02-26T07:37:14+00:00\",\"dateModified\":\"2026-04-07T07:51:21+00:00\",\"description\":\"FALK pedalinis traktorius m\u0117lynas su priekaba nuo 3 met\u0173 - KidsPlay. Did\u017eiausias vaik\u0173 \u017eaisl\u0173 pasirinkimas.\",\"breadcrumb\":{\"@id\":\"https:\\\/\\\/kidsplay.lt\\\/produktas\\\/falk-pedalinis-traktorius-melynas-su-priekaba-nuo-3-metu\\\/#breadcrumb\"},\"inLanguage\":\"lv-LV\",\"potentialAction\":[{\"@type\":\"ReadAction\",\"target\":[\"https:\\\/\\\/kidsplay.lt\\\/produktas\\\/falk-pedalinis-traktorius-melynas-su-priekaba-nuo-3-metu\\\/\"]}]},{\"@type\":\"ImageObject\",\"inLanguage\":\"lv-LV\",\"@id\":\"https:\\\/\\\/kidsplay.lt\\\/produktas\\\/falk-pedalinis-traktorius-melynas-su-priekaba-nuo-3-metu\\\/#primaryimage\",\"url\":\"https:\\\/\\\/kidsplay.lt\\\/wp-content\\\/uploads\\\/2025\\\/03\\\/FALK-pedalinis-traktorius-melynas-su-priekaba-nuo-3-metu.jpg\",\"contentUrl\":\"https:\\\/\\\/kidsplay.lt\\\/wp-content\\\/uploads\\\/2025\\\/03\\\/FALK-pedalinis-traktorius-melynas-su-priekaba-nuo-3-metu.jpg\",\"width\":1000,\"height\":1000,\"caption\":\"FALK pedalinis traktorius m\u0117lynas su priekaba nuo 3 met\u0173\"},{\"@type\":\"BreadcrumbList\",\"@id\":\"https:\\\/\\\/kidsplay.lt\\\/produktas\\\/falk-pedalinis-traktorius-melynas-su-priekaba-nuo-3-metu\\\/#breadcrumb\",\"itemListElement\":[{\"@type\":\"ListItem\",\"position\":1,\"name\":\"Pagrindinis\",\"item\":\"https:\\\/\\\/kidsplay.lt\\\/\"},{\"@type\":\"ListItem\",\"position\":2,\"name\":\"Parduotuv\u0117\",\"item\":\"https:\\\/\\\/kidsplay.lt\\\/parduotuve\\\/\"},{\"@type\":\"ListItem\",\"position\":3,\"name\":\"FALK pedalinis traktorius m\u0117lynas su priekaba nuo 3 met\u0173\"}]},{\"@type\":\"WebSite\",\"@id\":\"https:\\\/\\\/kidsplay.lt\\\/#website\",\"url\":\"https:\\\/\\\/kidsplay.lt\\\/\",\"name\":\"Kidsplay.lt\",\"description\":\"\u012evairios prek\u0117s vaikams\",\"publisher\":{\"@id\":\"https:\\\/\\\/kidsplay.lt\\\/#organization\"},\"alternateName\":\"Kidsplay\",\"potentialAction\":[{\"@type\":\"SearchAction\",\"target\":{\"@type\":\"EntryPoint\",\"urlTemplate\":\"https:\\\/\\\/kidsplay.lt\\\/?s={search_term_string}\"},\"query-input\":{\"@type\":\"PropertyValueSpecification\",\"valueRequired\":true,\"valueName\":\"search_term_string\"}}],\"inLanguage\":\"lv-LV\"},{\"@type\":\"Organization\",\"@id\":\"https:\\\/\\\/kidsplay.lt\\\/#organization\",\"name\":\"KidsPlay\",\"url\":\"https:\\\/\\\/kidsplay.lt\\\/\",\"logo\":{\"@type\":\"ImageObject\",\"inLanguage\":\"lv-LV\",\"@id\":\"https:\\\/\\\/kidsplay.lt\\\/#\\\/schema\\\/logo\\\/image\\\/\",\"url\":\"https:\\\/\\\/kidsplay.lt\\\/wp-content\\\/uploads\\\/2023\\\/07\\\/kidsplay-logo.png\",\"contentUrl\":\"https:\\\/\\\/kidsplay.lt\\\/wp-content\\\/uploads\\\/2023\\\/07\\\/kidsplay-logo.png\",\"width\":451,\"height\":98,\"caption\":\"KidsPlay\"},\"image\":{\"@id\":\"https:\\\/\\\/kidsplay.lt\\\/#\\\/schema\\\/logo\\\/image\\\/\"},\"sameAs\":[\"https:\\\/\\\/www.facebook.com\\\/www.kidsplay.lt\"]}]}<\/script>\n<!-- \/ Yoast SEO plugin. -->","yoast_head_json":{"title":"FALK ped\u0101\u013cu traktors, zils, ar piekabi, paredz\u0113ts lieto\u0161anai no 3 gadu vecuma","description":"FALK pedalinis traktorius m\u0117lynas su priekaba nuo 3 met\u0173 - KidsPlay. Did\u017eiausias vaik\u0173 \u017eaisl\u0173 pasirinkimas.","robots":{"index":"index","follow":"follow","max-snippet":"max-snippet:-1","max-image-preview":"max-image-preview:large","max-video-preview":"max-video-preview:-1"},"canonical":"https:\/\/kidsplay.lt\/lv\/products\/falk-pedalinis-traktorius-melynas-su-priekaba-nuo-3-metu\/","og_locale":"lv_LV","og_type":"article","og_title":"FALK pedalinis traktorius m\u0117lynas su priekaba nuo 3 met\u0173","og_description":"FALK pedalinis traktorius m\u0117lynas su priekaba nuo 3 met\u0173 - KidsPlay. Did\u017eiausias vaik\u0173 \u017eaisl\u0173 pasirinkimas.","og_url":"https:\/\/kidsplay.lt\/lv\/products\/falk-pedalinis-traktorius-melynas-su-priekaba-nuo-3-metu\/","og_site_name":"KidsPlay","article_publisher":"https:\/\/www.facebook.com\/www.kidsplay.lt","article_modified_time":"2026-04-07T07:51:21+00:00","og_image":[{"width":1000,"height":1000,"url":"https:\/\/kidsplay.lt\/wp-content\/uploads\/2025\/03\/FALK-pedalinis-traktorius-melynas-su-priekaba-nuo-3-metu.jpg","type":"image\/jpeg"}],"twitter_card":"summary_large_image","twitter_misc":{"Est. reading time":"1 min\u016bte"},"schema":{"@context":"https:\/\/schema.org","@graph":[{"@type":"WebPage","@id":"https:\/\/kidsplay.lt\/produktas\/falk-pedalinis-traktorius-melynas-su-priekaba-nuo-3-metu\/","url":"https:\/\/kidsplay.lt\/produktas\/falk-pedalinis-traktorius-melynas-su-priekaba-nuo-3-metu\/","name":"FALK ped\u0101\u013cu traktors, zils, ar piekabi, paredz\u0113ts lieto\u0161anai no 3 gadu vecuma","isPartOf":{"@id":"https:\/\/kidsplay.lt\/#website"},"primaryImageOfPage":{"@id":"https:\/\/kidsplay.lt\/produktas\/falk-pedalinis-traktorius-melynas-su-priekaba-nuo-3-metu\/#primaryimage"},"image":{"@id":"https:\/\/kidsplay.lt\/produktas\/falk-pedalinis-traktorius-melynas-su-priekaba-nuo-3-metu\/#primaryimage"},"thumbnailUrl":"https:\/\/kidsplay.lt\/wp-content\/uploads\/2025\/03\/FALK-pedalinis-traktorius-melynas-su-priekaba-nuo-3-metu.jpg","datePublished":"2026-02-26T07:37:14+00:00","dateModified":"2026-04-07T07:51:21+00:00","description":"FALK pedalinis traktorius m\u0117lynas su priekaba nuo 3 met\u0173 - KidsPlay. Did\u017eiausias vaik\u0173 \u017eaisl\u0173 pasirinkimas.","breadcrumb":{"@id":"https:\/\/kidsplay.lt\/produktas\/falk-pedalinis-traktorius-melynas-su-priekaba-nuo-3-metu\/#breadcrumb"},"inLanguage":"lv-LV","potentialAction":[{"@type":"ReadAction","target":["https:\/\/kidsplay.lt\/produktas\/falk-pedalinis-traktorius-melynas-su-priekaba-nuo-3-metu\/"]}]},{"@type":"ImageObject","inLanguage":"lv-LV","@id":"https:\/\/kidsplay.lt\/produktas\/falk-pedalinis-traktorius-melynas-su-priekaba-nuo-3-metu\/#primaryimage","url":"https:\/\/kidsplay.lt\/wp-content\/uploads\/2025\/03\/FALK-pedalinis-traktorius-melynas-su-priekaba-nuo-3-metu.jpg","contentUrl":"https:\/\/kidsplay.lt\/wp-content\/uploads\/2025\/03\/FALK-pedalinis-traktorius-melynas-su-priekaba-nuo-3-metu.jpg","width":1000,"height":1000,"caption":"FALK pedalinis traktorius m\u0117lynas su priekaba nuo 3 met\u0173"},{"@type":"BreadcrumbList","@id":"https:\/\/kidsplay.lt\/produktas\/falk-pedalinis-traktorius-melynas-su-priekaba-nuo-3-metu\/#breadcrumb","itemListElement":[{"@type":"ListItem","position":1,"name":"Pagrindinis","item":"https:\/\/kidsplay.lt\/"},{"@type":"ListItem","position":2,"name":"Parduotuv\u0117","item":"https:\/\/kidsplay.lt\/parduotuve\/"},{"@type":"ListItem","position":3,"name":"FALK pedalinis traktorius m\u0117lynas su priekaba nuo 3 met\u0173"}]},{"@type":"WebSite","@id":"https:\/\/kidsplay.lt\/#website","url":"https:\/\/kidsplay.lt\/","name":"B\u0113rnu sp\u0113les.lv","description":"\u012evairios prek\u0117s vaikams","publisher":{"@id":"https:\/\/kidsplay.lt\/#organization"},"alternateName":"Kidsplay","potentialAction":[{"@type":"SearchAction","target":{"@type":"EntryPoint","urlTemplate":"https:\/\/kidsplay.lt\/?s={search_term_string}"},"query-input":{"@type":"PropertyValueSpecification","valueRequired":true,"valueName":"search_term_string"}}],"inLanguage":"lv-LV"},{"@type":"Organization","@id":"https:\/\/kidsplay.lt\/#organization","name":"B\u0113rnu sp\u0113le","url":"https:\/\/kidsplay.lt\/","logo":{"@type":"ImageObject","inLanguage":"lv-LV","@id":"https:\/\/kidsplay.lt\/#\/schema\/logo\/image\/","url":"https:\/\/kidsplay.lt\/wp-content\/uploads\/2023\/07\/kidsplay-logo.png","contentUrl":"https:\/\/kidsplay.lt\/wp-content\/uploads\/2023\/07\/kidsplay-logo.png","width":451,"height":98,"caption":"KidsPlay"},"image":{"@id":"https:\/\/kidsplay.lt\/#\/schema\/logo\/image\/"},"sameAs":["https:\/\/www.facebook.com\/www.kidsplay.lt"]}]}},"_links":{"self":[{"href":"https:\/\/kidsplay.lt\/lv\/wp-json\/wp\/v2\/product\/90079","targetHints":{"allow":["GET"]}}],"collection":[{"href":"https:\/\/kidsplay.lt\/lv\/wp-json\/wp\/v2\/product"}],"about":[{"href":"https:\/\/kidsplay.lt\/lv\/wp-json\/wp\/v2\/types\/product"}],"version-history":[{"count":1,"href":"https:\/\/kidsplay.lt\/lv\/wp-json\/wp\/v2\/product\/90079\/revisions"}],"predecessor-version":[{"id":90080,"href":"https:\/\/kidsplay.lt\/lv\/wp-json\/wp\/v2\/product\/90079\/revisions\/90080"}],"wp:featuredmedia":[{"embeddable":true,"href":"https:\/\/kidsplay.lt\/lv\/wp-json\/wp\/v2\/media\/60587"}],"wp:attachment":[{"href":"https:\/\/kidsplay.lt\/lv\/wp-json\/wp\/v2\/media?parent=90079"}],"wp:term":[{"taxonomy":"product_brand","embeddable":true,"href":"https:\/\/kidsplay.lt\/lv\/wp-json\/wp\/v2\/product_brand?post=90079"},{"taxonomy":"product_cat","embeddable":true,"href":"https:\/\/kidsplay.lt\/lv\/wp-json\/wp\/v2\/product_cat?post=90079"},{"taxonomy":"product_tag","embeddable":true,"href":"https:\/\/kidsplay.lt\/lv\/wp-json\/wp\/v2\/product_tag?post=90079"}],"curies":[{"name":"wp","href":"https:\/\/api.w.org\/{rel}","templated":true}]}}