{"id":90083,"date":"2026-02-26T09:37:19","date_gmt":"2026-02-26T07:37:19","guid":{"rendered":"https:\/\/kidsplay.lt\/produktas\/woopie-mini-stalas-futbolo-zaidimui\/"},"modified":"2026-04-07T10:51:27","modified_gmt":"2026-04-07T07:51:27","slug":"woopie-mini-stalas-futbolo-zaidimui","status":"publish","type":"product","link":"https:\/\/kidsplay.lt\/lv\/products\/woopie-mini-stalas-futbolo-zaidimui\/","title":{"rendered":"WOOPIE MINI galds futbola sp\u0113l\u0113m"},"content":{"rendered":"<p>MINI FUTBOLAS\u00a0yra \u017eaidimas, kuriame yra visas futbolo \u017eaidim\u0173 rinkinys. \u017daidimas intensyvius futbolo \u017eaidimus paver\u010dia \u017eaislais. \u017daidimas padeda sukurti svarbiausius vaiko ir t\u0117v\u0173 santykius ir palaiko draug\u0173 draugyst\u0119. Lavina prot\u0105 ir koncentracij\u0105. \u017daidimo konstrukcija yra visi\u0161kai saugi, tod\u0117l vaikas juo nesusi\u017eeis. \u017daislas puikiai tiks kaip gimtadienio ir Kal\u0117d\u0173 dovana vaikams. Puikus \u017eaidimas \u0161eimos susitikimams ir teminiams vakar\u0117liams su draugais.<\/p>\n<p>Charakteristika:<\/p>\n<p> \t\u017daislas nuo 3 met\u0173.<br \/>\n \t\u017daislas padeda u\u017emegzti svarbius santykius<br \/>\n \tSaugi \u017eaidimo konstrukcija<br \/>\n \tMINI FUTBOLAS\u00a0intensyvius futbolo \u017eaidimus paver\u010dia \u017eaislais.<\/p>\n<p>\u017daidimas vystosi:<\/p>\n<p> \tprotas,<br \/>\n \tfokusavimas,<br \/>\n \tdraugyst\u0117 ir \u0161eimos santykiai.<\/p>\n<p>Komplekt\u0101 ietilpst:<\/p>\n<p>1 dalies futbolo rinkinys<\/p>","protected":false},"excerpt":{"rendered":"<p>MINI FUTBOLAS\u00a0yra \u017eaidimas, kuriame yra visas futbolo \u017eaidim\u0173 rinkinys. \u017daidimas intensyvius futbolo \u017eaidimus paver\u010dia \u017eaislais. \u017daidimas padeda sukurti svarbiausius vaiko<\/p>","protected":false},"featured_media":51297,"template":"","meta":{"_acf_changed":false,"_glsr_average":0,"_glsr_ranking":0,"_glsr_reviews":0},"product_brand":[],"product_cat":[445,229],"product_tag":[],"class_list":{"0":"post-90083","1":"product","2":"type-product","3":"status-publish","4":"has-post-thumbnail","6":"product_cat-stalo-zaidimai","7":"product_cat-zaislai-vaikams","8":"\"style=\"background-color: #2ecc711c;\"","10":"first","11":"instock","12":"purchasable","13":"product-type-simple"},"acf":[],"yoast_head":"<!-- This site is optimized with the Yoast SEO plugin v27.3 - https:\/\/yoast.com\/product\/yoast-seo-wordpress\/ -->\n<title>WOOPIE MINI stalas futbolo \u017eaidimui<\/title>\n<meta name=\"description\" content=\"WOOPIE MINI stalas futbolo \u017eaidimui - KidsPlay. Did\u017eiausias vaik\u0173 \u017eaisl\u0173 pasirinkimas.\" \/>\n<meta name=\"robots\" content=\"index, follow, max-snippet:-1, max-image-preview:large, max-video-preview:-1\" \/>\n<link rel=\"canonical\" href=\"https:\/\/kidsplay.lt\/lv\/products\/woopie-mini-stalas-futbolo-zaidimui\/\" \/>\n<meta property=\"og:locale\" content=\"lv_LV\" \/>\n<meta property=\"og:type\" content=\"article\" \/>\n<meta property=\"og:title\" content=\"WOOPIE MINI stalas futbolo \u017eaidimui\" \/>\n<meta property=\"og:description\" content=\"WOOPIE MINI stalas futbolo \u017eaidimui - KidsPlay. Did\u017eiausias vaik\u0173 \u017eaisl\u0173 pasirinkimas.\" \/>\n<meta property=\"og:url\" content=\"https:\/\/kidsplay.lt\/lv\/products\/woopie-mini-stalas-futbolo-zaidimui\/\" \/>\n<meta property=\"og:site_name\" content=\"KidsPlay\" \/>\n<meta property=\"article:publisher\" content=\"https:\/\/www.facebook.com\/www.kidsplay.lt\" \/>\n<meta property=\"article:modified_time\" content=\"2026-04-07T07:51:27+00:00\" \/>\n<meta property=\"og:image\" content=\"https:\/\/kidsplay.lt\/wp-content\/uploads\/2024\/09\/WOOPIE-MINI-stalas-futbolo-zaidimui-4.jpg\" \/>\n\t<meta property=\"og:image:width\" content=\"1000\" \/>\n\t<meta property=\"og:image:height\" content=\"1000\" \/>\n\t<meta property=\"og:image:type\" content=\"image\/jpeg\" \/>\n<meta name=\"twitter:card\" content=\"summary_large_image\" \/>\n<meta name=\"twitter:label1\" content=\"Est. reading time\" \/>\n\t<meta name=\"twitter:data1\" content=\"1 min\u016bte\" \/>\n<script type=\"application\/ld+json\" class=\"yoast-schema-graph\">{\"@context\":\"https:\\\/\\\/schema.org\",\"@graph\":[{\"@type\":\"WebPage\",\"@id\":\"https:\\\/\\\/kidsplay.lt\\\/produktas\\\/woopie-mini-stalas-futbolo-zaidimui\\\/\",\"url\":\"https:\\\/\\\/kidsplay.lt\\\/produktas\\\/woopie-mini-stalas-futbolo-zaidimui\\\/\",\"name\":\"WOOPIE MINI stalas futbolo \u017eaidimui\",\"isPartOf\":{\"@id\":\"https:\\\/\\\/kidsplay.lt\\\/#website\"},\"primaryImageOfPage\":{\"@id\":\"https:\\\/\\\/kidsplay.lt\\\/produktas\\\/woopie-mini-stalas-futbolo-zaidimui\\\/#primaryimage\"},\"image\":{\"@id\":\"https:\\\/\\\/kidsplay.lt\\\/produktas\\\/woopie-mini-stalas-futbolo-zaidimui\\\/#primaryimage\"},\"thumbnailUrl\":\"https:\\\/\\\/kidsplay.lt\\\/wp-content\\\/uploads\\\/2024\\\/09\\\/WOOPIE-MINI-stalas-futbolo-zaidimui-4.jpg\",\"datePublished\":\"2026-02-26T07:37:19+00:00\",\"dateModified\":\"2026-04-07T07:51:27+00:00\",\"description\":\"WOOPIE MINI stalas futbolo \u017eaidimui - KidsPlay. Did\u017eiausias vaik\u0173 \u017eaisl\u0173 pasirinkimas.\",\"breadcrumb\":{\"@id\":\"https:\\\/\\\/kidsplay.lt\\\/produktas\\\/woopie-mini-stalas-futbolo-zaidimui\\\/#breadcrumb\"},\"inLanguage\":\"lv-LV\",\"potentialAction\":[{\"@type\":\"ReadAction\",\"target\":[\"https:\\\/\\\/kidsplay.lt\\\/produktas\\\/woopie-mini-stalas-futbolo-zaidimui\\\/\"]}]},{\"@type\":\"ImageObject\",\"inLanguage\":\"lv-LV\",\"@id\":\"https:\\\/\\\/kidsplay.lt\\\/produktas\\\/woopie-mini-stalas-futbolo-zaidimui\\\/#primaryimage\",\"url\":\"https:\\\/\\\/kidsplay.lt\\\/wp-content\\\/uploads\\\/2024\\\/09\\\/WOOPIE-MINI-stalas-futbolo-zaidimui-4.jpg\",\"contentUrl\":\"https:\\\/\\\/kidsplay.lt\\\/wp-content\\\/uploads\\\/2024\\\/09\\\/WOOPIE-MINI-stalas-futbolo-zaidimui-4.jpg\",\"width\":1000,\"height\":1000,\"caption\":\"WOOPIE MINI stalas futbolo \u017eaidimui\"},{\"@type\":\"BreadcrumbList\",\"@id\":\"https:\\\/\\\/kidsplay.lt\\\/produktas\\\/woopie-mini-stalas-futbolo-zaidimui\\\/#breadcrumb\",\"itemListElement\":[{\"@type\":\"ListItem\",\"position\":1,\"name\":\"Pagrindinis\",\"item\":\"https:\\\/\\\/kidsplay.lt\\\/\"},{\"@type\":\"ListItem\",\"position\":2,\"name\":\"Parduotuv\u0117\",\"item\":\"https:\\\/\\\/kidsplay.lt\\\/parduotuve\\\/\"},{\"@type\":\"ListItem\",\"position\":3,\"name\":\"WOOPIE MINI stalas futbolo \u017eaidimui\"}]},{\"@type\":\"WebSite\",\"@id\":\"https:\\\/\\\/kidsplay.lt\\\/#website\",\"url\":\"https:\\\/\\\/kidsplay.lt\\\/\",\"name\":\"Kidsplay.lt\",\"description\":\"\u012evairios prek\u0117s vaikams\",\"publisher\":{\"@id\":\"https:\\\/\\\/kidsplay.lt\\\/#organization\"},\"alternateName\":\"Kidsplay\",\"potentialAction\":[{\"@type\":\"SearchAction\",\"target\":{\"@type\":\"EntryPoint\",\"urlTemplate\":\"https:\\\/\\\/kidsplay.lt\\\/?s={search_term_string}\"},\"query-input\":{\"@type\":\"PropertyValueSpecification\",\"valueRequired\":true,\"valueName\":\"search_term_string\"}}],\"inLanguage\":\"lv-LV\"},{\"@type\":\"Organization\",\"@id\":\"https:\\\/\\\/kidsplay.lt\\\/#organization\",\"name\":\"KidsPlay\",\"url\":\"https:\\\/\\\/kidsplay.lt\\\/\",\"logo\":{\"@type\":\"ImageObject\",\"inLanguage\":\"lv-LV\",\"@id\":\"https:\\\/\\\/kidsplay.lt\\\/#\\\/schema\\\/logo\\\/image\\\/\",\"url\":\"https:\\\/\\\/kidsplay.lt\\\/wp-content\\\/uploads\\\/2023\\\/07\\\/kidsplay-logo.png\",\"contentUrl\":\"https:\\\/\\\/kidsplay.lt\\\/wp-content\\\/uploads\\\/2023\\\/07\\\/kidsplay-logo.png\",\"width\":451,\"height\":98,\"caption\":\"KidsPlay\"},\"image\":{\"@id\":\"https:\\\/\\\/kidsplay.lt\\\/#\\\/schema\\\/logo\\\/image\\\/\"},\"sameAs\":[\"https:\\\/\\\/www.facebook.com\\\/www.kidsplay.lt\"]}]}<\/script>\n<!-- \/ Yoast SEO plugin. -->","yoast_head_json":{"title":"WOOPIE MINI galds futbola sp\u0113l\u0113m","description":"WOOPIE MINI stalas futbolo \u017eaidimui - KidsPlay. Did\u017eiausias vaik\u0173 \u017eaisl\u0173 pasirinkimas.","robots":{"index":"index","follow":"follow","max-snippet":"max-snippet:-1","max-image-preview":"max-image-preview:large","max-video-preview":"max-video-preview:-1"},"canonical":"https:\/\/kidsplay.lt\/lv\/products\/woopie-mini-stalas-futbolo-zaidimui\/","og_locale":"lv_LV","og_type":"article","og_title":"WOOPIE MINI stalas futbolo \u017eaidimui","og_description":"WOOPIE MINI stalas futbolo \u017eaidimui - KidsPlay. Did\u017eiausias vaik\u0173 \u017eaisl\u0173 pasirinkimas.","og_url":"https:\/\/kidsplay.lt\/lv\/products\/woopie-mini-stalas-futbolo-zaidimui\/","og_site_name":"KidsPlay","article_publisher":"https:\/\/www.facebook.com\/www.kidsplay.lt","article_modified_time":"2026-04-07T07:51:27+00:00","og_image":[{"width":1000,"height":1000,"url":"https:\/\/kidsplay.lt\/wp-content\/uploads\/2024\/09\/WOOPIE-MINI-stalas-futbolo-zaidimui-4.jpg","type":"image\/jpeg"}],"twitter_card":"summary_large_image","twitter_misc":{"Est. reading time":"1 min\u016bte"},"schema":{"@context":"https:\/\/schema.org","@graph":[{"@type":"WebPage","@id":"https:\/\/kidsplay.lt\/produktas\/woopie-mini-stalas-futbolo-zaidimui\/","url":"https:\/\/kidsplay.lt\/produktas\/woopie-mini-stalas-futbolo-zaidimui\/","name":"WOOPIE MINI galds futbola sp\u0113l\u0113m","isPartOf":{"@id":"https:\/\/kidsplay.lt\/#website"},"primaryImageOfPage":{"@id":"https:\/\/kidsplay.lt\/produktas\/woopie-mini-stalas-futbolo-zaidimui\/#primaryimage"},"image":{"@id":"https:\/\/kidsplay.lt\/produktas\/woopie-mini-stalas-futbolo-zaidimui\/#primaryimage"},"thumbnailUrl":"https:\/\/kidsplay.lt\/wp-content\/uploads\/2024\/09\/WOOPIE-MINI-stalas-futbolo-zaidimui-4.jpg","datePublished":"2026-02-26T07:37:19+00:00","dateModified":"2026-04-07T07:51:27+00:00","description":"WOOPIE MINI stalas futbolo \u017eaidimui - KidsPlay. Did\u017eiausias vaik\u0173 \u017eaisl\u0173 pasirinkimas.","breadcrumb":{"@id":"https:\/\/kidsplay.lt\/produktas\/woopie-mini-stalas-futbolo-zaidimui\/#breadcrumb"},"inLanguage":"lv-LV","potentialAction":[{"@type":"ReadAction","target":["https:\/\/kidsplay.lt\/produktas\/woopie-mini-stalas-futbolo-zaidimui\/"]}]},{"@type":"ImageObject","inLanguage":"lv-LV","@id":"https:\/\/kidsplay.lt\/produktas\/woopie-mini-stalas-futbolo-zaidimui\/#primaryimage","url":"https:\/\/kidsplay.lt\/wp-content\/uploads\/2024\/09\/WOOPIE-MINI-stalas-futbolo-zaidimui-4.jpg","contentUrl":"https:\/\/kidsplay.lt\/wp-content\/uploads\/2024\/09\/WOOPIE-MINI-stalas-futbolo-zaidimui-4.jpg","width":1000,"height":1000,"caption":"WOOPIE MINI stalas futbolo \u017eaidimui"},{"@type":"BreadcrumbList","@id":"https:\/\/kidsplay.lt\/produktas\/woopie-mini-stalas-futbolo-zaidimui\/#breadcrumb","itemListElement":[{"@type":"ListItem","position":1,"name":"Pagrindinis","item":"https:\/\/kidsplay.lt\/"},{"@type":"ListItem","position":2,"name":"Parduotuv\u0117","item":"https:\/\/kidsplay.lt\/parduotuve\/"},{"@type":"ListItem","position":3,"name":"WOOPIE MINI stalas futbolo \u017eaidimui"}]},{"@type":"WebSite","@id":"https:\/\/kidsplay.lt\/#website","url":"https:\/\/kidsplay.lt\/","name":"B\u0113rnu sp\u0113les.lv","description":"\u012evairios prek\u0117s vaikams","publisher":{"@id":"https:\/\/kidsplay.lt\/#organization"},"alternateName":"Kidsplay","potentialAction":[{"@type":"SearchAction","target":{"@type":"EntryPoint","urlTemplate":"https:\/\/kidsplay.lt\/?s={search_term_string}"},"query-input":{"@type":"PropertyValueSpecification","valueRequired":true,"valueName":"search_term_string"}}],"inLanguage":"lv-LV"},{"@type":"Organization","@id":"https:\/\/kidsplay.lt\/#organization","name":"B\u0113rnu sp\u0113le","url":"https:\/\/kidsplay.lt\/","logo":{"@type":"ImageObject","inLanguage":"lv-LV","@id":"https:\/\/kidsplay.lt\/#\/schema\/logo\/image\/","url":"https:\/\/kidsplay.lt\/wp-content\/uploads\/2023\/07\/kidsplay-logo.png","contentUrl":"https:\/\/kidsplay.lt\/wp-content\/uploads\/2023\/07\/kidsplay-logo.png","width":451,"height":98,"caption":"KidsPlay"},"image":{"@id":"https:\/\/kidsplay.lt\/#\/schema\/logo\/image\/"},"sameAs":["https:\/\/www.facebook.com\/www.kidsplay.lt"]}]}},"_links":{"self":[{"href":"https:\/\/kidsplay.lt\/lv\/wp-json\/wp\/v2\/product\/90083","targetHints":{"allow":["GET"]}}],"collection":[{"href":"https:\/\/kidsplay.lt\/lv\/wp-json\/wp\/v2\/product"}],"about":[{"href":"https:\/\/kidsplay.lt\/lv\/wp-json\/wp\/v2\/types\/product"}],"version-history":[{"count":1,"href":"https:\/\/kidsplay.lt\/lv\/wp-json\/wp\/v2\/product\/90083\/revisions"}],"predecessor-version":[{"id":90084,"href":"https:\/\/kidsplay.lt\/lv\/wp-json\/wp\/v2\/product\/90083\/revisions\/90084"}],"wp:featuredmedia":[{"embeddable":true,"href":"https:\/\/kidsplay.lt\/lv\/wp-json\/wp\/v2\/media\/51297"}],"wp:attachment":[{"href":"https:\/\/kidsplay.lt\/lv\/wp-json\/wp\/v2\/media?parent=90083"}],"wp:term":[{"taxonomy":"product_brand","embeddable":true,"href":"https:\/\/kidsplay.lt\/lv\/wp-json\/wp\/v2\/product_brand?post=90083"},{"taxonomy":"product_cat","embeddable":true,"href":"https:\/\/kidsplay.lt\/lv\/wp-json\/wp\/v2\/product_cat?post=90083"},{"taxonomy":"product_tag","embeddable":true,"href":"https:\/\/kidsplay.lt\/lv\/wp-json\/wp\/v2\/product_tag?post=90083"}],"curies":[{"name":"wp","href":"https:\/\/api.w.org\/{rel}","templated":true}]}}