{"id":90085,"date":"2026-02-26T09:37:21","date_gmt":"2026-02-26T07:37:21","guid":{"rendered":"https:\/\/kidsplay.lt\/produktas\/woopie-vandens-pistoletas-su-kuprine-ufo-monster-talpa-21-l\/"},"modified":"2026-04-07T10:51:30","modified_gmt":"2026-04-07T07:51:30","slug":"woopie-vandens-pistoletas-su-kuprine-ufo-monster-talpa-21-l","status":"publish","type":"product","link":"https:\/\/kidsplay.lt\/lv\/products\/woopie-vandens-pistoletas-su-kuprine-ufo-monster-talpa-21-l\/","title":{"rendered":"WOOPIE \u016bdens pistole ar mugursomu UFO MONSTER \u2013 Tilpums 2,1 l"},"content":{"rendered":"<p>Pristatome unikal\u0173\u00a0vandens pistolet\u0105 su kuprine\u00a0, kuris \u0161iltomis vasaros dienomis suteiks j\u016bs\u0173 vaikui daug d\u017eiaugsmo ir malonumo.\u00a0Spalvinga kuprin\u0117, suformuota kaip draugi\u0161kas ateivis,\u00a0turi reguliuojam\u0105 dir\u017eel\u012f, leid\u017eiant\u012f j\u016bs\u0173 vaikui patogiai ne\u0161iotis j\u0105 ant peties \u017eaid\u017eiant. Vanduo laikomas sandariame bake su sandariu sandarikliu, kuris\u00a0apsaugo nuo pratek\u0117jimo ir u\u017etikrina patog\u0173 naudojim\u0105\u00a0. Vandens pistoletas turi du re\u017eimus: tiksl\u0173 \u0161\u016bv\u012f su\u00a05\u20138 metr\u0173 atstumu\u00a0ir pur\u0161kimo re\u017eim\u0105, kuris sukuria smulk\u0173 vandens r\u016bk\u0105, puikiai tinkant\u012f atsiv\u0117sinti kar\u0161tomis dienomis. Abu re\u017eimus galima\u00a0lengvai perjungti\u00a0, pritaikant \u017eaidim\u0105 pagal j\u016bs\u0173 poreikius. Rinkinys yra\u00a0lengvas ir patogus\u00a0, tod\u0117l j\u016bs\u0173 vaikas gali laisvai b\u0117gioti ir m\u0117gautis aktyviu \u017eaidimu lauke \u2013 sode, parke ar papl\u016bdimyje. Tai puiki veikla, kuri\u00a0paskatins vaikus b\u016bti fizi\u0161kai aktyviems\u00a0. \u017daidimas su vandens pistoletu yra ne tik smagus, bet ir lavina svarbius motorinius \u012fg\u016bd\u017eius, aki\u0173 ir rank\u0173 koordinacij\u0105 bei k\u016brybi\u0161kum\u0105 \u017eaid\u017eiant vaidmenimis \u012fvairius scenarijus. \u0160io gaminio d\u0117ka vaikas gali tyrin\u0117ti pasaul\u012f, lavinti savo poj\u016b\u010dius ir tuo pa\u010diu metu smagiai praleisti laik\u0105 su draugais ar broliais ir seserimis.<\/p>\n<p>Rakstur\u012bgs:<\/p>\n<p> \t&#8211; \u017daislas vaikams\u00a0nuo 3 met\u0173 am\u017eiaus\u00a0\u2013 saugus ir pritaikytas ma\u017eyli\u0173 poreikiams.<br \/>\n \t&#8211;\u00a0\u00a0Spalvinga ateivio formos kuprin\u0117\u00a0su reguliuojamu pe\u010di\u0173 dir\u017eeliu<br \/>\n \t&#8211;\u00a0\u00a0Vandens pistoletas\u00a0su dviem re\u017eimais: tiksliu \u0161\u016bviu iki 8 metr\u0173 atstumu ir pur\u0161kimo re\u017eimu<br \/>\n \t&#8211;\u00a0\u00a0Apsauginis sandariklis,\u00a0u\u017etikrinantis visi\u0161k\u0105 sandarum\u0105 ir patog\u0173 \u017eaidim\u0105<br \/>\n \t&#8211;\u00a0\u00a0Pagaminta i\u0161 patvari\u0173 ir saugi\u0173 med\u017eiag\u0173\u00a0, atspari\u0173 mechaniniams pa\u017eeidimams<br \/>\n \t&#8211;\u00a0\u00a0Lengvas vandens bako pripildymas\u00a0ir patogus pistoleto valdymas<br \/>\n \t&#8211;\u00a0\u00a0Puikiai tinka vasarai \u2013 sodui, parkui, papl\u016bdimiui ir kitai lauko veiklai<\/p>\n<p>Rota\u013clieta att\u012bst\u0101s:<\/p>\n<p> \t&#8211; Rank\u0173 miklumas ir tiksli rank\u0173 bei aki\u0173 koordinacija.<br \/>\n \t&#8211; K\u016brybi\u0161kumas ir vaizduot\u0117<br \/>\n \t&#8211; Geb\u0117jimas bendradarbiauti ir konkuruoti<br \/>\n \t&#8211; Lyt\u0117jimo poj\u016btis ir motoriniai \u012fg\u016bd\u017eiai<\/p>\n<p>Pakuot\u0117s matmenys\u00a0: 24 x 21 x 10 (cm)<\/p>","protected":false},"excerpt":{"rendered":"<p>Pristatome unikal\u0173\u00a0vandens pistolet\u0105 su kuprine\u00a0, kuris \u0161iltomis vasaros dienomis suteiks j\u016bs\u0173 vaikui daug d\u017eiaugsmo ir malonumo.\u00a0Spalvinga kuprin\u0117, suformuota kaip draugi\u0161kas<\/p>","protected":false},"featured_media":76660,"template":"","meta":{"_acf_changed":false,"_glsr_average":0,"_glsr_ranking":0,"_glsr_reviews":0},"product_brand":[],"product_cat":[233,457],"product_tag":[],"class_list":{"0":"post-90085","1":"product","2":"type-product","3":"status-publish","4":"has-post-thumbnail","6":"product_cat-lauko-pramogos","7":"product_cat-sautuvai","8":"\"style=\"background-color: #2ecc711c;\"","10":"first","11":"instock","12":"purchasable","13":"product-type-simple"},"acf":[],"yoast_head":"<!-- This site is optimized with the Yoast SEO plugin v27.3 - https:\/\/yoast.com\/product\/yoast-seo-wordpress\/ -->\n<title>WOOPIE vandens pistoletas su kuprine UFO MONSTER &#8211; Talpa 2,1 l<\/title>\n<meta name=\"description\" content=\"WOOPIE vandens pistoletas su kuprine UFO MONSTER &#8211; Talpa 2,1 l - KidsPlay. Did\u017eiausias vaik\u0173 \u017eaisl\u0173 pasirinkimas.\" \/>\n<meta name=\"robots\" content=\"index, follow, max-snippet:-1, max-image-preview:large, max-video-preview:-1\" \/>\n<link rel=\"canonical\" href=\"https:\/\/kidsplay.lt\/lv\/products\/woopie-vandens-pistoletas-su-kuprine-ufo-monster-talpa-21-l\/\" \/>\n<meta property=\"og:locale\" content=\"lv_LV\" \/>\n<meta property=\"og:type\" content=\"article\" \/>\n<meta property=\"og:title\" content=\"WOOPIE vandens pistoletas su kuprine UFO MONSTER &#8211; Talpa 2,1 l\" \/>\n<meta property=\"og:description\" content=\"WOOPIE vandens pistoletas su kuprine UFO MONSTER &#8211; Talpa 2,1 l - KidsPlay. Did\u017eiausias vaik\u0173 \u017eaisl\u0173 pasirinkimas.\" \/>\n<meta property=\"og:url\" content=\"https:\/\/kidsplay.lt\/lv\/products\/woopie-vandens-pistoletas-su-kuprine-ufo-monster-talpa-21-l\/\" \/>\n<meta property=\"og:site_name\" content=\"KidsPlay\" \/>\n<meta property=\"article:publisher\" content=\"https:\/\/www.facebook.com\/www.kidsplay.lt\" \/>\n<meta property=\"article:modified_time\" content=\"2026-04-07T07:51:30+00:00\" \/>\n<meta property=\"og:image\" content=\"https:\/\/kidsplay.lt\/wp-content\/uploads\/2025\/10\/WOOPIE-vandens-pistoletas-su-kuprine-UFO-MONSTER-8211-Talpa-21-l.jpg\" \/>\n\t<meta property=\"og:image:width\" content=\"1000\" \/>\n\t<meta property=\"og:image:height\" content=\"1000\" \/>\n\t<meta property=\"og:image:type\" content=\"image\/jpeg\" \/>\n<meta name=\"twitter:card\" content=\"summary_large_image\" \/>\n<meta name=\"twitter:label1\" content=\"Est. reading time\" \/>\n\t<meta name=\"twitter:data1\" content=\"2 min\u016btes\" \/>\n<script type=\"application\/ld+json\" class=\"yoast-schema-graph\">{\"@context\":\"https:\\\/\\\/schema.org\",\"@graph\":[{\"@type\":\"WebPage\",\"@id\":\"https:\\\/\\\/kidsplay.lt\\\/produktas\\\/woopie-vandens-pistoletas-su-kuprine-ufo-monster-talpa-21-l\\\/\",\"url\":\"https:\\\/\\\/kidsplay.lt\\\/produktas\\\/woopie-vandens-pistoletas-su-kuprine-ufo-monster-talpa-21-l\\\/\",\"name\":\"WOOPIE vandens pistoletas su kuprine UFO MONSTER &#8211; Talpa 2,1 l\",\"isPartOf\":{\"@id\":\"https:\\\/\\\/kidsplay.lt\\\/#website\"},\"primaryImageOfPage\":{\"@id\":\"https:\\\/\\\/kidsplay.lt\\\/produktas\\\/woopie-vandens-pistoletas-su-kuprine-ufo-monster-talpa-21-l\\\/#primaryimage\"},\"image\":{\"@id\":\"https:\\\/\\\/kidsplay.lt\\\/produktas\\\/woopie-vandens-pistoletas-su-kuprine-ufo-monster-talpa-21-l\\\/#primaryimage\"},\"thumbnailUrl\":\"https:\\\/\\\/kidsplay.lt\\\/wp-content\\\/uploads\\\/2025\\\/10\\\/WOOPIE-vandens-pistoletas-su-kuprine-UFO-MONSTER-8211-Talpa-21-l.jpg\",\"datePublished\":\"2026-02-26T07:37:21+00:00\",\"dateModified\":\"2026-04-07T07:51:30+00:00\",\"description\":\"WOOPIE vandens pistoletas su kuprine UFO MONSTER &#8211; Talpa 2,1 l - KidsPlay. Did\u017eiausias vaik\u0173 \u017eaisl\u0173 pasirinkimas.\",\"breadcrumb\":{\"@id\":\"https:\\\/\\\/kidsplay.lt\\\/produktas\\\/woopie-vandens-pistoletas-su-kuprine-ufo-monster-talpa-21-l\\\/#breadcrumb\"},\"inLanguage\":\"lv-LV\",\"potentialAction\":[{\"@type\":\"ReadAction\",\"target\":[\"https:\\\/\\\/kidsplay.lt\\\/produktas\\\/woopie-vandens-pistoletas-su-kuprine-ufo-monster-talpa-21-l\\\/\"]}]},{\"@type\":\"ImageObject\",\"inLanguage\":\"lv-LV\",\"@id\":\"https:\\\/\\\/kidsplay.lt\\\/produktas\\\/woopie-vandens-pistoletas-su-kuprine-ufo-monster-talpa-21-l\\\/#primaryimage\",\"url\":\"https:\\\/\\\/kidsplay.lt\\\/wp-content\\\/uploads\\\/2025\\\/10\\\/WOOPIE-vandens-pistoletas-su-kuprine-UFO-MONSTER-8211-Talpa-21-l.jpg\",\"contentUrl\":\"https:\\\/\\\/kidsplay.lt\\\/wp-content\\\/uploads\\\/2025\\\/10\\\/WOOPIE-vandens-pistoletas-su-kuprine-UFO-MONSTER-8211-Talpa-21-l.jpg\",\"width\":1000,\"height\":1000,\"caption\":\"WOOPIE vandens pistoletas su kuprine UFO MONSTER &#8211; Talpa 2\"},{\"@type\":\"BreadcrumbList\",\"@id\":\"https:\\\/\\\/kidsplay.lt\\\/produktas\\\/woopie-vandens-pistoletas-su-kuprine-ufo-monster-talpa-21-l\\\/#breadcrumb\",\"itemListElement\":[{\"@type\":\"ListItem\",\"position\":1,\"name\":\"Pagrindinis\",\"item\":\"https:\\\/\\\/kidsplay.lt\\\/\"},{\"@type\":\"ListItem\",\"position\":2,\"name\":\"Parduotuv\u0117\",\"item\":\"https:\\\/\\\/kidsplay.lt\\\/parduotuve\\\/\"},{\"@type\":\"ListItem\",\"position\":3,\"name\":\"WOOPIE vandens pistoletas su kuprine UFO MONSTER &#8211; Talpa 2,1 l\"}]},{\"@type\":\"WebSite\",\"@id\":\"https:\\\/\\\/kidsplay.lt\\\/#website\",\"url\":\"https:\\\/\\\/kidsplay.lt\\\/\",\"name\":\"Kidsplay.lt\",\"description\":\"\u012evairios prek\u0117s vaikams\",\"publisher\":{\"@id\":\"https:\\\/\\\/kidsplay.lt\\\/#organization\"},\"alternateName\":\"Kidsplay\",\"potentialAction\":[{\"@type\":\"SearchAction\",\"target\":{\"@type\":\"EntryPoint\",\"urlTemplate\":\"https:\\\/\\\/kidsplay.lt\\\/?s={search_term_string}\"},\"query-input\":{\"@type\":\"PropertyValueSpecification\",\"valueRequired\":true,\"valueName\":\"search_term_string\"}}],\"inLanguage\":\"lv-LV\"},{\"@type\":\"Organization\",\"@id\":\"https:\\\/\\\/kidsplay.lt\\\/#organization\",\"name\":\"KidsPlay\",\"url\":\"https:\\\/\\\/kidsplay.lt\\\/\",\"logo\":{\"@type\":\"ImageObject\",\"inLanguage\":\"lv-LV\",\"@id\":\"https:\\\/\\\/kidsplay.lt\\\/#\\\/schema\\\/logo\\\/image\\\/\",\"url\":\"https:\\\/\\\/kidsplay.lt\\\/wp-content\\\/uploads\\\/2023\\\/07\\\/kidsplay-logo.png\",\"contentUrl\":\"https:\\\/\\\/kidsplay.lt\\\/wp-content\\\/uploads\\\/2023\\\/07\\\/kidsplay-logo.png\",\"width\":451,\"height\":98,\"caption\":\"KidsPlay\"},\"image\":{\"@id\":\"https:\\\/\\\/kidsplay.lt\\\/#\\\/schema\\\/logo\\\/image\\\/\"},\"sameAs\":[\"https:\\\/\\\/www.facebook.com\\\/www.kidsplay.lt\"]}]}<\/script>\n<!-- \/ Yoast SEO plugin. -->","yoast_head_json":{"title":"WOOPIE \u016bdens pistole ar mugursomu UFO MONSTER \u2013 Tilpums 2,1 l","description":"WOOPIE vandens pistoletas su kuprine UFO MONSTER &#8211; Talpa 2,1 l - KidsPlay. Did\u017eiausias vaik\u0173 \u017eaisl\u0173 pasirinkimas.","robots":{"index":"index","follow":"follow","max-snippet":"max-snippet:-1","max-image-preview":"max-image-preview:large","max-video-preview":"max-video-preview:-1"},"canonical":"https:\/\/kidsplay.lt\/lv\/products\/woopie-vandens-pistoletas-su-kuprine-ufo-monster-talpa-21-l\/","og_locale":"lv_LV","og_type":"article","og_title":"WOOPIE vandens pistoletas su kuprine UFO MONSTER &#8211; Talpa 2,1 l","og_description":"WOOPIE vandens pistoletas su kuprine UFO MONSTER &#8211; Talpa 2,1 l - KidsPlay. Did\u017eiausias vaik\u0173 \u017eaisl\u0173 pasirinkimas.","og_url":"https:\/\/kidsplay.lt\/lv\/products\/woopie-vandens-pistoletas-su-kuprine-ufo-monster-talpa-21-l\/","og_site_name":"KidsPlay","article_publisher":"https:\/\/www.facebook.com\/www.kidsplay.lt","article_modified_time":"2026-04-07T07:51:30+00:00","og_image":[{"width":1000,"height":1000,"url":"https:\/\/kidsplay.lt\/wp-content\/uploads\/2025\/10\/WOOPIE-vandens-pistoletas-su-kuprine-UFO-MONSTER-8211-Talpa-21-l.jpg","type":"image\/jpeg"}],"twitter_card":"summary_large_image","twitter_misc":{"Est. reading time":"2 min\u016btes"},"schema":{"@context":"https:\/\/schema.org","@graph":[{"@type":"WebPage","@id":"https:\/\/kidsplay.lt\/produktas\/woopie-vandens-pistoletas-su-kuprine-ufo-monster-talpa-21-l\/","url":"https:\/\/kidsplay.lt\/produktas\/woopie-vandens-pistoletas-su-kuprine-ufo-monster-talpa-21-l\/","name":"WOOPIE \u016bdens pistole ar mugursomu UFO MONSTER \u2013 Tilpums 2,1 l","isPartOf":{"@id":"https:\/\/kidsplay.lt\/#website"},"primaryImageOfPage":{"@id":"https:\/\/kidsplay.lt\/produktas\/woopie-vandens-pistoletas-su-kuprine-ufo-monster-talpa-21-l\/#primaryimage"},"image":{"@id":"https:\/\/kidsplay.lt\/produktas\/woopie-vandens-pistoletas-su-kuprine-ufo-monster-talpa-21-l\/#primaryimage"},"thumbnailUrl":"https:\/\/kidsplay.lt\/wp-content\/uploads\/2025\/10\/WOOPIE-vandens-pistoletas-su-kuprine-UFO-MONSTER-8211-Talpa-21-l.jpg","datePublished":"2026-02-26T07:37:21+00:00","dateModified":"2026-04-07T07:51:30+00:00","description":"WOOPIE vandens pistoletas su kuprine UFO MONSTER &#8211; Talpa 2,1 l - KidsPlay. Did\u017eiausias vaik\u0173 \u017eaisl\u0173 pasirinkimas.","breadcrumb":{"@id":"https:\/\/kidsplay.lt\/produktas\/woopie-vandens-pistoletas-su-kuprine-ufo-monster-talpa-21-l\/#breadcrumb"},"inLanguage":"lv-LV","potentialAction":[{"@type":"ReadAction","target":["https:\/\/kidsplay.lt\/produktas\/woopie-vandens-pistoletas-su-kuprine-ufo-monster-talpa-21-l\/"]}]},{"@type":"ImageObject","inLanguage":"lv-LV","@id":"https:\/\/kidsplay.lt\/produktas\/woopie-vandens-pistoletas-su-kuprine-ufo-monster-talpa-21-l\/#primaryimage","url":"https:\/\/kidsplay.lt\/wp-content\/uploads\/2025\/10\/WOOPIE-vandens-pistoletas-su-kuprine-UFO-MONSTER-8211-Talpa-21-l.jpg","contentUrl":"https:\/\/kidsplay.lt\/wp-content\/uploads\/2025\/10\/WOOPIE-vandens-pistoletas-su-kuprine-UFO-MONSTER-8211-Talpa-21-l.jpg","width":1000,"height":1000,"caption":"WOOPIE vandens pistoletas su kuprine UFO MONSTER &#8211; Talpa 2"},{"@type":"BreadcrumbList","@id":"https:\/\/kidsplay.lt\/produktas\/woopie-vandens-pistoletas-su-kuprine-ufo-monster-talpa-21-l\/#breadcrumb","itemListElement":[{"@type":"ListItem","position":1,"name":"Pagrindinis","item":"https:\/\/kidsplay.lt\/"},{"@type":"ListItem","position":2,"name":"Parduotuv\u0117","item":"https:\/\/kidsplay.lt\/parduotuve\/"},{"@type":"ListItem","position":3,"name":"WOOPIE vandens pistoletas su kuprine UFO MONSTER &#8211; Talpa 2,1 l"}]},{"@type":"WebSite","@id":"https:\/\/kidsplay.lt\/#website","url":"https:\/\/kidsplay.lt\/","name":"B\u0113rnu sp\u0113les.lv","description":"\u012evairios prek\u0117s vaikams","publisher":{"@id":"https:\/\/kidsplay.lt\/#organization"},"alternateName":"Kidsplay","potentialAction":[{"@type":"SearchAction","target":{"@type":"EntryPoint","urlTemplate":"https:\/\/kidsplay.lt\/?s={search_term_string}"},"query-input":{"@type":"PropertyValueSpecification","valueRequired":true,"valueName":"search_term_string"}}],"inLanguage":"lv-LV"},{"@type":"Organization","@id":"https:\/\/kidsplay.lt\/#organization","name":"B\u0113rnu sp\u0113le","url":"https:\/\/kidsplay.lt\/","logo":{"@type":"ImageObject","inLanguage":"lv-LV","@id":"https:\/\/kidsplay.lt\/#\/schema\/logo\/image\/","url":"https:\/\/kidsplay.lt\/wp-content\/uploads\/2023\/07\/kidsplay-logo.png","contentUrl":"https:\/\/kidsplay.lt\/wp-content\/uploads\/2023\/07\/kidsplay-logo.png","width":451,"height":98,"caption":"KidsPlay"},"image":{"@id":"https:\/\/kidsplay.lt\/#\/schema\/logo\/image\/"},"sameAs":["https:\/\/www.facebook.com\/www.kidsplay.lt"]}]}},"_links":{"self":[{"href":"https:\/\/kidsplay.lt\/lv\/wp-json\/wp\/v2\/product\/90085","targetHints":{"allow":["GET"]}}],"collection":[{"href":"https:\/\/kidsplay.lt\/lv\/wp-json\/wp\/v2\/product"}],"about":[{"href":"https:\/\/kidsplay.lt\/lv\/wp-json\/wp\/v2\/types\/product"}],"version-history":[{"count":1,"href":"https:\/\/kidsplay.lt\/lv\/wp-json\/wp\/v2\/product\/90085\/revisions"}],"predecessor-version":[{"id":90086,"href":"https:\/\/kidsplay.lt\/lv\/wp-json\/wp\/v2\/product\/90085\/revisions\/90086"}],"wp:featuredmedia":[{"embeddable":true,"href":"https:\/\/kidsplay.lt\/lv\/wp-json\/wp\/v2\/media\/76660"}],"wp:attachment":[{"href":"https:\/\/kidsplay.lt\/lv\/wp-json\/wp\/v2\/media?parent=90085"}],"wp:term":[{"taxonomy":"product_brand","embeddable":true,"href":"https:\/\/kidsplay.lt\/lv\/wp-json\/wp\/v2\/product_brand?post=90085"},{"taxonomy":"product_cat","embeddable":true,"href":"https:\/\/kidsplay.lt\/lv\/wp-json\/wp\/v2\/product_cat?post=90085"},{"taxonomy":"product_tag","embeddable":true,"href":"https:\/\/kidsplay.lt\/lv\/wp-json\/wp\/v2\/product_tag?post=90085"}],"curies":[{"name":"wp","href":"https:\/\/api.w.org\/{rel}","templated":true}]}}