{"id":90087,"date":"2026-02-26T09:37:26","date_gmt":"2026-02-26T07:37:26","guid":{"rendered":"https:\/\/kidsplay.lt\/produktas\/vaikiskas-puodukas-su-automobiliniu-vairu\/"},"modified":"2026-04-07T10:51:34","modified_gmt":"2026-04-07T07:51:34","slug":"vaikiskas-puodukas-su-automobiliniu-vairu","status":"publish","type":"product","link":"https:\/\/kidsplay.lt\/lv\/products\/vaikiskas-puodukas-su-automobiliniu-vairu\/","title":{"rendered":"Vaiki\u0161kas puodukas su automobiliniu vairu"},"content":{"rendered":"<p>Ar j\u016bs\u0173 vaikas nenori naudotis puoduku? O gal jis bijo vonios?<\/p>\n<p>Normalu, kad kiekvienas ma\u017eylio t\u0117vas susim\u0105sto, kaip i\u0161mokyti vaik\u0105 daryti visk\u0105 savaranki\u0161kai. Laimei, naudojant\u00a0BIG\u00a0prek\u0117s \u017eenklo\u00a0New Bobby Car puoduk\u0105\u00a0, \u0161is etapas bus\u00a0lengvesnis ir malonesnis.\u00a0\u0160is puodukas prad\u017eiugins kiekvien\u0105 vaik\u0105, nes atrodo kaip\u00a0tikras pilkas automobilis.<\/p>\n<p>Charakteristika:<\/p>\n<p> \tpuodukas yra i\u0161tikima populiaraus BIG New Bobby Car kopija\u00a0ir u\u017etikrina maksimal\u0173 s\u0117d\u0117jimo komfort\u0105 d\u0117l\u00a0integruotos apsaugos nuo pursl\u0173\u00a0,<br \/>\n \tTuri auk\u0161t\u0105 atlo\u0161\u0105 su rankena,\u00a0kad b\u016bt\u0173\u00a0lengva ne\u0161iotis\u00a0,\u00a0nuimamas \u012fd\u0117klas,\u00a0kad b\u016bt\u0173\u00a0lengvas i\u0161tu\u0161tinti\u00a0, ir\u00a0nuimamas vairas su ragu,\u00a0kad b\u016bt\u0173 smagu.<br \/>\n \tpatogus, saugus\u00a0ir teikiantis\u00a0daug d\u017eiaugsmo\u00a0, o tai skatina vaik\u0105 juo naudotis,<br \/>\n \tpuodukas pagamintas i\u0161 kokybi\u0161k\u0173 med\u017eiag\u0173\u00a0, kurios yra\u00a0saugios vaiko sveikatai ir lengvai pri\u017ei\u016brimos.<\/p>","protected":false},"excerpt":{"rendered":"<p>Ar j\u016bs\u0173 vaikas nenori naudotis puoduku? O gal jis bijo vonios? Normalu, kad kiekvienas ma\u017eylio t\u0117vas susim\u0105sto, kaip i\u0161mokyti vaik\u0105<\/p>","protected":false},"featured_media":51301,"template":"","meta":{"_acf_changed":false,"_glsr_average":0,"_glsr_ranking":0,"_glsr_reviews":0},"product_brand":[],"product_cat":[396,229],"product_tag":[],"class_list":{"0":"post-90087","1":"product","2":"type-product","3":"status-publish","4":"has-post-thumbnail","6":"product_cat-kudikiu-zaislai-vaikams2","7":"product_cat-zaislai-vaikams","8":"\"style=\"background-color: #2ecc711c;\"","10":"first","11":"instock","12":"purchasable","13":"product-type-simple"},"acf":[],"yoast_head":"<!-- This site is optimized with the Yoast SEO plugin v27.3 - https:\/\/yoast.com\/product\/yoast-seo-wordpress\/ -->\n<title>Vaiki\u0161kas puodukas su automobiliniu vairu<\/title>\n<meta name=\"description\" content=\"Vaiki\u0161kas puodukas su automobiliniu vairu - KidsPlay. Did\u017eiausias vaik\u0173 \u017eaisl\u0173 pasirinkimas.\" \/>\n<meta name=\"robots\" content=\"index, follow, max-snippet:-1, max-image-preview:large, max-video-preview:-1\" \/>\n<link rel=\"canonical\" href=\"https:\/\/kidsplay.lt\/lv\/products\/vaikiskas-puodukas-su-automobiliniu-vairu\/\" \/>\n<meta property=\"og:locale\" content=\"lv_LV\" \/>\n<meta property=\"og:type\" content=\"article\" \/>\n<meta property=\"og:title\" content=\"Vaiki\u0161kas puodukas su automobiliniu vairu\" \/>\n<meta property=\"og:description\" content=\"Vaiki\u0161kas puodukas su automobiliniu vairu - KidsPlay. Did\u017eiausias vaik\u0173 \u017eaisl\u0173 pasirinkimas.\" \/>\n<meta property=\"og:url\" content=\"https:\/\/kidsplay.lt\/lv\/products\/vaikiskas-puodukas-su-automobiliniu-vairu\/\" \/>\n<meta property=\"og:site_name\" content=\"KidsPlay\" \/>\n<meta property=\"article:publisher\" content=\"https:\/\/www.facebook.com\/www.kidsplay.lt\" \/>\n<meta property=\"article:modified_time\" content=\"2026-04-07T07:51:34+00:00\" \/>\n<meta property=\"og:image\" content=\"https:\/\/kidsplay.lt\/wp-content\/uploads\/2024\/09\/Vaikiskas-puodukas-su-automobiliniu-vairu-5.jpg\" \/>\n\t<meta property=\"og:image:width\" content=\"1000\" \/>\n\t<meta property=\"og:image:height\" content=\"1000\" \/>\n\t<meta property=\"og:image:type\" content=\"image\/jpeg\" \/>\n<meta name=\"twitter:card\" content=\"summary_large_image\" \/>\n<meta name=\"twitter:label1\" content=\"Est. reading time\" \/>\n\t<meta name=\"twitter:data1\" content=\"1 min\u016bte\" \/>\n<script type=\"application\/ld+json\" class=\"yoast-schema-graph\">{\"@context\":\"https:\\\/\\\/schema.org\",\"@graph\":[{\"@type\":\"WebPage\",\"@id\":\"https:\\\/\\\/kidsplay.lt\\\/produktas\\\/vaikiskas-puodukas-su-automobiliniu-vairu\\\/\",\"url\":\"https:\\\/\\\/kidsplay.lt\\\/produktas\\\/vaikiskas-puodukas-su-automobiliniu-vairu\\\/\",\"name\":\"Vaiki\u0161kas puodukas su automobiliniu vairu\",\"isPartOf\":{\"@id\":\"https:\\\/\\\/kidsplay.lt\\\/#website\"},\"primaryImageOfPage\":{\"@id\":\"https:\\\/\\\/kidsplay.lt\\\/produktas\\\/vaikiskas-puodukas-su-automobiliniu-vairu\\\/#primaryimage\"},\"image\":{\"@id\":\"https:\\\/\\\/kidsplay.lt\\\/produktas\\\/vaikiskas-puodukas-su-automobiliniu-vairu\\\/#primaryimage\"},\"thumbnailUrl\":\"https:\\\/\\\/kidsplay.lt\\\/wp-content\\\/uploads\\\/2024\\\/09\\\/Vaikiskas-puodukas-su-automobiliniu-vairu-5.jpg\",\"datePublished\":\"2026-02-26T07:37:26+00:00\",\"dateModified\":\"2026-04-07T07:51:34+00:00\",\"description\":\"Vaiki\u0161kas puodukas su automobiliniu vairu - KidsPlay. Did\u017eiausias vaik\u0173 \u017eaisl\u0173 pasirinkimas.\",\"breadcrumb\":{\"@id\":\"https:\\\/\\\/kidsplay.lt\\\/produktas\\\/vaikiskas-puodukas-su-automobiliniu-vairu\\\/#breadcrumb\"},\"inLanguage\":\"lv-LV\",\"potentialAction\":[{\"@type\":\"ReadAction\",\"target\":[\"https:\\\/\\\/kidsplay.lt\\\/produktas\\\/vaikiskas-puodukas-su-automobiliniu-vairu\\\/\"]}]},{\"@type\":\"ImageObject\",\"inLanguage\":\"lv-LV\",\"@id\":\"https:\\\/\\\/kidsplay.lt\\\/produktas\\\/vaikiskas-puodukas-su-automobiliniu-vairu\\\/#primaryimage\",\"url\":\"https:\\\/\\\/kidsplay.lt\\\/wp-content\\\/uploads\\\/2024\\\/09\\\/Vaikiskas-puodukas-su-automobiliniu-vairu-5.jpg\",\"contentUrl\":\"https:\\\/\\\/kidsplay.lt\\\/wp-content\\\/uploads\\\/2024\\\/09\\\/Vaikiskas-puodukas-su-automobiliniu-vairu-5.jpg\",\"width\":1000,\"height\":1000,\"caption\":\"Vaiki\u0161kas puodukas su automobiliniu vairu\"},{\"@type\":\"BreadcrumbList\",\"@id\":\"https:\\\/\\\/kidsplay.lt\\\/produktas\\\/vaikiskas-puodukas-su-automobiliniu-vairu\\\/#breadcrumb\",\"itemListElement\":[{\"@type\":\"ListItem\",\"position\":1,\"name\":\"Pagrindinis\",\"item\":\"https:\\\/\\\/kidsplay.lt\\\/\"},{\"@type\":\"ListItem\",\"position\":2,\"name\":\"Parduotuv\u0117\",\"item\":\"https:\\\/\\\/kidsplay.lt\\\/parduotuve\\\/\"},{\"@type\":\"ListItem\",\"position\":3,\"name\":\"Vaiki\u0161kas puodukas su automobiliniu vairu\"}]},{\"@type\":\"WebSite\",\"@id\":\"https:\\\/\\\/kidsplay.lt\\\/#website\",\"url\":\"https:\\\/\\\/kidsplay.lt\\\/\",\"name\":\"Kidsplay.lt\",\"description\":\"\u012evairios prek\u0117s vaikams\",\"publisher\":{\"@id\":\"https:\\\/\\\/kidsplay.lt\\\/#organization\"},\"alternateName\":\"Kidsplay\",\"potentialAction\":[{\"@type\":\"SearchAction\",\"target\":{\"@type\":\"EntryPoint\",\"urlTemplate\":\"https:\\\/\\\/kidsplay.lt\\\/?s={search_term_string}\"},\"query-input\":{\"@type\":\"PropertyValueSpecification\",\"valueRequired\":true,\"valueName\":\"search_term_string\"}}],\"inLanguage\":\"lv-LV\"},{\"@type\":\"Organization\",\"@id\":\"https:\\\/\\\/kidsplay.lt\\\/#organization\",\"name\":\"KidsPlay\",\"url\":\"https:\\\/\\\/kidsplay.lt\\\/\",\"logo\":{\"@type\":\"ImageObject\",\"inLanguage\":\"lv-LV\",\"@id\":\"https:\\\/\\\/kidsplay.lt\\\/#\\\/schema\\\/logo\\\/image\\\/\",\"url\":\"https:\\\/\\\/kidsplay.lt\\\/wp-content\\\/uploads\\\/2023\\\/07\\\/kidsplay-logo.png\",\"contentUrl\":\"https:\\\/\\\/kidsplay.lt\\\/wp-content\\\/uploads\\\/2023\\\/07\\\/kidsplay-logo.png\",\"width\":451,\"height\":98,\"caption\":\"KidsPlay\"},\"image\":{\"@id\":\"https:\\\/\\\/kidsplay.lt\\\/#\\\/schema\\\/logo\\\/image\\\/\"},\"sameAs\":[\"https:\\\/\\\/www.facebook.com\\\/www.kidsplay.lt\"]}]}<\/script>\n<!-- \/ Yoast SEO plugin. -->","yoast_head_json":{"title":"Vaiki\u0161kas puodukas su automobiliniu vairu","description":"Vaiki\u0161kas puodukas su automobiliniu vairu - KidsPlay. Did\u017eiausias vaik\u0173 \u017eaisl\u0173 pasirinkimas.","robots":{"index":"index","follow":"follow","max-snippet":"max-snippet:-1","max-image-preview":"max-image-preview:large","max-video-preview":"max-video-preview:-1"},"canonical":"https:\/\/kidsplay.lt\/lv\/products\/vaikiskas-puodukas-su-automobiliniu-vairu\/","og_locale":"lv_LV","og_type":"article","og_title":"Vaiki\u0161kas puodukas su automobiliniu vairu","og_description":"Vaiki\u0161kas puodukas su automobiliniu vairu - KidsPlay. Did\u017eiausias vaik\u0173 \u017eaisl\u0173 pasirinkimas.","og_url":"https:\/\/kidsplay.lt\/lv\/products\/vaikiskas-puodukas-su-automobiliniu-vairu\/","og_site_name":"KidsPlay","article_publisher":"https:\/\/www.facebook.com\/www.kidsplay.lt","article_modified_time":"2026-04-07T07:51:34+00:00","og_image":[{"width":1000,"height":1000,"url":"https:\/\/kidsplay.lt\/wp-content\/uploads\/2024\/09\/Vaikiskas-puodukas-su-automobiliniu-vairu-5.jpg","type":"image\/jpeg"}],"twitter_card":"summary_large_image","twitter_misc":{"Est. reading time":"1 min\u016bte"},"schema":{"@context":"https:\/\/schema.org","@graph":[{"@type":"WebPage","@id":"https:\/\/kidsplay.lt\/produktas\/vaikiskas-puodukas-su-automobiliniu-vairu\/","url":"https:\/\/kidsplay.lt\/produktas\/vaikiskas-puodukas-su-automobiliniu-vairu\/","name":"Vaiki\u0161kas puodukas su automobiliniu vairu","isPartOf":{"@id":"https:\/\/kidsplay.lt\/#website"},"primaryImageOfPage":{"@id":"https:\/\/kidsplay.lt\/produktas\/vaikiskas-puodukas-su-automobiliniu-vairu\/#primaryimage"},"image":{"@id":"https:\/\/kidsplay.lt\/produktas\/vaikiskas-puodukas-su-automobiliniu-vairu\/#primaryimage"},"thumbnailUrl":"https:\/\/kidsplay.lt\/wp-content\/uploads\/2024\/09\/Vaikiskas-puodukas-su-automobiliniu-vairu-5.jpg","datePublished":"2026-02-26T07:37:26+00:00","dateModified":"2026-04-07T07:51:34+00:00","description":"Vaiki\u0161kas puodukas su automobiliniu vairu - KidsPlay. Did\u017eiausias vaik\u0173 \u017eaisl\u0173 pasirinkimas.","breadcrumb":{"@id":"https:\/\/kidsplay.lt\/produktas\/vaikiskas-puodukas-su-automobiliniu-vairu\/#breadcrumb"},"inLanguage":"lv-LV","potentialAction":[{"@type":"ReadAction","target":["https:\/\/kidsplay.lt\/produktas\/vaikiskas-puodukas-su-automobiliniu-vairu\/"]}]},{"@type":"ImageObject","inLanguage":"lv-LV","@id":"https:\/\/kidsplay.lt\/produktas\/vaikiskas-puodukas-su-automobiliniu-vairu\/#primaryimage","url":"https:\/\/kidsplay.lt\/wp-content\/uploads\/2024\/09\/Vaikiskas-puodukas-su-automobiliniu-vairu-5.jpg","contentUrl":"https:\/\/kidsplay.lt\/wp-content\/uploads\/2024\/09\/Vaikiskas-puodukas-su-automobiliniu-vairu-5.jpg","width":1000,"height":1000,"caption":"Vaiki\u0161kas puodukas su automobiliniu vairu"},{"@type":"BreadcrumbList","@id":"https:\/\/kidsplay.lt\/produktas\/vaikiskas-puodukas-su-automobiliniu-vairu\/#breadcrumb","itemListElement":[{"@type":"ListItem","position":1,"name":"Pagrindinis","item":"https:\/\/kidsplay.lt\/"},{"@type":"ListItem","position":2,"name":"Parduotuv\u0117","item":"https:\/\/kidsplay.lt\/parduotuve\/"},{"@type":"ListItem","position":3,"name":"Vaiki\u0161kas puodukas su automobiliniu vairu"}]},{"@type":"WebSite","@id":"https:\/\/kidsplay.lt\/#website","url":"https:\/\/kidsplay.lt\/","name":"B\u0113rnu sp\u0113les.lv","description":"\u012evairios prek\u0117s vaikams","publisher":{"@id":"https:\/\/kidsplay.lt\/#organization"},"alternateName":"Kidsplay","potentialAction":[{"@type":"SearchAction","target":{"@type":"EntryPoint","urlTemplate":"https:\/\/kidsplay.lt\/?s={search_term_string}"},"query-input":{"@type":"PropertyValueSpecification","valueRequired":true,"valueName":"search_term_string"}}],"inLanguage":"lv-LV"},{"@type":"Organization","@id":"https:\/\/kidsplay.lt\/#organization","name":"B\u0113rnu sp\u0113le","url":"https:\/\/kidsplay.lt\/","logo":{"@type":"ImageObject","inLanguage":"lv-LV","@id":"https:\/\/kidsplay.lt\/#\/schema\/logo\/image\/","url":"https:\/\/kidsplay.lt\/wp-content\/uploads\/2023\/07\/kidsplay-logo.png","contentUrl":"https:\/\/kidsplay.lt\/wp-content\/uploads\/2023\/07\/kidsplay-logo.png","width":451,"height":98,"caption":"KidsPlay"},"image":{"@id":"https:\/\/kidsplay.lt\/#\/schema\/logo\/image\/"},"sameAs":["https:\/\/www.facebook.com\/www.kidsplay.lt"]}]}},"_links":{"self":[{"href":"https:\/\/kidsplay.lt\/lv\/wp-json\/wp\/v2\/product\/90087","targetHints":{"allow":["GET"]}}],"collection":[{"href":"https:\/\/kidsplay.lt\/lv\/wp-json\/wp\/v2\/product"}],"about":[{"href":"https:\/\/kidsplay.lt\/lv\/wp-json\/wp\/v2\/types\/product"}],"version-history":[{"count":1,"href":"https:\/\/kidsplay.lt\/lv\/wp-json\/wp\/v2\/product\/90087\/revisions"}],"predecessor-version":[{"id":90088,"href":"https:\/\/kidsplay.lt\/lv\/wp-json\/wp\/v2\/product\/90087\/revisions\/90088"}],"wp:featuredmedia":[{"embeddable":true,"href":"https:\/\/kidsplay.lt\/lv\/wp-json\/wp\/v2\/media\/51301"}],"wp:attachment":[{"href":"https:\/\/kidsplay.lt\/lv\/wp-json\/wp\/v2\/media?parent=90087"}],"wp:term":[{"taxonomy":"product_brand","embeddable":true,"href":"https:\/\/kidsplay.lt\/lv\/wp-json\/wp\/v2\/product_brand?post=90087"},{"taxonomy":"product_cat","embeddable":true,"href":"https:\/\/kidsplay.lt\/lv\/wp-json\/wp\/v2\/product_cat?post=90087"},{"taxonomy":"product_tag","embeddable":true,"href":"https:\/\/kidsplay.lt\/lv\/wp-json\/wp\/v2\/product_tag?post=90087"}],"curies":[{"name":"wp","href":"https:\/\/api.w.org\/{rel}","templated":true}]}}