{"id":90091,"date":"2026-02-26T09:37:33","date_gmt":"2026-02-26T07:37:33","guid":{"rendered":"https:\/\/kidsplay.lt\/produktas\/woopie-baby-edukacinis-atrask-ir-patikrink-zaislas\/"},"modified":"2026-04-13T15:14:34","modified_gmt":"2026-04-13T12:14:34","slug":"woopie-baby-edukacinis-atrask-ir-patikrink-zaislas","status":"publish","type":"product","link":"https:\/\/kidsplay.lt\/lv\/products\/woopie-baby-edukacinis-atrask-ir-patikrink-zaislas\/","title":{"rendered":"WOOPIE BABY izgl\u012btojo\u0161a atkl\u0101jumu un p\u0101rbaudes rota\u013clieta"},"content":{"rendered":"<p>\u201eAtrask ir patikrink\u201c\u00a0yra mokomasis, interaktyvus prek\u0117s \u017eenklo\u00a0\u201eWoopie\u201c\u00a0\u017eaislas , kuris vienu metu moko ir pramogauja, palaikydamas rank\u0173 ir vizual\u0173 miklum\u0105. \u017daislas susideda i\u0161 trij\u0173 interaktyvi\u0173 lang\u0173, kuriuose\u00a0slypi \u012fvair\u016bs netik\u0117tumai.\u00a0Kiekvienas langas atsidaro skirtingai, o tai prideda netik\u0117tumo elemento ir \u012ftraukia vaik\u0105 \u012f \u017eaidim\u0105.<\/p>\n<p>\u017dalias langas\u00a0atsidaro su \u012fvestu deriniu, kur\u012f sudaro trys atidarytos spynos. Atidar\u0119s lang\u0105 vaikas atranda servet\u0117les, kurios i\u0161traukus i\u0161siskleid\u017eia, prideda nuostabos elemento.<\/p>\n<p>Geltonas langas\u00a0atsidaro baltu klavi\u0161u. Atidar\u0119s vaikas atranda dantuko paveiksl\u0117l\u012f ir kilnojam\u0105j\u012f dant\u0173 \u0161epet\u0117l\u012f, kuris \u012ftraukia j\u012f \u017eaisti ir mokytis burnos higienos.<\/p>\n<p>M\u0117lynas langas\u00a0atidaromas geltonu mygtuku ir m\u0117lyna ranken\u0117le. Atidarytas vaikas atranda ma\u017e\u0105 berniuk\u0105 ir besisukant\u012f drabu\u017ei\u0173 lauk\u0105, kuris kei\u010diasi sukant m\u0117lyn\u0105 ranken\u0117l\u0119. Tai puiki galimyb\u0117 lavinti savo k\u016brybi\u0161kum\u0105 ir eksperimentuoti su \u012fvairiais deriniais.<\/p>\n<p>Vaikas suk\u0105, spaud\u017eia ir judina \u012fvairius elementus, kad su\u017einot\u0173 kiekvieno lango turin\u012f. \u017daislas padeda vaikams lavinti motorinius \u012fg\u016bd\u017eius ir moko m\u0105styti apie prie\u017east\u012f ir pasekm\u0119. Kiekvienas veiksmas turi specifin\u012f poveik\u012f, kuris \u017eavi jaunus protus ir skatina \u017eaisti toliau.<\/p>\n<p>Raksturojums:<\/p>\n<p> \t\u017eaislas vaikui nuo 18 m\u0117n<br \/>\n \t3 atsidarantys langai su staigmenomis<br \/>\n \tgra\u017eios spalvos traukia vaiko akis<br \/>\n \tpuiki pakuot\u0117 dovanai<\/p>\n<p>Rota\u013clieta att\u012bst\u0101s:<\/p>\n<p> \tizt\u0113le<br \/>\n \tk\u016brybi\u0161kumas<br \/>\n \tmotoriniai \u012fg\u016bd\u017eiai<\/p>","protected":false},"excerpt":{"rendered":"<p>\u201eAtrask ir patikrink\u201c\u00a0yra mokomasis, interaktyvus prek\u0117s \u017eenklo\u00a0\u201eWoopie\u201c\u00a0\u017eaislas , kuris vienu metu moko ir pramogauja, palaikydamas rank\u0173 ir vizual\u0173 miklum\u0105. \u017daislas<\/p>","protected":false},"featured_media":51306,"template":"","meta":{"_acf_changed":false,"_glsr_average":0,"_glsr_ranking":0,"_glsr_reviews":0},"product_brand":[],"product_cat":[396,229],"product_tag":[],"class_list":{"0":"post-90091","1":"product","2":"type-product","3":"status-publish","4":"has-post-thumbnail","6":"product_cat-kudikiu-zaislai-vaikams2","7":"product_cat-zaislai-vaikams","8":"\"style=\"background-color: #2ecc711c;\"","10":"first","11":"instock","12":"purchasable","13":"product-type-simple"},"acf":[],"yoast_head":"<!-- This site is optimized with the Yoast SEO plugin v27.4 - https:\/\/yoast.com\/product\/yoast-seo-wordpress\/ -->\n<title>WOOPIE BABY edukacinis atrask ir patikrink \u017eaislas<\/title>\n<meta name=\"description\" content=\"WOOPIE BABY edukacinis atrask ir patikrink \u017eaislas - KidsPlay. Did\u017eiausias vaik\u0173 \u017eaisl\u0173 pasirinkimas.\" \/>\n<meta name=\"robots\" content=\"index, follow, max-snippet:-1, max-image-preview:large, max-video-preview:-1\" \/>\n<link rel=\"canonical\" href=\"https:\/\/kidsplay.lt\/lv\/products\/woopie-baby-edukacinis-atrask-ir-patikrink-zaislas\/\" \/>\n<meta property=\"og:locale\" content=\"lv_LV\" \/>\n<meta property=\"og:type\" content=\"article\" \/>\n<meta property=\"og:title\" content=\"WOOPIE BABY edukacinis atrask ir patikrink \u017eaislas\" \/>\n<meta property=\"og:description\" content=\"WOOPIE BABY edukacinis atrask ir patikrink \u017eaislas - KidsPlay. Did\u017eiausias vaik\u0173 \u017eaisl\u0173 pasirinkimas.\" \/>\n<meta property=\"og:url\" content=\"https:\/\/kidsplay.lt\/lv\/products\/woopie-baby-edukacinis-atrask-ir-patikrink-zaislas\/\" \/>\n<meta property=\"og:site_name\" content=\"KidsPlay\" \/>\n<meta property=\"article:publisher\" content=\"https:\/\/www.facebook.com\/www.kidsplay.lt\" \/>\n<meta property=\"article:modified_time\" content=\"2026-04-13T12:14:34+00:00\" \/>\n<meta property=\"og:image\" content=\"https:\/\/kidsplay.lt\/wp-content\/uploads\/2024\/09\/WOOPIE-BABY-edukacinis-atrask-ir-patikrink-zaislas-3.jpg\" \/>\n\t<meta property=\"og:image:width\" content=\"1000\" \/>\n\t<meta property=\"og:image:height\" content=\"1000\" \/>\n\t<meta property=\"og:image:type\" content=\"image\/jpeg\" \/>\n<meta name=\"twitter:card\" content=\"summary_large_image\" \/>\n<meta name=\"twitter:label1\" content=\"Est. reading time\" \/>\n\t<meta name=\"twitter:data1\" content=\"1 min\u016bte\" \/>\n<script type=\"application\/ld+json\" class=\"yoast-schema-graph\">{\"@context\":\"https:\\\/\\\/schema.org\",\"@graph\":[{\"@type\":\"WebPage\",\"@id\":\"https:\\\/\\\/kidsplay.lt\\\/produktas\\\/woopie-baby-edukacinis-atrask-ir-patikrink-zaislas\\\/\",\"url\":\"https:\\\/\\\/kidsplay.lt\\\/produktas\\\/woopie-baby-edukacinis-atrask-ir-patikrink-zaislas\\\/\",\"name\":\"WOOPIE BABY edukacinis atrask ir patikrink \u017eaislas\",\"isPartOf\":{\"@id\":\"https:\\\/\\\/kidsplay.lt\\\/#website\"},\"primaryImageOfPage\":{\"@id\":\"https:\\\/\\\/kidsplay.lt\\\/produktas\\\/woopie-baby-edukacinis-atrask-ir-patikrink-zaislas\\\/#primaryimage\"},\"image\":{\"@id\":\"https:\\\/\\\/kidsplay.lt\\\/produktas\\\/woopie-baby-edukacinis-atrask-ir-patikrink-zaislas\\\/#primaryimage\"},\"thumbnailUrl\":\"https:\\\/\\\/kidsplay.lt\\\/wp-content\\\/uploads\\\/2024\\\/09\\\/WOOPIE-BABY-edukacinis-atrask-ir-patikrink-zaislas-3.jpg\",\"datePublished\":\"2026-02-26T07:37:33+00:00\",\"dateModified\":\"2026-04-13T12:14:34+00:00\",\"description\":\"WOOPIE BABY edukacinis atrask ir patikrink \u017eaislas - KidsPlay. Did\u017eiausias vaik\u0173 \u017eaisl\u0173 pasirinkimas.\",\"breadcrumb\":{\"@id\":\"https:\\\/\\\/kidsplay.lt\\\/produktas\\\/woopie-baby-edukacinis-atrask-ir-patikrink-zaislas\\\/#breadcrumb\"},\"inLanguage\":\"lv-LV\",\"potentialAction\":[{\"@type\":\"ReadAction\",\"target\":[\"https:\\\/\\\/kidsplay.lt\\\/produktas\\\/woopie-baby-edukacinis-atrask-ir-patikrink-zaislas\\\/\"]}]},{\"@type\":\"ImageObject\",\"inLanguage\":\"lv-LV\",\"@id\":\"https:\\\/\\\/kidsplay.lt\\\/produktas\\\/woopie-baby-edukacinis-atrask-ir-patikrink-zaislas\\\/#primaryimage\",\"url\":\"https:\\\/\\\/kidsplay.lt\\\/wp-content\\\/uploads\\\/2024\\\/09\\\/WOOPIE-BABY-edukacinis-atrask-ir-patikrink-zaislas-3.jpg\",\"contentUrl\":\"https:\\\/\\\/kidsplay.lt\\\/wp-content\\\/uploads\\\/2024\\\/09\\\/WOOPIE-BABY-edukacinis-atrask-ir-patikrink-zaislas-3.jpg\",\"width\":1000,\"height\":1000,\"caption\":\"WOOPIE BABY edukacinis atrask ir patikrink \u017eaislas\"},{\"@type\":\"BreadcrumbList\",\"@id\":\"https:\\\/\\\/kidsplay.lt\\\/produktas\\\/woopie-baby-edukacinis-atrask-ir-patikrink-zaislas\\\/#breadcrumb\",\"itemListElement\":[{\"@type\":\"ListItem\",\"position\":1,\"name\":\"Pagrindinis\",\"item\":\"https:\\\/\\\/kidsplay.lt\\\/\"},{\"@type\":\"ListItem\",\"position\":2,\"name\":\"Parduotuv\u0117\",\"item\":\"https:\\\/\\\/kidsplay.lt\\\/parduotuve\\\/\"},{\"@type\":\"ListItem\",\"position\":3,\"name\":\"WOOPIE BABY edukacinis atrask ir patikrink \u017eaislas\"}]},{\"@type\":\"WebSite\",\"@id\":\"https:\\\/\\\/kidsplay.lt\\\/#website\",\"url\":\"https:\\\/\\\/kidsplay.lt\\\/\",\"name\":\"Kidsplay.lt\",\"description\":\"\u012evairios prek\u0117s vaikams\",\"publisher\":{\"@id\":\"https:\\\/\\\/kidsplay.lt\\\/#organization\"},\"alternateName\":\"Kidsplay\",\"potentialAction\":[{\"@type\":\"SearchAction\",\"target\":{\"@type\":\"EntryPoint\",\"urlTemplate\":\"https:\\\/\\\/kidsplay.lt\\\/?s={search_term_string}\"},\"query-input\":{\"@type\":\"PropertyValueSpecification\",\"valueRequired\":true,\"valueName\":\"search_term_string\"}}],\"inLanguage\":\"lv-LV\"},{\"@type\":\"Organization\",\"@id\":\"https:\\\/\\\/kidsplay.lt\\\/#organization\",\"name\":\"KidsPlay\",\"url\":\"https:\\\/\\\/kidsplay.lt\\\/\",\"logo\":{\"@type\":\"ImageObject\",\"inLanguage\":\"lv-LV\",\"@id\":\"https:\\\/\\\/kidsplay.lt\\\/#\\\/schema\\\/logo\\\/image\\\/\",\"url\":\"https:\\\/\\\/kidsplay.lt\\\/wp-content\\\/uploads\\\/2023\\\/07\\\/kidsplay-logo.png\",\"contentUrl\":\"https:\\\/\\\/kidsplay.lt\\\/wp-content\\\/uploads\\\/2023\\\/07\\\/kidsplay-logo.png\",\"width\":451,\"height\":98,\"caption\":\"KidsPlay\"},\"image\":{\"@id\":\"https:\\\/\\\/kidsplay.lt\\\/#\\\/schema\\\/logo\\\/image\\\/\"},\"sameAs\":[\"https:\\\/\\\/www.facebook.com\\\/www.kidsplay.lt\"]}]}<\/script>\n<!-- \/ Yoast SEO plugin. -->","yoast_head_json":{"title":"WOOPIE BABY izgl\u012btojo\u0161a atkl\u0101jumu un p\u0101rbaudes rota\u013clieta","description":"WOOPIE BABY edukacinis atrask ir patikrink \u017eaislas - KidsPlay. Did\u017eiausias vaik\u0173 \u017eaisl\u0173 pasirinkimas.","robots":{"index":"index","follow":"follow","max-snippet":"max-snippet:-1","max-image-preview":"max-image-preview:large","max-video-preview":"max-video-preview:-1"},"canonical":"https:\/\/kidsplay.lt\/lv\/products\/woopie-baby-edukacinis-atrask-ir-patikrink-zaislas\/","og_locale":"lv_LV","og_type":"article","og_title":"WOOPIE BABY edukacinis atrask ir patikrink \u017eaislas","og_description":"WOOPIE BABY edukacinis atrask ir patikrink \u017eaislas - KidsPlay. Did\u017eiausias vaik\u0173 \u017eaisl\u0173 pasirinkimas.","og_url":"https:\/\/kidsplay.lt\/lv\/products\/woopie-baby-edukacinis-atrask-ir-patikrink-zaislas\/","og_site_name":"KidsPlay","article_publisher":"https:\/\/www.facebook.com\/www.kidsplay.lt","article_modified_time":"2026-04-13T12:14:34+00:00","og_image":[{"width":1000,"height":1000,"url":"https:\/\/kidsplay.lt\/wp-content\/uploads\/2024\/09\/WOOPIE-BABY-edukacinis-atrask-ir-patikrink-zaislas-3.jpg","type":"image\/jpeg"}],"twitter_card":"summary_large_image","twitter_misc":{"Est. reading time":"1 min\u016bte"},"schema":{"@context":"https:\/\/schema.org","@graph":[{"@type":"WebPage","@id":"https:\/\/kidsplay.lt\/produktas\/woopie-baby-edukacinis-atrask-ir-patikrink-zaislas\/","url":"https:\/\/kidsplay.lt\/produktas\/woopie-baby-edukacinis-atrask-ir-patikrink-zaislas\/","name":"WOOPIE BABY izgl\u012btojo\u0161a atkl\u0101jumu un p\u0101rbaudes rota\u013clieta","isPartOf":{"@id":"https:\/\/kidsplay.lt\/#website"},"primaryImageOfPage":{"@id":"https:\/\/kidsplay.lt\/produktas\/woopie-baby-edukacinis-atrask-ir-patikrink-zaislas\/#primaryimage"},"image":{"@id":"https:\/\/kidsplay.lt\/produktas\/woopie-baby-edukacinis-atrask-ir-patikrink-zaislas\/#primaryimage"},"thumbnailUrl":"https:\/\/kidsplay.lt\/wp-content\/uploads\/2024\/09\/WOOPIE-BABY-edukacinis-atrask-ir-patikrink-zaislas-3.jpg","datePublished":"2026-02-26T07:37:33+00:00","dateModified":"2026-04-13T12:14:34+00:00","description":"WOOPIE BABY edukacinis atrask ir patikrink \u017eaislas - KidsPlay. Did\u017eiausias vaik\u0173 \u017eaisl\u0173 pasirinkimas.","breadcrumb":{"@id":"https:\/\/kidsplay.lt\/produktas\/woopie-baby-edukacinis-atrask-ir-patikrink-zaislas\/#breadcrumb"},"inLanguage":"lv-LV","potentialAction":[{"@type":"ReadAction","target":["https:\/\/kidsplay.lt\/produktas\/woopie-baby-edukacinis-atrask-ir-patikrink-zaislas\/"]}]},{"@type":"ImageObject","inLanguage":"lv-LV","@id":"https:\/\/kidsplay.lt\/produktas\/woopie-baby-edukacinis-atrask-ir-patikrink-zaislas\/#primaryimage","url":"https:\/\/kidsplay.lt\/wp-content\/uploads\/2024\/09\/WOOPIE-BABY-edukacinis-atrask-ir-patikrink-zaislas-3.jpg","contentUrl":"https:\/\/kidsplay.lt\/wp-content\/uploads\/2024\/09\/WOOPIE-BABY-edukacinis-atrask-ir-patikrink-zaislas-3.jpg","width":1000,"height":1000,"caption":"WOOPIE BABY edukacinis atrask ir patikrink \u017eaislas"},{"@type":"BreadcrumbList","@id":"https:\/\/kidsplay.lt\/produktas\/woopie-baby-edukacinis-atrask-ir-patikrink-zaislas\/#breadcrumb","itemListElement":[{"@type":"ListItem","position":1,"name":"Pagrindinis","item":"https:\/\/kidsplay.lt\/"},{"@type":"ListItem","position":2,"name":"Parduotuv\u0117","item":"https:\/\/kidsplay.lt\/parduotuve\/"},{"@type":"ListItem","position":3,"name":"WOOPIE BABY edukacinis atrask ir patikrink \u017eaislas"}]},{"@type":"WebSite","@id":"https:\/\/kidsplay.lt\/#website","url":"https:\/\/kidsplay.lt\/","name":"B\u0113rnu sp\u0113les.lv","description":"\u012evairios prek\u0117s vaikams","publisher":{"@id":"https:\/\/kidsplay.lt\/#organization"},"alternateName":"Kidsplay","potentialAction":[{"@type":"SearchAction","target":{"@type":"EntryPoint","urlTemplate":"https:\/\/kidsplay.lt\/?s={search_term_string}"},"query-input":{"@type":"PropertyValueSpecification","valueRequired":true,"valueName":"search_term_string"}}],"inLanguage":"lv-LV"},{"@type":"Organization","@id":"https:\/\/kidsplay.lt\/#organization","name":"B\u0113rnu sp\u0113le","url":"https:\/\/kidsplay.lt\/","logo":{"@type":"ImageObject","inLanguage":"lv-LV","@id":"https:\/\/kidsplay.lt\/#\/schema\/logo\/image\/","url":"https:\/\/kidsplay.lt\/wp-content\/uploads\/2023\/07\/kidsplay-logo.png","contentUrl":"https:\/\/kidsplay.lt\/wp-content\/uploads\/2023\/07\/kidsplay-logo.png","width":451,"height":98,"caption":"KidsPlay"},"image":{"@id":"https:\/\/kidsplay.lt\/#\/schema\/logo\/image\/"},"sameAs":["https:\/\/www.facebook.com\/www.kidsplay.lt"]}]}},"_links":{"self":[{"href":"https:\/\/kidsplay.lt\/lv\/wp-json\/wp\/v2\/product\/90091","targetHints":{"allow":["GET"]}}],"collection":[{"href":"https:\/\/kidsplay.lt\/lv\/wp-json\/wp\/v2\/product"}],"about":[{"href":"https:\/\/kidsplay.lt\/lv\/wp-json\/wp\/v2\/types\/product"}],"version-history":[{"count":1,"href":"https:\/\/kidsplay.lt\/lv\/wp-json\/wp\/v2\/product\/90091\/revisions"}],"predecessor-version":[{"id":90092,"href":"https:\/\/kidsplay.lt\/lv\/wp-json\/wp\/v2\/product\/90091\/revisions\/90092"}],"wp:featuredmedia":[{"embeddable":true,"href":"https:\/\/kidsplay.lt\/lv\/wp-json\/wp\/v2\/media\/51306"}],"wp:attachment":[{"href":"https:\/\/kidsplay.lt\/lv\/wp-json\/wp\/v2\/media?parent=90091"}],"wp:term":[{"taxonomy":"product_brand","embeddable":true,"href":"https:\/\/kidsplay.lt\/lv\/wp-json\/wp\/v2\/product_brand?post=90091"},{"taxonomy":"product_cat","embeddable":true,"href":"https:\/\/kidsplay.lt\/lv\/wp-json\/wp\/v2\/product_cat?post=90091"},{"taxonomy":"product_tag","embeddable":true,"href":"https:\/\/kidsplay.lt\/lv\/wp-json\/wp\/v2\/product_tag?post=90091"}],"curies":[{"name":"wp","href":"https:\/\/api.w.org\/{rel}","templated":true}]}}