{"id":90100,"date":"2026-02-26T09:37:42","date_gmt":"2026-02-26T07:37:42","guid":{"rendered":"https:\/\/kidsplay.lt\/produktas\/viga-medine-rasymo-treniravimo-lentele-pirmieji-zingsniai-link-taisyklingo-rasto\/"},"modified":"2026-04-13T15:14:58","modified_gmt":"2026-04-13T12:14:58","slug":"viga-medine-rasymo-treniravimo-lentele-pirmieji-zingsniai-link-taisyklingo-rasto","status":"publish","type":"product","link":"https:\/\/kidsplay.lt\/lv\/products\/viga-medine-rasymo-treniravimo-lentele-pirmieji-zingsniai-link-taisyklingo-rasto\/","title":{"rendered":"Viga koka rakst\u012b\u0161anas prakses t\u0101fele - pirmie so\u013ci pareizas rakst\u012b\u0161anas virzien\u0101"},"content":{"rendered":"<p>Viga medin\u0117 kre\u0161larska lentel\u0117 \u2013 tai puikus pagalbininkas vaikams, kurie ruo\u0161iasi mokytis ra\u0161yti. \u0160velniai i\u0161graviruoti, lenkti grioveliai padeda ma\u017eyliui valdyti rankos judesius, lavinti raumen\u0173 atmint\u012f ir suprasti linij\u0173 vedimo krypt\u012f.<\/p>\n<p>Kompakti\u0161kas dydis leid\u017eia lentel\u0119 patogiai laikyti rankose arba naudoti ant stalo. \u017daismingas sekimas grioveliais nat\u016braliai ruo\u0161ia vaik\u0105 b\u016bsimam ra\u0161ymui ir pie\u0161imui, lavina judesi\u0173 tikslum\u0105 ir koordinacij\u0105.<\/p>\n<p>Raksturojums<\/p>\n<p> \tB\u0113rniem no 3 gadu vecuma<br \/>\n \tRinkin\u012f sudaro medin\u0117 lentel\u0117 ir medinis pie\u0161tukas<br \/>\n \tI\u0161graviruoti, lenkti ir patog\u016bs grioveliai<br \/>\n \tKompakti\u0161ka, lengva ir patogi naudoti<br \/>\n \tPagaminta i\u0161 saugios, tvirtos medienos<\/p>\n<p>Rota\u013clietu lav\u012bna<\/p>\n<p> \tRankos miklum\u0105 ir judesi\u0173 sklandum\u0105<br \/>\n \tRoku-acu koordin\u0101cija<br \/>\n \tKoncentracij\u0105 ir d\u0117mesio sutelkim\u0105<br \/>\n \tRaumen\u0173 atmint\u012f, svarbi\u0105 b\u016bsimam ra\u0161ymui<\/p>","protected":false},"excerpt":{"rendered":"<p>Viga medin\u0117 kre\u0161larska lentel\u0117 \u2013 tai puikus pagalbininkas vaikams, kurie ruo\u0161iasi mokytis ra\u0161yti. \u0160velniai i\u0161graviruoti, lenkti grioveliai padeda ma\u017eyliui valdyti<\/p>","protected":false},"featured_media":90102,"template":"","meta":{"_acf_changed":false,"_glsr_average":0,"_glsr_ranking":0,"_glsr_reviews":0},"product_brand":[],"product_cat":[388,229],"product_tag":[],"class_list":{"0":"post-90100","1":"product","2":"type-product","3":"status-publish","4":"has-post-thumbnail","6":"product_cat-edukaciniai-lavinamieji-zaislai","7":"product_cat-zaislai-vaikams","8":"\"style=\"background-color: #2ecc711c;\"","10":"first","11":"instock","12":"purchasable","13":"product-type-simple"},"acf":[],"yoast_head":"<!-- This site is optimized with the Yoast SEO plugin v27.3 - https:\/\/yoast.com\/product\/yoast-seo-wordpress\/ -->\n<title>Viga medin\u0117 ra\u0161ymo treniravimo lentel\u0117 \u2013 pirmieji \u017eingsniai link taisyklingo ra\u0161to<\/title>\n<meta name=\"description\" content=\"Viga medin\u0117 ra\u0161ymo treniravimo lentel\u0117 \u2013 pirmieji \u017eingsniai link taisyklingo ra\u0161to - KidsPlay. Did\u017eiausias vaik\u0173 \u017eaisl\u0173 pasirinkimas.\" \/>\n<meta name=\"robots\" content=\"index, follow, max-snippet:-1, max-image-preview:large, max-video-preview:-1\" \/>\n<link rel=\"canonical\" href=\"https:\/\/kidsplay.lt\/lv\/products\/viga-medine-rasymo-treniravimo-lentele-pirmieji-zingsniai-link-taisyklingo-rasto\/\" \/>\n<meta property=\"og:locale\" content=\"lv_LV\" \/>\n<meta property=\"og:type\" content=\"article\" \/>\n<meta property=\"og:title\" content=\"Viga medin\u0117 ra\u0161ymo treniravimo lentel\u0117 \u2013 pirmieji \u017eingsniai link taisyklingo ra\u0161to\" \/>\n<meta property=\"og:description\" content=\"Viga medin\u0117 ra\u0161ymo treniravimo lentel\u0117 \u2013 pirmieji \u017eingsniai link taisyklingo ra\u0161to - KidsPlay. Did\u017eiausias vaik\u0173 \u017eaisl\u0173 pasirinkimas.\" \/>\n<meta property=\"og:url\" content=\"https:\/\/kidsplay.lt\/lv\/products\/viga-medine-rasymo-treniravimo-lentele-pirmieji-zingsniai-link-taisyklingo-rasto\/\" \/>\n<meta property=\"og:site_name\" content=\"KidsPlay\" \/>\n<meta property=\"article:publisher\" content=\"https:\/\/www.facebook.com\/www.kidsplay.lt\" \/>\n<meta property=\"article:modified_time\" content=\"2026-04-13T12:14:58+00:00\" \/>\n<meta property=\"og:image\" content=\"https:\/\/kidsplay.lt\/wp-content\/uploads\/2026\/02\/Viga-medine-rasymo-treniravimo-lentele-\u2013-pirmieji-zingsniai-link-taisyklingo-rasto.jpg\" \/>\n\t<meta property=\"og:image:width\" content=\"1000\" \/>\n\t<meta property=\"og:image:height\" content=\"1000\" \/>\n\t<meta property=\"og:image:type\" content=\"image\/jpeg\" \/>\n<meta name=\"twitter:card\" content=\"summary_large_image\" \/>\n<meta name=\"twitter:label1\" content=\"Est. reading time\" \/>\n\t<meta name=\"twitter:data1\" content=\"1 min\u016bte\" \/>\n<script type=\"application\/ld+json\" class=\"yoast-schema-graph\">{\"@context\":\"https:\\\/\\\/schema.org\",\"@graph\":[{\"@type\":\"WebPage\",\"@id\":\"https:\\\/\\\/kidsplay.lt\\\/produktas\\\/viga-medine-rasymo-treniravimo-lentele-pirmieji-zingsniai-link-taisyklingo-rasto\\\/\",\"url\":\"https:\\\/\\\/kidsplay.lt\\\/produktas\\\/viga-medine-rasymo-treniravimo-lentele-pirmieji-zingsniai-link-taisyklingo-rasto\\\/\",\"name\":\"Viga medin\u0117 ra\u0161ymo treniravimo lentel\u0117 \u2013 pirmieji \u017eingsniai link taisyklingo ra\u0161to\",\"isPartOf\":{\"@id\":\"https:\\\/\\\/kidsplay.lt\\\/#website\"},\"primaryImageOfPage\":{\"@id\":\"https:\\\/\\\/kidsplay.lt\\\/produktas\\\/viga-medine-rasymo-treniravimo-lentele-pirmieji-zingsniai-link-taisyklingo-rasto\\\/#primaryimage\"},\"image\":{\"@id\":\"https:\\\/\\\/kidsplay.lt\\\/produktas\\\/viga-medine-rasymo-treniravimo-lentele-pirmieji-zingsniai-link-taisyklingo-rasto\\\/#primaryimage\"},\"thumbnailUrl\":\"https:\\\/\\\/kidsplay.lt\\\/wp-content\\\/uploads\\\/2026\\\/02\\\/Viga-medine-rasymo-treniravimo-lentele-\u2013-pirmieji-zingsniai-link-taisyklingo-rasto.jpg\",\"datePublished\":\"2026-02-26T07:37:42+00:00\",\"dateModified\":\"2026-04-13T12:14:58+00:00\",\"description\":\"Viga medin\u0117 ra\u0161ymo treniravimo lentel\u0117 \u2013 pirmieji \u017eingsniai link taisyklingo ra\u0161to - KidsPlay. Did\u017eiausias vaik\u0173 \u017eaisl\u0173 pasirinkimas.\",\"breadcrumb\":{\"@id\":\"https:\\\/\\\/kidsplay.lt\\\/produktas\\\/viga-medine-rasymo-treniravimo-lentele-pirmieji-zingsniai-link-taisyklingo-rasto\\\/#breadcrumb\"},\"inLanguage\":\"lv-LV\",\"potentialAction\":[{\"@type\":\"ReadAction\",\"target\":[\"https:\\\/\\\/kidsplay.lt\\\/produktas\\\/viga-medine-rasymo-treniravimo-lentele-pirmieji-zingsniai-link-taisyklingo-rasto\\\/\"]}]},{\"@type\":\"ImageObject\",\"inLanguage\":\"lv-LV\",\"@id\":\"https:\\\/\\\/kidsplay.lt\\\/produktas\\\/viga-medine-rasymo-treniravimo-lentele-pirmieji-zingsniai-link-taisyklingo-rasto\\\/#primaryimage\",\"url\":\"https:\\\/\\\/kidsplay.lt\\\/wp-content\\\/uploads\\\/2026\\\/02\\\/Viga-medine-rasymo-treniravimo-lentele-\u2013-pirmieji-zingsniai-link-taisyklingo-rasto.jpg\",\"contentUrl\":\"https:\\\/\\\/kidsplay.lt\\\/wp-content\\\/uploads\\\/2026\\\/02\\\/Viga-medine-rasymo-treniravimo-lentele-\u2013-pirmieji-zingsniai-link-taisyklingo-rasto.jpg\",\"width\":1000,\"height\":1000,\"caption\":\"Viga medin\u0117 ra\u0161ymo treniravimo lentel\u0117 \u2013 pirmieji \u017eingsniai link taisyklingo ra\u0161to\"},{\"@type\":\"BreadcrumbList\",\"@id\":\"https:\\\/\\\/kidsplay.lt\\\/produktas\\\/viga-medine-rasymo-treniravimo-lentele-pirmieji-zingsniai-link-taisyklingo-rasto\\\/#breadcrumb\",\"itemListElement\":[{\"@type\":\"ListItem\",\"position\":1,\"name\":\"Pagrindinis\",\"item\":\"https:\\\/\\\/kidsplay.lt\\\/\"},{\"@type\":\"ListItem\",\"position\":2,\"name\":\"Parduotuv\u0117\",\"item\":\"https:\\\/\\\/kidsplay.lt\\\/parduotuve\\\/\"},{\"@type\":\"ListItem\",\"position\":3,\"name\":\"Viga medin\u0117 ra\u0161ymo treniravimo lentel\u0117 \u2013 pirmieji \u017eingsniai link taisyklingo ra\u0161to\"}]},{\"@type\":\"WebSite\",\"@id\":\"https:\\\/\\\/kidsplay.lt\\\/#website\",\"url\":\"https:\\\/\\\/kidsplay.lt\\\/\",\"name\":\"Kidsplay.lt\",\"description\":\"\u012evairios prek\u0117s vaikams\",\"publisher\":{\"@id\":\"https:\\\/\\\/kidsplay.lt\\\/#organization\"},\"alternateName\":\"Kidsplay\",\"potentialAction\":[{\"@type\":\"SearchAction\",\"target\":{\"@type\":\"EntryPoint\",\"urlTemplate\":\"https:\\\/\\\/kidsplay.lt\\\/?s={search_term_string}\"},\"query-input\":{\"@type\":\"PropertyValueSpecification\",\"valueRequired\":true,\"valueName\":\"search_term_string\"}}],\"inLanguage\":\"lv-LV\"},{\"@type\":\"Organization\",\"@id\":\"https:\\\/\\\/kidsplay.lt\\\/#organization\",\"name\":\"KidsPlay\",\"url\":\"https:\\\/\\\/kidsplay.lt\\\/\",\"logo\":{\"@type\":\"ImageObject\",\"inLanguage\":\"lv-LV\",\"@id\":\"https:\\\/\\\/kidsplay.lt\\\/#\\\/schema\\\/logo\\\/image\\\/\",\"url\":\"https:\\\/\\\/kidsplay.lt\\\/wp-content\\\/uploads\\\/2023\\\/07\\\/kidsplay-logo.png\",\"contentUrl\":\"https:\\\/\\\/kidsplay.lt\\\/wp-content\\\/uploads\\\/2023\\\/07\\\/kidsplay-logo.png\",\"width\":451,\"height\":98,\"caption\":\"KidsPlay\"},\"image\":{\"@id\":\"https:\\\/\\\/kidsplay.lt\\\/#\\\/schema\\\/logo\\\/image\\\/\"},\"sameAs\":[\"https:\\\/\\\/www.facebook.com\\\/www.kidsplay.lt\"]}]}<\/script>\n<!-- \/ Yoast SEO plugin. -->","yoast_head_json":{"title":"Viga koka rakst\u012b\u0161anas prakses t\u0101fele - pirmie so\u013ci pareizas rakst\u012b\u0161anas virzien\u0101","description":"Viga medin\u0117 ra\u0161ymo treniravimo lentel\u0117 \u2013 pirmieji \u017eingsniai link taisyklingo ra\u0161to - KidsPlay. Did\u017eiausias vaik\u0173 \u017eaisl\u0173 pasirinkimas.","robots":{"index":"index","follow":"follow","max-snippet":"max-snippet:-1","max-image-preview":"max-image-preview:large","max-video-preview":"max-video-preview:-1"},"canonical":"https:\/\/kidsplay.lt\/lv\/products\/viga-medine-rasymo-treniravimo-lentele-pirmieji-zingsniai-link-taisyklingo-rasto\/","og_locale":"lv_LV","og_type":"article","og_title":"Viga medin\u0117 ra\u0161ymo treniravimo lentel\u0117 \u2013 pirmieji \u017eingsniai link taisyklingo ra\u0161to","og_description":"Viga medin\u0117 ra\u0161ymo treniravimo lentel\u0117 \u2013 pirmieji \u017eingsniai link taisyklingo ra\u0161to - KidsPlay. Did\u017eiausias vaik\u0173 \u017eaisl\u0173 pasirinkimas.","og_url":"https:\/\/kidsplay.lt\/lv\/products\/viga-medine-rasymo-treniravimo-lentele-pirmieji-zingsniai-link-taisyklingo-rasto\/","og_site_name":"KidsPlay","article_publisher":"https:\/\/www.facebook.com\/www.kidsplay.lt","article_modified_time":"2026-04-13T12:14:58+00:00","og_image":[{"width":1000,"height":1000,"url":"https:\/\/kidsplay.lt\/wp-content\/uploads\/2026\/02\/Viga-medine-rasymo-treniravimo-lentele-\u2013-pirmieji-zingsniai-link-taisyklingo-rasto.jpg","type":"image\/jpeg"}],"twitter_card":"summary_large_image","twitter_misc":{"Est. reading time":"1 min\u016bte"},"schema":{"@context":"https:\/\/schema.org","@graph":[{"@type":"WebPage","@id":"https:\/\/kidsplay.lt\/produktas\/viga-medine-rasymo-treniravimo-lentele-pirmieji-zingsniai-link-taisyklingo-rasto\/","url":"https:\/\/kidsplay.lt\/produktas\/viga-medine-rasymo-treniravimo-lentele-pirmieji-zingsniai-link-taisyklingo-rasto\/","name":"Viga koka rakst\u012b\u0161anas prakses t\u0101fele - pirmie so\u013ci pareizas rakst\u012b\u0161anas virzien\u0101","isPartOf":{"@id":"https:\/\/kidsplay.lt\/#website"},"primaryImageOfPage":{"@id":"https:\/\/kidsplay.lt\/produktas\/viga-medine-rasymo-treniravimo-lentele-pirmieji-zingsniai-link-taisyklingo-rasto\/#primaryimage"},"image":{"@id":"https:\/\/kidsplay.lt\/produktas\/viga-medine-rasymo-treniravimo-lentele-pirmieji-zingsniai-link-taisyklingo-rasto\/#primaryimage"},"thumbnailUrl":"https:\/\/kidsplay.lt\/wp-content\/uploads\/2026\/02\/Viga-medine-rasymo-treniravimo-lentele-\u2013-pirmieji-zingsniai-link-taisyklingo-rasto.jpg","datePublished":"2026-02-26T07:37:42+00:00","dateModified":"2026-04-13T12:14:58+00:00","description":"Viga medin\u0117 ra\u0161ymo treniravimo lentel\u0117 \u2013 pirmieji \u017eingsniai link taisyklingo ra\u0161to - KidsPlay. Did\u017eiausias vaik\u0173 \u017eaisl\u0173 pasirinkimas.","breadcrumb":{"@id":"https:\/\/kidsplay.lt\/produktas\/viga-medine-rasymo-treniravimo-lentele-pirmieji-zingsniai-link-taisyklingo-rasto\/#breadcrumb"},"inLanguage":"lv-LV","potentialAction":[{"@type":"ReadAction","target":["https:\/\/kidsplay.lt\/produktas\/viga-medine-rasymo-treniravimo-lentele-pirmieji-zingsniai-link-taisyklingo-rasto\/"]}]},{"@type":"ImageObject","inLanguage":"lv-LV","@id":"https:\/\/kidsplay.lt\/produktas\/viga-medine-rasymo-treniravimo-lentele-pirmieji-zingsniai-link-taisyklingo-rasto\/#primaryimage","url":"https:\/\/kidsplay.lt\/wp-content\/uploads\/2026\/02\/Viga-medine-rasymo-treniravimo-lentele-\u2013-pirmieji-zingsniai-link-taisyklingo-rasto.jpg","contentUrl":"https:\/\/kidsplay.lt\/wp-content\/uploads\/2026\/02\/Viga-medine-rasymo-treniravimo-lentele-\u2013-pirmieji-zingsniai-link-taisyklingo-rasto.jpg","width":1000,"height":1000,"caption":"Viga medin\u0117 ra\u0161ymo treniravimo lentel\u0117 \u2013 pirmieji \u017eingsniai link taisyklingo ra\u0161to"},{"@type":"BreadcrumbList","@id":"https:\/\/kidsplay.lt\/produktas\/viga-medine-rasymo-treniravimo-lentele-pirmieji-zingsniai-link-taisyklingo-rasto\/#breadcrumb","itemListElement":[{"@type":"ListItem","position":1,"name":"Pagrindinis","item":"https:\/\/kidsplay.lt\/"},{"@type":"ListItem","position":2,"name":"Parduotuv\u0117","item":"https:\/\/kidsplay.lt\/parduotuve\/"},{"@type":"ListItem","position":3,"name":"Viga medin\u0117 ra\u0161ymo treniravimo lentel\u0117 \u2013 pirmieji \u017eingsniai link taisyklingo ra\u0161to"}]},{"@type":"WebSite","@id":"https:\/\/kidsplay.lt\/#website","url":"https:\/\/kidsplay.lt\/","name":"B\u0113rnu sp\u0113les.lv","description":"\u012evairios prek\u0117s vaikams","publisher":{"@id":"https:\/\/kidsplay.lt\/#organization"},"alternateName":"Kidsplay","potentialAction":[{"@type":"SearchAction","target":{"@type":"EntryPoint","urlTemplate":"https:\/\/kidsplay.lt\/?s={search_term_string}"},"query-input":{"@type":"PropertyValueSpecification","valueRequired":true,"valueName":"search_term_string"}}],"inLanguage":"lv-LV"},{"@type":"Organization","@id":"https:\/\/kidsplay.lt\/#organization","name":"B\u0113rnu sp\u0113le","url":"https:\/\/kidsplay.lt\/","logo":{"@type":"ImageObject","inLanguage":"lv-LV","@id":"https:\/\/kidsplay.lt\/#\/schema\/logo\/image\/","url":"https:\/\/kidsplay.lt\/wp-content\/uploads\/2023\/07\/kidsplay-logo.png","contentUrl":"https:\/\/kidsplay.lt\/wp-content\/uploads\/2023\/07\/kidsplay-logo.png","width":451,"height":98,"caption":"KidsPlay"},"image":{"@id":"https:\/\/kidsplay.lt\/#\/schema\/logo\/image\/"},"sameAs":["https:\/\/www.facebook.com\/www.kidsplay.lt"]}]}},"_links":{"self":[{"href":"https:\/\/kidsplay.lt\/lv\/wp-json\/wp\/v2\/product\/90100","targetHints":{"allow":["GET"]}}],"collection":[{"href":"https:\/\/kidsplay.lt\/lv\/wp-json\/wp\/v2\/product"}],"about":[{"href":"https:\/\/kidsplay.lt\/lv\/wp-json\/wp\/v2\/types\/product"}],"version-history":[{"count":1,"href":"https:\/\/kidsplay.lt\/lv\/wp-json\/wp\/v2\/product\/90100\/revisions"}],"predecessor-version":[{"id":90101,"href":"https:\/\/kidsplay.lt\/lv\/wp-json\/wp\/v2\/product\/90100\/revisions\/90101"}],"wp:featuredmedia":[{"embeddable":true,"href":"https:\/\/kidsplay.lt\/lv\/wp-json\/wp\/v2\/media\/90102"}],"wp:attachment":[{"href":"https:\/\/kidsplay.lt\/lv\/wp-json\/wp\/v2\/media?parent=90100"}],"wp:term":[{"taxonomy":"product_brand","embeddable":true,"href":"https:\/\/kidsplay.lt\/lv\/wp-json\/wp\/v2\/product_brand?post=90100"},{"taxonomy":"product_cat","embeddable":true,"href":"https:\/\/kidsplay.lt\/lv\/wp-json\/wp\/v2\/product_cat?post=90100"},{"taxonomy":"product_tag","embeddable":true,"href":"https:\/\/kidsplay.lt\/lv\/wp-json\/wp\/v2\/product_tag?post=90100"}],"curies":[{"name":"wp","href":"https:\/\/api.w.org\/{rel}","templated":true}]}}