{"id":90107,"date":"2026-02-26T09:37:47","date_gmt":"2026-02-26T07:37:47","guid":{"rendered":"https:\/\/kidsplay.lt\/produktas\/mokymasis-piesti-ir-rasyti-paveiksleliai\/"},"modified":"2026-04-07T10:51:52","modified_gmt":"2026-04-07T07:51:52","slug":"mokymasis-piesti-ir-rasyti-paveiksleliai","status":"publish","type":"product","link":"https:\/\/kidsplay.lt\/lv\/products\/mokymasis-piesti-ir-rasyti-paveiksleliai\/","title":{"rendered":"Mokymasis pie\u0161ti ir ra\u0161yti paveiksl\u0117liai"},"content":{"rendered":"<p>VIGA\u00a0prek\u0117s \u017eenklo\u00a0pie\u0161imo lenta\u00a0yra ideali galimyb\u0117 vaikams\u00a0lavinti rankas\u00a0prie\u0161\u00a0mokantis ra\u0161yti\u00a0. Subtiliai\u00a0i\u0161graviruoti ir i\u0161lenkti grioveliai\u00a0puikiai tinka vaikams kontroliuoti rank\u0173 judesius ir lavinti raumen\u0173 atmint\u012f kartojant p\u0117dsakus. Galima \u012fsigyti\u00a0kompakti\u0161k\u0173 dyd\u017ei\u0173\u00a0lent\u0105 , tod\u0117l\u00a0vaikai\u00a0gali\u00a0j\u0105\u00a0laikyti ir naudoti ant stalo ar\u00a0stalo.\u00a0<\/p>\n<p>Charakteristika:<\/p>\n<p> \t\u017eaislas nuo 3 met\u0173<br \/>\n \tkomplekte yra lenta ir pie\u0161tukas i\u0161 med\u017eio<br \/>\n \tpatog\u016bs, graviruoti ir lenkti grioveliai<\/p>\n<p>\u017daislas vysto:<\/p>\n<p> \trank\u0173 miklumas ir judesi\u0173 sklandumas<br \/>\n \taki\u0173-rank\u0173 koordinacija<br \/>\n \tkoncentracija<\/p>","protected":false},"excerpt":{"rendered":"<p>VIGA\u00a0prek\u0117s \u017eenklo\u00a0pie\u0161imo lenta\u00a0yra ideali galimyb\u0117 vaikams\u00a0lavinti rankas\u00a0prie\u0161\u00a0mokantis ra\u0161yti\u00a0. Subtiliai\u00a0i\u0161graviruoti ir i\u0161lenkti grioveliai\u00a0puikiai tinka vaikams kontroliuoti rank\u0173 judesius ir lavinti raumen\u0173<\/p>","protected":false},"featured_media":51311,"template":"","meta":{"_acf_changed":false,"_glsr_average":0,"_glsr_ranking":0,"_glsr_reviews":0},"product_brand":[],"product_cat":[388],"product_tag":[],"class_list":{"0":"post-90107","1":"product","2":"type-product","3":"status-publish","4":"has-post-thumbnail","6":"product_cat-edukaciniai-lavinamieji-zaislai","7":"\"style=\"background-color: #2ecc711c;\"","9":"first","10":"instock","11":"purchasable","12":"product-type-simple"},"acf":[],"yoast_head":"<!-- This site is optimized with the Yoast SEO plugin v27.3 - https:\/\/yoast.com\/product\/yoast-seo-wordpress\/ -->\n<title>Mokymasis pie\u0161ti ir ra\u0161yti paveiksl\u0117liai<\/title>\n<meta name=\"description\" content=\"Mokymasis pie\u0161ti ir ra\u0161yti paveiksl\u0117liai - KidsPlay. Did\u017eiausias vaik\u0173 \u017eaisl\u0173 pasirinkimas.\" \/>\n<meta name=\"robots\" content=\"index, follow, max-snippet:-1, max-image-preview:large, max-video-preview:-1\" \/>\n<link rel=\"canonical\" href=\"https:\/\/kidsplay.lt\/lv\/products\/mokymasis-piesti-ir-rasyti-paveiksleliai\/\" \/>\n<meta property=\"og:locale\" content=\"lv_LV\" \/>\n<meta property=\"og:type\" content=\"article\" \/>\n<meta property=\"og:title\" content=\"Mokymasis pie\u0161ti ir ra\u0161yti paveiksl\u0117liai\" \/>\n<meta property=\"og:description\" content=\"Mokymasis pie\u0161ti ir ra\u0161yti paveiksl\u0117liai - KidsPlay. Did\u017eiausias vaik\u0173 \u017eaisl\u0173 pasirinkimas.\" \/>\n<meta property=\"og:url\" content=\"https:\/\/kidsplay.lt\/lv\/products\/mokymasis-piesti-ir-rasyti-paveiksleliai\/\" \/>\n<meta property=\"og:site_name\" content=\"KidsPlay\" \/>\n<meta property=\"article:publisher\" content=\"https:\/\/www.facebook.com\/www.kidsplay.lt\" \/>\n<meta property=\"article:modified_time\" content=\"2026-04-07T07:51:52+00:00\" \/>\n<meta property=\"og:image\" content=\"https:\/\/kidsplay.lt\/wp-content\/uploads\/2024\/09\/Mokymasis-piesti-ir-rasyti-paveiksleliai-6.jpg\" \/>\n\t<meta property=\"og:image:width\" content=\"1000\" \/>\n\t<meta property=\"og:image:height\" content=\"1000\" \/>\n\t<meta property=\"og:image:type\" content=\"image\/jpeg\" \/>\n<meta name=\"twitter:card\" content=\"summary_large_image\" \/>\n<script type=\"application\/ld+json\" class=\"yoast-schema-graph\">{\"@context\":\"https:\\\/\\\/schema.org\",\"@graph\":[{\"@type\":\"WebPage\",\"@id\":\"https:\\\/\\\/kidsplay.lt\\\/produktas\\\/mokymasis-piesti-ir-rasyti-paveiksleliai\\\/\",\"url\":\"https:\\\/\\\/kidsplay.lt\\\/produktas\\\/mokymasis-piesti-ir-rasyti-paveiksleliai\\\/\",\"name\":\"Mokymasis pie\u0161ti ir ra\u0161yti paveiksl\u0117liai\",\"isPartOf\":{\"@id\":\"https:\\\/\\\/kidsplay.lt\\\/#website\"},\"primaryImageOfPage\":{\"@id\":\"https:\\\/\\\/kidsplay.lt\\\/produktas\\\/mokymasis-piesti-ir-rasyti-paveiksleliai\\\/#primaryimage\"},\"image\":{\"@id\":\"https:\\\/\\\/kidsplay.lt\\\/produktas\\\/mokymasis-piesti-ir-rasyti-paveiksleliai\\\/#primaryimage\"},\"thumbnailUrl\":\"https:\\\/\\\/kidsplay.lt\\\/wp-content\\\/uploads\\\/2024\\\/09\\\/Mokymasis-piesti-ir-rasyti-paveiksleliai-6.jpg\",\"datePublished\":\"2026-02-26T07:37:47+00:00\",\"dateModified\":\"2026-04-07T07:51:52+00:00\",\"description\":\"Mokymasis pie\u0161ti ir ra\u0161yti paveiksl\u0117liai - KidsPlay. Did\u017eiausias vaik\u0173 \u017eaisl\u0173 pasirinkimas.\",\"breadcrumb\":{\"@id\":\"https:\\\/\\\/kidsplay.lt\\\/produktas\\\/mokymasis-piesti-ir-rasyti-paveiksleliai\\\/#breadcrumb\"},\"inLanguage\":\"lv-LV\",\"potentialAction\":[{\"@type\":\"ReadAction\",\"target\":[\"https:\\\/\\\/kidsplay.lt\\\/produktas\\\/mokymasis-piesti-ir-rasyti-paveiksleliai\\\/\"]}]},{\"@type\":\"ImageObject\",\"inLanguage\":\"lv-LV\",\"@id\":\"https:\\\/\\\/kidsplay.lt\\\/produktas\\\/mokymasis-piesti-ir-rasyti-paveiksleliai\\\/#primaryimage\",\"url\":\"https:\\\/\\\/kidsplay.lt\\\/wp-content\\\/uploads\\\/2024\\\/09\\\/Mokymasis-piesti-ir-rasyti-paveiksleliai-6.jpg\",\"contentUrl\":\"https:\\\/\\\/kidsplay.lt\\\/wp-content\\\/uploads\\\/2024\\\/09\\\/Mokymasis-piesti-ir-rasyti-paveiksleliai-6.jpg\",\"width\":1000,\"height\":1000,\"caption\":\"Mokymasis pie\u0161ti ir ra\u0161yti paveiksl\u0117liai\"},{\"@type\":\"BreadcrumbList\",\"@id\":\"https:\\\/\\\/kidsplay.lt\\\/produktas\\\/mokymasis-piesti-ir-rasyti-paveiksleliai\\\/#breadcrumb\",\"itemListElement\":[{\"@type\":\"ListItem\",\"position\":1,\"name\":\"Pagrindinis\",\"item\":\"https:\\\/\\\/kidsplay.lt\\\/\"},{\"@type\":\"ListItem\",\"position\":2,\"name\":\"Parduotuv\u0117\",\"item\":\"https:\\\/\\\/kidsplay.lt\\\/parduotuve\\\/\"},{\"@type\":\"ListItem\",\"position\":3,\"name\":\"Mokymasis pie\u0161ti ir ra\u0161yti paveiksl\u0117liai\"}]},{\"@type\":\"WebSite\",\"@id\":\"https:\\\/\\\/kidsplay.lt\\\/#website\",\"url\":\"https:\\\/\\\/kidsplay.lt\\\/\",\"name\":\"Kidsplay.lt\",\"description\":\"\u012evairios prek\u0117s vaikams\",\"publisher\":{\"@id\":\"https:\\\/\\\/kidsplay.lt\\\/#organization\"},\"alternateName\":\"Kidsplay\",\"potentialAction\":[{\"@type\":\"SearchAction\",\"target\":{\"@type\":\"EntryPoint\",\"urlTemplate\":\"https:\\\/\\\/kidsplay.lt\\\/?s={search_term_string}\"},\"query-input\":{\"@type\":\"PropertyValueSpecification\",\"valueRequired\":true,\"valueName\":\"search_term_string\"}}],\"inLanguage\":\"lv-LV\"},{\"@type\":\"Organization\",\"@id\":\"https:\\\/\\\/kidsplay.lt\\\/#organization\",\"name\":\"KidsPlay\",\"url\":\"https:\\\/\\\/kidsplay.lt\\\/\",\"logo\":{\"@type\":\"ImageObject\",\"inLanguage\":\"lv-LV\",\"@id\":\"https:\\\/\\\/kidsplay.lt\\\/#\\\/schema\\\/logo\\\/image\\\/\",\"url\":\"https:\\\/\\\/kidsplay.lt\\\/wp-content\\\/uploads\\\/2023\\\/07\\\/kidsplay-logo.png\",\"contentUrl\":\"https:\\\/\\\/kidsplay.lt\\\/wp-content\\\/uploads\\\/2023\\\/07\\\/kidsplay-logo.png\",\"width\":451,\"height\":98,\"caption\":\"KidsPlay\"},\"image\":{\"@id\":\"https:\\\/\\\/kidsplay.lt\\\/#\\\/schema\\\/logo\\\/image\\\/\"},\"sameAs\":[\"https:\\\/\\\/www.facebook.com\\\/www.kidsplay.lt\"]}]}<\/script>\n<!-- \/ Yoast SEO plugin. -->","yoast_head_json":{"title":"Mokymasis pie\u0161ti ir ra\u0161yti paveiksl\u0117liai","description":"Mokymasis pie\u0161ti ir ra\u0161yti paveiksl\u0117liai - KidsPlay. Did\u017eiausias vaik\u0173 \u017eaisl\u0173 pasirinkimas.","robots":{"index":"index","follow":"follow","max-snippet":"max-snippet:-1","max-image-preview":"max-image-preview:large","max-video-preview":"max-video-preview:-1"},"canonical":"https:\/\/kidsplay.lt\/lv\/products\/mokymasis-piesti-ir-rasyti-paveiksleliai\/","og_locale":"lv_LV","og_type":"article","og_title":"Mokymasis pie\u0161ti ir ra\u0161yti paveiksl\u0117liai","og_description":"Mokymasis pie\u0161ti ir ra\u0161yti paveiksl\u0117liai - KidsPlay. Did\u017eiausias vaik\u0173 \u017eaisl\u0173 pasirinkimas.","og_url":"https:\/\/kidsplay.lt\/lv\/products\/mokymasis-piesti-ir-rasyti-paveiksleliai\/","og_site_name":"KidsPlay","article_publisher":"https:\/\/www.facebook.com\/www.kidsplay.lt","article_modified_time":"2026-04-07T07:51:52+00:00","og_image":[{"width":1000,"height":1000,"url":"https:\/\/kidsplay.lt\/wp-content\/uploads\/2024\/09\/Mokymasis-piesti-ir-rasyti-paveiksleliai-6.jpg","type":"image\/jpeg"}],"twitter_card":"summary_large_image","schema":{"@context":"https:\/\/schema.org","@graph":[{"@type":"WebPage","@id":"https:\/\/kidsplay.lt\/produktas\/mokymasis-piesti-ir-rasyti-paveiksleliai\/","url":"https:\/\/kidsplay.lt\/produktas\/mokymasis-piesti-ir-rasyti-paveiksleliai\/","name":"Mokymasis pie\u0161ti ir ra\u0161yti paveiksl\u0117liai","isPartOf":{"@id":"https:\/\/kidsplay.lt\/#website"},"primaryImageOfPage":{"@id":"https:\/\/kidsplay.lt\/produktas\/mokymasis-piesti-ir-rasyti-paveiksleliai\/#primaryimage"},"image":{"@id":"https:\/\/kidsplay.lt\/produktas\/mokymasis-piesti-ir-rasyti-paveiksleliai\/#primaryimage"},"thumbnailUrl":"https:\/\/kidsplay.lt\/wp-content\/uploads\/2024\/09\/Mokymasis-piesti-ir-rasyti-paveiksleliai-6.jpg","datePublished":"2026-02-26T07:37:47+00:00","dateModified":"2026-04-07T07:51:52+00:00","description":"Mokymasis pie\u0161ti ir ra\u0161yti paveiksl\u0117liai - KidsPlay. Did\u017eiausias vaik\u0173 \u017eaisl\u0173 pasirinkimas.","breadcrumb":{"@id":"https:\/\/kidsplay.lt\/produktas\/mokymasis-piesti-ir-rasyti-paveiksleliai\/#breadcrumb"},"inLanguage":"lv-LV","potentialAction":[{"@type":"ReadAction","target":["https:\/\/kidsplay.lt\/produktas\/mokymasis-piesti-ir-rasyti-paveiksleliai\/"]}]},{"@type":"ImageObject","inLanguage":"lv-LV","@id":"https:\/\/kidsplay.lt\/produktas\/mokymasis-piesti-ir-rasyti-paveiksleliai\/#primaryimage","url":"https:\/\/kidsplay.lt\/wp-content\/uploads\/2024\/09\/Mokymasis-piesti-ir-rasyti-paveiksleliai-6.jpg","contentUrl":"https:\/\/kidsplay.lt\/wp-content\/uploads\/2024\/09\/Mokymasis-piesti-ir-rasyti-paveiksleliai-6.jpg","width":1000,"height":1000,"caption":"Mokymasis pie\u0161ti ir ra\u0161yti paveiksl\u0117liai"},{"@type":"BreadcrumbList","@id":"https:\/\/kidsplay.lt\/produktas\/mokymasis-piesti-ir-rasyti-paveiksleliai\/#breadcrumb","itemListElement":[{"@type":"ListItem","position":1,"name":"Pagrindinis","item":"https:\/\/kidsplay.lt\/"},{"@type":"ListItem","position":2,"name":"Parduotuv\u0117","item":"https:\/\/kidsplay.lt\/parduotuve\/"},{"@type":"ListItem","position":3,"name":"Mokymasis pie\u0161ti ir ra\u0161yti paveiksl\u0117liai"}]},{"@type":"WebSite","@id":"https:\/\/kidsplay.lt\/#website","url":"https:\/\/kidsplay.lt\/","name":"B\u0113rnu sp\u0113les.lv","description":"\u012evairios prek\u0117s vaikams","publisher":{"@id":"https:\/\/kidsplay.lt\/#organization"},"alternateName":"Kidsplay","potentialAction":[{"@type":"SearchAction","target":{"@type":"EntryPoint","urlTemplate":"https:\/\/kidsplay.lt\/?s={search_term_string}"},"query-input":{"@type":"PropertyValueSpecification","valueRequired":true,"valueName":"search_term_string"}}],"inLanguage":"lv-LV"},{"@type":"Organization","@id":"https:\/\/kidsplay.lt\/#organization","name":"B\u0113rnu sp\u0113le","url":"https:\/\/kidsplay.lt\/","logo":{"@type":"ImageObject","inLanguage":"lv-LV","@id":"https:\/\/kidsplay.lt\/#\/schema\/logo\/image\/","url":"https:\/\/kidsplay.lt\/wp-content\/uploads\/2023\/07\/kidsplay-logo.png","contentUrl":"https:\/\/kidsplay.lt\/wp-content\/uploads\/2023\/07\/kidsplay-logo.png","width":451,"height":98,"caption":"KidsPlay"},"image":{"@id":"https:\/\/kidsplay.lt\/#\/schema\/logo\/image\/"},"sameAs":["https:\/\/www.facebook.com\/www.kidsplay.lt"]}]}},"_links":{"self":[{"href":"https:\/\/kidsplay.lt\/lv\/wp-json\/wp\/v2\/product\/90107","targetHints":{"allow":["GET"]}}],"collection":[{"href":"https:\/\/kidsplay.lt\/lv\/wp-json\/wp\/v2\/product"}],"about":[{"href":"https:\/\/kidsplay.lt\/lv\/wp-json\/wp\/v2\/types\/product"}],"version-history":[{"count":1,"href":"https:\/\/kidsplay.lt\/lv\/wp-json\/wp\/v2\/product\/90107\/revisions"}],"predecessor-version":[{"id":90108,"href":"https:\/\/kidsplay.lt\/lv\/wp-json\/wp\/v2\/product\/90107\/revisions\/90108"}],"wp:featuredmedia":[{"embeddable":true,"href":"https:\/\/kidsplay.lt\/lv\/wp-json\/wp\/v2\/media\/51311"}],"wp:attachment":[{"href":"https:\/\/kidsplay.lt\/lv\/wp-json\/wp\/v2\/media?parent=90107"}],"wp:term":[{"taxonomy":"product_brand","embeddable":true,"href":"https:\/\/kidsplay.lt\/lv\/wp-json\/wp\/v2\/product_brand?post=90107"},{"taxonomy":"product_cat","embeddable":true,"href":"https:\/\/kidsplay.lt\/lv\/wp-json\/wp\/v2\/product_cat?post=90107"},{"taxonomy":"product_tag","embeddable":true,"href":"https:\/\/kidsplay.lt\/lv\/wp-json\/wp\/v2\/product_tag?post=90107"}],"curies":[{"name":"wp","href":"https:\/\/api.w.org\/{rel}","templated":true}]}}