{"id":90111,"date":"2026-02-26T09:37:52","date_gmt":"2026-02-26T07:37:52","guid":{"rendered":"https:\/\/kidsplay.lt\/produktas\/masterkidz-montessori-menulio-faziu-edukacine-lenta\/"},"modified":"2026-04-07T10:51:59","modified_gmt":"2026-04-07T07:51:59","slug":"masterkidz-montessori-menulio-faziu-edukacine-lenta","status":"publish","type":"product","link":"https:\/\/kidsplay.lt\/lv\/products\/masterkidz-montessori-menulio-faziu-edukacine-lenta\/","title":{"rendered":"\ufeffMASTERKIDZ Montessori M\u0113ness f\u0101\u017eu izgl\u012bt\u012bbas t\u0101fele"},"content":{"rendered":"<p>\u201eMasterkidz\u201c lavinamosios lentos\u00a0\u00a0leid\u017eia vaikams lavinti daug \u012fg\u016bd\u017ei\u0173 vienu metu. Kiekviena lenta moko vaikus, kaip funkcionuoti visuomen\u0117je, pasitelkdama \u012fvairias \u012fdomias temas, ir leid\u017eia jiems tyrin\u0117ti juos supant\u012f pasaul\u012f. Galime tur\u0117ti kelias lentas ir jas lengvai keisti, o special\u016bs r\u0117meliai puikiai laiko lent\u0105 prie sienos.\u00a0<\/p>\n<p>Rakstur\u012bgs:<\/p>\n<p> \t\u2013 Galime tur\u0117ti kelias lentas ir jas lengvai pakeisti, o special\u016bs r\u0117mai puikiai laiko lent\u0105 prie sienos.\u00a0<br \/>\n \t&#8211; Lent\u0105 taip pat galima naudoti be r\u0117mo, pvz., ant stalo ar grind\u0173<br \/>\n \t\u2013 M\u0117nul\u012f i\u0161 \u017dem\u0117s galime matyti, nes jis atspindi Saul\u0117s \u0161vies\u0105 atgal \u012f \u017dem\u0119.<br \/>\n \t&#8211; M\u0117nulis kiekvien\u0105 nakt\u012f skriedamas aplink \u017dem\u0119 bus kitoks Saul\u0117s at\u017evilgiu \u2013\u00a0\u00a0d\u0117l \u0161ios prie\u017easties \u017dem\u0117je atsispind\u0117s skirtingos M\u0117nulio formos \u2013 tai yra M\u0117nulio faz\u0117s.<br \/>\n \t&#8211; Yra a\u0161tuonios faz\u0117s: jaunatis, pusm\u0117nulis, pirmasis ketvirtis, pilnatis, dylantis m\u0117nulis, paskutinis ketvirtis ir dylantis pusm\u0117nulis.<br \/>\n \t&#8211; kai vaikas paspaud\u017eia vien\u0105 i\u0161 8 skydelyje nurodyt\u0173 fazi\u0173, lentoje u\u017esidegs atitinkamoje vietoje matoma faz\u0117<br \/>\n \t&#8211;\u00a0\u00a0veikimui reikalingos baterijos<\/p>\n<p>Rota\u013clieta att\u012bst\u0101s:<\/p>\n<p> \t&#8211; motoriniai \u012fg\u016bd\u017eiai<br \/>\n \t&#8211; sensorinis<br \/>\n \t&#8211; aki\u0173-rank\u0173 koordinacija<br \/>\n \t&#8211; vaizduot\u0117<br \/>\n \t&#8211; koncentracija<br \/>\n \t&#8211; smalsumas<\/p>","protected":false},"excerpt":{"rendered":"<p>\u201eMasterkidz\u201c lavinamosios lentos\u00a0\u00a0leid\u017eia vaikams lavinti daug \u012fg\u016bd\u017ei\u0173 vienu metu. Kiekviena lenta moko vaikus, kaip funkcionuoti visuomen\u0117je, pasitelkdama \u012fvairias \u012fdomias temas,<\/p>","protected":false},"featured_media":66585,"template":"","meta":{"_acf_changed":false,"_glsr_average":0,"_glsr_ranking":0,"_glsr_reviews":0},"product_brand":[],"product_cat":[673,229],"product_tag":[],"class_list":{"0":"post-90111","1":"product","2":"type-product","3":"status-publish","4":"has-post-thumbnail","6":"product_cat-ugdomosios-priemones","7":"product_cat-zaislai-vaikams","8":"\"style=\"background-color: #2ecc711c;\"","10":"first","11":"instock","12":"purchasable","13":"product-type-simple"},"acf":[],"yoast_head":"<!-- This site is optimized with the Yoast SEO plugin v27.3 - https:\/\/yoast.com\/product\/yoast-seo-wordpress\/ -->\n<title>\ufeff MASTERKIDZ Montessori m\u0117nulio fazi\u0173 edukacin\u0117 lenta<\/title>\n<meta name=\"description\" content=\"\ufeff MASTERKIDZ Montessori m\u0117nulio fazi\u0173 edukacin\u0117 lenta - KidsPlay. Did\u017eiausias vaik\u0173 \u017eaisl\u0173 pasirinkimas.\" \/>\n<meta name=\"robots\" content=\"index, follow, max-snippet:-1, max-image-preview:large, max-video-preview:-1\" \/>\n<link rel=\"canonical\" href=\"https:\/\/kidsplay.lt\/lv\/products\/masterkidz-montessori-menulio-faziu-edukacine-lenta\/\" \/>\n<meta property=\"og:locale\" content=\"lv_LV\" \/>\n<meta property=\"og:type\" content=\"article\" \/>\n<meta property=\"og:title\" content=\"\ufeff MASTERKIDZ Montessori m\u0117nulio fazi\u0173 edukacin\u0117 lenta\" \/>\n<meta property=\"og:description\" content=\"\ufeff MASTERKIDZ Montessori m\u0117nulio fazi\u0173 edukacin\u0117 lenta - KidsPlay. Did\u017eiausias vaik\u0173 \u017eaisl\u0173 pasirinkimas.\" \/>\n<meta property=\"og:url\" content=\"https:\/\/kidsplay.lt\/lv\/products\/masterkidz-montessori-menulio-faziu-edukacine-lenta\/\" \/>\n<meta property=\"og:site_name\" content=\"KidsPlay\" \/>\n<meta property=\"article:publisher\" content=\"https:\/\/www.facebook.com\/www.kidsplay.lt\" \/>\n<meta property=\"article:modified_time\" content=\"2026-04-07T07:51:59+00:00\" \/>\n<meta property=\"og:image\" content=\"https:\/\/kidsplay.lt\/wp-content\/uploads\/2025\/09\/\ufeff-MASTERKIDZ-Montessori-menulio-faziu-edukacine-lenta.jpg\" \/>\n\t<meta property=\"og:image:width\" content=\"1000\" \/>\n\t<meta property=\"og:image:height\" content=\"1000\" \/>\n\t<meta property=\"og:image:type\" content=\"image\/jpeg\" \/>\n<meta name=\"twitter:card\" content=\"summary_large_image\" \/>\n<meta name=\"twitter:label1\" content=\"Est. reading time\" \/>\n\t<meta name=\"twitter:data1\" content=\"1 min\u016bte\" \/>\n<script type=\"application\/ld+json\" class=\"yoast-schema-graph\">{\"@context\":\"https:\\\/\\\/schema.org\",\"@graph\":[{\"@type\":\"WebPage\",\"@id\":\"https:\\\/\\\/kidsplay.lt\\\/produktas\\\/masterkidz-montessori-menulio-faziu-edukacine-lenta\\\/\",\"url\":\"https:\\\/\\\/kidsplay.lt\\\/produktas\\\/masterkidz-montessori-menulio-faziu-edukacine-lenta\\\/\",\"name\":\"\ufeff MASTERKIDZ Montessori m\u0117nulio fazi\u0173 edukacin\u0117 lenta\",\"isPartOf\":{\"@id\":\"https:\\\/\\\/kidsplay.lt\\\/#website\"},\"primaryImageOfPage\":{\"@id\":\"https:\\\/\\\/kidsplay.lt\\\/produktas\\\/masterkidz-montessori-menulio-faziu-edukacine-lenta\\\/#primaryimage\"},\"image\":{\"@id\":\"https:\\\/\\\/kidsplay.lt\\\/produktas\\\/masterkidz-montessori-menulio-faziu-edukacine-lenta\\\/#primaryimage\"},\"thumbnailUrl\":\"https:\\\/\\\/kidsplay.lt\\\/wp-content\\\/uploads\\\/2025\\\/09\\\/\ufeff-MASTERKIDZ-Montessori-menulio-faziu-edukacine-lenta.jpg\",\"datePublished\":\"2026-02-26T07:37:52+00:00\",\"dateModified\":\"2026-04-07T07:51:59+00:00\",\"description\":\"\ufeff MASTERKIDZ Montessori m\u0117nulio fazi\u0173 edukacin\u0117 lenta - KidsPlay. Did\u017eiausias vaik\u0173 \u017eaisl\u0173 pasirinkimas.\",\"breadcrumb\":{\"@id\":\"https:\\\/\\\/kidsplay.lt\\\/produktas\\\/masterkidz-montessori-menulio-faziu-edukacine-lenta\\\/#breadcrumb\"},\"inLanguage\":\"lv-LV\",\"potentialAction\":[{\"@type\":\"ReadAction\",\"target\":[\"https:\\\/\\\/kidsplay.lt\\\/produktas\\\/masterkidz-montessori-menulio-faziu-edukacine-lenta\\\/\"]}]},{\"@type\":\"ImageObject\",\"inLanguage\":\"lv-LV\",\"@id\":\"https:\\\/\\\/kidsplay.lt\\\/produktas\\\/masterkidz-montessori-menulio-faziu-edukacine-lenta\\\/#primaryimage\",\"url\":\"https:\\\/\\\/kidsplay.lt\\\/wp-content\\\/uploads\\\/2025\\\/09\\\/\ufeff-MASTERKIDZ-Montessori-menulio-faziu-edukacine-lenta.jpg\",\"contentUrl\":\"https:\\\/\\\/kidsplay.lt\\\/wp-content\\\/uploads\\\/2025\\\/09\\\/\ufeff-MASTERKIDZ-Montessori-menulio-faziu-edukacine-lenta.jpg\",\"width\":1000,\"height\":1000,\"caption\":\"\ufeff MASTERKIDZ Montessori m\u0117nulio fazi\u0173 edukacin\u0117 lenta\"},{\"@type\":\"BreadcrumbList\",\"@id\":\"https:\\\/\\\/kidsplay.lt\\\/produktas\\\/masterkidz-montessori-menulio-faziu-edukacine-lenta\\\/#breadcrumb\",\"itemListElement\":[{\"@type\":\"ListItem\",\"position\":1,\"name\":\"Pagrindinis\",\"item\":\"https:\\\/\\\/kidsplay.lt\\\/\"},{\"@type\":\"ListItem\",\"position\":2,\"name\":\"Parduotuv\u0117\",\"item\":\"https:\\\/\\\/kidsplay.lt\\\/parduotuve\\\/\"},{\"@type\":\"ListItem\",\"position\":3,\"name\":\"\ufeff MASTERKIDZ Montessori m\u0117nulio fazi\u0173 edukacin\u0117 lenta\"}]},{\"@type\":\"WebSite\",\"@id\":\"https:\\\/\\\/kidsplay.lt\\\/#website\",\"url\":\"https:\\\/\\\/kidsplay.lt\\\/\",\"name\":\"Kidsplay.lt\",\"description\":\"\u012evairios prek\u0117s vaikams\",\"publisher\":{\"@id\":\"https:\\\/\\\/kidsplay.lt\\\/#organization\"},\"alternateName\":\"Kidsplay\",\"potentialAction\":[{\"@type\":\"SearchAction\",\"target\":{\"@type\":\"EntryPoint\",\"urlTemplate\":\"https:\\\/\\\/kidsplay.lt\\\/?s={search_term_string}\"},\"query-input\":{\"@type\":\"PropertyValueSpecification\",\"valueRequired\":true,\"valueName\":\"search_term_string\"}}],\"inLanguage\":\"lv-LV\"},{\"@type\":\"Organization\",\"@id\":\"https:\\\/\\\/kidsplay.lt\\\/#organization\",\"name\":\"KidsPlay\",\"url\":\"https:\\\/\\\/kidsplay.lt\\\/\",\"logo\":{\"@type\":\"ImageObject\",\"inLanguage\":\"lv-LV\",\"@id\":\"https:\\\/\\\/kidsplay.lt\\\/#\\\/schema\\\/logo\\\/image\\\/\",\"url\":\"https:\\\/\\\/kidsplay.lt\\\/wp-content\\\/uploads\\\/2023\\\/07\\\/kidsplay-logo.png\",\"contentUrl\":\"https:\\\/\\\/kidsplay.lt\\\/wp-content\\\/uploads\\\/2023\\\/07\\\/kidsplay-logo.png\",\"width\":451,\"height\":98,\"caption\":\"KidsPlay\"},\"image\":{\"@id\":\"https:\\\/\\\/kidsplay.lt\\\/#\\\/schema\\\/logo\\\/image\\\/\"},\"sameAs\":[\"https:\\\/\\\/www.facebook.com\\\/www.kidsplay.lt\"]}]}<\/script>\n<!-- \/ Yoast SEO plugin. -->","yoast_head_json":{"title":"\ufeffMASTERKIDZ Montessori M\u0113ness f\u0101\u017eu izgl\u012bt\u012bbas t\u0101fele","description":"\ufeff MASTERKIDZ Montessori m\u0117nulio fazi\u0173 edukacin\u0117 lenta - KidsPlay. Did\u017eiausias vaik\u0173 \u017eaisl\u0173 pasirinkimas.","robots":{"index":"index","follow":"follow","max-snippet":"max-snippet:-1","max-image-preview":"max-image-preview:large","max-video-preview":"max-video-preview:-1"},"canonical":"https:\/\/kidsplay.lt\/lv\/products\/masterkidz-montessori-menulio-faziu-edukacine-lenta\/","og_locale":"lv_LV","og_type":"article","og_title":"\ufeff MASTERKIDZ Montessori m\u0117nulio fazi\u0173 edukacin\u0117 lenta","og_description":"\ufeff MASTERKIDZ Montessori m\u0117nulio fazi\u0173 edukacin\u0117 lenta - KidsPlay. Did\u017eiausias vaik\u0173 \u017eaisl\u0173 pasirinkimas.","og_url":"https:\/\/kidsplay.lt\/lv\/products\/masterkidz-montessori-menulio-faziu-edukacine-lenta\/","og_site_name":"KidsPlay","article_publisher":"https:\/\/www.facebook.com\/www.kidsplay.lt","article_modified_time":"2026-04-07T07:51:59+00:00","og_image":[{"width":1000,"height":1000,"url":"https:\/\/kidsplay.lt\/wp-content\/uploads\/2025\/09\/\ufeff-MASTERKIDZ-Montessori-menulio-faziu-edukacine-lenta.jpg","type":"image\/jpeg"}],"twitter_card":"summary_large_image","twitter_misc":{"Est. reading time":"1 min\u016bte"},"schema":{"@context":"https:\/\/schema.org","@graph":[{"@type":"WebPage","@id":"https:\/\/kidsplay.lt\/produktas\/masterkidz-montessori-menulio-faziu-edukacine-lenta\/","url":"https:\/\/kidsplay.lt\/produktas\/masterkidz-montessori-menulio-faziu-edukacine-lenta\/","name":"\ufeffMASTERKIDZ Montessori M\u0113ness f\u0101\u017eu izgl\u012bt\u012bbas t\u0101fele","isPartOf":{"@id":"https:\/\/kidsplay.lt\/#website"},"primaryImageOfPage":{"@id":"https:\/\/kidsplay.lt\/produktas\/masterkidz-montessori-menulio-faziu-edukacine-lenta\/#primaryimage"},"image":{"@id":"https:\/\/kidsplay.lt\/produktas\/masterkidz-montessori-menulio-faziu-edukacine-lenta\/#primaryimage"},"thumbnailUrl":"https:\/\/kidsplay.lt\/wp-content\/uploads\/2025\/09\/\ufeff-MASTERKIDZ-Montessori-menulio-faziu-edukacine-lenta.jpg","datePublished":"2026-02-26T07:37:52+00:00","dateModified":"2026-04-07T07:51:59+00:00","description":"\ufeff MASTERKIDZ Montessori m\u0117nulio fazi\u0173 edukacin\u0117 lenta - KidsPlay. Did\u017eiausias vaik\u0173 \u017eaisl\u0173 pasirinkimas.","breadcrumb":{"@id":"https:\/\/kidsplay.lt\/produktas\/masterkidz-montessori-menulio-faziu-edukacine-lenta\/#breadcrumb"},"inLanguage":"lv-LV","potentialAction":[{"@type":"ReadAction","target":["https:\/\/kidsplay.lt\/produktas\/masterkidz-montessori-menulio-faziu-edukacine-lenta\/"]}]},{"@type":"ImageObject","inLanguage":"lv-LV","@id":"https:\/\/kidsplay.lt\/produktas\/masterkidz-montessori-menulio-faziu-edukacine-lenta\/#primaryimage","url":"https:\/\/kidsplay.lt\/wp-content\/uploads\/2025\/09\/\ufeff-MASTERKIDZ-Montessori-menulio-faziu-edukacine-lenta.jpg","contentUrl":"https:\/\/kidsplay.lt\/wp-content\/uploads\/2025\/09\/\ufeff-MASTERKIDZ-Montessori-menulio-faziu-edukacine-lenta.jpg","width":1000,"height":1000,"caption":"\ufeff MASTERKIDZ Montessori m\u0117nulio fazi\u0173 edukacin\u0117 lenta"},{"@type":"BreadcrumbList","@id":"https:\/\/kidsplay.lt\/produktas\/masterkidz-montessori-menulio-faziu-edukacine-lenta\/#breadcrumb","itemListElement":[{"@type":"ListItem","position":1,"name":"Pagrindinis","item":"https:\/\/kidsplay.lt\/"},{"@type":"ListItem","position":2,"name":"Parduotuv\u0117","item":"https:\/\/kidsplay.lt\/parduotuve\/"},{"@type":"ListItem","position":3,"name":"\ufeff MASTERKIDZ Montessori m\u0117nulio fazi\u0173 edukacin\u0117 lenta"}]},{"@type":"WebSite","@id":"https:\/\/kidsplay.lt\/#website","url":"https:\/\/kidsplay.lt\/","name":"B\u0113rnu sp\u0113les.lv","description":"\u012evairios prek\u0117s vaikams","publisher":{"@id":"https:\/\/kidsplay.lt\/#organization"},"alternateName":"Kidsplay","potentialAction":[{"@type":"SearchAction","target":{"@type":"EntryPoint","urlTemplate":"https:\/\/kidsplay.lt\/?s={search_term_string}"},"query-input":{"@type":"PropertyValueSpecification","valueRequired":true,"valueName":"search_term_string"}}],"inLanguage":"lv-LV"},{"@type":"Organization","@id":"https:\/\/kidsplay.lt\/#organization","name":"B\u0113rnu sp\u0113le","url":"https:\/\/kidsplay.lt\/","logo":{"@type":"ImageObject","inLanguage":"lv-LV","@id":"https:\/\/kidsplay.lt\/#\/schema\/logo\/image\/","url":"https:\/\/kidsplay.lt\/wp-content\/uploads\/2023\/07\/kidsplay-logo.png","contentUrl":"https:\/\/kidsplay.lt\/wp-content\/uploads\/2023\/07\/kidsplay-logo.png","width":451,"height":98,"caption":"KidsPlay"},"image":{"@id":"https:\/\/kidsplay.lt\/#\/schema\/logo\/image\/"},"sameAs":["https:\/\/www.facebook.com\/www.kidsplay.lt"]}]}},"_links":{"self":[{"href":"https:\/\/kidsplay.lt\/lv\/wp-json\/wp\/v2\/product\/90111","targetHints":{"allow":["GET"]}}],"collection":[{"href":"https:\/\/kidsplay.lt\/lv\/wp-json\/wp\/v2\/product"}],"about":[{"href":"https:\/\/kidsplay.lt\/lv\/wp-json\/wp\/v2\/types\/product"}],"version-history":[{"count":1,"href":"https:\/\/kidsplay.lt\/lv\/wp-json\/wp\/v2\/product\/90111\/revisions"}],"predecessor-version":[{"id":90112,"href":"https:\/\/kidsplay.lt\/lv\/wp-json\/wp\/v2\/product\/90111\/revisions\/90112"}],"wp:featuredmedia":[{"embeddable":true,"href":"https:\/\/kidsplay.lt\/lv\/wp-json\/wp\/v2\/media\/66585"}],"wp:attachment":[{"href":"https:\/\/kidsplay.lt\/lv\/wp-json\/wp\/v2\/media?parent=90111"}],"wp:term":[{"taxonomy":"product_brand","embeddable":true,"href":"https:\/\/kidsplay.lt\/lv\/wp-json\/wp\/v2\/product_brand?post=90111"},{"taxonomy":"product_cat","embeddable":true,"href":"https:\/\/kidsplay.lt\/lv\/wp-json\/wp\/v2\/product_cat?post=90111"},{"taxonomy":"product_tag","embeddable":true,"href":"https:\/\/kidsplay.lt\/lv\/wp-json\/wp\/v2\/product_tag?post=90111"}],"curies":[{"name":"wp","href":"https:\/\/api.w.org\/{rel}","templated":true}]}}