{"id":90115,"date":"2026-02-26T09:37:58","date_gmt":"2026-02-26T07:37:58","guid":{"rendered":"https:\/\/kidsplay.lt\/produktas\/woopie-stalo-zaidimas-pristato-mega-naval-battle-4\/"},"modified":"2026-04-07T10:52:06","modified_gmt":"2026-04-07T07:52:06","slug":"woopie-stalo-zaidimas-pristato-mega-naval-battle-4","status":"publish","type":"product","link":"https:\/\/kidsplay.lt\/lv\/products\/woopie-stalo-zaidimas-pristato-mega-naval-battle-4\/","title":{"rendered":"WOOPIE stalo \u017eaidimas pristato MEGA NAVAL BATTLE 4+"},"content":{"rendered":"<p>Stalo \u017eaidimas \u201eWOOPIE\u00a0MEGA SEA BATTLE\u201c\u00a0\u201eLaivai\u201c\u00a0yra \u017eavus ir priklausomyb\u0119 sukeliantis \u017eaidimas, kur\u012f tiek t\u0117vai, tiek suaugusieji tikrai atpa\u017eins i\u0161 vaikyst\u0117s. \u0160is klasikinis \u017eaidimas ne tik suteikia pramog\u0173, bet ir lavina login\u012f m\u0105stym\u0105 bei strateginius \u012fg\u016bd\u017eius\u00a0.<br \/>\nRakstur\u012bgs:<\/p>\n<p> \t&#8211; \u017daislas\u00a0nuo 4 met\u0173 am\u017eiaus<br \/>\n \t&#8211; \u017daidimas dviems asmenims<br \/>\n \t&#8211; Lavina\u00a0login\u012f m\u0105stym\u0105<br \/>\n \t&#8211; Lengva naudoti<\/p>\n<p>\u017daidimo taisykl\u0117s:<\/p>\n<p> \tPrad\u017eia\u00a0: \u017daid\u0117jai sus\u0117da vienas prie\u0161ais kit\u0105 ir sustato lagaminus taip, kad prie\u0161ininkas nematyt\u0173 kito asmens laiv\u0173 i\u0161d\u0117stymo.<br \/>\n \tLaiv\u0173 i\u0161d\u0117stymas\u00a0: Laivus galima pastatyti vertikaliai arba horizontaliai, bet ne \u012fstri\u017eai. Pasta\u010dius laivus, j\u0173 keisti negalima.<br \/>\n \t\u017daidimo tikslas\u00a0: Laimi \u017eaid\u0117jas, pirmasis paskandin\u0119s visus prie\u0161ininko laivus.<br \/>\n \tSk\u0119stantys laivai\u00a0: Kai prie\u0161ininko laivas nusk\u0119sta, jis perduodamas kitam \u017eaid\u0117jui, kuris j\u012f \u012fdeda \u012f special\u0173 konteiner\u012f lagamine.<\/p>\n<p>Komplekta saturs:<\/p>\n<p> \tDu lagaminai\u00a0: patogu laikyti ir pasiimti su savimi.<br \/>\n \tLaiv\u0173 rinkinys dviem prie\u0161ininkams\u00a0:<\/p>\n<p> \tVienas penki\u0173 stieb\u0173 laivas.<br \/>\n \tVienas keturstiebis laivas.<br \/>\n \tDu trij\u0173 stieb\u0173 laivai.<br \/>\n \tVienas dvistiebis laivas.<\/p>\n<p> \t\u017dym\u0117jimo fig\u016br\u0117l\u0117s\u00a0: Jos naudojamos pataikymams ir nepataikymams lentoje \u017eym\u0117ti.<\/p>\n<p>Izm\u0113ri:<\/p>\n<p> \tLagaminai\u00a0: 15,5 cm x 11 cm.<br \/>\n \tPakuot\u0117\u00a0: 17 cm x 25 cm x 6 cm.<\/p>\n<p>\u017daidimas skirtas dviem \u017eaid\u0117jams\u00a0nuo 4 met\u0173 am\u017eiaus. Visos dalys, tokios kaip lagaminai ir vandens transporto priemon\u0117, yra pagamintos i\u0161 patvaraus, tvirto plastiko. Svarbu tai, kad \u017eaislas\u00a0turi CE sertifikat\u0105\u00a0, o tai rei\u0161kia, kad jis yra saugus \u017emon\u0117ms ir netoksi\u0161kas. M\u0117gaukit\u0117s \u012fdomiais j\u016br\u0173 m\u016b\u0161iais su \u0161iuo \u017eaidimu!<\/p>","protected":false},"excerpt":{"rendered":"<p>Stalo \u017eaidimas \u201eWOOPIE\u00a0MEGA SEA BATTLE\u201c\u00a0\u201eLaivai\u201c\u00a0yra \u017eavus ir priklausomyb\u0119 sukeliantis \u017eaidimas, kur\u012f tiek t\u0117vai, tiek suaugusieji tikrai atpa\u017eins i\u0161 vaikyst\u0117s. \u0160is<\/p>","protected":false},"featured_media":66599,"template":"","meta":{"_acf_changed":false,"_glsr_average":0,"_glsr_ranking":0,"_glsr_reviews":0},"product_brand":[],"product_cat":[445,229],"product_tag":[],"class_list":{"0":"post-90115","1":"product","2":"type-product","3":"status-publish","4":"has-post-thumbnail","6":"product_cat-stalo-zaidimai","7":"product_cat-zaislai-vaikams","8":"\"style=\"background-color: #2ecc711c;\"","10":"first","11":"instock","12":"purchasable","13":"product-type-simple"},"acf":[],"yoast_head":"<!-- This site is optimized with the Yoast SEO plugin v27.3 - https:\/\/yoast.com\/product\/yoast-seo-wordpress\/ -->\n<title>WOOPIE stalo \u017eaidimas pristato MEGA NAVAL BATTLE 4+<\/title>\n<meta name=\"description\" content=\"WOOPIE stalo \u017eaidimas pristato MEGA NAVAL BATTLE 4+ - KidsPlay. Did\u017eiausias vaik\u0173 \u017eaisl\u0173 pasirinkimas.\" \/>\n<meta name=\"robots\" content=\"index, follow, max-snippet:-1, max-image-preview:large, max-video-preview:-1\" \/>\n<link rel=\"canonical\" href=\"https:\/\/kidsplay.lt\/lv\/products\/woopie-stalo-zaidimas-pristato-mega-naval-battle-4\/\" \/>\n<meta property=\"og:locale\" content=\"lv_LV\" \/>\n<meta property=\"og:type\" content=\"article\" \/>\n<meta property=\"og:title\" content=\"WOOPIE stalo \u017eaidimas pristato MEGA NAVAL BATTLE 4+\" \/>\n<meta property=\"og:description\" content=\"WOOPIE stalo \u017eaidimas pristato MEGA NAVAL BATTLE 4+ - KidsPlay. Did\u017eiausias vaik\u0173 \u017eaisl\u0173 pasirinkimas.\" \/>\n<meta property=\"og:url\" content=\"https:\/\/kidsplay.lt\/lv\/products\/woopie-stalo-zaidimas-pristato-mega-naval-battle-4\/\" \/>\n<meta property=\"og:site_name\" content=\"KidsPlay\" \/>\n<meta property=\"article:publisher\" content=\"https:\/\/www.facebook.com\/www.kidsplay.lt\" \/>\n<meta property=\"article:modified_time\" content=\"2026-04-07T07:52:06+00:00\" \/>\n<meta property=\"og:image\" content=\"https:\/\/kidsplay.lt\/wp-content\/uploads\/2025\/09\/WOOPIE-stalo-zaidimas-pristato-MEGA-NAVAL-BATTLE-4.jpg\" \/>\n\t<meta property=\"og:image:width\" content=\"800\" \/>\n\t<meta property=\"og:image:height\" content=\"800\" \/>\n\t<meta property=\"og:image:type\" content=\"image\/jpeg\" \/>\n<meta name=\"twitter:card\" content=\"summary_large_image\" \/>\n<meta name=\"twitter:label1\" content=\"Est. reading time\" \/>\n\t<meta name=\"twitter:data1\" content=\"1 min\u016bte\" \/>\n<script type=\"application\/ld+json\" class=\"yoast-schema-graph\">{\"@context\":\"https:\\\/\\\/schema.org\",\"@graph\":[{\"@type\":\"WebPage\",\"@id\":\"https:\\\/\\\/kidsplay.lt\\\/produktas\\\/woopie-stalo-zaidimas-pristato-mega-naval-battle-4\\\/\",\"url\":\"https:\\\/\\\/kidsplay.lt\\\/produktas\\\/woopie-stalo-zaidimas-pristato-mega-naval-battle-4\\\/\",\"name\":\"WOOPIE stalo \u017eaidimas pristato MEGA NAVAL BATTLE 4+\",\"isPartOf\":{\"@id\":\"https:\\\/\\\/kidsplay.lt\\\/#website\"},\"primaryImageOfPage\":{\"@id\":\"https:\\\/\\\/kidsplay.lt\\\/produktas\\\/woopie-stalo-zaidimas-pristato-mega-naval-battle-4\\\/#primaryimage\"},\"image\":{\"@id\":\"https:\\\/\\\/kidsplay.lt\\\/produktas\\\/woopie-stalo-zaidimas-pristato-mega-naval-battle-4\\\/#primaryimage\"},\"thumbnailUrl\":\"https:\\\/\\\/kidsplay.lt\\\/wp-content\\\/uploads\\\/2025\\\/09\\\/WOOPIE-stalo-zaidimas-pristato-MEGA-NAVAL-BATTLE-4.jpg\",\"datePublished\":\"2026-02-26T07:37:58+00:00\",\"dateModified\":\"2026-04-07T07:52:06+00:00\",\"description\":\"WOOPIE stalo \u017eaidimas pristato MEGA NAVAL BATTLE 4+ - KidsPlay. Did\u017eiausias vaik\u0173 \u017eaisl\u0173 pasirinkimas.\",\"breadcrumb\":{\"@id\":\"https:\\\/\\\/kidsplay.lt\\\/produktas\\\/woopie-stalo-zaidimas-pristato-mega-naval-battle-4\\\/#breadcrumb\"},\"inLanguage\":\"lv-LV\",\"potentialAction\":[{\"@type\":\"ReadAction\",\"target\":[\"https:\\\/\\\/kidsplay.lt\\\/produktas\\\/woopie-stalo-zaidimas-pristato-mega-naval-battle-4\\\/\"]}]},{\"@type\":\"ImageObject\",\"inLanguage\":\"lv-LV\",\"@id\":\"https:\\\/\\\/kidsplay.lt\\\/produktas\\\/woopie-stalo-zaidimas-pristato-mega-naval-battle-4\\\/#primaryimage\",\"url\":\"https:\\\/\\\/kidsplay.lt\\\/wp-content\\\/uploads\\\/2025\\\/09\\\/WOOPIE-stalo-zaidimas-pristato-MEGA-NAVAL-BATTLE-4.jpg\",\"contentUrl\":\"https:\\\/\\\/kidsplay.lt\\\/wp-content\\\/uploads\\\/2025\\\/09\\\/WOOPIE-stalo-zaidimas-pristato-MEGA-NAVAL-BATTLE-4.jpg\",\"width\":800,\"height\":800,\"caption\":\"WOOPIE stalo \u017eaidimas pristato MEGA NAVAL BATTLE 4+\"},{\"@type\":\"BreadcrumbList\",\"@id\":\"https:\\\/\\\/kidsplay.lt\\\/produktas\\\/woopie-stalo-zaidimas-pristato-mega-naval-battle-4\\\/#breadcrumb\",\"itemListElement\":[{\"@type\":\"ListItem\",\"position\":1,\"name\":\"Pagrindinis\",\"item\":\"https:\\\/\\\/kidsplay.lt\\\/\"},{\"@type\":\"ListItem\",\"position\":2,\"name\":\"Parduotuv\u0117\",\"item\":\"https:\\\/\\\/kidsplay.lt\\\/parduotuve\\\/\"},{\"@type\":\"ListItem\",\"position\":3,\"name\":\"WOOPIE stalo \u017eaidimas pristato MEGA NAVAL BATTLE 4+\"}]},{\"@type\":\"WebSite\",\"@id\":\"https:\\\/\\\/kidsplay.lt\\\/#website\",\"url\":\"https:\\\/\\\/kidsplay.lt\\\/\",\"name\":\"Kidsplay.lt\",\"description\":\"\u012evairios prek\u0117s vaikams\",\"publisher\":{\"@id\":\"https:\\\/\\\/kidsplay.lt\\\/#organization\"},\"alternateName\":\"Kidsplay\",\"potentialAction\":[{\"@type\":\"SearchAction\",\"target\":{\"@type\":\"EntryPoint\",\"urlTemplate\":\"https:\\\/\\\/kidsplay.lt\\\/?s={search_term_string}\"},\"query-input\":{\"@type\":\"PropertyValueSpecification\",\"valueRequired\":true,\"valueName\":\"search_term_string\"}}],\"inLanguage\":\"lv-LV\"},{\"@type\":\"Organization\",\"@id\":\"https:\\\/\\\/kidsplay.lt\\\/#organization\",\"name\":\"KidsPlay\",\"url\":\"https:\\\/\\\/kidsplay.lt\\\/\",\"logo\":{\"@type\":\"ImageObject\",\"inLanguage\":\"lv-LV\",\"@id\":\"https:\\\/\\\/kidsplay.lt\\\/#\\\/schema\\\/logo\\\/image\\\/\",\"url\":\"https:\\\/\\\/kidsplay.lt\\\/wp-content\\\/uploads\\\/2023\\\/07\\\/kidsplay-logo.png\",\"contentUrl\":\"https:\\\/\\\/kidsplay.lt\\\/wp-content\\\/uploads\\\/2023\\\/07\\\/kidsplay-logo.png\",\"width\":451,\"height\":98,\"caption\":\"KidsPlay\"},\"image\":{\"@id\":\"https:\\\/\\\/kidsplay.lt\\\/#\\\/schema\\\/logo\\\/image\\\/\"},\"sameAs\":[\"https:\\\/\\\/www.facebook.com\\\/www.kidsplay.lt\"]}]}<\/script>\n<!-- \/ Yoast SEO plugin. -->","yoast_head_json":{"title":"WOOPIE stalo \u017eaidimas pristato MEGA NAVAL BATTLE 4+","description":"WOOPIE stalo \u017eaidimas pristato MEGA NAVAL BATTLE 4+ - KidsPlay. Did\u017eiausias vaik\u0173 \u017eaisl\u0173 pasirinkimas.","robots":{"index":"index","follow":"follow","max-snippet":"max-snippet:-1","max-image-preview":"max-image-preview:large","max-video-preview":"max-video-preview:-1"},"canonical":"https:\/\/kidsplay.lt\/lv\/products\/woopie-stalo-zaidimas-pristato-mega-naval-battle-4\/","og_locale":"lv_LV","og_type":"article","og_title":"WOOPIE stalo \u017eaidimas pristato MEGA NAVAL BATTLE 4+","og_description":"WOOPIE stalo \u017eaidimas pristato MEGA NAVAL BATTLE 4+ - KidsPlay. Did\u017eiausias vaik\u0173 \u017eaisl\u0173 pasirinkimas.","og_url":"https:\/\/kidsplay.lt\/lv\/products\/woopie-stalo-zaidimas-pristato-mega-naval-battle-4\/","og_site_name":"KidsPlay","article_publisher":"https:\/\/www.facebook.com\/www.kidsplay.lt","article_modified_time":"2026-04-07T07:52:06+00:00","og_image":[{"width":800,"height":800,"url":"https:\/\/kidsplay.lt\/wp-content\/uploads\/2025\/09\/WOOPIE-stalo-zaidimas-pristato-MEGA-NAVAL-BATTLE-4.jpg","type":"image\/jpeg"}],"twitter_card":"summary_large_image","twitter_misc":{"Est. reading time":"1 min\u016bte"},"schema":{"@context":"https:\/\/schema.org","@graph":[{"@type":"WebPage","@id":"https:\/\/kidsplay.lt\/produktas\/woopie-stalo-zaidimas-pristato-mega-naval-battle-4\/","url":"https:\/\/kidsplay.lt\/produktas\/woopie-stalo-zaidimas-pristato-mega-naval-battle-4\/","name":"WOOPIE stalo \u017eaidimas pristato MEGA NAVAL BATTLE 4+","isPartOf":{"@id":"https:\/\/kidsplay.lt\/#website"},"primaryImageOfPage":{"@id":"https:\/\/kidsplay.lt\/produktas\/woopie-stalo-zaidimas-pristato-mega-naval-battle-4\/#primaryimage"},"image":{"@id":"https:\/\/kidsplay.lt\/produktas\/woopie-stalo-zaidimas-pristato-mega-naval-battle-4\/#primaryimage"},"thumbnailUrl":"https:\/\/kidsplay.lt\/wp-content\/uploads\/2025\/09\/WOOPIE-stalo-zaidimas-pristato-MEGA-NAVAL-BATTLE-4.jpg","datePublished":"2026-02-26T07:37:58+00:00","dateModified":"2026-04-07T07:52:06+00:00","description":"WOOPIE stalo \u017eaidimas pristato MEGA NAVAL BATTLE 4+ - KidsPlay. Did\u017eiausias vaik\u0173 \u017eaisl\u0173 pasirinkimas.","breadcrumb":{"@id":"https:\/\/kidsplay.lt\/produktas\/woopie-stalo-zaidimas-pristato-mega-naval-battle-4\/#breadcrumb"},"inLanguage":"lv-LV","potentialAction":[{"@type":"ReadAction","target":["https:\/\/kidsplay.lt\/produktas\/woopie-stalo-zaidimas-pristato-mega-naval-battle-4\/"]}]},{"@type":"ImageObject","inLanguage":"lv-LV","@id":"https:\/\/kidsplay.lt\/produktas\/woopie-stalo-zaidimas-pristato-mega-naval-battle-4\/#primaryimage","url":"https:\/\/kidsplay.lt\/wp-content\/uploads\/2025\/09\/WOOPIE-stalo-zaidimas-pristato-MEGA-NAVAL-BATTLE-4.jpg","contentUrl":"https:\/\/kidsplay.lt\/wp-content\/uploads\/2025\/09\/WOOPIE-stalo-zaidimas-pristato-MEGA-NAVAL-BATTLE-4.jpg","width":800,"height":800,"caption":"WOOPIE stalo \u017eaidimas pristato MEGA NAVAL BATTLE 4+"},{"@type":"BreadcrumbList","@id":"https:\/\/kidsplay.lt\/produktas\/woopie-stalo-zaidimas-pristato-mega-naval-battle-4\/#breadcrumb","itemListElement":[{"@type":"ListItem","position":1,"name":"Pagrindinis","item":"https:\/\/kidsplay.lt\/"},{"@type":"ListItem","position":2,"name":"Parduotuv\u0117","item":"https:\/\/kidsplay.lt\/parduotuve\/"},{"@type":"ListItem","position":3,"name":"WOOPIE stalo \u017eaidimas pristato MEGA NAVAL BATTLE 4+"}]},{"@type":"WebSite","@id":"https:\/\/kidsplay.lt\/#website","url":"https:\/\/kidsplay.lt\/","name":"B\u0113rnu sp\u0113les.lv","description":"\u012evairios prek\u0117s vaikams","publisher":{"@id":"https:\/\/kidsplay.lt\/#organization"},"alternateName":"Kidsplay","potentialAction":[{"@type":"SearchAction","target":{"@type":"EntryPoint","urlTemplate":"https:\/\/kidsplay.lt\/?s={search_term_string}"},"query-input":{"@type":"PropertyValueSpecification","valueRequired":true,"valueName":"search_term_string"}}],"inLanguage":"lv-LV"},{"@type":"Organization","@id":"https:\/\/kidsplay.lt\/#organization","name":"B\u0113rnu sp\u0113le","url":"https:\/\/kidsplay.lt\/","logo":{"@type":"ImageObject","inLanguage":"lv-LV","@id":"https:\/\/kidsplay.lt\/#\/schema\/logo\/image\/","url":"https:\/\/kidsplay.lt\/wp-content\/uploads\/2023\/07\/kidsplay-logo.png","contentUrl":"https:\/\/kidsplay.lt\/wp-content\/uploads\/2023\/07\/kidsplay-logo.png","width":451,"height":98,"caption":"KidsPlay"},"image":{"@id":"https:\/\/kidsplay.lt\/#\/schema\/logo\/image\/"},"sameAs":["https:\/\/www.facebook.com\/www.kidsplay.lt"]}]}},"_links":{"self":[{"href":"https:\/\/kidsplay.lt\/lv\/wp-json\/wp\/v2\/product\/90115","targetHints":{"allow":["GET"]}}],"collection":[{"href":"https:\/\/kidsplay.lt\/lv\/wp-json\/wp\/v2\/product"}],"about":[{"href":"https:\/\/kidsplay.lt\/lv\/wp-json\/wp\/v2\/types\/product"}],"version-history":[{"count":1,"href":"https:\/\/kidsplay.lt\/lv\/wp-json\/wp\/v2\/product\/90115\/revisions"}],"predecessor-version":[{"id":90116,"href":"https:\/\/kidsplay.lt\/lv\/wp-json\/wp\/v2\/product\/90115\/revisions\/90116"}],"wp:featuredmedia":[{"embeddable":true,"href":"https:\/\/kidsplay.lt\/lv\/wp-json\/wp\/v2\/media\/66599"}],"wp:attachment":[{"href":"https:\/\/kidsplay.lt\/lv\/wp-json\/wp\/v2\/media?parent=90115"}],"wp:term":[{"taxonomy":"product_brand","embeddable":true,"href":"https:\/\/kidsplay.lt\/lv\/wp-json\/wp\/v2\/product_brand?post=90115"},{"taxonomy":"product_cat","embeddable":true,"href":"https:\/\/kidsplay.lt\/lv\/wp-json\/wp\/v2\/product_cat?post=90115"},{"taxonomy":"product_tag","embeddable":true,"href":"https:\/\/kidsplay.lt\/lv\/wp-json\/wp\/v2\/product_tag?post=90115"}],"curies":[{"name":"wp","href":"https:\/\/api.w.org\/{rel}","templated":true}]}}