{"id":90124,"date":"2026-02-26T09:38:07","date_gmt":"2026-02-26T07:38:07","guid":{"rendered":"https:\/\/kidsplay.lt\/produktas\/zaidimas-visciukai-vistideje\/"},"modified":"2026-04-07T10:52:13","modified_gmt":"2026-04-07T07:52:13","slug":"zaidimas-visciukai-vistideje","status":"publish","type":"product","link":"https:\/\/kidsplay.lt\/lv\/products\/zaidimas-visciukai-vistideje\/","title":{"rendered":"\u017daidimas vi\u0161\u010diukai vi\u0161tid\u0117j\u0117"},"content":{"rendered":"<p>WOOPIE\u00a0prek\u0117s \u017eenklo \u201eExploding Hen House\u201c arkadinis \u017eaidimas\u00a0yra jaudinantis vakar\u0117li\u0173 \u017eaidimas, kuriame \u017eaid\u0117jai atsitiktinai padeda spalvingus vi\u0161\u010diukus ant vi\u0161tid\u0117s stogo, pasirinkdami spalvas kauliukais. Vi\u0161\u010diukas gali\u00a0netik\u0117tai\u00a0\u00a0sprogti\u00a0, o \u017eaid\u0117jas, kuris tuo metu laiko kauliuk\u0105, turi surinkti vi\u0161\u010diukus.<\/p>\n<p>Charakteristika:<\/p>\n<p> \t&#8211; \u017eaidimas vaikams nuo 3 met\u0173,<br \/>\n \t&#8211; keli\u0173 \u017eaid\u0117j\u0173, galimyb\u0117 \u017eaisti nuo 2 iki 4 \u017emoni\u0173,<br \/>\n \t&#8211; lavina aki\u0173-rank\u0173 koordinacij\u0105.<\/p>\n<p>\u017daidimo taisykl\u0117s:<\/p>\n<p> \t&#8211; Prie\u0161 prad\u0117dami \u017eaidim\u0105, pastatykite vi\u0161tid\u0119 \u012f stalo vidur\u012f ir paspauskite stog\u0105. Vi\u0161\u010diukai yra suskirstyti \u012f skirtingas spalvas ir atsitiktinai paskirstomi \u017eaid\u0117jams taip, kad kiekvienas \u017eaid\u0117jas tur\u0117t\u0173 vienod\u0105 kiek\u012f vi\u0161\u010diuk\u0173.<br \/>\n \t&#8211;\u00a0\u00a0\u017daidime mesti special\u0173 kauliuk\u0105, kuriame n\u0117ra spalv\u0173, o \u0161ios spalvos atitinka vi\u0161\u010diuk\u0173 spalvas. Kai \u017eaid\u0117jas pie\u0161ia spalv\u0105, jis turi greitai pad\u0117ti atitinkamos spalvos vi\u0161\u010diuk\u0105 ant vi\u0161tid\u0117s stogo.<br \/>\n \t\u2013\u00a0Tada judesys perkeliamas kitam dalyviui. Visi \u017eaid\u0117jai turi veikti greitai, nes vi\u0161tid\u0117 gali staiga sprogti, o \u017eaid\u0117jas, laikantis kauliuk\u0105, turi i\u0161gelb\u0117ti tris vi\u0161\u010diukus, kurie atsiduria jo baseine.<br \/>\n \t&#8211; Laimi tas \u017eaid\u0117jas, kuris pirmasis\u00a0pastato savo vi\u0161\u010diukus ant vi\u0161tid\u0117s stogo .<\/p>\n<p>Komplekt\u0101 ietilpst:<\/p>\n<p> \tSprogstamoji vi\u0161tid\u0117,<br \/>\n \tKubas,<br \/>\n \t6 m\u0117lynos vi\u0161tos,<br \/>\n \t6 \u017ealios vi\u0161tos,<br \/>\n \t6 violetin\u0117s spalvos vi\u0161\u010diukai,<br \/>\n \t6 raudonos vi\u0161tos,<br \/>\n \t6 juodos vi\u0161tos,<br \/>\n \t6 geltonos vi\u0161tos.<\/p>","protected":false},"excerpt":{"rendered":"<p>WOOPIE\u00a0prek\u0117s \u017eenklo \u201eExploding Hen House\u201c arkadinis \u017eaidimas\u00a0yra jaudinantis vakar\u0117li\u0173 \u017eaidimas, kuriame \u017eaid\u0117jai atsitiktinai padeda spalvingus vi\u0161\u010diukus ant vi\u0161tid\u0117s stogo, pasirinkdami<\/p>","protected":false},"featured_media":51349,"template":"","meta":{"_acf_changed":false,"_glsr_average":0,"_glsr_ranking":0,"_glsr_reviews":0},"product_brand":[],"product_cat":[445,229],"product_tag":[],"class_list":{"0":"post-90124","1":"product","2":"type-product","3":"status-publish","4":"has-post-thumbnail","6":"product_cat-stalo-zaidimai","7":"product_cat-zaislai-vaikams","8":"\"style=\"background-color: #2ecc711c;\"","10":"first","11":"instock","12":"purchasable","13":"product-type-simple"},"acf":[],"yoast_head":"<!-- This site is optimized with the Yoast SEO plugin v27.3 - https:\/\/yoast.com\/product\/yoast-seo-wordpress\/ -->\n<title>\u017daidimas vi\u0161\u010diukai vi\u0161tid\u0117j\u0117<\/title>\n<meta name=\"description\" content=\"\u017daidimas vi\u0161\u010diukai vi\u0161tid\u0117j\u0117 - KidsPlay. Did\u017eiausias vaik\u0173 \u017eaisl\u0173 pasirinkimas.\" \/>\n<meta name=\"robots\" content=\"index, follow, max-snippet:-1, max-image-preview:large, max-video-preview:-1\" \/>\n<link rel=\"canonical\" href=\"https:\/\/kidsplay.lt\/lv\/products\/zaidimas-visciukai-vistideje\/\" \/>\n<meta property=\"og:locale\" content=\"lv_LV\" \/>\n<meta property=\"og:type\" content=\"article\" \/>\n<meta property=\"og:title\" content=\"\u017daidimas vi\u0161\u010diukai vi\u0161tid\u0117j\u0117\" \/>\n<meta property=\"og:description\" content=\"\u017daidimas vi\u0161\u010diukai vi\u0161tid\u0117j\u0117 - KidsPlay. Did\u017eiausias vaik\u0173 \u017eaisl\u0173 pasirinkimas.\" \/>\n<meta property=\"og:url\" content=\"https:\/\/kidsplay.lt\/lv\/products\/zaidimas-visciukai-vistideje\/\" \/>\n<meta property=\"og:site_name\" content=\"KidsPlay\" \/>\n<meta property=\"article:publisher\" content=\"https:\/\/www.facebook.com\/www.kidsplay.lt\" \/>\n<meta property=\"article:modified_time\" content=\"2026-04-07T07:52:13+00:00\" \/>\n<meta property=\"og:image\" content=\"https:\/\/kidsplay.lt\/wp-content\/uploads\/2024\/09\/Zaidimas-visciukai-vistideje-4.jpg\" \/>\n\t<meta property=\"og:image:width\" content=\"1000\" \/>\n\t<meta property=\"og:image:height\" content=\"1000\" \/>\n\t<meta property=\"og:image:type\" content=\"image\/jpeg\" \/>\n<meta name=\"twitter:card\" content=\"summary_large_image\" \/>\n<meta name=\"twitter:label1\" content=\"Est. reading time\" \/>\n\t<meta name=\"twitter:data1\" content=\"1 min\u016bte\" \/>\n<script type=\"application\/ld+json\" class=\"yoast-schema-graph\">{\"@context\":\"https:\\\/\\\/schema.org\",\"@graph\":[{\"@type\":\"WebPage\",\"@id\":\"https:\\\/\\\/kidsplay.lt\\\/produktas\\\/zaidimas-visciukai-vistideje\\\/\",\"url\":\"https:\\\/\\\/kidsplay.lt\\\/produktas\\\/zaidimas-visciukai-vistideje\\\/\",\"name\":\"\u017daidimas vi\u0161\u010diukai vi\u0161tid\u0117j\u0117\",\"isPartOf\":{\"@id\":\"https:\\\/\\\/kidsplay.lt\\\/#website\"},\"primaryImageOfPage\":{\"@id\":\"https:\\\/\\\/kidsplay.lt\\\/produktas\\\/zaidimas-visciukai-vistideje\\\/#primaryimage\"},\"image\":{\"@id\":\"https:\\\/\\\/kidsplay.lt\\\/produktas\\\/zaidimas-visciukai-vistideje\\\/#primaryimage\"},\"thumbnailUrl\":\"https:\\\/\\\/kidsplay.lt\\\/wp-content\\\/uploads\\\/2024\\\/09\\\/Zaidimas-visciukai-vistideje-4.jpg\",\"datePublished\":\"2026-02-26T07:38:07+00:00\",\"dateModified\":\"2026-04-07T07:52:13+00:00\",\"description\":\"\u017daidimas vi\u0161\u010diukai vi\u0161tid\u0117j\u0117 - KidsPlay. Did\u017eiausias vaik\u0173 \u017eaisl\u0173 pasirinkimas.\",\"breadcrumb\":{\"@id\":\"https:\\\/\\\/kidsplay.lt\\\/produktas\\\/zaidimas-visciukai-vistideje\\\/#breadcrumb\"},\"inLanguage\":\"lv-LV\",\"potentialAction\":[{\"@type\":\"ReadAction\",\"target\":[\"https:\\\/\\\/kidsplay.lt\\\/produktas\\\/zaidimas-visciukai-vistideje\\\/\"]}]},{\"@type\":\"ImageObject\",\"inLanguage\":\"lv-LV\",\"@id\":\"https:\\\/\\\/kidsplay.lt\\\/produktas\\\/zaidimas-visciukai-vistideje\\\/#primaryimage\",\"url\":\"https:\\\/\\\/kidsplay.lt\\\/wp-content\\\/uploads\\\/2024\\\/09\\\/Zaidimas-visciukai-vistideje-4.jpg\",\"contentUrl\":\"https:\\\/\\\/kidsplay.lt\\\/wp-content\\\/uploads\\\/2024\\\/09\\\/Zaidimas-visciukai-vistideje-4.jpg\",\"width\":1000,\"height\":1000,\"caption\":\"\u017daidimas vi\u0161\u010diukai vi\u0161tid\u0117j\u0117\"},{\"@type\":\"BreadcrumbList\",\"@id\":\"https:\\\/\\\/kidsplay.lt\\\/produktas\\\/zaidimas-visciukai-vistideje\\\/#breadcrumb\",\"itemListElement\":[{\"@type\":\"ListItem\",\"position\":1,\"name\":\"Pagrindinis\",\"item\":\"https:\\\/\\\/kidsplay.lt\\\/\"},{\"@type\":\"ListItem\",\"position\":2,\"name\":\"Parduotuv\u0117\",\"item\":\"https:\\\/\\\/kidsplay.lt\\\/parduotuve\\\/\"},{\"@type\":\"ListItem\",\"position\":3,\"name\":\"\u017daidimas vi\u0161\u010diukai vi\u0161tid\u0117j\u0117\"}]},{\"@type\":\"WebSite\",\"@id\":\"https:\\\/\\\/kidsplay.lt\\\/#website\",\"url\":\"https:\\\/\\\/kidsplay.lt\\\/\",\"name\":\"Kidsplay.lt\",\"description\":\"\u012evairios prek\u0117s vaikams\",\"publisher\":{\"@id\":\"https:\\\/\\\/kidsplay.lt\\\/#organization\"},\"alternateName\":\"Kidsplay\",\"potentialAction\":[{\"@type\":\"SearchAction\",\"target\":{\"@type\":\"EntryPoint\",\"urlTemplate\":\"https:\\\/\\\/kidsplay.lt\\\/?s={search_term_string}\"},\"query-input\":{\"@type\":\"PropertyValueSpecification\",\"valueRequired\":true,\"valueName\":\"search_term_string\"}}],\"inLanguage\":\"lv-LV\"},{\"@type\":\"Organization\",\"@id\":\"https:\\\/\\\/kidsplay.lt\\\/#organization\",\"name\":\"KidsPlay\",\"url\":\"https:\\\/\\\/kidsplay.lt\\\/\",\"logo\":{\"@type\":\"ImageObject\",\"inLanguage\":\"lv-LV\",\"@id\":\"https:\\\/\\\/kidsplay.lt\\\/#\\\/schema\\\/logo\\\/image\\\/\",\"url\":\"https:\\\/\\\/kidsplay.lt\\\/wp-content\\\/uploads\\\/2023\\\/07\\\/kidsplay-logo.png\",\"contentUrl\":\"https:\\\/\\\/kidsplay.lt\\\/wp-content\\\/uploads\\\/2023\\\/07\\\/kidsplay-logo.png\",\"width\":451,\"height\":98,\"caption\":\"KidsPlay\"},\"image\":{\"@id\":\"https:\\\/\\\/kidsplay.lt\\\/#\\\/schema\\\/logo\\\/image\\\/\"},\"sameAs\":[\"https:\\\/\\\/www.facebook.com\\\/www.kidsplay.lt\"]}]}<\/script>\n<!-- \/ Yoast SEO plugin. -->","yoast_head_json":{"title":"\u017daidimas vi\u0161\u010diukai vi\u0161tid\u0117j\u0117","description":"\u017daidimas vi\u0161\u010diukai vi\u0161tid\u0117j\u0117 - KidsPlay. Did\u017eiausias vaik\u0173 \u017eaisl\u0173 pasirinkimas.","robots":{"index":"index","follow":"follow","max-snippet":"max-snippet:-1","max-image-preview":"max-image-preview:large","max-video-preview":"max-video-preview:-1"},"canonical":"https:\/\/kidsplay.lt\/lv\/products\/zaidimas-visciukai-vistideje\/","og_locale":"lv_LV","og_type":"article","og_title":"\u017daidimas vi\u0161\u010diukai vi\u0161tid\u0117j\u0117","og_description":"\u017daidimas vi\u0161\u010diukai vi\u0161tid\u0117j\u0117 - KidsPlay. Did\u017eiausias vaik\u0173 \u017eaisl\u0173 pasirinkimas.","og_url":"https:\/\/kidsplay.lt\/lv\/products\/zaidimas-visciukai-vistideje\/","og_site_name":"KidsPlay","article_publisher":"https:\/\/www.facebook.com\/www.kidsplay.lt","article_modified_time":"2026-04-07T07:52:13+00:00","og_image":[{"width":1000,"height":1000,"url":"https:\/\/kidsplay.lt\/wp-content\/uploads\/2024\/09\/Zaidimas-visciukai-vistideje-4.jpg","type":"image\/jpeg"}],"twitter_card":"summary_large_image","twitter_misc":{"Est. reading time":"1 min\u016bte"},"schema":{"@context":"https:\/\/schema.org","@graph":[{"@type":"WebPage","@id":"https:\/\/kidsplay.lt\/produktas\/zaidimas-visciukai-vistideje\/","url":"https:\/\/kidsplay.lt\/produktas\/zaidimas-visciukai-vistideje\/","name":"\u017daidimas vi\u0161\u010diukai vi\u0161tid\u0117j\u0117","isPartOf":{"@id":"https:\/\/kidsplay.lt\/#website"},"primaryImageOfPage":{"@id":"https:\/\/kidsplay.lt\/produktas\/zaidimas-visciukai-vistideje\/#primaryimage"},"image":{"@id":"https:\/\/kidsplay.lt\/produktas\/zaidimas-visciukai-vistideje\/#primaryimage"},"thumbnailUrl":"https:\/\/kidsplay.lt\/wp-content\/uploads\/2024\/09\/Zaidimas-visciukai-vistideje-4.jpg","datePublished":"2026-02-26T07:38:07+00:00","dateModified":"2026-04-07T07:52:13+00:00","description":"\u017daidimas vi\u0161\u010diukai vi\u0161tid\u0117j\u0117 - KidsPlay. Did\u017eiausias vaik\u0173 \u017eaisl\u0173 pasirinkimas.","breadcrumb":{"@id":"https:\/\/kidsplay.lt\/produktas\/zaidimas-visciukai-vistideje\/#breadcrumb"},"inLanguage":"lv-LV","potentialAction":[{"@type":"ReadAction","target":["https:\/\/kidsplay.lt\/produktas\/zaidimas-visciukai-vistideje\/"]}]},{"@type":"ImageObject","inLanguage":"lv-LV","@id":"https:\/\/kidsplay.lt\/produktas\/zaidimas-visciukai-vistideje\/#primaryimage","url":"https:\/\/kidsplay.lt\/wp-content\/uploads\/2024\/09\/Zaidimas-visciukai-vistideje-4.jpg","contentUrl":"https:\/\/kidsplay.lt\/wp-content\/uploads\/2024\/09\/Zaidimas-visciukai-vistideje-4.jpg","width":1000,"height":1000,"caption":"\u017daidimas vi\u0161\u010diukai vi\u0161tid\u0117j\u0117"},{"@type":"BreadcrumbList","@id":"https:\/\/kidsplay.lt\/produktas\/zaidimas-visciukai-vistideje\/#breadcrumb","itemListElement":[{"@type":"ListItem","position":1,"name":"Pagrindinis","item":"https:\/\/kidsplay.lt\/"},{"@type":"ListItem","position":2,"name":"Parduotuv\u0117","item":"https:\/\/kidsplay.lt\/parduotuve\/"},{"@type":"ListItem","position":3,"name":"\u017daidimas vi\u0161\u010diukai vi\u0161tid\u0117j\u0117"}]},{"@type":"WebSite","@id":"https:\/\/kidsplay.lt\/#website","url":"https:\/\/kidsplay.lt\/","name":"B\u0113rnu sp\u0113les.lv","description":"\u012evairios prek\u0117s vaikams","publisher":{"@id":"https:\/\/kidsplay.lt\/#organization"},"alternateName":"Kidsplay","potentialAction":[{"@type":"SearchAction","target":{"@type":"EntryPoint","urlTemplate":"https:\/\/kidsplay.lt\/?s={search_term_string}"},"query-input":{"@type":"PropertyValueSpecification","valueRequired":true,"valueName":"search_term_string"}}],"inLanguage":"lv-LV"},{"@type":"Organization","@id":"https:\/\/kidsplay.lt\/#organization","name":"B\u0113rnu sp\u0113le","url":"https:\/\/kidsplay.lt\/","logo":{"@type":"ImageObject","inLanguage":"lv-LV","@id":"https:\/\/kidsplay.lt\/#\/schema\/logo\/image\/","url":"https:\/\/kidsplay.lt\/wp-content\/uploads\/2023\/07\/kidsplay-logo.png","contentUrl":"https:\/\/kidsplay.lt\/wp-content\/uploads\/2023\/07\/kidsplay-logo.png","width":451,"height":98,"caption":"KidsPlay"},"image":{"@id":"https:\/\/kidsplay.lt\/#\/schema\/logo\/image\/"},"sameAs":["https:\/\/www.facebook.com\/www.kidsplay.lt"]}]}},"_links":{"self":[{"href":"https:\/\/kidsplay.lt\/lv\/wp-json\/wp\/v2\/product\/90124","targetHints":{"allow":["GET"]}}],"collection":[{"href":"https:\/\/kidsplay.lt\/lv\/wp-json\/wp\/v2\/product"}],"about":[{"href":"https:\/\/kidsplay.lt\/lv\/wp-json\/wp\/v2\/types\/product"}],"version-history":[{"count":1,"href":"https:\/\/kidsplay.lt\/lv\/wp-json\/wp\/v2\/product\/90124\/revisions"}],"predecessor-version":[{"id":90125,"href":"https:\/\/kidsplay.lt\/lv\/wp-json\/wp\/v2\/product\/90124\/revisions\/90125"}],"wp:featuredmedia":[{"embeddable":true,"href":"https:\/\/kidsplay.lt\/lv\/wp-json\/wp\/v2\/media\/51349"}],"wp:attachment":[{"href":"https:\/\/kidsplay.lt\/lv\/wp-json\/wp\/v2\/media?parent=90124"}],"wp:term":[{"taxonomy":"product_brand","embeddable":true,"href":"https:\/\/kidsplay.lt\/lv\/wp-json\/wp\/v2\/product_brand?post=90124"},{"taxonomy":"product_cat","embeddable":true,"href":"https:\/\/kidsplay.lt\/lv\/wp-json\/wp\/v2\/product_cat?post=90124"},{"taxonomy":"product_tag","embeddable":true,"href":"https:\/\/kidsplay.lt\/lv\/wp-json\/wp\/v2\/product_tag?post=90124"}],"curies":[{"name":"wp","href":"https:\/\/api.w.org\/{rel}","templated":true}]}}