{"id":90126,"date":"2026-02-26T09:38:10","date_gmt":"2026-02-26T07:38:10","guid":{"rendered":"https:\/\/kidsplay.lt\/produktas\/woopie-kodo-lauzymo-delione-melyna\/"},"modified":"2026-04-07T10:52:16","modified_gmt":"2026-04-07T07:52:16","slug":"woopie-kodo-lauzymo-delione-melyna","status":"publish","type":"product","link":"https:\/\/kidsplay.lt\/lv\/product\/woopie-kodo-lauzymo-delione-melyna\/","title":{"rendered":"WOOPIE kodo lau\u017eymo d\u0117lion\u0117 m\u0117lyna"},"content":{"rendered":"<p>Klasikinis \u201eWOOPIE\u201c\u00a0\u017eaidimo\u00a0\u201eCodebreaker\u201c\u00a0loginis \u017eaidimas\u00a0\u00a0yra stalo \u017eaidimas\u00a0dviem \u017eaid\u0117jams\u00a0, kuriame vienas \u017eaid\u0117jas turi atsp\u0117ti pasl\u0117pt\u0105 kod\u0105 per kuo ma\u017eiau bandym\u0173. D\u0117l daugyb\u0117s detali\u0173 \u017eaidimas si\u016blo daug galim\u0173 ra\u0161t\u0173, tod\u0117l jis greitai netaps nuobodus. \u0160is smagus, miklumu paremtas \u017eaidimas skatina vaik\u0173 vystym\u0105si\u00a0keliais lygmenimis vienu metu\u00a0. Jis lavina\u00a0spalv\u0173 atpa\u017einim\u0105\u00a0,\u00a0aki\u0173 ir rank\u0173 koordinacij\u0105\u00a0bei\u00a0bendravimo\u00a0\u012fg\u016bd\u017eius . \u017daidimui reikia susikaupimo ir loginio m\u0105stymo. Vienas efektyviausi\u0173 b\u016bd\u0173 lavinti vaik\u0173 tarpasmeninius \u012fg\u016bd\u017eius yra \u017eaisti \u012fvairius \u017eaidimus su artimaisiais. \u0160is \u017eaidimas puikiai derina pramogas su mokymusi.<\/p>\n<p>Rakstur\u012bgs:<\/p>\n<p> \t&#8211;\u00a0\u00a0\u017eaidimas skirtas dviem \u017emon\u0117ms,<br \/>\n \t&#8211; \u017eaislas vaikams\u00a0nuo 3 met\u0173 am\u017eiaus<br \/>\n \t&#8211; rinkin\u012f sudaro\u00a0\u017eaidimo lenta\u00a0ir\u00a0262 \u017eymekliai<br \/>\n \t&#8211; galimyb\u0117 \u017eaisti su t\u0117vais, broliais ir seserimis ar draugais.<\/p>\n<p>\u017daislas vystosi\u00a0:<\/p>\n<p> \t&#8211; loginis m\u0105stymas<br \/>\n \t&#8211; \u012fsiminimas<br \/>\n \t&#8211; mokytis spalv\u0173<br \/>\n \t&#8211; noras konkuruoti<br \/>\n \t&#8211; smulkiosios motorikos \u012fg\u016bd\u017eiai<br \/>\n \t&#8211; koncentracija<\/p>\n<p>Gaminio matmenys\u00a0: 15 x 35 x 3 (cm)<\/p>","protected":false},"excerpt":{"rendered":"<p>Klasikinis \u201eWOOPIE\u201c\u00a0\u017eaidimo\u00a0\u201eCodebreaker\u201c\u00a0loginis \u017eaidimas\u00a0\u00a0yra stalo \u017eaidimas\u00a0dviem \u017eaid\u0117jams\u00a0, kuriame vienas \u017eaid\u0117jas turi atsp\u0117ti pasl\u0117pt\u0105 kod\u0105 per kuo ma\u017eiau bandym\u0173. D\u0117l daugyb\u0117s detali\u0173<\/p>","protected":false},"featured_media":66618,"template":"","meta":{"_acf_changed":false,"_glsr_average":0,"_glsr_ranking":0,"_glsr_reviews":0},"product_brand":[],"product_cat":[445,229],"product_tag":[],"class_list":{"0":"post-90126","1":"product","2":"type-product","3":"status-publish","4":"has-post-thumbnail","6":"product_cat-stalo-zaidimai","7":"product_cat-zaislai-vaikams","8":"\"style=\"background-color: #2ecc711c;\"","10":"first","11":"instock","12":"purchasable","13":"product-type-simple"},"acf":[],"yoast_head":"<!-- This site is optimized with the Yoast SEO plugin v27.3 - https:\/\/yoast.com\/product\/yoast-seo-wordpress\/ -->\n<title>WOOPIE kodo lau\u017eymo d\u0117lion\u0117 m\u0117lyna<\/title>\n<meta name=\"description\" content=\"WOOPIE kodo lau\u017eymo d\u0117lion\u0117 m\u0117lyna - KidsPlay. Did\u017eiausias vaik\u0173 \u017eaisl\u0173 pasirinkimas.\" \/>\n<meta name=\"robots\" content=\"index, follow, max-snippet:-1, max-image-preview:large, max-video-preview:-1\" \/>\n<link rel=\"canonical\" href=\"https:\/\/kidsplay.lt\/lv\/product\/woopie-kodo-lauzymo-delione-melyna\/\" \/>\n<meta property=\"og:locale\" content=\"lv_LV\" \/>\n<meta property=\"og:type\" content=\"article\" \/>\n<meta property=\"og:title\" content=\"WOOPIE kodo lau\u017eymo d\u0117lion\u0117 m\u0117lyna\" \/>\n<meta property=\"og:description\" content=\"WOOPIE kodo lau\u017eymo d\u0117lion\u0117 m\u0117lyna - KidsPlay. Did\u017eiausias vaik\u0173 \u017eaisl\u0173 pasirinkimas.\" \/>\n<meta property=\"og:url\" content=\"https:\/\/kidsplay.lt\/lv\/product\/woopie-kodo-lauzymo-delione-melyna\/\" \/>\n<meta property=\"og:site_name\" content=\"KidsPlay\" \/>\n<meta property=\"article:publisher\" content=\"https:\/\/www.facebook.com\/www.kidsplay.lt\" \/>\n<meta property=\"article:modified_time\" content=\"2026-04-07T07:52:16+00:00\" \/>\n<meta property=\"og:image\" content=\"https:\/\/kidsplay.lt\/wp-content\/uploads\/2025\/09\/WOOPIE-kodo-lauzymo-delione-melyna.jpg\" \/>\n\t<meta property=\"og:image:width\" content=\"1000\" \/>\n\t<meta property=\"og:image:height\" content=\"1000\" \/>\n\t<meta property=\"og:image:type\" content=\"image\/jpeg\" \/>\n<meta name=\"twitter:card\" content=\"summary_large_image\" \/>\n<meta name=\"twitter:label1\" content=\"Est. reading time\" \/>\n\t<meta name=\"twitter:data1\" content=\"1 min\u016bte\" \/>\n<script type=\"application\/ld+json\" class=\"yoast-schema-graph\">{\"@context\":\"https:\\\/\\\/schema.org\",\"@graph\":[{\"@type\":\"WebPage\",\"@id\":\"https:\\\/\\\/kidsplay.lt\\\/produktas\\\/woopie-kodo-lauzymo-delione-melyna\\\/\",\"url\":\"https:\\\/\\\/kidsplay.lt\\\/produktas\\\/woopie-kodo-lauzymo-delione-melyna\\\/\",\"name\":\"WOOPIE kodo lau\u017eymo d\u0117lion\u0117 m\u0117lyna\",\"isPartOf\":{\"@id\":\"https:\\\/\\\/kidsplay.lt\\\/#website\"},\"primaryImageOfPage\":{\"@id\":\"https:\\\/\\\/kidsplay.lt\\\/produktas\\\/woopie-kodo-lauzymo-delione-melyna\\\/#primaryimage\"},\"image\":{\"@id\":\"https:\\\/\\\/kidsplay.lt\\\/produktas\\\/woopie-kodo-lauzymo-delione-melyna\\\/#primaryimage\"},\"thumbnailUrl\":\"https:\\\/\\\/kidsplay.lt\\\/wp-content\\\/uploads\\\/2025\\\/09\\\/WOOPIE-kodo-lauzymo-delione-melyna.jpg\",\"datePublished\":\"2026-02-26T07:38:10+00:00\",\"dateModified\":\"2026-04-07T07:52:16+00:00\",\"description\":\"WOOPIE kodo lau\u017eymo d\u0117lion\u0117 m\u0117lyna - KidsPlay. Did\u017eiausias vaik\u0173 \u017eaisl\u0173 pasirinkimas.\",\"breadcrumb\":{\"@id\":\"https:\\\/\\\/kidsplay.lt\\\/produktas\\\/woopie-kodo-lauzymo-delione-melyna\\\/#breadcrumb\"},\"inLanguage\":\"lv-LV\",\"potentialAction\":[{\"@type\":\"ReadAction\",\"target\":[\"https:\\\/\\\/kidsplay.lt\\\/produktas\\\/woopie-kodo-lauzymo-delione-melyna\\\/\"]}]},{\"@type\":\"ImageObject\",\"inLanguage\":\"lv-LV\",\"@id\":\"https:\\\/\\\/kidsplay.lt\\\/produktas\\\/woopie-kodo-lauzymo-delione-melyna\\\/#primaryimage\",\"url\":\"https:\\\/\\\/kidsplay.lt\\\/wp-content\\\/uploads\\\/2025\\\/09\\\/WOOPIE-kodo-lauzymo-delione-melyna.jpg\",\"contentUrl\":\"https:\\\/\\\/kidsplay.lt\\\/wp-content\\\/uploads\\\/2025\\\/09\\\/WOOPIE-kodo-lauzymo-delione-melyna.jpg\",\"width\":1000,\"height\":1000,\"caption\":\"WOOPIE kodo lau\u017eymo d\u0117lion\u0117 m\u0117lyna\"},{\"@type\":\"BreadcrumbList\",\"@id\":\"https:\\\/\\\/kidsplay.lt\\\/produktas\\\/woopie-kodo-lauzymo-delione-melyna\\\/#breadcrumb\",\"itemListElement\":[{\"@type\":\"ListItem\",\"position\":1,\"name\":\"Pagrindinis\",\"item\":\"https:\\\/\\\/kidsplay.lt\\\/\"},{\"@type\":\"ListItem\",\"position\":2,\"name\":\"Parduotuv\u0117\",\"item\":\"https:\\\/\\\/kidsplay.lt\\\/parduotuve\\\/\"},{\"@type\":\"ListItem\",\"position\":3,\"name\":\"WOOPIE kodo lau\u017eymo d\u0117lion\u0117 m\u0117lyna\"}]},{\"@type\":\"WebSite\",\"@id\":\"https:\\\/\\\/kidsplay.lt\\\/#website\",\"url\":\"https:\\\/\\\/kidsplay.lt\\\/\",\"name\":\"Kidsplay.lt\",\"description\":\"\u012evairios prek\u0117s vaikams\",\"publisher\":{\"@id\":\"https:\\\/\\\/kidsplay.lt\\\/#organization\"},\"alternateName\":\"Kidsplay\",\"potentialAction\":[{\"@type\":\"SearchAction\",\"target\":{\"@type\":\"EntryPoint\",\"urlTemplate\":\"https:\\\/\\\/kidsplay.lt\\\/?s={search_term_string}\"},\"query-input\":{\"@type\":\"PropertyValueSpecification\",\"valueRequired\":true,\"valueName\":\"search_term_string\"}}],\"inLanguage\":\"lv-LV\"},{\"@type\":\"Organization\",\"@id\":\"https:\\\/\\\/kidsplay.lt\\\/#organization\",\"name\":\"KidsPlay\",\"url\":\"https:\\\/\\\/kidsplay.lt\\\/\",\"logo\":{\"@type\":\"ImageObject\",\"inLanguage\":\"lv-LV\",\"@id\":\"https:\\\/\\\/kidsplay.lt\\\/#\\\/schema\\\/logo\\\/image\\\/\",\"url\":\"https:\\\/\\\/kidsplay.lt\\\/wp-content\\\/uploads\\\/2023\\\/07\\\/kidsplay-logo.png\",\"contentUrl\":\"https:\\\/\\\/kidsplay.lt\\\/wp-content\\\/uploads\\\/2023\\\/07\\\/kidsplay-logo.png\",\"width\":451,\"height\":98,\"caption\":\"KidsPlay\"},\"image\":{\"@id\":\"https:\\\/\\\/kidsplay.lt\\\/#\\\/schema\\\/logo\\\/image\\\/\"},\"sameAs\":[\"https:\\\/\\\/www.facebook.com\\\/www.kidsplay.lt\"]}]}<\/script>\n<!-- \/ Yoast SEO plugin. -->","yoast_head_json":{"title":"WOOPIE kodo lau\u017eymo d\u0117lion\u0117 m\u0117lyna","description":"WOOPIE kodo lau\u017eymo d\u0117lion\u0117 m\u0117lyna - KidsPlay. Did\u017eiausias vaik\u0173 \u017eaisl\u0173 pasirinkimas.","robots":{"index":"index","follow":"follow","max-snippet":"max-snippet:-1","max-image-preview":"max-image-preview:large","max-video-preview":"max-video-preview:-1"},"canonical":"https:\/\/kidsplay.lt\/lv\/product\/woopie-kodo-lauzymo-delione-melyna\/","og_locale":"lv_LV","og_type":"article","og_title":"WOOPIE kodo lau\u017eymo d\u0117lion\u0117 m\u0117lyna","og_description":"WOOPIE kodo lau\u017eymo d\u0117lion\u0117 m\u0117lyna - KidsPlay. Did\u017eiausias vaik\u0173 \u017eaisl\u0173 pasirinkimas.","og_url":"https:\/\/kidsplay.lt\/lv\/product\/woopie-kodo-lauzymo-delione-melyna\/","og_site_name":"KidsPlay","article_publisher":"https:\/\/www.facebook.com\/www.kidsplay.lt","article_modified_time":"2026-04-07T07:52:16+00:00","og_image":[{"width":1000,"height":1000,"url":"https:\/\/kidsplay.lt\/wp-content\/uploads\/2025\/09\/WOOPIE-kodo-lauzymo-delione-melyna.jpg","type":"image\/jpeg"}],"twitter_card":"summary_large_image","twitter_misc":{"Est. reading time":"1 min\u016bte"},"schema":{"@context":"https:\/\/schema.org","@graph":[{"@type":"WebPage","@id":"https:\/\/kidsplay.lt\/produktas\/woopie-kodo-lauzymo-delione-melyna\/","url":"https:\/\/kidsplay.lt\/produktas\/woopie-kodo-lauzymo-delione-melyna\/","name":"WOOPIE kodo lau\u017eymo d\u0117lion\u0117 m\u0117lyna","isPartOf":{"@id":"https:\/\/kidsplay.lt\/#website"},"primaryImageOfPage":{"@id":"https:\/\/kidsplay.lt\/produktas\/woopie-kodo-lauzymo-delione-melyna\/#primaryimage"},"image":{"@id":"https:\/\/kidsplay.lt\/produktas\/woopie-kodo-lauzymo-delione-melyna\/#primaryimage"},"thumbnailUrl":"https:\/\/kidsplay.lt\/wp-content\/uploads\/2025\/09\/WOOPIE-kodo-lauzymo-delione-melyna.jpg","datePublished":"2026-02-26T07:38:10+00:00","dateModified":"2026-04-07T07:52:16+00:00","description":"WOOPIE kodo lau\u017eymo d\u0117lion\u0117 m\u0117lyna - KidsPlay. Did\u017eiausias vaik\u0173 \u017eaisl\u0173 pasirinkimas.","breadcrumb":{"@id":"https:\/\/kidsplay.lt\/produktas\/woopie-kodo-lauzymo-delione-melyna\/#breadcrumb"},"inLanguage":"lv-LV","potentialAction":[{"@type":"ReadAction","target":["https:\/\/kidsplay.lt\/produktas\/woopie-kodo-lauzymo-delione-melyna\/"]}]},{"@type":"ImageObject","inLanguage":"lv-LV","@id":"https:\/\/kidsplay.lt\/produktas\/woopie-kodo-lauzymo-delione-melyna\/#primaryimage","url":"https:\/\/kidsplay.lt\/wp-content\/uploads\/2025\/09\/WOOPIE-kodo-lauzymo-delione-melyna.jpg","contentUrl":"https:\/\/kidsplay.lt\/wp-content\/uploads\/2025\/09\/WOOPIE-kodo-lauzymo-delione-melyna.jpg","width":1000,"height":1000,"caption":"WOOPIE kodo lau\u017eymo d\u0117lion\u0117 m\u0117lyna"},{"@type":"BreadcrumbList","@id":"https:\/\/kidsplay.lt\/produktas\/woopie-kodo-lauzymo-delione-melyna\/#breadcrumb","itemListElement":[{"@type":"ListItem","position":1,"name":"Pagrindinis","item":"https:\/\/kidsplay.lt\/"},{"@type":"ListItem","position":2,"name":"Parduotuv\u0117","item":"https:\/\/kidsplay.lt\/parduotuve\/"},{"@type":"ListItem","position":3,"name":"WOOPIE kodo lau\u017eymo d\u0117lion\u0117 m\u0117lyna"}]},{"@type":"WebSite","@id":"https:\/\/kidsplay.lt\/#website","url":"https:\/\/kidsplay.lt\/","name":"B\u0113rnu sp\u0113les.lv","description":"\u012evairios prek\u0117s vaikams","publisher":{"@id":"https:\/\/kidsplay.lt\/#organization"},"alternateName":"Kidsplay","potentialAction":[{"@type":"SearchAction","target":{"@type":"EntryPoint","urlTemplate":"https:\/\/kidsplay.lt\/?s={search_term_string}"},"query-input":{"@type":"PropertyValueSpecification","valueRequired":true,"valueName":"search_term_string"}}],"inLanguage":"lv-LV"},{"@type":"Organization","@id":"https:\/\/kidsplay.lt\/#organization","name":"B\u0113rnu sp\u0113le","url":"https:\/\/kidsplay.lt\/","logo":{"@type":"ImageObject","inLanguage":"lv-LV","@id":"https:\/\/kidsplay.lt\/#\/schema\/logo\/image\/","url":"https:\/\/kidsplay.lt\/wp-content\/uploads\/2023\/07\/kidsplay-logo.png","contentUrl":"https:\/\/kidsplay.lt\/wp-content\/uploads\/2023\/07\/kidsplay-logo.png","width":451,"height":98,"caption":"KidsPlay"},"image":{"@id":"https:\/\/kidsplay.lt\/#\/schema\/logo\/image\/"},"sameAs":["https:\/\/www.facebook.com\/www.kidsplay.lt"]}]}},"_links":{"self":[{"href":"https:\/\/kidsplay.lt\/lv\/wp-json\/wp\/v2\/product\/90126","targetHints":{"allow":["GET"]}}],"collection":[{"href":"https:\/\/kidsplay.lt\/lv\/wp-json\/wp\/v2\/product"}],"about":[{"href":"https:\/\/kidsplay.lt\/lv\/wp-json\/wp\/v2\/types\/product"}],"version-history":[{"count":1,"href":"https:\/\/kidsplay.lt\/lv\/wp-json\/wp\/v2\/product\/90126\/revisions"}],"predecessor-version":[{"id":90127,"href":"https:\/\/kidsplay.lt\/lv\/wp-json\/wp\/v2\/product\/90126\/revisions\/90127"}],"wp:featuredmedia":[{"embeddable":true,"href":"https:\/\/kidsplay.lt\/lv\/wp-json\/wp\/v2\/media\/66618"}],"wp:attachment":[{"href":"https:\/\/kidsplay.lt\/lv\/wp-json\/wp\/v2\/media?parent=90126"}],"wp:term":[{"taxonomy":"product_brand","embeddable":true,"href":"https:\/\/kidsplay.lt\/lv\/wp-json\/wp\/v2\/product_brand?post=90126"},{"taxonomy":"product_cat","embeddable":true,"href":"https:\/\/kidsplay.lt\/lv\/wp-json\/wp\/v2\/product_cat?post=90126"},{"taxonomy":"product_tag","embeddable":true,"href":"https:\/\/kidsplay.lt\/lv\/wp-json\/wp\/v2\/product_tag?post=90126"}],"curies":[{"name":"wp","href":"https:\/\/api.w.org\/{rel}","templated":true}]}}